{"id":187,"date":"2020-08-24T07:21:44","date_gmt":"2020-08-24T07:21:44","guid":{"rendered":"https:\/\/taizypackaging.com\/?p=187"},"modified":"2024-07-16T17:37:40","modified_gmt":"2024-07-16T09:37:40","slug":"candy-packing-machine","status":"publish","type":"product","link":"https:\/\/taizypackaging.com\/tr\/candy-packing-machine\/","title":{"rendered":"\u015eeker Paketleme Makinas\u0131"},"content":{"rendered":"<div class=\"kk-star-ratings kksr-auto kksr-align-left kksr-valign-top\"     data-payload='{&quot;align&quot;:&quot;left&quot;,&quot;id&quot;:&quot;187&quot;,&quot;slug&quot;:&quot;default&quot;,&quot;valign&quot;:&quot;top&quot;,&quot;ignore&quot;:&quot;&quot;,&quot;reference&quot;:&quot;auto&quot;,&quot;class&quot;:&quot;&quot;,&quot;count&quot;:&quot;25&quot;,&quot;legendonly&quot;:&quot;&quot;,&quot;readonly&quot;:&quot;&quot;,&quot;score&quot;:&quot;4.6&quot;,&quot;starsonly&quot;:&quot;&quot;,&quot;best&quot;:&quot;5&quot;,&quot;gap&quot;:&quot;5&quot;,&quot;greet&quot;:&quot;Rate this product&quot;,&quot;legend&quot;:&quot;4.6\\\/5 - (25 votes)&quot;,&quot;size&quot;:&quot;24&quot;,&quot;title&quot;:&quot;Candy Packing Machine&quot;,&quot;width&quot;:&quot;130.9&quot;,&quot;_legend&quot;:&quot;{score}\\\/{best} - ({count} {votes})&quot;,&quot;font_factor&quot;:&quot;1.25&quot;}'>              <div class=\"kksr-stars\">      <div class=\"kksr-stars-inactive\">             <div class=\"kksr-star\" data-star=\"1\" style=\"padding-right: 5px\">               <div class=\"kksr-icon\" style=\"width: 24px; height: 24px;\"><\/div>         <\/div>             <div class=\"kksr-star\" data-star=\"2\" style=\"padding-right: 5px\">               <div class=\"kksr-icon\" style=\"width: 24px; height: 24px;\"><\/div>         <\/div>             <div class=\"kksr-star\" data-star=\"3\" style=\"padding-right: 5px\">               <div class=\"kksr-icon\" style=\"width: 24px; height: 24px;\"><\/div>         <\/div>             <div class=\"kksr-star\" data-star=\"4\" style=\"padding-right: 5px\">               <div class=\"kksr-icon\" style=\"width: 24px; height: 24px;\"><\/div>         <\/div>             <div class=\"kksr-star\" data-star=\"5\" style=\"padding-right: 5px\">               <div class=\"kksr-icon\" style=\"width: 24px; height: 24px;\"><\/div>         <\/div>     <\/div>      <div class=\"kksr-stars-active\" style=\"width: 130.9px;\">             <div class=\"kksr-star\" style=\"padding-right: 5px\">               <div class=\"kksr-icon\" style=\"width: 24px; height: 24px;\"><\/div>         <\/div>             <div class=\"kksr-star\" style=\"padding-right: 5px\">               <div class=\"kksr-icon\" style=\"width: 24px; height: 24px;\"><\/div>         <\/div>             <div class=\"kksr-star\" style=\"padding-right: 5px\">               <div class=\"kksr-icon\" style=\"width: 24px; height: 24px;\"><\/div>         <\/div>             <div class=\"kksr-star\" style=\"padding-right: 5px\">               <div class=\"kksr-icon\" style=\"width: 24px; height: 24px;\"><\/div>         <\/div>             <div class=\"kksr-star\" style=\"padding-right: 5px\">               <div class=\"kksr-icon\" style=\"width: 24px; height: 24px;\"><\/div>         <\/div>     <\/div> <\/div>                   <div class=\"kksr-legend\" style=\"font-size: 19.2px;\">             4.6\/5 - (25 oy)    <\/div>     <\/div>  <p class=\"translation-block\"><strong>\u015eeker paketleme makinesi<\/strong> bir t\u00fcr yatay ak\u0131\u015f paketleme makinesidir. Y\u00fcksek verimlilik, y\u00fcksek do\u011fruluk ve kolay kullan\u0131m \u00f6zelliklerine sahiptir. Konvey\u00f6r sistemi, servo motor ve geli\u015fmi\u015f kontrol sistemi ile sarma, s\u0131zd\u0131rmazl\u0131k ve kesme i\u015flemlerini otomatik olarak tamamlayabilir. Bu nedenle, otomatik bir \u015feker paketleme makinesi kesinlikle verimlili\u011finizi art\u0131rabilir ve maliyetten tasarruf etmenizi sa\u011flayabilir. \u00c7in'de \u00f6nde gelen bir paketleme makinesi \u00fcreticisi olarak, d\u00fcnya \u00e7ap\u0131ndaki m\u00fc\u015fterilerimize m\u00fckemmel \u015feker paketleme \u00e7\u00f6z\u00fcmleri sunuyoruz. \u0130lginiz var m\u0131? En iyi fiyat teklifi i\u00e7in bize e-posta g\u00f6nderin veya bizi aray\u0131n. <\/p>   <figure class=\"wp-block-embed-youtube wp-block-embed is-type-video is-provider-youtube wp-embed-aspect-16-9 wp-has-aspect-ratio\"><div class=\"lyte-wrapper fourthree\" title=\"Otomatik Ekmek\/ S\u00fct Tabletleri\/ \u00c7ikolata\/ \u015eehriye\/ Makarna\/ Sebze\/ \u015eeker Paketleme Makinesi\" style=\"width:960px;max-width:100%;margin:5px auto;\"><div class=\"lyMe hidef\" id=\"WYL_ky0B3I2mrVM\" itemprop=\"video\" itemscope itemtype=\"https:\/\/schema.org\/VideoObject\"><div><meta itemprop=\"thumbnailUrl\" content=\"https:\/\/taizypackaging.com\/wp-content\/plugins\/wp-youtube-lyte\/lyteCache.php?origThumbUrl=https%3A%2F%2Fi.ytimg.com%2Fvi%2Fky0B3I2mrVM%2Fhqdefault.jpg\" \/><meta itemprop=\"embedURL\" content=\"https:\/\/www.youtube.com\/embed\/ky0B3I2mrVM\" \/><meta itemprop=\"duration\" content=\"PT4M42S\" \/><meta itemprop=\"uploadDate\" content=\"2020-09-25T03:30:06Z\" \/><\/div><div id=\"lyte_ky0B3I2mrVM\" data-src=\"https:\/\/taizypackaging.com\/wp-content\/plugins\/wp-youtube-lyte\/lyteCache.php?origThumbUrl=https%3A%2F%2Fi.ytimg.com%2Fvi%2Fky0B3I2mrVM%2Fhqdefault.jpg\" class=\"pL\"><div class=\"tC\"><div class=\"tT\" itemprop=\"name\">Otomatik Ekmek\/ S\u00fct Tabletleri\/ \u00c7ikolata\/ \u015eehriye\/ Makarna\/ Sebze\/ \u015eeker Paketleme Makinesi<\/div><\/div><div class=\"play\"><\/div><div class=\"ctrl\"><div class=\"Lctrl\"><\/div><div class=\"Rctrl\"><\/div><\/div><\/div><noscript><a href=\"https:\/\/youtu.be\/ky0B3I2mrVM\" rel=\"nofollow noopener\" target=\"_blank\"><img loading=\"lazy\" decoding=\"async\" src=\"https:\/\/taizypackaging.com\/wp-content\/plugins\/wp-youtube-lyte\/lyteCache.php?origThumbUrl=https%3A%2F%2Fi.ytimg.com%2Fvi%2Fky0B3I2mrVM%2F0.jpg\" alt=\"Otomatik Ekmek\/ S\u00fct Tabletleri\/ \u00c7ikolata\/ \u015eehriye\/ Makarna\/ Sebze\/ \u015eeker Paketleme Makinesi\" width=\"960\" height=\"700\" \/><br \/>Bu videoyu YouTube'da izleyin<\/a><\/noscript><meta itemprop=\"description\" content=\"Website for More details: https:\/\/taizypackaging.com\/ Food packaging machine: https:\/\/www.youtube.com\/watchv=R77RQ1DBtjc&amp;t=107s Tea Packaging Machine: https:\/\/www.youtube.com\/watch?v=HtHDwv_bSE8 WhatsApp for factory price: https:\/\/wa.me\/17320158259 Shown in the video are all packaging samples. The machine can not only pack the materials in the video, but also pack a lot. At the same time we also produced coffee packaging machine, spice packaging machine, juice packaging machine, biscuit packaging machine, cookie packaging machine, meat packaging machine, etc.\"><\/div><\/div><div class=\"lL\" style=\"max-width:100%;width:960px;margin:5px auto;\"><\/div><figcaption><\/figcaption><\/figure>   <h2 class=\"wp-block-heading\" id=\"what-is-candy-wrapping-machine\">\u015eeker sarma makinas\u0131 nedir? <\/h2>    <p>\u015eeker sarma makinesi veya \u015feker paketleme makinesi bir t\u00fcr yast\u0131k paketleme makinesidir. \u015eeker \u00fcretim hatt\u0131n\u0131n sarma, m\u00fch\u00fcrleme ve kesme i\u015flemlerini tamamlayabilir. Yast\u0131k tipi paketleme makinesi \u015fekerin yan\u0131 s\u0131ra bisk\u00fcvi, ekmek, unlu mamuller, gofret, sabun, y\u00fcz maskesi, y\u00fcz ka\u011f\u0131tlar\u0131, \u0131slak mendil vb. bir\u00e7ok g\u0131dan\u0131n paketlenmesinde de uygulanabilmektedir. ula\u015f\u0131m sistemi. Kolay kullan\u0131m\u0131 ve ak\u0131ll\u0131 kontrol sistemi ile g\u0131da fabrikan\u0131z\u0131n verimlili\u011fini b\u00fcy\u00fck \u00f6l\u00e7\u00fcde art\u0131rabilir. <\/p>    <h2 class=\"wp-block-heading\" id=\"h-applications-of-the-horizontal-packaging-machine\">Yatay sarma makinesinin uygulamalar\u0131<\/h2>    <p>TZ-450 yatay paketleme makinesi, yatay makinenin bir modelidir. Maksimum film geni\u015fli\u011fi 250 mm olan malzemelerin ambalajlanmas\u0131 i\u00e7in uygundur. Ayr\u0131nt\u0131l\u0131 teknik parametreler pasaj\u0131n sonunda g\u00f6sterilmektedir. \u015eeker paketleme makinesinin \u015feker paketleme, \u00e7ikolata paketleme, tek kullan\u0131ml\u0131k sofra tak\u0131m\u0131 paketleme, \u015f\u0131r\u0131nga paketleme, maske paketleme vb. alanlarda geni\u015f uygulamalar\u0131 vard\u0131r. \u00dcr\u00fcn\u00fcn\u00fcz\u00fcn boyutuna g\u00f6re do\u011fru modeli se\u00e7ebilirsiniz.<\/p>    <figure class=\"wp-block-image size-large\"><img decoding=\"async\" src=\"https:\/\/taizypackaging.com\/wp-content\/uploads\/2020\/08\/candy-packing-and-syringe-packaging.jpg\" alt=\"\u015feker paketleme ve \u015f\u0131r\u0131nga paketleme\" class=\"wp-image-1778\"\/><figcaption class=\"wp-element-caption\">\u015feker paketleme ve \u015f\u0131r\u0131nga paketleme<\/figcaption><\/figure>    <h2 class=\"wp-block-heading\" id=\"h-types-of-candy-packing-machines-for-sale\">Sat\u0131l\u0131k \u015feker paketleme makineleri \u00e7e\u015fitleri <\/h2>    <p>\u015eeker paketleme makinesinin rulo filmi i\u00e7in \u00fcstten besleme ve alttan besleme olmak \u00fczere iki ta\u015f\u0131ma modu vard\u0131r. Rulo film, \u00fcst besleyici i\u00e7in makinenin \u00fcst k\u0131sm\u0131ndad\u0131r, ilkine ince ayar yap\u0131labilir ve dikey kesici makinenin i\u00e7indedir. A\u015fa\u011f\u0131 beslemeli ka\u011f\u0131t paketleme makinesi, film rulosu makinenin alt\u0131ndad\u0131r ve eski ayarlanamaz. Kesme geni\u015fli\u011fini de\u011fi\u015ftirmek i\u00e7in farkl\u0131 \u015fekillendiriciler sat\u0131n alabilirsiniz. Farkl\u0131 yast\u0131k paketleme makineleri, farkl\u0131 \u00fcr\u00fcnler i\u00e7in idealdir. Kaliteli ve rekabet\u00e7i paketleme makinesi fiyat\u0131 ile \u015feker paketleme makinelerimiz t\u00fcm d\u00fcnyada olduk\u00e7a pop\u00fclerdir. <\/p>    <figure class=\"wp-block-image size-large\"><img decoding=\"async\" src=\"https:\/\/taizypackaging.com\/wp-content\/uploads\/2021\/05\/horizontal-packing-machine.jpg\" alt=\"yatay paketleme makinesi\" class=\"wp-image-1665\"\/><figcaption class=\"wp-element-caption\">yatay paketleme makinesi<\/figcaption><\/figure>    <h2 class=\"wp-block-heading\" id=\"h-the-structure-feature-of-the-candy-packing-machine\">\u015eeker paketleme makinesinin yap\u0131 \u00f6zelli\u011fi<\/h2>    <ol class=\"wp-block-list\" type=\"1\"> <li>Besleme platformu paslanmaz \u00e7elikten yap\u0131lm\u0131\u015ft\u0131r. Bu malzeme dayan\u0131kl\u0131d\u0131r.<\/li>    <li>Tek b\u0131\u00e7akl\u0131, \u00e7ift b\u0131\u00e7akl\u0131, \u00fc\u00e7 b\u0131\u00e7akl\u0131 kesim ile donat\u0131labilir.<\/li>    <li>Ekran, parametrelerin ayarlanmas\u0131n\u0131 kolay ve h\u0131zl\u0131 hale getirir. \u0130ngilizce kontrol platformunu benimser. <\/li>    <li>Y\u00fcksek hassasiyetli imle\u00e7 takibi ve m\u00fch\u00fcrlemenin dijital giri\u015fi, m\u00fch\u00fcrleme ve kesme pozisyonunu daha do\u011fru hale getirir.<\/li>    <li>\u0130letim sistemi basittir ve i\u015flem daha g\u00fcvenilirdir. Ayr\u0131ca bak\u0131m\u0131 da daha uygundur.<\/li>    <li>Bu \u015feker paketleme makinesi \u00e7ok y\u00f6nl\u00fcd\u00fcr. Farkl\u0131 alanlardaki \u00fcr\u00fcnleri paketleyebilir.<\/li> <\/ol>    <figure class=\"wp-block-image size-large\"><img decoding=\"async\" src=\"https:\/\/taizypackaging.com\/wp-content\/uploads\/2020\/08\/Pillow-type-Packaging-Machine-1-2.jpg\" alt=\"yast\u0131k tipi paketleme makinesi\" class=\"wp-image-1256\"\/><figcaption class=\"wp-element-caption\">yast\u0131k tipi paketleme makinesi<\/figcaption><\/figure>    <h2 class=\"wp-block-heading\" id=\"h-the-performance-advantages-of-the-candy-packaging-machine\">\u015eeker paketleme makinesinin performans avantajlar\u0131<\/h2>    <ol class=\"wp-block-list\" type=\"1\"> <li>Farkl\u0131 boyutlardaki nesneler, farkl\u0131 kal\u0131plar de\u011fi\u015ftirilerek paketlenebilir.<\/li>    <li>Kesici h\u0131z\u0131 ayarlanabilir. Kontrol ekran\u0131ndaki parametreleri ayarlayarak kesici h\u0131z\u0131n\u0131 ayarlayabilirsiniz.<\/li>    <li>Kesici h\u0131z\u0131 ayarlanabilir ve kesme s\u0131cakl\u0131\u011f\u0131 ba\u011f\u0131ms\u0131z bir PID kontrol ekran\u0131 ile kontrol edilir. \u00c7e\u015fitli ambalaj malzemeleri i\u00e7in uygundur.<\/li>    <li>Eski k\u0131sm\u0131 ayarlayarak paket geni\u015fli\u011fini de\u011fi\u015ftirebilirsiniz.<\/li> <\/ol>    <figure class=\"wp-block-image size-large\"><img decoding=\"async\" src=\"https:\/\/taizypackaging.com\/wp-content\/uploads\/2020\/08\/components-of-the-candy-packing-machine.jpg\" alt=\"\u015feker paketleme makinesinin bile\u015fenleri\" class=\"wp-image-1794\"\/><figcaption class=\"wp-element-caption\">\u015feker paketleme makinesinin bile\u015fenleri<\/figcaption><\/figure>    <h2 class=\"wp-block-heading\" id=\"package-style\">Paket stili<\/h2>    <figure class=\"wp-block-image size-large\"><img decoding=\"async\" src=\"https:\/\/taizypackaging.com\/wp-content\/uploads\/2020\/08\/pillow-type-packing-machine-1.jpg\" alt=\"yast\u0131k tipi paketleme makinesi\" class=\"wp-image-852\"\/><figcaption class=\"wp-element-caption\">yast\u0131k tipi paketleme makinesi<\/figcaption><\/figure>    <h2 class=\"wp-block-heading\" id=\"h-q-a\">Soru-Cevap<\/h2>    <div class=\"schema-faq wp-block-yoast-faq-block\"><div class=\"schema-faq-section\" id=\"faq-question-1616468169204\"><strong class=\"schema-faq-question\">1. Ka\u00e7 tane paketleme y\u00f6ntemi var?<\/strong> <p class=\"schema-faq-answer\">Yast\u0131k tipi paketleme makinesi yaln\u0131zca arkadan m\u00fch\u00fcrleme yapabilir.<\/p> <\/div> <div class=\"schema-faq-section\" id=\"faq-question-1616468188611\"><strong class=\"schema-faq-question\">2. \u015eekillendirici ayarlanabilir mi?<\/strong> <p class=\"schema-faq-answer\">Hay\u0131r, farkl\u0131 boyutlardaki nesneleri \u015fekillendiriciyi de\u011fi\u015ftirerek paketlemek m\u00fcmk\u00fcnd\u00fcr.<\/p> <\/div> <div class=\"schema-faq-section\" id=\"faq-question-1616468252884\"><strong class=\"schema-faq-question\">3. Sat\u0131n al\u0131rsam bu makineyi nas\u0131l b\u00f6l\u00fcp g\u00f6nderebilirim?<\/strong> <p class=\"schema-faq-answer\">Genellikle iki par\u00e7a halinde teslim edilir.<\/p> <\/div> <div class=\"schema-faq-section\" id=\"faq-question-1616468264004\"><strong class=\"schema-faq-question\">4. Ne t\u00fcr paketleme makineleri sat\u0131yorsunuz?<\/strong> <p class=\"schema-faq-answer\">Ayr\u0131ca yast\u0131k vakum paketleme makinemiz, \u015feker yast\u0131k paketleme makinemiz, yatay yast\u0131k paketleme makinemiz vb.<\/p> <\/div> <div class=\"schema-faq-section\" id=\"faq-question-1616468276012\"><strong class=\"schema-faq-question\">5. M\u00fc\u015fteri motoru se\u00e7ebilir mi?<\/strong> <p class=\"schema-faq-answer\">Evet yapabilir. S\u0131radan motorlar\u0131n yan\u0131 s\u0131ra servo motorlar da se\u00e7ilebilmektedir. Yast\u0131k tipi paketleme makinesi servo motorla donat\u0131lm\u0131\u015ft\u0131r, b\u00f6ylece malzemenin uzunlu\u011funu otomatik olarak alg\u0131layabilir. Ve daha sonra malzemeyi alg\u0131lad\u0131ktan sonra kesilecektir. Malzemeler gelmedi\u011finde ambalaj filmi ve kesici \u00e7al\u0131\u015fmayacak ve israf\u0131n \u00f6n\u00fcne ge\u00e7ilecektir. Servo motorlar s\u0131radan motorlara g\u00f6re daha pahal\u0131d\u0131r.<\/p> <\/div> <\/div>    <h2 class=\"wp-block-heading\" id=\"h-the-working-video-of-the-horizontal-flow-wrapping-packaging-machine\">Yatay ak\u0131\u015fl\u0131 sarma paketleme makinesinin \u00e7al\u0131\u015fma videosu<\/h2>    <h2 class=\"wp-block-heading\" id=\"h-technical-parameter-of-the-candy-packing-machine\">&nbsp;\u015eeker paketleme makinesinin teknik parametresi<\/h2>    <figure class=\"wp-block-table\"><table><tbody><tr><td>Film Geni\u015fli\u011fi<\/td><td>Maksimum 250 mm<\/td><\/tr><tr><td>\u00c7anta uzunlu\u011fu<\/td><td>45-220mm<\/td><\/tr><tr><td>\u00c7anta Geni\u015fli\u011fi<\/td><td>30-110mm<\/td><\/tr><tr><td>\u00dcr\u00fcn Y\u00fcksekli\u011fi<\/td><td>Maks.40 mm<\/td><\/tr><tr><td>Kapasite<\/td><td>40-330 torba\/dak<\/td><\/tr><tr><td>G\u00fc\u00e7<\/td><td>2,4 kW<\/td><\/tr><tr><td>A\u011f\u0131rl\u0131k<\/td><td>800 kg<\/td><\/tr><tr><td>Boyut<\/td><td>3770*670*1450 mm<\/td><\/tr><tr><td>Not<\/td><td>\u00f6zelle\u015ftirebilmek<\/td><\/tr><\/tbody><\/table><\/figure>    <h2 class=\"wp-block-heading\" id=\"h-contact-us-to-start-your-business\">\u0130\u015finizi ba\u015flatmak i\u00e7in bizimle ileti\u015fime ge\u00e7in<\/h2>    <p>\u015eeker paketleme makinesi yast\u0131k tipi paketleme makinesini ifade eder. End\u00fcstriyel \u00fcretimdeki b\u00fcy\u00fck uygulamalar\u0131 nedeniyle \u015firketimizde s\u0131cak bir \u00fcr\u00fcnd\u00fcr. Yast\u0131k sarma makinelerini her y\u0131l 30 \u00fclke ve b\u00f6lgeye ba\u015far\u0131yla ihra\u00e7 ediyoruz. Rekabet\u00e7i fiyat\u0131 ve iyi sat\u0131\u015f sonras\u0131 hizmetiyle Taizy paketleme makineleri d\u00fcnya \u00e7ap\u0131ndaki m\u00fc\u015fterilerimiz taraf\u0131ndan b\u00fcy\u00fck be\u011feni topluyor. Projenize fayda sa\u011flayacak g\u00fcvenilir bir paketleme makinesi \u00fcreticisi mi ar\u0131yorsunuz? \u0130htiya\u00e7lar\u0131n\u0131z\u0131 a\u015fa\u011f\u0131ya b\u0131rak\u0131n, birka\u00e7 saat i\u00e7inde size geri d\u00f6nece\u011fiz.<\/p>","protected":false},"excerpt":{"rendered":"<p>Candy packing machine is a type of horizontal flow wrapping machine. It has the features of high efficiency, high accuracy, and easy operation. With a conveyor system, servo motor, and advanced control system, it can automatically complete the process of wrapping, sealing, and cutting. Therefore, an automatic candy packaging machine can definitely enhance your productivity [&hellip;]<\/p>\n","protected":false},"author":1,"featured_media":4147,"parent":0,"template":"","tags":[88,609,555,556],"product-type":[664],"class_list":["post-187","product","type-product","status-publish","has-post-thumbnail","hentry","tag-candy","tag-candy-packaging","tag-candy-packing-machine","tag-candy-wrapping-machine","product-type-horizontal-flow-wrapping-machines"],"_links":{"self":[{"href":"https:\/\/taizypackaging.com\/tr\/wp-json\/wp\/v2\/product\/187","targetHints":{"allow":["GET"]}}],"collection":[{"href":"https:\/\/taizypackaging.com\/tr\/wp-json\/wp\/v2\/product"}],"about":[{"href":"https:\/\/taizypackaging.com\/tr\/wp-json\/wp\/v2\/types\/product"}],"author":[{"embeddable":true,"href":"https:\/\/taizypackaging.com\/tr\/wp-json\/wp\/v2\/users\/1"}],"wp:featuredmedia":[{"embeddable":true,"href":"https:\/\/taizypackaging.com\/tr\/wp-json\/wp\/v2\/media\/4147"}],"wp:attachment":[{"href":"https:\/\/taizypackaging.com\/tr\/wp-json\/wp\/v2\/media?parent=187"}],"wp:term":[{"taxonomy":"post_tag","embeddable":true,"href":"https:\/\/taizypackaging.com\/tr\/wp-json\/wp\/v2\/tags?post=187"},{"taxonomy":"product-type","embeddable":true,"href":"https:\/\/taizypackaging.com\/tr\/wp-json\/wp\/v2\/product-type?post=187"}],"curies":[{"name":"wp","href":"https:\/\/api.w.org\/{rel}","templated":true}]}}