{"id":1882,"date":"2021-05-21T08:46:25","date_gmt":"2021-05-21T08:46:25","guid":{"rendered":"https:\/\/taizypackaging.com\/?p=1882"},"modified":"2024-01-17T16:13:45","modified_gmt":"2024-01-17T08:13:45","slug":"spice-packing-machine","status":"publish","type":"product","link":"https:\/\/taizypackaging.com\/tr\/spice-packing-machine\/","title":{"rendered":"Baharat Paketleme Makinas\u0131"},"content":{"rendered":"<div class=\"kk-star-ratings kksr-auto kksr-align-left kksr-valign-top\"     data-payload='{&quot;align&quot;:&quot;left&quot;,&quot;id&quot;:&quot;1882&quot;,&quot;slug&quot;:&quot;default&quot;,&quot;valign&quot;:&quot;top&quot;,&quot;ignore&quot;:&quot;&quot;,&quot;reference&quot;:&quot;auto&quot;,&quot;class&quot;:&quot;&quot;,&quot;count&quot;:&quot;16&quot;,&quot;legendonly&quot;:&quot;&quot;,&quot;readonly&quot;:&quot;&quot;,&quot;score&quot;:&quot;4.9&quot;,&quot;starsonly&quot;:&quot;&quot;,&quot;best&quot;:&quot;5&quot;,&quot;gap&quot;:&quot;5&quot;,&quot;greet&quot;:&quot;Rate this product&quot;,&quot;legend&quot;:&quot;4.9\\\/5 - (16 votes)&quot;,&quot;size&quot;:&quot;24&quot;,&quot;title&quot;:&quot;Spice Packing Machine&quot;,&quot;width&quot;:&quot;139.6&quot;,&quot;_legend&quot;:&quot;{score}\\\/{best} - ({count} {votes})&quot;,&quot;font_factor&quot;:&quot;1.25&quot;}'>              <div class=\"kksr-stars\">      <div class=\"kksr-stars-inactive\">             <div class=\"kksr-star\" data-star=\"1\" style=\"padding-right: 5px\">               <div class=\"kksr-icon\" style=\"width: 24px; height: 24px;\"><\/div>         <\/div>             <div class=\"kksr-star\" data-star=\"2\" style=\"padding-right: 5px\">               <div class=\"kksr-icon\" style=\"width: 24px; height: 24px;\"><\/div>         <\/div>             <div class=\"kksr-star\" data-star=\"3\" style=\"padding-right: 5px\">               <div class=\"kksr-icon\" style=\"width: 24px; height: 24px;\"><\/div>         <\/div>             <div class=\"kksr-star\" data-star=\"4\" style=\"padding-right: 5px\">               <div class=\"kksr-icon\" style=\"width: 24px; height: 24px;\"><\/div>         <\/div>             <div class=\"kksr-star\" data-star=\"5\" style=\"padding-right: 5px\">               <div class=\"kksr-icon\" style=\"width: 24px; height: 24px;\"><\/div>         <\/div>     <\/div>      <div class=\"kksr-stars-active\" style=\"width: 139.6px;\">             <div class=\"kksr-star\" style=\"padding-right: 5px\">               <div class=\"kksr-icon\" style=\"width: 24px; height: 24px;\"><\/div>         <\/div>             <div class=\"kksr-star\" style=\"padding-right: 5px\">               <div class=\"kksr-icon\" style=\"width: 24px; height: 24px;\"><\/div>         <\/div>             <div class=\"kksr-star\" style=\"padding-right: 5px\">               <div class=\"kksr-icon\" style=\"width: 24px; height: 24px;\"><\/div>         <\/div>             <div class=\"kksr-star\" style=\"padding-right: 5px\">               <div class=\"kksr-icon\" style=\"width: 24px; height: 24px;\"><\/div>         <\/div>             <div class=\"kksr-star\" style=\"padding-right: 5px\">               <div class=\"kksr-icon\" style=\"width: 24px; height: 24px;\"><\/div>         <\/div>     <\/div> <\/div>                   <div class=\"kksr-legend\" style=\"font-size: 19.2px;\">             4.9\/5 - (16 oy)    <\/div>     <\/div>  <p class=\"translation-block\"><strong>baharat paketleme makinesi<\/strong> sunulan <strong>otomatik dikey form doldur ve siki\u015f i\u015flemi yapan makine<\/strong>dir. Tart\u0131m, doldurma, torba yapma, muska kapama ve kesme s\u00fcre\u00e7lerini tamamlayabilir. Baharatlar \u00f6nemli g\u0131da bile\u015fenleri olarak yayg\u0131n olarak kullan\u0131l\u0131r. G\u0131dalar\u0131 daha lezzetli veya daha iyi g\u00f6r\u00fcnen hale getirebilir. <\/p>    <p class=\"translation-block\">Taizy baharat paketleme makinesi, \u00e7e\u015fitli baharat tozlar\u0131n\u0131 paketlemek i\u00e7in kullan\u0131l\u0131r; \u00f6rn. k\u0131rm\u0131z\u0131 biber tozu, zerde\u00e7al tozu, karabiber, zencefil tozu, <a href=\"https:\/\/en.wikipedia.org\/wiki\/Garam_masala\" target=\"_blank\" rel=\"noopener\">masala<\/a>, k\u00f6ri tozu vb. Marka par\u00e7alar ve ileri teknoloji ile bu <strong>k\u00fc\u00e7\u00fck toz po\u015fet paketleme makinesi<\/strong> y\u00fcksek performans ve iyi kaliteye sahiptir. K\u00fc\u00e7\u00fck i\u015fletmenize ba\u015flamak i\u00e7in \u00fccretsiz bir teklif almak \u00fczere bizimle ileti\u015fime ge\u00e7in. <\/p>   <figure class=\"wp-block-embed-youtube wp-block-embed is-type-video is-provider-youtube wp-embed-aspect-16-9 wp-has-aspect-ratio\"><div class=\"lyte-wrapper fourthree\" title=\"Un, Baharat, Kahve Tozu 10gm, 50gm, 200gm, 1kg i\u00e7in Otomatik Toz Kese Paketleme Makinesi\" style=\"width:960px;max-width:100%;margin:5px auto;\"><div class=\"lyMe hidef\" id=\"WYL_qe2aNDHzdDQ\" itemprop=\"video\" itemscope itemtype=\"https:\/\/schema.org\/VideoObject\"><div><meta itemprop=\"thumbnailUrl\" content=\"https:\/\/taizypackaging.com\/wp-content\/plugins\/wp-youtube-lyte\/lyteCache.php?origThumbUrl=https%3A%2F%2Fi.ytimg.com%2Fvi%2Fqe2aNDHzdDQ%2Fmaxresdefault.jpg\" \/><meta itemprop=\"embedURL\" content=\"https:\/\/www.youtube.com\/embed\/qe2aNDHzdDQ\" \/><meta itemprop=\"duration\" content=\"PT1M39S\" \/><meta itemprop=\"uploadDate\" content=\"2022-01-27T07:42:21Z\" \/><\/div><div id=\"lyte_qe2aNDHzdDQ\" data-src=\"https:\/\/taizypackaging.com\/wp-content\/plugins\/wp-youtube-lyte\/lyteCache.php?origThumbUrl=https%3A%2F%2Fi.ytimg.com%2Fvi%2Fqe2aNDHzdDQ%2Fmaxresdefault.jpg\" class=\"pL\"><div class=\"tC\"><div class=\"tT\" itemprop=\"name\">Un, Baharat, Kahve Tozu 10gm, 50gm, 200gm, 1kg i\u00e7in Otomatik Toz Kese Paketleme Makinesi<\/div><\/div><div class=\"play\"><\/div><div class=\"ctrl\"><div class=\"Lctrl\"><\/div><div class=\"Rctrl\"><\/div><\/div><\/div><noscript><a href=\"https:\/\/youtu.be\/qe2aNDHzdDQ\" rel=\"nofollow noopener\" target=\"_blank\"><img loading=\"lazy\" decoding=\"async\" src=\"https:\/\/taizypackaging.com\/wp-content\/plugins\/wp-youtube-lyte\/lyteCache.php?origThumbUrl=https%3A%2F%2Fi.ytimg.com%2Fvi%2Fqe2aNDHzdDQ%2F0.jpg\" alt=\"Un, Baharat, Kahve Tozu 10gm, 50gm, 200gm, 1kg i\u00e7in Otomatik Toz Kese Paketleme Makinesi\" width=\"960\" height=\"700\" \/><br \/>Bu videoyu YouTube'da izleyin<\/a><\/noscript><meta itemprop=\"description\" content=\"#powderpackingmachine #powderpackaging #packingmachine EMAIL: info@taizypackaging.com TEL\/WHATSAPP: +86 18837171591 WEBSITE: https:\/\/taizypackaging.com\/powder-packaging-machine\/ This set automatic powder packing machine is packing for 10g, 20g, 100g, 200g, 400g, 1kg powder products. Equipment: auger filler, screw conveyor, PLC control panel, packing machine, sealing device, cutting device, date printer. This machine is ideal for packaging various flow powder products like detergent powder, washing powder, spice powder, chili powder, coffee powder, rice powder, protein powder, masala powder, milk powder, ginger powder, tea powder, curry powder, bleaching powder, etc. Weighing methods: The powder pouch packing machine can be weighed according to the screw speed. The screw can rotate at 180 degrees, 270 degrees, and 360 degrees. Sealing methods: The powder packing machine can be back sealing, three-side sealing, and four-side sealing. You may also like these videos: Powder packing machine 1kg~3kg: https:\/\/www.youtube.com\/watch?v=OSG84yTnpxY&amp;t=154s&amp;ab_channel=TaizyPackagingMachinery Semi automatic powder filling machine 10kg, 20kg: https:\/\/www.youtube.com\/watch?v=F5tlcnSb8q4&amp;ab_channel=TaizyPackagingMachinery EMAIL: info@taizypackaging.com TEL\/WHATSAPP: +86 18837171591\"><\/div><\/div><div class=\"lL\" style=\"max-width:100%;width:960px;margin:5px auto;\"><\/div><figcaption><\/figcaption><\/figure>   <h2 class=\"wp-block-heading\" id=\"h-the-application-scope-of-the-spices-powder-packing-machine\">Sat\u0131l\u0131k baharat paketleme makinesinin uygulamalar\u0131 <\/h2>    <p>Baharat tozu paketleme makinesi a\u011f\u0131rl\u0131k say\u0131m\u0131, malzeme doldurma ve torba paketleme i\u015flemlerini otomatik olarak tamamlayabilir. \u00c7e\u015fitli toz \u00fcr\u00fcnlerin paketlenmesi i\u00e7in uygundur.<\/p>    <p>Bu set baharat tozu paketleme makinesi makul bir tasar\u0131ma ve basit bir yap\u0131ya sahiptir. Ve kullan\u0131m\u0131 ve bak\u0131m\u0131 kolayd\u0131r. Bu makinenin maksimum ambalaj a\u011f\u0131rl\u0131\u011f\u0131 200 gramd\u0131r. <\/p>    <p>Ambalaj\u0131n, biber tozu, zencefil tozu, zerde\u00e7al tozu, kahve tozu, protein tozu, glikoz tozu, \u00e7ama\u015f\u0131r tozu ve di\u011fer malzemeler gibi iyi ak\u0131\u015fkanl\u0131\u011fa sahip malzemeleri se\u00e7mesi gerekir. <\/p>    <p class=\"translation-block\">Kahverengi \u015feker ve tuz gibi ak\u0131\u015fkanl\u0131\u011f\u0131 d\u00fc\u015f\u00fck \u00fcr\u00fcnler se\u00e7erseniz paketleme a\u011f\u0131rl\u0131k hatas\u0131 daha b\u00fcy\u00fck olur. Paketlemek istedi\u011finiz tozu bize s\u00f6yleyin, sizin i\u00e7in uygun <a href=\"https:\/\/taizypackaging.com\/tr\/powder-packaging-machine\/\">toz paketleme makinesini<\/a> \u00f6nerece\u011fiz.<\/p>    <figure class=\"wp-block-image size-large\"><img decoding=\"async\" src=\"https:\/\/taizypackaging.com\/wp-content\/uploads\/2021\/05\/application-of-powder-packing-machine.jpg\" alt=\"toz paketleme makinesi uygulamas\u0131\" class=\"wp-image-1895\"\/><figcaption class=\"wp-element-caption\">toz paketleme makinesi uygulamas\u0131<\/figcaption><\/figure>    <h2 class=\"wp-block-heading\" id=\"h-structure-of-powder-packing-machine\">Baharat tozu kese paketleme makinesinin yap\u0131 detaylar\u0131<\/h2>    <p>Bu toz kese paketleme makinesinde esas olarak iki sistem, bir dolum sistemi ve bir paketleme sistemi bulunur. PLC kontroll\u00fc dokunmatik ekran, rulo film, torba kal\u0131b\u0131, toz helezonu, konteyner, motor, kodlama makinesi, kesici koruma kapa\u011f\u0131, dayan\u0131kl\u0131 paslanmaz \u00e7elik g\u00f6vde yap\u0131s\u0131 gibi bir\u00e7ok par\u00e7aya sahiptir. Bu baharat paketleme makinesi olduk\u00e7a k\u00fc\u00e7\u00fck boyutlu ve uygun fiyata sahiptir. Projenize fayda sa\u011flayacak k\u00fc\u00e7\u00fck bir toz paketleme makinesi ar\u0131yorsan\u0131z bu makine tam size g\u00f6re. <\/p>    <figure class=\"wp-block-image size-large\"><img decoding=\"async\" src=\"https:\/\/taizypackaging.com\/wp-content\/uploads\/2021\/05\/structure-of-powder-packing-machine.jpg\" alt=\"baharat paketleme makinesinin yap\u0131s\u0131\" class=\"wp-image-1892\"\/><figcaption class=\"wp-element-caption\">toz paketleme makinesinin yap\u0131s\u0131<\/figcaption><\/figure>    <h2 class=\"wp-block-heading\" id=\"h-the-working-process-of-the-spices-powder-packaging-machine\">Baharat tozu paketleme makinesinin \u00e7al\u0131\u015fma s\u00fcreci<\/h2>    <p>Makinenin \u00e7al\u0131\u015fma s\u00fcreci: malzemeleri hazneye koyun - malzemeleri kar\u0131\u015ft\u0131r\u0131n - vidal\u0131 tart\u0131m - malzemeleri ta\u015f\u0131ma - dikey \u0131s\u0131yla yap\u0131\u015ft\u0131rma - bitmi\u015f \u00fcr\u00fcn ihracat\u0131.<\/p>    <ol class=\"wp-block-list\"> <li>Toz paketleme makinesi anahtar anahtarlar\u0131 kullan\u0131r. Fonksiyon parametreleri PLC g\u00f6r\u00fcnt\u00fc ekran\u0131nda ayarlanabilir. Paketleme h\u0131z\u0131, \u0131s\u0131yla yap\u0131\u015ft\u0131rma s\u0131cakl\u0131\u011f\u0131, paketleme a\u011f\u0131rl\u0131\u011f\u0131 vb.<\/li>    <li>Toz paketleme makinesinin \u00e7al\u0131\u015fmas\u0131nda motor, torbay\u0131 y\u00fcksek hassasiyetle yapmak i\u00e7in torbay\u0131 tahrik eder<br>Toz kese paketleme makinas\u0131 vida h\u0131z\u0131na g\u00f6re tart\u0131m yap\u0131labilmektedir. Vida 180 derece, 270 derece ve 360 \u200b\u200bderece d\u00f6nebilir.<\/li>    <li>Toz halindeki malzemelerin ambalajlanmas\u0131nda ambalaj po\u015fetinin esteti\u011fine y\u00f6nelik y\u00fcksek gereksinimler vard\u0131r. Toz paketleme makinesi, otomatik izleme renk kodunu benimser, yanl\u0131\u015f renk kodunu ak\u0131ll\u0131ca ortadan kald\u0131r\u0131r ve paketleme torbas\u0131n\u0131n konumland\u0131rmas\u0131n\u0131 ve uzunlu\u011funu otomatik olarak tamamlar.<\/li>    <li>Toz paketleme makinesinin kapat\u0131lmas\u0131nda \u0131s\u0131l yap\u0131\u015ft\u0131rma kullan\u0131lmaktad\u0131r. Ve \u0131s\u0131l yap\u0131\u015ft\u0131rma s\u0131cakl\u0131\u011f\u0131n\u0131 farkl\u0131 ambalaj malzemelerine g\u00f6re ayarlayabilirsiniz.<\/li> <\/ol>    <h2 class=\"wp-block-heading\" id=\"h-machine-display\">Baharat paketleme makinesi ekran\u0131<\/h2>    <figure class=\"wp-block-image size-large\"><img loading=\"lazy\" decoding=\"async\" width=\"720\" height=\"540\" src=\"https:\/\/taizypackaging.com\/wp-content\/uploads\/2021\/05\/machines-display.jpg\" alt=\"makineleri ekran\u0131\" class=\"wp-image-1893\" srcset=\"https:\/\/taizypackaging.com\/wp-content\/uploads\/2021\/05\/machines-display.jpg 720w, https:\/\/taizypackaging.com\/wp-content\/uploads\/2021\/05\/machines-display-300x225.jpg 300w\" sizes=\"auto, (max-width: 720px) 100vw, 720px\" \/><figcaption class=\"wp-element-caption\">makineleri ekran\u0131<\/figcaption><\/figure>    <h2 class=\"wp-block-heading\" id=\"h-classification-of-powder-free-flowing-and-non-free-flowing\">Toz \u00fcr\u00fcn t\u00fcrleri: serbest ak\u0131\u015fl\u0131 ve serbest ak\u0131\u015fl\u0131 olmayan<\/h2>    <p>Tozlar ak\u0131\u015fkanl\u0131klar\u0131na g\u00f6re iki kategoriye ayr\u0131labilir: Serbest ak\u0131\u015fl\u0131 tozlar ve Serbest ak\u0131\u015fl\u0131 olmayan tozlar.<\/p>    <p>Tuz gibi serbest ak\u0131\u015fl\u0131 tozlar i\u00e7in, tuza bas\u0131n\u00e7 uygulanarak tuzun yo\u011funlu\u011fu artmayacakt\u0131r. Onlar \u201cserbest ak\u0131\u015fl\u0131d\u0131rlar\u201d. Ve genellikle \u00e7al\u0131\u015fma s\u0131ras\u0131nda \u015fekillerini korumazlar.<\/p>    <p>Par\u00e7ac\u0131klar yap\u0131\u015fkan oldu\u011funda toz \u00fcr\u00fcn\u00fcn serbest ak\u0131\u015fl\u0131 olmad\u0131\u011f\u0131 kabul edilir. Esmer \u015feker veya s\u00fct tozu gibi. \u00c7al\u0131\u015fma s\u0131ras\u0131nda \u015fekillerini koruma e\u011filimindedirler ve bas\u0131n\u00e7 alt\u0131nda s\u0131k\u0131\u015ft\u0131r\u0131labilirler.<\/p>    <p>Serbest ak\u0131\u015fl\u0131 \u00fcr\u00fcnlerin yer\u00e7ekimi etkisi alt\u0131na girmesi kolayd\u0131r, serbest ak\u0131\u015fl\u0131 olmayan \u00fcr\u00fcnler ise yap\u0131\u015fmalar\u0131 nedeniyle paketleme i\u015flemi s\u0131ras\u0131nda uygun s\u0131k\u0131\u015ft\u0131rma ve \"yard\u0131ml\u0131\" i\u015flem gerektirir. Bu nedenle, iki t\u00fcr malzemenin, \u00fcr\u00fcnleri do\u011fru bir \u015fekilde ta\u015f\u0131mak i\u00e7in tamamen farkl\u0131 bir dolum sistemine ihtiyac\u0131 vard\u0131r.<\/p>    <p>Baharat tozu paketleme makinesi, hem serbest ak\u0131\u015fl\u0131 hem de serbest ak\u0131\u015fl\u0131 olmayan tozu paketlemek i\u00e7in kullan\u0131labilir. Malzemelerin e\u011fik bir itme vidas\u0131yla tart\u0131lmas\u0131 ve ta\u015f\u0131nmas\u0131 y\u00f6ntemi, iyi bir paketleme etkisine ve do\u011fru paketleme a\u011f\u0131rl\u0131\u011f\u0131na sahiptir.<\/p>    <figure class=\"wp-block-image size-large\"><img decoding=\"async\" src=\"https:\/\/taizypackaging.com\/wp-content\/uploads\/2021\/05\/classification-of-the-powder.jpg\" alt=\"tozun s\u0131n\u0131fland\u0131r\u0131lmas\u0131\" class=\"wp-image-1886\"\/><figcaption class=\"wp-element-caption\">tozun s\u0131n\u0131fland\u0131r\u0131lmas\u0131<\/figcaption><\/figure>    <h2 class=\"wp-block-heading\" id=\"what-is-the-cost-of-spice-packing-machine\">Baharat paketleme makinesinin maliyeti nedir? <\/h2>    <p>Baharat paketleme makinesinin maliyeti bir\u00e7ok fakt\u00f6rle yak\u0131ndan ilgilidir. <\/p>    <p>\u0130lk olarak makine t\u00fcrleri. K\u00fc\u00e7\u00fck toz paketleme makineleri, 1kg ~ 3kg otomatik toz paketleme makineleri ve yar\u0131 otomatik toz dolum makineleri gibi farkl\u0131 ihtiya\u00e7lar\u0131 kar\u015f\u0131lamak i\u00e7in bir\u00e7ok \u00e7e\u015fit baharat po\u015feti paketleme makinesi bulunmaktad\u0131r. Fiyatlar\u0131 farkl\u0131d\u0131r. \u00d6rne\u011fin, k\u00fc\u00e7\u00fck bir toz doldurma kapatma makinesinin fiyat\u0131 genellikle birka\u00e7 bin dolard\u0131r, di\u011fer toz paketleme makinelerinin fiyatlar\u0131 ise 10 bin dolar\u0131n \u00fczerindedir. <\/p>    <p>\u0130kincisi, makine parametreleri. Ayn\u0131 tip makinalar\u0131n baharat paketleme makinas\u0131 fiyatlar\u0131 farkl\u0131d\u0131r. \u00d6rne\u011fin, burada sat\u0131l\u0131k k\u00fc\u00e7\u00fck baharat tozu paketleme makinesinin, farkl\u0131 torba boyutlar\u0131 ve di\u011fer \u00f6zel gereksinimler i\u00e7in farkl\u0131 modelleri veya parametreleri vard\u0131r. <\/p>    <p>\u00dc\u00e7\u00fcnc\u00fcs\u00fc, baharat paketleme makinesi maliyeti nakliye maliyeti, d\u00f6viz kuru vb. gibi baz\u0131 d\u0131\u015f fakt\u00f6rlerle ilgilidir. Bunlar fiyat\u0131 da etkileyebilir. <\/p>    <h2 class=\"wp-block-heading\" id=\"h-optional-devices-for-spices-powder-packing-machine\">Baharat tozu paketleme makinesi i\u00e7in iste\u011fe ba\u011fl\u0131 cihazlar<\/h2>    <p>1. Kodlama cihaz\u0131: \u015eerit kodlama makinesi net bir \u015fekilde yazd\u0131r\u0131r ve silinmesi kolay de\u011fildir. Hijyenik ve temizdir. Petrol kirlili\u011fi konusunda endi\u015felenmemize gerek yok.<br>2. Torban\u0131n y\u0131rt\u0131lmas\u0131n\u0131 kolayla\u015ft\u0131rmak i\u00e7in torba contas\u0131na bir y\u0131rt\u0131k ekleyin.<br>3. Delme cihaz\u0131: Torban\u0131n kenar\u0131nda, rafa as\u0131lmas\u0131 ve g\u00f6r\u00fcnt\u00fclenmesi kolay olan \u00e7e\u015fitli \u015fekillerde delikler a\u00e7\u0131n.<br>4. Torba ba\u011flama cihaz\u0131: T\u00fcketicilerin toplu sat\u0131n alma ihtiya\u00e7lar\u0131n\u0131 kar\u015f\u0131layacak \u015fekilde herhangi bir say\u0131da torba ba\u011flama cihaz\u0131 (kesmeden) ayarlanabilir.<\/p>    <h2 class=\"wp-block-heading\" id=\"h-the-measurement-method-of-the-powder-packaging-machine\">Toz paketleme makinesinin tart\u0131m y\u00f6ntemi<\/h2>    <p>Baharat tozu paketleme makinesi, malzeme \u00f6l\u00e7\u00fcm\u00fc i\u00e7in bir vida kullan\u0131r. Toz kese paketleme makinas\u0131 vida h\u0131z\u0131na g\u00f6re tart\u0131m yap\u0131labilmektedir. Vida 180 derece, 270 derece ve 360 \u200b\u200bderece d\u00f6nebilir. <\/p>    <p>Toz paketleme makinelerinde \u00fc\u00e7 tip vida bulunmaktad\u0131r. Bunlar yatay itme vidalar\u0131, e\u011fik itme vidalar\u0131 ve do\u011frudan itme vidalar\u0131d\u0131r. Hangi vida t\u00fcr\u00fc olursa olsun \u00f6l\u00e7\u00fcm etkisi di\u011fer y\u00f6ntemlere g\u00f6re daha iyidir ve paketleme ortam\u0131n\u0131 b\u00fcy\u00fck \u00f6l\u00e7\u00fcde iyile\u015ftirir. <\/p>    <p>Vida \u00f6l\u00e7\u00fcm\u00fc toz kirlili\u011fini ve malzeme \u00e7apraz enfeksiyonunu \u00f6nler. Bu, vidal\u0131 \u00f6l\u00e7\u00fcm kullanan toz paketleme makinesinin avantaj\u0131d\u0131r.<\/p>    <h2 class=\"wp-block-heading\" id=\"h-outstanding-advantages\">Baharat paketleme ekipman\u0131n\u0131n avantajlar\u0131 <\/h2>    <ol class=\"wp-block-list\"> <li>\u0130ngilizce LCD dokunmatik ekran, PLC kontrol sistemi. Toz paketleme makinesinin \u00e7al\u0131\u015fma modeli ilk bak\u0131\u015fta a\u00e7\u0131k\u00e7a g\u00f6r\u00fclmektedir.<\/li>    <li>T\u00fcm makinenin yap\u0131s\u0131 ve d\u00fczeni makul. Ambalaj \u00e7e\u015fitlerini de\u011fi\u015ftirin, temiz, hijyenik ve kullan\u0131\u015fl\u0131.<\/li>    <li>Motor g\u00fc\u00e7 ekipman\u0131 olarak kullan\u0131l\u0131r. B\u00f6ylece makine h\u0131zl\u0131 \u00e7al\u0131\u015f\u0131r ve bu da paketleme verimlili\u011fini b\u00fcy\u00fck \u00f6l\u00e7\u00fcde art\u0131r\u0131r.<\/li>    <li>Vida aksesuarlar\u0131n\u0131 de\u011fi\u015ftirin, ayn\u0131 ekipman farkl\u0131 spesifikasyonlar\u0131n \u00f6l\u00e7\u00fcm gereksinimlerini kar\u015f\u0131layabilir.<\/li> <\/ol>    <figure class=\"wp-block-image size-large is-resized\"><img decoding=\"async\" src=\"https:\/\/taizypackaging.com\/wp-content\/uploads\/2021\/05\/individual-part-of-the-powder-packaging-machines.jpg\" alt=\"toz paketleme makinelerinin ayr\u0131 par\u00e7alar\u0131\" class=\"wp-image-1896\" style=\"width:720px;height:auto\"\/><figcaption class=\"wp-element-caption\">toz paketleme makinelerinin ayr\u0131 par\u00e7alar\u0131<\/figcaption><\/figure>    <h2 class=\"wp-block-heading\" id=\"h-warm-tips\">Baharat paketleme makinesinin \u00e7al\u0131\u015fmas\u0131yla ilgili s\u0131cak ipu\u00e7lar\u0131<\/h2>    <ol class=\"wp-block-list\"> <li><strong>Do\u011fru gereksinimlere uyun<\/strong><br>Taizy firmas\u0131n\u0131n baharat tozu paketleme makinesini kulland\u0131\u011f\u0131n\u0131zda do\u011fru \u015fekilde kullanmal\u0131s\u0131n\u0131z. \u00c7\u00fcnk\u00fc \u00e7e\u015fitli \u00f6zellikler ve modeller, kullan\u0131m s\u0131ras\u0131nda farkl\u0131 i\u015flevsel \u00f6zelliklere sahiptir. Ve kullan\u0131mda farkl\u0131 gereksinimler olacakt\u0131r. \u00d6zel \u00e7al\u0131\u015ft\u0131rma talimatlar\u0131n\u0131 anlamal\u0131s\u0131n\u0131z.<\/li>    <li><strong>Yasad\u0131\u015f\u0131 i\u015flemlerden ka\u00e7\u0131n\u0131n<\/strong><br>Baharat tozu paketleme makinesinde baz\u0131 k\u00fc\u00e7\u00fck ar\u0131zalar var. Ancak normal \u00e7al\u0131\u015fman\u0131n etkisini de g\u00f6sterebilir. Ancak kullan\u0131m s\u00fcrecinde herhangi bir sorun ya\u015fanmayaca\u011f\u0131 anlam\u0131na gelmez. Daha iyi bir kullan\u0131m etkisi ve daha uzun bir kullan\u0131m \u00f6mr\u00fc elde etmek istiyorsan\u0131z mevzuata ayk\u0131r\u0131 \u00e7al\u0131\u015fmamal\u0131s\u0131n\u0131z. Ve makul d\u00fczeyde bak\u0131m yap\u0131lmas\u0131 gereklidir.<\/li> <\/ol>    <h2 class=\"wp-block-heading\" id=\"conclusion\">\u00c7\u00f6z\u00fcm<\/h2>    <p class=\"translation-block\">Zengin deneyim ve paketleme ekipmanlar\u0131 ara\u015ft\u0131rma ve imalat\u0131nda g\u00fc\u00e7l\u00fc kapasitemizle baharat paketleme makinemiz 30'dan fazla \u00fclkeye ba\u015far\u0131yla ihra\u00e7 edilmi\u015ftir. Baharat paketleme makinelerinin yan\u0131 s\u0131ra kaliteli <a href=\"https:\/\/taizypackaging.com\/tr\/powder-filling-machine\/\">un paketleme makineleri<\/a>, deterjan tozu paketleme makineleri, <a href=\"https:\/\/taizypackaging.com\/tr\/milk-powder-packing-machine\/\">s\u00fct tozu paketleme makineleri<\/a>, kahve tozu paketleme makineleri vb. sa\u011flamay\u0131 s\u00fcrd\u00fcr\u00fcyoruz. <\/p>","protected":false},"excerpt":{"rendered":"<p>Sunulan baharat paketleme makinesi otomatik dikey form dolum kapatma makinesidir. Tartma, doldurma, torba yap\u0131m\u0131, m\u00fch\u00fcrleme ve kesme i\u015flemlerini tamamlayabilir. Biber tozu, zencefil tozu, zerde\u00e7al tozu vb. ambalajlamak i\u00e7in uygundur. <\/p>","protected":false},"author":1,"featured_media":4880,"parent":0,"template":"","tags":[575,576,574,572],"product-type":[660],"class_list":["post-1882","product","type-product","status-publish","has-post-thumbnail","hentry","tag-spice-packing-equipment","tag-spice-pouch-packing-machine","tag-spices-packaging-machine","tag-spices-packing-machine","product-type-powder-packing-machines"],"_links":{"self":[{"href":"https:\/\/taizypackaging.com\/tr\/wp-json\/wp\/v2\/product\/1882","targetHints":{"allow":["GET"]}}],"collection":[{"href":"https:\/\/taizypackaging.com\/tr\/wp-json\/wp\/v2\/product"}],"about":[{"href":"https:\/\/taizypackaging.com\/tr\/wp-json\/wp\/v2\/types\/product"}],"author":[{"embeddable":true,"href":"https:\/\/taizypackaging.com\/tr\/wp-json\/wp\/v2\/users\/1"}],"wp:featuredmedia":[{"embeddable":true,"href":"https:\/\/taizypackaging.com\/tr\/wp-json\/wp\/v2\/media\/4880"}],"wp:attachment":[{"href":"https:\/\/taizypackaging.com\/tr\/wp-json\/wp\/v2\/media?parent=1882"}],"wp:term":[{"taxonomy":"post_tag","embeddable":true,"href":"https:\/\/taizypackaging.com\/tr\/wp-json\/wp\/v2\/tags?post=1882"},{"taxonomy":"product-type","embeddable":true,"href":"https:\/\/taizypackaging.com\/tr\/wp-json\/wp\/v2\/product-type?post=1882"}],"curies":[{"name":"wp","href":"https:\/\/api.w.org\/{rel}","templated":true}]}}