{"id":1908,"date":"2021-05-22T11:15:47","date_gmt":"2021-05-22T11:15:47","guid":{"rendered":"https:\/\/taizypackaging.com\/?p=1908"},"modified":"2024-07-16T18:13:18","modified_gmt":"2024-07-16T10:13:18","slug":"semi-automatic-powder-filling-machine","status":"publish","type":"product","link":"https:\/\/taizypackaging.com\/tr\/semi-automatic-powder-filling-machine\/","title":{"rendered":"Yar\u0131 Otomatik Toz Dolum Makinesi"},"content":{"rendered":"<div class=\"kk-star-ratings kksr-auto kksr-align-left kksr-valign-top\"     data-payload='{&quot;align&quot;:&quot;left&quot;,&quot;id&quot;:&quot;1908&quot;,&quot;slug&quot;:&quot;default&quot;,&quot;valign&quot;:&quot;top&quot;,&quot;ignore&quot;:&quot;&quot;,&quot;reference&quot;:&quot;auto&quot;,&quot;class&quot;:&quot;&quot;,&quot;count&quot;:&quot;14&quot;,&quot;legendonly&quot;:&quot;&quot;,&quot;readonly&quot;:&quot;&quot;,&quot;score&quot;:&quot;4.8&quot;,&quot;starsonly&quot;:&quot;&quot;,&quot;best&quot;:&quot;5&quot;,&quot;gap&quot;:&quot;5&quot;,&quot;greet&quot;:&quot;Rate this product&quot;,&quot;legend&quot;:&quot;4.8\\\/5 - (14 votes)&quot;,&quot;size&quot;:&quot;24&quot;,&quot;title&quot;:&quot;Semi Automatic Powder Filling Machine&quot;,&quot;width&quot;:&quot;136.7&quot;,&quot;_legend&quot;:&quot;{score}\\\/{best} - ({count} {votes})&quot;,&quot;font_factor&quot;:&quot;1.25&quot;}'>              <div class=\"kksr-stars\">      <div class=\"kksr-stars-inactive\">             <div class=\"kksr-star\" data-star=\"1\" style=\"padding-right: 5px\">               <div class=\"kksr-icon\" style=\"width: 24px; height: 24px;\"><\/div>         <\/div>             <div class=\"kksr-star\" data-star=\"2\" style=\"padding-right: 5px\">               <div class=\"kksr-icon\" style=\"width: 24px; height: 24px;\"><\/div>         <\/div>             <div class=\"kksr-star\" data-star=\"3\" style=\"padding-right: 5px\">               <div class=\"kksr-icon\" style=\"width: 24px; height: 24px;\"><\/div>         <\/div>             <div class=\"kksr-star\" data-star=\"4\" style=\"padding-right: 5px\">               <div class=\"kksr-icon\" style=\"width: 24px; height: 24px;\"><\/div>         <\/div>             <div class=\"kksr-star\" data-star=\"5\" style=\"padding-right: 5px\">               <div class=\"kksr-icon\" style=\"width: 24px; height: 24px;\"><\/div>         <\/div>     <\/div>      <div class=\"kksr-stars-active\" style=\"width: 136.7px;\">             <div class=\"kksr-star\" style=\"padding-right: 5px\">               <div class=\"kksr-icon\" style=\"width: 24px; height: 24px;\"><\/div>         <\/div>             <div class=\"kksr-star\" style=\"padding-right: 5px\">               <div class=\"kksr-icon\" style=\"width: 24px; height: 24px;\"><\/div>         <\/div>             <div class=\"kksr-star\" style=\"padding-right: 5px\">               <div class=\"kksr-icon\" style=\"width: 24px; height: 24px;\"><\/div>         <\/div>             <div class=\"kksr-star\" style=\"padding-right: 5px\">               <div class=\"kksr-icon\" style=\"width: 24px; height: 24px;\"><\/div>         <\/div>             <div class=\"kksr-star\" style=\"padding-right: 5px\">               <div class=\"kksr-icon\" style=\"width: 24px; height: 24px;\"><\/div>         <\/div>     <\/div> <\/div>                   <div class=\"kksr-legend\" style=\"font-size: 19.2px;\">             4.8\/5 - (14 oy)    <\/div>     <\/div>  <p class=\"translation-block\"><strong>Semi automatic powder filling machine<\/strong>, veya <strong>auger filling machine<\/strong> burada 1kg~10kg toz \u00fcr\u00fcnler i\u00e7in tasarlanm\u0131\u015ft\u0131r. S\u00fct tozu, baharat tozu, ac\u0131 biber tozu, kahve tozu, deterjan tozu, un, kimyasal toz vb. \u00e7e\u015fitli kuru toz \u00fcr\u00fcnlerin dolumuna uygundur. D\u00fc\u015f\u00fck maliyet ve y\u00fcksek verimlilik \u00f6zellikleriyle, <strong>yar\u0131 otomatik<\/strong> <strong>toz<\/strong> &lt;strong)doldurma kapatma makinesi<\/strong> \u00fcretkenli\u011finizi \u00f6nemli \u00f6l\u00e7\u00fcde art\u0131rabilir ve projenize fayda sa\u011flar. \u00c7in'de \u00f6nde gelen bir adet auger dolum makinesi \u00fcreticisi ve ihracat\u00e7\u0131s\u0131 olarak, g\u00fc\u00e7l\u00fc \u00f6zelle\u015ftirme yetene\u011fi ve h\u0131zl\u0131 teslimat ile dolum makinelerinin tam bir yelpazesini sunmaktay\u0131z. \u00dccretsiz fiyat listesi i\u00e7in bizimle irtibata ge\u00e7in. <\/p>   <figure class=\"wp-block-embed-youtube wp-block-embed is-type-video is-provider-youtube wp-embed-aspect-16-9 wp-has-aspect-ratio\"><div class=\"lyte-wrapper fourthree\" title=\"Yar\u0131 Otomatik Toz Dolum Makinesi 1KG&#039;den 10KG&#039;ye D\u00fc\u015f\u00fck Maliyetli S\u00fcper Verimli\" style=\"width:960px;max-width:100%;margin:5px auto;\"><div class=\"lyMe hidef\" id=\"WYL_6j2Dz4i-eWY\" itemprop=\"video\" itemscope itemtype=\"https:\/\/schema.org\/VideoObject\"><div><meta itemprop=\"thumbnailUrl\" content=\"https:\/\/taizypackaging.com\/wp-content\/plugins\/wp-youtube-lyte\/lyteCache.php?origThumbUrl=https%3A%2F%2Fi.ytimg.com%2Fvi%2F6j2Dz4i-eWY%2Fmaxresdefault.jpg\" \/><meta itemprop=\"embedURL\" content=\"https:\/\/www.youtube.com\/embed\/6j2Dz4i-eWY\" \/><meta itemprop=\"duration\" content=\"PT3M26S\" \/><meta itemprop=\"uploadDate\" content=\"2022-02-10T07:29:03Z\" \/><\/div><meta itemprop=\"accessibilityFeature\" content=\"captions\" \/><div id=\"lyte_6j2Dz4i-eWY\" data-src=\"https:\/\/taizypackaging.com\/wp-content\/plugins\/wp-youtube-lyte\/lyteCache.php?origThumbUrl=https%3A%2F%2Fi.ytimg.com%2Fvi%2F6j2Dz4i-eWY%2Fmaxresdefault.jpg\" class=\"pL\"><div class=\"tC\"><div class=\"tT\" itemprop=\"name\">Yar\u0131 Otomatik Toz Dolum Makinesi 1KG'den 10KG'ye D\u00fc\u015f\u00fck Maliyetli S\u00fcper Verimli<\/div><\/div><div class=\"play\"><\/div><div class=\"ctrl\"><div class=\"Lctrl\"><\/div><div class=\"Rctrl\"><\/div><\/div><\/div><noscript><a href=\"https:\/\/youtu.be\/6j2Dz4i-eWY\" rel=\"nofollow noopener\" target=\"_blank\"><img loading=\"lazy\" decoding=\"async\" src=\"https:\/\/taizypackaging.com\/wp-content\/plugins\/wp-youtube-lyte\/lyteCache.php?origThumbUrl=https%3A%2F%2Fi.ytimg.com%2Fvi%2F6j2Dz4i-eWY%2F0.jpg\" alt=\"Yar\u0131 Otomatik Toz Dolum Makinesi 1KG&#039;den 10KG&#039;ye D\u00fc\u015f\u00fck Maliyetli S\u00fcper Verimli\" width=\"960\" height=\"700\" \/><br \/>Bu videoyu YouTube'da izleyin<\/a><\/noscript><meta itemprop=\"description\" content=\"#powderfillingmachine #powderfiller #fillingmachine EMAIL: info@taizypackaging.com TEL\/WHATSAPP: +86 18837171591 USEFUL LINK: https:\/\/taizypackaging.com\/semi-automatic-powder-packaging-machine-auger-filling-machine\/ This semi automatic powder filling machine is designed for small and medium production needs. It has low cost and super-efficient. It is suitable for the filling of various dry powder products, such as milk powder, spices powder, chili powder, coffee powder, detergent powder, flour, chemical powder, curry powder, tea powder, rice powder, cocoa powder, nutrition powder, herb powder, etc. The semi automatic powder filling machine mainly consists of these parts, a feeding machine, a PLC touch screen, electronic scale, inlet, and outlet. All our filling machines are adopted stainless steel material and advanced technology, durable and super-efficient. Besides, there are various sealing machines available. In short, we support a complete automatic powder filling machine to fit your business. You may also like these videos: Automatic powder filling machine 5kg ~ 50kg: https:\/\/www.youtube.com\/watch?v=F5tlcnSb8q4 Automatic VFFS powder machine: https:\/\/www.youtube.com\/watch?v=qe2aNDHzdDQ EMAIL: info@taizypackaging.com TEL\/WHATSAPP: +86 18837171591 USEFUL LINK: https:\/\/taizypackaging.com\/semi-automatic-powder-packaging-machine-auger-filling-machine\/\"><\/div><\/div><div class=\"lL\" style=\"max-width:100%;width:960px;margin:5px auto;\"><\/div><figcaption><\/figcaption><\/figure>   <h2 class=\"wp-block-heading\" id=\"h-structure-of-the-semi-automatic-packing-machine\">Yar\u0131 otomatik toz dolum makinas\u0131n\u0131n yap\u0131lar\u0131<\/h2>    <p>Yar\u0131 otomatik toz dolum makinesi esas olarak bu par\u00e7alardan, bir besleme makinesinden, bir PLC dokunmatik ekrandan, bir elektronik teraziden, bir giri\u015f ve bir \u00e7\u0131k\u0131\u015ftan olu\u015fur. T\u00fcm dolum makinelerimiz, dayan\u0131kl\u0131 ve s\u00fcper verimli, paslanmaz \u00e7elik malzeme ve ileri teknolojiyi benimser. Ayr\u0131ca \u00e7e\u015fitli kapatma makineleri mevcuttur. K\u0131sacas\u0131 i\u015fletmenize uygun komple bir otomatik toz dolum makinesini destekliyoruz. <\/p>    <figure class=\"wp-block-image size-large\"><img decoding=\"async\" src=\"https:\/\/taizypackaging.com\/wp-content\/uploads\/2021\/05\/structure-of-semi-automatic-powder-packing-machine.jpg\" alt=\"yar\u0131 otomatik toz paketleme makinesinin yap\u0131s\u0131\" class=\"wp-image-1936\"\/><figcaption class=\"wp-element-caption\">yar\u0131 otomatik toz paketleme makinesinin yap\u0131s\u0131<\/figcaption><\/figure>    <h2 class=\"wp-block-heading\" id=\"h-technical-parameters-of-the-semi-automatic-packaging-machine\">Manuel toz dolum makinas\u0131n\u0131n teknik parametreleri<\/h2>    <figure class=\"wp-block-table is-style-stripes\"><table><tbody><tr><td>G\u00fc\u00e7<\/td><td>&nbsp;AC380V 900W<\/td><\/tr><tr><td>Ambalaj \u00f6zellikleri<\/td><td>&nbsp;1-10 kilo<\/td><\/tr><tr><td>Paketleme do\u011frulu\u011fu &nbsp;&nbsp;&nbsp;<\/td><td>&nbsp;\u00b11%<\/td><\/tr><tr><td>Paketleme h\u0131z\u0131<\/td><td>&nbsp;500-1500 torba\/saat (ambalaj \u00f6zelliklerine ve malzemelerine ba\u011fl\u0131 olarak)<\/td><\/tr><tr><td>Makine boyutu<\/td><td>&nbsp;1000\u00d7850\u00d71850mm<\/td><\/tr><tr><td>A\u011f\u0131rl\u0131k&nbsp;<\/td><td>&nbsp;280kg<\/td><\/tr><\/tbody><\/table><\/figure>    <h2 class=\"wp-block-heading\" id=\"h-workflow-of-semi-automatic-auger-filling-machine\">Burgu kuru toz dolum makinesinin \u00e7al\u0131\u015fma prensibi<\/h2>    <ul class=\"wp-block-list\"> <li>\u00d6ncelikle ham maddeleri siloya manuel olarak eklemeniz veya bir malzeme besleyiciyle donatman\u0131z gerekir; malzemeleri beslemek kolayd\u0131r. <\/li>    <li>\u0130kinci olarak paketleme h\u0131z\u0131n\u0131, paketleme a\u011f\u0131rl\u0131\u011f\u0131n\u0131 ve di\u011fer teknik parametreleri ak\u0131ll\u0131 PLC kontrol\u00fcn\u00fcn dokunmatik ekran\u0131 arac\u0131l\u0131\u011f\u0131yla ayarlayabilirsiniz.<\/li>    <li>\u00dc\u00e7\u00fcnc\u00fcs\u00fc, kullan\u0131c\u0131n\u0131n paketleme torbas\u0131n\u0131 veya \u015fi\u015fesini bo\u015faltma portuna koymas\u0131 gerekir.<\/li>    <li>D\u00f6rd\u00fcnc\u00fcs\u00fc, anahtar\u0131 a\u00e7\u0131n ve paketleme makinesi normal \u015fekilde \u00e7al\u0131\u015fabilir.<\/li> <\/ul>    <p>Yar\u0131 otomatik toz dolum makinesi, vidal\u0131 kesme ve elektronik tart\u0131m teknolojisinin bir kombinasyonunu benimser. Makine mikrobilgisayar kontrol\u00fcn\u00fc benimser. Bu vidal\u0131 dolum makinesinde otomatik kantitatif, otomatik dolum ve otomatik hata d\u00fczeltme bulunur. Ayn\u0131 zamanda sayma ve temizleme gibi fonksiyonlar\u0131 da bulunmaktad\u0131r. <\/p>    <h2 class=\"wp-block-heading\" id=\"h-features-and-advantages-of-semi-automatic-powder-packing-machine\">Yar\u0131 otomatik toz dolum makinas\u0131n\u0131n \u00f6zellikleri ve avantajlar\u0131<\/h2>    <p>1. Bu yar\u0131 otomatik burgu dolum makinesi dayan\u0131kl\u0131 paslanmaz \u00e7elikten yap\u0131lm\u0131\u015ft\u0131r.\u00a0\u00c7apraz bula\u015fmay\u0131 temizlemek ve \u00f6nlemek kolayd\u0131r;<\/p>    <p>2. Bu yar\u0131 otomatik toz paketleme makinesi, makineyi, elektri\u011fi, \u0131\u015f\u0131\u011f\u0131 ve cihaz\u0131 bir arada birle\u015ftirir. Tek \u00e7ipli bir mikro bilgisayar taraf\u0131ndan kontrol edilir.\u00a0Otomatik kantitatif, otomatik dolum, \u00f6l\u00e7\u00fcm hatalar\u0131n\u0131n otomatik ayarlanmas\u0131 gibi i\u015flevlere sahiptir;<\/p>    <p>3. H\u0131zl\u0131 h\u0131z: spiral kesme ve \u0131\u015f\u0131k kontrol teknolojisini benimseyin;<\/p>    <p>4. Y\u00fcksek hassasiyet: step motor ve elektronik tart\u0131m teknolojisinin kullan\u0131lmas\u0131;<\/p>    <p>5. Geni\u015f paketleme aral\u0131\u011f\u0131: ayn\u0131 kantitatif paketleme makinesi, elektronik terazi klavyesi arac\u0131l\u0131\u011f\u0131yla 1-10 kg aras\u0131nda s\u00fcrekli olarak ayarlanabilir ve k\u00f6rleme vidas\u0131n\u0131n farkl\u0131 \u00f6zelliklerinin yerini alabilir;<\/p>    <p>7. Geni\u015f uygulama aral\u0131\u011f\u0131: belirli ak\u0131\u015fkanl\u0131\u011fa sahip hem toz hem de toz halindeki malzemeler kullan\u0131labilir;<\/p>    <p>8. Malzeme oranlar\u0131ndaki ve malzeme seviyelerindeki de\u011fi\u015fikliklerden kaynaklanan hatalar otomatik olarak takip edilip d\u00fczeltilebilmektedir;<\/p>    <p>9. PLC dokunmatik ekran\u0131 makinenin fonksiyonlar\u0131n\u0131 ayarlar. Yar\u0131 otomatik burgulu paketleme makinesi yaln\u0131zca manuel torbalamaya ihtiya\u00e7 duyar ve torba a\u011fz\u0131 temizdir ve kapat\u0131lmas\u0131 kolayd\u0131r.<\/p>    <h2 class=\"wp-block-heading\" id=\"applications-of-the-powder-filling-and-sealing-machine\">Toz dolum ve kapatma makinesinin uygulamalar\u0131 <\/h2>    <p>Toz dolum ve kapatma makinesinin geni\u015f bir uygulama yelpazesi vard\u0131r. Bir yandan deterjan tozu, biber tozu, \u00e7ay tozu, kahve tozu, s\u00fct tozu, pirin\u00e7 tozu, k\u00f6ri tozu, kakao tozu, besin tozu, kimyasal toz, bitki tozu vb. ambalajlar\u0131n ta\u015f\u0131nmas\u0131 i\u00e7in idealdir. Di\u011fer yandan \u00d6te yandan \u00e7anta ve \u015fi\u015fe gibi farkl\u0131 kaplara da s\u0131\u011fabilir. Projenizi ba\u015flatmak i\u00e7in bize bir soru\u015fturma g\u00f6nderin. <\/p>    <figure class=\"wp-block-image size-full\"><img decoding=\"async\" src=\"https:\/\/taizypackaging.com\/wp-content\/uploads\/2021\/05\/powder-packing-sample.jpg\" alt=\"toz paketleme \u00f6rne\u011fi\" class=\"wp-image-1934\"\/><figcaption class=\"wp-element-caption\">toz paketleme \u00f6rne\u011fi<\/figcaption><\/figure>    <h2 class=\"wp-block-heading\" id=\"h-semi-automatic-powder-packing-machine-price\">Toz dolum makinas\u0131 fiyat\u0131 nedir? <\/h2>    <p>Bu yar\u0131 otomatik toz dolum makinas\u0131n\u0131n PLC dokunmatik ekranl\u0131 modelleri ve butonlu modelleri olmak \u00fczere farkl\u0131 modelleri bulunmaktad\u0131r. Ayn\u0131 zamanda farkl\u0131 modellerin spesifik parametreleri de farkl\u0131d\u0131r. Ayr\u0131ca silonun boyutu da \u00f6zelle\u015ftirilebilir. Bu nedenle nihai fiyat da farkl\u0131d\u0131r. \u00d6zel ihtiya\u00e7lar\u0131n\u0131z\u0131 bize bildirmek i\u00e7in bizimle ileti\u015fime ge\u00e7ebilirsiniz, projenize fayda sa\u011flayacak en uygun ve en avantajl\u0131 makineyi sizi donataca\u011f\u0131z.<\/p>    <h2 class=\"wp-block-heading\" id=\"h-machine-display\">Makine ekran\u0131<\/h2>    <p>\u0130ki tip makinemiz sat\u0131l\u0131kt\u0131r. Farkl\u0131 bir kontrol sistemleri var. Birincisi tu\u015flar\u0131, di\u011feri ise PLC kontrol ekran\u0131n\u0131 kullan\u0131r. \u0130ki makinenin ayr\u0131nt\u0131l\u0131 parametreleri de farkl\u0131d\u0131r.<\/p>    <figure class=\"wp-block-image size-large\"><img decoding=\"async\" src=\"https:\/\/taizypackaging.com\/wp-content\/uploads\/2021\/05\/two-types-of-machines.jpg\" alt=\"iki tip makine\" class=\"wp-image-1932\"\/><figcaption class=\"wp-element-caption\">iki tip yar\u0131 otomatik toz dolum makinesi<\/figcaption><\/figure>    <h2 class=\"wp-block-heading\" id=\"h-difference-between-a-semi-automatic-packaging-machine-and-an-automatic-machine\">Yar\u0131 otomatik dolum makinesi ile otomatik paketleme makinesi aras\u0131ndaki farklar<\/h2>    <ol class=\"wp-block-list\"> <li>Farkl\u0131 \u00fcretim verimlili\u011fi. <a href=\"https:\/\/taizypackaging.com\/tr\/spices-packing-machine-powder-packing-machine-type2\/\">otomatik toz paketleme makinesi<\/a> Geli\u015fmi\u015f tam otomatik teknolojiyi benimser. Bu nedenle \u00fcretim verimlili\u011fi yar\u0131 otomatik paketleme makinesine g\u00f6re daha y\u00fcksektir. Ayn\u0131 zamanda \u00e7ok fazla emek tasarrufu da sa\u011flayabilir.<\/li>    <li>Otomatik toz paketleme makinesi beslemesinin ayarlanabilir aral\u0131\u011f\u0131 nispeten dard\u0131r. Yar\u0131 otomatik paketleme makinesinin besleme ayar aral\u0131\u011f\u0131 daha geni\u015ftir. <\/li>    <li>Otomasyon derecesi a\u00e7\u0131s\u0131ndan yar\u0131 otomatik ile tam otomatik aras\u0131ndaki fark, birinin i\u015fg\u00fcc\u00fcne dayal\u0131, di\u011ferinin ise insans\u0131z \u00e7al\u0131\u015fmas\u0131d\u0131r.<\/li>    <li>Fiyat farkl\u0131. Yar\u0131 otomatik paketleme makinesinin fiyat\u0131 daha uygun ve uygun maliyetlidir.<\/li> <\/ol>    <h2 class=\"wp-block-heading\" id=\"h-which-packing-machine-should-we-choose-automatic-or-semi-automatic-machines\">Hangisini se\u00e7melisiniz: otomatik paketleme makinesi mi yoksa yar\u0131 otomatik paketleme makinesi mi?<\/h2>    <p>\u00d6zetle otomatik paketleme makinas\u0131n\u0131n teknoloji a\u00e7\u0131s\u0131ndan daha geli\u015fmi\u015f avantajlar\u0131 bulunmaktad\u0131r. Yar\u0131 otomatik paketleme makinesinin fiyat avantaj\u0131 gibi kendine has avantajlar\u0131 da bulunmaktad\u0131r. \u00dcretim s\u00fcrecinde ikisinin aras\u0131nda art\u0131lar ve eksiler var.<\/p>    <p>Bu nedenle kurumsal m\u00fc\u015fterilerin ekipman se\u00e7me s\u00fcrecini dikkatle d\u00fc\u015f\u00fcnmesi gerekir. Paketlemeniz gereken \u00fcr\u00fcnlere ve ger\u00e7ek ko\u015fullara g\u00f6re makineyi se\u00e7in. Do\u011fru olan en iyisidir.<\/p>    <h2 class=\"wp-block-heading\" id=\"h-additional-equipment-sealing-machine-feeding-machine\">Ek Ekipman: kapatma makinesi, besleme makinesi<\/h2>    <p>Yar\u0131 otomatik toz makinesi tart\u0131m ve doldurma i\u015flemini tamamlayabilir. Bundan sonra \u00fcr\u00fcn paketini bir kapatma makinesiyle manuel olarak kapatmak gerekir. Bu nedenle bir kapatma makinesi faydal\u0131d\u0131r. <\/p>    <figure class=\"wp-block-image size-large\"><img loading=\"lazy\" decoding=\"async\" width=\"720\" height=\"540\" src=\"https:\/\/taizypackaging.com\/wp-content\/uploads\/2021\/05\/sealing-machine.jpg\" alt=\"yap\u0131\u015ft\u0131rma makinesi\" class=\"wp-image-1931\" srcset=\"https:\/\/taizypackaging.com\/wp-content\/uploads\/2021\/05\/sealing-machine.jpg 720w, https:\/\/taizypackaging.com\/wp-content\/uploads\/2021\/05\/sealing-machine-300x225.jpg 300w\" sizes=\"auto, (max-width: 720px) 100vw, 720px\" \/><figcaption class=\"wp-element-caption\">yap\u0131\u015ft\u0131rma makinesi<\/figcaption><\/figure>    <h3 class=\"wp-block-heading\" id=\"h-multifunctional-film-continuous-sealing-machine-th-900\">\u00c7ok fonksiyonlu film s\u00fcrekli yap\u0131\u015ft\u0131rma makinesi TH-900<\/h3>    <h4 class=\"wp-block-heading\" id=\"h-application-range\">Uygulama aral\u0131klar\u0131<\/h4>    <p>Bu kapatma makinesi, \u00fcr\u00fcnlerin paketlenmesi ve kapat\u0131lmas\u0131 i\u00e7in kullan\u0131labilir. G\u0131da po\u015fetlerini, ila\u00e7lar\u0131, g\u00fcnl\u00fck kozmetik \u00fcr\u00fcnlerini, yerel \u00fcr\u00fcnleri, kimyasal \u00fcr\u00fcnleri, elektronik \u00fcr\u00fcnleri, sebze tohumlar\u0131n\u0131, donan\u0131mlar\u0131 vb. kapatabilir. Fabrikalarda, ma\u011fazalarda, perakende departmanlar\u0131nda, hizmet end\u00fcstrilerinde ve di\u011fer sekt\u00f6rlerde yayg\u0131n olarak kullan\u0131lmaktad\u0131r. Kapatma makinesini yar\u0131 otomatik paketleme makinesiyle birle\u015ftirmek en iyi se\u00e7imdir.<\/p>    <h4 class=\"wp-block-heading\" id=\"h-advantages\">Avantajlar\u0131<\/h4>    <ol class=\"wp-block-list\"> <li>Bu ekipman sa\u011flam bir s\u0131zd\u0131rmazl\u0131\u011fa ve y\u00fcksek verimlili\u011fe sahiptir;<\/li>    <li>Yap\u0131 basit, kompakt ve k\u00fc\u00e7\u00fckt\u00fcr;<\/li>    <li>G\u00fczel g\u00f6r\u00fcn\u00fcm, ileri teknoloji, d\u00fc\u015f\u00fck g\u00fc\u00e7 t\u00fcketimi;<\/li>    <li>Rahat kullan\u0131m, bak\u0131m ve di\u011fer avantajlar.<\/li>    <li>Kapama makinesini kabartma tekerlekleri ve bask\u0131 tekerlekleri ile donatabilirsiniz. Yaz\u0131 tipleri gerekti\u011fi gibi de\u011fi\u015ftirilebilir.<\/li>    <li>G\u00fc\u00e7l\u00fc performans ve d\u00fc\u015f\u00fck ar\u0131za oranlar\u0131yla 24 saat s\u00fcrekli \u00e7al\u0131\u015fabilir.<\/li> <\/ol>    <h4 class=\"wp-block-heading\" id=\"h-technical-parameters\">&nbsp;TH-900 yap\u0131\u015ft\u0131rma makinesinin teknik parametreleri <\/h4>    <figure class=\"wp-block-table\"><table><tbody><tr><td>G\u00fc\u00e7 kayna\u011f\u0131:<\/td><td>220V 50Hz 520W<\/td><\/tr><tr><td>S\u0131zd\u0131rmazl\u0131k geni\u015fli\u011fi:<\/td><td>5-14mm ayarlanabilir<\/td><\/tr><tr><td>S\u0131zd\u0131rmazl\u0131k malzemesi:&nbsp;<\/td><td>0,03-0,80 mm<\/td><\/tr><tr><td>Torba kapatma kapasitesi:<\/td><td>55 torba\/dakikaya kadar (100 mm)<\/td><\/tr><tr><td>S\u0131zd\u0131rmazl\u0131k h\u0131z\u0131:<\/td><td>0-12 m\/dak<\/td><\/tr><tr><td>S\u0131cakl\u0131k aral\u0131\u011f\u0131:&nbsp;<\/td><td>0-300\u00b0C<\/td><\/tr><tr><td>Boyutlar:<\/td><td>810\u00d7370\u00d7310mm<\/td><\/tr><tr><td>Yazd\u0131r\u0131lan karakter say\u0131s\u0131:<\/td><td>\u226439 karakter<\/td><\/tr><tr><td>A\u011f\u0131rl\u0131k:<\/td><td>17,5 kg<\/td><\/tr><\/tbody><\/table><\/figure>    <h3 class=\"wp-block-heading\" id=\"h-feeder\">Besleme makinesi <\/h3>    <p>Siloyu manuel olarak besleyebilir veya bir besleyici sat\u0131n alabilirsiniz. Ve vida beslemesi ile otomatik olarak beslenebilir.<\/p>    <h4 class=\"wp-block-heading\" id=\"h-application-field\">Uygulama alan\u0131<\/h4>    <p>Besleyici yar\u0131 otomatik toz dolum makinesiyle e\u015fle\u015fmelidir. Makinenin otomatik beslemesini tamamlayabilir. Paketleme verimlili\u011fini etkili bir \u015fekilde art\u0131r\u0131r ve i\u015f\u00e7ilik maliyetlerini azalt\u0131r.<\/p>    <h4 class=\"wp-block-heading\" id=\"h-features\">\u00d6zellikler<\/h4>    <ol class=\"wp-block-list\"> <li>Yar\u0131 otomatik helezon dolum makinas\u0131 ile birlikte kullan\u0131l\u0131r. Ve paketleme makinesi taraf\u0131ndan kontrol edilir.<\/li>    <li>Kolay temizlik i\u00e7in basmal\u0131 d\u00fc\u011fmeli set.<\/li>    <li>Silo, daha d\u00fczg\u00fcn besleme i\u00e7in bir vibrat\u00f6rle donat\u0131lm\u0131\u015ft\u0131r.<\/li> <\/ol>    <figure class=\"wp-block-gallery has-nested-images columns-default is-cropped wp-block-gallery-2 is-layout-flex wp-block-gallery-is-layout-flex\"> <figure class=\"wp-block-image size-large\"><img loading=\"lazy\" decoding=\"async\" width=\"720\" height=\"540\" data-id=\"1930\" src=\"https:\/\/taizypackaging.com\/wp-content\/uploads\/2021\/05\/feeder.jpg\" alt=\"besleyici\" class=\"wp-image-1930\" srcset=\"https:\/\/taizypackaging.com\/wp-content\/uploads\/2021\/05\/feeder.jpg 720w, https:\/\/taizypackaging.com\/wp-content\/uploads\/2021\/05\/feeder-300x225.jpg 300w\" sizes=\"auto, (max-width: 720px) 100vw, 720px\" \/><figcaption class=\"wp-element-caption\">besleyici<\/figcaption><\/figure>    <figure class=\"wp-block-image size-large\"><img decoding=\"async\" data-id=\"1938\" src=\"https:\/\/taizypackaging.com\/wp-content\/uploads\/2021\/05\/powder-packing-machine-with-feeder.jpg\" alt=\"besleyici ile toz paketleme makinesi\" class=\"wp-image-1938\"\/><figcaption class=\"wp-element-caption\">besleyici ile toz paketleme makinesi<\/figcaption><\/figure> <\/figure>    <h4 class=\"wp-block-heading\" id=\"h-technical-parameters-1\">Taizy burgu toz besleme makinesinin teknik parametreleri <\/h4>    <figure class=\"wp-block-table\"><table><tbody><tr><td>Kald\u0131rma kapasitesi<\/td><td>1000-3000Kg\/saat<\/td><\/tr><tr><td>Malzeme kutusu hacmi<\/td><td>100-300Kg<\/td><\/tr><tr><td>Y\u00fckleme y\u00fcksekli\u011fi&nbsp;&nbsp;<\/td><td>2000mm (y\u00fckseklik \u00f6zelle\u015ftirilebilir)<\/td><\/tr><tr><td>Gerilim g\u00fcc\u00fc &nbsp;<\/td><td>AC380v 1100W<\/td><\/tr><tr><td>Malzeme&nbsp;&nbsp;<\/td><td>Paslanmaz \u00e7elik tipi<\/td><\/tr><tr><td>A\u011f\u0131rl\u0131k<\/td><td>150kg<\/td><\/tr><\/tbody><\/table><\/figure>    <h2 class=\"wp-block-heading\" id=\"h-q-a\">Soru-Cevap<\/h2>   <div id=\"rank-math-faq\" class=\"rank-math-block\"> <div class=\"rank-math-list\"> <div id=\"faq-question-1673343355980\" class=\"rank-math-list-item\"> <h3 class=\"rank-math-question\">1. Nas\u0131l g\u00f6nderilir?<br><\/h3> <div class=\"rank-math-answer\">  <p>Kontrplak Kutuda paketleyece\u011fiz. Ve makinenin bozulmas\u0131n\u0131 \u00f6nleyebilir.<\/p>  <\/div> <\/div> <div id=\"faq-question-1673343360459\" class=\"rank-math-list-item\"> <h3 class=\"rank-math-question\">2. Bizimle nas\u0131l ileti\u015fime ge\u00e7ilir?<br><\/h3> <div class=\"rank-math-answer\">  <p class=\"translation-block\">Bilgilerinizi <a href=\"https:\/\/taizypackaging.com\/tr\/\" target=\"_blank\" rel=\"noreferrer noopener\">Taizy \u015firketi<\/a> web sitelerimizden doldurabilirsiniz. Ard\u0131ndan sat\u0131\u015f y\u00f6neticimiz detaylar hakk\u0131nda sizinle ileti\u015fime ge\u00e7ecektir.<\/p>  <\/div> <\/div> <div id=\"faq-question-1673343369083\" class=\"rank-math-list-item\"> <h3 class=\"rank-math-question\">3. Ne t\u00fcr ambalaj malzemesi se\u00e7ebiliriz?<br><\/h3> <div class=\"rank-math-answer\">  <p>Plastik po\u015fetler, \u015fi\u015feler, naylon malzemelerin hepsi uygundur.<\/p>  <\/div> <\/div> <div id=\"faq-question-1673343379188\" class=\"rank-math-list-item\"> <h3 class=\"rank-math-question\">4. Ambalaj\u0131n a\u011f\u0131rl\u0131k aral\u0131\u011f\u0131 nedir?<br><\/h3> <div class=\"rank-math-answer\">  <p>0-5 kilogram sorun de\u011fil. Daha fazla toz paketlemek istiyorsan\u0131z siloyu sizin i\u00e7in \u00f6zelle\u015ftirebiliriz. Maksimum ambalaj a\u011f\u0131rl\u0131\u011f\u0131 10 KG'a ula\u015fabilir.<\/p>  <\/div> <\/div> <\/div> <\/div>","protected":false},"excerpt":{"rendered":"<p>Paketleme makinesi, kimya, g\u0131da, tar\u0131m ve yan \u00fcr\u00fcn end\u00fcstrilerindeki toz ve toz malzemelerin kantitatif paketlenmesi i\u00e7in uygundur. 1-10kg aras\u0131 tozlar\u0131 paketleyebilir.<\/p>","protected":false},"author":1,"featured_media":1928,"parent":0,"template":"","tags":[578,373,565],"product-type":[660],"class_list":["post-1908","product","type-product","status-publish","has-post-thumbnail","hentry","tag-auger-filler","tag-powder-filling-and-sealing-machine","tag-powder-filling-machine","product-type-powder-packing-machines"],"_links":{"self":[{"href":"https:\/\/taizypackaging.com\/tr\/wp-json\/wp\/v2\/product\/1908","targetHints":{"allow":["GET"]}}],"collection":[{"href":"https:\/\/taizypackaging.com\/tr\/wp-json\/wp\/v2\/product"}],"about":[{"href":"https:\/\/taizypackaging.com\/tr\/wp-json\/wp\/v2\/types\/product"}],"author":[{"embeddable":true,"href":"https:\/\/taizypackaging.com\/tr\/wp-json\/wp\/v2\/users\/1"}],"wp:featuredmedia":[{"embeddable":true,"href":"https:\/\/taizypackaging.com\/tr\/wp-json\/wp\/v2\/media\/1928"}],"wp:attachment":[{"href":"https:\/\/taizypackaging.com\/tr\/wp-json\/wp\/v2\/media?parent=1908"}],"wp:term":[{"taxonomy":"post_tag","embeddable":true,"href":"https:\/\/taizypackaging.com\/tr\/wp-json\/wp\/v2\/tags?post=1908"},{"taxonomy":"product-type","embeddable":true,"href":"https:\/\/taizypackaging.com\/tr\/wp-json\/wp\/v2\/product-type?post=1908"}],"curies":[{"name":"wp","href":"https:\/\/api.w.org\/{rel}","templated":true}]}}