{"id":1947,"date":"2021-05-25T08:49:22","date_gmt":"2021-05-25T08:49:22","guid":{"rendered":"https:\/\/taizypackaging.com\/?p=1947"},"modified":"2024-07-16T18:10:36","modified_gmt":"2024-07-16T10:10:36","slug":"powder-filling-machine-3","status":"publish","type":"product","link":"https:\/\/taizypackaging.com\/tr\/powder-filling-machine\/","title":{"rendered":"Toz Dolum Makinas\u0131"},"content":{"rendered":"<div class=\"kk-star-ratings kksr-auto kksr-align-left kksr-valign-top\"     data-payload='{&quot;align&quot;:&quot;left&quot;,&quot;id&quot;:&quot;1947&quot;,&quot;slug&quot;:&quot;default&quot;,&quot;valign&quot;:&quot;top&quot;,&quot;ignore&quot;:&quot;&quot;,&quot;reference&quot;:&quot;auto&quot;,&quot;class&quot;:&quot;&quot;,&quot;count&quot;:&quot;18&quot;,&quot;legendonly&quot;:&quot;&quot;,&quot;readonly&quot;:&quot;&quot;,&quot;score&quot;:&quot;4.6&quot;,&quot;starsonly&quot;:&quot;&quot;,&quot;best&quot;:&quot;5&quot;,&quot;gap&quot;:&quot;5&quot;,&quot;greet&quot;:&quot;Rate this product&quot;,&quot;legend&quot;:&quot;4.6\\\/5 - (18 votes)&quot;,&quot;size&quot;:&quot;24&quot;,&quot;title&quot;:&quot;Powder Filling Machine&quot;,&quot;width&quot;:&quot;130.9&quot;,&quot;_legend&quot;:&quot;{score}\\\/{best} - ({count} {votes})&quot;,&quot;font_factor&quot;:&quot;1.25&quot;}'>              <div class=\"kksr-stars\">      <div class=\"kksr-stars-inactive\">             <div class=\"kksr-star\" data-star=\"1\" style=\"padding-right: 5px\">               <div class=\"kksr-icon\" style=\"width: 24px; height: 24px;\"><\/div>         <\/div>             <div class=\"kksr-star\" data-star=\"2\" style=\"padding-right: 5px\">               <div class=\"kksr-icon\" style=\"width: 24px; height: 24px;\"><\/div>         <\/div>             <div class=\"kksr-star\" data-star=\"3\" style=\"padding-right: 5px\">               <div class=\"kksr-icon\" style=\"width: 24px; height: 24px;\"><\/div>         <\/div>             <div class=\"kksr-star\" data-star=\"4\" style=\"padding-right: 5px\">               <div class=\"kksr-icon\" style=\"width: 24px; height: 24px;\"><\/div>         <\/div>             <div class=\"kksr-star\" data-star=\"5\" style=\"padding-right: 5px\">               <div class=\"kksr-icon\" style=\"width: 24px; height: 24px;\"><\/div>         <\/div>     <\/div>      <div class=\"kksr-stars-active\" style=\"width: 130.9px;\">             <div class=\"kksr-star\" style=\"padding-right: 5px\">               <div class=\"kksr-icon\" style=\"width: 24px; height: 24px;\"><\/div>         <\/div>             <div class=\"kksr-star\" style=\"padding-right: 5px\">               <div class=\"kksr-icon\" style=\"width: 24px; height: 24px;\"><\/div>         <\/div>             <div class=\"kksr-star\" style=\"padding-right: 5px\">               <div class=\"kksr-icon\" style=\"width: 24px; height: 24px;\"><\/div>         <\/div>             <div class=\"kksr-star\" style=\"padding-right: 5px\">               <div class=\"kksr-icon\" style=\"width: 24px; height: 24px;\"><\/div>         <\/div>             <div class=\"kksr-star\" style=\"padding-right: 5px\">               <div class=\"kksr-icon\" style=\"width: 24px; height: 24px;\"><\/div>         <\/div>     <\/div> <\/div>                   <div class=\"kksr-legend\" style=\"font-size: 19.2px;\">             4.6\/5 - (18 oy)    <\/div>     <\/div>  <p class=\"translation-block\">Bu <strong>toz dolum makinesi<\/strong> 10kg, 15kg, 20kg, 30kg, 40kg ve maksimum 50kg toz \u00fcr\u00fcnlerini i\u015flemek i\u00e7in tasarlanm\u0131\u015ft\u0131r. Bir besleme makinesi ve bir s\u0131zd\u0131rmazl\u0131k makinesi ile donat\u0131lm\u0131\u015f olup, tart\u0131m, dolum ve s\u0131zd\u0131rmazl\u0131k i\u015flemini tamamlayabilir. <strong>Vidal\u0131 toz dolum ekipman\u0131<\/strong> deterjan tozu, pul biber tozu, baharat tozu, s\u00fct tozu, \u00e7imento tozu, bitki tozu, besin tozu vb. gibi \u00e7e\u015fitli kuru tozlar\u0131n paketlenmesinde yayg\u0131n olarak kullan\u0131l\u0131r. S\u00fcper verimlilik ve y\u00fcksek performans avantajlar\u0131na sahiptir. Ve bu <strong>toz tart\u0131m ve dolum makinesi<\/strong> b\u00fcy\u00fck \u00fcretim talebi olan projeler i\u00e7in uygundur. \u0130\u015fletmenizden b\u00fcy\u00fck \u00f6l\u00e7\u00fcde faydalanmak i\u00e7in bug\u00fcn bize ula\u015f\u0131n. Ayr\u0131ca, zengin olmak i\u00e7in d\u00fcnya \u00e7ap\u0131nda temsilciler i\u015fe al\u0131yoruz. Hemen bize ula\u015f\u0131n. <\/p>   <figure class=\"wp-block-embed-youtube wp-block-embed is-type-video is-provider-youtube wp-embed-aspect-16-9 wp-has-aspect-ratio\"><div class=\"lyte-wrapper fourthree\" title=\"Un, Baharat, \u00c7ama\u015f\u0131r Tozu i\u00e7in Yar\u0131 Otomatik Burgu \/ Toz Dolum Makinesi 10KG \/ 15KG \/ 20KG \/ 25KG\" style=\"width:960px;max-width:100%;margin:5px auto;\"><div class=\"lyMe hidef\" id=\"WYL_F5tlcnSb8q4\" itemprop=\"video\" itemscope itemtype=\"https:\/\/schema.org\/VideoObject\"><div><meta itemprop=\"thumbnailUrl\" content=\"https:\/\/taizypackaging.com\/wp-content\/plugins\/wp-youtube-lyte\/lyteCache.php?origThumbUrl=https%3A%2F%2Fi.ytimg.com%2Fvi%2FF5tlcnSb8q4%2Fmaxresdefault.jpg\" \/><meta itemprop=\"embedURL\" content=\"https:\/\/www.youtube.com\/embed\/F5tlcnSb8q4\" \/><meta itemprop=\"duration\" content=\"PT3M52S\" \/><meta itemprop=\"uploadDate\" content=\"2022-01-27T07:03:44Z\" \/><\/div><meta itemprop=\"accessibilityFeature\" content=\"captions\" \/><div id=\"lyte_F5tlcnSb8q4\" data-src=\"https:\/\/taizypackaging.com\/wp-content\/plugins\/wp-youtube-lyte\/lyteCache.php?origThumbUrl=https%3A%2F%2Fi.ytimg.com%2Fvi%2FF5tlcnSb8q4%2Fmaxresdefault.jpg\" class=\"pL\"><div class=\"tC\"><div class=\"tT\" itemprop=\"name\">Un, Baharat, \u00c7ama\u015f\u0131r Tozu i\u00e7in Yar\u0131 Otomatik Burgu \/ Toz Dolum Makinesi 10KG \/ 15KG \/ 20KG \/ 25KG<\/div><\/div><div class=\"play\"><\/div><div class=\"ctrl\"><div class=\"Lctrl\"><\/div><div class=\"Rctrl\"><\/div><\/div><\/div><noscript><a href=\"https:\/\/youtu.be\/F5tlcnSb8q4\" rel=\"nofollow noopener\" target=\"_blank\"><img loading=\"lazy\" decoding=\"async\" src=\"https:\/\/taizypackaging.com\/wp-content\/plugins\/wp-youtube-lyte\/lyteCache.php?origThumbUrl=https%3A%2F%2Fi.ytimg.com%2Fvi%2FF5tlcnSb8q4%2F0.jpg\" alt=\"Un, Baharat, \u00c7ama\u015f\u0131r Tozu i\u00e7in Yar\u0131 Otomatik Burgu \/ Toz Dolum Makinesi 10KG \/ 15KG \/ 20KG \/ 25KG\" width=\"960\" height=\"700\" \/><br \/>Bu videoyu YouTube'da izleyin<\/a><\/noscript><meta itemprop=\"description\" content=\"#powderfillingmachine #fillingmachine #augerfiller EMAIL: info@taizypackaging.com TEL\/WHATSAPP: +86 18837171591 WEBSITE: https:\/\/taizypackaging.com\/flour-maize-flour-packaging-machine-powder-packaging-machine-5-50kg\/ Semi automatic powder filling machine can fill all kinds of powder products like flour, spices, detergent powder, chili powder, protein powder, milk powder, etc. This machine is a completely stainless steel body structure with contact parts. Machine can fill from 5kg to 50kg or other custom weights depending on your requirements. The machine mainly includes four parts: automatic weighing device, conveying device, sewing device, and computer control. It has a reasonable structure, a beautiful appearance. These videos may also help you: Automatic powder packaging machine: https:\/\/www.youtube.com\/watch?v=LDNsCTtMz5E&amp;t=61s&amp;ab_channel=TaizyPackagingMachinery EMAIL: info@taizypackaging.com TEL\/WHATSAPP: +86 18837171591 MORE INFO: https:\/\/taizypackaging.com\/flour-maize-flour-packaging-machine-powder-packaging-machine-5-50kg\/\"><\/div><\/div><div class=\"lL\" style=\"max-width:100%;width:960px;margin:5px auto;\"><\/div><figcaption><\/figcaption><\/figure>   <h2 class=\"wp-block-heading\" id=\"h-structure-of-flour-packaging-machine\">Otomatik toz dolum makinas\u0131n\u0131n yap\u0131lar\u0131<\/h2>    <p class=\"translation-block\"><strong>Makine temel olarak d\u00f6rt b\u00f6l\u00fcmden olu\u015fur:<\/strong> otomatik tart\u0131m cihaz\u0131, ta\u015f\u0131ma cihaz\u0131, diki\u015f cihaz\u0131 ve bilgisayar kontrol sistemi. Makul bir yap\u0131ya ve \u00e7ekici bir g\u00f6r\u00fcn\u00fcme sahiptir, kullan\u0131m\u0131 ve temizli\u011fi kolayd\u0131r. Ayr\u0131ca, un paketleme makinesi enerji tasarrufu sa\u011flar ve maliyet tasarrufu sa\u011flar. Ve tart\u0131m fonksiyonu do\u011frudur. Dahas\u0131, toz dolum s\u0131zd\u0131rmazl\u0131k makinesi bir besleme makinesi ile donat\u0131labilir, bu da hammadde beslemeyi kolayla\u015ft\u0131r\u0131r.  <\/p>    <figure class=\"wp-block-image size-large\"><img decoding=\"async\" src=\"https:\/\/taizypackaging.com\/wp-content\/uploads\/2021\/05\/structure-of-flour-packing-machine.jpg\" alt=\"un paketleme makinesinin yap\u0131s\u0131\" class=\"wp-image-1960\"\/><figcaption class=\"wp-element-caption\">toz dolum makinas\u0131n\u0131n yap\u0131s\u0131<\/figcaption><\/figure>    <h2 class=\"wp-block-heading\" id=\"h-parameters-of-the-flour-packing-machine\">Toz dolum paketleme makinesinin parametreleri<\/h2>    <figure class=\"wp-block-table is-style-stripes\"><table><tbody><tr><td>Ambalaj a\u011f\u0131rl\u0131k aral\u0131\u011f\u0131<\/td><td>5-50 kg<\/td><\/tr><tr><td>Ambalaj miktar\u0131 aral\u0131\u011f\u0131<\/td><td>3-4 torba\/dak<\/td><\/tr><tr><td>G\u00fc\u00e7<\/td><td>2,2 kW<\/td><\/tr><tr><td>Malzeme<\/td><td>201 paslanmaz \u00e7elik<\/td><\/tr><tr><td>Boyutlar<\/td><td>uzunluk 2000\u00d7geni\u015flik 800\u00d7y\u00fckseklik 2500 (mm)<\/td><\/tr><\/tbody><\/table><\/figure>    <h2 class=\"wp-block-heading\" id=\"how-much-does-a-powder-filling-machine-cost\">Toz dolum makinesinin maliyeti ne kadard\u0131r?<\/h2>    <p>Asl\u0131nda bir toz dolum makinesinin maliyeti, ba\u015fta d\u0131\u015f fakt\u00f6rler ve i\u00e7 fakt\u00f6rler olmak \u00fczere pek \u00e7ok fakt\u00f6rle ili\u015fkilidir. Nakliye maliyeti, uluslararas\u0131 d\u00f6viz kuru, dolum makinesi \u00fcreticisi vb. gibi d\u0131\u015f fakt\u00f6rler i\u00e7in. Makine tipleri, makine malzemeleri, motor markas\u0131 vb. gibi i\u00e7 fakt\u00f6rler i\u00e7in. Her fabrika, toz dolum makinesi fiyat\u0131n\u0131 b\u00fcy\u00fck \u00f6l\u00e7\u00fcde etkileyebilir. Bu nedenle toz dolum makinas\u0131 sat\u0131n ald\u0131\u011f\u0131n\u0131zda ihtiya\u00e7lar\u0131n\u0131z\u0131 tam olarak bilmeniz sizin i\u00e7in \u00f6nemlidir. Hangisini se\u00e7ece\u011finizi bilmiyorsan\u0131z \u00f6neriler i\u00e7in yetenekli uzmanlar\u0131m\u0131za dan\u0131\u015f\u0131n. <\/p>    <figure class=\"wp-block-image size-full\"><img loading=\"lazy\" decoding=\"async\" width=\"720\" height=\"540\" src=\"https:\/\/taizypackaging.com\/wp-content\/uploads\/2021\/05\/powder-filling-machine.jpg\" alt=\"toz dolum makinas\u0131\" class=\"wp-image-3623\" srcset=\"https:\/\/taizypackaging.com\/wp-content\/uploads\/2021\/05\/powder-filling-machine.jpg 720w, https:\/\/taizypackaging.com\/wp-content\/uploads\/2021\/05\/powder-filling-machine-300x225.jpg 300w\" sizes=\"auto, (max-width: 720px) 100vw, 720px\" \/><figcaption class=\"wp-element-caption\">toz dolum makinas\u0131<\/figcaption><\/figure>    <h2 class=\"wp-block-heading\" id=\"h-working-process-of-flour-packaging-machine\">Otomatik toz dolum paketleme makinesinin \u00e7al\u0131\u015fma s\u00fcreci<\/h2>    <p class=\"translation-block\"><strong>\u00c7al\u0131\u015fma S\u00fcreci:<\/strong> Malzeme yerle\u015ftirme \u2192 Manuel torba yerle\u015ftirme \u2192 Otomatik dolum \u2192 Otomatik tart\u0131m \u2192 Otomatik ta\u015f\u0131ma \u2192 Otomatik s\u0131zd\u0131rmazl\u0131k \u2192 Tamamland\u0131<br>Ayr\u0131ca, paket torbas\u0131 ve s\u0131zd\u0131rmazl\u0131k cihazlar\u0131 farkl\u0131d\u0131r. Ger\u00e7ek ihtiya\u00e7lar\u0131n\u0131za g\u00f6re uygun olan\u0131 se\u00e7ebilirsiniz.<\/p>    <h2 class=\"wp-block-heading\" id=\"h-weighing-method-of-flour-packaging-machine\">Toz dolum makinas\u0131n\u0131n tart\u0131m y\u00f6ntemi<\/h2>    <p class=\"translation-block\">Toz dolum paketleme makinesi, TH-25 bilgisayar kantitatif paketleme \u00f6l\u00e7e\u011fini kullan\u0131r. Bu \u00f6l\u00e7ek, <a href=\"https:\/\/taizypackaging.com\/tr\/\">Taizy \u015firketi<\/a> taraf\u0131ndan geli\u015ftirilen yeni nesil ak\u0131ll\u0131 paketleme \u00f6l\u00e7e\u011fidir. Paketleme makinesinin ana b\u00f6l\u00fcm\u00fc, h\u0131zl\u0131 kendi kendine ak\u0131\u015f kesimini veya vidal\u0131 tahrik kesimini benimser. \u00d6l\u00e7\u00fcm y\u00f6ntemi kova \u00f6l\u00e7\u00fcm\u00fcd\u00fcr. Paketleme makinesi, k\u00fc\u00e7\u00fck \u00f6l\u00e7ekli besleme ve \u00f6l\u00e7\u00fcm i\u00e7in geli\u015fmi\u015f frekans d\u00f6n\u00fc\u015f\u00fcm teknolojisini kullan\u0131r. Bu arada, geli\u015fmi\u015f dijital frekans d\u00f6n\u00fc\u015f\u00fcm kontrol teknolojisini ve parazit \u00f6nleme teknolojisini benimser. Bu teknoloji, otomatik hata telafisi ve d\u00fczeltme ger\u00e7ekle\u015ftirebilir.<\/p>    <figure class=\"wp-block-image size-large\"><img decoding=\"async\" src=\"https:\/\/taizypackaging.com\/wp-content\/uploads\/2021\/05\/Computer-automatic-packaging-scale.jpg\" alt=\"Bilgisayar otomatik paketleme terazisi\" class=\"wp-image-1968\"\/><figcaption class=\"wp-element-caption\">Bilgisayar otomatik paketleme terazisi<\/figcaption><\/figure>    <h2 class=\"wp-block-heading\" id=\"h-benefits-of-using-flour-packaging-machine\">Kuru toz dolum makinas\u0131 kullanman\u0131n faydalar\u0131<\/h2>    <p>1 Otomatik toz paketleme kantar\u0131n\u0131n uygulanmas\u0131 \u00e7al\u0131\u015fma ortam\u0131n\u0131 ve verimlili\u011fi art\u0131r\u0131r. Ayr\u0131ca paketleme makinelerinin kullan\u0131lmas\u0131 i\u015f\u00e7ilik maliyetlerini azaltabilir.<\/p>    <p>2. Ambalaj po\u015fetinin farkl\u0131 malzemelerine g\u00f6re, katlama diki\u015f makinesini veya \u0131s\u0131yla yap\u0131\u015ft\u0131rma makinesini se\u00e7in. Aksesuarlar\u0131n performans\u0131 iyi. Ve toz paketleme makinesinin teknolojisi olduk\u00e7a olgundur;<\/p>    <p>3. Bu paketleme makinesi, toz paketlemedeki yap\u0131\u015fkan malzeme ve d\u00f6kme malzeme sorununu \u00e7\u00f6zer.<\/p>    <p>4. Paketleme makinelerinin kullan\u0131m\u0131, toz paketleme h\u0131z\u0131n\u0131 b\u00fcy\u00fck \u00f6l\u00e7\u00fcde art\u0131r\u0131r.<\/p>    <h2 class=\"wp-block-heading\" id=\"h-why-use-a-packaging-machine-to-package-flour\">Tozu paketlemek i\u00e7in neden paketleme makinesi kullanmal\u0131s\u0131n\u0131z?<\/h2>    <p>Toz \u00fcr\u00fcn\u00fcn kendisi nispeten incedir. Bu nedenle paketleme i\u015flemindeki toz nispeten b\u00fcy\u00fckt\u00fcr. Manuel kullan\u0131m hem yava\u015ft\u0131r hem de \u00e7al\u0131\u015fanlar\u0131n sa\u011fl\u0131\u011f\u0131 garanti edilmez. Firmam\u0131z\u0131n \u00fcretti\u011fi otomatik toz paketleme kantar\u0131 kullan\u0131larak bu sorun tamamen \u00e7\u00f6z\u00fclebilmektedir. G\u0131da tozu veya kimyasal toz fabrikalar\u0131 i\u00e7in otomatik toz dolum makinas\u0131 sat\u0131n al\u0131nmas\u0131 gerekmektedir. <\/p>    <h2 class=\"wp-block-heading\" id=\"h-how-to-choose-the-most-suitable-flour-packaging-machine\">En uygun toz dolum makinas\u0131 nas\u0131l se\u00e7ilir?<\/h2>    <p>Bu \u00f6l\u00e7e\u011fi se\u00e7ti\u011finizde l\u00fctfen a\u015fa\u011f\u0131daki bilgileri sa\u011flay\u0131n. Ard\u0131ndan teknik m\u00fchendislerimiz size en do\u011fru teknik konfig\u00fcrasyon plan\u0131n\u0131 sa\u011flayabilir. <\/p>    <ol class=\"wp-block-list\"> <li><strong>Ambalaj malzemelerinin \u00f6zellikleri:<\/strong> gran\u00fcller veya tozlar, malzeme boyutu veya a\u011f, nem i\u00e7eri\u011fi vb.<\/li>    <li><strong>Ambalaj \u00e7antas\u0131 \u00f6zellikleri:<\/strong> torba uzunlu\u011fu ve geni\u015fli\u011fi, dokuma torba veya ka\u011f\u0131t torba veya plastik torbalar.<\/li>    <li>Beklenen \u00e7\u0131kt\u0131n\u0131z\u0131n ve besleme y\u00f6nteminizin ayr\u0131nt\u0131lar\u0131. Ve sitenin s\u0131n\u0131rlamalar\u0131 olup olmad\u0131\u011f\u0131.<\/li> <\/ol>    <figure class=\"wp-block-image size-large\"><img loading=\"lazy\" decoding=\"async\" width=\"720\" height=\"540\" src=\"https:\/\/taizypackaging.com\/wp-content\/uploads\/2021\/05\/machine-display-2.jpg\" alt=\"un paketleme makinesi ekran\u0131\" class=\"wp-image-1961\" srcset=\"https:\/\/taizypackaging.com\/wp-content\/uploads\/2021\/05\/machine-display-2.jpg 720w, https:\/\/taizypackaging.com\/wp-content\/uploads\/2021\/05\/machine-display-2-300x225.jpg 300w\" sizes=\"auto, (max-width: 720px) 100vw, 720px\" \/><figcaption class=\"wp-element-caption\">un paketleme makinesi ekran\u0131<\/figcaption><\/figure>    <h2 class=\"wp-block-heading\" id=\"h-optional-accessories\">\u0130ste\u011fe ba\u011fl\u0131 Aksesuarlar<\/h2>    <p class=\"translation-block\"><strong>S\u0131zd\u0131rmazl\u0131k cihaz\u0131: <\/strong><\/p>    <p>Kapatma makinesini ihtiya\u00e7lar\u0131n\u0131za g\u00f6re se\u00e7ebilirsiniz. Plastik kapatma makineleri, vakum kapatma makineleri veya di\u011fer kapatma makineleri gibi.<\/p>    <figure class=\"wp-block-image size-large\"><img decoding=\"async\" src=\"https:\/\/taizypackaging.com\/wp-content\/uploads\/2021\/05\/sealing-device-2.jpg\" alt=\"un paketleme makinesinin s\u0131zd\u0131rmazl\u0131k cihaz\u0131 \" class=\"wp-image-1967\"\/><figcaption class=\"wp-element-caption\">un paketleme makinesinin s\u0131zd\u0131rmazl\u0131k cihaz\u0131 <\/figcaption><\/figure>    <p class=\"translation-block\"><strong>Besleme cihaz\u0131: <\/strong><\/p>    <p>Ayr\u0131ca bir besleyici de sat\u0131n alabilirsiniz. Besleme makinesi, \u00e7e\u015fitli malzemeleri paketleme makinesine ve hazneye otomatik olarak ta\u015f\u0131yabilir, bu da i\u015f\u00e7ilerin emek yo\u011funlu\u011funu azalt\u0131r ve besleme s\u0131ras\u0131nda toz ta\u015fmas\u0131 sorununu \u00e7\u00f6zer. Bu besleme y\u00f6ntemi tozun \u00e7evreyi kirletmesini \u00f6nleyebilir ve \u00e7al\u0131\u015fma ortam\u0131n\u0131 iyile\u015ftirebilir. Ayn\u0131 zamanda \u00e7evrenin ve personelin malzemelere olan kirlili\u011fini de azalt\u0131r ve GMP standard\u0131n\u0131 kar\u015f\u0131lar.<\/p>    <figure class=\"wp-block-image size-large\"><img loading=\"lazy\" decoding=\"async\" width=\"720\" height=\"540\" src=\"https:\/\/taizypackaging.com\/wp-content\/uploads\/2021\/05\/feeder.jpg\" alt=\"Bu gran\u00fcl dolum makinesinin besleyicisi\" class=\"wp-image-1930\" srcset=\"https:\/\/taizypackaging.com\/wp-content\/uploads\/2021\/05\/feeder.jpg 720w, https:\/\/taizypackaging.com\/wp-content\/uploads\/2021\/05\/feeder-300x225.jpg 300w\" sizes=\"auto, (max-width: 720px) 100vw, 720px\" \/><figcaption class=\"wp-element-caption\">Bu gran\u00fcl dolum makinesinin besleyicisi<\/figcaption><\/figure>    <h2 class=\"wp-block-heading\" id=\"h-technical-advantages-of-flour-packaging-machine\">Toz dolum makinas\u0131n\u0131n teknik avantajlar\u0131<\/h2>    <p>\u25cf Toz dolum ekipman\u0131, elektrostatik p\u00fcsk\u00fcrtme \u00fcretim s\u00fcrecini benimser.<br>\u25cf Ba\u011f\u0131ms\u0131z s\u00fcspansiyon sens\u00f6rlerine sahiptir. Bu nedenle bu paketleme makinesi istikrarl\u0131 bir sinyal iletimine ve do\u011fru tart\u0131ma sahiptir.<br>\u25cf Ana bilgisayar\u0131 frekans d\u00f6n\u00fc\u015ft\u00fcrme teknolojisini benimser.<br>\u25cf K\u0131z\u0131l\u00f6tesi sens\u00f6r ve servo kesmeyi benimser. Bu \u015fekilde daha fazla enerji tasarrufu ve g\u00fc\u00e7 tasarrufu sa\u011flan\u0131r.<br>\u25cf Vardiya \u00e7\u0131kt\u0131s\u0131n\u0131, g\u00fcnl\u00fck \u00e7\u0131kt\u0131y\u0131 ve k\u00fcm\u00fclatif \u00e7\u0131kt\u0131y\u0131 otomatik olarak saklayabilir.<\/p>    <h2 class=\"wp-block-heading\" id=\"h-value-added-services\">Katma de\u011ferli hizmetler<\/h2>    <p class=\"translation-block\">1. <strong>KK:<\/strong> S\u0131k\u0131 bir kalite kontrol sistemimiz var. Sevkiyattan \u00f6nce sizin i\u00e7in foto\u011fraf ve videolar \u00e7ekece\u011fiz.<br>2. <strong>Sat\u0131\u015f sonras\u0131 servis:<\/strong> 24 saat \u00e7evrimi\u00e7i ve \u00f6m\u00fcr boyu bak\u0131m. \u0130ngilizce k\u0131lavuz ve video e\u011fitimi.<br>3. <strong>\u00dcretim s\u00fcresi:<\/strong> 20-25 g\u00fcn<\/p>    <h2 class=\"wp-block-heading\" id=\"h-q-a\">Taizy toz dolum ekipman\u0131 hakk\u0131nda Soru-Cevap<\/h2>    <ol class=\"wp-block-list\"> <li>Toz dolum makinas\u0131 fiyat\u0131 nedir?<br>Toz dolum makinesinin \u00f6zel detaylar\u0131 \u00f6zelle\u015ftirilebilir. Ayr\u0131ca farkl\u0131 kapatma makinelerini de se\u00e7ebilirsiniz. Bu nedenle fiyat\u0131 da farkl\u0131d\u0131r. \u0130htiya\u00e7lar\u0131n\u0131z\u0131 bize iletebilirsiniz, nihai fiyata biz karar verece\u011fiz.<\/li>    <li>Toz ambalajlarda paketlenebilecek a\u011f\u0131rl\u0131k aral\u0131\u011f\u0131 nedir?<br>Ambalaj a\u011f\u0131rl\u0131\u011f\u0131: 5-50kg<\/li>    <li>Paketleme makinesi hangi malzemeden yap\u0131lm\u0131\u015ft\u0131r?<br>201 paslanmaz \u00e7elikten yap\u0131lm\u0131\u015ft\u0131r.<\/li>    <li>Paketleme makinesinin ta\u015f\u0131nmas\u0131 g\u00fcvenli midir?                                                                                                  Makineler, denizdeki nemi \u00f6nlemek i\u00e7in ambalajlamadan \u00f6nce plastik filmle sar\u0131l\u0131r. Makineler, f\u00fcmigasyondan ar\u0131nd\u0131r\u0131lm\u0131\u015f, gerekirse metal tel ile kapl\u0131 ah\u015fap bir kasaya konur.<\/li>    <li>Un paketlemek i\u00e7in hangi paketleme filmini se\u00e7ebilirim?<br>Ka\u011f\u0131t torbalar, film kapl\u0131 dokuma torbalar, \u00e7ift katmanl\u0131 kompozit torbalar.<\/li>    <li>\u00d6deme y\u00f6ntemi nedir?<br>Banka havalesi veya kredi kart\u0131yla 100% \u00f6demesi. \u00d6deme y\u00f6ntemlerini de ihtiya\u00e7lar\u0131n\u0131za g\u00f6re de\u011fi\u015ftirece\u011fiz.<\/li> <\/ol>","protected":false},"excerpt":{"rendered":"<p>Bu un paketleme makinesi toz paketlemede kolayl\u0131k sa\u011flar. 5kg-50kg aras\u0131 malzemelerin ambalajlanmas\u0131 i\u00e7in uygundur. Paketleme h\u0131z\u0131 h\u0131zl\u0131d\u0131r. Tozlar\u0131n makine ile paketlenmesi hijyenik ve g\u00fcvenlidir.<\/p>","protected":false},"author":1,"featured_media":1958,"parent":0,"template":"","tags":[565],"product-type":[660],"class_list":["post-1947","product","type-product","status-publish","has-post-thumbnail","hentry","tag-powder-filling-machine","product-type-powder-packing-machines"],"_links":{"self":[{"href":"https:\/\/taizypackaging.com\/tr\/wp-json\/wp\/v2\/product\/1947","targetHints":{"allow":["GET"]}}],"collection":[{"href":"https:\/\/taizypackaging.com\/tr\/wp-json\/wp\/v2\/product"}],"about":[{"href":"https:\/\/taizypackaging.com\/tr\/wp-json\/wp\/v2\/types\/product"}],"author":[{"embeddable":true,"href":"https:\/\/taizypackaging.com\/tr\/wp-json\/wp\/v2\/users\/1"}],"wp:featuredmedia":[{"embeddable":true,"href":"https:\/\/taizypackaging.com\/tr\/wp-json\/wp\/v2\/media\/1958"}],"wp:attachment":[{"href":"https:\/\/taizypackaging.com\/tr\/wp-json\/wp\/v2\/media?parent=1947"}],"wp:term":[{"taxonomy":"post_tag","embeddable":true,"href":"https:\/\/taizypackaging.com\/tr\/wp-json\/wp\/v2\/tags?post=1947"},{"taxonomy":"product-type","embeddable":true,"href":"https:\/\/taizypackaging.com\/tr\/wp-json\/wp\/v2\/product-type?post=1947"}],"curies":[{"name":"wp","href":"https:\/\/api.w.org\/{rel}","templated":true}]}}