{"id":1985,"date":"2021-06-02T02:50:38","date_gmt":"2021-06-02T02:50:38","guid":{"rendered":"https:\/\/taizypackaging.com\/?p=1985"},"modified":"2024-07-16T17:47:35","modified_gmt":"2024-07-16T09:47:35","slug":"semi-automatic-liquid-filling-machine","status":"publish","type":"product","link":"https:\/\/taizypackaging.com\/tr\/semi-automatic-liquid-filling-machine\/","title":{"rendered":"Yar\u0131 Otomatik S\u0131v\u0131 Dolum Makinas\u0131"},"content":{"rendered":"<div class=\"kk-star-ratings kksr-auto kksr-align-left kksr-valign-top\"     data-payload='{&quot;align&quot;:&quot;left&quot;,&quot;id&quot;:&quot;1985&quot;,&quot;slug&quot;:&quot;default&quot;,&quot;valign&quot;:&quot;top&quot;,&quot;ignore&quot;:&quot;&quot;,&quot;reference&quot;:&quot;auto&quot;,&quot;class&quot;:&quot;&quot;,&quot;count&quot;:&quot;25&quot;,&quot;legendonly&quot;:&quot;&quot;,&quot;readonly&quot;:&quot;&quot;,&quot;score&quot;:&quot;4.6&quot;,&quot;starsonly&quot;:&quot;&quot;,&quot;best&quot;:&quot;5&quot;,&quot;gap&quot;:&quot;5&quot;,&quot;greet&quot;:&quot;Rate this product&quot;,&quot;legend&quot;:&quot;4.6\\\/5 - (25 votes)&quot;,&quot;size&quot;:&quot;24&quot;,&quot;title&quot;:&quot;Semi Automatic Liquid Filling Machine&quot;,&quot;width&quot;:&quot;130.9&quot;,&quot;_legend&quot;:&quot;{score}\\\/{best} - ({count} {votes})&quot;,&quot;font_factor&quot;:&quot;1.25&quot;}'>              <div class=\"kksr-stars\">      <div class=\"kksr-stars-inactive\">             <div class=\"kksr-star\" data-star=\"1\" style=\"padding-right: 5px\">               <div class=\"kksr-icon\" style=\"width: 24px; height: 24px;\"><\/div>         <\/div>             <div class=\"kksr-star\" data-star=\"2\" style=\"padding-right: 5px\">               <div class=\"kksr-icon\" style=\"width: 24px; height: 24px;\"><\/div>         <\/div>             <div class=\"kksr-star\" data-star=\"3\" style=\"padding-right: 5px\">               <div class=\"kksr-icon\" style=\"width: 24px; height: 24px;\"><\/div>         <\/div>             <div class=\"kksr-star\" data-star=\"4\" style=\"padding-right: 5px\">               <div class=\"kksr-icon\" style=\"width: 24px; height: 24px;\"><\/div>         <\/div>             <div class=\"kksr-star\" data-star=\"5\" style=\"padding-right: 5px\">               <div class=\"kksr-icon\" style=\"width: 24px; height: 24px;\"><\/div>         <\/div>     <\/div>      <div class=\"kksr-stars-active\" style=\"width: 130.9px;\">             <div class=\"kksr-star\" style=\"padding-right: 5px\">               <div class=\"kksr-icon\" style=\"width: 24px; height: 24px;\"><\/div>         <\/div>             <div class=\"kksr-star\" style=\"padding-right: 5px\">               <div class=\"kksr-icon\" style=\"width: 24px; height: 24px;\"><\/div>         <\/div>             <div class=\"kksr-star\" style=\"padding-right: 5px\">               <div class=\"kksr-icon\" style=\"width: 24px; height: 24px;\"><\/div>         <\/div>             <div class=\"kksr-star\" style=\"padding-right: 5px\">               <div class=\"kksr-icon\" style=\"width: 24px; height: 24px;\"><\/div>         <\/div>             <div class=\"kksr-star\" style=\"padding-right: 5px\">               <div class=\"kksr-icon\" style=\"width: 24px; height: 24px;\"><\/div>         <\/div>     <\/div> <\/div>                   <div class=\"kksr-legend\" style=\"font-size: 19.2px;\">             4.6\/5 - (25 oy)    <\/div>     <\/div>  <p class=\"translation-block\"><strong>Yar\u0131 otomatik s\u0131v\u0131 doldurma makinesi<\/strong>, d\u00fc\u015f\u00fck maliyetli bir s\u0131v\u0131 paketleme arac\u0131d\u0131r. K\u00fc\u00e7\u00fck i\u015fletmeler i\u00e7in olduk\u00e7a ideal <strong>s\u0131v\u0131 doldurma ekipman\u0131<\/strong>'d\u0131r. <strong>Manuel s\u0131v\u0131 doldurma makinesi<\/strong>, i\u00e7ecek, kozmetik ve kimya end\u00fcstrisinde yayg\u0131n olarak kullan\u0131lmaktad\u0131r. Bu t\u00fcr k\u00fc\u00e7\u00fck <strong>masa \u00fcst\u00fc s\u0131v\u0131 doldurma makinesi<\/strong>, torbalar, \u015fi\u015feler ve kutular i\u00e7in uygundur. Basit bir yap\u0131ya ve k\u00fc\u00e7\u00fck bir boyuta sahip olmas\u0131yla \u00e7ok esnek ve kullan\u0131m\u0131 kolayd\u0131r. Taizy Machinery Co., Ltd, g\u00fcvenilir s\u0131v\u0131 doldurma makinesi tasar\u0131m\u0131, ara\u015ft\u0131rmas\u0131, \u00fcretimi ve ihracat\u0131 konusunda olduk\u00e7a zengin bir deneyime sahiptir. Bug\u00fcn bizimle ileti\u015fime ge\u00e7in ve \u00fccretsiz <strong>yar\u0131 otomatik s\u0131v\u0131 doldurma makinesi fiyat\u0131<\/strong> al\u0131n. <\/p>    <h2 class=\"wp-block-heading\" id=\"what-is-a-liquid-filling-machine\">S\u0131v\u0131 dolum makinas\u0131 nedir? <\/h2>    <p>S\u0131v\u0131 dolum makinesi veya s\u0131v\u0131 dolgu maddesi, i\u00e7ecek, kimya, kozmetik ve ila\u00e7 end\u00fcstrileri gibi bir\u00e7ok end\u00fcstride temel ekipmanlard\u0131r. Bu s\u0131v\u0131 \u00fcr\u00fcnlerin \u00e7ekici po\u015fetler, \u015fi\u015feler veya kutular i\u00e7inde paketlenmesi gerekir. S\u0131v\u0131 dolum makineleri ile s\u0131v\u0131, fazla fire vermeden, kolay ve verimli bir \u015fekilde kaplara paketlenebilir. Manuel operasyonla kar\u015f\u0131la\u015ft\u0131r\u0131ld\u0131\u011f\u0131nda yar\u0131 otomatik s\u0131v\u0131 dolum makinas\u0131 daha fazla maliyet tasarrufu ve emek tasarrufu sa\u011flar. S\u0131v\u0131 dolum makinesi manuel s\u0131v\u0131 dolum makinesi, yar\u0131 otomatik s\u0131v\u0131 dolum makinesi ve tam otomatik s\u0131v\u0131 dolum makinesine ayr\u0131labilir. Farkl\u0131 t\u00fcrlerin tamamen farkl\u0131 \u00f6zellikleri ve avantajlar\u0131 vard\u0131r. Projeniz i\u00e7in hangisinin en iyisi oldu\u011fundan emin de\u011filseniz uzman\u0131m\u0131za \u00fccretsiz dan\u0131\u015f\u0131n. <\/p>    <figure class=\"wp-block-image size-full\"><img decoding=\"async\" src=\"https:\/\/taizypackaging.com\/wp-content\/uploads\/2021\/06\/semi-automatic-liquid-filling-machine-1.jpg\" alt=\"yar\u0131 otomatik s\u0131v\u0131 dolum makinas\u0131\" class=\"wp-image-3658\"\/><figcaption>yar\u0131 otomatik s\u0131v\u0131 dolum makinas\u0131<\/figcaption><\/figure>    <h2 class=\"wp-block-heading\" id=\"h-application-field-of-semi-automatic-liquid-filling-machine\">Yar\u0131 otomatik s\u0131v\u0131 dolum makinas\u0131 uygulamalar\u0131<\/h2>    <p>Yar\u0131 otomatik s\u0131v\u0131 dolum makinesi, ila\u00e7, g\u0131da, i\u00e7ecek, g\u00fcnl\u00fck kimyasallar, ya\u011flar, \u00e7e\u015fniler, kozmetik vb. end\u00fcstrilerinde s\u0131v\u0131lar\u0131n kantitatif dolumunda yayg\u0131n olarak kullan\u0131lmaktad\u0131r. Saf su, maden suyu, meyve sular\u0131, biralar\u0131n paketlenmesi i\u00e7in idealdir. , \u015faraplar, lik\u00f6r, \u015furuplar, yenilebilir ya\u011flar, aromalar ve kokular, \u015fampuanlar, du\u015f jelleri, el dezenfektanlar\u0131, dezenfektanlar, deterjan, ya\u011flay\u0131c\u0131lar, fren ya\u011flar\u0131, antifriz, pestisitler, Herbisitler vb. Bu yar\u0131 otomatik s\u0131v\u0131 dolum makinesi, h\u0131zl\u0131 doldurma h\u0131z\u0131na ve do\u011fru tart\u0131ma sahiptir. K\u00fc\u00e7\u00fck ve orta \u00f6l\u00e7ekli projeler i\u00e7in en iyi se\u00e7imdir.<\/p>    <figure class=\"wp-block-image size-large\"><img decoding=\"async\" src=\"https:\/\/taizypackaging.com\/wp-content\/uploads\/2021\/06\/packing-sample.jpg\" alt=\"ambalaj \u00f6rne\u011fi\" class=\"wp-image-2027\"\/><figcaption>ambalaj \u00f6rne\u011fi<\/figcaption><\/figure>    <h2 class=\"wp-block-heading\" id=\"h-working-principle-of-semi-automatic-liquid-filling-machine\">Yar\u0131 otomatik s\u0131v\u0131 dolum makinas\u0131n\u0131n \u00e7al\u0131\u015fma prensibi<\/h2>    <p>Yar\u0131 otomatik dolum makinas\u0131 pistonlu dolum makinas\u0131d\u0131r. Malzemeleri \u00e7\u0131karmak ve \u00e7\u0131karmak i\u00e7in bir piston bir silindir taraf\u0131ndan tahrik edilir. Tek y\u00f6nl\u00fc bir valf malzeme ak\u0131\u015f\u0131n\u0131 kontrol edebilir. Ve bir kam\u0131\u015f anahtar\u0131 silindirin strokunu kontrol edebilir. Bu sayede dolum hacmi ayarlanabilir.<\/p>    <h2 class=\"wp-block-heading\" id=\"h-model-and-filling-volume-range-of-semi-automatic-liquid-packing-machine\">Yar\u0131 otomatik s\u0131v\u0131 dolum makinas\u0131 model ve dolum hacim aral\u0131\u011f\u0131<\/h2>    <figure class=\"wp-block-table\"><table><tbody><tr><td>Mod50<\/td><td>5-50ML &nbsp;&nbsp;&nbsp;&nbsp;&nbsp;&nbsp;&nbsp;<\/td><\/tr><tr><td>Mod100<\/td><td>10-100ML<\/td><\/tr><tr><td>Mod300<\/td><td>30-300ML<\/td><\/tr><tr><td>Mod500<\/td><td>50-500ML<\/td><\/tr><tr><td>Mod1000<\/td><td>100-1000ML<\/td><\/tr><tr><td>Mod2500<\/td><td>250-2500ML<\/td><\/tr><tr><td>Mod3000<\/td><td>300-3000ML<\/td><\/tr><tr><td>Mod5000<\/td><td>500-5000ML<\/td><\/tr><\/tbody><\/table><\/figure>    <h2 class=\"wp-block-heading\" id=\"h-the-structure-and-characteristics-of-semi-automatic-liquid-filling-machine\">Yar\u0131 otomatik s\u0131v\u0131 dolum makinas\u0131n\u0131n yap\u0131 \u00f6zellikleri<\/h2>    <ol class=\"wp-block-list\"><li>S\u0131v\u0131 dolum makinas\u0131 yar\u0131 otomatik pistonlu tiptir. Makul bir tasar\u0131ma, kompakt yap\u0131ya ve rahat \u00e7al\u0131\u015fmaya sahiptir.<\/li><li>Malzemelerle temas eden k\u0131s\u0131mlarda 304 paslanmaz \u00e7elik kullan\u0131lmaktad\u0131r. Bu malzeme GMP gerekliliklerini kar\u015f\u0131lamaktad\u0131r.<\/li><li>Doldurma hacmi ve doldurma h\u0131z\u0131 ayarlanabilir. Ve doldurma do\u011frulu\u011fu y\u00fcksektir.<\/li><li>Doldurma b\u00f6lmesi, damlamay\u0131 \u00f6nleyen, \u00e7izilmeyi \u00f6nleyen ve kald\u0131rma dolum cihazlar\u0131n\u0131 benimser.<\/li><li>Bu s\u0131v\u0131 dolum makinesi \u00e7ok kafal\u0131, patlamaya dayan\u0131kl\u0131, ta\u015fma dolum sistemine d\u00f6n\u00fc\u015ft\u00fcr\u00fclebilir.<\/li><\/ol>    <figure class=\"wp-block-image size-large\"><img decoding=\"async\" src=\"https:\/\/taizypackaging.com\/wp-content\/uploads\/2021\/06\/structure-of-semi-automatic-liquid-filling-machine.jpg\" alt=\"yar\u0131 otomatik s\u0131v\u0131 dolum makinas\u0131n\u0131n yap\u0131s\u0131\" class=\"wp-image-2034\"\/><figcaption>yar\u0131 otomatik s\u0131v\u0131 dolum makinas\u0131n\u0131n yap\u0131s\u0131<\/figcaption><\/figure>    <h2 class=\"wp-block-heading\" id=\"h-technical-advantages\">Teknik avantajlar<\/h2>    <p>1. Bu s\u0131v\u0131 dolum makinesinin dolgu malzemesi genellikle s\u0131v\u0131 veya viskoz s\u0131v\u0131 oldu\u011fundan nemli olmas\u0131 kolayd\u0131r, bu nedenle g\u00f6vde, paslanmas\u0131 kolay olmayan paslanmaz \u00e7elik ve al\u00fcminyum ala\u015f\u0131m\u0131ndan yap\u0131lm\u0131\u015ft\u0131r. Nemli ortam\u0131 ve hijyen malzemesini garanti eder.<\/p>    <p>2. Makine, \u00f6zellikle patlamaya kar\u015f\u0131 koruma gereksinimleri olan bir ortamda kullan\u0131ma uygun ve y\u00fcksek g\u00fcvenli\u011fe sahip \u00e7ift hava bas\u0131nc\u0131 kontrol sistemi kullan\u0131r;<\/p>    <p>3 Enjeksiyon, toner, \u015furup vb. doldururken makinenin durmas\u0131 gerekti\u011finde, sadece pn\u00f6matik anahtar\u0131 kapat\u0131n, piston otomatik olarak ba\u015flang\u0131\u00e7 \u200b\u200bkonumuna d\u00f6necek ve dolum duracakt\u0131r.<\/p>    <h2 class=\"wp-block-heading\" id=\"h-machine-details\">S\u0131v\u0131 dolum ekipman\u0131n\u0131n makine detaylar\u0131<\/h2>    <figure class=\"wp-block-image size-large is-resized\"><img loading=\"lazy\" decoding=\"async\" src=\"https:\/\/taizypackaging.com\/wp-content\/uploads\/2021\/06\/machine-details.jpg\" alt=\"makine detaylar\u0131\" class=\"wp-image-2036\" width=\"840\" height=\"409\"\/><figcaption>s\u0131v\u0131 dolum makinas\u0131 detaylar\u0131<\/figcaption><\/figure>    <h2 class=\"wp-block-heading\" id=\"h-optional-device\">\u0130ste\u011fe ba\u011fl\u0131 cihaz<\/h2>    <p>Taizy firmas\u0131nda farkl\u0131 taleplerinizi ger\u00e7ekle\u015ftirmek i\u00e7in di\u011fer cihazlar\u0131 da tercih edebilirsiniz.<\/p>    <ol class=\"wp-block-list\"><li>Hazne bir \u0131s\u0131tma cihaz\u0131 ile donat\u0131labilir. \u0130htiyac\u0131n\u0131z olursa makineyi s\u0131v\u0131 \u0131s\u0131tma cihaz\u0131yla donatabilirsiniz.<\/li><li>Hazne bir kar\u0131\u015ft\u0131rma \u00e7ubu\u011fu ile donat\u0131labilir. Kar\u0131\u015ft\u0131r\u0131c\u0131 s\u0131v\u0131y\u0131 e\u015fit \u015fekilde kar\u0131\u015ft\u0131rabilir.<\/li><li>T\u00fcm makineler hava kompres\u00f6rleri ile donat\u0131lm\u0131\u015ft\u0131r. S\u0131v\u0131lar\u0131n g\u00fcvenli ve do\u011fru doldurulmas\u0131n\u0131 sa\u011flayabilir.<\/li><li>S\u0131zd\u0131rmazl\u0131k cihaz\u0131. Vakumlu kapatma cihaz\u0131 veya di\u011fer t\u00fcrdeki kapatma makinesi.<\/li><li>Kodlay\u0131c\u0131. \u015eerit kodlay\u0131c\u0131lar, m\u00fcrekkep p\u00fcsk\u00fcrtmeli kodlay\u0131c\u0131lar, lazer kodlay\u0131c\u0131lar ve di\u011fer kodlama makineleri.<\/li><li>Paketleme makinesi i\u00e7in birden fazla nozul yap\u0131land\u0131rabilirsiniz. Bu doldurma h\u0131z\u0131n\u0131 art\u0131rabilir.<\/li><\/ol>    <h2 class=\"wp-block-heading\" id=\"h-machine-display\">Taizy s\u0131v\u0131 dolum makinesinin makine ekran\u0131<\/h2>    <div class=\"wp-block-columns is-layout-flex wp-container-core-columns-is-layout-9d6595d7 wp-block-columns-is-layout-flex\"> <div class=\"wp-block-column is-layout-flow wp-block-column-is-layout-flow\"> <figure class=\"wp-block-image size-full\"><img decoding=\"async\" src=\"https:\/\/taizypackaging.com\/wp-content\/uploads\/2021\/06\/semi-automatic-liquid-filling-machine-factory.jpg\" alt=\"yar\u0131 otomatik s\u0131v\u0131 dolum makinas\u0131 fabrikas\u0131\" class=\"wp-image-3661\"\/><figcaption>yar\u0131 otomatik s\u0131v\u0131 dolum makinas\u0131 fabrikas\u0131<\/figcaption><\/figure> <\/div>    <div class=\"wp-block-column is-layout-flow wp-block-column-is-layout-flow\"> <figure class=\"wp-block-image size-full\"><img loading=\"lazy\" decoding=\"async\" width=\"720\" height=\"540\" src=\"https:\/\/taizypackaging.com\/wp-content\/uploads\/2021\/06\/machine-stock.jpg\" alt=\"makine sto\u011fu\" class=\"wp-image-2181\" srcset=\"https:\/\/taizypackaging.com\/wp-content\/uploads\/2021\/06\/machine-stock.jpg 720w, https:\/\/taizypackaging.com\/wp-content\/uploads\/2021\/06\/machine-stock-300x225.jpg 300w\" sizes=\"auto, (max-width: 720px) 100vw, 720px\" \/><figcaption>yar\u0131 otomatik s\u0131v\u0131 dolum makinas\u0131 sto\u011fu<\/figcaption><\/figure> <\/div> <\/div>    <h2 class=\"wp-block-heading\" id=\"h-warm-tips-during-operation\">Operasyon s\u0131ras\u0131nda s\u0131cak ipu\u00e7lar\u0131<\/h2>    <ol class=\"wp-block-list\"><li>Temizlemeden \u00f6nce bas\u0131n\u00e7l\u0131 havan\u0131n kapal\u0131 olup olmad\u0131\u011f\u0131n\u0131 kontrol etmelisiniz. Kapatmad\u0131ysan\u0131z l\u00fctfen bas\u0131n\u00e7l\u0131 havay\u0131 kapat\u0131n;<\/li><li>Makineyi temizlemek i\u00e7in ksilen, muz suyu, sodyum hipoklorit vb. gibi organik \u00e7\u00f6z\u00fcc\u00fclerin kullan\u0131lmas\u0131 kesinlikle yasakt\u0131r;<\/li><li>Bu yar\u0131 otomatik dolum makinesinin t\u00fcm par\u00e7alar\u0131n\u0131 temizledikten sonra, par\u00e7alar kuruyuncaya kadar a\u015f\u0131lamaya ba\u015flamal\u0131s\u0131n\u0131z. Makineye su veya di\u011fer e\u015fyalar\u0131n girmedi\u011finden emin olun;<\/li><li>Gereksinimleri kar\u015f\u0131layan g\u00fc\u00e7 ve gaz kayna\u011f\u0131n\u0131 kullan\u0131n;<\/li><li>\u00d6ncelikle hava kayna\u011f\u0131n\u0131 ve g\u00fc\u00e7 kayna\u011f\u0131n\u0131 kapatmal\u0131s\u0131n\u0131z. Daha sonra yar\u0131 otomatik kantitatif dolum makinesini s\u00f6k\u00fcp y\u0131kay\u0131n;<\/li><li>G\u00fc\u00e7 anahtar\u0131 kapat\u0131ld\u0131ktan sonra baz\u0131 yar\u0131 otomatik s\u0131v\u0131 dolum makinas\u0131 devrelerinde voltaj olu\u015fur. Bu nedenle onar\u0131m\u0131n yap\u0131lmamas\u0131 durumunda ana elektri\u011fi kesmeniz gerekir.<\/li><\/ol>    <h2 class=\"wp-block-heading\" id=\"h-cleaning-and-maintenance\">Yar\u0131 otomatik s\u0131v\u0131 dolum cihaz\u0131n\u0131n temizli\u011fi ve bak\u0131m\u0131<\/h2>    <ol class=\"wp-block-list\"><li>Yar\u0131 otomatik s\u0131v\u0131 dolum makinas\u0131n\u0131 temizlemeden \u00f6nce. Makinede kalan s\u0131v\u0131 malzemeleri temizlemelisiniz. Daha sonra tank\u0131 temizleme s\u0131v\u0131s\u0131yla doldurun. Gerekirse \u0131l\u0131k su, alkol, sabunlu su veya di\u011fer temizlik s\u0131v\u0131lar\u0131n\u0131 kullansan\u0131z iyi olur;<\/li><li> Temizlerken O-ringin d\u00fczg\u00fcn tak\u0131ld\u0131\u011f\u0131ndan emin olun. Daha sonra makineyi a\u00e7\u0131n ve malzemeyle temas eden t\u00fcm par\u00e7alar iyice temizlenene kadar makinenin dolum sirk\u00fclasyonuna izin verin. Bunlara piston silindirleri, piston kafalar\u0131, O-halkalar, tek y\u00f6nl\u00fc valfler, doldurma kafalar\u0131, variller, hazneler vb. dahildir;<\/li><li>Bu yar\u0131 otomatik dolum makinesinin t\u00fcm s\u0131zd\u0131rmazl\u0131k halkalar\u0131n\u0131 temizleyin. Pistonun O-ringini ve valfin d\u00fcz conta halkas\u0131n\u0131 temizlemelisiniz. Ayr\u0131ca \u00e7atlam\u0131\u015f ve hasar g\u00f6rm\u00fc\u015f s\u0131zd\u0131rmazl\u0131k halkas\u0131n\u0131 da de\u011fi\u015ftirin.<\/li><\/ol>    <h2 class=\"wp-block-heading\" id=\"h-shipment\">G\u00f6nderilmeye haz\u0131r <\/h2>    <p class=\"translation-block\">T\u00fcm <a href=\"https:\/\/taizypackaging.com\/tr\/liquid-pouch-packing-machine\/\">s\u0131v\u0131 paketleme makineleri<\/a>, ambalajlamadan \u00f6nce plastik filmle sar\u0131l\u0131r. Ve denizde nemi \u00f6nleyecektir. Makineler, gerekli oldu\u011funda metal tel ile kapl\u0131, fumigasyondan muaf bir ah\u015fap kasaya yerle\u015ftirilir. T\u00fcm makineler, sevkiyat \u00f6ncesinde s\u0131k\u0131 beklentilere tabi tutulur. Ayr\u0131ca, sevkiyat\u0131n videosunu ve foto\u011fraflar\u0131n\u0131 sizin i\u00e7in \u00e7ekece\u011fiz.<\/p>    <figure class=\"wp-block-image size-large\"><img decoding=\"async\" src=\"https:\/\/taizypackaging.com\/wp-content\/uploads\/2021\/06\/shipment-1.jpg\" alt=\"s\u0131v\u0131 dolum makineleri sevkiyata haz\u0131r\" class=\"wp-image-2183\"\/><figcaption>s\u0131v\u0131 dolum makineleri sevkiyata haz\u0131r<\/figcaption><\/figure>    <h2 class=\"wp-block-heading\" id=\"h-q-a\">Soru-Cevap<\/h2>    <ol class=\"wp-block-list\"><li>Yar\u0131 otomatik s\u0131v\u0131 dolum makinas\u0131n\u0131n fiyat\u0131 nedir?<br>Her t\u00fcrl\u00fc dolum makinesi \u00f6zelle\u015ftirilebilir, dolay\u0131s\u0131yla fiyatlar da farkl\u0131d\u0131r. Detaylara g\u00f6re nihai fiyat\u0131 belirleyece\u011fiz.<\/li><li>Hangi s\u0131v\u0131 doldurulabilir?<br>Nispeten iyi ak\u0131\u015fkanl\u0131\u011fa sahip s\u0131v\u0131lar, meyve suyu, i\u00e7ecekler, s\u00fct, \u00e7ay, \u00e7ama\u015f\u0131r deterjan\u0131, su ve di\u011fer s\u0131v\u0131 malzemeler.<\/li><li>Doldurma s\u0131v\u0131s\u0131 ne t\u00fcr ambalaj kullan\u0131yor?<br>Plastik po\u015fet, \u015fi\u015fe gibi \u00e7e\u015fitli ambalaj t\u00fcrleri kullan\u0131labilir. Genellikle \u015fi\u015felenmi\u015f form daha yayg\u0131nd\u0131r.<\/li><li>Ka\u00e7 malzeme paketlenebilir?<br>Yar\u0131 otomatik s\u0131v\u0131 paketleme makinelerinin sekiz modeli bulunmaktad\u0131r. Ambalaj hacmi 5-5000ML aras\u0131nda de\u011fi\u015fmektedir.<\/li><\/ol>","protected":false},"excerpt":{"rendered":"<p>Semi automatic liquid filling machine is a low-cost liquid packaging tool. It is quite ideal liquid filling equipment for small business. A manual liquid filling machine is widely used in the beverage, cosmetics and chemical industry. This kind of small table top liquid filling machine is suitable for bags, bottles, and cans. With a simple [&hellip;]<\/p>\n","protected":false},"author":1,"featured_media":2026,"parent":0,"template":"","tags":[75,255,257,582],"product-type":[661],"class_list":["post-1985","product","type-product","status-publish","has-post-thumbnail","hentry","tag-bottle-filling-machine","tag-liquid-filler","tag-liquid-filling-machine","tag-liquid-pouch-filling-machine","product-type-liquid-packing-machines"],"_links":{"self":[{"href":"https:\/\/taizypackaging.com\/tr\/wp-json\/wp\/v2\/product\/1985","targetHints":{"allow":["GET"]}}],"collection":[{"href":"https:\/\/taizypackaging.com\/tr\/wp-json\/wp\/v2\/product"}],"about":[{"href":"https:\/\/taizypackaging.com\/tr\/wp-json\/wp\/v2\/types\/product"}],"author":[{"embeddable":true,"href":"https:\/\/taizypackaging.com\/tr\/wp-json\/wp\/v2\/users\/1"}],"wp:featuredmedia":[{"embeddable":true,"href":"https:\/\/taizypackaging.com\/tr\/wp-json\/wp\/v2\/media\/2026"}],"wp:attachment":[{"href":"https:\/\/taizypackaging.com\/tr\/wp-json\/wp\/v2\/media?parent=1985"}],"wp:term":[{"taxonomy":"post_tag","embeddable":true,"href":"https:\/\/taizypackaging.com\/tr\/wp-json\/wp\/v2\/tags?post=1985"},{"taxonomy":"product-type","embeddable":true,"href":"https:\/\/taizypackaging.com\/tr\/wp-json\/wp\/v2\/product-type?post=1985"}],"curies":[{"name":"wp","href":"https:\/\/api.w.org\/{rel}","templated":true}]}}