{"id":2003,"date":"2021-05-28T10:46:43","date_gmt":"2021-05-28T10:46:43","guid":{"rendered":"https:\/\/taizypackaging.com\/?p=2003"},"modified":"2023-10-24T17:03:47","modified_gmt":"2023-10-24T09:03:47","slug":"semi-automatic-paste-filling-machine","status":"publish","type":"product","link":"https:\/\/taizypackaging.com\/tr\/semi-automatic-paste-filling-machine\/","title":{"rendered":"Macun Dolum Makinas\u0131"},"content":{"rendered":"<div class=\"kk-star-ratings kksr-auto kksr-align-left kksr-valign-top\"     data-payload='{&quot;align&quot;:&quot;left&quot;,&quot;id&quot;:&quot;2003&quot;,&quot;slug&quot;:&quot;default&quot;,&quot;valign&quot;:&quot;top&quot;,&quot;ignore&quot;:&quot;&quot;,&quot;reference&quot;:&quot;auto&quot;,&quot;class&quot;:&quot;&quot;,&quot;count&quot;:&quot;20&quot;,&quot;legendonly&quot;:&quot;&quot;,&quot;readonly&quot;:&quot;&quot;,&quot;score&quot;:&quot;4.6&quot;,&quot;starsonly&quot;:&quot;&quot;,&quot;best&quot;:&quot;5&quot;,&quot;gap&quot;:&quot;5&quot;,&quot;greet&quot;:&quot;Rate this product&quot;,&quot;legend&quot;:&quot;4.6\\\/5 - (20 votes)&quot;,&quot;size&quot;:&quot;24&quot;,&quot;title&quot;:&quot;Paste Filling Machine&quot;,&quot;width&quot;:&quot;130.9&quot;,&quot;_legend&quot;:&quot;{score}\\\/{best} - ({count} {votes})&quot;,&quot;font_factor&quot;:&quot;1.25&quot;}'>              <div class=\"kksr-stars\">      <div class=\"kksr-stars-inactive\">             <div class=\"kksr-star\" data-star=\"1\" style=\"padding-right: 5px\">               <div class=\"kksr-icon\" style=\"width: 24px; height: 24px;\"><\/div>         <\/div>             <div class=\"kksr-star\" data-star=\"2\" style=\"padding-right: 5px\">               <div class=\"kksr-icon\" style=\"width: 24px; height: 24px;\"><\/div>         <\/div>             <div class=\"kksr-star\" data-star=\"3\" style=\"padding-right: 5px\">               <div class=\"kksr-icon\" style=\"width: 24px; height: 24px;\"><\/div>         <\/div>             <div class=\"kksr-star\" data-star=\"4\" style=\"padding-right: 5px\">               <div class=\"kksr-icon\" style=\"width: 24px; height: 24px;\"><\/div>         <\/div>             <div class=\"kksr-star\" data-star=\"5\" style=\"padding-right: 5px\">               <div class=\"kksr-icon\" style=\"width: 24px; height: 24px;\"><\/div>         <\/div>     <\/div>      <div class=\"kksr-stars-active\" style=\"width: 130.9px;\">             <div class=\"kksr-star\" style=\"padding-right: 5px\">               <div class=\"kksr-icon\" style=\"width: 24px; height: 24px;\"><\/div>         <\/div>             <div class=\"kksr-star\" style=\"padding-right: 5px\">               <div class=\"kksr-icon\" style=\"width: 24px; height: 24px;\"><\/div>         <\/div>             <div class=\"kksr-star\" style=\"padding-right: 5px\">               <div class=\"kksr-icon\" style=\"width: 24px; height: 24px;\"><\/div>         <\/div>             <div class=\"kksr-star\" style=\"padding-right: 5px\">               <div class=\"kksr-icon\" style=\"width: 24px; height: 24px;\"><\/div>         <\/div>             <div class=\"kksr-star\" style=\"padding-right: 5px\">               <div class=\"kksr-icon\" style=\"width: 24px; height: 24px;\"><\/div>         <\/div>     <\/div> <\/div>                   <div class=\"kksr-legend\" style=\"font-size: 19.2px;\">             4.6\/5 - (20 oy)    <\/div>     <\/div>  <p class=\"translation-block\"><strong>Paste filling machine<\/strong> is designed and manufactured for handling various paste products, such as tomato paste, toothpaste, honey, sauce, ketchup, hand sanitizer, etc. It has a small size. Besides, with a simple structure and good design, a <strong>semi automatic paste filling machine<\/strong> is very easy to operate and maintain. Moreover, low cost and great performance features will greatly benefit your project. As a leading filling machine manufacturer and supplier, we provide standard and custom paste filling machines for sale. We also provide various supporting equipment to fit your needs like a bottle unscrambler, capping machine, sealing machine, labeling machine, coding machine, etc. Send a message to start your successful business. <\/p>   <figure class=\"wp-block-embed-youtube wp-block-embed is-type-video is-provider-youtube wp-embed-aspect-16-9 wp-has-aspect-ratio\"><div class=\"lyte-wrapper fourthree\" title=\"Yar\u0131 otomatik f\u0131st\u0131k ezmesi dolum makinas\u0131 | Manuel macun dolum makinas\u0131\" style=\"width:960px;max-width:100%;margin:5px auto;\"><div class=\"lyMe hidef\" id=\"WYL_yt5JE0PnNjo\" itemprop=\"video\" itemscope itemtype=\"https:\/\/schema.org\/VideoObject\"><div><meta itemprop=\"thumbnailUrl\" content=\"https:\/\/taizypackaging.com\/wp-content\/plugins\/wp-youtube-lyte\/lyteCache.php?origThumbUrl=https%3A%2F%2Fi.ytimg.com%2Fvi%2Fyt5JE0PnNjo%2Fhqdefault.jpg\" \/><meta itemprop=\"embedURL\" content=\"https:\/\/www.youtube.com\/embed\/yt5JE0PnNjo\" \/><meta itemprop=\"duration\" content=\"PT1M11S\" \/><meta itemprop=\"uploadDate\" content=\"2021-06-11T10:06:47Z\" \/><\/div><meta itemprop=\"accessibilityFeature\" content=\"captions\" \/><div id=\"lyte_yt5JE0PnNjo\" data-src=\"https:\/\/taizypackaging.com\/wp-content\/plugins\/wp-youtube-lyte\/lyteCache.php?origThumbUrl=https%3A%2F%2Fi.ytimg.com%2Fvi%2Fyt5JE0PnNjo%2Fhqdefault.jpg\" class=\"pL\"><div class=\"tC\"><div class=\"tT\" itemprop=\"name\">Yar\u0131 otomatik f\u0131st\u0131k ezmesi dolum makinas\u0131 | Manuel macun dolum makinas\u0131<\/div><\/div><div class=\"play\"><\/div><div class=\"ctrl\"><div class=\"Lctrl\"><\/div><div class=\"Rctrl\"><\/div><\/div><\/div><noscript><a href=\"https:\/\/youtu.be\/yt5JE0PnNjo\" rel=\"nofollow noopener\" target=\"_blank\"><img loading=\"lazy\" decoding=\"async\" src=\"https:\/\/taizypackaging.com\/wp-content\/plugins\/wp-youtube-lyte\/lyteCache.php?origThumbUrl=https%3A%2F%2Fi.ytimg.com%2Fvi%2Fyt5JE0PnNjo%2F0.jpg\" alt=\"Yar\u0131 otomatik f\u0131st\u0131k ezmesi dolum makinas\u0131 | Manuel macun dolum makinas\u0131\" width=\"960\" height=\"700\" \/><br \/>Bu videoyu YouTube'da izleyin<\/a><\/noscript><meta itemprop=\"description\" content=\"Whatsapp\/Wechat\/Tel:+86 19139754781 Website: https:\/\/taizypackaging.com\/semi-automatic-paste-filling-machine\/ The semi-automatic paste filling machine has a perfect function for filling various kinds of paste. It can fill paste in bags or bottles efficiently. It is suitable for filling tomato paste, peanut butter, miso, gelatin. shampoo, cosmetics, cleaning products, detergents, sauces, etc. Website: https:\/\/taizypackaging.com\/semi-automatic-paste-filling-machine\/ Whatsapp\/Wechat\/Tel:+86 19139754781 Welcome to contact me for more details.\"><\/div><\/div><div class=\"lL\" style=\"max-width:100%;width:960px;margin:5px auto;\"><\/div><figcaption><\/figcaption><\/figure>   <h2 class=\"wp-block-heading\" id=\"what-is-a-paste-flling-machine\">Macun dolum makinas\u0131 nedir? <\/h2>    <p>Yar\u0131 otomatik sal\u00e7a dolum makinas\u0131 her t\u00fcrl\u00fc sal\u00e7an\u0131n dolumu i\u00e7in uygundur. K\u00fc\u00e7\u00fck bir dolum makinas\u0131d\u0131r. Macunu tutmak i\u00e7in bir \u015fi\u015fe veya torba kullanabilirsiniz. Doldurma do\u011frulu\u011fu \u00b11%'ye ula\u015f\u0131r. Doldururken, s\u0131v\u0131n\u0131n s\u0131\u00e7ramas\u0131n\u0131 \u00f6nlemek i\u00e7in doldurma ba\u015fl\u0131\u011f\u0131 \u015fi\u015fenin i\u00e7ine do\u011fru uzat\u0131l\u0131r ve doldurma ba\u015fl\u0131\u011f\u0131, s\u0131v\u0131 seviyesiyle birlikte yava\u015f yava\u015f y\u00fckselir. Ayr\u0131ca dolum ba\u015fl\u0131\u011f\u0131nda, dolum sonras\u0131nda dolum a\u011fz\u0131n\u0131n damlamas\u0131n\u0131 \u00f6nlemek i\u00e7in \u00f6zel bir kilitleme cihaz\u0131 bulunmaktad\u0131r. Bu dolum y\u00f6ntemi k\u00fc\u00e7\u00fck ve orta \u00f6l\u00e7ekli i\u015fletmelerin sal\u00e7a dolumu i\u00e7in olduk\u00e7a uygundur. Fiyat veya i\u015flev a\u00e7\u0131s\u0131ndan her zaman en iyi se\u00e7imdir.<\/p>    <h2 class=\"wp-block-heading\" id=\"h-application-field-of-semi-automatic-paste-packaging-machine\">Manuel macun dolum makinesinin geni\u015f uygulamalar\u0131<\/h2>    <p>Manuel macun dolum makinas\u0131 a\u011f\u0131rl\u0131kl\u0131 olarak g\u0131da, g\u00fcnl\u00fck kimya, ila\u00e7 ve \u00f6zel end\u00fcstrilerde uygulanmaktad\u0131r. Bal, tereya\u011f\u0131, di\u015f macunu, domates sal\u00e7as\u0131, biber sosu, f\u0131st\u0131k ezmesi, \u015fampuan, el dezenfektan\u0131, sar\u0131msak sosu, kremler, deterjanlar, sa\u00e7 kremleri, yap\u0131\u015ft\u0131r\u0131c\u0131, kozmetik \u00fcr\u00fcnleri ve di\u011fer macunlar\u0131 i\u015flemek i\u00e7in kullan\u0131labilir. Hem doldurma hacmi hem de doldurma h\u0131z\u0131 ayarlanabilir. Bu makine yar\u0131 otomatiktir ve po\u015fetler, \u015fi\u015feler veya teneke kutularla birlikte \u00e7\u0131k\u0131\u015ftaki macunu manuel olarak almas\u0131 gerekir. T\u00fcm s\u00fcrecin kullan\u0131m\u0131 kolayd\u0131r ve makinenin doldurma h\u0131z\u0131 da \u00e7ok h\u0131zl\u0131 ve do\u011frudur.<\/p>    <figure class=\"wp-block-image size-full\"><img decoding=\"async\" src=\"https:\/\/taizypackaging.com\/wp-content\/uploads\/2021\/05\/paste-filling-machine-applications.jpg\" alt=\"macun dolum makinas\u0131 uygulamalar\u0131\" class=\"wp-image-4052\"\/><figcaption class=\"wp-element-caption\">macun dolum makinas\u0131 uygulamalar\u0131<\/figcaption><\/figure>    <h2 class=\"wp-block-heading\" id=\"h-working-process-of-semi-automatic-paste-filling-machine\">Manuel macun dolum makinesinin \u00e7al\u0131\u015fma s\u00fcreci<\/h2>    <p>\u00d6ncelikle malzemenin hazneye konulmas\u0131 gerekmektedir. \u0130kinci olarak, ihtiyac\u0131n\u0131z olan dolum hacmini ayarlamak i\u00e7in silindiri ayarlaman\u0131z gerekir. \u00dc\u00e7\u00fcnc\u00fc olarak macun doldurma h\u0131z\u0131n\u0131 ayarlay\u0131n ve doldurmaya ba\u015flay\u0131n. Macunu doldururken, bir \u00fcr\u00fcn\u00fc doldurduktan sonra manuel butonu kullanarak bir sonraki dolumu tamamlamay\u0131 se\u00e7ebilirsiniz. Ayr\u0131ca doldurma h\u0131z\u0131n\u0131 ayarlayabilir ve anahtar\u0131 a\u00e7abilirsiniz. Ve makine bir sonraki dolumu otomatik olarak tamamlayacakt\u0131r.<\/p>    <h2 class=\"wp-block-heading\" id=\"h-machine-details-display-and-introduction\">Makine detaylar\u0131 ekran\u0131 ve tan\u0131t\u0131m\u0131<\/h2>    <ol class=\"wp-block-list\"> <li><strong>Paslanmaz \u00e7elik yap\u0131<\/strong> <br>Yar\u0131 otomatik s\u0131v\u0131 dolum makinesi ve malzeme temas k\u0131sm\u0131 304 paslanmaz \u00e7elik yap\u0131y\u0131 benimser. Bu malzeme GMP standartlar\u0131na uygundur.<\/li>    <li><strong>B\u00fcy\u00fck kapasiteli hazne<\/strong><br>Hazne, dolum makinesinin s\u00fcrekli ve verimli \u00e7al\u0131\u015fmas\u0131n\u0131 sa\u011flar. G\u0131daya uygun paslanmaz \u00e7elikten yap\u0131lm\u0131\u015ft\u0131r. Hazne, manuel macun dolum makinesiyle iyi \u00e7al\u0131\u015f\u0131r, farkl\u0131 olarak <a rel=\"noreferrer noopener\" href=\"https:\/\/taizypackaging.com\/tr\/fully-automatic-paste-filling-machine-for-100-5000ml\/\" target=\"_blank\">tam otomatik macun dolum makinas\u0131<\/a>.<\/li>    <li><strong>Damlama \u00f6nleyici nozul ve d\u00f6ner valf <\/strong><br>\u00c7\u0131k\u0131\u015f nozulu damlamaya kar\u015f\u0131 dayan\u0131kl\u0131d\u0131r. Bu cihaz\u0131n s\u00f6k\u00fclmesi ve de\u011fi\u015ftirilmesi kolayd\u0131r. D\u00f6ner valf, macunun transfer s\u00fcrecini kontrol eder. T\u0131kanmas\u0131 kolay de\u011fildir ve damlamaz.<\/li>    <li><strong>Silindir<\/strong> <br>Silindir, doldurma i\u015flemini iyi destekleyebilen g\u00fc\u00e7l\u00fc bir g\u00fcce ve sabit hava bas\u0131nc\u0131na sahiptir. Gaz silindirinin \u00e7al\u0131\u015fma h\u0131z\u0131n\u0131 ve doldurma h\u0131z\u0131n\u0131 kontrol etmek i\u00e7in d\u00fc\u011fmeyi ayarlayabilirsiniz.<\/li>    <li><strong>Geli\u015fmi\u015f hava bas\u0131nc\u0131 g\u00f6stergesi ve d\u00f6ner tutma kolu <br><\/strong>Hava bas\u0131nc\u0131ndaki de\u011fi\u015fiklikleri do\u011fru bir \u015fekilde izlemek i\u00e7in bir hava bas\u0131nc\u0131 g\u00f6stergesi kullan\u0131l\u0131r. Doldurma hacmi kolu d\u00f6nd\u00fcrerek ayarlanabilir.<\/li> <\/ol>    <figure class=\"wp-block-image size-large\"><img loading=\"lazy\" decoding=\"async\" width=\"1024\" height=\"512\" src=\"https:\/\/taizypackaging.com\/wp-content\/uploads\/2021\/05\/structure-of-the-semi-automatic-paste-filling-machine-1-1024x512.jpg\" alt=\"yar\u0131 otomatik sal\u00e7a dolum makinas\u0131n\u0131n yap\u0131s\u0131\" class=\"wp-image-2020\" srcset=\"https:\/\/taizypackaging.com\/wp-content\/uploads\/2021\/05\/structure-of-the-semi-automatic-paste-filling-machine-1-1024x512.jpg 1024w, https:\/\/taizypackaging.com\/wp-content\/uploads\/2021\/05\/structure-of-the-semi-automatic-paste-filling-machine-1-300x150.jpg 300w, https:\/\/taizypackaging.com\/wp-content\/uploads\/2021\/05\/structure-of-the-semi-automatic-paste-filling-machine-1-768x384.jpg 768w, https:\/\/taizypackaging.com\/wp-content\/uploads\/2021\/05\/structure-of-the-semi-automatic-paste-filling-machine-1.jpg 1080w\" sizes=\"auto, (max-width: 1024px) 100vw, 1024px\" \/><figcaption class=\"wp-element-caption\">yar\u0131 otomatik sal\u00e7a dolum makinas\u0131n\u0131n yap\u0131s\u0131<\/figcaption><\/figure>    <h2 class=\"wp-block-heading\" id=\"h-technical-parameters-of-the-filling-machine\">Kantitatif macun dolum makinesinin teknik parametreleri<\/h2>    <p>(\u00d6rne\u011fin Mod 500'\u00fc al\u0131n ve di\u011fer parametreler ayn\u0131d\u0131r)<\/p>    <figure class=\"wp-block-table is-style-stripes\"><table><tbody><tr><td>modeli<\/td><td>500 (toplamda 8 model)<\/td><\/tr><tr><td>Dolgu malzemesi<\/td><td>Yap\u0131\u015ft\u0131rmak<\/td><\/tr><tr><td>Dolum aral\u0131\u011f\u0131<\/td><td>50-500ML (toplamda 8 aral\u0131k)<\/td><\/tr><tr><td>Hava bas\u0131nc\u0131yla donat\u0131lm\u0131\u015f<\/td><td>0.4-0.6MPa<\/td><\/tr><tr><td>tolerans kapsam\u0131|<\/td><td>0.50%<\/td><\/tr><tr><td>Doldurma ba\u015fl\u0131\u011f\u0131<\/td><td>Bekar<\/td><\/tr><\/tbody><\/table><\/figure>    <h2 class=\"wp-block-heading\" id=\"h-working-principle-of-semi-automatic-paste-filling-machine\">Yar\u0131 otomatik sal\u00e7a dolum makinas\u0131n\u0131n \u00e7al\u0131\u015fma prensibi<\/h2>    <p>Yar\u0131 otomatik sal\u00e7a dolum makinas\u0131 otomatik pistonlu dolum makinas\u0131d\u0131r. Y\u00fcksek konsantrasyonlu malzemeleri \u00e7\u0131karmak ve \u00e7\u0131karmak i\u00e7in bir piston ve bir silindir taraf\u0131ndan tahrik edilen bir d\u00f6ner valften olu\u015fan \u00fc\u00e7 yollu prensibi kullan\u0131r. Yar\u0131 otomatik macun dolum makinesi, dolum hacmini ayarlamak amac\u0131yla silindirin strokunu kontrol etmek i\u00e7in manyetik bir kam\u0131\u015f anahtar\u0131 kullan\u0131r.<br>Sal\u00e7a dolum makinesinin dolum h\u0131z\u0131, k\u0131sma valfinin ayarlanmas\u0131yla ger\u00e7ekle\u015ftirilebilir.<\/p>    <figure class=\"wp-block-image size-large\"><img loading=\"lazy\" decoding=\"async\" width=\"1024\" height=\"381\" src=\"https:\/\/taizypackaging.com\/wp-content\/uploads\/2021\/05\/machine-details-1024x381.jpg\" alt=\"macun dolum makinas\u0131 detaylar\u0131\" class=\"wp-image-2023\" srcset=\"https:\/\/taizypackaging.com\/wp-content\/uploads\/2021\/05\/machine-details-1024x381.jpg 1024w, https:\/\/taizypackaging.com\/wp-content\/uploads\/2021\/05\/machine-details-300x112.jpg 300w, https:\/\/taizypackaging.com\/wp-content\/uploads\/2021\/05\/machine-details-768x286.jpg 768w, https:\/\/taizypackaging.com\/wp-content\/uploads\/2021\/05\/machine-details-jpg.webp 1080w\" sizes=\"auto, (max-width: 1024px) 100vw, 1024px\" \/><figcaption class=\"wp-element-caption\">macun dolum makinas\u0131 detaylar\u0131<\/figcaption><\/figure>    <h2 class=\"wp-block-heading\" id=\"h-advantages-of-semi-automatic-paste-filling-machine\">Sal\u00e7a dolum makinas\u0131n\u0131n dikkat \u00e7ekici avantajlar\u0131<\/h2>    <p>1. Pn\u00f6matik kontrol ve mekanik konumland\u0131rma nedeniyle doldurma do\u011frulu\u011fu y\u00fcksektir. Doldurma do\u011frulu\u011fu + -1%'ye ula\u015fabilir.<br>2. Basit yap\u0131 ve iyi tasar\u0131m, kullan\u0131m\u0131 ve bak\u0131m\u0131 kolayd\u0131r.<br>3. Manuel ve pn\u00f6matik \u00e7al\u0131\u015fma ile.<br>4. Pn\u00f6matik ve y\u00fcksek kaliteli bile\u015fenler kullan\u0131n.<br>5. S\u00f6k\u00fclmesi ve tak\u0131lmas\u0131 kolayd\u0131r, temizlenmesi kolayd\u0131r.<\/p>    <h2 class=\"wp-block-heading\" id=\"h-factors-affecting-the-work-of-semi-automatic-paste-filling-machine\">Yar\u0131 otomatik sal\u00e7a dolum makinas\u0131n\u0131n performans\u0131n\u0131 etkileyen fakt\u00f6rler<\/h2>    <ol class=\"wp-block-list\"> <li>Yar\u0131 otomatik sal\u00e7a dolum makinas\u0131n\u0131n dolum do\u011frulu\u011fu bir\u00e7ok fakt\u00f6rden etkilenir. Hava bas\u0131nc\u0131 stabilitesinin, malzeme b\u00fct\u00fcnl\u00fc\u011f\u00fcn\u00fcn, doldurma h\u0131z\u0131n\u0131n vb. etkisi.<\/li>    <li>Yar\u0131 otomatik sal\u00e7a dolum makinesinin dolum h\u0131z\u0131, malzemenin viskozitesinden, silindirin strokundan, dolum a\u011fz\u0131n\u0131n boyutundan ve operat\u00f6r\u00fcn yeterlili\u011finden etkilenecektir.<\/li>    <li>Bu makinenin iki dolum y\u00f6ntemi vard\u0131r: pedall\u0131 ve otomatik. \u0130ki doldurma y\u00f6ntemi istenildi\u011fi zaman de\u011fi\u015ftirilebilir.<\/li>    <li>Bu makinede kullan\u0131lan d\u00f6ner valf, a\u015f\u0131nmaya dayan\u0131kl\u0131, aside dayan\u0131kl\u0131 ve y\u00fcksek s\u0131cakl\u0131\u011fa dayan\u0131kl\u0131 tetrafloroetilen malzemeden yap\u0131lm\u0131\u015ft\u0131r.<\/li>    <li>Temizlik s\u0131ras\u0131nda istedi\u011finiz gibi \u00e7arpmay\u0131n veya \u00e7arpmay\u0131n. \u0130\u015flemin uygunsuz olmas\u0131 makinenin servis \u00f6mr\u00fcn\u00fc etkileyecektir.<\/li> <\/ol>    <figure class=\"wp-block-image size-full\"><img decoding=\"async\" src=\"https:\/\/taizypackaging.com\/wp-content\/uploads\/2021\/05\/paste-filling-machine-factory.jpg\" alt=\"macun dolum makinas\u0131 fabrikas\u0131\" class=\"wp-image-3638\"\/><figcaption class=\"wp-element-caption\">macun dolum makinas\u0131 fabrikas\u0131<\/figcaption><\/figure>    <h2 class=\"wp-block-heading\" id=\"h-filling-volume-range-and-method-of-adjustment\">Dolum hacmi aral\u0131\u011f\u0131 ve ayarlama y\u00f6ntemi<\/h2>    <p class=\"translation-block\">There are 8 modes of paste filling machines in total in <a href=\"https:\/\/taizypackaging.com\/tr\/\">Taizy Packaging Machinery<\/a> company. Their detailed technical parameters are in the last part of this passage. Their filling volume range is as follows.<\/p>    <h3 class=\"wp-block-heading\" id=\"h-filling-volume-range\">Hacim aral\u0131\u011f\u0131 verilerinin doldurulmas\u0131<\/h3>    <figure class=\"wp-block-table\"><table><tbody><tr><td>Mod50<\/td><td>5-50ML &nbsp;&nbsp;&nbsp;&nbsp;&nbsp;&nbsp;&nbsp;<\/td><\/tr><tr><td>Mod100<\/td><td>10-100ML<\/td><\/tr><tr><td>Mod300<\/td><td>30-300ML<\/td><\/tr><tr><td>Mod500<\/td><td>50-500ML<\/td><\/tr><tr><td>Mod1000<\/td><td>100-1000ML<\/td><\/tr><tr><td>Mod2500<\/td><td>250-2500ML<\/td><\/tr><tr><td>Mod3000<\/td><td>300-3000ML<\/td><\/tr><tr><td>Mod5000<\/td><td>500-5000ML<\/td><\/tr><\/tbody><\/table><\/figure>    <figure class=\"wp-block-image size-large\"><img loading=\"lazy\" decoding=\"async\" width=\"720\" height=\"540\" src=\"https:\/\/taizypackaging.com\/wp-content\/uploads\/2021\/05\/different-models.jpg\" alt=\"farkl\u0131 modeller\" class=\"wp-image-2019\" srcset=\"https:\/\/taizypackaging.com\/wp-content\/uploads\/2021\/05\/different-models.jpg 720w, https:\/\/taizypackaging.com\/wp-content\/uploads\/2021\/05\/different-models-300x225.jpg 300w\" sizes=\"auto, (max-width: 720px) 100vw, 720px\" \/><figcaption class=\"wp-element-caption\">farkl\u0131 modeller<\/figcaption><\/figure>    <h3 class=\"wp-block-heading\" id=\"h-method-of-adjustment\">Ayarlama y\u00f6ntemi<\/h3>    <p>Macun hacmini macun pompas\u0131n\u0131n \u00f6l\u00e7e\u011fine g\u00f6re ayarlaman\u0131z gerekir. Ayarlad\u0131\u011f\u0131n\u0131z a\u011f\u0131rl\u0131\u011f\u0131n do\u011fru oldu\u011funu do\u011frulamak i\u00e7in elektronik terazi kullanabilirsiniz. Sal\u00e7an\u0131n yo\u011funlu\u011fu farkl\u0131 oldu\u011fundan paketlemek istedi\u011finiz sal\u00e7an\u0131n a\u011f\u0131rl\u0131\u011f\u0131na g\u00f6re ayarlaman\u0131z gerekmektedir. Ambalaj hacim say\u0131m\u0131 kullan\u0131yorsa, macun pompas\u0131n\u0131n \u00f6l\u00e7e\u011fini do\u011frudan ayarlaman\u0131z yeterlidir.<\/p>    <h2 class=\"wp-block-heading\" id=\"h-two-types-of-hopper\">\u0130ki tip macun dolum ekipman\u0131 haznesi<\/h2>    <h3 class=\"wp-block-heading\" id=\"h-vertical-hopper\"> Dikey hazne<\/h3>    <p>Koni \u015feklindeki hazne her t\u00fcrl\u00fc macunun paketlenmesine uygundur. Macunu gran\u00fcllerle paketlemeniz gerekiyorsa, makinenin haznesi i\u00e7in bir kar\u0131\u015ft\u0131r\u0131c\u0131 yap\u0131land\u0131raca\u011f\u0131z. Bu, macun dolumunun daha d\u00fczg\u00fcn olmas\u0131n\u0131 sa\u011flayabilir.<\/p>    <figure class=\"wp-block-image size-large\"><img decoding=\"async\" src=\"https:\/\/taizypackaging.com\/wp-content\/uploads\/2021\/05\/cone-hopper.jpg\" alt=\"koni hunisi\" class=\"wp-image-2016\"\/><figcaption class=\"wp-element-caption\">koni hunisi<\/figcaption><\/figure>    <h3 class=\"wp-block-heading\" id=\"h-u-shaped-hopper\">U \u015feklinde hazne<\/h3>    <p>U \u015feklindeki hazne, gran\u00fcl macunla paketleme i\u00e7in daha uygundur. U \u015feklindeki haznenin hacmi ve \u015fekli sayesinde par\u00e7ac\u0131kl\u0131 macun daha e\u015fit \u015fekilde kar\u0131\u015ft\u0131r\u0131labilir. Bu t\u00fcr bir hazne, partik\u00fcl birikmesini ve macunun e\u015fit olmayan \u015fekilde doldurulmas\u0131n\u0131 etkili bir \u015fekilde \u00f6nleyebilir.<\/p>    <figure class=\"wp-block-image size-large\"><img decoding=\"async\" src=\"https:\/\/taizypackaging.com\/wp-content\/uploads\/2021\/05\/U-shaped-hopper.jpg\" alt=\"U \u015feklinde hazne\" class=\"wp-image-2017\"\/><figcaption class=\"wp-element-caption\">U \u015feklinde hazne<\/figcaption><\/figure>    <h2 class=\"wp-block-heading\" id=\"h-q-a\">Taizy manuel macun dolgusu hakk\u0131nda Soru-Cevap <\/h2>    <ol class=\"wp-block-list\"> <li>Doldurma h\u0131z\u0131 nas\u0131l ayarlan\u0131r?<br>Gaz silindirinin dolum h\u0131z\u0131n\u0131 kontrol etmek i\u00e7in d\u00fc\u011fmeyi ayarlayabilirsiniz.<\/li>    <li>Par\u00e7ac\u0131kl\u0131 macun paketlenebilir mi?<br>Evet. Makineyi bir kar\u0131\u015ft\u0131r\u0131c\u0131yla donataca\u011f\u0131z. Malzeme birikimini ve \u00e7\u00f6kelmeyi \u00f6nleyebilir.<\/li>    <li>Sal\u00e7a dolum makinas\u0131 nas\u0131l temizlenir?<br>Dolum makinesini suyla temizleyin. Cihaz\u0131 s\u00f6kmeye gerek yoktur. Temizlik s\u0131ras\u0131nda herhangi bir sorunla kar\u015f\u0131la\u015f\u0131rsan\u0131z istedi\u011finiz zaman teknisyenlerimizle ileti\u015fime ge\u00e7ebilirsiniz.<\/li>    <li>Dolum makinesinin silindirinde saklanan malzemeler zarar g\u00f6r\u00fcr m\u00fc?<br>Hay\u0131r. Malzeme dolum makinas\u0131na girer ve vakum ortam\u0131nda bulunur. Havayla temas\u0131 olmad\u0131\u011f\u0131ndan k\u0131r\u0131lmaz.<\/li>    <li>Doldurma hacmi nas\u0131l ayarlan\u0131r?<br>Doldurma hacmi kolu d\u00f6nd\u00fcrerek ayarlanabilir.<\/li> <\/ol>","protected":false},"excerpt":{"rendered":"<p>Paste filling machine is designed and manufactured for handling various paste products, such as tomato paste, toothpaste, honey, sauce, ketchup, hand sanitizer, etc. It has a small size. Besides, with a simple structure and good design, a semi automatic paste filling machine is very easy to operate and maintain. Moreover, low cost and great performance [&hellip;]<\/p>\n","protected":false},"author":1,"featured_media":2013,"parent":0,"template":"","tags":[579,581,580],"product-type":[662],"class_list":["post-2003","product","type-product","status-publish","has-post-thumbnail","hentry","tag-paste-filling-machine","tag-tomato-paste-filling-machine","tag-toothpaste-filling-machine","product-type-paste-packing-machines"],"_links":{"self":[{"href":"https:\/\/taizypackaging.com\/tr\/wp-json\/wp\/v2\/product\/2003","targetHints":{"allow":["GET"]}}],"collection":[{"href":"https:\/\/taizypackaging.com\/tr\/wp-json\/wp\/v2\/product"}],"about":[{"href":"https:\/\/taizypackaging.com\/tr\/wp-json\/wp\/v2\/types\/product"}],"author":[{"embeddable":true,"href":"https:\/\/taizypackaging.com\/tr\/wp-json\/wp\/v2\/users\/1"}],"wp:featuredmedia":[{"embeddable":true,"href":"https:\/\/taizypackaging.com\/tr\/wp-json\/wp\/v2\/media\/2013"}],"wp:attachment":[{"href":"https:\/\/taizypackaging.com\/tr\/wp-json\/wp\/v2\/media?parent=2003"}],"wp:term":[{"taxonomy":"post_tag","embeddable":true,"href":"https:\/\/taizypackaging.com\/tr\/wp-json\/wp\/v2\/tags?post=2003"},{"taxonomy":"product-type","embeddable":true,"href":"https:\/\/taizypackaging.com\/tr\/wp-json\/wp\/v2\/product-type?post=2003"}],"curies":[{"name":"wp","href":"https:\/\/api.w.org\/{rel}","templated":true}]}}