{"id":2053,"date":"2021-06-05T08:02:24","date_gmt":"2021-06-05T08:02:24","guid":{"rendered":"https:\/\/taizypackaging.com\/?p=2053"},"modified":"2024-07-16T17:54:44","modified_gmt":"2024-07-16T09:54:44","slug":"fully-automatic-paste-filling-machine-for-100-5000ml","status":"publish","type":"product","link":"https:\/\/taizypackaging.com\/tr\/fully-automatic-paste-filling-machine-for-100-5000ml\/","title":{"rendered":"Otomatik Sal\u00e7a Dolum Makinas\u0131"},"content":{"rendered":"<div class=\"kk-star-ratings kksr-auto kksr-align-left kksr-valign-top\"     data-payload='{&quot;align&quot;:&quot;left&quot;,&quot;id&quot;:&quot;2053&quot;,&quot;slug&quot;:&quot;default&quot;,&quot;valign&quot;:&quot;top&quot;,&quot;ignore&quot;:&quot;&quot;,&quot;reference&quot;:&quot;auto&quot;,&quot;class&quot;:&quot;&quot;,&quot;count&quot;:&quot;15&quot;,&quot;legendonly&quot;:&quot;&quot;,&quot;readonly&quot;:&quot;&quot;,&quot;score&quot;:&quot;4.9&quot;,&quot;starsonly&quot;:&quot;&quot;,&quot;best&quot;:&quot;5&quot;,&quot;gap&quot;:&quot;5&quot;,&quot;greet&quot;:&quot;Rate this product&quot;,&quot;legend&quot;:&quot;4.9\\\/5 - (15 votes)&quot;,&quot;size&quot;:&quot;24&quot;,&quot;title&quot;:&quot;Automatic Paste Filling Machine&quot;,&quot;width&quot;:&quot;139.6&quot;,&quot;_legend&quot;:&quot;{score}\\\/{best} - ({count} {votes})&quot;,&quot;font_factor&quot;:&quot;1.25&quot;}'>              <div class=\"kksr-stars\">      <div class=\"kksr-stars-inactive\">             <div class=\"kksr-star\" data-star=\"1\" style=\"padding-right: 5px\">               <div class=\"kksr-icon\" style=\"width: 24px; height: 24px;\"><\/div>         <\/div>             <div class=\"kksr-star\" data-star=\"2\" style=\"padding-right: 5px\">               <div class=\"kksr-icon\" style=\"width: 24px; height: 24px;\"><\/div>         <\/div>             <div class=\"kksr-star\" data-star=\"3\" style=\"padding-right: 5px\">               <div class=\"kksr-icon\" style=\"width: 24px; height: 24px;\"><\/div>         <\/div>             <div class=\"kksr-star\" data-star=\"4\" style=\"padding-right: 5px\">               <div class=\"kksr-icon\" style=\"width: 24px; height: 24px;\"><\/div>         <\/div>             <div class=\"kksr-star\" data-star=\"5\" style=\"padding-right: 5px\">               <div class=\"kksr-icon\" style=\"width: 24px; height: 24px;\"><\/div>         <\/div>     <\/div>      <div class=\"kksr-stars-active\" style=\"width: 139.6px;\">             <div class=\"kksr-star\" style=\"padding-right: 5px\">               <div class=\"kksr-icon\" style=\"width: 24px; height: 24px;\"><\/div>         <\/div>             <div class=\"kksr-star\" style=\"padding-right: 5px\">               <div class=\"kksr-icon\" style=\"width: 24px; height: 24px;\"><\/div>         <\/div>             <div class=\"kksr-star\" style=\"padding-right: 5px\">               <div class=\"kksr-icon\" style=\"width: 24px; height: 24px;\"><\/div>         <\/div>             <div class=\"kksr-star\" style=\"padding-right: 5px\">               <div class=\"kksr-icon\" style=\"width: 24px; height: 24px;\"><\/div>         <\/div>             <div class=\"kksr-star\" style=\"padding-right: 5px\">               <div class=\"kksr-icon\" style=\"width: 24px; height: 24px;\"><\/div>         <\/div>     <\/div> <\/div>                   <div class=\"kksr-legend\" style=\"font-size: 19.2px;\">             4.9\/5 - (15 oy)    <\/div>     <\/div>  <p class=\"translation-block\"><strong>Otomatik yap\u0131\u015ft\u0131rma dolum makinesi<\/strong> burada \u015fi\u015fe dolum makinesi t\u00fcr\u00fcd\u00fcr. Konvey\u00f6r geni\u015fli\u011fi ve y\u00fcksekli\u011fi \u00e7e\u015fitli \u015fi\u015felere uyacak \u015fekilde ayarlanabilir. Bu <strong>yap\u0131\u015ft\u0131rma dolum makinesi<\/strong> krem, k\u00f6ri macunu, biber sal\u00e7as\u0131, g\u0131da macunu, zencefil macunu, lime macunu, domates sal\u00e7as\u0131, sos vb. ambalaj\u0131 i\u00e7in uygundur. Ayr\u0131ca bu makine, tam otomatik bir yap\u0131\u015ft\u0131rma dolum hatt\u0131 olu\u015fturmak i\u00e7in \u015fi\u015fe kar\u0131\u015ft\u0131r\u0131c\u0131s\u0131, kapa\u011fa kapaklama makinesi ve etiketleme makinesi ile donat\u0131labilir. \u00c7in'deki \u00f6nde gelen yap\u0131\u015ft\u0131rma dolum ekipman\u0131 \u00fcreticisi ve tedarik\u00e7isi olarak Taizy Packaging Machinery \u015firketi zengin deneyime ve g\u00fc\u00e7l\u00fc yetene\u011fe sahiptir. En iyi <strong>yap\u0131\u015ft\u0131rma dolum makinesi fiyat\u0131<\/strong> i\u00e7in bizimle ileti\u015fime ge\u00e7in. <\/p>   <figure class=\"wp-block-embed-youtube wp-block-embed is-type-video is-provider-youtube wp-embed-aspect-16-9 wp-has-aspect-ratio\"><div class=\"lyte-wrapper fourthree\" title=\"Domates sal\u00e7as\u0131, bal, tereya\u011f\u0131, biber sosu doldurmak i\u00e7in otomatik sal\u00e7a dolum makinas\u0131\" style=\"width:960px;max-width:100%;margin:5px auto;\"><div class=\"lyMe hidef\" id=\"WYL_EwhasMp_vJI\" itemprop=\"video\" itemscope itemtype=\"https:\/\/schema.org\/VideoObject\"><div><meta itemprop=\"thumbnailUrl\" content=\"https:\/\/taizypackaging.com\/wp-content\/plugins\/wp-youtube-lyte\/lyteCache.php?origThumbUrl=https%3A%2F%2Fi.ytimg.com%2Fvi%2FEwhasMp_vJI%2Fhqdefault.jpg\" \/><meta itemprop=\"embedURL\" content=\"https:\/\/www.youtube.com\/embed\/EwhasMp_vJI\" \/><meta itemprop=\"duration\" content=\"PT2M13S\" \/><meta itemprop=\"uploadDate\" content=\"2021-06-15T02:32:56Z\" \/><\/div><meta itemprop=\"accessibilityFeature\" content=\"captions\" \/><div id=\"lyte_EwhasMp_vJI\" data-src=\"https:\/\/taizypackaging.com\/wp-content\/plugins\/wp-youtube-lyte\/lyteCache.php?origThumbUrl=https%3A%2F%2Fi.ytimg.com%2Fvi%2FEwhasMp_vJI%2Fhqdefault.jpg\" class=\"pL\"><div class=\"tC\"><div class=\"tT\" itemprop=\"name\">Domates sal\u00e7as\u0131, bal, tereya\u011f\u0131, biber sosu doldurmak i\u00e7in otomatik sal\u00e7a dolum makinas\u0131<\/div><\/div><div class=\"play\"><\/div><div class=\"ctrl\"><div class=\"Lctrl\"><\/div><div class=\"Rctrl\"><\/div><\/div><\/div><noscript><a href=\"https:\/\/youtu.be\/EwhasMp_vJI\" rel=\"nofollow noopener\" target=\"_blank\"><img loading=\"lazy\" decoding=\"async\" src=\"https:\/\/taizypackaging.com\/wp-content\/plugins\/wp-youtube-lyte\/lyteCache.php?origThumbUrl=https%3A%2F%2Fi.ytimg.com%2Fvi%2FEwhasMp_vJI%2F0.jpg\" alt=\"Domates sal\u00e7as\u0131, bal, tereya\u011f\u0131, biber sosu doldurmak i\u00e7in otomatik sal\u00e7a dolum makinas\u0131\" width=\"960\" height=\"700\" \/><br \/>Bu videoyu YouTube'da izleyin<\/a><\/noscript><meta itemprop=\"description\" content=\"Website: https:\/\/taizypackaging.com\/fully-automatic-paste-filling-machine-for-100-5000ml\/ Whatsapp\/Wechat\/Tel:+86 19139754781 The automatic paste filling machine can complete all kinds of paste filling. The machine adopts multiple filling heads, such as a 4-head automatic filling machine, 6-head automatic filling machine, etc. The number of filling heads is customizable. This can effectively increase the filling speed of the machine. The fully automatic paste filling machine can save a lot of human resource costs. At the same time, the filling accuracy is high. Safe and hygienic filling products are welcomed by people. It can be filled with various pastes. For example sauce, jam, butter, salad dressing, ketchup, chili sauce, honey, and other viscous liquids or other materials. The machine can be customized according to customer needs. Website: https:\/\/taizypackaging.com\/fully-automatic-paste-filling-machine-for-100-5000ml\/ Whatsapp\/Wechat\/Tel:+86 19139754781\"><\/div><\/div><div class=\"lL\" style=\"max-width:100%;width:960px;margin:5px auto;\"><\/div><figcaption><\/figcaption><\/figure>   <h2 class=\"wp-block-heading\" id=\"h-a-brief-introduction-of-fully-automatic-paste-filling-machine\">Otomatik macun dolum makinesinin tan\u0131t\u0131m\u0131<\/h2>    <p>Otomatik sal\u00e7a dolum makinesi her t\u00fcrl\u00fc sal\u00e7a dolumunu tamamlayabilir. Makine, 4 kafal\u0131 otomatik dolum makinesi, 6 kafal\u0131 otomatik dolum makinesi vb. gibi birden fazla dolum kafas\u0131n\u0131 benimser. Doldurma kafalar\u0131n\u0131n say\u0131s\u0131 \u00f6zelle\u015ftirilebilir. Bu, makinenin doldurma h\u0131z\u0131n\u0131 b\u00fcy\u00fck \u00f6l\u00e7\u00fcde art\u0131rabilir. Tam otomatik macun dolum makinesi, i\u015f\u00e7ilik maliyetlerinden b\u00fcy\u00fck oranda tasarruf sa\u011flayabilir. Ayn\u0131 zamanda dolum do\u011frulu\u011fu y\u00fcksektir. G\u00fcvenli ve hijyenik dolum \u00fcr\u00fcnleri insanlar taraf\u0131ndan memnuniyetle kar\u015f\u0131lanmaktad\u0131r. Ayr\u0131ca \u00f6zel gereksinimlerinizi kar\u015f\u0131lamak i\u00e7in \u00f6zel hizmeti destekliyoruz. <\/p>    <figure class=\"wp-block-image size-full\"><img decoding=\"async\" src=\"https:\/\/taizypackaging.com\/wp-content\/uploads\/2021\/06\/automatic-paste-filling-machine-3.jpg\" alt=\"otomatik macun dolum makinas\u0131\" class=\"wp-image-3676\"\/><figcaption class=\"wp-element-caption\">otomatik macun dolum makinas\u0131<\/figcaption><\/figure>    <h2 class=\"wp-block-heading\" id=\"h-application-field-of-quantitative-paste-filling-machine\">Kantitatif macun dolum makinas\u0131 uygulamalar\u0131<\/h2>    <p>Kantitatif macun dolum makinesinin geni\u015f bir uygulama yelpazesi vard\u0131r ve k\u00fc\u00e7\u00fck ve orta \u00f6l\u00e7ekli end\u00fcstriyel \u00fcr\u00fcnlerin dolum gereksinimlerine uygundur. Sal\u00e7a dolum makineleri g\u0131da, kimya, kozmetik ve ila\u00e7 end\u00fcstrilerinde sal\u00e7a, sos, bal, tereya\u011f\u0131, biber sosu, susam ezmesi, dana sal\u00e7as\u0131, f\u0131st\u0131k ezmesi, deterjan, el dezenfektan\u0131, sa\u00e7 kremi gibi geni\u015f uygulama alanlar\u0131na sahiptir. kozmetik, yap\u0131\u015ft\u0131r\u0131c\u0131, \u015fampuan vb. Ve sal\u00e7a dolum makinas\u0131, di\u015f macunu dolum makinas\u0131, krema sal\u00e7as\u0131 dolum makinas\u0131, biber sal\u00e7as\u0131 dolum makinas\u0131 ve di\u011fer sos dolum makinalar\u0131 \u00e7ok yayg\u0131n olarak kullan\u0131lmaktad\u0131r.\u00a0Bu makine bunlar\u0131 otomatik olarak doldurabilir.<\/p>    <figure class=\"wp-block-image size-full\"><img decoding=\"async\" src=\"https:\/\/taizypackaging.com\/wp-content\/uploads\/2021\/06\/paste-filling-machine-applications.jpg\" alt=\"macun dolum makinas\u0131 uygulamalar\u0131\" class=\"wp-image-4109\"\/><figcaption class=\"wp-element-caption\">macun dolum makinas\u0131 uygulamalar\u0131<\/figcaption><\/figure>    <h2 class=\"wp-block-heading\" id=\"h-machine-parameters\">Taizy otomatik macun dolum makinas\u0131 parametreleri<\/h2>    <figure class=\"wp-block-table is-style-stripes\"><table><tbody><tr><td>Dolum aral\u0131\u011f\u0131<\/td><td>50-1000 ml<\/td><\/tr><tr><td>G\u00fc\u00e7<\/td><td>Frekans d\u00f6n\u00fc\u015f\u00fcm h\u0131z\u0131 d\u00fczenlemesi<\/td><\/tr><tr><td>G\u00fc\u00e7 kayna\u011f\u0131<\/td><td>220v\/50hz<\/td><\/tr><tr><td>Doldurma do\u011frulu\u011fu<\/td><td>\u00b11%<\/td><\/tr><tr><td>Doldurma h\u0131z\u0131<\/td><td>2000-2400 \u015fi\u015fe\/saat<\/td><\/tr><tr><td>Not<\/td><td>\u00f6zel hizmeti destekleyin<\/td><\/tr><\/tbody><\/table><\/figure>    <h2 class=\"wp-block-heading\" id=\"h-working-principle-of-fully-automatic-paste-filling-machine\">Otomatik macun dolum makinesinin \u00e7al\u0131\u015fma prensibi<\/h2>    <p>Otomatik macun dolum makinesi pistonlu bir dolum makinesidir. Farkl\u0131 viskozitelerdeki macunlar\u0131 doldurabilir. Makine, pistonu itmek i\u00e7in bir silindir kullan\u0131r ve y\u00fcksek kaliteli pn\u00f6matik bile\u015fenler kullan\u0131r. Kantitatif macun dolumunu bitirebilir. Malzeme, silindirin hareketi alt\u0131nda pistonlu piston dolum makinesinden pompalanacakt\u0131r. Pompalama strokunun silindiri, hassas dolum elde etmek i\u00e7in gereken dolum hacmini ayarlamak \u00fczere bir sinyal valfi ile ayarlan\u0131r.<\/p>    <h2 class=\"wp-block-heading\" id=\"h-structure-display-of-paste-filling-machine\">Macun dolum makinas\u0131n\u0131n yap\u0131 detaylar\u0131<\/h2>    <p>Otomatik macun dolum makinesi \u015fu par\u00e7alardan olu\u015fur: bir hazne, doldurma noz\u00fclleri, damlama \u00f6nleyici cihaz, \u00e7al\u0131\u015fma paneli, konvey\u00f6r, elektrikli g\u00f6z, y\u00fcksekli\u011fi ayarlamak i\u00e7in d\u00f6ner d\u00fc\u011fme, makine kasas\u0131 vb. Bu makine basit bir yap\u0131ya ve makul bir tasar\u0131ma sahiptir, bu nedenle kullan\u0131m\u0131 ve bak\u0131m\u0131 olduk\u00e7a kolayd\u0131r.  Ayr\u0131ca t\u00fcm makinelerimizde paslanmaz \u00e7elik malzeme kullan\u0131lmaktad\u0131r. Bu nedenle sal\u00e7a dolum makinemiz dayan\u0131kl\u0131 ve iyi performansa sahiptir. Daha fazla ayr\u0131nt\u0131 i\u00e7in istedi\u011finiz zaman bizimle ileti\u015fime ge\u00e7ebilirsiniz. <\/p>    <figure class=\"wp-block-image size-large\"><img decoding=\"async\" src=\"https:\/\/taizypackaging.com\/wp-content\/uploads\/2021\/06\/structure-of-automtatic-paste-filling-machine.jpg\" alt=\"otomatik macun dolum makinas\u0131n\u0131n yap\u0131s\u0131\" class=\"wp-image-2069\"\/><figcaption class=\"wp-element-caption\">otomatik macun dolum makinas\u0131n\u0131n yap\u0131s\u0131<\/figcaption><\/figure>    <h2 class=\"wp-block-heading\" id=\"h-machine-details-and-functions-of-each-part\">Her par\u00e7an\u0131n makine fonksiyonlar\u0131<\/h2>    <ol class=\"wp-block-list\"> <li><strong>Dokunmatik ekran:<\/strong> PLC dokunmatik ekran\u0131 makine parametrelerini h\u0131zla ayarlayabilir<\/li>    <li><strong>Ta\u015f\u0131ma band\u0131:<\/strong> besleme ve ta\u015f\u0131ma bant geni\u015fli\u011fi 101MM'dir. Geni\u015f \u015fi\u015feler 154MM ta\u015f\u0131ma band\u0131yla \u00f6zelle\u015ftirilebilir<\/li>    <li><strong>Bas\u0131n\u00e7 d\u00fczenleme vanas\u0131:<\/strong> Konserve h\u0131z\u0131n\u0131 ayarlamak i\u00e7in macunun ak\u0131\u015f h\u0131z\u0131n\u0131 ayarlayabilir.<\/li>    <li><strong>D\u00fczenleyici valf:<\/strong> Tarama hacmini ayarlamak i\u00e7in silindirin strokunu ayarlayabilir.<\/li> <\/ol>    <figure class=\"wp-block-image size-large\"><img decoding=\"async\" src=\"https:\/\/taizypackaging.com\/wp-content\/uploads\/2021\/06\/machine-details-1.jpg\" alt=\"makine detaylar\u0131\" class=\"wp-image-2083\"\/><figcaption class=\"wp-element-caption\">makine detaylar\u0131<\/figcaption><\/figure>    <h2 class=\"wp-block-heading\" id=\"h-features-of-automatic-paste-filling-machine\">Taizy otomatik macun dolum makinas\u0131n\u0131n \u00f6zellikleri<\/h2>    <p id=\"h-features-of-automatic-paste-filling-machine\">1. Makine paslanmaz \u00e7elikten yap\u0131lm\u0131\u015ft\u0131r. \u00dcstelik malzemeyle temas eden k\u0131sm\u0131nda 304 paslanmaz \u00e7elik kullan\u0131l\u0131yor. Bu malzeme dayan\u0131kl\u0131d\u0131r ve ulusal standartlara uygundur;<\/p>    <p id=\"h-features-of-automatic-paste-filling-machine\">2. Y\u00fcksek kaliteli pn\u00f6matik bile\u015fenler, istikrarl\u0131 performans;<\/p>    <p>3. Dolum nozulu, damlama \u00f6nleyici, \u00e7izilme \u00f6nleyici ve kald\u0131rma dolum cihazlar\u0131n\u0131 benimser;<\/p>    <p>4. Dokunmatik ekran ve \u00e7al\u0131\u015ft\u0131rma, hata ay\u0131klama basit ve kullan\u0131\u015fl\u0131d\u0131r;<\/p>    <p>5. Piston kantitatif prensibi, PLC kontrol\u00fc kullanarak, iyi dolum do\u011frulu\u011fu;<\/p>    <p>6. Malzemelerle temas eden par\u00e7alar GMP standartlar\u0131na uygun 304\/316 tipi paslanmaz \u00e7elikten imal edilmi\u015ftir;<\/p>    <p>7. Par\u00e7a de\u011fi\u015ftirmeye gerek yoktur. Ayr\u0131ca hata ay\u0131klamak ve farkl\u0131 \u015fekil ve boyutlardaki \u015fi\u015felere uygun hale getirmek kolayd\u0131r;<\/p>    <p>8. Doldurma hacmi ayarlama kollar\u0131 ve doldurma h\u0131z\u0131 her zaman ayarlanabilir. Ve doldurma do\u011frulu\u011fu y\u00fcksektir;<\/p>    <figure class=\"wp-block-gallery has-nested-images columns-default is-cropped wp-block-gallery-2 is-layout-flex wp-block-gallery-is-layout-flex\"> <figure class=\"wp-block-image size-large\"><img loading=\"lazy\" decoding=\"async\" width=\"750\" height=\"509\" data-id=\"2071\" src=\"https:\/\/taizypackaging.com\/wp-content\/uploads\/2021\/06\/paste-filling-machine1.jpg\" alt=\"macun dolum makinas\u01311\" class=\"wp-image-2071\" srcset=\"https:\/\/taizypackaging.com\/wp-content\/uploads\/2021\/06\/paste-filling-machine1.jpg 750w, https:\/\/taizypackaging.com\/wp-content\/uploads\/2021\/06\/paste-filling-machine1-300x204.jpg 300w\" sizes=\"auto, (max-width: 750px) 100vw, 750px\" \/><figcaption class=\"wp-element-caption\">macun dolum makinas\u0131 tip bir<\/figcaption><\/figure>    <figure class=\"wp-block-image size-large\"><img decoding=\"async\" data-id=\"2072\" src=\"https:\/\/taizypackaging.com\/wp-content\/uploads\/2021\/06\/paste-filling-machine2.jpg\" alt=\"macun dolum makinas\u01312\" class=\"wp-image-2072\"\/><figcaption class=\"wp-element-caption\">macun dolum makinas\u0131 tip iki<\/figcaption><\/figure> <\/figure>    <h2 class=\"wp-block-heading\" id=\"h-optional-equipment-for-fully-automatic-paste-filling-machine\">Otomatik macun dolum makinesi i\u00e7in iste\u011fe ba\u011fl\u0131 ekipman<\/h2>    <p>1. \u00c7ikolata gibi kat\u0131la\u015fmas\u0131 kolay malzemelerle kar\u015f\u0131la\u015f\u0131ld\u0131\u011f\u0131nda \u0131s\u0131tma fonksiyonu eklenebilir. Makine haznesine \u0131s\u0131tma fonksiyonu ekleyece\u011fiz.<\/p>    <p>2. Sal\u00e7a dolum makinas\u0131na kar\u0131\u015ft\u0131rma mili ekleyebilirsiniz. Par\u00e7ac\u0131kl\u0131 malzemelerin birikmesini etkili bir \u015fekilde \u00f6nleyebilir.<\/p>    <p>3. Namluda ne kadar malzeme kald\u0131\u011f\u0131n\u0131 otomatik olarak alg\u0131lamak i\u00e7in s\u0131v\u0131 seviye \u015famand\u0131ras\u0131 eklenebilir.<\/p>    <p>4. Servo motor modelini se\u00e7ebilirsiniz. T\u00fcm parametreler dokunmatik ekran \u00fczerinden ayarlanabilir. Ve zamandan ve emekten tasarruf sa\u011flar.<\/p>    <p>5. Dolum makinesini kapak kapatma makinesiyle donatabilirsiniz. Doldurduktan sonra \u015fi\u015felerin kapat\u0131lmas\u0131 gerekir. Farkl\u0131 kapatma makineleri iste\u011fe ba\u011fl\u0131d\u0131r. Ve farkl\u0131 dolgu malzemelerine g\u00f6re s\u0131zd\u0131rmazl\u0131k ekipmanlar\u0131n\u0131 se\u00e7ebilirsiniz. Vakumlu kapatma makineleri ve plastik kapatma makineleri gibi.<\/p>    <p>6. \u0130htiyac\u0131n\u0131z olursa makineyi bir kodlay\u0131c\u0131 ile donatabiliriz. Bir\u00e7ok kodlay\u0131c\u0131 t\u00fcr\u00fc vard\u0131r. Bu nedenle ihtiya\u00e7lar\u0131n\u0131za g\u00f6re se\u00e7im yapabilirsiniz.<\/p>    <figure class=\"wp-block-gallery has-nested-images columns-default is-cropped wp-block-gallery-3 is-layout-flex wp-block-gallery-is-layout-flex\"> <figure class=\"wp-block-image size-large\"><img decoding=\"async\" data-id=\"2080\" src=\"https:\/\/taizypackaging.com\/wp-content\/uploads\/2021\/06\/vacuum-capping-device-1.jpg\" alt=\"vakum kapatma cihaz\u0131\" class=\"wp-image-2080\"\/><figcaption class=\"wp-element-caption\">vakum kapatma cihaz\u0131<\/figcaption><\/figure>    <figure class=\"wp-block-image size-large\"><img loading=\"lazy\" decoding=\"async\" width=\"720\" height=\"540\" data-id=\"2079\" src=\"https:\/\/taizypackaging.com\/wp-content\/uploads\/2021\/06\/capping-device.jpg\" alt=\"kapatma cihaz\u0131\" class=\"wp-image-2079\" srcset=\"https:\/\/taizypackaging.com\/wp-content\/uploads\/2021\/06\/capping-device.jpg 720w, https:\/\/taizypackaging.com\/wp-content\/uploads\/2021\/06\/capping-device-300x225.jpg 300w\" sizes=\"auto, (max-width: 720px) 100vw, 720px\" \/><figcaption class=\"wp-element-caption\">kapatma cihaz\u0131<\/figcaption><\/figure> <\/figure>    <h2 class=\"wp-block-heading\" id=\"h-q-a\">Taizy macun dolum ekipman\u0131 hakk\u0131nda Soru-Cevap<\/h2>    <p>1. Otomatik macun dolum makinesi hangi malzemeleri paketlemek i\u00e7in kullan\u0131labilir?<\/p>    <p>Ba\u015fta konserve ya\u011f\u0131, bal, el dezenfektan\u0131, \u015fampuan, \u00e7ama\u015f\u0131r deterjan\u0131, su, tahin, f\u0131st\u0131k ezmesi, biber sosu, bal vb.<\/p>    <p>2. Makinenin a\u011f\u0131rl\u0131k aral\u0131\u011f\u0131 nedir?<\/p>    <p>Otomatik sal\u00e7a paketleme makinesinin paketleyebilece\u011fi a\u011f\u0131rl\u0131k aral\u0131\u011f\u0131 genellikle 100-1000 ml'dir. Ve maksimum paket a\u011f\u0131rl\u0131\u011f\u0131 5000 ml'ye ula\u015fabilir.<\/p>    <p>3. Doldurma h\u0131z\u0131 nas\u0131l ayarlan\u0131r?<\/p>    <p>Ak\u0131\u015f h\u0131z\u0131n\u0131 ayarlamak i\u00e7in bas\u0131n\u00e7 reg\u00fclat\u00f6r\u00fcn\u00fc ayarlayabilir, b\u00f6ylece konserveleme h\u0131z\u0131n\u0131 ayarlayabilirsiniz. Ayn\u0131 zamanda PLC dokunmatik ekran\u0131 h\u0131z ayar parametrelerini ayarlayabilir.<\/p>    <p>4. Ambalaj \u015fi\u015fesinin \u00e7ap aral\u0131\u011f\u0131 nedir?<\/p>    <p>Ambalaj \u015fi\u015fesinin \u00e7ap aral\u0131\u011f\u0131 35mm-1000mm'dir.<\/p>    <p>5. Bu makinenin ihtiya\u00e7 duydu\u011fu voltaj nedir?<\/p>    <p>Makinenin voltaj\u0131 \u00f6zelle\u015ftirilebilir. Ve bize ihtiya\u00e7lar\u0131n\u0131z\u0131 anlatabilirsiniz.<\/p>    <h2 class=\"wp-block-heading\" id=\"are-you-interested-a-paste-filling-machine\">Bir macun dolum makinesiyle ilgileniyor musunuz? <\/h2>    <p class=\"translation-block\">Otomatik yap\u0131\u015fkan dolum makinesi, d\u00fc\u015f\u00fck maliyeti ve y\u00fcksek performans\u0131 ile pop\u00fclerdir. \u00c7e\u015fitli \u015fi\u015fe stillerine uygundur. <a href=\"https:\/\/taizypackaging.com\/tr\/paste-packaging-machine\/\">tam otomatik yap\u0131\u015ft\u0131rma paketleme makinesi<\/a> ile kar\u015f\u0131la\u015ft\u0131r\u0131ld\u0131\u011f\u0131nda daha iyi maliyet\/performans oran\u0131na sahiptir. Yar\u0131m otomatik yap\u0131\u015ft\u0131rma dolum makinesine k\u0131yasla daha y\u00fcksek verimlidir. K\u0131sacas\u0131, bu yap\u0131\u015ft\u0131rma dolum makinesi projenize b\u00fcy\u00fck fayda sa\u011flar ve sizin i\u00e7in daha \u00e7ok para kazand\u0131r\u0131r. Bug\u00fcn bizimle ileti\u015fime ge\u00e7in ve b\u00fcy\u00fck bir indirim elde edin. <\/p>","protected":false},"excerpt":{"rendered":"<p>Automatic paste filling machine here is a type of bottle filling machine. The conveyor width and height can be adjusted to suit various bottles. This paste filling machine is suitable for packaging cream, curry paste, chili paste, food paste, ginger paste, lime paste, tomato paste, sauce, etc. Besides, this machine can be equipped with a [&hellip;]<\/p>\n","protected":false},"author":1,"featured_media":2195,"parent":0,"template":"","tags":[583,579],"product-type":[662],"class_list":["post-2053","product","type-product","status-publish","has-post-thumbnail","hentry","tag-automatic-paste-filling-machine","tag-paste-filling-machine","product-type-paste-packing-machines"],"_links":{"self":[{"href":"https:\/\/taizypackaging.com\/tr\/wp-json\/wp\/v2\/product\/2053","targetHints":{"allow":["GET"]}}],"collection":[{"href":"https:\/\/taizypackaging.com\/tr\/wp-json\/wp\/v2\/product"}],"about":[{"href":"https:\/\/taizypackaging.com\/tr\/wp-json\/wp\/v2\/types\/product"}],"author":[{"embeddable":true,"href":"https:\/\/taizypackaging.com\/tr\/wp-json\/wp\/v2\/users\/1"}],"wp:featuredmedia":[{"embeddable":true,"href":"https:\/\/taizypackaging.com\/tr\/wp-json\/wp\/v2\/media\/2195"}],"wp:attachment":[{"href":"https:\/\/taizypackaging.com\/tr\/wp-json\/wp\/v2\/media?parent=2053"}],"wp:term":[{"taxonomy":"post_tag","embeddable":true,"href":"https:\/\/taizypackaging.com\/tr\/wp-json\/wp\/v2\/tags?post=2053"},{"taxonomy":"product-type","embeddable":true,"href":"https:\/\/taizypackaging.com\/tr\/wp-json\/wp\/v2\/product-type?post=2053"}],"curies":[{"name":"wp","href":"https:\/\/api.w.org\/{rel}","templated":true}]}}