{"id":208,"date":"2020-08-24T11:06:21","date_gmt":"2020-08-24T11:06:21","guid":{"rendered":"https:\/\/taizypackaging.com\/?p=208"},"modified":"2022-12-14T06:07:55","modified_gmt":"2022-12-14T06:07:55","slug":"powder-packaging-machine","status":"publish","type":"product","link":"https:\/\/taizypackaging.com\/tr\/powder-packaging-machine\/","title":{"rendered":"Toz Paketleme Makinas\u0131"},"content":{"rendered":"<div class=\"kk-star-ratings kksr-auto kksr-align-left kksr-valign-top\"     data-payload='{&quot;align&quot;:&quot;left&quot;,&quot;id&quot;:&quot;208&quot;,&quot;slug&quot;:&quot;default&quot;,&quot;valign&quot;:&quot;top&quot;,&quot;ignore&quot;:&quot;&quot;,&quot;reference&quot;:&quot;auto&quot;,&quot;class&quot;:&quot;&quot;,&quot;count&quot;:&quot;13&quot;,&quot;legendonly&quot;:&quot;&quot;,&quot;readonly&quot;:&quot;&quot;,&quot;score&quot;:&quot;4.8&quot;,&quot;starsonly&quot;:&quot;&quot;,&quot;best&quot;:&quot;5&quot;,&quot;gap&quot;:&quot;5&quot;,&quot;greet&quot;:&quot;Rate this product&quot;,&quot;legend&quot;:&quot;4.8\\\/5 - (13 votes)&quot;,&quot;size&quot;:&quot;24&quot;,&quot;title&quot;:&quot;Powder Packaging Machine&quot;,&quot;width&quot;:&quot;136.7&quot;,&quot;_legend&quot;:&quot;{score}\\\/{best} - ({count} {votes})&quot;,&quot;font_factor&quot;:&quot;1.25&quot;}'>              <div class=\"kksr-stars\">      <div class=\"kksr-stars-inactive\">             <div class=\"kksr-star\" data-star=\"1\" style=\"padding-right: 5px\">               <div class=\"kksr-icon\" style=\"width: 24px; height: 24px;\"><\/div>         <\/div>             <div class=\"kksr-star\" data-star=\"2\" style=\"padding-right: 5px\">               <div class=\"kksr-icon\" style=\"width: 24px; height: 24px;\"><\/div>         <\/div>             <div class=\"kksr-star\" data-star=\"3\" style=\"padding-right: 5px\">               <div class=\"kksr-icon\" style=\"width: 24px; height: 24px;\"><\/div>         <\/div>             <div class=\"kksr-star\" data-star=\"4\" style=\"padding-right: 5px\">               <div class=\"kksr-icon\" style=\"width: 24px; height: 24px;\"><\/div>         <\/div>             <div class=\"kksr-star\" data-star=\"5\" style=\"padding-right: 5px\">               <div class=\"kksr-icon\" style=\"width: 24px; height: 24px;\"><\/div>         <\/div>     <\/div>      <div class=\"kksr-stars-active\" style=\"width: 136.7px;\">             <div class=\"kksr-star\" style=\"padding-right: 5px\">               <div class=\"kksr-icon\" style=\"width: 24px; height: 24px;\"><\/div>         <\/div>             <div class=\"kksr-star\" style=\"padding-right: 5px\">               <div class=\"kksr-icon\" style=\"width: 24px; height: 24px;\"><\/div>         <\/div>             <div class=\"kksr-star\" style=\"padding-right: 5px\">               <div class=\"kksr-icon\" style=\"width: 24px; height: 24px;\"><\/div>         <\/div>             <div class=\"kksr-star\" style=\"padding-right: 5px\">               <div class=\"kksr-icon\" style=\"width: 24px; height: 24px;\"><\/div>         <\/div>             <div class=\"kksr-star\" style=\"padding-right: 5px\">               <div class=\"kksr-icon\" style=\"width: 24px; height: 24px;\"><\/div>         <\/div>     <\/div> <\/div>                   <div class=\"kksr-legend\" style=\"font-size: 19.2px;\">             4.8\/5 - (13 oy)    <\/div>     <\/div>  <p class=\"translation-block\"><strong>Toz paketleme makinesi<\/strong>, un, kahve tozu, deterjan tozu, biber tozu, masala, k\u00f6ri tozu, s\u00fct tozu gibi \u00e7e\u015fitli kuru toz paketleme i\u015flemlerini ger\u00e7ekle\u015ftirmek \u00fczere tasarlanm\u0131\u015f ve \u00fcretilmi\u015ftir. \u00dcr\u00fcnlerin paketleme a\u011f\u0131rl\u0131\u011f\u0131na g\u00f6re, k\u00fc\u00e7\u00fck bir dikey toz paketleme makinesi ve b\u00fcy\u00fck bir toz paketleme makinesi bulunmaktad\u0131r. K\u00fc\u00e7\u00fck olan, 1 gramdan 1 kg'a kadar \u00fcr\u00fcnleri paketlemek i\u00e7in uygundur. B\u00fcy\u00fck vida toz paketleme makinesi ise 1 kg'dan 3 kg'a kadar \u00fcr\u00fcnleri paketleyebilir. Farkl\u0131 toz doldurma ve m\u00fch\u00fcrleme makineleri, farkl\u0131 \u00f6zelliklere ve fiyatlara sahiptir, bu nedenle se\u00e7im yaparken projenizin ger\u00e7ek durumuna tamamen uygun olmal\u0131d\u0131r. Ayr\u0131ca, Taizy Packaging Machinery LTD'den \u00e7e\u015fitli d\u00fc\u015f\u00fck maliyetli manuel toz doldurma makineleri mevcuttur. \u0130lgileniyor musunuz? M\u00fckemmel kuru toz po\u015fet paketleme \u00e7\u00f6z\u00fcmleri i\u00e7in detayl\u0131 taleplerinizi b\u0131rak\u0131n. <\/p>    <h2 class=\"wp-block-heading\" id=\"h-small-powder-sachet-packaging-machine-for-sale\">Sat\u0131l\u0131k K\u00fc\u00e7\u00fck Toz Po\u015fet Paketleme Makinas\u0131 <\/h2>    <p>K\u00fc\u00e7\u00fck toz paketleme makinesi \u00fc\u00e7 tipe ayr\u0131labilir: do\u011frudan itme vidal\u0131 tip, e\u011fik itme vidal\u0131 tip ve d\u00fcz itme vidal\u0131 tip. Besleme sistemi gran\u00fcl paketleme makinesininkinden tamamen farkl\u0131d\u0131r. S\u00fct tozu, un, baharat tozu, veteriner ila\u00e7lar\u0131, katk\u0131 maddeleri ve di\u011fer bir\u00e7ok g\u0131da tozu \u00fcr\u00fcn\u00fcn\u00fcn paketlenmesi i\u00e7in uygundur. K\u00fc\u00e7\u00fck boyutu ve uygun fiyat\u0131yla bu k\u00fc\u00e7\u00fck dikey formlu toz dolum kapatma makinesi, k\u00fc\u00e7\u00fck i\u015fletmeniz i\u00e7in idealdir. K\u00fc\u00e7\u00fck yat\u0131r\u0131m ve b\u00fcy\u00fck getiri. <\/p>    <figure class=\"wp-block-image size-full\"><img decoding=\"async\" src=\"https:\/\/taizypackaging.com\/wp-content\/uploads\/2020\/08\/powder-pouch-packing-machine-3.jpg\" alt=\"toz kese paketleme makinesi\" class=\"wp-image-4889\"\/><figcaption class=\"wp-element-caption\">toz kese paketleme makinesi<\/figcaption><\/figure>    <h2 class=\"wp-block-heading\" id=\"h-technical-parameters\">K\u00fc\u00e7\u00fck VFFS Toz Makinesinin Teknik Parametreleri<\/h2>    <figure class=\"wp-block-table\"><table><tbody><tr><td>Paket<\/td><td>Arka S\u0131zd\u0131rmazl\u0131k, 3 Yan S\u0131zd\u0131rmazl\u0131k, 4 Yan S\u0131zd\u0131rmazl\u0131k<\/td><\/tr><tr><td>Paketleme H\u0131z\u0131<\/td><td>24-60 torba\/dak<\/td><\/tr><tr><td>\u00c7anta uzunlu\u011fu<\/td><td>30-180mm<\/td><\/tr><tr><td>\u00c7anta Geni\u015fli\u011fi<\/td><td>25-145mm<\/td><\/tr><tr><td>Tart\u0131m Aral\u0131\u011f\u0131<\/td><td>0,5-3ml, 3-10ml, 10-60ml, 40-220ml<\/td><\/tr><tr><td>G\u00fc\u00e7<\/td><td>2.2KW<\/td><\/tr><tr><td>A\u011f\u0131rl\u0131k<\/td><td>280kg<\/td><\/tr><tr><td>Boyut<\/td><td>650*1050*1950mm<\/td><\/tr><tr><td>Karton boyutu<\/td><td>1100*750*1820mm<\/td><\/tr><\/tbody><\/table><\/figure>    <h2 class=\"wp-block-heading\" id=\"1kg-to-3kg-automatic-powder-packing-machine-for-sale\">Sat\u0131l\u0131k Otomatik Toz Paketleme Makinas\u0131 1kg ila 3kg<\/h2>    <p class=\"translation-block\">1kg'dan 3kg'a otomatik toz paketleme makinesi, y\u00fcksek \u00fcretim talebi olan projeler i\u00e7in son derece uygundur. Besleme, tartma, doldurma, m\u00fch\u00fcrleme, kesme ve kodlama s\u00fcre\u00e7lerini otomatik olarak tamamlayabilir. D\u00fcr\u00fcst olmak gerekirse, bu <a href=\"https:\/\/taizypackaging.com\/tr\/automatic-powder-packaging-machine-for-10g-3000g\/\">1kg -3kg otomatik toz paketleme makinesi<\/a> \u00e7ok verimli ve maliyet tasarruflu. Fabrikan\u0131z\u0131n veya projenizin y\u00fcksek \u00fcretim talebi varsa, bu toz paketleme ekipman\u0131 sizin i\u00e7in idealdir. En iyi fiyat listesi i\u00e7in bizimle ileti\u015fime ge\u00e7mekten \u00e7ekinmeyin.  <\/p>    <figure class=\"wp-block-image size-full\"><img loading=\"lazy\" decoding=\"async\" width=\"600\" height=\"450\" src=\"https:\/\/taizypackaging.com\/wp-content\/uploads\/2020\/08\/automatic-large-powder-packing-machine.jpg\" alt=\"otomatik b\u00fcy\u00fck toz paketleme makinesi\" class=\"wp-image-3257\" srcset=\"https:\/\/taizypackaging.com\/wp-content\/uploads\/2020\/08\/automatic-large-powder-packing-machine.jpg 600w, https:\/\/taizypackaging.com\/wp-content\/uploads\/2020\/08\/automatic-large-powder-packing-machine-300x225.jpg 300w\" sizes=\"auto, (max-width: 600px) 100vw, 600px\" \/><figcaption class=\"wp-element-caption\">otomatik b\u00fcy\u00fck toz paketleme makinesi<\/figcaption><\/figure>    <h2 class=\"wp-block-heading\" id=\"h-what-is-a-powder-packing-machine\">Toz Paketleme Makinas\u0131 Nedir? <\/h2>    <p>Toz paketleme makinesi, elle ta\u015f\u0131nmas\u0131 zor olan kuru toz \u00fcr\u00fcnlerin paketlenmesi i\u00e7in tasarlanm\u0131\u015ft\u0131r. Otomatik toz paketleme makinesi doldurma sistemi ve kapatma sisteminden olu\u015fur. Yar\u0131 otomatik toz dolum makinesi ise esas olarak bir konvey\u00f6r sistemi, asans\u00f6rler vb.'den olu\u015fur. Otomatik paketleme makinesine k\u0131yasla basit bir yap\u0131ya sahiptir. Toz paketleme makinesinin en b\u00fcy\u00fck avantaj\u0131 size h\u0131zl\u0131 bir \u015fekilde kazan\u00e7 sa\u011flayabilmesidir. <\/p>    <h2 class=\"wp-block-heading\" id=\"h-applications-of-automatic-powder-filling-sealing-machine\">Otomatik Toz Dolum Kapama Makinesi Uygulamalar\u0131<\/h2>    <p>Otomatik toz paketleme makinesi g\u0131da ve kimya end\u00fcstrisinde yayg\u0131n olarak kullan\u0131lmaktad\u0131r. Deterjan tozu, biber tozu, kahve tozu, \u00e7ay tozu, s\u00fct tozu, un, masala, \u00e7ama\u015f\u0131r tozu, baharat tozu, zencefil tozu, zerde\u00e7al tozu, k\u00f6ri tozu, kakao tozu, beslenme gibi her t\u00fcrl\u00fc kuru toz malzemeyi paketleyebilir. toz, bitki tozu vb. \u00d6nde gelen bir toz paketleme ekipman\u0131 \u00fcreticisi ve tedarik\u00e7isi olarak, \u00f6zel ihtiya\u00e7lar\u0131n\u0131za uyacak g\u00fc\u00e7l\u00fc \u00f6zel hizmetler sunuyoruz. En iyi toz paketleme \u00e7\u00f6z\u00fcm\u00fc i\u00e7in bizimle ileti\u015fime ge\u00e7mekten memnuniyet duyar\u0131z. <\/p>    <figure class=\"wp-block-image size-full\"><img decoding=\"async\" src=\"https:\/\/taizypackaging.com\/wp-content\/uploads\/2020\/08\/dry-powder-items-1.jpg\" alt=\"kuru toz \u00fcr\u00fcnler\" class=\"wp-image-3269\"\/><figcaption class=\"wp-element-caption\">kuru toz \u00fcr\u00fcnler<\/figcaption><\/figure>    <h3 class=\"wp-block-heading\" id=\"h-how-to-choose-a-suitable-powder-packaging-machine\">Uygun Toz Paketleme Makinesi Nas\u0131l Se\u00e7ilir? <\/h3>    <p>E\u011fik toz paketleme makinesinin tek torba a\u011f\u0131rl\u0131\u011f\u0131 80 grama kadar paketlenebilmekte olup, bu da toz u\u00e7u\u015fmayan toz i\u00e7in uygundur. Do\u011frudan itmeli toz paketleme makinesi ve d\u00fcz itmeli toz paketleme makinesi herhangi bir tozu paketleyebilir, ancak tek bir do\u011frudan itme torbas\u0131n\u0131n a\u011f\u0131rl\u0131\u011f\u0131 1 kg'a kadar bildirilebilir ve tek bir d\u00fcz itme torbas\u0131n\u0131n a\u011f\u0131rl\u0131\u011f\u0131 200 grama kadar olabilir . Ambalaj bir arka conta, \u00fc\u00e7 tarafl\u0131 conta ve d\u00f6rt tarafl\u0131 conta olabilir. Farkl\u0131 \u00fcretim talepleri ve b\u00fct\u00e7eler, farkl\u0131 toz dolum kapatma makineleri gerektirir. Hangi makineyi sat\u0131n alaca\u011f\u0131n\u0131z konusunda h\u00e2l\u00e2 \u015f\u00fcpheleriniz varsa, bize e-posta g\u00f6nderin veya uzmanlar\u0131m\u0131zdan profesyonel yard\u0131m almak i\u00e7in bizi aray\u0131n. <\/p>    <figure class=\"wp-block-image size-full\"><img decoding=\"async\" src=\"https:\/\/taizypackaging.com\/wp-content\/uploads\/2020\/08\/powder-packing-machine-structure.jpg\" alt=\"toz paketleme makinesi yap\u0131s\u0131\" class=\"wp-image-4043\"\/><figcaption class=\"wp-element-caption\">toz paketleme makinesi yap\u0131s\u0131<\/figcaption><\/figure>    <h2 class=\"wp-block-heading\" id=\"h-weighing-methods-and-sealing-methods\">Tart\u0131m Y\u00f6ntemleri ve M\u00fch\u00fcrleme Y\u00f6ntemleri<\/h2>    <p class=\"translation-block\"><strong>Tart\u0131m y\u00f6ntemleri: <\/strong>Toz po\u015fet paketleme makinesi, vida h\u0131z\u0131na g\u00f6re tart\u0131labilir. Vida 180 derece, 270 derece ve 360 derece d\u00f6nebilir.<\/p>    <p class=\"translation-block\"><strong>M\u00fch\u00fcrleme y\u00f6ntemleri:<\/strong> Toz paketleme makinesi, arka m\u00fch\u00fcrleme, \u00fc\u00e7 tarafl\u0131 m\u00fch\u00fcrleme ve d\u00f6rt tarafl\u0131 m\u00fch\u00fcrleme yapabilir.<\/p>    <figure class=\"wp-block-image size-large\"> <\/figure>    <figure class=\"wp-block-image alignnone wp-image-833 size-full\"><img decoding=\"async\" src=\"https:\/\/taizypackaging.com\/wp-content\/uploads\/2020\/08\/powder-packing.jpg\" alt=\"toz paketleme\" class=\"wp-image-833\"\/><figcaption class=\"wp-element-caption\">toz paketleme<\/figcaption><\/figure>    <figcaption>Paketleme tarz\u0131 arka s\u0131zd\u0131rmazl\u0131k, \u00fc\u00e7 yan s\u0131zd\u0131rmazl\u0131k, d\u00f6rt yan s\u0131zd\u0131rmazl\u0131k<\/figcaption>    <p class=\"translation-block\"><strong>Opsiyonel Cihazlar:<\/strong> s\u00fcrekli paketleme cihaz\u0131, \u015fi\u015firme cihaz\u0131, kodlama cihaz\u0131.<\/p>    <h2 class=\"wp-block-heading\" id=\"h-features-of-dry-powder-packing-machine\">Kuru Toz Paketleme Makinas\u0131n\u0131n \u00d6zellikleri<\/h2>    <p>Vida \u00f6zel olarak imal edilmi\u015f ve elle kaynaklanm\u0131\u015f paslanmaz \u00e7elikten yap\u0131lm\u0131\u015ft\u0131r. Basit bir yap\u0131ya ve makul bir tasar\u0131ma sahiptir, bu nedenle kullan\u0131m\u0131, kurulumu ve bak\u0131m\u0131 \u00e7ok kolayd\u0131r. Ayr\u0131ca ak\u0131ll\u0131 bilgisayarl\u0131 PLC kontrol sistemlerini ve \u00e7e\u015fitli dilleri benimsiyoruz. Toz paketleme ekipmanlar\u0131m\u0131z da y\u00fcksek kalite, h\u0131zl\u0131 h\u0131z, y\u00fcksek verimlilik ve do\u011fruluk \u00f6zelliklerine sahiptir. <\/p>    <figure class=\"wp-block-image size-large\"><img decoding=\"async\" src=\"https:\/\/taizypackaging.com\/wp-content\/uploads\/2020\/08\/Screw-Details.jpg\" alt=\"burgu vidas\u0131\" class=\"wp-image-214\"\/><figcaption class=\"wp-element-caption\">burgu vidas\u0131 <\/figcaption><\/figure>    <h2 class=\"wp-block-heading\" id=\"h-f-q\">S\u0131k Sorulan Sorular<\/h2>   <div id=\"rank-math-faq\" class=\"rank-math-block\"> <div class=\"rank-math-list\"> <div id=\"faq-question-1670912527427\" class=\"rank-math-list-item\"> <h3 class=\"rank-math-question\"><strong>1. Toz paketleme makinesinde hangi malzemeler kullan\u0131l\u0131yor?<\/strong><\/h3> <div class=\"rank-math-answer\">  <p>Makinenin tamam\u0131 paslanmaz \u00e7elikten \u00fcretilmi\u015f olup, malzeme ile temas eden k\u0131sm\u0131 304 paslanmaz \u00e7elikten imal edilmi\u015ftir.<\/p>  <\/div> <\/div> <div id=\"faq-question-1670912533380\" class=\"rank-math-list-item\"> <h3 class=\"rank-math-question\"><strong>2. Bu makinede imle\u00e7 var m\u0131?<\/strong><\/h3> <div class=\"rank-math-answer\">  <p>Evet \u00f6yle. Fabrikada monte edilmi\u015ftir.<\/p>  <\/div> <\/div> <div id=\"faq-question-1670912543772\" class=\"rank-math-list-item\"> <h3 class=\"rank-math-question\"><strong>3. Ambalaj a\u011f\u0131rl\u0131\u011f\u0131 ayarlanabilir mi?<\/strong><\/h3> <div class=\"rank-math-answer\">  <p>Evet yapabilir. Aral\u0131\u011f\u0131 1-10 gram olarak ayarlamak istiyorsan\u0131z a\u011f\u0131rl\u0131k ayar\u0131n\u0131 tamamlamak i\u00e7in vida h\u0131z\u0131n\u0131 ayarlayabilirsiniz.<\/p>  <\/div> <\/div> <div id=\"faq-question-1670912557028\" class=\"rank-math-list-item\"> <h3 class=\"rank-math-question\"><strong>4. Bir ambalaj filmi sa\u011flayabilir misiniz?<\/strong><\/h3> <div class=\"rank-math-answer\">  <p>Evet yapabiliriz. Ancak paketleme gereksinimlerinizi bize bildirmeniz gerekir.<\/p>  <\/div> <\/div> <\/div> <\/div>   <h2 class=\"wp-block-heading\" id=\"h-customer-case\">M\u00fc\u015fteri \u00d6rne\u011fi<\/h2>    <p class=\"translation-block\">\u015eu anda, k\u00fc\u00e7\u00fck baharat paketleme makinesi, <a href=\"https:\/\/taizypackaging.com\/tr\/powder-detergent-packaging-machine\/\">deterjan tozu paketleme makinesi<\/a>, biber tozu paketleme makinesi, \u00e7ama\u015f\u0131r tozu paketleme makinesi, <a href=\"https:\/\/taizypackaging.com\/tr\/milk-powder-packing-machine\/\">s\u00fct tozu paketleme makinesi<\/a>, baharat po\u015fet paketleme makinesi, baharat tozu paketleme makinesi gibi makineleri Nepal, Meksika, Libya, Kongo, Botsvana, Birle\u015fik Krall\u0131k, Sri Lanka, Suudi Arabistan, Kanada, Nijerya ve bir\u00e7ok di\u011fer \u00fclkeye satt\u0131k.<\/p>    <p>Toz paketleme makinesi fiyat\u0131n\u0131 \u00f6\u011frenmek istiyorsan\u0131z l\u00fctfen bizimle ileti\u015fime ge\u00e7in, size hemen paketleme \u00e7\u00f6z\u00fcmleri sunal\u0131m.<\/p>    <figure class=\"wp-block-image size-full\"><img decoding=\"async\" src=\"https:\/\/taizypackaging.com\/wp-content\/uploads\/2020\/08\/powder-packaging-machine-factory.jpg\" alt=\"toz paketleme makinesi fabrikas\u0131\" class=\"wp-image-4044\"\/><figcaption class=\"wp-element-caption\">toz paketleme makinesi fabrikas\u0131<\/figcaption><\/figure>    <h2 class=\"wp-block-heading\" id=\"h-get-in-touch-with-us-today\">Bug\u00fcn Bizimle \u0130leti\u015fime Ge\u00e7in!<\/h2>    <p>Toz paketleme makinas\u0131 g\u0131da ve kimya sekt\u00f6r\u00fc i\u00e7in olduk\u00e7a \u00f6nemlidir. Verimlili\u011finizi b\u00fcy\u00fck \u00f6l\u00e7\u00fcde art\u0131rabilir ve i\u015f\u00e7ilik maliyetinizden tasarruf edebilir. Y\u00fcksek verimlilik, otomatik \u00e7al\u0131\u015fma ve y\u00fcksek getiri ana avantajlar\u0131d\u0131r. Taizy Packaging Machinery LTD, standart ve \u00f6zel toz paketleme \u00e7\u00f6z\u00fcmleri sa\u011flama konusunda olduk\u00e7a g\u00fc\u00e7l\u00fc bir kapasiteye sahiptir. Ayr\u0131ca makinelerimizin h\u0131zl\u0131 teslimat\u0131n\u0131 ve y\u00fcksek kalitesini sa\u011flamak i\u00e7in yetenekli personelimiz var. \u0130htiya\u00e7lar\u0131n\u0131z\u0131 b\u0131rak\u0131n, size en k\u0131sa s\u00fcrede ayr\u0131nt\u0131lar\u0131 veya \u00fccretsiz fiyat tekliflerini g\u00f6nderece\u011fiz. <\/p>    <p>&nbsp;<\/p>","protected":false},"excerpt":{"rendered":"<p>Toz paketleme makinesi, torbalar\u0131 veya kaplar\u0131 tozlu malzemelerle doldurmak ve kapatmak i\u00e7in kullan\u0131lan bir makine t\u00fcr\u00fcd\u00fcr. un, kahve tozu, deterjan tozu, k\u0131rm\u0131z\u0131 biber tozu, masala tozu, k\u00f6ri tozu, s\u00fct tozu vb. ambalajlamak i\u00e7in uygundur.<\/p>","protected":false},"author":1,"featured_media":4889,"parent":0,"template":"","tags":[161,190,283,360,387,409,450],"product-type":[660],"class_list":["post-208","product","type-product","status-publish","has-post-thumbnail","hentry","tag-flour","tag-ginger-powder","tag-milk-powder","tag-plantain-flour-packaging-machine","tag-red-chili-powder","tag-seasoning-powder","tag-strarch","product-type-powder-packing-machines"],"_links":{"self":[{"href":"https:\/\/taizypackaging.com\/tr\/wp-json\/wp\/v2\/product\/208","targetHints":{"allow":["GET"]}}],"collection":[{"href":"https:\/\/taizypackaging.com\/tr\/wp-json\/wp\/v2\/product"}],"about":[{"href":"https:\/\/taizypackaging.com\/tr\/wp-json\/wp\/v2\/types\/product"}],"author":[{"embeddable":true,"href":"https:\/\/taizypackaging.com\/tr\/wp-json\/wp\/v2\/users\/1"}],"wp:featuredmedia":[{"embeddable":true,"href":"https:\/\/taizypackaging.com\/tr\/wp-json\/wp\/v2\/media\/4889"}],"wp:attachment":[{"href":"https:\/\/taizypackaging.com\/tr\/wp-json\/wp\/v2\/media?parent=208"}],"wp:term":[{"taxonomy":"post_tag","embeddable":true,"href":"https:\/\/taizypackaging.com\/tr\/wp-json\/wp\/v2\/tags?post=208"},{"taxonomy":"product-type","embeddable":true,"href":"https:\/\/taizypackaging.com\/tr\/wp-json\/wp\/v2\/product-type?post=208"}],"curies":[{"name":"wp","href":"https:\/\/api.w.org\/{rel}","templated":true}]}}