{"id":2200,"date":"2021-06-15T01:48:59","date_gmt":"2021-06-15T01:48:59","guid":{"rendered":"https:\/\/taizypackaging.com\/?p=2200"},"modified":"2024-07-17T17:01:45","modified_gmt":"2024-07-17T09:01:45","slug":"semi-automatic-round-bottle-labeling-machine-for-sale","status":"publish","type":"product","link":"https:\/\/taizypackaging.com\/tr\/semi-automatic-round-bottle-labeling-machine-for-sale\/","title":{"rendered":"Yar\u0131 Otomatik Yuvarlak \u015ei\u015fe Etiketleme Makinas\u0131"},"content":{"rendered":"<div class=\"kk-star-ratings kksr-auto kksr-align-left kksr-valign-top\"     data-payload='{&quot;align&quot;:&quot;left&quot;,&quot;id&quot;:&quot;2200&quot;,&quot;slug&quot;:&quot;default&quot;,&quot;valign&quot;:&quot;top&quot;,&quot;ignore&quot;:&quot;&quot;,&quot;reference&quot;:&quot;auto&quot;,&quot;class&quot;:&quot;&quot;,&quot;count&quot;:&quot;22&quot;,&quot;legendonly&quot;:&quot;&quot;,&quot;readonly&quot;:&quot;&quot;,&quot;score&quot;:&quot;4.6&quot;,&quot;starsonly&quot;:&quot;&quot;,&quot;best&quot;:&quot;5&quot;,&quot;gap&quot;:&quot;5&quot;,&quot;greet&quot;:&quot;Rate this product&quot;,&quot;legend&quot;:&quot;4.6\\\/5 - (22 votes)&quot;,&quot;size&quot;:&quot;24&quot;,&quot;title&quot;:&quot;Semi Automatic Round Bottle Labeling Machine&quot;,&quot;width&quot;:&quot;130.9&quot;,&quot;_legend&quot;:&quot;{score}\\\/{best} - ({count} {votes})&quot;,&quot;font_factor&quot;:&quot;1.25&quot;}'>              <div class=\"kksr-stars\">      <div class=\"kksr-stars-inactive\">             <div class=\"kksr-star\" data-star=\"1\" style=\"padding-right: 5px\">               <div class=\"kksr-icon\" style=\"width: 24px; height: 24px;\"><\/div>         <\/div>             <div class=\"kksr-star\" data-star=\"2\" style=\"padding-right: 5px\">               <div class=\"kksr-icon\" style=\"width: 24px; height: 24px;\"><\/div>         <\/div>             <div class=\"kksr-star\" data-star=\"3\" style=\"padding-right: 5px\">               <div class=\"kksr-icon\" style=\"width: 24px; height: 24px;\"><\/div>         <\/div>             <div class=\"kksr-star\" data-star=\"4\" style=\"padding-right: 5px\">               <div class=\"kksr-icon\" style=\"width: 24px; height: 24px;\"><\/div>         <\/div>             <div class=\"kksr-star\" data-star=\"5\" style=\"padding-right: 5px\">               <div class=\"kksr-icon\" style=\"width: 24px; height: 24px;\"><\/div>         <\/div>     <\/div>      <div class=\"kksr-stars-active\" style=\"width: 130.9px;\">             <div class=\"kksr-star\" style=\"padding-right: 5px\">               <div class=\"kksr-icon\" style=\"width: 24px; height: 24px;\"><\/div>         <\/div>             <div class=\"kksr-star\" style=\"padding-right: 5px\">               <div class=\"kksr-icon\" style=\"width: 24px; height: 24px;\"><\/div>         <\/div>             <div class=\"kksr-star\" style=\"padding-right: 5px\">               <div class=\"kksr-icon\" style=\"width: 24px; height: 24px;\"><\/div>         <\/div>             <div class=\"kksr-star\" style=\"padding-right: 5px\">               <div class=\"kksr-icon\" style=\"width: 24px; height: 24px;\"><\/div>         <\/div>             <div class=\"kksr-star\" style=\"padding-right: 5px\">               <div class=\"kksr-icon\" style=\"width: 24px; height: 24px;\"><\/div>         <\/div>     <\/div> <\/div>                   <div class=\"kksr-legend\" style=\"font-size: 19.2px;\">             4.6\/5 - (22 oy)    <\/div>     <\/div>  <p class=\"translation-block\"><strong>Yar\u0131<\/strong> <strong>otomatik yuvarlak \u015fi\u015fe etiketleme makinesi<\/strong>, k\u00fc\u00e7\u00fck bir masa \u00fcst\u00fc \u015fi\u015fe etiketleyicisidir. \u00c7ok k\u00fc\u00e7\u00fck boyutu ve d\u00fc\u015f\u00fck maliyeti vard\u0131r. Bu nedenle, ta\u015f\u0131nabilir ve k\u00fc\u00e7\u00fck projeler i\u00e7in \u00e7ok pop\u00fclerdir. Ayr\u0131ca, yar\u0131 otomatik yuvarlak \u015fi\u015fe etiketleme makinesinin geni\u015f bir uygulama yelpazesi vard\u0131r. Cam \u015fi\u015feler, plastik \u015fi\u015feler, metal \u015fi\u015feler, kutular, kavanozlar vb. etiketlemek i\u00e7in uygulanabilir. Ayr\u0131ca, bu sat\u0131\u015fta olan \u015fi\u015fe etiketleme makinesi dakikada 20~40 \u015fi\u015fe etiketleyebilir. Bu, son derece verimli ve y\u00fcksek performansl\u0131d\u0131r. \u00c7in'deki \u00fcnl\u00fc bir etiketleme makinesi \u00fcreticisi ve ihracat\u00e7\u0131s\u0131 olarak, iyi fiyatlar ve h\u0131zl\u0131 teslimat ile m\u00fckemmel <strong>manuel \u015fi\u015fe etiketleme makineleri<\/strong> ve <strong><a href=\"https:\/\/taizypackaging.com\/tr\/round-bottle-labeling-machine\/\">otomatik \u015fi\u015fe etiketleme makineleri<\/a><\/strong> sunuyoruz. Ayr\u0131ca, d\u00fcz \u015fi\u015fe etiketleme makinesi mevcuttur. Ve \u00f6zel hizmeti destekliyoruz. \u0130\u015finize ba\u015flamak i\u00e7in bug\u00fcn bizimle ileti\u015fime ge\u00e7in. <\/p>   <figure class=\"wp-block-embed-youtube wp-block-embed is-type-video is-provider-youtube wp-embed-aspect-16-9 wp-has-aspect-ratio\"><div class=\"lyte-wrapper fourthree\" title=\"Manuel \u015fi\u015fe etiketleme makinesi | Yar\u0131 otomatik yuvarlak \u015fi\u015fe etiketleme makinesi\" style=\"width:960px;max-width:100%;margin:5px auto;\"><div class=\"lyMe hidef\" id=\"WYL_QKmFg0QAAyg\" itemprop=\"video\" itemscope itemtype=\"https:\/\/schema.org\/VideoObject\"><div><meta itemprop=\"thumbnailUrl\" content=\"https:\/\/taizypackaging.com\/wp-content\/plugins\/wp-youtube-lyte\/lyteCache.php?origThumbUrl=https%3A%2F%2Fi.ytimg.com%2Fvi%2FQKmFg0QAAyg%2Fhqdefault.jpg\" \/><meta itemprop=\"embedURL\" content=\"https:\/\/www.youtube.com\/embed\/QKmFg0QAAyg\" \/><meta itemprop=\"duration\" content=\"PT30S\" \/><meta itemprop=\"uploadDate\" content=\"2021-06-15T01:53:28Z\" \/><\/div><meta itemprop=\"accessibilityFeature\" content=\"captions\" \/><div id=\"lyte_QKmFg0QAAyg\" data-src=\"https:\/\/taizypackaging.com\/wp-content\/plugins\/wp-youtube-lyte\/lyteCache.php?origThumbUrl=https%3A%2F%2Fi.ytimg.com%2Fvi%2FQKmFg0QAAyg%2Fhqdefault.jpg\" class=\"pL\"><div class=\"tC\"><div class=\"tT\" itemprop=\"name\">Manuel \u015fi\u015fe etiketleme makinesi | Yar\u0131 otomatik yuvarlak \u015fi\u015fe etiketleme makinesi<\/div><\/div><div class=\"play\"><\/div><div class=\"ctrl\"><div class=\"Lctrl\"><\/div><div class=\"Rctrl\"><\/div><\/div><\/div><noscript><a href=\"https:\/\/youtu.be\/QKmFg0QAAyg\" rel=\"nofollow noopener\" target=\"_blank\"><img loading=\"lazy\" decoding=\"async\" src=\"https:\/\/taizypackaging.com\/wp-content\/plugins\/wp-youtube-lyte\/lyteCache.php?origThumbUrl=https%3A%2F%2Fi.ytimg.com%2Fvi%2FQKmFg0QAAyg%2F0.jpg\" alt=\"Manuel \u015fi\u015fe etiketleme makinesi | Yar\u0131 otomatik yuvarlak \u015fi\u015fe etiketleme makinesi\" width=\"960\" height=\"700\" \/><br \/>Bu videoyu YouTube'da izleyin<\/a><\/noscript><meta itemprop=\"description\" content=\"Whatsapp\/Wechat\/Tel:+86 19139754781 Website: https:\/\/taizypackaging.com\/semi-automatic-round-bottle-labeling-machine-for-sale\/ The manual bottle labeling machine has wide application in labeling various cans, glass bottles, plastic bottles, etc. Because of its mini shape and high-quality performance, it is very popular among customers. A semi-automatic round bottle labeling machine is a piece of ideal equipment for small and medium-sized beverage, food, medicine, and chemical plants. We also have automatic labeling machines such as the automatic positioning round bottle labeling machine and flat labeling machines. You can choose the right labeling machine according to your needs. Whatsapp\/Wechat\/Tel:+86 19139754781 Website: https:\/\/taizypackaging.com\/semi-automatic-round-bottle-labeling-machine-for-sale\/\"><\/div><\/div><div class=\"lL\" style=\"max-width:100%;width:960px;margin:5px auto;\"><\/div><figcaption><\/figcaption><\/figure>   <h2 class=\"wp-block-heading\" id=\"h-introduction-of-semi-automatic-round-bottle-labeling-machine\">\u015ei\u015fe etiketleme makinesi nedir? <\/h2>    <p class=\"translation-block\">\u015ei\u015fe etiketleme makinesi veya \u015fi\u015fe etiketleyici, \u015fi\u015feleri, kutular\u0131 veya kavanozlar\u0131 otomatik veya manuel olarak etiketlemek i\u00e7in kullan\u0131l\u0131r. Bu, \u00fcretkenli\u011finizi b\u00fcy\u00fck \u00f6l\u00e7\u00fcde art\u0131rabilir. Uzun vadede, bir \u015fi\u015fe etiketleme makinesi maliyetlerinizi azaltabilir ve i\u015f g\u00fcc\u00fcn\u00fcz\u00fc serbest b\u0131rakabilir. Hepimizin bildi\u011fi gibi, bir etiket, kaplar\u0131n i\u00e7eri\u011fini ifade etmez. Markam\u0131z\u0131n imaj\u0131n\u0131 sunar ve al\u0131c\u0131ya \u00fcr\u00fcn\u00fcn\u00fcz\u00fcn ilk izlenimini g\u00f6sterir. Bir \u015fi\u015fe etiketleyici, bir insandan daha do\u011fru ve verimlidir. Ancak, piyasada \u00e7e\u015fitli \u015fi\u015fe etiketleme makineleri bulunmaktad\u0131r; bunlar aras\u0131nda yuvarlak \u015fi\u015fe etiketleme makineleri, <a href=\"https:\/\/taizypackaging.com\/tr\/automatic-flat-labeling-machine\/\">d\u00fcz \u015fi\u015fe etiketleme makineleri<\/a>, kare \u015fi\u015fe etiketleme makineleri ve masa \u00fcst\u00fc \u015fi\u015fe etiketleme makineleri yer almaktad\u0131r. Hangisinin sizin i\u00e7in en iyi oldu\u011fu, ger\u00e7ek durumunuza ba\u011fl\u0131d\u0131r. <\/p>    <h2 class=\"wp-block-heading\" id=\"h-the-application-of-semi-automatic-round-bottle-labeling-machine\">Yar\u0131 otomatik yuvarlak \u015fi\u015fe etiketleme makinesinin uygulamalar\u0131<\/h2>    <p class=\"translation-block\">Yuvarlak \u015fi\u015fe etiketleyici, bir t\u00fcr manuel \u015fi\u015fe etiketleme makinesidir. PET \u015fi\u015feler, plastik \u015fi\u015feler, cam \u015fi\u015feler, metal \u015fi\u015feler, kutular ve kavanozlar gibi yuvarlak \u015fi\u015feleri etiketlemek i\u00e7in uygun bir etiketleme makinesidir. \u00c7e\u015fitli alanlarda \u00fcr\u00fcn etiketlemek i\u00e7in uygundur. Manuel \u015fi\u015fe etiketleme makinesi, metal, ya\u011f, ila\u00e7, giysi, yo\u011furt, taze s\u00fct, kozmetik, sa\u00e7 bak\u0131m \u00fcr\u00fcnleri, meyve suyu i\u00e7ecekleri, gazl\u0131 i\u00e7ecekler ve di\u011fer \u00fcr\u00fcnleri etiketleyebilir. \u015ei\u015feyi hassas bir \u015fekilde etiketleyebilir ve etiketleme \u015fekli yap\u0131\u015fkanl\u0131d\u0131r. Genellikle bir s\u0131v\u0131 doldurma makinesinin ve bir <a href=\"https:\/\/taizypackaging.com\/tr\/fully-automatic-paste-filling-machine-for-100-5000ml\/\" target=\"_blank\" rel=\"noreferrer noopener\">pasta doldurma makinesinin<\/a> ek ekipman\u0131d\u0131r.<\/p>    <figure class=\"wp-block-image size-large\"><img decoding=\"async\" src=\"https:\/\/taizypackaging.com\/wp-content\/uploads\/2021\/06\/labeling-sample.jpg\" alt=\"yar\u0131 otomatik yuvarlak \u015fi\u015fe etiketleme makinesi kullan\u0131r\" class=\"wp-image-2207\"\/><figcaption class=\"wp-element-caption\">yar\u0131 otomatik yuvarlak \u015fi\u015fe etiketleme makinesi kullan\u0131r<\/figcaption><\/figure>    <h2 class=\"wp-block-heading\" id=\"semi-automatic-round-bottle-labeling-machine-parameters\">Yar\u0131 otomatik yuvarlak \u015fi\u015fe etiketleme makinesi parametreleri<\/h2>    <figure class=\"wp-block-table\"><table><tbody><tr><td>Modeli<\/td><td>TZ-100<\/td><\/tr><tr><td>G\u00fc\u00e7<\/td><td>100W<\/td><\/tr><tr><td>\u015ei\u015fe \u00e7ap\u0131<\/td><td>15-120mm<\/td><\/tr><tr><td>Etiket h\u0131z\u0131<\/td><td>20-40 \u015fi\u015fe\/dak<\/td><\/tr><tr><td>Etiket boyutu<\/td><td>W26L25-W150L300<\/td><\/tr><tr><td>Etiket rulosunun i\u00e7 \u00e7ap\u0131<\/td><td>75 mm<\/td><\/tr><tr><td>Etiket rulosunun d\u0131\u015f \u00e7ap\u0131<\/td><td>275 mm<\/td><\/tr><tr><td>Makine boyutu<\/td><td>650*345*450mm<\/td><\/tr><\/tbody><\/table><\/figure>    <h2 class=\"wp-block-heading\" id=\"h-workflow-and-video-of-semi-automatic-labeling-machine\">Yar\u0131 otomatik etiketleme makinesinin i\u015f ak\u0131\u015f\u0131 ve videosu<\/h2>    <ol class=\"wp-block-list\"> <li>Spesifik i\u015f ak\u0131\u015f\u0131 \u015fu \u015fekildedir: Pres \u015fi\u015fesinin sal\u0131n\u0131m kolunu etiketlenecek yuvarlak \u015fi\u015feye do\u011fru tutun.<\/li>    <li>\u015ei\u015fe basma kolu, mevcut motor kay\u0131\u015f\u0131n\u0131 a\u00e7mak i\u00e7in otomatik olarak anahtara dokunur.<\/li>    <li>Etiketleme i\u015fini tamamlamak i\u00e7in etiket ka\u011f\u0131d\u0131 d\u00f6ner.<\/li> <\/ol>    <p>Operasyon s\u0131ras\u0131nda herhangi bir aksesuar de\u011fi\u015ftirmeden farkl\u0131 \u00f6zelliklerdeki yuvarlak \u015fi\u015feleri etiketleyebilirsiniz. Bir etiketleme makinesi \u00e7o\u011fu yuvarlak \u015fi\u015fe etiketleme ihtiyac\u0131n\u0131 kar\u015f\u0131layabilir. Ayr\u0131ca yuvarlak \u015fi\u015fe etiketleme makinesinin \u00e7al\u0131\u015ft\u0131r\u0131lmas\u0131 ve bak\u0131m\u0131 konusunda size rehberlik edece\u011fiz.<\/p>    <h2 class=\"wp-block-heading\" id=\"h-structure-of-manual-bottle-labeling-machine\">Manuel \u015fi\u015fe etiketleme makinesinin yap\u0131 ayr\u0131nt\u0131lar\u0131<\/h2>    <p>Manuel etiketleme makinesi esas olarak bir motor, bir konumland\u0131rma \u00e7er\u00e7evesi, bir etiket tepsisi, bir elektrikli g\u00f6z, bir \u015fi\u015fe bast\u0131rma kolu, bir konumland\u0131rma silindiri, bir etiket s\u0131y\u0131rma panosu ve bir dokunmatik anahtardan olu\u015fur. Olduk\u00e7a basit bir yap\u0131ya ve m\u00fckemmel bir tasar\u0131ma sahip oldu\u011fundan kullan\u0131m\u0131 ve bak\u0131m\u0131 kolayd\u0131r. Ayr\u0131ca, \u00fcnl\u00fc bir motor ve \u015fi\u015fe etiketleme makinesinin sat\u0131l\u0131k olarak benimsenmesi, uzun bir servis \u00f6mr\u00fcne ve iyi bir performansa sahiptir. <\/p>    <figure class=\"wp-block-image size-large\"><img decoding=\"async\" src=\"https:\/\/taizypackaging.com\/wp-content\/uploads\/2021\/06\/structure-of-semi-automatic-labeling-machine.jpg\" alt=\"yar\u0131 otomatik etiketleme makinesinin yap\u0131s\u0131\" class=\"wp-image-2208\"\/><figcaption class=\"wp-element-caption\">yar\u0131 otomatik etiketleme makinesinin yap\u0131s\u0131<\/figcaption><\/figure>    <h2 class=\"wp-block-heading\" id=\"h-features-of-the-semi-automatic-round-bottle-labeling-machine\">Yar\u0131 otomatik yuvarlak \u015fi\u015fe etiketleme makinesinin \u00f6zellikleri<\/h2>    <ol class=\"wp-block-list\"> <li>Makine al\u00fcminyum ala\u015f\u0131ml\u0131 malzemeden yap\u0131lm\u0131\u015ft\u0131r.\u00a0A\u011f\u0131rl\u0131k, hafiflik, basit kullan\u0131m vb. \u00f6zelliklere sahiptir.<\/li>    <li>Geli\u015fmi\u015f elektrikli g\u00f6zlerin kullan\u0131lmas\u0131, etiket alg\u0131lama hassasiyetini y\u00fcksek hale getirebilir. Y\u00fcksek etiketleme do\u011frulu\u011funa ve ustaca bir tasar\u0131ma sahiptir. Otomatik etiketlemeyi tamamlamak i\u00e7in yaln\u0131zca \u015fi\u015feyi yerle\u015ftirmeniz gerekir.<\/li>    <li>Manuel \u015fi\u015fe etiketleme makinesi, iyi aktar\u0131m performans\u0131na ve daha kolay kullan\u0131ma sahip y\u00fcksek kaliteli kau\u00e7uk silindirler kullan\u0131r.<\/li>    <li>Uzat\u0131lm\u0131\u015f ve kal\u0131n al\u00fcminyum sal\u0131n\u0131m kolu geni\u015f bir uygulama yelpazesine ve daha kolay kullan\u0131ma sahiptir.<\/li>    <li>Senkron fren motoru, y\u00fcksek g\u00fc\u00e7l\u00fc, y\u00fcksek h\u0131zl\u0131 motor. Yuvarlak \u015fi\u015fe etiket etiketleme makinesi uzun s\u00fcre stabil bir \u015fekilde \u00e7al\u0131\u015fabilir.<\/li>    <li>Konum ayarlamas\u0131, farkl\u0131 spesifikasyonlara sahip \u015fi\u015felerin etiketleme anahtar\u0131n\u0131 basitle\u015ftirir. Ve mekanik stabilite b\u00fcy\u00fck \u00f6l\u00e7\u00fcde iyile\u015ftirildi.<\/li>    <li>Masa\u00fcst\u00fc tasar\u0131m\u0131 ve kolayla\u015ft\u0131r\u0131lm\u0131\u015f yap\u0131. Manuel \u015fi\u015fe etiketleme makinesi kompakt bir g\u00f6r\u00fcn\u00fcme ve g\u00fc\u00e7l\u00fc i\u015flevlere sahiptir.<\/li> <\/ol>    <h2 class=\"wp-block-heading\" id=\"h-machine-details-presentation\">Yar\u0131 otomatik yuvarlak \u015fi\u015fe etiketleme makinesi sistemi<\/h2>    <ol class=\"wp-block-list\"> <li>Fiber konumland\u0131rma daha do\u011frudur.<\/li>    <li>Manuel etiketleme makinesinde ayarlanabilir bir ka\u011f\u0131t besleme tepsisi bulunur. Spesifikasyonlardaki her t\u00fcrl\u00fc etikete uyum sa\u011flayabilir ve kurulumu kolayd\u0131r.<\/li>    <li>Makine, alma silindirleri ile donat\u0131lm\u0131\u015ft\u0131r. Etiketleme i\u015flemi ayarlanabilir, g\u00fcvenli ve kullan\u0131\u015fl\u0131d\u0131r. Bu i\u015f verimlili\u011fini art\u0131rabilir.<\/li>    <li>Kun t\u00fcp\u00fcn\u00fc destekleyin. Ayarlanmas\u0131 kolayd\u0131r ve geni\u015f bir uygulama aral\u0131\u011f\u0131na sahiptir. Ki\u015fiselle\u015ftirilebilir.<\/li>    <li>Yar\u0131 otomatik yuvarlak \u015fi\u015fe etiketleme makinesinin tamam\u0131 paslanmaz \u00e7elik kabuk somunlar\u0131na sahiptir. Bu t\u00fcr somun deforme olmaz ve dayan\u0131kl\u0131d\u0131r.<\/li>    <li>G\u00fc\u00e7 kayna\u011f\u0131 a\u015f\u0131r\u0131 ak\u0131m koruma fonksiyonu ile donat\u0131lm\u0131\u015ft\u0131r. Normal kullan\u0131m aral\u0131\u011f\u0131n\u0131 a\u015farsa sigorta makineyi korumak i\u00e7in otomatik olarak atacakt\u0131r.<\/li>    <li>Etiketleme makinesinin kullan\u0131m\u0131 kolayd\u0131r. Kal\u0131nla\u015ft\u0131r\u0131lm\u0131\u015f sal\u0131ncak kolu deforme olmaz ve dayan\u0131kl\u0131d\u0131r.<\/li> <\/ol>    <figure class=\"wp-block-image size-large\"><img decoding=\"async\" src=\"https:\/\/taizypackaging.com\/wp-content\/uploads\/2021\/06\/machine-details-3.jpg\" alt=\"yar\u0131 otomatik \u015fi\u015fe etiketleme makinesi detaylar\u0131\" class=\"wp-image-2210\"\/><figcaption class=\"wp-element-caption\">yar\u0131 otomatik \u015fi\u015fe etiketleme makinesi detaylar\u0131<\/figcaption><\/figure>    <h2 class=\"wp-block-heading\" id=\"why-choose-us-as-your-top-bottle-labeling-machine-manufacturer\">Neden bizi en iyi \u015fi\u015fe etiketleme makinesi \u00fcreticiniz olarak se\u00e7melisiniz?<\/h2>    <p class=\"translation-block\">G\u00fc\u00e7l\u00fc ve g\u00fcvenilir bir <a href=\"https:\/\/taizypackaging.com\/tr\/\">paketleme makinesi \u015firketi<\/a> olarak Taizy, g\u0131da makineleri ve paketleme ekipmanlar\u0131 alan\u0131nda 10 y\u0131l\u0131 a\u015fk\u0131n deneyime sahiptir. <a href=\"https:\/\/taizypackaging.com\/tr\/machines-category\/labeling\/\">T\u00fcm etiketleme makineleri<\/a> ihtiya\u00e7lar\u0131n\u0131za g\u00f6re uyarlanabilir. Size eksiksiz bir g\u0131da doldurma ve kapatma hatt\u0131 ve \u00fcr\u00fcn paketleme hatt\u0131 sunuyoruz. Bu manuel \u015fi\u015fe etiketleme makinesi uygun fiyatl\u0131, kalitesi istikrarl\u0131 ve performans\u0131 geli\u015fmi\u015ftir. Size samimi \u00f6n sat\u0131\u015f ve sat\u0131\u015f sonras\u0131 hizmetler sunaca\u011f\u0131z. Yar\u0131 otomatik \u015fi\u015fe etiketleme makinesi hakk\u0131nda herhangi bir sorunuz varsa veya \u00fccretsiz fiyat teklifi almak istiyorsan\u0131z, bizimle ileti\u015fime ge\u00e7in veya gereksinimlerinizi a\u015fa\u011f\u0131ya b\u0131rak\u0131n. <\/p>    <figure class=\"wp-block-image size-large\"><img decoding=\"async\" src=\"https:\/\/taizypackaging.com\/wp-content\/uploads\/2021\/06\/factory.jpg\" alt=\"etiketleme makinesi fabrikas\u0131\" class=\"wp-image-2209\"\/><figcaption class=\"wp-element-caption\">etiketleme makinesi fabrikas\u0131<\/figcaption><\/figure>    <h2 class=\"wp-block-heading\" id=\"h-q-a\">Taizy yar\u0131 otomatik \u015fi\u015fe etiketleme makinesi hakk\u0131nda Soru-Cevap<\/h2>    <p>1. Etiketleme makinesi ne t\u00fcr \u015fi\u015feleri paketleyebilir?<\/p>    <p>Plastik yuvarlak \u015fi\u015feler, cam \u015fi\u015feler, metal \u015fi\u015feler, kavanozlar, teneke kutular vb.<\/p>    <p>2. Etiketleme makinesi \u015fi\u015feyi 1 daire veya yar\u0131m daire \u015feklinde etiketleyebilir mi?<\/p>    <p>Elbette. \u0130stedi\u011finiz paketin geni\u015fli\u011fini ihtiya\u00e7lar\u0131n\u0131za g\u00f6re ayarlayabilirsiniz.<\/p>    <p>3. Etiketleme makinesinin h\u0131z\u0131 nedir?<\/p>    <p>Bu manuel bir etiketleme makinesidir. Farkl\u0131 insanlar\u0131n farkl\u0131 etiketleme h\u0131zlar\u0131 vard\u0131r.<\/p>    <p>4. Etiketleme makinesi hangi \u00e7aptaki \u015fi\u015feyi paketleyebilir?<\/p>    <p>Etiketleme makinesi \u00e7ap\u0131 3,5 cm'nin \u00fczerinde olan \u015fi\u015feleri etiketleyebilir. \u00c7ap\u0131 3,5 cm'den k\u00fc\u00e7\u00fck olan \u015fi\u015feleri etiketlemek istiyorsan\u0131z yatay etiketleme makinesini tercih edebilirsiniz.<\/p>","protected":false},"excerpt":{"rendered":"<p>Semi automatic round bottle labeling machine is a small tabletop bottle labeler. It has a highly small size and low cost. Therefore, it is portable and very popular for small projects. Besides, the semi-automatic round bottle labeling machine has a wide range of applications. It can be applied for labeling various glass bottles, plastic bottles, [&hellip;]<\/p>\n","protected":false},"author":1,"featured_media":2206,"parent":0,"template":"","tags":[587,398],"product-type":[663],"class_list":["post-2200","product","type-product","status-publish","has-post-thumbnail","hentry","tag-bottle-labeling-machine","tag-round-bottle-labeling-machine","product-type-bottle-filling-production-line"],"_links":{"self":[{"href":"https:\/\/taizypackaging.com\/tr\/wp-json\/wp\/v2\/product\/2200","targetHints":{"allow":["GET"]}}],"collection":[{"href":"https:\/\/taizypackaging.com\/tr\/wp-json\/wp\/v2\/product"}],"about":[{"href":"https:\/\/taizypackaging.com\/tr\/wp-json\/wp\/v2\/types\/product"}],"author":[{"embeddable":true,"href":"https:\/\/taizypackaging.com\/tr\/wp-json\/wp\/v2\/users\/1"}],"wp:featuredmedia":[{"embeddable":true,"href":"https:\/\/taizypackaging.com\/tr\/wp-json\/wp\/v2\/media\/2206"}],"wp:attachment":[{"href":"https:\/\/taizypackaging.com\/tr\/wp-json\/wp\/v2\/media?parent=2200"}],"wp:term":[{"taxonomy":"post_tag","embeddable":true,"href":"https:\/\/taizypackaging.com\/tr\/wp-json\/wp\/v2\/tags?post=2200"},{"taxonomy":"product-type","embeddable":true,"href":"https:\/\/taizypackaging.com\/tr\/wp-json\/wp\/v2\/product-type?post=2200"}],"curies":[{"name":"wp","href":"https:\/\/api.w.org\/{rel}","templated":true}]}}