{"id":223,"date":"2020-08-25T07:30:31","date_gmt":"2020-08-25T07:30:31","guid":{"rendered":"https:\/\/taizypackaging.com\/?p=223"},"modified":"2024-07-16T17:58:55","modified_gmt":"2024-07-16T09:58:55","slug":"paste-packaging-machine","status":"publish","type":"product","link":"https:\/\/taizypackaging.com\/tr\/paste-packaging-machine\/","title":{"rendered":"Yap\u0131\u015ft\u0131r Paketleme Makinas\u0131"},"content":{"rendered":"<div class=\"kk-star-ratings kksr-auto kksr-align-left kksr-valign-top\"     data-payload='{&quot;align&quot;:&quot;left&quot;,&quot;id&quot;:&quot;223&quot;,&quot;slug&quot;:&quot;default&quot;,&quot;valign&quot;:&quot;top&quot;,&quot;ignore&quot;:&quot;&quot;,&quot;reference&quot;:&quot;auto&quot;,&quot;class&quot;:&quot;&quot;,&quot;count&quot;:&quot;23&quot;,&quot;legendonly&quot;:&quot;&quot;,&quot;readonly&quot;:&quot;&quot;,&quot;score&quot;:&quot;4.6&quot;,&quot;starsonly&quot;:&quot;&quot;,&quot;best&quot;:&quot;5&quot;,&quot;gap&quot;:&quot;5&quot;,&quot;greet&quot;:&quot;Rate this product&quot;,&quot;legend&quot;:&quot;4.6\\\/5 - (23 votes)&quot;,&quot;size&quot;:&quot;24&quot;,&quot;title&quot;:&quot;Paste Packing Machine&quot;,&quot;width&quot;:&quot;130.9&quot;,&quot;_legend&quot;:&quot;{score}\\\/{best} - ({count} {votes})&quot;,&quot;font_factor&quot;:&quot;1.25&quot;}'>              <div class=\"kksr-stars\">      <div class=\"kksr-stars-inactive\">             <div class=\"kksr-star\" data-star=\"1\" style=\"padding-right: 5px\">               <div class=\"kksr-icon\" style=\"width: 24px; height: 24px;\"><\/div>         <\/div>             <div class=\"kksr-star\" data-star=\"2\" style=\"padding-right: 5px\">               <div class=\"kksr-icon\" style=\"width: 24px; height: 24px;\"><\/div>         <\/div>             <div class=\"kksr-star\" data-star=\"3\" style=\"padding-right: 5px\">               <div class=\"kksr-icon\" style=\"width: 24px; height: 24px;\"><\/div>         <\/div>             <div class=\"kksr-star\" data-star=\"4\" style=\"padding-right: 5px\">               <div class=\"kksr-icon\" style=\"width: 24px; height: 24px;\"><\/div>         <\/div>             <div class=\"kksr-star\" data-star=\"5\" style=\"padding-right: 5px\">               <div class=\"kksr-icon\" style=\"width: 24px; height: 24px;\"><\/div>         <\/div>     <\/div>      <div class=\"kksr-stars-active\" style=\"width: 130.9px;\">             <div class=\"kksr-star\" style=\"padding-right: 5px\">               <div class=\"kksr-icon\" style=\"width: 24px; height: 24px;\"><\/div>         <\/div>             <div class=\"kksr-star\" style=\"padding-right: 5px\">               <div class=\"kksr-icon\" style=\"width: 24px; height: 24px;\"><\/div>         <\/div>             <div class=\"kksr-star\" style=\"padding-right: 5px\">               <div class=\"kksr-icon\" style=\"width: 24px; height: 24px;\"><\/div>         <\/div>             <div class=\"kksr-star\" style=\"padding-right: 5px\">               <div class=\"kksr-icon\" style=\"width: 24px; height: 24px;\"><\/div>         <\/div>             <div class=\"kksr-star\" style=\"padding-right: 5px\">               <div class=\"kksr-icon\" style=\"width: 24px; height: 24px;\"><\/div>         <\/div>     <\/div> <\/div>                   <div class=\"kksr-legend\" style=\"font-size: 19.2px;\">             4.6\/5 - (23 oy)    <\/div>     <\/div>  <p class=\"translation-block\"><strong>Macun paketleme makinesi<\/strong>, f\u0131st\u0131k ezmesi, domates sal\u00e7as\u0131, susam ezmesi, di\u015f macunu, zencefil sar\u0131msak ezmesi, k\u00f6ri ezmesi, kozmetik krem, losyon vb. gibi iyi ak\u0131\u015fkanl\u0131\u011fa sahip olmayan macun malzemeleri i\u00e7in tasarlanm\u0131\u015ft\u0131r. Tart\u0131m, doldurma, yap\u0131\u015ft\u0131rma ve kesme i\u015flemlerini otomatik olarak tamamlayabilir. Fabrikan\u0131z i\u00e7in kesinlikle harika bir paketleme arac\u0131d\u0131r. \u0130yi kalitesi ve rekabet\u00e7i fiyatlar\u0131 ile Taizy <strong>macun paketleme ekipmanlar\u0131<\/strong> 30'dan fazla \u00fclke ve b\u00f6lgeye ba\u015far\u0131yla ihra\u00e7 edilmi\u015ftir. Bu makineyle ilgileniyorsan\u0131z, en iyi fiyat teklifi i\u00e7in bizimle ileti\u015fime ge\u00e7in. <\/p>    <h2 class=\"wp-block-heading\" id=\"paste-packing-machine-working-video\">Yap\u0131\u015ft\u0131rma Paketleme Makinas\u0131 \u00c7al\u0131\u015fma Videosu <\/h2>   <figure class=\"wp-block-embed-youtube wp-block-embed is-type-video is-provider-youtube wp-embed-aspect-16-9 wp-has-aspect-ratio\"><div class=\"lyte-wrapper fourthree\" title=\"Sos, Ket\u00e7ap, Bal, Tereya\u011f\u0131 i\u00e7in S\u00fcper Verimli Otomatik Macun Kese Paketleme Makinesi\" style=\"width:960px;max-width:100%;margin:5px auto;\"><div class=\"lyMe hidef\" id=\"WYL_32VXxg043VA\" itemprop=\"video\" itemscope itemtype=\"https:\/\/schema.org\/VideoObject\"><div><meta itemprop=\"thumbnailUrl\" content=\"https:\/\/taizypackaging.com\/wp-content\/plugins\/wp-youtube-lyte\/lyteCache.php?origThumbUrl=https%3A%2F%2Fi.ytimg.com%2Fvi%2F32VXxg043VA%2Fmaxresdefault.jpg\" \/><meta itemprop=\"embedURL\" content=\"https:\/\/www.youtube.com\/embed\/32VXxg043VA\" \/><meta itemprop=\"duration\" content=\"PT4M14S\" \/><meta itemprop=\"uploadDate\" content=\"2022-01-18T04:21:51Z\" \/><\/div><div id=\"lyte_32VXxg043VA\" data-src=\"https:\/\/taizypackaging.com\/wp-content\/plugins\/wp-youtube-lyte\/lyteCache.php?origThumbUrl=https%3A%2F%2Fi.ytimg.com%2Fvi%2F32VXxg043VA%2Fmaxresdefault.jpg\" class=\"pL\"><div class=\"tC\"><div class=\"tT\" itemprop=\"name\">Sos, Ket\u00e7ap, Bal, Tereya\u011f\u0131 i\u00e7in S\u00fcper Verimli Otomatik Macun Kese Paketleme Makinesi<\/div><\/div><div class=\"play\"><\/div><div class=\"ctrl\"><div class=\"Lctrl\"><\/div><div class=\"Rctrl\"><\/div><\/div><\/div><noscript><a href=\"https:\/\/youtu.be\/32VXxg043VA\" rel=\"nofollow noopener\" target=\"_blank\"><img loading=\"lazy\" decoding=\"async\" src=\"https:\/\/taizypackaging.com\/wp-content\/plugins\/wp-youtube-lyte\/lyteCache.php?origThumbUrl=https%3A%2F%2Fi.ytimg.com%2Fvi%2F32VXxg043VA%2F0.jpg\" alt=\"Sos, Ket\u00e7ap, Bal, Tereya\u011f\u0131 i\u00e7in S\u00fcper Verimli Otomatik Macun Kese Paketleme Makinesi\" width=\"960\" height=\"700\" \/><br \/>Bu videoyu YouTube'da izleyin<\/a><\/noscript><meta itemprop=\"description\" content=\"Email: Email: info@taizypackaging.com Tel\/ WhatsApp: +86 18837171591 https:\/\/taizypackaging.com\/paste-packaging-machine\/ Automatic paste pouch packing machine is suitable for packing various paste items, such as sauce, honey, ketchup, butter, etc. It has a small size and attractive price. And it can greatly improve your efficiency and benefit your project. Advantages of automatic liquid packing machine 1. Wide range of packaging: suitable for liquids of various states and properties; 2. Convenient operation: PLC control and man-machine interface operating system make the operation intuitive and convenient; 3. Suitable for different types of packaging bags; 4. Perfect prevention system to ensure the yield rate and not waste bags and materials; 5. The packaging part of the machine adopts stainless steel materials to ensure the sanitation of the materials and comply with GMP standards; 6. The high degree of automation: unmanned in the whole process of weighing and packaging, automatic alarm when a failure occurs; 7. The liquid packaging machine adopts a waterproof design. You can wash it with water. it will reduce the difficulty of cleaning and increases the service life of the machine. Email: Email: info@taizypackaging.com Tel\/ WhatsApp: +86 18837171591\"><\/div><\/div><div class=\"lL\" style=\"max-width:100%;width:960px;margin:5px auto;\"><\/div><figcaption><\/figcaption><\/figure>   <h2 class=\"wp-block-heading\" id=\"h-applications-of-paste-packing-machine\">Macun Paketleme Makinesi Uygulamalar\u0131<\/h2>    <p class=\"translation-block\">Sos paketleme makinesi, tamamen <strong>otomatik po\u015fet macun paketleme makinesidir<\/strong>. Bu nedenle, otomatik torba yap\u0131m\u0131, kantitatif dolum, fotoelektrik tan\u0131mlama, \u0131s\u0131 s\u0131zd\u0131rmazl\u0131\u011f\u0131 ve tarih bask\u0131s\u0131 gibi i\u015flevlere sahiptir. Bildi\u011fimiz gibi, po\u015fet paketleme makinesi, g\u0131da baharatlar\u0131, i\u00e7ecekler, ila\u00e7lar, g\u00fcnl\u00fck kimyasallar, soslar, yaprak g\u00fcbreler, ya\u011f torbalar\u0131, bal, \u015fampuan, kozmetik ve di\u011fer malzemelerin paketlenmesinde s\u0131v\u0131 macun malzemeleri i\u00e7in uygundur.<\/p>    <figure class=\"wp-block-image size-full\"><img decoding=\"async\" src=\"https:\/\/taizypackaging.com\/wp-content\/uploads\/2020\/08\/paste-packing-machine-applications.jpg\" alt=\"macun paketleme makinesi uygulamalar\u0131\" class=\"wp-image-4056\"\/><figcaption class=\"wp-element-caption\">macun paketleme makinesi uygulamalar\u0131<\/figcaption><\/figure>    <h2 class=\"wp-block-heading\" id=\"h-product-parameter-of-paste-filling-packing-machine\">Macun Dolum Paketleme Makinesi \u00dcr\u00fcn Parametresi<\/h2>    <figure class=\"wp-block-table\"><table><tbody><tr><td>Ambalajlama<\/td><td>Arka S\u0131zd\u0131rmazl\u0131k, 3 Yan S\u0131zd\u0131rmazl\u0131k, 4 Yan S\u0131zd\u0131rmazl\u0131k<\/td><\/tr><tr><td>Paketleme H\u0131z\u0131<\/td><td>24-60 torba\/dak<\/td><\/tr><tr><td>\u00c7anta uzunlu\u011fu<\/td><td>30-150mm<\/td><\/tr><tr><td>\u00c7anta Geni\u015fli\u011fi<\/td><td>25-145mm<\/td><\/tr><tr><td>Tart\u0131m Aral\u0131\u011f\u0131<\/td><td>40ml veya 20-100ml<\/td><\/tr><tr><td>G\u00fc\u00e7<\/td><td>2,2 KW<\/td><\/tr><tr><td>Hava bas\u0131nc\u0131<\/td><td>0,6-0,7 MP<\/td><\/tr><tr><td>A\u011f\u0131rl\u0131k<\/td><td>280 kg<\/td><\/tr><tr><td>Boyut<\/td><td>1150*700*1750mm<\/td><\/tr><tr><td>Karton boyutu<\/td><td>1100*750*1820mm<\/td><\/tr><\/tbody><\/table><\/figure>    <h2 class=\"wp-block-heading\" id=\"h-structures-of-automatic-paste-packaging-machine\">Otomatik Sal\u00e7a Paketleme Makinas\u0131 Yap\u0131lar\u0131<\/h2>    <p>Otomatik sos ezmesi paketleme makinesi esas olarak bir besleme sistemi ve bir paketleme sisteminden olu\u015fur. Bir film makaras\u0131, hazne, PLC kontrol paneli, hava bas\u0131nc\u0131 makinesi, \u0131s\u0131yla yap\u0131\u015ft\u0131rma cihaz\u0131, koruyucu kapak ve \u00e7ekme film tekerle\u011fi i\u00e7erir. T\u00fcm macun paketleme makinemiz, dayan\u0131kl\u0131 ve g\u00fcvenilir paslanmaz \u00e7elik malzeme kullan\u0131lmaktad\u0131r. Bu makine \u00e7ok basit bir yap\u0131ya ve makul bir tasar\u0131ma sahiptir. Bu nedenle i\u015fletmesi ve bak\u0131m\u0131 olduk\u00e7a kolayd\u0131r. Ayr\u0131ca Taizy Packaging Machinery, sorunlar\u0131n\u0131z\u0131 zaman\u0131nda \u00e7\u00f6zmek i\u00e7in samimi ve g\u00fcvenilir sat\u0131\u015f sonras\u0131 hizmet sunmaktad\u0131r. <\/p>    <figure class=\"wp-block-image size-full\"><img loading=\"lazy\" decoding=\"async\" width=\"720\" height=\"540\" src=\"https:\/\/taizypackaging.com\/wp-content\/uploads\/2020\/08\/paste-packing-machine-structure.jpg\" alt=\"macun paketleme makinesi yap\u0131s\u0131\" class=\"wp-image-4057\" srcset=\"https:\/\/taizypackaging.com\/wp-content\/uploads\/2020\/08\/paste-packing-machine-structure.jpg 720w, https:\/\/taizypackaging.com\/wp-content\/uploads\/2020\/08\/paste-packing-machine-structure-300x225.jpg 300w\" sizes=\"auto, (max-width: 720px) 100vw, 720px\" \/><figcaption class=\"wp-element-caption\">macun paketleme makinesi yap\u0131s\u0131<\/figcaption><\/figure>    <h2 class=\"wp-block-heading\" id=\"h-advantages-of-paste-pouch-packing-machine\">Yap\u0131\u015ft\u0131r Kese Paketleme Makinas\u0131n\u0131n Avantajlar\u0131<\/h2>    <p class=\"translation-block\"><strong>Macun po\u015fet paketleme makinesi<\/strong>, elektromekanik entegrasyon, \u00e7ift CPU mikrobilgisayar kontrol sistemi ve b\u00fcy\u00fck ekran LCD ekran benimser. Ayr\u0131ca, sos macun paketleme makinesi, mikrobilgisayar kontroll\u00fc fotoelektrik izleme d\u00fczeltme sistemini benimser. Y\u00fcksek hassasiyetli bir ad\u0131m motoru ile donat\u0131lm\u0131\u015ft\u0131r ve her paketleme torbas\u0131 deseninin konumunu hassas bir \u015fekilde ayarlar. <\/p>    <p>Bir kontrol sistemi t\u00fcm makinenin senkronizasyonunu, sabit uzunlu\u011funu, konumland\u0131rmas\u0131n\u0131 ve h\u0131z\u0131n\u0131 tamamlar.  En \u00f6nemlisi ar\u0131zalar\u0131 otomatik olarak te\u015fhis edebilmesidir. \u015eerit kodlama makinesi veya \u015fablon kodlama cihaz\u0131yla donatmay\u0131 se\u00e7ebilirsiniz. Ket\u00e7ap sosu paketleme makinesi, torba yap\u0131m\u0131, doldurma, sayma, m\u00fch\u00fcrleme ve kesme gibi bir dizi i\u015flemi otomatik olarak tamamlayabilir. <\/p>    <p>T\u00fcm ayarlama i\u015flemi boyunca durman\u0131za gerek yoktur, a\u011f\u0131rl\u0131\u011f\u0131 ayarlarken de durman\u0131za gerek yoktur.<\/p>    <figure class=\"wp-block-image size-full\"><img decoding=\"async\" src=\"https:\/\/taizypackaging.com\/wp-content\/uploads\/2020\/08\/paste-packaging-machine-pump.jpg\" alt=\"macun paketleme makinesi pompas\u0131\" class=\"wp-image-4058\"\/><figcaption class=\"wp-element-caption\">macun paketleme makinesi pompas\u0131<\/figcaption><\/figure>    <h2 class=\"wp-block-heading\" id=\"h-packaging-methods-and-packaging-materials\">Paketleme Y\u00f6ntemleri ve Paketleme Malzemeleri<\/h2>    <h3 class=\"wp-block-heading\" id=\"h-package-method\">Paket Y\u00f6ntemi<\/h3>    <p>Bu macun paketleme makinesi arkadan yap\u0131\u015ft\u0131rma, \u00fc\u00e7 tarafl\u0131 yap\u0131\u015ft\u0131rma ve d\u00f6rt tarafl\u0131 yap\u0131\u015ft\u0131rma y\u00f6ntemlerini destekler. Ayr\u0131ca zigzag, zincir torba, d\u00fcz torba vb. gibi \u00e7e\u015fitli torba kapatma y\u00f6ntemleri de sunmaktad\u0131r. <\/p>    <figure class=\"wp-block-gallery has-nested-images columns-3 is-cropped wp-block-gallery-2 is-layout-flex wp-block-gallery-is-layout-flex\"> <figure class=\"wp-block-image size-large\"><a href=\"https:\/\/taizypackaging.com\/wp-content\/uploads\/2020\/08\/chili-sauce-packing.jpg\"><img decoding=\"async\" data-id=\"1132\" src=\"https:\/\/taizypackaging.com\/wp-content\/uploads\/2020\/08\/chili-sauce-packing.jpg\" alt=\"biber sosu paketleme\" class=\"wp-image-1132\"\/><\/a><\/figure>    <figure class=\"wp-block-image size-large\"><a href=\"https:\/\/taizypackaging.com\/wp-content\/uploads\/2020\/08\/chain-bag.jpg\"><img decoding=\"async\" data-id=\"1130\" src=\"https:\/\/taizypackaging.com\/wp-content\/uploads\/2020\/08\/chain-bag.jpg\" alt=\"zincir \u00e7anta\" class=\"wp-image-1130\"\/><\/a><\/figure>    <figure class=\"wp-block-image size-large\"><a href=\"https:\/\/taizypackaging.com\/wp-content\/uploads\/2020\/08\/Shampoo-packaging.jpg\"><img decoding=\"async\" data-id=\"1133\" src=\"https:\/\/taizypackaging.com\/wp-content\/uploads\/2020\/08\/Shampoo-packaging.jpg\" alt=\"\u015eampuan-ambalaj\" class=\"wp-image-1133\"\/><\/a><\/figure> <\/figure>    <h3 class=\"wp-block-heading\" id=\"h-packing-film-material\">Ambalaj Film Malzemesi<\/h3>    <div class=\"wp-block-columns is-layout-flex wp-container-core-columns-is-layout-9d6595d7 wp-block-columns-is-layout-flex\"> <div class=\"wp-block-column is-layout-flow wp-block-column-is-layout-flow\"> <figure class=\"wp-block-image size-full\"><img decoding=\"async\" src=\"https:\/\/taizypackaging.com\/wp-content\/uploads\/2020\/08\/packaging-film-3.jpg\" alt=\"ambalaj filmi\" class=\"wp-image-4068\"\/><\/figure> <\/div>    <div class=\"wp-block-column is-layout-flow wp-block-column-is-layout-flow\"> <figure class=\"wp-block-image size-full\"><img decoding=\"async\" src=\"https:\/\/taizypackaging.com\/wp-content\/uploads\/2020\/08\/packing-film.jpg\" alt=\"ambalaj filmi\" class=\"wp-image-4069\"\/><\/figure> <\/div> <\/div>    <h2 class=\"wp-block-heading\" id=\"h-why-choose-us-as-your-top-paste-packaging-machine-manufacturer\">Neden En \u0130yi Macun Paketleme Makinesi \u00dcreticiniz Olarak Bizi Se\u00e7melisiniz? <\/h2>    <p>Biz sos paketleme makinelerinin profesyonel \u00fcreticisiyiz. Firmam\u0131z on y\u0131ldan fazla bir s\u00fcredir bu alanda faaliyet g\u00f6stermektedir. Y\u00fcksek kaliteli makineler ve m\u00fckemmel sat\u0131\u015f sonras\u0131 hizmet sa\u011flayabiliriz. Fabrikam\u0131z geni\u015f bir paketleme makinesi sto\u011funa sahiptir ve sipari\u015finizi ald\u0131\u011f\u0131m\u0131zda makineleri ilk defa g\u00f6nderece\u011fiz. T\u00fcm paketleme makineleri \u00f6zelle\u015ftirilebilir.<\/p>    <figure class=\"wp-block-image size-full\"><img decoding=\"async\" src=\"https:\/\/taizypackaging.com\/wp-content\/uploads\/2020\/08\/paste-packing-machine-factory.jpg\" alt=\"macun paketleme makinesi fabrikas\u0131\" class=\"wp-image-4065\"\/><figcaption class=\"wp-element-caption\">macun paketleme makinesi fabrikas\u0131<\/figcaption><\/figure>    <h2 class=\"wp-block-heading\" id=\"h-customer-case\">M\u00fc\u015fteri \u00d6rne\u011fi<\/h2>    <p>Ekim ay\u0131n\u0131n ba\u015f\u0131nda Ekvadorlu m\u00fc\u015fterimiz web sitemize bir mesaj b\u0131rakt\u0131. Ket\u00e7ap paketlemek i\u00e7in sal\u00e7a paketleme makinesi istedi\u011fini s\u00f6yledi. \u00d6zel bir eri\u015fte d\u00fckkan\u0131 i\u015finde. Bu y\u00fczden ket\u00e7ap\u0131 ta\u015f\u0131mas\u0131 kolay k\u00fc\u00e7\u00fck torbalara koymak istiyor. B\u00fct\u00e7esine g\u00f6re kendisine en k\u00fc\u00e7\u00fck sal\u00e7a paketleme makinesini \u00f6nerdik. Ket\u00e7ap bildi\u011fimiz gibi PET, AL, PET, PE ambalaj filmlerine uygun asidik bir g\u0131dad\u0131r. Ayr\u0131ca m\u00fc\u015fterinin y\u0131rt\u0131lmas\u0131 kolay bir cihaza ihtiyac\u0131 vard\u0131r. Ayr\u0131ca sos, baharatl\u0131 sos, tahin gibi sal\u00e7a malzemelerini de paketlemek istiyordu. Biz de ona iki macun pompas\u0131 g\u00f6nderdik. Paketleme h\u0131z\u0131 dakikada 20 torba olacak \u015fekilde kontrol edilir.<\/p>    <h2 class=\"wp-block-heading\" id=\"details-of-paste-packing-equipment\">Macun Paketleme Ekipmanlar\u0131n\u0131n Detaylar\u0131 <\/h2>    <figure class=\"wp-block-image size-full\"><img decoding=\"async\" src=\"https:\/\/taizypackaging.com\/wp-content\/uploads\/2020\/08\/paste-packing-machine-details.jpg\" alt=\"yap\u0131\u015ft\u0131rma paketleme makinesi detaylar\u0131\" class=\"wp-image-4060\"\/><figcaption class=\"wp-element-caption\">yap\u0131\u015ft\u0131rma paketleme makinesi detaylar\u0131<\/figcaption><\/figure>    <p>&nbsp;<\/p>","protected":false},"excerpt":{"rendered":"<p>Paste packing machine is designed for paste materials that do not have good fluidity, such as peanut butter, tomato paste, sesame butter, toothpaste, ginger garlic paste, curry paste, cosmetic cream, lotion, etc. It can automatically finish the process of weighing, filling, sealing, and cutting. It is absolutely a great packaging tool for your factory. With [&hellip;]<\/p>\n","protected":false},"author":1,"featured_media":765,"parent":0,"template":"","tags":[338,584,585],"product-type":[662],"class_list":["post-223","product","type-product","status-publish","has-post-thumbnail","hentry","tag-paste-packing-machine","tag-tomato-paste-packing-machine","tag-toothpaste-packing-machine","product-type-paste-packing-machines"],"_links":{"self":[{"href":"https:\/\/taizypackaging.com\/tr\/wp-json\/wp\/v2\/product\/223","targetHints":{"allow":["GET"]}}],"collection":[{"href":"https:\/\/taizypackaging.com\/tr\/wp-json\/wp\/v2\/product"}],"about":[{"href":"https:\/\/taizypackaging.com\/tr\/wp-json\/wp\/v2\/types\/product"}],"author":[{"embeddable":true,"href":"https:\/\/taizypackaging.com\/tr\/wp-json\/wp\/v2\/users\/1"}],"wp:featuredmedia":[{"embeddable":true,"href":"https:\/\/taizypackaging.com\/tr\/wp-json\/wp\/v2\/media\/765"}],"wp:attachment":[{"href":"https:\/\/taizypackaging.com\/tr\/wp-json\/wp\/v2\/media?parent=223"}],"wp:term":[{"taxonomy":"post_tag","embeddable":true,"href":"https:\/\/taizypackaging.com\/tr\/wp-json\/wp\/v2\/tags?post=223"},{"taxonomy":"product-type","embeddable":true,"href":"https:\/\/taizypackaging.com\/tr\/wp-json\/wp\/v2\/product-type?post=223"}],"curies":[{"name":"wp","href":"https:\/\/api.w.org\/{rel}","templated":true}]}}