{"id":2233,"date":"2021-07-07T08:37:41","date_gmt":"2021-07-07T08:37:41","guid":{"rendered":"https:\/\/taizypackaging.com\/?p=2233"},"modified":"2024-07-17T17:00:37","modified_gmt":"2024-07-17T09:00:37","slug":"round-bottle-labeling-machine","status":"publish","type":"product","link":"https:\/\/taizypackaging.com\/tr\/round-bottle-labeling-machine\/","title":{"rendered":"Otomatik Yuvarlak \u015ei\u015fe Etiketleme Makinas\u0131"},"content":{"rendered":"<div class=\"kk-star-ratings kksr-auto kksr-align-left kksr-valign-top\"     data-payload='{&quot;align&quot;:&quot;left&quot;,&quot;id&quot;:&quot;2233&quot;,&quot;slug&quot;:&quot;default&quot;,&quot;valign&quot;:&quot;top&quot;,&quot;ignore&quot;:&quot;&quot;,&quot;reference&quot;:&quot;auto&quot;,&quot;class&quot;:&quot;&quot;,&quot;count&quot;:&quot;11&quot;,&quot;legendonly&quot;:&quot;&quot;,&quot;readonly&quot;:&quot;&quot;,&quot;score&quot;:&quot;4.6&quot;,&quot;starsonly&quot;:&quot;&quot;,&quot;best&quot;:&quot;5&quot;,&quot;gap&quot;:&quot;5&quot;,&quot;greet&quot;:&quot;Rate this product&quot;,&quot;legend&quot;:&quot;4.6\\\/5 - (11 votes)&quot;,&quot;size&quot;:&quot;24&quot;,&quot;title&quot;:&quot;Automatic Round Bottle Labeling Machine&quot;,&quot;width&quot;:&quot;130.9&quot;,&quot;_legend&quot;:&quot;{score}\\\/{best} - ({count} {votes})&quot;,&quot;font_factor&quot;:&quot;1.25&quot;}'>              <div class=\"kksr-stars\">      <div class=\"kksr-stars-inactive\">             <div class=\"kksr-star\" data-star=\"1\" style=\"padding-right: 5px\">               <div class=\"kksr-icon\" style=\"width: 24px; height: 24px;\"><\/div>         <\/div>             <div class=\"kksr-star\" data-star=\"2\" style=\"padding-right: 5px\">               <div class=\"kksr-icon\" style=\"width: 24px; height: 24px;\"><\/div>         <\/div>             <div class=\"kksr-star\" data-star=\"3\" style=\"padding-right: 5px\">               <div class=\"kksr-icon\" style=\"width: 24px; height: 24px;\"><\/div>         <\/div>             <div class=\"kksr-star\" data-star=\"4\" style=\"padding-right: 5px\">               <div class=\"kksr-icon\" style=\"width: 24px; height: 24px;\"><\/div>         <\/div>             <div class=\"kksr-star\" data-star=\"5\" style=\"padding-right: 5px\">               <div class=\"kksr-icon\" style=\"width: 24px; height: 24px;\"><\/div>         <\/div>     <\/div>      <div class=\"kksr-stars-active\" style=\"width: 130.9px;\">             <div class=\"kksr-star\" style=\"padding-right: 5px\">               <div class=\"kksr-icon\" style=\"width: 24px; height: 24px;\"><\/div>         <\/div>             <div class=\"kksr-star\" style=\"padding-right: 5px\">               <div class=\"kksr-icon\" style=\"width: 24px; height: 24px;\"><\/div>         <\/div>             <div class=\"kksr-star\" style=\"padding-right: 5px\">               <div class=\"kksr-icon\" style=\"width: 24px; height: 24px;\"><\/div>         <\/div>             <div class=\"kksr-star\" style=\"padding-right: 5px\">               <div class=\"kksr-icon\" style=\"width: 24px; height: 24px;\"><\/div>         <\/div>             <div class=\"kksr-star\" style=\"padding-right: 5px\">               <div class=\"kksr-icon\" style=\"width: 24px; height: 24px;\"><\/div>         <\/div>     <\/div> <\/div>                   <div class=\"kksr-legend\" style=\"font-size: 19.2px;\">             4.6\/5 - (11 oy)    <\/div>     <\/div>  <p class=\"translation-block\"><strong>Otomatik yuvarlak \u015fi\u015fe etiketleme makinesi<\/strong>, \u00e7e\u015fitli \u015fi\u015felerin etiketleme i\u015flemini tam olarak tamamlayabilir. Plastik \u015fi\u015feler, cam \u015fi\u015feler, metal \u015fi\u015feler, yuvarlak kutular, kavanozlar vb. i\u00e7in uygundur. Bildi\u011fimiz gibi, etiket bir \u00fcr\u00fcn i\u00e7in \u00f6nemlidir, sadece bir markay\u0131 temsil etmekle kalmaz, ayn\u0131 zamanda al\u0131c\u0131lara \u00fcr\u00fcn\u00fcn\u00fcz\u00fcn ilk izlenimini de g\u00f6sterir. Bu otomatik \u015fi\u015fe etiketleme makinesi, \u00fcr\u00fcnlerinizi \u00e7ekici ve g\u00fczel bir \u015fekilde etiketlemenize yard\u0131mc\u0131 olabilir. <strong>Taizy<\/strong>, \u00c7in'de profesyonel bir etiketleme makinesi \u00fcreticisidir ve otomatik \u015fi\u015fe etiketleme makinesi, <a href=\"https:\/\/taizypackaging.com\/tr\/semi-automatic-round-bottle-labeling-machine-for-sale\/\">yar\u0131 otomatik \u015fi\u015fe etiketleme makinesi<\/a> ve d\u00fcz etiketleme makinesi gibi \u00e7e\u015fitli \u015fi\u015fe etiketleme makineleri satmaktad\u0131r. T\u00fcm makinelerimiz uluslararas\u0131 standartlara g\u00f6re tasarlanm\u0131\u015f ve \u00fcretilmi\u015ftir. Bir \u015fi\u015fe etiketleme makinesiyle ilgileniyor musunuz? \u00dccretsiz fiyat listesi i\u00e7in bizimle ileti\u015fime ge\u00e7in. <\/p>   <figure class=\"wp-block-embed-youtube wp-block-embed is-type-video is-provider-youtube wp-embed-aspect-16-9 wp-has-aspect-ratio\"><div class=\"lyte-wrapper fourthree\" title=\"Otomatik yuvarlak \u015fi\u015fe etiketleme makineleri\" style=\"width:960px;max-width:100%;margin:5px auto;\"><div class=\"lyMe hidef\" id=\"WYL_CCdx5K88i5Q\" itemprop=\"video\" itemscope itemtype=\"https:\/\/schema.org\/VideoObject\"><div><meta itemprop=\"thumbnailUrl\" content=\"https:\/\/taizypackaging.com\/wp-content\/plugins\/wp-youtube-lyte\/lyteCache.php?origThumbUrl=https%3A%2F%2Fi.ytimg.com%2Fvi%2FCCdx5K88i5Q%2Fmaxresdefault.jpg\" \/><meta itemprop=\"embedURL\" content=\"https:\/\/www.youtube.com\/embed\/CCdx5K88i5Q\" \/><meta itemprop=\"duration\" content=\"PT2M59S\" \/><meta itemprop=\"uploadDate\" content=\"2021-07-07T06:05:11Z\" \/><\/div><meta itemprop=\"accessibilityFeature\" content=\"captions\" \/><div id=\"lyte_CCdx5K88i5Q\" data-src=\"https:\/\/taizypackaging.com\/wp-content\/plugins\/wp-youtube-lyte\/lyteCache.php?origThumbUrl=https%3A%2F%2Fi.ytimg.com%2Fvi%2FCCdx5K88i5Q%2Fmaxresdefault.jpg\" class=\"pL\"><div class=\"tC\"><div class=\"tT\" itemprop=\"name\">Otomatik yuvarlak \u015fi\u015fe etiketleme makineleri<\/div><\/div><div class=\"play\"><\/div><div class=\"ctrl\"><div class=\"Lctrl\"><\/div><div class=\"Rctrl\"><\/div><\/div><\/div><noscript><a href=\"https:\/\/youtu.be\/CCdx5K88i5Q\" rel=\"nofollow noopener\" target=\"_blank\"><img loading=\"lazy\" decoding=\"async\" src=\"https:\/\/taizypackaging.com\/wp-content\/plugins\/wp-youtube-lyte\/lyteCache.php?origThumbUrl=https%3A%2F%2Fi.ytimg.com%2Fvi%2FCCdx5K88i5Q%2F0.jpg\" alt=\"Otomatik yuvarlak \u015fi\u015fe etiketleme makineleri\" width=\"960\" height=\"700\" \/><br \/>Bu videoyu YouTube'da izleyin<\/a><\/noscript><meta itemprop=\"description\" content=\"Whatsapp\/Wechat\/Tel\uff1a+86 19139754781 Learn more details:https:\/\/taizypackaging.com\/round-bottle-labeling-machine\/ Automatic positioning round bottle labeling machine is suitable for labeling on the circumference of round bottles, single and double labels can be applied, and the spacing between the front and back double labels can be flexibly adjusted, such as jelly bottles, food round cans, etc. It is widely used in cosmetics, food, medicine, sterilized water, and other industries. Selecting a circumferential positioning detection device can realize labeling at the specified position on the circumferential surface.\"><\/div><\/div><div class=\"lL\" style=\"max-width:100%;width:960px;margin:5px auto;\"><\/div><figcaption><\/figcaption><\/figure>   <h2 class=\"wp-block-heading\" id=\"h-introduction-of-round-bottle-labeling-machine\">Otomatik yuvarlak \u015fi\u015fe etiketleme makinesinin tan\u0131t\u0131m\u0131<\/h2>    <p class=\"translation-block\">Otomatik konumland\u0131rmal\u0131 yuvarlak \u015fi\u015fe etiketleme makinesi, yuvarlak \u015fi\u015felerin t\u00fcm \u00e7evresinde etiketleme i\u00e7in uygundur, tek ve \u00e7ift etiketler uygulanabilir. \u0130ki etiket aras\u0131ndaki aral\u0131k esnek bir \u015fekilde ayarlanabilir. Kozmetik, g\u0131da, ila\u00e7, steril su ve di\u011fer sekt\u00f6rlerde yayg\u0131n olarak kullan\u0131l\u0131r. Otomatik konumland\u0131rmal\u0131 yuvarlak \u015fi\u015fe etiketleme makinesi, <a rel=\"noreferrer noopener\" href=\"https:\/\/taizypackaging.com\/tr\/automatic-liquid-filling-machine\/\" target=\"_blank\">otomatik s\u0131v\u0131 dolum makineleri<\/a> gibi di\u011fer makinelerle birlikte kullan\u0131labilir.<\/p>    <h2 class=\"wp-block-heading\" id=\"h-application-of-automatic-round-bottle-labeling-machine\">Otomatik yuvarlak \u015fi\u015fe etiketleme makinesinin uygulamalar\u0131<\/h2>    <p>Otomatik konumland\u0131rmal\u0131 yuvarlak \u015fi\u015fe etiketleme makinesi, silindirik \u00fcr\u00fcnlerin \u00e7evresine etiketler, kendinden yap\u0131\u015fkanl\u0131 filmler, elektronik denetim kodlar\u0131 ve barkodlar uygulayabildi\u011finden, dairesel, yar\u0131 dairesel \u00e7evre, dairesel \u00e7ift tarafl\u0131 etiketleme vb. i\u015flevlerini ger\u00e7ekle\u015ftirebilir. Bu nedenle i\u00e7ecek, g\u00fcnl\u00fck kimya, g\u0131da, ila\u00e7, petrokimya, kozmetik vb. \u00e7e\u015fitli sekt\u00f6rlerde kaplar\u0131n etiketlenmesinde yayg\u0131n olarak kullan\u0131lmaktad\u0131r.<\/p>    <figure class=\"wp-block-image size-large\"><img decoding=\"async\" src=\"https:\/\/taizypackaging.com\/wp-content\/uploads\/2021\/07\/labeling-machines-for-all-kinds-of-bottles.jpg\" alt=\"otomatik yuvarlak \u015fi\u015fe etiketleme makinesi uygulamalar\u0131\" class=\"wp-image-2235\"\/><figcaption class=\"wp-element-caption\">otomatik yuvarlak \u015fi\u015fe etiketleme makinesi uygulamalar\u0131<\/figcaption><\/figure>    <h2 class=\"wp-block-heading\" id=\"h-machine-parameters\">Otomatik yuvarlak \u015fi\u015fe etiketleme makinesi parametreleri <\/h2>    <figure class=\"wp-block-table is-style-stripes\"><table><tbody><tr><td>G\u00fc\u00e7<\/td><td>AC 220V\/500w\/50\/60Hz<\/td><\/tr><tr><td>Ambalaj miktar\u0131 aral\u0131\u011f\u0131<\/td><td>0~25\u015fi\u015fe\/dak<\/td><\/tr><tr><td>Etiketleme do\u011frulu\u011fu<\/td><td>\u00b11 mm<\/td><\/tr><tr><td>Uygulanabilir etiketleme aral\u0131\u011f\u0131<\/td><td>Y\u00fckseklik:15~200mm Uzunluk:20~400mm<\/td><\/tr><tr><td>Maksimum etiketleme kayna\u011f\u0131<\/td><td>\u00c7ap:400mm Tambur \u00e7ap\u0131:76mm<\/td><\/tr><tr><td>A\u011f\u0131rl\u0131k<\/td><td>200kg<\/td><\/tr><\/tbody><\/table><\/figure>    <h2 class=\"wp-block-heading\" id=\"h-features-of-automatic-round-bottle-labeler\">Otomatik yuvarlak \u015fi\u015fe etiketleme makinesinin \u00f6zellikleri<\/h2>    <ol class=\"wp-block-list\" id=\"block-aeff97e6-c0a4-4095-bf9a-28e5d9015ede\"> <li><strong>Geni\u015f uygulama yelpazesi:<\/strong>&nbsp;Metal, cam, plastik, PET ve farkl\u0131 malzemelerden yap\u0131lm\u0131\u015f di\u011fer nesneler uyarlanabilir; Kendinden yap\u0131\u015fkanl\u0131 etiketler, kendinden yap\u0131\u015fkanl\u0131 film, elektronik denetim kodu, barkod, iki boyutlu kod etiketleri de uyarlanabilmektedir.<\/li>    <li><strong>Do\u011fru g\u00fcvenilir:<\/strong>&nbsp;\u0130yi etiketleme etkisi, do\u011fruluk \u00b1 1 mm; Standard\u0131, teslimat standard\u0131n\u0131 beslemek i\u00e7in PLC + alt b\u00f6l\u00fcm step motor s\u00fcr\u00fcc\u00fcs\u00fcn\u00fcn kullan\u0131lmas\u0131; Etiket kay\u0131\u015f\u0131n\u0131n gergin olmas\u0131n\u0131 sa\u011flamak i\u00e7in kam freni mekanizmas\u0131n\u0131 kullanarak, e\u015fit gerginlik, do\u011fru etiket alg\u0131lamay\u0131 sa\u011flamak i\u00e7in etiketin \u00e7ekilmesini azalt\u0131n; Etiketin do\u011frulu\u011funu sa\u011flamak i\u00e7in etiketin sola ve sa\u011fa kaymas\u0131n\u0131 \u00f6nlemek i\u00e7in d\u00fczeltme mekanizmas\u0131n\u0131n etraf\u0131ndaki etiket kay\u0131\u015f\u0131.<\/li>    <li><strong>Ak\u0131ll\u0131 kontrol ve basit kullan\u0131m:<\/strong>&nbsp;\u0130nsanc\u0131lla\u015ft\u0131r\u0131lm\u0131\u015f tasar\u0131m, PLC programlama kontrol\u00fc, geni\u015f renkli dokunmatik ekran i\u015flemi, tam \u00c7ince \u00e7al\u0131\u015fma aray\u00fcz\u00fc, kullan\u0131\u015fl\u0131 ve sezgisel, g\u00fc\u00e7l\u00fc veri haf\u0131za fonksiyonu, 50 grup etiketleme parametresini saklayabilir, basit ve h\u0131zl\u0131 \u00e7al\u0131\u015fma; M\u00fckemmel ar\u0131za g\u00f6stergesi ve yard\u0131m fonksiyonu.<\/li>    <li><strong>M\u00fckemmel malzeme se\u00e7imi ve kalitesi:<\/strong>&nbsp;Ana malzemesi olarak sert ve deforme olmayan, paslanmayan ve g\u00fczel paslanmaz \u00e7elik ve y\u00fcksek dereceli al\u00fcminyum ala\u015f\u0131ml\u0131 levha kullan\u0131yoruz. Ayn\u0131 zamanda ISO9001 kalite y\u00f6netim sistemine uygun olarak \u00fcretilmekte olup, \u00fcr\u00fcnlerimiz GMP'nin m\u00fckemmel \u00fcretim standartlar\u0131na uygun olarak kalite ve kullan\u0131c\u0131 deneyimine odaklanmaktad\u0131r.<\/li> <\/ol>    <h2 class=\"wp-block-heading\" id=\"how-does-an-automatic-bottle-labeling-machine-work\">Otomatik \u015fi\u015fe etiketleme makinesi nas\u0131l \u00e7al\u0131\u015f\u0131r?<\/h2>    <ol class=\"wp-block-list\"> <li>Montaj hatt\u0131na ba\u011flanabilecek \u00fcr\u00fcn ta\u015f\u0131ma band\u0131n\u0131 koyun<\/li>    <li>Ta\u015f\u0131ma<\/li>    <li>Ayr\u0131lma<\/li>    <li>Test yapmak<\/li>    <li>Konumland\u0131rma<\/li>    <li>Etiketleme ve yeniden etiketleme<\/li>    <li>Etiketli \u00fcr\u00fcnlerin toplanmas\u0131<\/li> <\/ol>    <h2 class=\"wp-block-heading\" id=\"h-structure-of-automatic-labeling-machine-for-round-bottles\">Yuvarlak \u015fi\u015feler i\u00e7in otomatik etiketleme makinesinin yap\u0131lar\u0131<\/h2>    <p>Otomatik \u015fi\u015fe etiketleme makinesi temel olarak bu par\u00e7alardan olu\u015fur; kontrol panel sistemi, konvey\u00f6r, makara, etiketleme \u00e7ark\u0131, \u015fi\u015fe durdurma \u00e7ark\u0131, etiketleme kart\u0131 yuvas\u0131, geni\u015flik ayarl\u0131 \u00e7ark, y\u00fckseklik ayar \u00e7ark\u0131, paslanmaz \u00e7elik g\u00f6vde yap\u0131s\u0131. Makul bir tasar\u0131ma sahip \u015fi\u015fe etiketleme makinesinin kurulumu, \u00e7al\u0131\u015ft\u0131r\u0131lmas\u0131 ve bak\u0131m\u0131 kolayd\u0131r. Ayr\u0131ca t\u00fcm makinelerimizde, ekipman\u0131n uzun servis \u00f6mr\u00fc ve iyi performans g\u00f6stermesini sa\u011flayan \u00fcnl\u00fc motorlar ve dayan\u0131kl\u0131 malzemeler kullan\u0131lmaktad\u0131r. <\/p>    <figure class=\"wp-block-image size-large\"><img decoding=\"async\" src=\"https:\/\/taizypackaging.com\/wp-content\/uploads\/2021\/07\/structure-of-automatic-round-bottle-labeling-machine.jpg\" alt=\"otomatik \u015fi\u015fe etiketleme makinesi yap\u0131s\u0131\" class=\"wp-image-2236\"\/><figcaption class=\"wp-element-caption\">otomatik \u015fi\u015fe etiketleme makinesi yap\u0131s\u0131<\/figcaption><\/figure>    <h2 class=\"wp-block-heading\" id=\"h-operating-principle-and-procedure-of-round-bottle-sticker-labeling-machine\">Yuvarlak \u015fi\u015fe etiketi etiketleme makinesinin \u00e7al\u0131\u015fma prensibi<\/h2>    <p>\u00c7al\u0131\u015fma prensibi: \u00dcr\u00fcn\u00fc ta\u015f\u0131ma band\u0131na koyun, \u015fi\u015fe b\u00f6lme mekanizmas\u0131na girin, \u015fi\u015fe b\u00f6lme mekanizmas\u0131 \u00fcr\u00fcn\u00fc ay\u0131rd\u0131ktan sonra sens\u00f6r, ge\u00e7en \u00fcr\u00fcn\u00fc alg\u0131lar ve etiketleme kontrol sistemine sinyali geri g\u00f6nderir, uygun pozisyonda kontrol Sistem, etiketi g\u00f6ndermek ve etiketlenecek konuma eklemek i\u00e7in ilgili motoru kontrol eder ve ayn\u0131 zamanda etiketin \u00fczerine bindirilerek etiketleme i\u015flemi tamamlan\u0131r.<\/p>    <h2 class=\"wp-block-heading\" id=\"h-details-of-sticker-labeling-machine-for-round-bottles\">Yuvarlak \u015fi\u015feler i\u00e7in yap\u0131\u015fkan etiketleme makinesinin ayr\u0131nt\u0131lar\u0131<\/h2>    <figure class=\"wp-block-image size-large\"><img loading=\"lazy\" decoding=\"async\" width=\"720\" height=\"540\" src=\"https:\/\/taizypackaging.com\/wp-content\/uploads\/2021\/07\/The-details-of-automatic-round-bottle-labeling-machine.jpg\" alt=\"\" class=\"wp-image-2237\" srcset=\"https:\/\/taizypackaging.com\/wp-content\/uploads\/2021\/07\/The-details-of-automatic-round-bottle-labeling-machine.jpg 720w, https:\/\/taizypackaging.com\/wp-content\/uploads\/2021\/07\/The-details-of-automatic-round-bottle-labeling-machine-300x225.jpg 300w\" sizes=\"auto, (max-width: 720px) 100vw, 720px\" \/><figcaption class=\"wp-element-caption\">Yuvarlak \u015fi\u015feler i\u00e7in yap\u0131\u015fkan etiketleme makinesinin ayr\u0131nt\u0131lar\u0131<\/figcaption><\/figure>    <h2 class=\"wp-block-heading\" id=\"lable-printer-machine-for-bottles-factory\">\u015ei\u015fe fabrikas\u0131 i\u00e7in etiket yaz\u0131c\u0131 makinesi<\/h2>    <p class=\"translation-block\"><a href=\"https:\/\/taizypackaging.com\/tr\/\">Taizy Packaging Machinery Co., Ltd<\/a>, etiketleme ekipmanlar\u0131nda 10 y\u0131l\u0131 a\u015fk\u0131n deneyime sahiptir, 30'dan fazla \u00fclkeye ve b\u00f6lgeye binlerce makine satm\u0131\u015f bulunmaktay\u0131z ve farkl\u0131 ihtiya\u00e7lar\u0131n\u0131za g\u00f6re \u00f6zel hizmeti destekliyoruz. Bu arada, t\u00fcm mallar\u0131n d\u00fczg\u00fcn bir \u015fekilde paketlenmesini sa\u011flamak i\u00e7in eksiksiz bir nakliye sistemimiz var. Ve makinelerimizin iyi performans\u0131n\u0131 ve h\u0131zl\u0131 teslimat\u0131n\u0131 sa\u011flamak i\u00e7in y\u00fcksek vas\u0131fl\u0131 personelimiz var. G\u00fcvenilir ve g\u00fc\u00e7l\u00fc bir \u015fi\u015fe etiketleme makinesi fabrikas\u0131 m\u0131 ar\u0131yorsunuz? Mesaj\u0131n\u0131z\u0131 b\u0131rak\u0131n, size en k\u0131sa s\u00fcrede geri d\u00f6n\u00fc\u015f yapal\u0131m. <\/p>    <figure class=\"wp-block-image size-large\"><img decoding=\"async\" src=\"https:\/\/taizypackaging.com\/wp-content\/uploads\/2021\/07\/The-shipment-of-round-bottle-sticker-labeling-machine.jpg\" alt=\"\u015fi\u015fe etiketleme makinesi g\u00f6nderilmeye haz\u0131r\" class=\"wp-image-2238\"\/><figcaption class=\"wp-element-caption\">\u015fi\u015fe etiketleme makinesi g\u00f6nderilmeye haz\u0131r<\/figcaption><\/figure>    <h2 class=\"wp-block-heading\" id=\"h-faq\">Sat\u0131l\u0131k otomatik etiketleme makinesi hakk\u0131nda SSS <\/h2>    <div class=\"schema-faq wp-block-yoast-faq-block\"><div class=\"schema-faq-section\" id=\"faq-question-1625640161458\"><strong class=\"schema-faq-question\">1. Otomatik yuvarlak \u015fi\u015fe etiketleme makinesiyle ne t\u00fcr \u015fi\u015feler etiketlenebilir?<\/strong> <p class=\"schema-faq-answer\">Bu makine esas olarak yuvarlak \u015fi\u015feler ve yuvarlak kutular gibi \u00e7e\u015fitli silindirik veya konik \u00fcr\u00fcnler \u00fczerine tekli ve \u00e7iftli etiketleri etiketlemek i\u00e7indir.<\/p> <\/div> <div class=\"schema-faq-section\" id=\"faq-question-1625640192022\"><strong class=\"schema-faq-question\">2. \u015ei\u015felerin \u00fczerine ne t\u00fcr malzemeler etiketlenebilir?<\/strong> <p class=\"schema-faq-answer\">Metal, cam, plastik, PET vb. gibi farkl\u0131 malzemeler uyarlanabilir.<\/p> <\/div> <div class=\"schema-faq-section\" id=\"faq-question-1625640278918\"><strong class=\"schema-faq-question\">3.Etiketlemede kullan\u0131lan etiket t\u00fcrleri nelerdir?<\/strong> <p class=\"schema-faq-answer\">Kendinden yap\u0131\u015fkanl\u0131 etiketler, kendinden yap\u0131\u015fkanl\u0131 film, elektronik denetim kodu, barkod, iki boyutlu kod etiketleri vb. uyarlanabilir.<\/p> <\/div> <div class=\"schema-faq-section\" id=\"faq-question-1625640303419\"><strong class=\"schema-faq-question\">4. \u015ei\u015fenin \u00e7ap\u0131 ne kadar b\u00fcy\u00fck etiketlenebilir?<\/strong> <p class=\"schema-faq-answer\">\u00c7ap\u0131 35m ve \u00fczeri olan yuvarlak \u015fi\u015feler i\u00e7in uygundur. Etiketleme makinesini ihtiya\u00e7lar\u0131n\u0131za g\u00f6re \u00f6zelle\u015ftirebiliriz. 35mm alt\u0131 etiketleme i\u00e7in yatay etiketleme makinesi gereklidir.<\/p> <\/div> <div class=\"schema-faq-section\" id=\"faq-question-1625640337070\"><strong class=\"schema-faq-question\">5. Bir motor \u00e7ok \u00e7e\u015fitli \u015fi\u015fe \u00e7aplar\u0131n\u0131 etiketleyebilir mi?<\/strong> <p class=\"schema-faq-answer\">Evet yapabilir. Ayn\u0131 makine taraf\u0131ndan etiketlenen birden fazla \u00e7aptaki \u00fcr\u00fcnle uyumludur. \u0130ste\u011fe ba\u011fl\u0131 konumland\u0131rma alg\u0131lama cihazlar\u0131 \u00e7evresel konumland\u0131rma etiketlemesini ger\u00e7ekle\u015ftirebilir. Etiketlenecek \u00fcr\u00fcnlerin boyutuna ve \u00f6zelliklerine g\u00f6re de\u011fi\u015fiklik yap\u0131labilir veya \u00f6zelle\u015ftirilebilir.<\/p> <\/div> <div class=\"schema-faq-section\" id=\"faq-question-1625640376538\"><strong class=\"schema-faq-question\">6. Otomatik yuvarlak \u015fi\u015fe etiketleme makinesi ile yar\u0131 otomatik yuvarlak \u015fi\u015fe etiketleme makinesi aras\u0131ndaki fark nedir?<\/strong> <p class=\"schema-faq-answer translation-block\">Otomatik yuvarlak \u015fi\u015fe etiketleme makinesi daha etkilidir ve daha y\u00fcksek \u00e7\u0131kt\u0131l\u0131 \u00fcretim i\u015flemleri i\u00e7in uygundur. Yar\u0131 otomatik olan\u0131, \u00fcr\u00fcnlerin makine etiketlemesine manuel olarak yerle\u015ftirilmesini ve malzemelerin manuel olarak al\u0131nmas\u0131n\u0131 gerektirir, etiketleme h\u0131z\u0131 otomatik <a href=\"https:\/\/taizypackaging.com\/tr\/machines-category\/labeling\/\" target=\"_blank\" rel=\"noreferrer noopener\">etiketleme makinesinden<\/a> daha yava\u015ft\u0131r.<\/p> <\/div> <div class=\"schema-faq-section\" id=\"faq-question-1625640466393\"><strong class=\"schema-faq-question\">7.Otomatik yuvarlak \u015fi\u015fe etiketleme makinesinin fiyat\u0131 nedir?<\/strong> <p class=\"schema-faq-answer\">Farkl\u0131 makine modellerinin farkl\u0131 fiyatlar\u0131 vard\u0131r, l\u00fctfen teklif i\u00e7in bizimle ileti\u015fime ge\u00e7in.<\/p> <\/div> <\/div>    <h2 class=\"wp-block-heading\" id=\"related-bottle-labeling-machine-for-sale\">Sat\u0131l\u0131k ilgili \u015fi\u015fe etiketleme makinesi<\/h2>    <p class=\"translation-block\">Bu otomatik yuvarlak \u015fi\u015fe etiketleme makinesine ek olarak, Taizy Machinery Co., Ltd yar\u0131 otomatik yuvarlak \u015fi\u015fe etiketleme makinesi ve <a href=\"https:\/\/taizypackaging.com\/tr\/automatic-flat-labeling-machine\/\">otomatik d\u00fcz \u015fi\u015fe etiketleme makinesi<\/a> gibi bir\u00e7ok ba\u015fka kaliteli etiketleme makinesi de sunmaktad\u0131r. T\u00fcm bu makineler \u015fu anda bizden rekabet\u00e7i fiyatlarla mevcuttur. Bu makinelerle ilgileniyor musunuz? Detaylar i\u00e7in bizimle ileti\u015fime ge\u00e7in. <\/p>","protected":false},"excerpt":{"rendered":"<p>Automatic round bottle labeling machine can completely finish the labeling process of various bottles. It is suitable for plastic bottles, glass bottles, metal bottles, round cans, jars, etc. As we know, the label is important for a product, it not only represents a brand but also shows buyers the first impression of your product. This [&hellip;]<\/p>\n","protected":false},"author":1,"featured_media":2241,"parent":0,"template":"","tags":[587,398],"product-type":[663],"class_list":["post-2233","product","type-product","status-publish","has-post-thumbnail","hentry","tag-bottle-labeling-machine","tag-round-bottle-labeling-machine","product-type-bottle-filling-production-line"],"_links":{"self":[{"href":"https:\/\/taizypackaging.com\/tr\/wp-json\/wp\/v2\/product\/2233","targetHints":{"allow":["GET"]}}],"collection":[{"href":"https:\/\/taizypackaging.com\/tr\/wp-json\/wp\/v2\/product"}],"about":[{"href":"https:\/\/taizypackaging.com\/tr\/wp-json\/wp\/v2\/types\/product"}],"author":[{"embeddable":true,"href":"https:\/\/taizypackaging.com\/tr\/wp-json\/wp\/v2\/users\/1"}],"wp:featuredmedia":[{"embeddable":true,"href":"https:\/\/taizypackaging.com\/tr\/wp-json\/wp\/v2\/media\/2241"}],"wp:attachment":[{"href":"https:\/\/taizypackaging.com\/tr\/wp-json\/wp\/v2\/media?parent=2233"}],"wp:term":[{"taxonomy":"post_tag","embeddable":true,"href":"https:\/\/taizypackaging.com\/tr\/wp-json\/wp\/v2\/tags?post=2233"},{"taxonomy":"product-type","embeddable":true,"href":"https:\/\/taizypackaging.com\/tr\/wp-json\/wp\/v2\/product-type?post=2233"}],"curies":[{"name":"wp","href":"https:\/\/api.w.org\/{rel}","templated":true}]}}