{"id":2316,"date":"2021-07-19T09:36:01","date_gmt":"2021-07-19T09:36:01","guid":{"rendered":"https:\/\/taizypackaging.com\/?p=2316"},"modified":"2024-07-17T17:30:05","modified_gmt":"2024-07-17T09:30:05","slug":"vacuum-capping-machine-for-sale","status":"publish","type":"product","link":"https:\/\/taizypackaging.com\/tr\/vacuum-capping-machine-for-sale\/","title":{"rendered":"Vakum Kapatma Makinas\u0131"},"content":{"rendered":"<div class=\"kk-star-ratings kksr-auto kksr-align-left kksr-valign-top\"     data-payload='{&quot;align&quot;:&quot;left&quot;,&quot;id&quot;:&quot;2316&quot;,&quot;slug&quot;:&quot;default&quot;,&quot;valign&quot;:&quot;top&quot;,&quot;ignore&quot;:&quot;&quot;,&quot;reference&quot;:&quot;auto&quot;,&quot;class&quot;:&quot;&quot;,&quot;count&quot;:&quot;30&quot;,&quot;legendonly&quot;:&quot;&quot;,&quot;readonly&quot;:&quot;&quot;,&quot;score&quot;:&quot;4.7&quot;,&quot;starsonly&quot;:&quot;&quot;,&quot;best&quot;:&quot;5&quot;,&quot;gap&quot;:&quot;5&quot;,&quot;greet&quot;:&quot;Rate this product&quot;,&quot;legend&quot;:&quot;4.7\\\/5 - (30 votes)&quot;,&quot;size&quot;:&quot;24&quot;,&quot;title&quot;:&quot;Vacuum Capping Machine&quot;,&quot;width&quot;:&quot;133.8&quot;,&quot;_legend&quot;:&quot;{score}\\\/{best} - ({count} {votes})&quot;,&quot;font_factor&quot;:&quot;1.25&quot;}'>              <div class=\"kksr-stars\">      <div class=\"kksr-stars-inactive\">             <div class=\"kksr-star\" data-star=\"1\" style=\"padding-right: 5px\">               <div class=\"kksr-icon\" style=\"width: 24px; height: 24px;\"><\/div>         <\/div>             <div class=\"kksr-star\" data-star=\"2\" style=\"padding-right: 5px\">               <div class=\"kksr-icon\" style=\"width: 24px; height: 24px;\"><\/div>         <\/div>             <div class=\"kksr-star\" data-star=\"3\" style=\"padding-right: 5px\">               <div class=\"kksr-icon\" style=\"width: 24px; height: 24px;\"><\/div>         <\/div>             <div class=\"kksr-star\" data-star=\"4\" style=\"padding-right: 5px\">               <div class=\"kksr-icon\" style=\"width: 24px; height: 24px;\"><\/div>         <\/div>             <div class=\"kksr-star\" data-star=\"5\" style=\"padding-right: 5px\">               <div class=\"kksr-icon\" style=\"width: 24px; height: 24px;\"><\/div>         <\/div>     <\/div>      <div class=\"kksr-stars-active\" style=\"width: 133.8px;\">             <div class=\"kksr-star\" style=\"padding-right: 5px\">               <div class=\"kksr-icon\" style=\"width: 24px; height: 24px;\"><\/div>         <\/div>             <div class=\"kksr-star\" style=\"padding-right: 5px\">               <div class=\"kksr-icon\" style=\"width: 24px; height: 24px;\"><\/div>         <\/div>             <div class=\"kksr-star\" style=\"padding-right: 5px\">               <div class=\"kksr-icon\" style=\"width: 24px; height: 24px;\"><\/div>         <\/div>             <div class=\"kksr-star\" style=\"padding-right: 5px\">               <div class=\"kksr-icon\" style=\"width: 24px; height: 24px;\"><\/div>         <\/div>             <div class=\"kksr-star\" style=\"padding-right: 5px\">               <div class=\"kksr-icon\" style=\"width: 24px; height: 24px;\"><\/div>         <\/div>     <\/div> <\/div>                   <div class=\"kksr-legend\" style=\"font-size: 19.2px;\">             4.7\/5 - (30 oy)    <\/div>     <\/div>  <p class=\"translation-block\"><strong>Vakum kapaklama makinesi<\/strong> burada yar\u0131 otomatik bir \u015fi\u015fe kapak m\u00fch\u00fcrleme makinesi t\u00fcr\u00fcd\u00fcr. Ayn\u0131 zamanda bir d\u00f6ner kapaklama makinesidir. Bu <strong>vakum \u015fi\u015fe kapaklama makinesi<\/strong> esasen yuvarlak \u015fi\u015feler, kare \u015fi\u015feler, oluklu \u015fi\u015feler ve di\u011fer cam \u015fi\u015feler, kavanozlar ve kutular i\u00e7in vakum kapaklama uygulamalar\u0131nda kullan\u0131l\u0131r. G\u0131da ve i\u00e7ecek end\u00fcstrisi ile ila\u00e7 end\u00fcstrisi gibi bir\u00e7ok sekt\u00f6rde geni\u015f bir \u015fekilde kullan\u0131lmaktad\u0131r. Her alanda <strong>cam \u015fi\u015fe kapaklay\u0131c\u0131<\/strong> talebi olduk\u00e7a y\u00fcksektir. K\u0131sacas\u0131, \u015fi\u015felerin dolduruldu\u011fu her yerde, vakum kapaklama makinelerine ihtiya\u00e7 vard\u0131r. Bu kesinlikle i\u015finiz i\u00e7in b\u00fcy\u00fck bir f\u0131rsatt\u0131r. Ayr\u0131nt\u0131l\u0131 sat\u0131n alma bilgileri i\u00e7in bug\u00fcn bizimle ileti\u015fime ge\u00e7in. <\/p>    <h2 class=\"wp-block-heading\" id=\"vacuum-capping-machine-working-video\">Vakum kapatma makinesi \u00e7al\u0131\u015fma videosu <\/h2>   <figure class=\"wp-block-embed-youtube wp-block-embed is-type-video is-provider-youtube wp-embed-aspect-16-9 wp-has-aspect-ratio\"><div class=\"lyte-wrapper fourthree\" title=\"Vakum Kapak Kapatma Makinas\u0131 Cam Kavanoz, \u015ei\u015feler, Konteynerler Yar\u0131 Otomatik | \u0130yi Performans ve D\u00fc\u015f\u00fck Maliyet\" style=\"width:960px;max-width:100%;margin:5px auto;\"><div class=\"lyMe hidef\" id=\"WYL_BWf1Jd0ly80\" itemprop=\"video\" itemscope itemtype=\"https:\/\/schema.org\/VideoObject\"><div><meta itemprop=\"thumbnailUrl\" content=\"https:\/\/taizypackaging.com\/wp-content\/plugins\/wp-youtube-lyte\/lyteCache.php?origThumbUrl=https%3A%2F%2Fi.ytimg.com%2Fvi%2FBWf1Jd0ly80%2Fmaxresdefault.jpg\" \/><meta itemprop=\"embedURL\" content=\"https:\/\/www.youtube.com\/embed\/BWf1Jd0ly80\" \/><meta itemprop=\"duration\" content=\"PT1M9S\" \/><meta itemprop=\"uploadDate\" content=\"2022-02-17T03:05:20Z\" \/><\/div><meta itemprop=\"accessibilityFeature\" content=\"captions\" \/><div id=\"lyte_BWf1Jd0ly80\" data-src=\"https:\/\/taizypackaging.com\/wp-content\/plugins\/wp-youtube-lyte\/lyteCache.php?origThumbUrl=https%3A%2F%2Fi.ytimg.com%2Fvi%2FBWf1Jd0ly80%2Fmaxresdefault.jpg\" class=\"pL\"><div class=\"tC\"><div class=\"tT\" itemprop=\"name\">Vakum Kapak Kapatma Makinas\u0131 Cam Kavanoz, \u015ei\u015feler, Konteynerler Yar\u0131 Otomatik | \u0130yi Performans ve D\u00fc\u015f\u00fck Maliyet<\/div><\/div><div class=\"play\"><\/div><div class=\"ctrl\"><div class=\"Lctrl\"><\/div><div class=\"Rctrl\"><\/div><\/div><\/div><noscript><a href=\"https:\/\/youtu.be\/BWf1Jd0ly80\" rel=\"nofollow noopener\" target=\"_blank\"><img loading=\"lazy\" decoding=\"async\" src=\"https:\/\/taizypackaging.com\/wp-content\/plugins\/wp-youtube-lyte\/lyteCache.php?origThumbUrl=https%3A%2F%2Fi.ytimg.com%2Fvi%2FBWf1Jd0ly80%2F0.jpg\" alt=\"Vakum Kapak Kapatma Makinas\u0131 Cam Kavanoz, \u015ei\u015feler, Konteynerler Yar\u0131 Otomatik | \u0130yi Performans ve D\u00fc\u015f\u00fck Maliyet\" width=\"960\" height=\"700\" \/><br \/>Bu videoyu YouTube'da izleyin<\/a><\/noscript><meta itemprop=\"description\" content=\"#vacuumcapping #bottlecapper #cappingmachine EMAIL: info@taizypackaging.com TEL\/WHATSAPP: +86 18837171591 USEFUL LINK: https:\/\/taizypackaging.com\/vacuum-capping-machine-for-sale\/ This vacuum capping machine is a semi automatic bottle capper. It is suitable for various glass bottles and jars. And it is widely used in lots of industries like the food &amp; beverage industry, pharmaceutical industry. Vacuum capping machine has a wide range of applications, such as sesame sauce, chili sauce, peanut butter, jam, canned peach, bird&#039;s nest, beer, wine, oil, milk, etc. A semi auto vacuum capping machine is usually used together with a paste filling machine, when the sauce or liquid is filled, the bottle and the cap are put together on the machine for capping. Vacuum bottle capping machine uses a PLC control screen, Chinese and English languages available. You can set capping time, vacuum time on it easily. Besides, this semi automatic bottle capping machine has 4 vacuum capping heads, high efficiency. Moreover, with stainless steel body materials, the bottle capper is durable and has a long service life. What is more, it has two fixed cylinders, 4 wheels, a rotary cylinder, and a workbox. You may also like these videos: Automatic paste filling machine: https:\/\/www.youtube.com\/watch?v=EwhasMp_vJI Automatic round bottle labeling machine: https:\/\/www.youtube.com\/watch?v=CCdx5K88i5Q Automatic bottle capping machine: https:\/\/www.youtube.com\/watch?v=w6hJUqlY1gk EMAIL: info@taizypackaging.com TEL\/WHATSAPP: +86 18837171591 USEFUL LINK: https:\/\/taizypackaging.com\/vacuum-capping-machine-for-sale\/\"><\/div><\/div><div class=\"lL\" style=\"max-width:100%;width:960px;margin:5px auto;\"><\/div><figcaption><\/figcaption><\/figure>   <p class=\"translation-block\"><strong>\u00c7al\u0131\u015fma prensibi:<\/strong> Cam \u015fi\u015feleri kal\u0131ba yerle\u015ftirin ve kal\u0131p, d\u00f6rt e\u015fit par\u00e7aya b\u00f6l\u00fcnm\u00fc\u015f bir d\u00f6ner tabla taraf\u0131ndan aral\u0131kl\u0131 olarak d\u00f6nd\u00fcr\u00fcl\u00fcr. \u015ei\u015fe tutma mekanizmas\u0131 \u015fi\u015feyi s\u0131k\u0131ca tutar, ard\u0131ndan kal\u0131p kapaklama istasyonuna d\u00f6ner ve d\u00f6ner akt\u00fcat\u00f6r a\u015fa\u011f\u0131 bas\u0131l\u0131r ve kapak kapat\u0131l\u0131r, b\u00f6ylece vakum bo\u015flu\u011fu olu\u015fur.<\/p>    <h2 class=\"wp-block-heading\" id=\"h-introduction-of-vacuum-capping-machine\">Vakumlu kapatma makinesi uygulamalar\u0131 <\/h2>    <p class=\"translation-block\">Vakum kapak kapatma makinesi temel olarak \u00e7e\u015fitli cam \u015fi\u015felerin teneke kapakla vakumla kapat\u0131lmas\u0131 i\u00e7in kullan\u0131l\u0131r. Susam sosu, ac\u0131 sos, f\u0131st\u0131k ezmesi, re\u00e7el, \u015feftali konservesi, ku\u015f yuvas\u0131, bira, \u015farap, ya\u011f, s\u00fct vb. gibi geni\u015f bir uygulama alan\u0131na sahiptir. Yar\u0131 otomatik vakum kapak kapatma makinesi, bakteri \u00fcremesini, oksidasyonu ve bozulmay\u0131 etkili bir \u015fekilde \u00f6nleyen tamamen kapal\u0131 bir alan olu\u015fturur. Kalite koruma etkisi vard\u0131r. Bu arada, vakum kapak kapatma makinesi genellikle bir <a rel=\"noreferrer noopener\" href=\"https:\/\/taizypackaging.com\/tr\/semi-automatic-paste-filling-machine\/\" target=\"_blank\">macun doldurma makinesi<\/a> ile birlikte kullan\u0131l\u0131r; sos veya s\u0131v\u0131 dolduruldu\u011funda, \u015fi\u015fe ve kap, kapatma makinesine yerle\u015ftirilerek kapat\u0131l\u0131r.<\/p>    <figure class=\"wp-block-image size-full\"><img decoding=\"async\" src=\"https:\/\/taizypackaging.com\/wp-content\/uploads\/2021\/07\/vacuum-capping-machine-applications.jpg\" alt=\"vakum kapatma makinesi uygulamalar\u0131\" class=\"wp-image-3778\"\/><figcaption class=\"wp-element-caption\">vakum kapatma makinesi uygulamalar\u0131<\/figcaption><\/figure>    <h2 class=\"wp-block-heading\" id=\"h-the-structure-of-vacuum-bottle-capping-machine\">Vakumlu \u015fi\u015fe kapatma makinesinin yap\u0131 \u00f6zellikleri <\/h2>    <p>Vakumlu \u015fi\u015fe kapatma makinesi bir PLC kontrol ekran\u0131 kullan\u0131r ve \u00c7ince ve \u0130ngilizce dilleri mevcuttur. Kapatma s\u00fcresini ve vakum s\u00fcresini kolayca ayarlayabilirsiniz. Ayr\u0131ca, bu yar\u0131 otomatik \u015fi\u015fe kapatma makinesinde 4 adet vakum kapatma ba\u015fl\u0131\u011f\u0131 bulunur ve y\u00fcksek verimlilik sa\u011flar. \u00dcstelik paslanmaz \u00e7elik g\u00f6vde malzemeleri sayesinde \u015fi\u015fe kapa\u011f\u0131 dayan\u0131kl\u0131 ve uzun \u00f6m\u00fcrl\u00fcd\u00fcr. \u00dcstelik iki sabit silindiri, 4 tekerle\u011fi, bir d\u00f6ner silindiri ve bir \u00e7al\u0131\u015fma kutusu var. <\/p>    <figure class=\"wp-block-image size-full\"><img decoding=\"async\" src=\"https:\/\/taizypackaging.com\/wp-content\/uploads\/2021\/07\/vacuum-capping-machine-structure.jpg\" alt=\"vakum kapatma makinesi yap\u0131s\u0131\" class=\"wp-image-3780\"\/><figcaption class=\"wp-element-caption\">vakum kapatma makinesi yap\u0131s\u0131<\/figcaption><\/figure>    <h2 class=\"wp-block-heading\" id=\"h-machine-parameters\">Vakumlu cam \u015fi\u015fe kapatma parametreleri<\/h2>    <figure class=\"wp-block-table is-style-stripes\"><table class=\"has-fixed-layout\"><tbody><tr><td>G\u00fc\u00e7<\/td><td>220V\/50HZ\/1.5KW<\/td><\/tr><tr><td>Hava bas\u0131nc\u0131<\/td><td>0,5~0,8MPa<\/td><\/tr><tr><td>Kapasite<\/td><td>10~15\u015fi\u015fe\/dak<\/td><\/tr><tr><td>Vidal\u0131 kapak \u00e7ap\u0131<\/td><td>Ki\u015fiselle\u015ftirilebilir<\/td><\/tr><tr><td>\u015ei\u015fe boyutu<\/td><td>Ki\u015fiselle\u015ftirilebilir<\/td><\/tr><tr><td>Makine boyutu<\/td><td>650*750*1600mm<\/td><\/tr><tr><td>A\u011f\u0131rl\u0131k<\/td><td>180Kg<\/td><\/tr><\/tbody><\/table><\/figure>    <h2 class=\"wp-block-heading\" id=\"h-features-of-vacuum-capping-machine\">Sat\u0131l\u0131k Taizy vakumlu kapatma makinesinin performans \u00f6zellikleri<\/h2>    <ul class=\"wp-block-list\"> <li>Vakum kapatma makinesi, y\u00fcksek vakum derecesi sa\u011flamak ve verimlili\u011fi ve s\u0131zd\u0131rmazl\u0131k kalitesini art\u0131rmak i\u00e7in vakum pompas\u0131 tahliye y\u00f6ntemini benimser.<\/li>    <li>Yar\u0131 otomatik vakum kapatma makinesi bir PLC kontrol sistemini benimser, ekran \u00fczerinden basit bir i\u015flemle farkl\u0131 mod ve parametreler ayarlanabilir.<\/li>    <li>Makinenin benzersiz tasar\u0131m\u0131, farkl\u0131 boyut ve \u015fekillerdeki kapaklarla uyumlu olabilmekte ve \u015fi\u015fe kal\u0131plar\u0131 ve kapaklama kafalar\u0131, m\u00fc\u015fterilerin farkl\u0131 ihtiya\u00e7lar\u0131na g\u00f6re \u00f6zelle\u015ftirilebilmektedir.<\/li>    <li>Makinenin tamam\u0131, makinenin servis \u00f6mr\u00fcn\u00fc uzatmak i\u00e7in korozyon direnci, \u0131s\u0131 direnci ve iyi i\u015flenebilirlik avantajlar\u0131na sahip 304 paslanmaz \u00e7elik malzemeden yap\u0131lm\u0131\u015ft\u0131r.<\/li>    <li>Ana pn\u00f6matik ve elektrikli bile\u015fenlerde istikrarl\u0131 ve g\u00fcvenilir performans sa\u011flamak i\u00e7in uluslararas\u0131 \u00fcne sahip markalar kullan\u0131lmaktad\u0131r.<\/li>    <li> Makinelerimizin genel olarak di\u011fer \u00fcreticiler taraf\u0131ndan yap\u0131land\u0131r\u0131lmayan su-ya\u011f ay\u0131r\u0131c\u0131larla donat\u0131ld\u0131\u011f\u0131n\u0131 belirtmekte fayda var. Vakum ortam\u0131 olu\u015fturmak i\u00e7in bu t\u00fcr makinelerin bir hava kompres\u00f6r\u00fc ile birlikte kullan\u0131lmas\u0131 gerekti\u011fini ve bu su-ya\u011f ay\u0131r\u0131c\u0131 ve hava kompres\u00f6r\u00fcn\u00fcn birlikte silindirin servis \u00f6mr\u00fcn\u00fc uzatabilece\u011fini biliyoruz. Ayr\u0131ca silindirin su almas\u0131n\u0131 \u00f6nleyebilir ve makineye verilen hasar\u0131 h\u0131zland\u0131rabilir.<\/li> <\/ul>    <h2 class=\"wp-block-heading\" id=\"h-details-of-vacuum-capping-machine-semi-automatic\">Yar\u0131 otomatik vakum kapatma makinesinin detaylar\u0131<\/h2>    <figure class=\"wp-block-image size-large\"><img decoding=\"async\" src=\"https:\/\/taizypackaging.com\/wp-content\/uploads\/2021\/07\/\u753b\u677f-2.jpg\" alt=\"\" class=\"wp-image-2319\"\/><\/figure>    <h2 class=\"wp-block-heading\" id=\"h-why-do-we-need-vacuum-capping\">Neden vakumlu kapatmaya ihtiyac\u0131m\u0131z var? <\/h2>    <p>Hepimizin bildi\u011fi gibi, vakumla paketlenmi\u015f yiyecekler genellikle uzun bir raf \u00f6mr\u00fcne sahiptir; bunun nedeni, vakumlu paketlemenin atmosferdeki oksijeni azaltmas\u0131, aerobik bakteri veya mantarlar\u0131n b\u00fcy\u00fcmesini s\u0131n\u0131rlamas\u0131 ve u\u00e7ucu bile\u015fenlerin buharla\u015fmas\u0131n\u0131 \u00f6nlemesidir. Ayn\u0131 zamanda vakumlu paketleme, g\u0131dan\u0131n besin de\u011ferini bir dereceye kadar geri kazand\u0131ran koruyucular\u0131n kullan\u0131m\u0131n\u0131 da ortadan kald\u0131r\u0131r. Son olarak, vakumlu paketlenen e\u015fyalar\u0131n ta\u015f\u0131ma s\u0131ras\u0131nda hasar g\u00f6rme olas\u0131l\u0131\u011f\u0131 da daha azd\u0131r.<\/p>    <h2 class=\"wp-block-heading\" id=\"bottle-capping-machines-exported-to-cameroon-africa\">\u015ei\u015fe kapatma makineleri Kamerun, Afrika'ya ihra\u00e7 edildi<\/h2>    <p class=\"translation-block\">Ge\u00e7en ay, Afrika'n\u0131n Kamerun b\u00f6lgesinden bir m\u00fc\u015fteri, <a href=\"https:\/\/taizypackaging.com\/tr\/\">taizy \u015firketinin resmi web sitesi<\/a> \u00fczerinden bir vakum kapaklama makinesi sipari\u015f etti. Takip eden sohbet s\u0131ras\u0131nda, m\u00fc\u015fteri paketten sonra \u00fcr\u00fcn\u00fcn canl\u0131 foto\u011fraflar\u0131n\u0131 bize g\u00f6nderdi. Makinemizin kalite ve ambalaj etkisinden memnun kald\u0131 ve \u00f6n\u00fcm\u00fczdeki y\u0131llarda bizimle i\u015fbirli\u011fi yapma iste\u011fini ifade etti. Personelimiz, fabrika ortam\u0131na g\u00f6re makinenin kullan\u0131m\u0131 ve bak\u0131m\u0131 hakk\u0131nda uygun \u00f6nerilerde bulundu.<\/p>    <figure class=\"wp-block-image size-large\"><img decoding=\"async\" src=\"https:\/\/taizypackaging.com\/wp-content\/uploads\/2021\/07\/\u5ba2\u6237\u53cd\u9988\u56fe.jpg\" alt=\"\" class=\"wp-image-2320\"\/><figcaption class=\"wp-element-caption\">m\u00fc\u015fterimizden canl\u0131 foto\u011fraflar<\/figcaption><\/figure>    <h2 class=\"wp-block-heading\" id=\"h-cleaning-and-maintenance\">Taizy vakumlu \u015fi\u015fe kapatma makinesinin bak\u0131m y\u00f6ntemleri<\/h2>    <ul class=\"wp-block-list\"> <li>Makine tablas\u0131n\u0131n ve kal\u0131b\u0131n y\u00fczeyini d\u00fczenli olarak temizleyin (\u00f6nce g\u00fcc\u00fc ve hava beslemesini kapatmal\u0131s\u0131n\u0131z)<\/li>    <li>D\u00f6nen miller ve k\u0131lavuz raylar gibi hareketli par\u00e7alar\u0131 d\u00fczenli olarak ya\u011flay\u0131n<\/li>    <li>Vakum pompas\u0131 ya\u011f\u0131 d\u00fczenli olarak, genellikle 3-6 ayda bir de\u011fi\u015ftirilmelidir.<\/li>    <li>Hava filtrelerini d\u00fczenli olarak temizleyin<\/li>    <li>Vakum pompas\u0131n\u0131n normal \u00e7al\u0131\u015fmas\u0131nda, pompadaki vakum pompas\u0131 ya\u011f\u0131n\u0131 ya\u011f i\u015faretinin alt\u0131nda tutmay\u0131n. Yak\u0131t doldururken farkl\u0131 marka ve model vakum pompas\u0131 ya\u011flar\u0131n\u0131 kar\u0131\u015ft\u0131rmay\u0131n.<\/li> <\/ul>    <h2 class=\"wp-block-heading\" id=\"get-a-free-quote\">\u00dccretsiz fiyat teklifi almak!<\/h2>    <p class=\"translation-block\">Bizden sat\u0131l\u0131k vakum kapaklama makinesi iyi performansa ve en iyi fiyata sahiptir. Bu t\u00fcr \u015fi\u015fe paketleme makineleri d\u00fcnya genelinde olduk\u00e7a pop\u00fclerdir. Ayr\u0131ca, bizde bir <a href=\"https:\/\/taizypackaging.com\/tr\/automatic-capping-machine\/\">otomatik \u015fi\u015fe kapaklama makinesi<\/a> de mevcuttur. G\u00f6sterilen makineye k\u0131yasla farkl\u0131 \u00f6zellikler ve avantajlar sunar. Daha fazla faydal\u0131 bilgi veya \u00fccretsiz fiyat listesi almak ister misiniz? Gereksinimlerinizi b\u0131rak\u0131n, en k\u0131sa s\u00fcrede sizinle ileti\u015fime ge\u00e7ece\u011fiz.  <\/p>","protected":false},"excerpt":{"rendered":"<p>Vacuum capping machine here is a type of semi automatic bottle cap sealing machine. Meanwhile, it is also a rotary capping machine. This vacuum bottle capping machine is mainly applied in vacuum capping for round bottles, square bottles, fluted bottles, and other glass bottles, jars, and cans. It is widely used in lots of industries [&hellip;]<\/p>\n","protected":false},"author":1,"featured_media":2323,"parent":0,"template":"","tags":[588,90,497,498],"product-type":[668],"class_list":["post-2316","product","type-product","status-publish","has-post-thumbnail","hentry","tag-bottle-capping-machine","tag-capping-machine","tag-vacuum-capping","tag-vacuum-capping-machine","product-type-supporting-equipment"],"_links":{"self":[{"href":"https:\/\/taizypackaging.com\/tr\/wp-json\/wp\/v2\/product\/2316","targetHints":{"allow":["GET"]}}],"collection":[{"href":"https:\/\/taizypackaging.com\/tr\/wp-json\/wp\/v2\/product"}],"about":[{"href":"https:\/\/taizypackaging.com\/tr\/wp-json\/wp\/v2\/types\/product"}],"author":[{"embeddable":true,"href":"https:\/\/taizypackaging.com\/tr\/wp-json\/wp\/v2\/users\/1"}],"wp:featuredmedia":[{"embeddable":true,"href":"https:\/\/taizypackaging.com\/tr\/wp-json\/wp\/v2\/media\/2323"}],"wp:attachment":[{"href":"https:\/\/taizypackaging.com\/tr\/wp-json\/wp\/v2\/media?parent=2316"}],"wp:term":[{"taxonomy":"post_tag","embeddable":true,"href":"https:\/\/taizypackaging.com\/tr\/wp-json\/wp\/v2\/tags?post=2316"},{"taxonomy":"product-type","embeddable":true,"href":"https:\/\/taizypackaging.com\/tr\/wp-json\/wp\/v2\/product-type?post=2316"}],"curies":[{"name":"wp","href":"https:\/\/api.w.org\/{rel}","templated":true}]}}