{"id":2429,"date":"2021-07-25T07:50:54","date_gmt":"2021-07-25T07:50:54","guid":{"rendered":"https:\/\/taizypackaging.com\/?p=2429"},"modified":"2024-07-17T16:58:32","modified_gmt":"2024-07-17T08:58:32","slug":"automatic-capping-machine","status":"publish","type":"product","link":"https:\/\/taizypackaging.com\/tr\/automatic-capping-machine\/","title":{"rendered":"Otomatik Kapak Kapatma Makinas\u0131"},"content":{"rendered":"<div class=\"kk-star-ratings kksr-auto kksr-align-left kksr-valign-top\"     data-payload='{&quot;align&quot;:&quot;left&quot;,&quot;id&quot;:&quot;2429&quot;,&quot;slug&quot;:&quot;default&quot;,&quot;valign&quot;:&quot;top&quot;,&quot;ignore&quot;:&quot;&quot;,&quot;reference&quot;:&quot;auto&quot;,&quot;class&quot;:&quot;&quot;,&quot;count&quot;:&quot;20&quot;,&quot;legendonly&quot;:&quot;&quot;,&quot;readonly&quot;:&quot;&quot;,&quot;score&quot;:&quot;4.6&quot;,&quot;starsonly&quot;:&quot;&quot;,&quot;best&quot;:&quot;5&quot;,&quot;gap&quot;:&quot;5&quot;,&quot;greet&quot;:&quot;Rate this product&quot;,&quot;legend&quot;:&quot;4.6\\\/5 - (20 votes)&quot;,&quot;size&quot;:&quot;24&quot;,&quot;title&quot;:&quot;Automatic Capping Machine&quot;,&quot;width&quot;:&quot;130.9&quot;,&quot;_legend&quot;:&quot;{score}\\\/{best} - ({count} {votes})&quot;,&quot;font_factor&quot;:&quot;1.25&quot;}'>              <div class=\"kksr-stars\">      <div class=\"kksr-stars-inactive\">             <div class=\"kksr-star\" data-star=\"1\" style=\"padding-right: 5px\">               <div class=\"kksr-icon\" style=\"width: 24px; height: 24px;\"><\/div>         <\/div>             <div class=\"kksr-star\" data-star=\"2\" style=\"padding-right: 5px\">               <div class=\"kksr-icon\" style=\"width: 24px; height: 24px;\"><\/div>         <\/div>             <div class=\"kksr-star\" data-star=\"3\" style=\"padding-right: 5px\">               <div class=\"kksr-icon\" style=\"width: 24px; height: 24px;\"><\/div>         <\/div>             <div class=\"kksr-star\" data-star=\"4\" style=\"padding-right: 5px\">               <div class=\"kksr-icon\" style=\"width: 24px; height: 24px;\"><\/div>         <\/div>             <div class=\"kksr-star\" data-star=\"5\" style=\"padding-right: 5px\">               <div class=\"kksr-icon\" style=\"width: 24px; height: 24px;\"><\/div>         <\/div>     <\/div>      <div class=\"kksr-stars-active\" style=\"width: 130.9px;\">             <div class=\"kksr-star\" style=\"padding-right: 5px\">               <div class=\"kksr-icon\" style=\"width: 24px; height: 24px;\"><\/div>         <\/div>             <div class=\"kksr-star\" style=\"padding-right: 5px\">               <div class=\"kksr-icon\" style=\"width: 24px; height: 24px;\"><\/div>         <\/div>             <div class=\"kksr-star\" style=\"padding-right: 5px\">               <div class=\"kksr-icon\" style=\"width: 24px; height: 24px;\"><\/div>         <\/div>             <div class=\"kksr-star\" style=\"padding-right: 5px\">               <div class=\"kksr-icon\" style=\"width: 24px; height: 24px;\"><\/div>         <\/div>             <div class=\"kksr-star\" style=\"padding-right: 5px\">               <div class=\"kksr-icon\" style=\"width: 24px; height: 24px;\"><\/div>         <\/div>     <\/div> <\/div>                   <div class=\"kksr-legend\" style=\"font-size: 19.2px;\">             4.6\/5 - (20 oy)    <\/div>     <\/div>  <p class=\"translation-block\"><strong>Otomatik kapama makinesi<\/strong> burada plastik \u015fi\u015fe kapama makinesi t\u00fcr\u00fcd\u00fcr. \u00c7e\u015fitli plastik \u015fi\u015felerin, kavanozlar\u0131n ve konserve kapaklar\u0131n\u0131n s\u0131zd\u0131rmaz bir \u015fekilde kapat\u0131lmas\u0131na uygundur. Ve <strong>otomatik \u015fi\u015fe kapama makinesi<\/strong> g\u0131da ve i\u00e7ecek, kimya, kozmetik, ila\u00e7 end\u00fcstrilerinde yayg\u0131n olarak kullan\u0131lmaktad\u0131r. \u015ei\u015feler, konserve kutular ve konteynerler dolduran \u015firketlerin, \u00fcr\u00fcn\u00fcn s\u0131k\u0131ca ve verimli bir \u015fekilde kapat\u0131ld\u0131\u011f\u0131ndan emin olmak i\u00e7in kapama makinelerine ihtiya\u00e7 duydu\u011funu s\u00f6yleyebiliriz. \u00c7in\u2019de g\u00fc\u00e7l\u00fc ve g\u00fcvenilir bir kapama makinesi \u00fcreticisi olarak Taizy Packaging Machinery, uluslararas\u0131 standartlara uygun m\u00fckemmel <strong>\u015fi\u015fe s\u0131zd\u0131rmazl\u0131k makineleri<\/strong> sunar. En iyi fiyat i\u00e7in bizimle ileti\u015fime ge\u00e7in. <\/p>    <h2 class=\"wp-block-heading\" id=\"h-what-is-automatic-capping-machine\">Otomatik kapak kapatma makinesi nedir? <\/h2>    <p>Otomatik kapatma makinesi, kapa\u011f\u0131 s\u0131kmak i\u00e7in s\u0131radan motor tahrikli d\u00f6rt pen\u00e7eyle kapa\u011f\u0131 iplikle d\u00f6nd\u00fcrebilir. Bu makine a\u015f\u0131nd\u0131r\u0131c\u0131 kapak \u015feklindedir, ayarlanmas\u0131 kolayd\u0131r. Kapatma h\u0131z\u0131 kullan\u0131c\u0131n\u0131n \u00e7\u0131kt\u0131s\u0131na g\u00f6re iste\u011fe g\u00f6re ayarlanabilir. Makul bir tasar\u0131ma, kompakt yap\u0131ya, y\u00fcksek kapatma verimlili\u011fine sahiptir. Kapak kaymaz ve k\u0131r\u0131lmaz, \u00e7al\u0131\u015fma s\u00fcreci istikrarl\u0131 ve g\u00fcvenilirdir. Bu otomatik kapatma makinesi uzun servis \u00f6mr\u00fcne, basit kullan\u0131ma ve kolay bak\u0131ma sahiptir. \u0130la\u00e7, g\u0131da, kimya ve di\u011fer end\u00fcstrilerde yayg\u0131n olarak kullan\u0131lmaktad\u0131r.<\/p>    <figure class=\"wp-block-image size-full\"><img loading=\"lazy\" decoding=\"async\" width=\"720\" height=\"540\" src=\"https:\/\/taizypackaging.com\/wp-content\/uploads\/2021\/07\/automatic-bottle-capping-machine.jpg\" alt=\"otomatik \u015fi\u015fe kapatma makinas\u0131\" class=\"wp-image-3798\" srcset=\"https:\/\/taizypackaging.com\/wp-content\/uploads\/2021\/07\/automatic-bottle-capping-machine.jpg 720w, https:\/\/taizypackaging.com\/wp-content\/uploads\/2021\/07\/automatic-bottle-capping-machine-300x225.jpg 300w\" sizes=\"auto, (max-width: 720px) 100vw, 720px\" \/><figcaption>otomatik \u015fi\u015fe kapatma makinas\u0131<\/figcaption><\/figure>    <h2 class=\"wp-block-heading\" id=\"structure-details-of-automatic-capper-machine\"> Otomatik kapatma makinesinin yap\u0131 detaylar\u0131<\/h2>    <p>Bu otomatik kapatma makinesi esas olarak bu par\u00e7alardan, bir marka motordan, PLC kontrol sisteminden, konvey\u00f6rden, s\u00fcrt\u00fcnme motorundan, ayar \u00e7ark\u0131ndan, paslanmaz \u00e7elik g\u00f6vdeden, bas\u0131n\u00e7l\u0131 kapaktan vb. olu\u015fur. Bu makine, \u00e7e\u015fitli plastik \u015fi\u015feler i\u00e7in otomatik kapatma i\u015flemini ger\u00e7ekle\u015ftirebilir. Ak\u0131ll\u0131 PLC kontrol sistemi ile geni\u015f dokunmatik ekran \u00fczerinden kullan\u0131m\u0131 kolayd\u0131r. Ayr\u0131ca tekerlekleri vard\u0131r, ta\u015f\u0131nmas\u0131 kolayd\u0131r. Dahas\u0131, dayan\u0131kl\u0131 304 paslanmaz \u00e7elik malzemeyi benimseyen otomatik kapatma makinesi, uzun bir servis \u00f6mr\u00fcne ve iyi bir performansa sahiptir. <\/p>    <figure class=\"wp-block-image size-full\"><img decoding=\"async\" src=\"https:\/\/taizypackaging.com\/wp-content\/uploads\/2021\/07\/automatic-capping-machine-structure.jpg\" alt=\"otomatik kapatma makinesi yap\u0131s\u0131\" class=\"wp-image-3806\"\/><figcaption>otomatik kapatma makinesi yap\u0131s\u0131<\/figcaption><\/figure>    <h2 class=\"wp-block-heading\" id=\"how-does-a-screw-bottle-capping-machine-work\">Vidal\u0131 \u015fi\u015fe kapatma makinesi nas\u0131l \u00e7al\u0131\u015f\u0131r? <\/h2>   <figure class=\"wp-block-embed-youtube wp-block-embed is-type-video is-provider-youtube wp-embed-aspect-16-9 wp-has-aspect-ratio\"><div class=\"lyte-wrapper fourthree\" title=\"Otomatik Kapatma Makinas\u0131 | Vidal\u0131 Kapak Kapatma Makinas\u0131\" style=\"width:960px;max-width:100%;margin:5px auto;\"><div class=\"lyMe hidef\" id=\"WYL_w6hJUqlY1gk\" itemprop=\"video\" itemscope itemtype=\"https:\/\/schema.org\/VideoObject\"><div><meta itemprop=\"thumbnailUrl\" content=\"https:\/\/taizypackaging.com\/wp-content\/plugins\/wp-youtube-lyte\/lyteCache.php?origThumbUrl=https%3A%2F%2Fi.ytimg.com%2Fvi%2Fw6hJUqlY1gk%2Fmaxresdefault.jpg\" \/><meta itemprop=\"embedURL\" content=\"https:\/\/www.youtube.com\/embed\/w6hJUqlY1gk\" \/><meta itemprop=\"duration\" content=\"PT28S\" \/><meta itemprop=\"uploadDate\" content=\"2021-07-25T02:19:35Z\" \/><\/div><div id=\"lyte_w6hJUqlY1gk\" data-src=\"https:\/\/taizypackaging.com\/wp-content\/plugins\/wp-youtube-lyte\/lyteCache.php?origThumbUrl=https%3A%2F%2Fi.ytimg.com%2Fvi%2Fw6hJUqlY1gk%2Fmaxresdefault.jpg\" class=\"pL\"><div class=\"tC\"><div class=\"tT\" itemprop=\"name\">Otomatik Kapatma Makinas\u0131 | Vidal\u0131 Kapak Kapatma Makinas\u0131<\/div><\/div><div class=\"play\"><\/div><div class=\"ctrl\"><div class=\"Lctrl\"><\/div><div class=\"Rctrl\"><\/div><\/div><\/div><noscript><a href=\"https:\/\/youtu.be\/w6hJUqlY1gk\" rel=\"nofollow noopener\" target=\"_blank\"><img loading=\"lazy\" decoding=\"async\" src=\"https:\/\/taizypackaging.com\/wp-content\/plugins\/wp-youtube-lyte\/lyteCache.php?origThumbUrl=https%3A%2F%2Fi.ytimg.com%2Fvi%2Fw6hJUqlY1gk%2F0.jpg\" alt=\"Otomatik Kapatma Makinas\u0131 | Vidal\u0131 Kapak Kapatma Makinas\u0131\" width=\"960\" height=\"700\" \/><br \/>Bu videoyu YouTube'da izleyin<\/a><\/noscript><meta itemprop=\"description\" content=\"WhatsApp\/Wechat\/Tel:+86 19139754781 An automatic capping machine can rotate the cap with thread, by ordinary motor drive four claws to tighten the cap. This machine is in the form of abrasive capping, easy to adjust. The capping speed can be adjusted arbitrarily according to the user&#039;s output. You can learn more information on:https:\/\/taizypackaging.com\/automatic-capping-machine-four-wheels-screw-capping-machine\/\"><\/div><\/div><div class=\"lL\" style=\"max-width:100%;width:960px;margin:5px auto;\"><\/div><figcaption>Otomatik kapatma makinesinin i\u015f ak\u0131\u015f\u0131<\/figcaption><\/figure>   <h2 class=\"wp-block-heading\" id=\"h-machine-parameters\">Otomatik \u015fi\u015fe kapatma makinesi parametreleri<\/h2>    <figure class=\"wp-block-table is-style-stripes\"><table><tbody><tr><td>G\u00fc\u00e7                       <\/td><td>AC220V \/ 50Hz\/300w<\/td><\/tr><tr><td>Alabora<\/td><td>15~70mm 40~100mm<\/td><\/tr><tr><td>Kapasite<\/td><td>0-40\u015fi\u015fe\/dak<\/td><\/tr><tr><td>\u015ei\u015felerin \u00e7ap\u0131<\/td><td>50~280 mm<\/td><\/tr><tr><td>Hava bas\u0131nc\u0131<\/td><td>0,4~0,6MPa<\/td><\/tr><tr><td>A\u011f\u0131rl\u0131k<\/td><td>108 kg<\/td><\/tr><tr><td>Makine boyutu<\/td><td>3500x470x1600mm<\/td><\/tr><\/tbody><\/table><\/figure>    <h2 class=\"wp-block-heading\" id=\"awesome-features-of-taizy-automatic-capping-machine-for-sale\">Sat\u0131l\u0131k Taizy otomatik kapatma makinesinin harika \u00f6zellikleri<\/h2>    <ul class=\"wp-block-list\"><li>Spiral kapak, h\u0131rs\u0131zl\u0131k \u00f6nleyici kapak, \u00e7ocuk \u00f6nleyici kapak ve di\u011fer plastik kapaklar gibi bir\u00e7ok kapak t\u00fcr\u00fc i\u00e7in uygundur.<\/li><li>Otomatik vidal\u0131 kapatma makinesinin yap\u0131s\u0131 kompakt ve makuld\u00fcr. Ba\u011f\u0131ms\u0131z olarak veya di\u011fer makinelerle birlikte \u00e7al\u0131\u015fabilir. <a href=\"https:\/\/taizypackaging.com\/tr\/automatic-liquid-filling-machine\/\">s\u0131v\u0131 dolum makinas\u0131<\/a> Verimlili\u011fi art\u0131rmak i\u00e7in.<\/li><li>Geleneksel mekanik s\u00fcrt\u00fcnme plakalar\u0131, kapa\u011f\u0131n e\u015fit olmayan s\u0131k\u0131l\u0131\u011f\u0131na yol a\u00e7ar. Bu durum, g\u00fc\u00e7l\u00fc bir elektromanyetik sol kapak tork cihaz\u0131n\u0131n kullan\u0131lmas\u0131yla de\u011fi\u015ftirilebilir.<\/li><li>Makine dokunmatik bir ekrana sahiptir. M\u00fc\u015fteri, son derece esnek olan ekran \u00fczerinden ta\u015f\u0131ma band\u0131n\u0131n \u00e7al\u0131\u015fma h\u0131z\u0131n\u0131, kapa\u011f\u0131n uzunlu\u011funu ve yan ta\u015f\u0131ma band\u0131n\u0131n \u00e7al\u0131\u015fma mesafesini ayarlayabilir.<\/li><li>Ta\u015f\u0131ma band\u0131 motor taraf\u0131ndan tahrik edilir ve ta\u015f\u0131ma band\u0131 \u015fi\u015fenin boyutuna g\u00f6re \u00f6zelle\u015ftirilebilir.<\/li><\/ul>    <h2 class=\"wp-block-heading\" id=\"what-is-the-difference-between-an-automatic-and-a-semi-automatic-bottle-capping-machine\">Otomatik ve yar\u0131 otomatik \u015fi\u015fe kapatma makinesi aras\u0131ndaki fark nedir?<\/h2>    <p class=\"translation-block\">\u00d6ncelikle iki makinenin uygulanabilir \u015fi\u015feleri farkl\u0131d\u0131r. Bir <a rel=\"noreferrer noopener\" href=\"https:\/\/taizypackaging.com\/tr\/vacuum-capping-machine-for-sale\/\" target=\"_blank\">vakum kapama makinesi<\/a>, vakum ortam\u0131 yaratabilir, bu nedenle \u00e7o\u011funlukla g\u0131da cam \u015fi\u015felerin paketlenmesinde kullan\u0131l\u0131r. Otomatik kapama makinesi, kapa\u011f\u0131 a\u015fa\u011f\u0131 bast\u0131rmak i\u00e7in bas\u0131nca sahip oldu\u011fundan kapak kaymas\u0131n\u0131 \u00f6nler; bu nedenle \u00e7o\u011funlukla daha sert \u015fi\u015felerin paketlenmesi i\u00e7in kullan\u0131l\u0131r. Ayr\u0131ca, otomatik kapama makinesi di\u011fer makinelerle manuel operasyon olmadan birlikte \u00e7al\u0131\u015fabilir. Vakum kapama makinesi i\u00e7in bir ki\u015finin \u015fi\u015feleri kal\u0131plara manuel olarak yerle\u015ftirmesi gerekir. Son olarak, fiyatlar\u0131 farkl\u0131d\u0131r. Daha fazla maliyet bilgisi isterseniz bize e-posta veya WhatsApp \u00fczerinden h\u0131zl\u0131 bir yan\u0131t i\u00e7in ula\u015f\u0131n. <\/p>    <figure class=\"wp-block-image size-full\"><img decoding=\"async\" src=\"https:\/\/taizypackaging.com\/wp-content\/uploads\/2021\/07\/automatic-capping-machine-1.jpg\" alt=\"otomatik kapatma makinesi\" class=\"wp-image-3790\"\/><figcaption>otomatik kapatma makinesi<\/figcaption><\/figure>    <h2 class=\"wp-block-heading\" id=\"q-a-about-taizy-bottle-capping-machine\">Taizy \u015fi\u015fe kapatma makinesi hakk\u0131nda Soru-Cevap<\/h2>    <p id=\"q-a\">1. Bu kapatma makinesi esas olarak ne t\u00fcr \u015fi\u015feler i\u00e7in kullan\u0131l\u0131r?<\/p>    <p>Makine a\u011f\u0131rl\u0131kl\u0131 olarak \u00e7e\u015fitli ila\u00e7, veteriner ila\u00e7lar\u0131, g\u0131da, kozmetik, el sabunu, deterjan, pestisit, ya\u011flay\u0131c\u0131 sanayi \u015fi\u015felerinin otomatik kapat\u0131lmas\u0131na uygulan\u0131r.<\/p>    <p>2. Makinenin malzemesi nedir?<\/p>    <p>Makinenin tamam\u0131, makinenin servis \u00f6mr\u00fcn\u00fc uzatmak i\u00e7in korozyon direnci, \u0131s\u0131 direnci ve iyi i\u015flenebilirlik \u00f6zelli\u011fine sahip 304 paslanmaz \u00e7elikten yap\u0131lm\u0131\u015ft\u0131r.<\/p>    <p>3. Bu makine kavanozlar\u0131n veya di\u011fer cam \u015fi\u015felerin kapat\u0131lmas\u0131 i\u00e7in kullan\u0131labilir mi?<\/p>    <p>Hay\u0131r, bu makine plastik \u015fi\u015felerin kapat\u0131lmas\u0131 i\u00e7in uygundur. Kavanoz, cam \u015fi\u015fe gibi kaplar\u0131 kapatmak istiyorsan\u0131z vakumlu kapatma makinemizi size tavsiye ederim.<\/p>    <p>4. Otomatik kapatma makinesinin fiyat\u0131 nedir?<\/p>    <p class=\"translation-block\"><a rel=\"noreferrer noopener\" href=\"https:\/\/taizypackaging.com\/tr\/\" target=\"_blank\">Taizy \u015firketi<\/a>, makinelerimiz m\u00fc\u015fteri ihtiya\u00e7lar\u0131na g\u00f6re \u00f6zelle\u015ftirilebilir, l\u00fctfen belirli fiyatlar i\u00e7in do\u011frudan bizimle ileti\u015fime ge\u00e7in.<\/p>    <h2 class=\"wp-block-heading\" id=\"related-machines-for-sale\">Sat\u0131l\u0131k ilgili makineler <\/h2>    <p class=\"translation-block\">Bir otomatik kapama makinesi genellikle bir s\u0131v\u0131\/p\u00fcre dolum makinesi ve <a href=\"https:\/\/taizypackaging.com\/tr\/machines-category\/labeling\/\">etiketleme makinesi<\/a> ile kullan\u0131l\u0131r. Birlikte \u00e7al\u0131\u015farak tam bir s\u0131v\u0131\/p\u00fcre dolum \u00fcretim hatt\u0131 olu\u015fturabilirler. Taizy, \u00c7in'de g\u00fc\u00e7l\u00fc ve g\u00fcvenilir bir ambalaj \u00e7\u00f6z\u00fcmleri sa\u011flay\u0131c\u0131s\u0131d\u0131r; g\u00fcn\u00fcm\u00fczde bu makineler bizden 50'den fazla \u00fclke ve b\u00f6lgeye ba\u015far\u0131yla ihra\u00e7 edilmi\u015ftir. En iyi fiyat\u0131 m\u0131 istiyorsunuz? Gereksinimlerinizi b\u0131rak\u0131n, size en k\u0131sa s\u00fcrede yan\u0131tlayal\u0131m. <\/p>","protected":false},"excerpt":{"rendered":"<p>Automatic capping machine here is a kind of plastic bottle capping machine. It is suitable for sealing various plastic bottles, jars, and cans. And the automatic bottle capping machine is widely used in the food &amp; beverage, chemical, cosmetics, pharmaceuticals industries. We can say that companies fill bottles, cans, containers, they need capping machines to [&hellip;]<\/p>\n","protected":false},"author":1,"featured_media":2434,"parent":0,"template":"","tags":[48,588,90],"product-type":[663],"class_list":["post-2429","product","type-product","status-publish","has-post-thumbnail","hentry","tag-automatic-filling-machine","tag-bottle-capping-machine","tag-capping-machine","product-type-bottle-filling-production-line"],"_links":{"self":[{"href":"https:\/\/taizypackaging.com\/tr\/wp-json\/wp\/v2\/product\/2429","targetHints":{"allow":["GET"]}}],"collection":[{"href":"https:\/\/taizypackaging.com\/tr\/wp-json\/wp\/v2\/product"}],"about":[{"href":"https:\/\/taizypackaging.com\/tr\/wp-json\/wp\/v2\/types\/product"}],"author":[{"embeddable":true,"href":"https:\/\/taizypackaging.com\/tr\/wp-json\/wp\/v2\/users\/1"}],"wp:featuredmedia":[{"embeddable":true,"href":"https:\/\/taizypackaging.com\/tr\/wp-json\/wp\/v2\/media\/2434"}],"wp:attachment":[{"href":"https:\/\/taizypackaging.com\/tr\/wp-json\/wp\/v2\/media?parent=2429"}],"wp:term":[{"taxonomy":"post_tag","embeddable":true,"href":"https:\/\/taizypackaging.com\/tr\/wp-json\/wp\/v2\/tags?post=2429"},{"taxonomy":"product-type","embeddable":true,"href":"https:\/\/taizypackaging.com\/tr\/wp-json\/wp\/v2\/product-type?post=2429"}],"curies":[{"name":"wp","href":"https:\/\/api.w.org\/{rel}","templated":true}]}}