{"id":2444,"date":"2021-07-28T07:44:51","date_gmt":"2021-07-28T07:44:51","guid":{"rendered":"https:\/\/taizypackaging.com\/?p=2444"},"modified":"2024-07-16T18:31:24","modified_gmt":"2024-07-16T10:31:24","slug":"automatic-shrink-wrap-machine","status":"publish","type":"product","link":"https:\/\/taizypackaging.com\/tr\/automatic-shrink-wrap-machine\/","title":{"rendered":"Otomatik Shrink Sarma Makinas\u0131"},"content":{"rendered":"<div class=\"kk-star-ratings kksr-auto kksr-align-left kksr-valign-top\"     data-payload='{&quot;align&quot;:&quot;left&quot;,&quot;id&quot;:&quot;2444&quot;,&quot;slug&quot;:&quot;default&quot;,&quot;valign&quot;:&quot;top&quot;,&quot;ignore&quot;:&quot;&quot;,&quot;reference&quot;:&quot;auto&quot;,&quot;class&quot;:&quot;&quot;,&quot;count&quot;:&quot;27&quot;,&quot;legendonly&quot;:&quot;&quot;,&quot;readonly&quot;:&quot;&quot;,&quot;score&quot;:&quot;4.8&quot;,&quot;starsonly&quot;:&quot;&quot;,&quot;best&quot;:&quot;5&quot;,&quot;gap&quot;:&quot;5&quot;,&quot;greet&quot;:&quot;Rate this product&quot;,&quot;legend&quot;:&quot;4.8\\\/5 - (27 votes)&quot;,&quot;size&quot;:&quot;24&quot;,&quot;title&quot;:&quot;Automatic Shrink Wrap Machine&quot;,&quot;width&quot;:&quot;136.7&quot;,&quot;_legend&quot;:&quot;{score}\\\/{best} - ({count} {votes})&quot;,&quot;font_factor&quot;:&quot;1.25&quot;}'>              <div class=\"kksr-stars\">      <div class=\"kksr-stars-inactive\">             <div class=\"kksr-star\" data-star=\"1\" style=\"padding-right: 5px\">               <div class=\"kksr-icon\" style=\"width: 24px; height: 24px;\"><\/div>         <\/div>             <div class=\"kksr-star\" data-star=\"2\" style=\"padding-right: 5px\">               <div class=\"kksr-icon\" style=\"width: 24px; height: 24px;\"><\/div>         <\/div>             <div class=\"kksr-star\" data-star=\"3\" style=\"padding-right: 5px\">               <div class=\"kksr-icon\" style=\"width: 24px; height: 24px;\"><\/div>         <\/div>             <div class=\"kksr-star\" data-star=\"4\" style=\"padding-right: 5px\">               <div class=\"kksr-icon\" style=\"width: 24px; height: 24px;\"><\/div>         <\/div>             <div class=\"kksr-star\" data-star=\"5\" style=\"padding-right: 5px\">               <div class=\"kksr-icon\" style=\"width: 24px; height: 24px;\"><\/div>         <\/div>     <\/div>      <div class=\"kksr-stars-active\" style=\"width: 136.7px;\">             <div class=\"kksr-star\" style=\"padding-right: 5px\">               <div class=\"kksr-icon\" style=\"width: 24px; height: 24px;\"><\/div>         <\/div>             <div class=\"kksr-star\" style=\"padding-right: 5px\">               <div class=\"kksr-icon\" style=\"width: 24px; height: 24px;\"><\/div>         <\/div>             <div class=\"kksr-star\" style=\"padding-right: 5px\">               <div class=\"kksr-icon\" style=\"width: 24px; height: 24px;\"><\/div>         <\/div>             <div class=\"kksr-star\" style=\"padding-right: 5px\">               <div class=\"kksr-icon\" style=\"width: 24px; height: 24px;\"><\/div>         <\/div>             <div class=\"kksr-star\" style=\"padding-right: 5px\">               <div class=\"kksr-icon\" style=\"width: 24px; height: 24px;\"><\/div>         <\/div>     <\/div> <\/div>                   <div class=\"kksr-legend\" style=\"font-size: 19.2px;\">             4.8\/5 - (27 oy)    <\/div>     <\/div>  <p class=\"translation-block\"><strong>Otomatik darbe sarma makinesi<\/strong>, modern toplumda son derece geni\u015f bir uygulama yelpazesine sahiptir. <strong>Darbe<\/strong> <strong>sarma makinesi<\/strong>, kitaplar, kozmetik \u00fcr\u00fcnleri, tabaklar, oyuncaklar, maskeler, di\u015f f\u0131r\u00e7alar\u0131, ila\u00e7lar, g\u00fcnl\u00fck ihtiya\u00e7lar gibi \u00e7e\u015fitli \u00fcr\u00fcnler i\u00e7in uygundur. K\u00fcresel pazarda bu <strong>darbe paketleme makinesi<\/strong> i\u00e7in artan bir talep vard\u0131r. Taizy Ambalaj Makineleri olarak, size faydal\u0131 sat\u0131n alma rehberli\u011fi sa\u011flayabilir ve m\u00fckemmel otomatik darbe sarma makineleri sunabiliriz. <\/p>    <h2 class=\"wp-block-heading\" id=\"h-the-working-process-of-automatic-heat-shrink-cutter\">Otomatik \u0131s\u0131yla daralan paketleme makinesinin \u00e7al\u0131\u015fma videosu<\/h2>   <figure class=\"wp-block-embed-youtube wp-block-embed is-type-video is-provider-youtube wp-embed-aspect-16-9 wp-has-aspect-ratio\"><div class=\"lyte-wrapper fourthree\" title=\"Otomatik k\u00fc\u00e7\u00fcltme sarma makinesi | Otomatik \u0131s\u0131yla daralan kesici\" style=\"width:960px;max-width:100%;margin:5px auto;\"><div class=\"lyMe hidef\" id=\"WYL_dyFayXTAn-s\" itemprop=\"video\" itemscope itemtype=\"https:\/\/schema.org\/VideoObject\"><div><meta itemprop=\"thumbnailUrl\" content=\"https:\/\/taizypackaging.com\/wp-content\/plugins\/wp-youtube-lyte\/lyteCache.php?origThumbUrl=https%3A%2F%2Fi.ytimg.com%2Fvi%2FdyFayXTAn-s%2Fmaxresdefault.jpg\" \/><meta itemprop=\"embedURL\" content=\"https:\/\/www.youtube.com\/embed\/dyFayXTAn-s\" \/><meta itemprop=\"duration\" content=\"PT1M52S\" \/><meta itemprop=\"uploadDate\" content=\"2021-07-28T09:46:36Z\" \/><\/div><meta itemprop=\"accessibilityFeature\" content=\"captions\" \/><div id=\"lyte_dyFayXTAn-s\" data-src=\"https:\/\/taizypackaging.com\/wp-content\/plugins\/wp-youtube-lyte\/lyteCache.php?origThumbUrl=https%3A%2F%2Fi.ytimg.com%2Fvi%2FdyFayXTAn-s%2Fmaxresdefault.jpg\" class=\"pL\"><div class=\"tC\"><div class=\"tT\" itemprop=\"name\">Otomatik k\u00fc\u00e7\u00fcltme sarma makinesi | Otomatik \u0131s\u0131yla daralan kesici<\/div><\/div><div class=\"play\"><\/div><div class=\"ctrl\"><div class=\"Lctrl\"><\/div><div class=\"Rctrl\"><\/div><\/div><\/div><noscript><a href=\"https:\/\/youtu.be\/dyFayXTAn-s\" rel=\"nofollow noopener\" target=\"_blank\"><img loading=\"lazy\" decoding=\"async\" src=\"https:\/\/taizypackaging.com\/wp-content\/plugins\/wp-youtube-lyte\/lyteCache.php?origThumbUrl=https%3A%2F%2Fi.ytimg.com%2Fvi%2FdyFayXTAn-s%2F0.jpg\" alt=\"Otomatik k\u00fc\u00e7\u00fcltme sarma makinesi | Otomatik \u0131s\u0131yla daralan kesici\" width=\"960\" height=\"700\" \/><br \/>Bu videoyu YouTube'da izleyin<\/a><\/noscript><meta itemprop=\"description\" content=\"WhatsApp\/Wechat\/Tel:+86 19139754781 Our company&#039;s automatic shrink wrap machine is an L-type heat shrink film wrapping machine, widely used for mass production packaging flowing operation. You can learn more information on :https:\/\/taizypackaging.com\/automatic-shrink-wrap-machine\/\"><\/div><\/div><div class=\"lL\" style=\"max-width:100%;width:960px;margin:5px auto;\"><\/div><figcaption>Otomatik \u015frink ambalaj makinesinin \u00e7al\u0131\u015fma videosu<\/figcaption><\/figure>   <h2 class=\"wp-block-heading\" id=\"what-is-an-automatic-shrink-wrap-machine\">Otomatik \u015frink ambalaj makinesi nedir?<\/h2>    <p id=\"what-is-an-automatic-shrink-wrap-machine\">Otomatik \u015frink sarma makinesi, \u00fcr\u00fcnleri \u0131s\u0131yla b\u00fcz\u00fc\u015fen filmle sarmak ve kapatmak i\u00e7in harika bir ara\u00e7t\u0131r. End\u00fcstriyel b\u00fcz\u00fclme ambalaj\u0131 hayat\u0131n her kesiminde yayg\u0131n olarak kullan\u0131lmaktad\u0131r. Shrink ambalaj, s\u0131cakl\u0131\u011fa duyarl\u0131 filmlerin kullan\u0131m\u0131na ili\u015fkin bir i\u015flemdir. S\u0131cakl\u0131k belli bir dereceye ula\u015ft\u0131\u011f\u0131nda film, kaplad\u0131\u011f\u0131 yere kadar s\u0131k\u0131 bir \u015fekilde b\u00fcz\u00fcl\u00fcr. Taizy'den sat\u0131l\u0131k otomatik \u015frink sarma makinesi, L tipi bir \u0131s\u0131yla b\u00fcz\u00fc\u015fen film sarma makinesidir. \u00dcr\u00fcn\u00fc ta\u015f\u0131ma band\u0131na koyman\u0131z yeterli; ta\u015f\u0131ma, film kaplama, yap\u0131\u015ft\u0131rma ve kesme ve \u0131s\u0131yla b\u00fcz\u00fc\u015fen paketleme i\u015flemlerini otomatik olarak tamamlayabilir. Bu \u015frink ambalaj makinesi h\u0131zl\u0131 ve kullan\u0131\u015fl\u0131d\u0131r; bu da i\u015fletmelerin \u00fcretim maliyetlerinden tasarruf etmesi, verimlili\u011fi art\u0131rmas\u0131 ve ambalaj standardizasyonunu sa\u011flamas\u0131 i\u00e7in en iyi se\u00e7imdir.<\/p>    <figure class=\"wp-block-image size-full\"><img loading=\"lazy\" decoding=\"async\" width=\"740\" height=\"520\" src=\"https:\/\/taizypackaging.com\/wp-content\/uploads\/2021\/07\/automatic-shrink-wrap-machine.jpg\" alt=\"otomatik k\u00fc\u00e7\u00fcltme sarma makinesi\" class=\"wp-image-3817\" srcset=\"https:\/\/taizypackaging.com\/wp-content\/uploads\/2021\/07\/automatic-shrink-wrap-machine.jpg 740w, https:\/\/taizypackaging.com\/wp-content\/uploads\/2021\/07\/automatic-shrink-wrap-machine-300x211.jpg 300w\" sizes=\"auto, (max-width: 740px) 100vw, 740px\" \/><figcaption class=\"wp-element-caption\">otomatik k\u00fc\u00e7\u00fcltme sarma makinesi<\/figcaption><\/figure>    <h2 class=\"wp-block-heading\" id=\"h-the-application-of-automatic-shrink-wrap-machine\">Otomatik k\u00fc\u00e7\u00fcltme sarma makinesinin uygulamalar\u0131<\/h2>    <p>Otomatik \u0131s\u0131yla b\u00fcz\u00fc\u015fen kesici, g\u00fc\u00e7l\u00fc \u00fcretkenli\u011fi nedeniyle g\u00fcnl\u00fck ihtiya\u00e7lar, bask\u0131, g\u0131da, elektronik, elektrikli ev aletleri, kozmetik, kitap, defter, dergi, kartpostal, \u015fampuan, du\u015f jeli, sa\u00e7 boyas\u0131, dekupaj testeresi gibi seri \u00fcretim end\u00fcstrilerinde yayg\u0131n olarak kullan\u0131lmaktad\u0131r. , vesaire.<\/p>    <figure class=\"wp-block-image size-full\"><img decoding=\"async\" src=\"https:\/\/taizypackaging.com\/wp-content\/uploads\/2021\/07\/shrink-wrap-machine-applications.jpg\" alt=\"Shrink ambalaj makinesi uygulamalar\u0131\" class=\"wp-image-4106\"\/><figcaption class=\"wp-element-caption\">Shrink ambalaj makinesi uygulamalar\u0131<\/figcaption><\/figure>    <h2 class=\"wp-block-heading\" id=\"h-technical-parameters\">Otomatik \u015frink ambalaj makinesi parametreleri<\/h2>    <figure class=\"wp-block-table\"><table><tbody><tr><td>Modeli<\/td><td>LC-560B<\/td><\/tr><tr><td>S\u0131zd\u0131rmazl\u0131k tipi<\/td><td>Tamamen kapal\u0131<\/td><\/tr><tr><td>G\u00fc\u00e7 kayna\u011f\u0131<\/td><td>380V \/ 50 60Hz\/3faz<\/td><\/tr><tr><td>Maksimum paketleme kapasitesi<\/td><td>35 paket\/dak (\u00fcr\u00fcn boyutuna ba\u011fl\u0131d\u0131r)<\/td><\/tr><tr><td>S\u0131zd\u0131rmazl\u0131k y\u00fcksekli\u011fi<\/td><td>\u2264125mm<\/td><\/tr><tr><td>Ambalaj geni\u015fli\u011fi<\/td><td>\u2264350mm<\/td><\/tr><tr><td>Bitmi\u015f \u00fcr\u00fcn boyutu<\/td><td>Geni\u015flik + y\u00fckseklik\u2264400 mmUzunluk + y\u00fckseklik\u2264480 mm<\/td><\/tr><tr><td>Film tipi<\/td><td>Ortadan katlanm\u0131\u015f poliolefin (POF) film<\/td><\/tr><tr><td>Toplam g\u00fc\u00e7<\/td><td>1.5KW<\/td><\/tr><tr><td>\u00c7al\u0131\u015fma y\u00fcksekli\u011fi<\/td><td>780-850mm<\/td><\/tr><tr><td>Hava bas\u0131nc\u0131<\/td><td>\u22640,5MPa\uff085bar\uff09<\/td><\/tr><tr><td>S\u0131zd\u0131rmazl\u0131k sistemi<\/td><td>Sabit s\u0131cakl\u0131kta \u0131s\u0131tma sistemi<\/td><\/tr><tr><td>Makine malzemesi<\/td><td>Karbon \u00e7elik<\/td><\/tr><tr><td>A\u011f\u0131rl\u0131k<\/td><td>300kg<\/td><\/tr><\/tbody><\/table><figcaption class=\"wp-element-caption\">k\u00fc\u00e7\u00fcltme sarma ekipmanlar\u0131<\/figcaption><\/figure>    <h3 class=\"wp-block-heading\" id=\"dql-5545-automatic-l-sealer-parameters\">DQL-5545 otomatik L m\u00fch\u00fcrleyen parametreleri<\/h3>    <figure class=\"wp-block-table is-style-stripes\"><table><tbody><tr><td class=\"has-text-align-center\" data-align=\"center\">Gerilim <\/td><td class=\"has-text-align-center\" data-align=\"center\">220V\/50-60HZ\/2.2KW<\/td><\/tr><tr><td class=\"has-text-align-center\" data-align=\"center\">Paketleme kapasitesi<\/td><td class=\"has-text-align-center\" data-align=\"center\">0-30 adet\/dak<\/td><\/tr><tr><td class=\"has-text-align-center\" data-align=\"center\">Maksimum M\u00fch\u00fcrleyen boyutu<\/td><td class=\"has-text-align-center\" data-align=\"center\">POF, PVC, PE<\/td><\/tr><tr><td class=\"has-text-align-center\" data-align=\"center\">S\u0131zd\u0131rmazl\u0131k s\u0131cakl\u0131\u011f\u0131<\/td><td class=\"has-text-align-center\" data-align=\"center\">140\u00b0C -180\u00b0C<\/td><\/tr><tr><td class=\"has-text-align-center\" data-align=\"center\">Filmin kal\u0131nl\u0131\u011f\u0131<\/td><td class=\"has-text-align-center\" data-align=\"center\">0,015-0,1 mm<\/td><\/tr><tr><td class=\"has-text-align-center\" data-align=\"center\">Makine boyutu<\/td><td class=\"has-text-align-center\" data-align=\"center\">1760*<em>900<\/em>*1580mm<\/td><\/tr><tr><td class=\"has-text-align-center\" data-align=\"center\">Filmi k\u00fc\u00e7\u00fclt<\/td><td class=\"has-text-align-center\" data-align=\"center\">POF, PVC, PE<\/td><\/tr><\/tbody><\/table><figcaption class=\"wp-element-caption\">otomatik L m\u00fch\u00fcrleyen parametreleri<\/figcaption><\/figure>    <h3 class=\"wp-block-heading\" id=\"dsd-4520-shrink-tunnel-machine-parameters\">DSD-4520 k\u00fc\u00e7\u00fcltme t\u00fcneli makinesi parametreleri <\/h3>    <figure class=\"wp-block-table is-style-stripes\"><table><tbody><tr><td class=\"has-text-align-center\" data-align=\"center\">Gerilim<\/td><td class=\"has-text-align-center\" data-align=\"center\">220V\/50-60HZ<\/td><\/tr><tr><td class=\"has-text-align-center\" data-align=\"center\">Is\u0131tma g\u00fcc\u00fc<\/td><td class=\"has-text-align-center\" data-align=\"center\">12,8(kW)<\/td><\/tr><tr><td class=\"has-text-align-center\" data-align=\"center\">Ta\u015f\u0131ma h\u0131z\u0131<\/td><td class=\"has-text-align-center\" data-align=\"center\">0-16 m\/dak<\/td><\/tr><tr><td class=\"has-text-align-center\" data-align=\"center\">T\u00fcnel boyutu<\/td><td class=\"has-text-align-center\" data-align=\"center\">1200*<em>450<\/em>*200mm<\/td><\/tr><tr><td class=\"has-text-align-center\" data-align=\"center\">Konvey\u00f6r y\u00fckleme<\/td><td class=\"has-text-align-center\" data-align=\"center\">10 kg<\/td><\/tr><tr><td class=\"has-text-align-center\" data-align=\"center\">Makine boyutu<\/td><td class=\"has-text-align-center\" data-align=\"center\">1600*<em>720<\/em>*1400mm<\/td><\/tr><\/tbody><\/table><figcaption class=\"wp-element-caption\">t\u00fcnel makinesi k\u00fc\u00e7\u00fcltmek<\/figcaption><\/figure>    <h2 class=\"wp-block-heading\" id=\"h-the-advantages-of-automatic-shrink-wrap-machine\">Otomatik \u015frink ambalaj makinesinin avantajlar\u0131<\/h2>    <ul class=\"wp-block-list\"> <li>Bu \u015frink ambalajlama makinesi, ak\u0131ll\u0131 kontrol, basit kullan\u0131m, insanc\u0131lla\u015ft\u0131r\u0131lm\u0131\u015f tasar\u0131m ve PLC programlama kontrol\u00fcn\u00fc benimser. Ak\u0131ll\u0131 bir s\u0131cakl\u0131k d\u00fczenleme sistemi, b\u00fcz\u00fclme s\u0131ras\u0131nda s\u0131cakl\u0131\u011f\u0131n stabilitesini ve do\u011frulu\u011funu sa\u011flar.<\/li>    <li>Shrinkleme makinesi, sol ve sa\u011fda \u00fc\u00e7 \u0131s\u0131tma borusuyla donat\u0131lm\u0131\u015ft\u0131r ve makinenin \u00fcst k\u0131sm\u0131nda, \u00fcr\u00fcnlerin tamamen paketlenebilmesi i\u00e7in s\u0131cak havan\u0131n i\u00e7eride dola\u015fmas\u0131n\u0131 sa\u011flayan k\u00fc\u00e7\u00fck bir fan bulunmaktad\u0131r.<\/li>    <li>Konvey\u00f6r band\u0131n\u0131n geni\u015fli\u011fi, farkl\u0131 boyutlardaki \u00fcr\u00fcnlere uyacak \u015fekilde tutamak ile ayarlanabilir.<\/li>    <li>Makine, \u00fcr\u00fcnleri do\u011fru ve hatas\u0131z bir \u015fekilde kesmek ve m\u00fch\u00fcrlemek i\u00e7in geli\u015fmi\u015f bir fotoelektrik end\u00fcksiyon sistemini benimser. Kesme ve kapatma b\u0131\u00e7a\u011f\u0131, b\u0131\u00e7ak a\u011fz\u0131n\u0131n neden oldu\u011fu ek film kayb\u0131n\u0131 \u00f6nlemek i\u00e7in \u0131s\u0131 yal\u0131t\u0131m beziyle donat\u0131lm\u0131\u015ft\u0131r. Ayn\u0131 zamanda, \u00e7ekme makinesine girmeden \u00f6nce egzoz cihaz\u0131, filmin dengesiz bir \u015fekilde \u0131s\u0131nmas\u0131n\u0131 ve patlamaya neden olmas\u0131n\u0131 \u00f6nlemek i\u00e7in filmde k\u00fc\u00e7\u00fck delikler a\u00e7acakt\u0131r.<\/li>    <li>Makine, \u00fcr\u00fcn paketine toz girmesini \u00f6nleyebilen ve operat\u00f6r\u00fc bir \u00f6l\u00e7\u00fcde koruyabilen Plexiglas koruyucu kapak ile donat\u0131lm\u0131\u015ft\u0131r.<\/li> <\/ul>    <h2 class=\"wp-block-heading\" id=\"h-the-structure-of-automatic-heat-shrink-cutter\">Otomatik \u0131s\u0131yla daralan ambalaj\u0131n yap\u0131 \u00f6zellikleri<\/h2>    <div class=\"wp-block-columns is-layout-flex wp-container-core-columns-is-layout-9d6595d7 wp-block-columns-is-layout-flex\"> <div class=\"wp-block-column is-layout-flow wp-block-column-is-layout-flow\"> <figure class=\"wp-block-image size-full\"><img decoding=\"async\" src=\"https:\/\/taizypackaging.com\/wp-content\/uploads\/2021\/07\/\u753b\u677f-6.jpg\" alt=\"film k\u00fc\u00e7\u00fcltme sarma makinesi yap\u0131s\u0131\" class=\"wp-image-2446\"\/><figcaption class=\"wp-element-caption\">film k\u00fc\u00e7\u00fcltme sarma makinesi yap\u0131s\u0131<\/figcaption><\/figure> <\/div>    <div class=\"wp-block-column is-layout-flow wp-block-column-is-layout-flow\"> <figure class=\"wp-block-image size-full\"><img decoding=\"async\" src=\"https:\/\/taizypackaging.com\/wp-content\/uploads\/2021\/07\/\u753b\u677f-7.jpg\" alt=\"\u0131s\u0131yla daralan film t\u00fcnel yap\u0131s\u0131\" class=\"wp-image-2447\"\/><figcaption class=\"wp-element-caption\">\u0131s\u0131yla daralan film t\u00fcnel yap\u0131s\u0131<\/figcaption><\/figure> <\/div> <\/div>    <h2 class=\"wp-block-heading\" id=\"why-choose-us-as-your-top-shrink-wrap-sealer-manufacturer\">Neden bizi en iyi stre\u00e7 film \u00fcreticisi olarak se\u00e7melisiniz? <\/h2>    <p class=\"translation-block\"><a rel=\"noreferrer noopener\" href=\"https:\/\/taizypackaging.com\/tr\/\" target=\"_blank\">Taizy \u015firketi<\/a>, ambalaj makineleri sekt\u00f6r\u00fcnde 10 y\u0131ll\u0131k deneyime sahiptir. Ve bir\u00e7ok \u00fclke ve b\u00f6lgeye b\u00fcy\u00fck say\u0131da makine satt\u0131k, t\u00fcm makinelerimizi ger\u00e7ek ihtiya\u00e7lar\u0131n\u0131za g\u00f6re \u00f6zelle\u015ftirebiliriz. Teknisyenler, makineleri ihtiya\u00e7lar\u0131n\u0131za g\u00f6re \u00f6nceden ince ayar yapacaklard\u0131r. \u00dcr\u00fcnleri ald\u0131ktan sonra daha fazla \u00e7al\u0131\u015fma videosu kaydedecek ve uzaktan \u00e7evrimi\u00e7i talimat verece\u011fiz veya projenizin sorunsuz bir \u015fekilde ilerlemesini sa\u011flamak i\u00e7in m\u00fchendisleri fabrikan\u0131za g\u00f6nderece\u011fiz. \u00dcr\u00fcnlerin ta\u015f\u0131nma s\u0131ras\u0131nda kayb\u0131n\u0131 azaltmak i\u00e7in standart bir paketleme ve da\u011f\u0131t\u0131m s\u00fcreci kullan\u0131yoruz. \u0130stedi\u011finiz zaman <a rel=\"noreferrer noopener\" href=\"https:\/\/taizypackaging.com\/tr\/contact-us\/\" target=\"_blank\">bizimle ileti\u015fime ge\u00e7in<\/a>!<\/p>    <figure class=\"wp-block-image size-full\"><img decoding=\"async\" src=\"https:\/\/taizypackaging.com\/wp-content\/uploads\/2021\/07\/\u753b\u677f-8-1.jpg\" alt=\"k\u00fc\u00e7\u00fcltme sarma makinesi fabrikas\u0131\" class=\"wp-image-2463\"\/><figcaption class=\"wp-element-caption\">k\u00fc\u00e7\u00fcltme sarma makinesi fabrikas\u0131<\/figcaption><\/figure>","protected":false},"excerpt":{"rendered":"<p>Automatic shrink wrap machine has an extremely wide range of applications in modern society. Shrink wrapping machine is suitable for a variety of products, such as books, cosmetics, dishes, toys, masks, toothbrushes, medicines, daily necessities, etc. There is a growing trend for this shrink packing machine on the global market. At Taizy Packaging Machinery, we [&hellip;]<\/p>\n","protected":false},"author":1,"featured_media":2458,"parent":0,"template":"","tags":[545,589,590],"product-type":[668],"class_list":["post-2444","product","type-product","status-publish","has-post-thumbnail","hentry","tag-automatic-shrink-wrap-machine","tag-shrink-wrap-machine","tag-shrink-wrap-sealer","product-type-supporting-equipment"],"_links":{"self":[{"href":"https:\/\/taizypackaging.com\/tr\/wp-json\/wp\/v2\/product\/2444","targetHints":{"allow":["GET"]}}],"collection":[{"href":"https:\/\/taizypackaging.com\/tr\/wp-json\/wp\/v2\/product"}],"about":[{"href":"https:\/\/taizypackaging.com\/tr\/wp-json\/wp\/v2\/types\/product"}],"author":[{"embeddable":true,"href":"https:\/\/taizypackaging.com\/tr\/wp-json\/wp\/v2\/users\/1"}],"wp:featuredmedia":[{"embeddable":true,"href":"https:\/\/taizypackaging.com\/tr\/wp-json\/wp\/v2\/media\/2458"}],"wp:attachment":[{"href":"https:\/\/taizypackaging.com\/tr\/wp-json\/wp\/v2\/media?parent=2444"}],"wp:term":[{"taxonomy":"post_tag","embeddable":true,"href":"https:\/\/taizypackaging.com\/tr\/wp-json\/wp\/v2\/tags?post=2444"},{"taxonomy":"product-type","embeddable":true,"href":"https:\/\/taizypackaging.com\/tr\/wp-json\/wp\/v2\/product-type?post=2444"}],"curies":[{"name":"wp","href":"https:\/\/api.w.org\/{rel}","templated":true}]}}