{"id":2468,"date":"2021-07-29T01:23:33","date_gmt":"2021-07-29T01:23:33","guid":{"rendered":"https:\/\/taizypackaging.com\/?p=2468"},"modified":"2023-10-24T17:04:56","modified_gmt":"2023-10-24T09:04:56","slug":"automatic-flat-labeling-machine","status":"publish","type":"product","link":"https:\/\/taizypackaging.com\/tr\/automatic-flat-labeling-machine\/","title":{"rendered":"D\u00fcz Etiketleme Makinas\u0131"},"content":{"rendered":"<div class=\"kk-star-ratings kksr-auto kksr-align-left kksr-valign-top\"     data-payload='{&quot;align&quot;:&quot;left&quot;,&quot;id&quot;:&quot;2468&quot;,&quot;slug&quot;:&quot;default&quot;,&quot;valign&quot;:&quot;top&quot;,&quot;ignore&quot;:&quot;&quot;,&quot;reference&quot;:&quot;auto&quot;,&quot;class&quot;:&quot;&quot;,&quot;count&quot;:&quot;22&quot;,&quot;legendonly&quot;:&quot;&quot;,&quot;readonly&quot;:&quot;&quot;,&quot;score&quot;:&quot;4.9&quot;,&quot;starsonly&quot;:&quot;&quot;,&quot;best&quot;:&quot;5&quot;,&quot;gap&quot;:&quot;5&quot;,&quot;greet&quot;:&quot;Rate this product&quot;,&quot;legend&quot;:&quot;4.9\\\/5 - (22 votes)&quot;,&quot;size&quot;:&quot;24&quot;,&quot;title&quot;:&quot;Flat Labeling Machine&quot;,&quot;width&quot;:&quot;139.6&quot;,&quot;_legend&quot;:&quot;{score}\\\/{best} - ({count} {votes})&quot;,&quot;font_factor&quot;:&quot;1.25&quot;}'>              <div class=\"kksr-stars\">      <div class=\"kksr-stars-inactive\">             <div class=\"kksr-star\" data-star=\"1\" style=\"padding-right: 5px\">               <div class=\"kksr-icon\" style=\"width: 24px; height: 24px;\"><\/div>         <\/div>             <div class=\"kksr-star\" data-star=\"2\" style=\"padding-right: 5px\">               <div class=\"kksr-icon\" style=\"width: 24px; height: 24px;\"><\/div>         <\/div>             <div class=\"kksr-star\" data-star=\"3\" style=\"padding-right: 5px\">               <div class=\"kksr-icon\" style=\"width: 24px; height: 24px;\"><\/div>         <\/div>             <div class=\"kksr-star\" data-star=\"4\" style=\"padding-right: 5px\">               <div class=\"kksr-icon\" style=\"width: 24px; height: 24px;\"><\/div>         <\/div>             <div class=\"kksr-star\" data-star=\"5\" style=\"padding-right: 5px\">               <div class=\"kksr-icon\" style=\"width: 24px; height: 24px;\"><\/div>         <\/div>     <\/div>      <div class=\"kksr-stars-active\" style=\"width: 139.6px;\">             <div class=\"kksr-star\" style=\"padding-right: 5px\">               <div class=\"kksr-icon\" style=\"width: 24px; height: 24px;\"><\/div>         <\/div>             <div class=\"kksr-star\" style=\"padding-right: 5px\">               <div class=\"kksr-icon\" style=\"width: 24px; height: 24px;\"><\/div>         <\/div>             <div class=\"kksr-star\" style=\"padding-right: 5px\">               <div class=\"kksr-icon\" style=\"width: 24px; height: 24px;\"><\/div>         <\/div>             <div class=\"kksr-star\" style=\"padding-right: 5px\">               <div class=\"kksr-icon\" style=\"width: 24px; height: 24px;\"><\/div>         <\/div>             <div class=\"kksr-star\" style=\"padding-right: 5px\">               <div class=\"kksr-icon\" style=\"width: 24px; height: 24px;\"><\/div>         <\/div>     <\/div> <\/div>                   <div class=\"kksr-legend\" style=\"font-size: 19.2px;\">             4.9\/5 - (22 oy)    <\/div>     <\/div>  <p class=\"translation-block\"><strong>Buradaki d\u00fcz<\/strong> etiketleme makinesi otomatik ve ta\u015f\u0131nabilir bir etiketleme makinesidir. \u015ei\u015feler, po\u015fetler, kutular, kartonlar vb. gibi d\u00fcz y\u00fczeye sahip her t\u00fcrl\u00fc \u00fcr\u00fcn i\u00e7in uygulan\u0131r. D\u00fcz y\u00fczey etiketleme makinesi, dolum makinesi, paketleme makinesi, yap\u0131\u015ft\u0131rma makinesi, kapaklama makinesi vb. gibi eksiksiz bir \u00fcretim hatt\u0131 olu\u015fturmak i\u00e7in di\u011fer ekipmanlarla \u00e7al\u0131\u015fabilir. Gereksinimlerinizi bize g\u00f6nderebilirsiniz, b\u00f6ylece ihtiya\u00e7lar\u0131n\u0131z\u0131 ger\u00e7ekten kar\u015f\u0131layacak \u00f6zel bir d\u00fcz etiketleme makinesi \u00f6zelle\u015ftirebiliriz. Kaliteli bir <strong>d\u00fcz etiket aplikat\u00f6r\u00fc<\/strong> m\u00fc ar\u0131yorsunuz? \u00dccretsiz fiyat listesi i\u00e7in hemen bize e-posta g\u00f6nderin veya bizi aray\u0131n. <\/p>    <h2 class=\"wp-block-heading\" id=\"h-the-working-video-of-flax-bottle-label-applicator\">D\u00fcz y\u00fczey etiketleme makinesi \u00e7al\u0131\u015fma videosu <\/h2>   <figure class=\"wp-block-embed-youtube wp-block-embed is-type-video is-provider-youtube wp-embed-aspect-16-9 wp-has-aspect-ratio\"><div class=\"lyte-wrapper fourthree\" title=\"Otomatik d\u00fcz etiketleme makinesi\" style=\"width:960px;max-width:100%;margin:5px auto;\"><div class=\"lyMe hidef\" id=\"WYL_Ajyv04TJick\" itemprop=\"video\" itemscope itemtype=\"https:\/\/schema.org\/VideoObject\"><div><meta itemprop=\"thumbnailUrl\" content=\"https:\/\/taizypackaging.com\/wp-content\/plugins\/wp-youtube-lyte\/lyteCache.php?origThumbUrl=https%3A%2F%2Fi.ytimg.com%2Fvi%2FAjyv04TJick%2Fmaxresdefault.jpg\" \/><meta itemprop=\"embedURL\" content=\"https:\/\/www.youtube.com\/embed\/Ajyv04TJick\" \/><meta itemprop=\"duration\" content=\"PT1M6S\" \/><meta itemprop=\"uploadDate\" content=\"2021-07-28T10:36:21Z\" \/><\/div><meta itemprop=\"accessibilityFeature\" content=\"captions\" \/><div id=\"lyte_Ajyv04TJick\" data-src=\"https:\/\/taizypackaging.com\/wp-content\/plugins\/wp-youtube-lyte\/lyteCache.php?origThumbUrl=https%3A%2F%2Fi.ytimg.com%2Fvi%2FAjyv04TJick%2Fmaxresdefault.jpg\" class=\"pL\"><div class=\"tC\"><div class=\"tT\" itemprop=\"name\">Otomatik d\u00fcz etiketleme makinesi<\/div><\/div><div class=\"play\"><\/div><div class=\"ctrl\"><div class=\"Lctrl\"><\/div><div class=\"Rctrl\"><\/div><\/div><\/div><noscript><a href=\"https:\/\/youtu.be\/Ajyv04TJick\" rel=\"nofollow noopener\" target=\"_blank\"><img loading=\"lazy\" decoding=\"async\" src=\"https:\/\/taizypackaging.com\/wp-content\/plugins\/wp-youtube-lyte\/lyteCache.php?origThumbUrl=https%3A%2F%2Fi.ytimg.com%2Fvi%2FAjyv04TJick%2F0.jpg\" alt=\"Otomatik d\u00fcz etiketleme makinesi\" width=\"960\" height=\"700\" \/><br \/>Bu videoyu YouTube'da izleyin<\/a><\/noscript><meta itemprop=\"description\" content=\"WhatsApp\/Wechat\/Tel:+86 19139754781 This desktop automatic flat labeling machine is mainly suitable for the following two types of labeling: flat labeling or round bottles with a diameter of less than 2cm (such as lipstick, cosmetic samples, etc.). It is widely used in the food, logistics industry. Specific performance in the courier bag or courier box on the single number labeling, food bag outer packaging labeling, fresh food labeling on the plastic box, etc. You can get more information on: https:\/\/taizypackaging.com\/automatic-flat-labeling-machine\/\"><\/div><\/div><div class=\"lL\" style=\"max-width:100%;width:960px;margin:5px auto;\"><\/div><figcaption><\/figcaption><\/figure>   <h2 class=\"wp-block-heading\" id=\"what-is-a-flat-labeling-machine\">D\u00fcz etiketleme makinesi nedir? <\/h2>    <p>Etiketleme t\u00fcm \u00fcr\u00fcnlerin ambalajlanmas\u0131nda vazge\u00e7ilmez bir ad\u0131m haline gelmi\u015ftir. Bu masa\u00fcst\u00fc otomatik d\u00fcz etiketleme makinesi esas olarak a\u015fa\u011f\u0131daki iki etiketleme t\u00fcr\u00fc i\u00e7in uygundur: \u00e7ap\u0131 2 cm'den k\u00fc\u00e7\u00fck olan d\u00fcz etiketleme veya yuvarlak \u015fi\u015feler (ruj, kozmetik numuneleri vb. gibi). G\u0131da ve lojistik sekt\u00f6r\u00fcnde yayg\u0131n olarak kullan\u0131lmaktad\u0131r. Tek numara etiketleme, g\u0131da torbas\u0131 d\u0131\u015f ambalaj etiketlemesi, plastik kutu \u00fczerindeki taze g\u0131da etiketlemesi vb. \u00fczerindeki kurye \u00e7antas\u0131 veya kurye kutusundaki \u00f6zel performans.<\/p>    <figure class=\"wp-block-image size-full\"><img decoding=\"async\" src=\"https:\/\/taizypackaging.com\/wp-content\/uploads\/2021\/07\/flat-surface-labeling-machine.jpg\" alt=\"d\u00fcz y\u00fczey etiketleme makinesi\" class=\"wp-image-3841\"\/><figcaption class=\"wp-element-caption\">d\u00fcz y\u00fczey etiketleme makinesi<\/figcaption><\/figure>    <h2 class=\"wp-block-heading\" id=\"h-why-do-we-need-a-flat-labeling-machine\">Neden d\u00fcz etiketleme makinesine ihtiyac\u0131m\u0131z var?<\/h2>    <ul class=\"wp-block-list\"> <li>Makine bir PLC kontrol sistemi ile donat\u0131lm\u0131\u015ft\u0131r, basit \u00e7al\u0131\u015ft\u0131rman\u0131n ba\u015flat\u0131lmas\u0131 kolayd\u0131r. Dokunmatik ekranl\u0131 LCD ekran, etiketleme h\u0131z\u0131 ve etiketleme say\u0131s\u0131 gibi parametrelerin ayarlanmas\u0131 kolayd\u0131r.<\/li>    <li>Foto-g\u00f6z alg\u0131lama sistemi, d\u00fczg\u00fcn ve g\u00fczel etiketleme konumu sa\u011flar.<\/li>    <li>Makinenin tamam\u0131 paslanmaz \u00e7elik ve al\u00fcminyum ala\u015f\u0131mdan yap\u0131lm\u0131\u015ft\u0131r, iyi performansa sahiptir ve temizlenmesi ve bak\u0131m\u0131 kolayd\u0131r. Ayr\u0131ca GMP'nin m\u00fckemmel \u00fcretim standartlar\u0131na uygun olarak.<\/li>    <li>Makinenin konvey\u00f6r geni\u015fli\u011fi ve etiketleme y\u00fcksekli\u011fi, farkl\u0131 boyutlardaki \u00fcr\u00fcn ve etiketlere uyum sa\u011flayacak \u015fekilde ayarlanabilir.<\/li>    <li>Yar\u0131 otomatik d\u00fcz etiketleme makinesi, etiketleme i\u00e7in hedef \u00f6\u011fenin elle d\u00f6nd\u00fcr\u00fclmesini gerektirir. Bu otomatik makine karma\u015f\u0131k bir i\u015f ak\u0131\u015f\u0131 gerektirmez, kullan\u0131\u015fl\u0131 ve etkilidir.<\/li>    <li>Tam bir \u00fcretim hatt\u0131na kat\u0131labilir. \u00d6rne\u011fin, makine kartondan \u00f6nce, kodlama makinesinden sonra veya <a href=\"https:\/\/taizypackaging.com\/tr\/round-bottle-labeling-machine\/\" target=\"_blank\" rel=\"noreferrer noopener\">otomatik yuvarlak \u015fi\u015fe etiketleme makinesi<\/a> kullan\u0131m\u0131yla \u00fcretim verimlili\u011fini b\u00fcy\u00fck \u00f6l\u00e7\u00fcde art\u0131rabilir.<\/li> <\/ul>    <h2 class=\"wp-block-heading\" id=\"what-can-a-flat-surface-labeling-machine-used-for\">D\u00fcz y\u00fczey etiketleme makinesi ne i\u00e7in kullan\u0131labilir? <\/h2>    <p>D\u00fcz y\u00fczey etiketleme makinesi, \u00e7e\u015fitli \u00fcr\u00fcnleri d\u00fcz bir y\u00fczeye etiketlemek i\u00e7in idealdir. Olduk\u00e7a geni\u015f bir uygulama alan\u0131na sahiptir ve g\u0131da sekt\u00f6r\u00fc, kozmetik sekt\u00f6r\u00fc, g\u00fcnl\u00fck ihtiya\u00e7lar, ila\u00e7 sekt\u00f6r\u00fc ve daha bir\u00e7ok sekt\u00f6rde yayg\u0131n olarak kullan\u0131lmaktad\u0131r. Ayr\u0131nt\u0131l\u0131 olarak, d\u00fcz \u015fi\u015felerin, kutular\u0131n, kartonlar\u0131n, torbalar\u0131n vb. etiketlenmesi i\u00e7in d\u00fcz etiketleme makinesi uygundur. <\/p>    <figure class=\"wp-block-image size-full\"><img decoding=\"async\" src=\"https:\/\/taizypackaging.com\/wp-content\/uploads\/2021\/07\/flat-labeling-machine-uses-1.jpg\" alt=\"d\u00fcz etiketleme makinesinin kullan\u0131m alanlar\u0131\" class=\"wp-image-3839\"\/><figcaption class=\"wp-element-caption\">d\u00fcz etiketleme makinesinin kullan\u0131m alanlar\u0131<\/figcaption><\/figure>    <h2 class=\"wp-block-heading\" id=\"h-the-details-of-flat-label-applicator\">Taizy otomatik d\u00fcz etiketleme makinesinin yap\u0131 detaylar\u0131<\/h2>    <p>Otomatik d\u00fcz etiketleme makinesi temel olarak dayan\u0131kl\u0131 etiket yap\u0131s\u0131, etiket tutucu, operasyonel panel, elektrikli takip g\u00f6z\u00fc, acil durdurma butonu, \u00fcr\u00fcn konvey\u00f6r\u00fc, marka motoru, d\u00f6ner d\u00fc\u011fme vb. par\u00e7alardan olu\u015fur. \u0130leri teknoloji ve kaliteli aksesuarlar m\u00fckemmel performans ve y\u00fcksek do\u011fruluk sa\u011flar. Ayr\u0131ca dayan\u0131kl\u0131 malzemesi ve \u00fcnl\u00fc motoru, d\u00fcz y\u00fczey etiketleme makinemizin \u00e7ok uzun \u00f6m\u00fcrl\u00fc olmas\u0131n\u0131 sa\u011flar. <\/p>    <figure class=\"wp-block-image size-full\"><img decoding=\"async\" src=\"https:\/\/taizypackaging.com\/wp-content\/uploads\/2021\/07\/03-3.jpg\" alt=\"d\u00fcz etiket makinesi detaylar\u0131\" class=\"wp-image-2471\"\/><figcaption class=\"wp-element-caption\">d\u00fcz etiket makinesi detaylar\u0131<\/figcaption><\/figure>    <h2 class=\"wp-block-heading\" id=\"h-our-service\">Neden bizi en iyi etiketleme makinesi tedarik\u00e7iniz olarak se\u00e7melisiniz? <\/h2>    <p class=\"translation-block\">Profesyonel bir <a href=\"https:\/\/taizypackaging.com\/tr\/\">paketleme makinesi \u00fcreticisi ve tedarik\u00e7isi<\/a> olarak, ilk \u00fcretim s\u00fcrecinden itibaren hat \u00fczerindeki her ad\u0131m uluslararas\u0131 \u00fcretim standartlar\u0131na uygundur. Sevkiyattan \u00f6nce, m\u00fc\u015fterilerin gereksinimlerine g\u00f6re gerekli parametreleri \u00f6nceden sim\u00fcle edip ayarlayaca\u011f\u0131z ve \u00e7ok az ayarlama veya hi\u00e7 ayarlama yapmadan mallar\u0131 almalar\u0131n\u0131 bekleyece\u011fiz. \u00dcr\u00fcnler g\u00f6nderildikten sonra, teknik destek hizmeti sa\u011flamak i\u00e7in profesyonel personelimiz de bulunmaktad\u0131r. Ayr\u0131ca, ekipman\u0131 ald\u0131ktan sonra, herhangi bir sorunuz olursa sat\u0131\u015f sonras\u0131 personelimizle ileti\u015fime ge\u00e7erek cevap alabilirsiniz. M\u00fc\u015fteri memnuniyeti, Taizy \u015firketinin savundu\u011fu inan\u00e7lardan biridir.<\/p>    <figure class=\"wp-block-image size-full\"><img loading=\"lazy\" decoding=\"async\" width=\"750\" height=\"533\" src=\"https:\/\/taizypackaging.com\/wp-content\/uploads\/2021\/07\/Taizy-flat-labeling-machine-factory.jpg\" alt=\"Taizy d\u00fcz etiketleme makinesi fabrikas\u0131\" class=\"wp-image-3837\" srcset=\"https:\/\/taizypackaging.com\/wp-content\/uploads\/2021\/07\/Taizy-flat-labeling-machine-factory.jpg 750w, https:\/\/taizypackaging.com\/wp-content\/uploads\/2021\/07\/Taizy-flat-labeling-machine-factory-300x213.jpg 300w\" sizes=\"auto, (max-width: 750px) 100vw, 750px\" \/><figcaption class=\"wp-element-caption\">Taizy d\u00fcz etiketleme makinesi fabrikas\u0131<\/figcaption><\/figure>","protected":false},"excerpt":{"rendered":"<p>The flat labeling machine here is an automatic and portable labeling machine. It is applied for labeling all kinds of products with a flat surface like bottles, bags, cans, boxes, cartons, etc. The flat surface labeling machine can work with other equipment to make a complete production line, such as a filling machine, packaging machine, [&hellip;]<\/p>\n","protected":false},"author":1,"featured_media":2474,"parent":0,"template":"","tags":[595,546],"product-type":[668],"class_list":["post-2468","product","type-product","status-publish","has-post-thumbnail","hentry","tag-flat-labeling-machine","tag-labeling-machine","product-type-supporting-equipment"],"_links":{"self":[{"href":"https:\/\/taizypackaging.com\/tr\/wp-json\/wp\/v2\/product\/2468","targetHints":{"allow":["GET"]}}],"collection":[{"href":"https:\/\/taizypackaging.com\/tr\/wp-json\/wp\/v2\/product"}],"about":[{"href":"https:\/\/taizypackaging.com\/tr\/wp-json\/wp\/v2\/types\/product"}],"author":[{"embeddable":true,"href":"https:\/\/taizypackaging.com\/tr\/wp-json\/wp\/v2\/users\/1"}],"wp:featuredmedia":[{"embeddable":true,"href":"https:\/\/taizypackaging.com\/tr\/wp-json\/wp\/v2\/media\/2474"}],"wp:attachment":[{"href":"https:\/\/taizypackaging.com\/tr\/wp-json\/wp\/v2\/media?parent=2468"}],"wp:term":[{"taxonomy":"post_tag","embeddable":true,"href":"https:\/\/taizypackaging.com\/tr\/wp-json\/wp\/v2\/tags?post=2468"},{"taxonomy":"product-type","embeddable":true,"href":"https:\/\/taizypackaging.com\/tr\/wp-json\/wp\/v2\/product-type?post=2468"}],"curies":[{"name":"wp","href":"https:\/\/api.w.org\/{rel}","templated":true}]}}