{"id":2483,"date":"2021-07-29T07:41:07","date_gmt":"2021-07-29T07:41:07","guid":{"rendered":"https:\/\/taizypackaging.com\/?p=2483"},"modified":"2024-07-16T18:26:03","modified_gmt":"2024-07-16T10:26:03","slug":"continuous-sealing-machine-for-sale","status":"publish","type":"product","link":"https:\/\/taizypackaging.com\/tr\/continuous-sealing-machine-for-sale\/","title":{"rendered":"S\u00fcrekli Kapama Makinesi"},"content":{"rendered":"<div class=\"kk-star-ratings kksr-auto kksr-align-left kksr-valign-top\"     data-payload='{&quot;align&quot;:&quot;left&quot;,&quot;id&quot;:&quot;2483&quot;,&quot;slug&quot;:&quot;default&quot;,&quot;valign&quot;:&quot;top&quot;,&quot;ignore&quot;:&quot;&quot;,&quot;reference&quot;:&quot;auto&quot;,&quot;class&quot;:&quot;&quot;,&quot;count&quot;:&quot;23&quot;,&quot;legendonly&quot;:&quot;&quot;,&quot;readonly&quot;:&quot;&quot;,&quot;score&quot;:&quot;4.6&quot;,&quot;starsonly&quot;:&quot;&quot;,&quot;best&quot;:&quot;5&quot;,&quot;gap&quot;:&quot;5&quot;,&quot;greet&quot;:&quot;Rate this product&quot;,&quot;legend&quot;:&quot;4.6\\\/5 - (23 votes)&quot;,&quot;size&quot;:&quot;24&quot;,&quot;title&quot;:&quot;Continuous Sealing Machine&quot;,&quot;width&quot;:&quot;130.9&quot;,&quot;_legend&quot;:&quot;{score}\\\/{best} - ({count} {votes})&quot;,&quot;font_factor&quot;:&quot;1.25&quot;}'>              <div class=\"kksr-stars\">      <div class=\"kksr-stars-inactive\">             <div class=\"kksr-star\" data-star=\"1\" style=\"padding-right: 5px\">               <div class=\"kksr-icon\" style=\"width: 24px; height: 24px;\"><\/div>         <\/div>             <div class=\"kksr-star\" data-star=\"2\" style=\"padding-right: 5px\">               <div class=\"kksr-icon\" style=\"width: 24px; height: 24px;\"><\/div>         <\/div>             <div class=\"kksr-star\" data-star=\"3\" style=\"padding-right: 5px\">               <div class=\"kksr-icon\" style=\"width: 24px; height: 24px;\"><\/div>         <\/div>             <div class=\"kksr-star\" data-star=\"4\" style=\"padding-right: 5px\">               <div class=\"kksr-icon\" style=\"width: 24px; height: 24px;\"><\/div>         <\/div>             <div class=\"kksr-star\" data-star=\"5\" style=\"padding-right: 5px\">               <div class=\"kksr-icon\" style=\"width: 24px; height: 24px;\"><\/div>         <\/div>     <\/div>      <div class=\"kksr-stars-active\" style=\"width: 130.9px;\">             <div class=\"kksr-star\" style=\"padding-right: 5px\">               <div class=\"kksr-icon\" style=\"width: 24px; height: 24px;\"><\/div>         <\/div>             <div class=\"kksr-star\" style=\"padding-right: 5px\">               <div class=\"kksr-icon\" style=\"width: 24px; height: 24px;\"><\/div>         <\/div>             <div class=\"kksr-star\" style=\"padding-right: 5px\">               <div class=\"kksr-icon\" style=\"width: 24px; height: 24px;\"><\/div>         <\/div>             <div class=\"kksr-star\" style=\"padding-right: 5px\">               <div class=\"kksr-icon\" style=\"width: 24px; height: 24px;\"><\/div>         <\/div>             <div class=\"kksr-star\" style=\"padding-right: 5px\">               <div class=\"kksr-icon\" style=\"width: 24px; height: 24px;\"><\/div>         <\/div>     <\/div> <\/div>                   <div class=\"kksr-legend\" style=\"font-size: 19.2px;\">             4.6\/5 - (23 oy)    <\/div>     <\/div>  <p class=\"translation-block\"><strong>S\u00fcrekli yap\u0131\u015ft\u0131rma makinesi<\/strong>, ta\u015f\u0131nabilir bir torba \u0131s\u0131 yap\u0131\u015ft\u0131rma makinesidir. K\u00fc\u00e7\u00fck bir alan kaplar ve ta\u015f\u0131nmas\u0131 kolayd\u0131r. Ayr\u0131ca \u00e7e\u015fitli plastik torba t\u00fcrlerini i\u015fleyebilir. Bu <strong>s\u00fcrekli torba yap\u0131\u015ft\u0131rma makinelerine<\/strong> yap\u0131lacak k\u00fc\u00e7\u00fck bir yat\u0131r\u0131m, verimlili\u011finizi art\u0131rabilir ve size para kazand\u0131rabilir. Bu makinenin ta\u015f\u0131ma tablas\u0131n\u0131n maksimum y\u00fck\u00fc 10kg'd\u0131r. Yap\u0131\u015ft\u0131rma h\u0131z\u0131 dakikada 0~12 torbad\u0131r. Ayr\u0131ca, bu <strong>torba \u0131s\u0131 yap\u0131\u015ft\u0131rma makinesi<\/strong> 220V voltaj kullan\u0131r ve voltaj \u00f6zelle\u015ftirilebilir. Taizy Packaging Machinery \u015firketi d\u00fcnya \u00e7ap\u0131ndaki m\u00fc\u015fteriler i\u00e7in standart ve \u00f6zel yap\u0131\u015ft\u0131rma \u00e7\u00f6z\u00fcmleri sunmaktad\u0131r. Kaliteli bir s\u00fcrekli bant yap\u0131\u015ft\u0131rma makinesiyle ilgileniyor musunuz? Bize e-posta g\u00f6nderin ve mesaj\u0131n\u0131z\u0131 a\u015fa\u011f\u0131ya b\u0131rak\u0131n, yak\u0131nda size geri d\u00f6nece\u011fiz. <\/p>    <h2 class=\"wp-block-heading\" id=\"h-how-does-a-continuous-band-sealer-work\">S\u00fcrekli kapatma makinesi nas\u0131l \u00e7al\u0131\u015f\u0131r? <\/h2>   <figure class=\"wp-block-embed-youtube wp-block-embed is-type-video is-provider-youtube wp-embed-aspect-16-9 wp-has-aspect-ratio\"><div class=\"lyte-wrapper fourthree\" title=\"S\u00fcrekli yap\u0131\u015ft\u0131rma makinesi | Bant m\u00fch\u00fcrleyen\" style=\"width:960px;max-width:100%;margin:5px auto;\"><div class=\"lyMe hidef\" id=\"WYL_ixVPifOtkNY\" itemprop=\"video\" itemscope itemtype=\"https:\/\/schema.org\/VideoObject\"><div><meta itemprop=\"thumbnailUrl\" content=\"https:\/\/taizypackaging.com\/wp-content\/plugins\/wp-youtube-lyte\/lyteCache.php?origThumbUrl=https%3A%2F%2Fi.ytimg.com%2Fvi%2FixVPifOtkNY%2Fmaxresdefault.jpg\" \/><meta itemprop=\"embedURL\" content=\"https:\/\/www.youtube.com\/embed\/ixVPifOtkNY\" \/><meta itemprop=\"duration\" content=\"PT44S\" \/><meta itemprop=\"uploadDate\" content=\"2021-07-29T06:54:41Z\" \/><\/div><div id=\"lyte_ixVPifOtkNY\" data-src=\"https:\/\/taizypackaging.com\/wp-content\/plugins\/wp-youtube-lyte\/lyteCache.php?origThumbUrl=https%3A%2F%2Fi.ytimg.com%2Fvi%2FixVPifOtkNY%2Fmaxresdefault.jpg\" class=\"pL\"><div class=\"tC\"><div class=\"tT\" itemprop=\"name\">S\u00fcrekli yap\u0131\u015ft\u0131rma makinesi | Bant m\u00fch\u00fcrleyen<\/div><\/div><div class=\"play\"><\/div><div class=\"ctrl\"><div class=\"Lctrl\"><\/div><div class=\"Rctrl\"><\/div><\/div><\/div><noscript><a href=\"https:\/\/youtu.be\/ixVPifOtkNY\" rel=\"nofollow noopener\" target=\"_blank\"><img loading=\"lazy\" decoding=\"async\" src=\"https:\/\/taizypackaging.com\/wp-content\/plugins\/wp-youtube-lyte\/lyteCache.php?origThumbUrl=https%3A%2F%2Fi.ytimg.com%2Fvi%2FixVPifOtkNY%2F0.jpg\" alt=\"S\u00fcrekli yap\u0131\u015ft\u0131rma makinesi | Bant m\u00fch\u00fcrleyen\" width=\"960\" height=\"700\" \/><br \/>Bu videoyu YouTube'da izleyin<\/a><\/noscript><meta itemprop=\"description\" content=\"WhatsApp\/Wechat\/Tel:+86 19139754781 A continuous sealing machine is used to seal bags of powders, granules, liquids, etc. This band sealer is novel in structure, simple in operation, and complete in function, pushing and sealing at one time. It has a high degree of automation, which can significantly reduce the workload of workers. You will get more information on: https:\/\/taizypackaging.com\/continuous-sealing-machine-for-sale\/\"><\/div><\/div><div class=\"lL\" style=\"max-width:100%;width:960px;margin:5px auto;\"><\/div><figcaption>Bant kapat\u0131c\u0131n\u0131n \u00e7al\u0131\u015fma videosu<\/figcaption><\/figure>   <h2 class=\"wp-block-heading\" id=\"h-what-is-a-continuous-sealing-machine\">S\u00fcrekli bant yap\u0131\u015ft\u0131rma makinesi nedir?<\/h2>    <p>S\u00fcrekli kapatma makinesi, \u00e7e\u015fitli toz, gran\u00fcl, s\u0131v\u0131, macun vb. plastik torbalar\u0131 kapatmak i\u00e7in kullan\u0131l\u0131r. Bu s\u00fcrekli bantl\u0131 torba kapat\u0131c\u0131n\u0131n yap\u0131s\u0131 yenidir, kullan\u0131m\u0131 kolayd\u0131r ve tek seferde tam i\u015flev, itme ve kapatma \u00f6zelli\u011fine sahiptir. Maliyetinizi \u00f6nemli \u00f6l\u00e7\u00fcde azaltabilecek y\u00fcksek derecede otomasyona sahiptir. <\/p>    <figure class=\"wp-block-image size-full\"><img decoding=\"async\" src=\"https:\/\/taizypackaging.com\/wp-content\/uploads\/2021\/07\/continuous-sealing-machine.jpg\" alt=\"s\u00fcrekli yap\u0131\u015ft\u0131rma makinesi\" class=\"wp-image-3850\"\/><figcaption class=\"wp-element-caption\">s\u00fcrekli yap\u0131\u015ft\u0131rma makinesi<\/figcaption><\/figure>    <h2 class=\"wp-block-heading\" id=\"h-why-do-we-need-a-continuous-sealing-machine\">Sat\u0131l\u0131k Taizy s\u00fcrekli kapatma makinesinin \u00f6zellikleri ve avantajlar\u0131<\/h2>    <p class=\"translation-block\">Taizy Company'de s\u00fcrekli yap\u0131\u015ft\u0131rma makinemizin a\u015fa\u011f\u0131daki avantajlar\u0131 vard\u0131r:<\/p>    <ul class=\"wp-block-list\"> <li>G\u00f6vde, g\u00fczel g\u00f6r\u00fcn\u00fcme ve g\u00fc\u00e7l\u00fc stabiliteye sahip paslanmaz \u00e7elikten yap\u0131lm\u0131\u015ft\u0131r. K\u00fc\u00e7\u00fck makine boyutu, bak\u0131m\u0131 kolay ve ta\u015f\u0131nabilir hale getirir.<\/li>    <li>\u0130\u015fletim panelinin kullan\u0131m\u0131 basit ve kolayd\u0131r ve s\u0131cakl\u0131k herhangi bir zamanda ayarlanabilir.<\/li>    <li>Makinenin \u0131s\u0131tma blo\u011fu ve so\u011futma blo\u011fu saf bak\u0131r bloktan yap\u0131lm\u0131\u015ft\u0131r. Saf bak\u0131r \u0131s\u0131tma blo\u011fu, torba s\u0131zd\u0131rmazl\u0131k alan\u0131n\u0131n e\u015fit \u015fekilde \u0131s\u0131t\u0131lmas\u0131n\u0131 sa\u011flar ve so\u011futma blo\u011fu, s\u0131zd\u0131rmazl\u0131\u011f\u0131n h\u0131zl\u0131 bir \u015fekilde yerle\u015fmesine yard\u0131mc\u0131 olmak i\u00e7in \u0131s\u0131y\u0131 so\u011fuk havayla da\u011f\u0131t\u0131r. Bu arada, \u0131s\u0131tma blo\u011fu bir \u0131s\u0131 yal\u0131t\u0131m bezi ile tutturulmu\u015ftur, bu nedenle y\u00fcksek s\u0131cakl\u0131k nedeniyle torban\u0131n erimesi konusunda endi\u015felenmenize gerek yoktur.<\/li>    <li>Metal kabartmal\u0131 tekerlek contas\u0131 sa\u011flam ve g\u00fczeldir, desen a\u00e7\u0131kt\u0131r ve girinti d\u00fczd\u00fcr. Bask\u0131 tekerle\u011fine sahip m\u00fcrekkep tekerle\u011fi, \u00fcreticilerin \u00fcretim tarihi ve raf \u00f6mr\u00fc vb. yazd\u0131rma ihtiya\u00e7lar\u0131n\u0131 kar\u015f\u0131layabilir.<\/li> <\/ul>    <h2 class=\"wp-block-heading\" id=\"h-machine-parameters\">S\u00fcrekli bant yap\u0131\u015ft\u0131rma makinesi parametreleri<\/h2>    <figure class=\"wp-block-table is-style-stripes\"><table><tbody><tr><td class=\"has-text-align-center\" data-align=\"center\">Gerilim<\/td><td class=\"has-text-align-center\" data-align=\"center\">220V\/50HZ\/0.65KW<\/td><\/tr><tr><td class=\"has-text-align-center\" data-align=\"center\">Maksimum konvey\u00f6r tablas\u0131 y\u00fck\u00fc<\/td><td class=\"has-text-align-center\" data-align=\"center\">10 kg<\/td><\/tr><tr><td class=\"has-text-align-center\" data-align=\"center\">S\u0131zd\u0131rmazl\u0131k h\u0131z\u0131<\/td><td class=\"has-text-align-center\" data-align=\"center\">0-12 torba\/dak<\/td><\/tr><tr><td class=\"has-text-align-center\" data-align=\"center\">Boyutlar<\/td><td class=\"has-text-align-center\" data-align=\"center\">815*<em>645<\/em>*305mm<\/td><\/tr><\/tbody><\/table><\/figure>    <h2 class=\"wp-block-heading\" id=\"h-what-kind-of-bags-can-the-continuous-band-sealer-be-used-to-seal\">S\u00fcrekli bant kapat\u0131c\u0131 ne t\u00fcr torba malzemelerini m\u00fch\u00fcrlemek i\u00e7in kullan\u0131labilir?<\/h2>    <p class=\"translation-block\">Asl\u0131nda makinelerimiz her boyutta ve uzunlukta termoplastik malzemelerin (PP, PE, laminatlar) yap\u0131\u015ft\u0131r\u0131lmas\u0131 i\u00e7in uygundur. Hem yatay bant yap\u0131\u015ft\u0131r\u0131c\u0131lar\u0131 (torban\u0131n konvey\u00f6r bant \u00fczerinde d\u00fcz oldu\u011fu yer) hem de dikey bant yap\u0131\u015ft\u0131r\u0131c\u0131lar\u0131 (torban\u0131n konvey\u00f6r bant \u00fczerinde ayakta durdu\u011fu yer) sunuyoruz. Bant yap\u0131\u015ft\u0131r\u0131c\u0131lar\u0131m\u0131z ila\u00e7, g\u0131da, tar\u0131m, g\u00fcnl\u00fck kimya vb. gibi geni\u015f bir uygulama ve end\u00fcstri yelpazesinde kullan\u0131labilir. Ayr\u0131ca, <a rel=\"noreferrer noopener\" href=\"https:\/\/taizypackaging.com\/tr\/machines-category\/vpm\/\" target=\"_blank\">vakum paketleme makinesi<\/a>, <a href=\"https:\/\/taizypackaging.com\/tr\/granule-filling-machine\/\">5-50kg i\u00e7in gran\u00fcl dolum makinesi<\/a> i\u00e7in kullan\u0131lan torbalara da dikkat etmelisiniz.<\/p>    <figure class=\"wp-block-image size-full\"><img loading=\"lazy\" decoding=\"async\" width=\"720\" height=\"522\" src=\"https:\/\/taizypackaging.com\/wp-content\/uploads\/2021\/07\/2.png\" alt=\"\" class=\"wp-image-2486\" srcset=\"https:\/\/taizypackaging.com\/wp-content\/uploads\/2021\/07\/2.png 720w, https:\/\/taizypackaging.com\/wp-content\/uploads\/2021\/07\/2-300x218.png 300w\" sizes=\"auto, (max-width: 720px) 100vw, 720px\" \/><figcaption class=\"wp-element-caption\">S\u00fcrekli yap\u0131\u015ft\u0131rma makinesinin uygulanmas\u0131<\/figcaption><\/figure>    <h2 class=\"wp-block-heading\" id=\"h-the-structure-of-the-continuous-sealing-machine\">S\u00fcrekli yap\u0131\u015ft\u0131rma makinesinin yap\u0131 detaylar\u0131<\/h2>    <p>S\u00fcrekli yap\u0131\u015ft\u0131rma makinesi esas olarak bu par\u00e7alardan olu\u015fur; bir ta\u015f\u0131ma band\u0131, ta\u015f\u0131ma masas\u0131, acil durum anahtar\u0131, kabartma tekerle\u011fi, bas\u0131n\u00e7 ayar d\u00fc\u011fmesi, so\u011futma tekerle\u011fi, \u0131s\u0131 blo\u011fu, motor vb. Kompakt bir yap\u0131ya sahiptir ve makul bir tasar\u0131ma sahiptir ve kullan\u0131m\u0131 \u00e7ok kolayd\u0131r. ve devam ediyor. Ayr\u0131ca paslanmaz \u00e7elik g\u00f6vde yap\u0131s\u0131 bu makinenin uzun \u00f6m\u00fcrl\u00fc olmas\u0131n\u0131 sa\u011flar.  <\/p>    <figure class=\"wp-block-image size-full\"><img loading=\"lazy\" decoding=\"async\" width=\"720\" height=\"516\" src=\"https:\/\/taizypackaging.com\/wp-content\/uploads\/2021\/07\/3.png\" alt=\"\" class=\"wp-image-2487\" srcset=\"https:\/\/taizypackaging.com\/wp-content\/uploads\/2021\/07\/3.png 720w, https:\/\/taizypackaging.com\/wp-content\/uploads\/2021\/07\/3-300x215.png 300w\" sizes=\"auto, (max-width: 720px) 100vw, 720px\" \/><figcaption class=\"wp-element-caption\">S\u00fcrekli bant m\u00fch\u00fcrleyicinin ekran\u0131<\/figcaption><\/figure>    <h2 class=\"wp-block-heading\" id=\"h-the-details-of-the-continuous-band-sealer\">S\u00fcrekli bant kapat\u0131c\u0131n\u0131n detaylar\u0131<\/h2>    <figure class=\"wp-block-image size-full\"><img loading=\"lazy\" decoding=\"async\" width=\"720\" height=\"540\" src=\"https:\/\/taizypackaging.com\/wp-content\/uploads\/2021\/07\/4.png\" alt=\"s\u00fcrekli yap\u0131\u015ft\u0131rma makinesi kontrol paneli\" class=\"wp-image-2492\" srcset=\"https:\/\/taizypackaging.com\/wp-content\/uploads\/2021\/07\/4.png 720w, https:\/\/taizypackaging.com\/wp-content\/uploads\/2021\/07\/4-300x225.png 300w\" sizes=\"auto, (max-width: 720px) 100vw, 720px\" \/><figcaption class=\"wp-element-caption\">s\u00fcrekli yap\u0131\u015ft\u0131rma makinesi kontrol paneli<\/figcaption><\/figure>    <figure class=\"wp-block-image size-full\"><img loading=\"lazy\" decoding=\"async\" width=\"720\" height=\"529\" src=\"https:\/\/taizypackaging.com\/wp-content\/uploads\/2021\/07\/5.png\" alt=\"\" class=\"wp-image-2493\" srcset=\"https:\/\/taizypackaging.com\/wp-content\/uploads\/2021\/07\/5.png 720w, https:\/\/taizypackaging.com\/wp-content\/uploads\/2021\/07\/5-300x220.png 300w\" sizes=\"auto, (max-width: 720px) 100vw, 720px\" \/><figcaption class=\"wp-element-caption\">torba kapatma makinesinin s\u0131zd\u0131rmazl\u0131k etkisi<\/figcaption><\/figure>    <figure class=\"wp-block-image size-full\"><img loading=\"lazy\" decoding=\"async\" width=\"720\" height=\"535\" src=\"https:\/\/taizypackaging.com\/wp-content\/uploads\/2021\/07\/6.png\" alt=\"ayar konvey\u00f6r masas\u0131\" class=\"wp-image-2494\" srcset=\"https:\/\/taizypackaging.com\/wp-content\/uploads\/2021\/07\/6.png 720w, https:\/\/taizypackaging.com\/wp-content\/uploads\/2021\/07\/6-300x223.png 300w\" sizes=\"auto, (max-width: 720px) 100vw, 720px\" \/><figcaption class=\"wp-element-caption\">ayar konvey\u00f6r masas\u0131<\/figcaption><\/figure>    <h2 class=\"wp-block-heading\" id=\"related-machines-you-may-also-interested-in\">\u0130lginizi \u00e7ekebilecek ilgili makineler <\/h2>    <p>S\u00fcrekli bant yap\u0131\u015ft\u0131rma makinesi, dolum makinesi, etiketleme makinesi ve kodlama makinesi gibi di\u011fer makinelerle birlikte kullan\u0131labilir. T\u00fcm bu makineler komple bir \u00fcretim hatt\u0131 olu\u015fturabilir. \u00d6zel gereksinimlerinizi kar\u015f\u0131lamak i\u00e7in g\u00fc\u00e7l\u00fc \u00f6zel hizmet sunuyoruz. Bu makineleri mi ar\u0131yorsunuz? \u00dccretsiz fiyat listesi i\u00e7in bizimle ileti\u015fime ge\u00e7in. <\/p>","protected":false},"excerpt":{"rendered":"<p>Continuous sealing machine here is a portable bag heat sealing machine. It covers a small area and is convenient to move it. Besides, it can handle various types of plastic bags. A small investment in these continuous bag sealing machines can increase your efficiency and save you money. The maximum load of the conveyor table [&hellip;]<\/p>\n","protected":false},"author":1,"featured_media":2496,"parent":0,"template":"","tags":[596,547,548],"product-type":[668],"class_list":["post-2483","product","type-product","status-publish","has-post-thumbnail","hentry","tag-bag-sealing-machine","tag-continuous-sealing-machine","tag-sealing-machine","product-type-supporting-equipment"],"_links":{"self":[{"href":"https:\/\/taizypackaging.com\/tr\/wp-json\/wp\/v2\/product\/2483","targetHints":{"allow":["GET"]}}],"collection":[{"href":"https:\/\/taizypackaging.com\/tr\/wp-json\/wp\/v2\/product"}],"about":[{"href":"https:\/\/taizypackaging.com\/tr\/wp-json\/wp\/v2\/types\/product"}],"author":[{"embeddable":true,"href":"https:\/\/taizypackaging.com\/tr\/wp-json\/wp\/v2\/users\/1"}],"wp:featuredmedia":[{"embeddable":true,"href":"https:\/\/taizypackaging.com\/tr\/wp-json\/wp\/v2\/media\/2496"}],"wp:attachment":[{"href":"https:\/\/taizypackaging.com\/tr\/wp-json\/wp\/v2\/media?parent=2483"}],"wp:term":[{"taxonomy":"post_tag","embeddable":true,"href":"https:\/\/taizypackaging.com\/tr\/wp-json\/wp\/v2\/tags?post=2483"},{"taxonomy":"product-type","embeddable":true,"href":"https:\/\/taizypackaging.com\/tr\/wp-json\/wp\/v2\/product-type?post=2483"}],"curies":[{"name":"wp","href":"https:\/\/api.w.org\/{rel}","templated":true}]}}