{"id":2500,"date":"2021-07-30T09:18:45","date_gmt":"2021-07-30T09:18:45","guid":{"rendered":"https:\/\/taizypackaging.com\/?p=2500"},"modified":"2024-07-16T18:17:34","modified_gmt":"2024-07-16T10:17:34","slug":"horizontal-bag-feeding-machine","status":"publish","type":"product","link":"https:\/\/taizypackaging.com\/tr\/horizontal-bag-feeding-machine\/","title":{"rendered":"Yatay Torba Besleme Makinas\u0131"},"content":{"rendered":"<div class=\"kk-star-ratings kksr-auto kksr-align-left kksr-valign-top\"     data-payload='{&quot;align&quot;:&quot;left&quot;,&quot;id&quot;:&quot;2500&quot;,&quot;slug&quot;:&quot;default&quot;,&quot;valign&quot;:&quot;top&quot;,&quot;ignore&quot;:&quot;&quot;,&quot;reference&quot;:&quot;auto&quot;,&quot;class&quot;:&quot;&quot;,&quot;count&quot;:&quot;6&quot;,&quot;legendonly&quot;:&quot;&quot;,&quot;readonly&quot;:&quot;&quot;,&quot;score&quot;:&quot;4.6&quot;,&quot;starsonly&quot;:&quot;&quot;,&quot;best&quot;:&quot;5&quot;,&quot;gap&quot;:&quot;5&quot;,&quot;greet&quot;:&quot;Rate this product&quot;,&quot;legend&quot;:&quot;4.6\\\/5 - (6 votes)&quot;,&quot;size&quot;:&quot;24&quot;,&quot;title&quot;:&quot;Horizontal Bag Feeding Machine&quot;,&quot;width&quot;:&quot;130.9&quot;,&quot;_legend&quot;:&quot;{score}\\\/{best} - ({count} {votes})&quot;,&quot;font_factor&quot;:&quot;1.25&quot;}'>              <div class=\"kksr-stars\">      <div class=\"kksr-stars-inactive\">             <div class=\"kksr-star\" data-star=\"1\" style=\"padding-right: 5px\">               <div class=\"kksr-icon\" style=\"width: 24px; height: 24px;\"><\/div>         <\/div>             <div class=\"kksr-star\" data-star=\"2\" style=\"padding-right: 5px\">               <div class=\"kksr-icon\" style=\"width: 24px; height: 24px;\"><\/div>         <\/div>             <div class=\"kksr-star\" data-star=\"3\" style=\"padding-right: 5px\">               <div class=\"kksr-icon\" style=\"width: 24px; height: 24px;\"><\/div>         <\/div>             <div class=\"kksr-star\" data-star=\"4\" style=\"padding-right: 5px\">               <div class=\"kksr-icon\" style=\"width: 24px; height: 24px;\"><\/div>         <\/div>             <div class=\"kksr-star\" data-star=\"5\" style=\"padding-right: 5px\">               <div class=\"kksr-icon\" style=\"width: 24px; height: 24px;\"><\/div>         <\/div>     <\/div>      <div class=\"kksr-stars-active\" style=\"width: 130.9px;\">             <div class=\"kksr-star\" style=\"padding-right: 5px\">               <div class=\"kksr-icon\" style=\"width: 24px; height: 24px;\"><\/div>         <\/div>             <div class=\"kksr-star\" style=\"padding-right: 5px\">               <div class=\"kksr-icon\" style=\"width: 24px; height: 24px;\"><\/div>         <\/div>             <div class=\"kksr-star\" style=\"padding-right: 5px\">               <div class=\"kksr-icon\" style=\"width: 24px; height: 24px;\"><\/div>         <\/div>             <div class=\"kksr-star\" style=\"padding-right: 5px\">               <div class=\"kksr-icon\" style=\"width: 24px; height: 24px;\"><\/div>         <\/div>             <div class=\"kksr-star\" style=\"padding-right: 5px\">               <div class=\"kksr-icon\" style=\"width: 24px; height: 24px;\"><\/div>         <\/div>     <\/div> <\/div>                   <div class=\"kksr-legend\" style=\"font-size: 19.2px;\">             4.6\/5 - (6 oy)    <\/div>     <\/div>  <p class=\"translation-block\"><strong>Horizontal bag feeding machine<\/strong> is a type of premade bag filling packaging machine. This machine has a very wide range of applications. Equipped with a different feeding system, the horizontal bag filling machine can package particles, powders, and liquid products. Besides, this machine can perfectly suit various bag styles like stand-up bags, pillow bags, zip lock bags, three sides sealing flat bags, sides gusset bags, stand-up bags with spout, etc. Taizy Packaging Machinery provides excellent standard and custom premade pouch filling machines for sale. Email us or give us a call for a free <strong>premade pouch feeding machine price<\/strong>. <\/p>    <h2 class=\"wp-block-heading\" id=\"horizontal-bag-feeding-machine-working-video\">Yatay torba besleme makinas\u0131 \u00e7al\u0131\u015fma videosu <\/h2>   <figure class=\"wp-block-embed-youtube wp-block-embed is-type-video is-provider-youtube wp-embed-aspect-16-9 wp-has-aspect-ratio\"><div class=\"lyte-wrapper fourthree\" title=\"Haz\u0131r Kese Paketleme Makinas\u0131 | Yatay Tip Dolum ve Kapama Po\u015fet Makinas\u0131\" style=\"width:960px;max-width:100%;margin:5px auto;\"><div class=\"lyMe hidef\" id=\"WYL_xZWUfPAGP1w\" itemprop=\"video\" itemscope itemtype=\"https:\/\/schema.org\/VideoObject\"><div><meta itemprop=\"thumbnailUrl\" content=\"https:\/\/taizypackaging.com\/wp-content\/plugins\/wp-youtube-lyte\/lyteCache.php?origThumbUrl=https%3A%2F%2Fi.ytimg.com%2Fvi%2FxZWUfPAGP1w%2Fmaxresdefault.jpg\" \/><meta itemprop=\"embedURL\" content=\"https:\/\/www.youtube.com\/embed\/xZWUfPAGP1w\" \/><meta itemprop=\"duration\" content=\"PT4M18S\" \/><meta itemprop=\"uploadDate\" content=\"2021-07-30T03:41:54Z\" \/><\/div><meta itemprop=\"accessibilityFeature\" content=\"captions\" \/><div id=\"lyte_xZWUfPAGP1w\" data-src=\"https:\/\/taizypackaging.com\/wp-content\/plugins\/wp-youtube-lyte\/lyteCache.php?origThumbUrl=https%3A%2F%2Fi.ytimg.com%2Fvi%2FxZWUfPAGP1w%2Fmaxresdefault.jpg\" class=\"pL\"><div class=\"tC\"><div class=\"tT\" itemprop=\"name\">Haz\u0131r Kese Paketleme Makinas\u0131 | Yatay Tip Dolum ve Kapama Po\u015fet Makinas\u0131<\/div><\/div><div class=\"play\"><\/div><div class=\"ctrl\"><div class=\"Lctrl\"><\/div><div class=\"Rctrl\"><\/div><\/div><\/div><noscript><a href=\"https:\/\/youtu.be\/xZWUfPAGP1w\" rel=\"nofollow noopener\" target=\"_blank\"><img loading=\"lazy\" decoding=\"async\" src=\"https:\/\/taizypackaging.com\/wp-content\/plugins\/wp-youtube-lyte\/lyteCache.php?origThumbUrl=https%3A%2F%2Fi.ytimg.com%2Fvi%2FxZWUfPAGP1w%2F0.jpg\" alt=\"Haz\u0131r Kese Paketleme Makinas\u0131 | Yatay Tip Dolum ve Kapama Po\u015fet Makinas\u0131\" width=\"960\" height=\"700\" \/><br \/>Bu videoyu YouTube'da izleyin<\/a><\/noscript><meta itemprop=\"description\" content=\"#premadepouch #fillsealmachine #doypackmachine WhatsApp\/Wechat\/Tel: +86 19139754781 Email: info@taizypackaging.com Useful link: https:\/\/taizypackaging.com\/horizontal-bag-feeding-machine\/ -------------------------------------------------------------------- A horizontal bag feeding machine is very versatile, it can package both powder, liquid, granule, and paste. Also, the types of bags can be various, such as stand-up pouches, zipper bags, four-side-seal bags, three-side-seal bags, paper bags, etc. This premade pouch feeding machine has multi-function by changing feeding systems. This machine can be divided into horizontal bag feeding machine for granules, horizontal bag feeding machine for powders, horizontal bag feeding machine for liquids. Performance features of horizontal bag feeding machine 1. PLC intelligent control system, support multi-language, parameter setting, machine control are particularly convenient. 2. The equipment meets the sanitary standards of food processing machinery, and the parts of the equipment in contact with materials are processed with 304 stainless steel or other materials that meet the requirements of food hygiene. Besides, it is designed in line with GMP standards. 3. The machine is equipped with an electric eye detection device: First of all, it will detect whether the bag is open or not, if the bag is not open, it will transport the bag directly to the end without any operation, and after that, there is a corresponding detection when feeding and sealing, which ensures the stable proceeding of the packaging process and saves the cost of the bag to avoid waste. -------------------------------------------------------------------- WhatsApp\/Wechat\/Tel: +86 19139754781 Email: info@taizypackaging.com Useful link: https:\/\/taizypackaging.com\/horizontal-bag-feeding-machine\/\"><\/div><\/div><div class=\"lL\" style=\"max-width:100%;width:960px;margin:5px auto;\"><\/div><figcaption>Yatay torba besleme makinesinin \u00e7al\u0131\u015fma videosu<\/figcaption><\/figure>   <h2 class=\"wp-block-heading\" id=\"h-design-features-of-horizontal-bag-feeing-machine\">Yatay torba besleme makinesinin performans \u00f6zellikleri<\/h2>    <ul class=\"wp-block-list\"> <li>PLC ak\u0131ll\u0131 kontrol sistemleri, \u00e7oklu dil deste\u011fi, parametre ayar\u0131 ve makine kontrol\u00fc \u00f6zellikle uygundur.<\/li>    <li>Ekipman, g\u0131da i\u015fleme makinelerinin s\u0131hhi standartlar\u0131n\u0131 kar\u015f\u0131lar ve ekipman\u0131n malzemelerle temas eden par\u00e7alar\u0131 304 paslanmaz \u00e7elik veya g\u0131da hijyeni gereksinimlerini kar\u015f\u0131layan di\u011fer malzemelerle i\u015flenir. Ayr\u0131ca GMP standartlar\u0131na uygun olarak tasarlanm\u0131\u015ft\u0131r.<\/li>    <li>Makine elektrikli g\u00f6z alg\u0131lama cihaz\u0131 ile donat\u0131lm\u0131\u015ft\u0131r: \u00d6ncelikle po\u015fetin a\u00e7\u0131k olup olmad\u0131\u011f\u0131n\u0131 tespit edecek, e\u011fer po\u015fet a\u00e7\u0131k de\u011filse hi\u00e7bir i\u015flem yapmadan po\u015feti do\u011frudan u\u00e7 noktaya ta\u015f\u0131yacak ve sonras\u0131nda, Besleme ve kapatma s\u0131ras\u0131nda paketleme i\u015fleminin istikrarl\u0131 bir \u015fekilde ilerlemesini sa\u011flayan ve israf\u0131 \u00f6nlemek i\u00e7in torban\u0131n maliyetinden tasarruf sa\u011flayan kar\u015f\u0131l\u0131k gelen bir alg\u0131lama vard\u0131r.<\/li>    <li>Contadaki uzun s\u00fcr\u00fckleme plakas\u0131 da paslanmaz \u00e7elikten yap\u0131lm\u0131\u015ft\u0131r, bu sadece bir b\u00fct\u00fcn olarak g\u00fczel olmakla kalmaz, ayn\u0131 zamanda paketlenmi\u015f \u00f6\u011felerin bir dereceye kadar tamponlanmas\u0131nda da rol oynar.<\/li>    <li>Ak\u0131ll\u0131 alarm sistemi, plastik torba s\u0131zd\u0131rmazl\u0131k yeri y\u00fcksek s\u0131cakl\u0131k nedeniyle eritildi\u011finde, makine otomatik olarak alarm verece\u011finde ve \u00e7al\u0131\u015fmay\u0131 zaman\u0131nda durdurdu\u011funda bak\u0131r blo\u011fa yap\u0131\u015f\u0131r.<\/li> <\/ul>    <figure class=\"wp-block-image size-full\"><img loading=\"lazy\" decoding=\"async\" width=\"720\" height=\"540\" src=\"https:\/\/taizypackaging.com\/wp-content\/uploads\/2021\/07\/horizontal-bag-feeding-machine.jpg\" alt=\"yatay torba besleme makinesi\" class=\"wp-image-3859\" srcset=\"https:\/\/taizypackaging.com\/wp-content\/uploads\/2021\/07\/horizontal-bag-feeding-machine.jpg 720w, https:\/\/taizypackaging.com\/wp-content\/uploads\/2021\/07\/horizontal-bag-feeding-machine-300x225.jpg 300w\" sizes=\"auto, (max-width: 720px) 100vw, 720px\" \/><figcaption class=\"wp-element-caption\">yatay torba besleme makinesi<\/figcaption><\/figure>    <h2 class=\"wp-block-heading\" id=\"h-machine-parameters\">Yatay torba besleme makinesi parametreleri<\/h2>    <figure class=\"wp-block-table is-style-stripes\"><table><tbody><tr><td>G\u00fc\u00e7<\/td><td>380V\/2.5KW<\/td><\/tr><tr><td>Paketleme h\u0131z\u0131<\/td><td>20-50 torba\/dak<\/td><\/tr><tr><td>Boyut<\/td><td>100-210mm\/110-320mm(U*G)<\/td><\/tr><tr><td>A\u011f\u0131rl\u0131k<\/td><td>600kg<\/td><\/tr><tr><td>Kapsam\u0131 \u00f6l\u00e7\u00fcn<\/td><td>20g-1000g<\/td><\/tr><tr><td>Hava t\u00fcketimi<\/td><td>0,7m\u00b3\/dak<\/td><\/tr><\/tbody><\/table><\/figure>    <h2 class=\"wp-block-heading\" id=\"h-classification-of-bag-feeding-packing-machine\">Haz\u0131r kese besleme paketleme makinesinin s\u0131n\u0131fland\u0131r\u0131lmas\u0131<\/h2>    <p>Bu haz\u0131r po\u015fet besleme makinesi, besleme sistemlerini de\u011fi\u015ftirerek \u00e7ok i\u015flevlidir. Bu makine, gran\u00fcller i\u00e7in yatay torba besleme makinesine, tozlar i\u00e7in yatay torba besleme makinesine, s\u0131v\u0131lar i\u00e7in yatay torba besleme makinesine b\u00f6l\u00fcnebilir. <\/p>    <div class=\"wp-block-columns is-layout-flex wp-container-core-columns-is-layout-9d6595d7 wp-block-columns-is-layout-flex\"> <div class=\"wp-block-column is-layout-flow wp-block-column-is-layout-flow\"> <figure class=\"wp-block-image size-full\"><img decoding=\"async\" src=\"https:\/\/taizypackaging.com\/wp-content\/uploads\/2021\/07\/horizontal-bag-feeding-machine-for-powder.jpg\" alt=\"toz i\u00e7in yatay torba besleme makinesi\" class=\"wp-image-3862\"\/><figcaption class=\"wp-element-caption\">toz i\u00e7in yatay torba besleme makinesi<\/figcaption><\/figure> <\/div>    <div class=\"wp-block-column is-layout-flow wp-block-column-is-layout-flow\"> <figure class=\"wp-block-image size-full\"><img loading=\"lazy\" decoding=\"async\" width=\"720\" height=\"540\" src=\"https:\/\/taizypackaging.com\/wp-content\/uploads\/2021\/07\/horizontal-bag-feeding-machine-for-liquids.jpg\" alt=\"s\u0131v\u0131lar i\u00e7in yatay torba besleme makinesi\" class=\"wp-image-3863\" srcset=\"https:\/\/taizypackaging.com\/wp-content\/uploads\/2021\/07\/horizontal-bag-feeding-machine-for-liquids.jpg 720w, https:\/\/taizypackaging.com\/wp-content\/uploads\/2021\/07\/horizontal-bag-feeding-machine-for-liquids-300x225.jpg 300w\" sizes=\"auto, (max-width: 720px) 100vw, 720px\" \/><figcaption class=\"wp-element-caption\">s\u0131v\u0131lar i\u00e7in yatay torba besleme makinesi<\/figcaption><\/figure> <\/div> <\/div>    <div class=\"wp-block-columns is-layout-flex wp-container-core-columns-is-layout-9d6595d7 wp-block-columns-is-layout-flex\"> <div class=\"wp-block-column is-layout-flow wp-block-column-is-layout-flow\"> <figure class=\"wp-block-image size-full\"><img decoding=\"async\" src=\"https:\/\/taizypackaging.com\/wp-content\/uploads\/2021\/07\/powder-packaging-bag-style.jpg\" alt=\"toz paketleme \u00e7antas\u0131 tarz\u0131\" class=\"wp-image-3864\"\/><figcaption class=\"wp-element-caption\">toz paketleme \u00e7antas\u0131 tarz\u0131<\/figcaption><\/figure> <\/div>    <div class=\"wp-block-column is-layout-flow wp-block-column-is-layout-flow\"> <figure class=\"wp-block-image size-full\"><img decoding=\"async\" src=\"https:\/\/taizypackaging.com\/wp-content\/uploads\/2021\/07\/liquid-packaging-bag-style.jpg\" alt=\"s\u0131v\u0131 paketleme \u00e7antas\u0131 stili\" class=\"wp-image-3865\"\/><figcaption class=\"wp-element-caption\">s\u0131v\u0131 paketleme \u00e7antas\u0131 stili<\/figcaption><\/figure> <\/div> <\/div>    <h2 class=\"wp-block-heading\" id=\"h-construction-of-horizontal-bag-feeding-packaging-machine\">Yatay torba besleme paketleme makinesinin besleme sistemi<\/h2>    <p>Besleme sistemi, paketlenecek spesifik hammadde t\u00fcr\u00fcne ba\u011fl\u0131d\u0131r: vidal\u0131 besleme cihaz\u0131 (f\u0131r\u00e7a ve di\u011fer toz giderme cihazlar\u0131yla donat\u0131labilir) genellikle toz paketleme i\u00e7in kullan\u0131l\u0131r; k\u00fc\u00e7\u00fck par\u00e7ac\u0131klar, daha sonra genellikle d\u00f6ner tabla beslemesini se\u00e7in; d\u00f6rt kafal\u0131 terazi ve di\u011fer elektronik kombine terazi besleme cihaz\u0131 \u00e7o\u011funlukla kurabiye vb. gibi topakl\u0131 par\u00e7ac\u0131klar\u0131 paketlemek i\u00e7in kullan\u0131l\u0131r; S\u0131v\u0131 pompalar\u0131 veya macun pompalar\u0131 kullanarak s\u0131v\u0131 veya macun. Bo\u015faltma sistemi, \u00e7e\u015fitli malzemelere uygun, y\u00fcksek kaliteli ve sa\u011flam, sa\u011flam ve dayan\u0131kl\u0131 paslanmaz \u00e7elikten yap\u0131lm\u0131\u015ft\u0131r.<\/p>    <p>Torba besleme sistemi, torban\u0131n al\u0131nmas\u0131n\u0131, tutulmas\u0131n\u0131 ve doldurulup kapat\u0131lmas\u0131n\u0131 i\u00e7erir. Bu arada, torba besleme sistemi, tala\u015flar ve doldurulmas\u0131 kolay olmayan di\u011fer kasalarla kar\u015f\u0131la\u015f\u0131rsa, daha d\u00fc\u015f\u00fck bir titre\u015fim cihaz\u0131 ve bir b\u0131\u00e7aklama cihaz\u0131 eklenerek m\u00fc\u015fteri gereksinimlerine g\u00f6re \u00f6zelle\u015ftirilebilir. Fermuarl\u0131 bir \u00e7anta ise ilave bir fermuar a\u00e7ma cihaz\u0131na ihtiya\u00e7 vard\u0131r.<\/p>    <p class=\"translation-block\">The machine needs to be used with an air compressor.  This is similar to the <a href=\"https:\/\/taizypackaging.com\/tr\/machines-category\/vpm\/\" target=\"_blank\" rel=\"noreferrer noopener\">vacuum sealer<\/a>. The width of the bag is less than 20cm, you can add a coding machine, such as a ribbon coder. The sealing device adopts cutting-edge heat sealing technology, with easy temperature control, for different packaging film materials, thickness, and adaptability.<\/p>    <h2 class=\"wp-block-heading\" id=\"faqs-about-taizy-horizontal-pouch-feeding-machine\">Taizy Yatay kese besleme makinesi hakk\u0131nda SSS<\/h2>    <p>1. Makinenin parametreleri nelerdir?<\/p>    <p class=\"translation-block\">\u00c7\u00fcnk\u00fc <a href=\"https:\/\/taizypackaging.com\/tr\/\" target=\"_blank\" rel=\"noreferrer noopener\">Taizy \u015eirketi<\/a> taraf\u0131ndan makinenin \u00f6zel yap\u0131s\u0131 ve parametreleri, m\u00fc\u015fterinin paketleyece\u011fi hammaddeler ve torbalar g\u00f6z \u00f6n\u00fcne al\u0131narak belirlenir; bu nedenle kesin boyut, m\u00fc\u015fterimizle ileti\u015fim kurduktan sonra \u00f6zelle\u015ftirilmesi gerekir. \u00d6zelle\u015ftirmek istiyorsan\u0131z durum hakk\u0131nda do\u011frudan bizimle ileti\u015fime ge\u00e7ebilirsiniz.<\/p>    <p>2. Bu makine tam otomatik mi?<\/p>    <p>Evet, i\u015f\u00e7ilerin sadece po\u015fetleri \u00f6nceden haz\u0131rlay\u0131p belirlenen konuma koymas\u0131, kontrol panelinde sabit parametreleri ayarlamas\u0131 gerekiyor; makine paketleme i\u00e7in po\u015fetleri otomatik olarak alacak ve po\u015fetler yere s\u00fcr\u00fclecek. Paketleme tamamland\u0131ktan sonra s\u00fcr\u00fckleme tahtas\u0131 ve t\u00fcm s\u00fcre\u00e7 manuel i\u015flem gerektirmez.<\/p>    <p>3. Bu makinede kodlama makinesi var m\u0131?<\/p>    <p>Kodlama makinesi m\u00fc\u015fterilerin ihtiya\u00e7lar\u0131na g\u00f6re yap\u0131land\u0131r\u0131labilmektedir, firmam\u0131z \u015ferit kodlay\u0131c\u0131y\u0131 kullanmaktad\u0131r. M\u00fcrekkep bask\u0131 yerine termal bask\u0131 \u015feridi kullan\u0131r, kelime yap\u0131s\u0131 i\u00e7in \u00f6zel bir canl\u0131 kelime y\u00fckleme ve bo\u015faltma i\u015flemi al\u0131r ve koddaki herhangi bir ambalaj malzemesinin i\u00e7inde olabilir. Bask\u0131 a\u00e7\u0131kt\u0131r ve silinmesi kolay de\u011fildir; Hijyenik ve temiz, m\u00fcrekkep kirlili\u011fi olmayan, ekonomik ve hijyenik bir kodlama y\u00f6ntemidir.<\/p>    <p>4. Yatay torba besleme makinesinin fiyat\u0131 nedir?<\/p>    <p>Makinelerimiz m\u00fc\u015fteri ihtiya\u00e7lar\u0131na g\u00f6re \u00f6zelle\u015ftirildi\u011finden, \u00f6zel fiyatlar i\u00e7in l\u00fctfen do\u011frudan bizimle ileti\u015fime ge\u00e7in.<\/p>","protected":false},"excerpt":{"rendered":"<p>Horizontal bag feeding machine is a type of premade bag filling packaging machine. This machine has a very wide range of applications. Equipped with a different feeding system, the horizontal bag filling machine can package particles, powders, and liquid products. Besides, this machine can perfectly suit various bag styles like stand-up bags, pillow bags, zip [&hellip;]<\/p>\n","protected":false},"author":1,"featured_media":2513,"parent":0,"template":"","tags":[549,550,597],"product-type":[665],"class_list":["post-2500","product","type-product","status-publish","has-post-thumbnail","hentry","tag-bag-feeding-machine","tag-horizontal-bag-feeding-machine","tag-premade-bag-filling-machine","product-type-premade-pouch-packing-machine"],"_links":{"self":[{"href":"https:\/\/taizypackaging.com\/tr\/wp-json\/wp\/v2\/product\/2500","targetHints":{"allow":["GET"]}}],"collection":[{"href":"https:\/\/taizypackaging.com\/tr\/wp-json\/wp\/v2\/product"}],"about":[{"href":"https:\/\/taizypackaging.com\/tr\/wp-json\/wp\/v2\/types\/product"}],"author":[{"embeddable":true,"href":"https:\/\/taizypackaging.com\/tr\/wp-json\/wp\/v2\/users\/1"}],"wp:featuredmedia":[{"embeddable":true,"href":"https:\/\/taizypackaging.com\/tr\/wp-json\/wp\/v2\/media\/2513"}],"wp:attachment":[{"href":"https:\/\/taizypackaging.com\/tr\/wp-json\/wp\/v2\/media?parent=2500"}],"wp:term":[{"taxonomy":"post_tag","embeddable":true,"href":"https:\/\/taizypackaging.com\/tr\/wp-json\/wp\/v2\/tags?post=2500"},{"taxonomy":"product-type","embeddable":true,"href":"https:\/\/taizypackaging.com\/tr\/wp-json\/wp\/v2\/product-type?post=2500"}],"curies":[{"name":"wp","href":"https:\/\/api.w.org\/{rel}","templated":true}]}}