{"id":2528,"date":"2021-08-04T08:03:21","date_gmt":"2021-08-04T08:03:21","guid":{"rendered":"https:\/\/taizypackaging.com\/?p=2528"},"modified":"2024-07-16T16:49:31","modified_gmt":"2024-07-16T08:49:31","slug":"reciprocating-servo-packing-machine","status":"publish","type":"product","link":"https:\/\/taizypackaging.com\/tr\/reciprocating-servo-packing-machine\/","title":{"rendered":"Pistonlu Servo Paketleme Makinas\u0131"},"content":{"rendered":"<div class=\"kk-star-ratings kksr-auto kksr-align-left kksr-valign-top\"     data-payload='{&quot;align&quot;:&quot;left&quot;,&quot;id&quot;:&quot;2528&quot;,&quot;slug&quot;:&quot;default&quot;,&quot;valign&quot;:&quot;top&quot;,&quot;ignore&quot;:&quot;&quot;,&quot;reference&quot;:&quot;auto&quot;,&quot;class&quot;:&quot;&quot;,&quot;count&quot;:&quot;19&quot;,&quot;legendonly&quot;:&quot;&quot;,&quot;readonly&quot;:&quot;&quot;,&quot;score&quot;:&quot;4.6&quot;,&quot;starsonly&quot;:&quot;&quot;,&quot;best&quot;:&quot;5&quot;,&quot;gap&quot;:&quot;5&quot;,&quot;greet&quot;:&quot;Rate this product&quot;,&quot;legend&quot;:&quot;4.6\\\/5 - (19 votes)&quot;,&quot;size&quot;:&quot;24&quot;,&quot;title&quot;:&quot;Reciprocating Servo Packing Machine&quot;,&quot;width&quot;:&quot;130.9&quot;,&quot;_legend&quot;:&quot;{score}\\\/{best} - ({count} {votes})&quot;,&quot;font_factor&quot;:&quot;1.25&quot;}'>              <div class=\"kksr-stars\">      <div class=\"kksr-stars-inactive\">             <div class=\"kksr-star\" data-star=\"1\" style=\"padding-right: 5px\">               <div class=\"kksr-icon\" style=\"width: 24px; height: 24px;\"><\/div>         <\/div>             <div class=\"kksr-star\" data-star=\"2\" style=\"padding-right: 5px\">               <div class=\"kksr-icon\" style=\"width: 24px; height: 24px;\"><\/div>         <\/div>             <div class=\"kksr-star\" data-star=\"3\" style=\"padding-right: 5px\">               <div class=\"kksr-icon\" style=\"width: 24px; height: 24px;\"><\/div>         <\/div>             <div class=\"kksr-star\" data-star=\"4\" style=\"padding-right: 5px\">               <div class=\"kksr-icon\" style=\"width: 24px; height: 24px;\"><\/div>         <\/div>             <div class=\"kksr-star\" data-star=\"5\" style=\"padding-right: 5px\">               <div class=\"kksr-icon\" style=\"width: 24px; height: 24px;\"><\/div>         <\/div>     <\/div>      <div class=\"kksr-stars-active\" style=\"width: 130.9px;\">             <div class=\"kksr-star\" style=\"padding-right: 5px\">               <div class=\"kksr-icon\" style=\"width: 24px; height: 24px;\"><\/div>         <\/div>             <div class=\"kksr-star\" style=\"padding-right: 5px\">               <div class=\"kksr-icon\" style=\"width: 24px; height: 24px;\"><\/div>         <\/div>             <div class=\"kksr-star\" style=\"padding-right: 5px\">               <div class=\"kksr-icon\" style=\"width: 24px; height: 24px;\"><\/div>         <\/div>             <div class=\"kksr-star\" style=\"padding-right: 5px\">               <div class=\"kksr-icon\" style=\"width: 24px; height: 24px;\"><\/div>         <\/div>             <div class=\"kksr-star\" style=\"padding-right: 5px\">               <div class=\"kksr-icon\" style=\"width: 24px; height: 24px;\"><\/div>         <\/div>     <\/div> <\/div>                   <div class=\"kksr-legend\" style=\"font-size: 19.2px;\">             4.6\/5 - (19 oy)    <\/div>     <\/div>  <p class=\"translation-block\"><strong>Reciprocating servo packing machine<\/strong>, yatay ak\u0131\u015fl\u0131 sarmalama makinesinin bir t\u00fcr\u00fcd\u00fcr. Yeni bir tasar\u0131ma sahip, basit bir yap\u0131ya sahip ve geli\u015fmi\u015f teknolojiyi kullan\u0131r. Ayr\u0131ca, <strong>tekrarlayan yast\u0131k ambalaj makinesi<\/strong> \u00e7ok geni\u015f bir uygulama yelpazesine sahiptir. \u00d6rne\u011fin, \u00e7e\u015fitli g\u0131dalar\u0131n, sebzelerin, meyvelerin, g\u00fcnl\u00fck ihtiya\u00e7lar\u0131n vb. paketlenmesi i\u00e7in uygulanabilir. Taizy Packaging Machinery, \u00e7e\u015fitli yast\u0131k paketleme makinelerinin tasar\u0131m\u0131 ve ara\u015ft\u0131rmalar\u0131nda yer alm\u0131\u015ft\u0131r. G\u00fcn\u00fcm\u00fczde, <strong>yatay ak\u0131\u015fl\u0131 sarmalama makinemiz<\/strong> ba\u015far\u0131yla 50'den fazla \u00fclke ve b\u00f6lgeye ihra\u00e7 edilmi\u015ftir. Ve d\u00fcnya \u00e7ap\u0131nda bir\u00e7ok orta\u011f\u0131na k\u00fc\u00e7\u00fck i\u015fletmelerini geli\u015ftirmeleri konusunda yard\u0131mc\u0131 olduk. <\/p>    <h2 class=\"wp-block-heading\" id=\"h-the-working-video-of-reciprocating-pillow-packaging-machine\">Pistonlu yast\u0131k paketleme makinesi \u00e7al\u0131\u015fma videosu<\/h2>   <figure class=\"wp-block-embed-youtube wp-block-embed is-type-video is-provider-youtube wp-embed-aspect-16-9 wp-has-aspect-ratio\"><div class=\"lyte-wrapper fourthree\" title=\"Pistonlu servo paketleme makinesi | servolu yatay yast\u0131k paketleme makinesi\" style=\"width:960px;max-width:100%;margin:5px auto;\"><div class=\"lyMe hidef\" id=\"WYL_Mr0Rt9b9FEk\" itemprop=\"video\" itemscope itemtype=\"https:\/\/schema.org\/VideoObject\"><div><meta itemprop=\"thumbnailUrl\" content=\"https:\/\/taizypackaging.com\/wp-content\/plugins\/wp-youtube-lyte\/lyteCache.php?origThumbUrl=https%3A%2F%2Fi.ytimg.com%2Fvi%2FMr0Rt9b9FEk%2Fmaxresdefault.jpg\" \/><meta itemprop=\"embedURL\" content=\"https:\/\/www.youtube.com\/embed\/Mr0Rt9b9FEk\" \/><meta itemprop=\"duration\" content=\"PT3M\" \/><meta itemprop=\"uploadDate\" content=\"2021-08-03T10:20:47Z\" \/><\/div><meta itemprop=\"accessibilityFeature\" content=\"captions\" \/><div id=\"lyte_Mr0Rt9b9FEk\" data-src=\"https:\/\/taizypackaging.com\/wp-content\/plugins\/wp-youtube-lyte\/lyteCache.php?origThumbUrl=https%3A%2F%2Fi.ytimg.com%2Fvi%2FMr0Rt9b9FEk%2Fmaxresdefault.jpg\" class=\"pL\"><div class=\"tC\"><div class=\"tT\" itemprop=\"name\">Pistonlu servo paketleme makinesi | servolu yatay yast\u0131k paketleme makinesi<\/div><\/div><div class=\"play\"><\/div><div class=\"ctrl\"><div class=\"Lctrl\"><\/div><div class=\"Rctrl\"><\/div><\/div><\/div><noscript><a href=\"https:\/\/youtu.be\/Mr0Rt9b9FEk\" rel=\"nofollow noopener\" target=\"_blank\"><img loading=\"lazy\" decoding=\"async\" src=\"https:\/\/taizypackaging.com\/wp-content\/plugins\/wp-youtube-lyte\/lyteCache.php?origThumbUrl=https%3A%2F%2Fi.ytimg.com%2Fvi%2FMr0Rt9b9FEk%2F0.jpg\" alt=\"Pistonlu servo paketleme makinesi | servolu yatay yast\u0131k paketleme makinesi\" width=\"960\" height=\"700\" \/><br \/>Bu videoyu YouTube'da izleyin<\/a><\/noscript><meta itemprop=\"description\" content=\"WhatsApp\/Wechat\/Tel:+86 19139754781 This machine can be regarded as the upgrade of a common horizontal pillow-type packing machine. Reciprocating servo packing machine is suitable for various kinds of regular objects like biscuits, bread, egg roll, instant noodle, moon cake, medicine, hardware, industrial parts, paper boxes, plates, etc. It is worth mentioning that this machine has a gusset bag device which makes the bag shape more beautiful, and enhances the product grade.\"><\/div><\/div><div class=\"lL\" style=\"max-width:100%;width:960px;margin:5px auto;\"><\/div><figcaption><\/figcaption><\/figure>   <h2 class=\"wp-block-heading\" id=\"introduction-of-reciprocating-servo-packing-machine\">Pistonlu servo paketleme makinesinin tan\u0131t\u0131m\u0131<\/h2>    <p>Pistonlu paketleme makineleri, yayg\u0131n bir yatay yast\u0131k tipi paketleme makinesinin geli\u015ftirilmi\u015f vizyonu olarak kabul edilebilir. Ve bir t\u00fcr otomatik ak\u0131\u015f sarma makinesidir. Pistonlu servo paketleme makinesi bisk\u00fcvi, ekmek, yumurta rulolar\u0131, haz\u0131r eri\u015fte, ay kekleri, ila\u00e7, h\u0131rdavat, end\u00fcstriyel par\u00e7alar, ka\u011f\u0131t kutular, tabaklar vb. gibi \u00e7e\u015fitli normal nesneler i\u00e7in uygundur. Bu makinenin bir oldu\u011funu belirtmekte fayda var. \u00c7anta stilini daha g\u00fczel hale getiren ve \u00fcr\u00fcn kalitesini art\u0131ran k\u00f6\u015febent \u00e7anta cihaz\u0131.<\/p>    <figure class=\"wp-block-image size-full\"><img decoding=\"async\" src=\"https:\/\/taizypackaging.com\/wp-content\/uploads\/2021\/08\/reciprocating-servo-packing-machine.jpg\" alt=\"pistonlu servo paketleme makinesi\" class=\"wp-image-3877\"\/><figcaption class=\"wp-element-caption\">pistonlu servo paketleme makinesi<\/figcaption><\/figure>    <h2 class=\"wp-block-heading\" id=\"h-the-structure-of-reciprocating-packaging-machine\">Pistonlu paketleme makinesinin yap\u0131 \u00f6zellikleri<\/h2>    <p>Pistonlu ak\u0131\u015f paketleme makinesi basit bir yap\u0131ya sahiptir. Esas olarak ak\u0131ll\u0131 bir PLC kontrol sistemi, konvey\u00f6r band\u0131, film besleme cihaz\u0131, torba olu\u015fturucu, bo\u015faltma portu, s\u0131zd\u0131rmazl\u0131k ve kesme cihaz\u0131, \u00fcnl\u00fc motor vb. olu\u015fur. T\u00fcm par\u00e7alar, yast\u0131\u011f\u0131m\u0131z\u0131n iyi performans\u0131n\u0131 sa\u011flayan dayan\u0131kl\u0131 malzeme ve ileri teknolojiyi benimser. paketleme makineleri. Ayr\u0131ca t\u00fcm aksesuarlar, \u00f6zel gereksinimlerinizi kar\u015f\u0131lamak i\u00e7in Taizy firmas\u0131n\u0131n \u00f6zel servisiyle desteklenmektedir. <\/p>    <figure class=\"wp-block-image size-full\"><img decoding=\"async\" src=\"https:\/\/taizypackaging.com\/wp-content\/uploads\/2021\/08\/\u753b\u677f-1_\u770b\u56fe\u738b.jpg\" alt=\"\" class=\"wp-image-2530\"\/><\/figure>    <h2 class=\"wp-block-heading\" id=\"h-details-of-reciprocating-servo-packing-machine\">Pistonlu servo paketleme makinesinin detaylar\u0131<\/h2>    <p>Taizy'den sat\u0131l\u0131k pistonlu servo paketleme makinesi m\u00fckemmel performansa sahiptir. Her \u015feyden \u00f6nce bu makine ak\u0131ll\u0131 bir PLC kontrol sistemi kullan\u0131yor. Geni\u015f bir dokunmatik ekran arac\u0131l\u0131\u011f\u0131yla t\u00fcm makineyi kontrol etmek i\u00e7in parametreleri kolayca ayarlayabiliyoruz. Daha sonra, \u00e7ok ba\u011flant\u0131l\u0131 film rulosu \u015faft\u0131, \u00e7ok rulolu filmin malzemesine uyum sa\u011flayan film \u00e7ekme ba\u011flant\u0131s\u0131n\u0131 koordine etmek i\u00e7in kullan\u0131l\u0131r ve film d\u00fczg\u00fcn bir \u015fekilde yuvarlan\u0131r. \u00dc\u00e7\u00fcnc\u00fcs\u00fc, termo-s\u0131zd\u0131rmaz kesici, s\u0131zd\u0131rmazl\u0131k konumunda k\u0131vr\u0131lmay\u0131 veya bo\u015fluklar\u0131 \u00f6nlemek i\u00e7in paketlenmi\u015f \u00fcr\u00fcnlerin \u00f6n ve arka u\u00e7lar\u0131n\u0131 kapat\u0131r. <\/p>    <div class=\"wp-block-columns is-layout-flex wp-container-core-columns-is-layout-9d6595d7 wp-block-columns-is-layout-flex\"> <div class=\"wp-block-column is-layout-flow wp-block-column-is-layout-flow\"> <figure class=\"wp-block-image size-full\"><img decoding=\"async\" src=\"https:\/\/taizypackaging.com\/wp-content\/uploads\/2021\/08\/reciprocating-packing-machine-bag-forming-system.jpg\" alt=\"pistonlu paketleme makinesi torba \u015fekillendirme sistemi\" class=\"wp-image-3880\"\/><figcaption class=\"wp-element-caption\">pistonlu paketleme makinesi torba \u015fekillendirme sistemi<\/figcaption><\/figure> <\/div>    <div class=\"wp-block-column is-layout-flow wp-block-column-is-layout-flow\"> <figure class=\"wp-block-image size-full\"><img decoding=\"async\" src=\"https:\/\/taizypackaging.com\/wp-content\/uploads\/2021\/08\/reciprocating-packing-machine-cutter.jpg\" alt=\"pistonlu paketleme makinesi kesici\" class=\"wp-image-3881\"\/><figcaption class=\"wp-element-caption\">pistonlu paketleme makinesi kesici<\/figcaption><\/figure> <\/div> <\/div>    <h2 class=\"wp-block-heading\" id=\"h-machine-parameters-of-reciprocating-servo-packing-machine\">Pistonlu servo paketleme makinesi parametreleri <\/h2>    <h3 class=\"wp-block-heading\" id=\"tz-450w-reciprocating-servo-packing-machine-parameters\">TZ-450W pistonlu servo paketleme makinesi parametreleri <\/h3>    <figure class=\"wp-block-table is-style-stripes\"><table><tbody><tr><td>Film geni\u015fli\u011fi<\/td><td>Maksimum450mm<\/td><\/tr><tr><td>\u00c7anta yap\u0131m\u0131 uzunlu\u011fu<\/td><td>120~450mm<\/td><\/tr><tr><td>\u00c7anta yapma geni\u015fli\u011fi<\/td><td>50~160 mm<\/td><\/tr><tr><td>\u00dcretim y\u00fcksekli\u011fi<\/td><td>10~100mm<\/td><\/tr><tr><td>Paketleme h\u0131z\u0131<\/td><td>20-80 torba\/dak<\/td><\/tr><tr><td>G\u00fc\u00e7<\/td><td>4.2KW\/220V\/50\/60HZ<\/td><\/tr><tr><td>Boyut<\/td><td>(U)4380mmx(G)870mmx(Y)1500mm<\/td><\/tr><tr><td>A\u011f\u0131rl\u0131k<\/td><td>800Kg<\/td><\/tr><\/tbody><\/table><\/figure>    <h3 class=\"wp-block-heading\" id=\"tz-600w-reciprocating-servo-packing-machine-parameters\">TZ-600W pistonlu servo paketleme makinesi parametreleri <\/h3>    <figure class=\"wp-block-table is-style-stripes\"><table><tbody><tr><td>Film geni\u015fli\u011fi<\/td><td>Maksimum 600mm<\/td><\/tr><tr><td>\u00c7anta yap\u0131m\u0131 uzunlu\u011fu<\/td><td>120~450mm<\/td><\/tr><tr><td>\u00c7anta yapma geni\u015fli\u011fi<\/td><td>50~200mm<\/td><\/tr><tr><td>\u00dcretim y\u00fcksekli\u011fi<\/td><td>10~100mm<\/td><\/tr><tr><td>Paketleme h\u0131z\u0131<\/td><td>20-80 torba\/dak<\/td><\/tr><tr><td>G\u00fc\u00e7<\/td><td>4.6KW\/220V\/50\/60HZ<\/td><\/tr><tr><td>Boyut<\/td><td>(U)4380mmx(G)970mmx(Y)1500mm<\/td><\/tr><tr><td>A\u011f\u0131rl\u0131k<\/td><td>900Kg<\/td><\/tr><\/tbody><\/table><\/figure>    <h2 class=\"wp-block-heading\" id=\"h-the-design-features-of-reciprocating-pillow-packaging-machine\">Pistonlu yast\u0131k paketleme makinesinin tasar\u0131m avantajlar\u0131<\/h2>    <ul class=\"wp-block-list\"> <li>Geleneksel d\u00f6ner s\u0131zd\u0131rmazl\u0131k sistemi ile kar\u015f\u0131la\u015ft\u0131r\u0131ld\u0131\u011f\u0131nda, pistonlu s\u0131zd\u0131rmazl\u0131k sistemi ayn\u0131 anda farkl\u0131 y\u00fckseklik ve uzunluktaki \u00fcr\u00fcnlerin paketlenmesini tamamlayabilir ve zariflik a\u00e7\u0131s\u0131ndan pistonlu s\u0131zd\u0131rmazl\u0131k sistemi ayn\u0131 zamanda geleneksel d\u00f6ner s\u0131zd\u0131rmazl\u0131k sisteminden daha y\u00fcksektir ve ayn\u0131 zamanda \u0131s\u0131y\u0131 da sa\u011flar. S\u0131zd\u0131rmazl\u0131k y\u00fczeyinin s\u0131zd\u0131rmazl\u0131k etkisi.<\/li>    <li>S\u0131radan bir makine ise, farkl\u0131 \u00fcr\u00fcnleri paketlemek i\u00e7in ta\u015f\u0131ma band\u0131 aras\u0131ndaki mesafeyi ayarlaman\u0131z gerekirken, tam servo motorlu pistonlu servo paketleme makinesi, manuel ayar yapmadan otomatik olarak alg\u0131layabilir ve de\u011ferlendirebilir.<\/li>    <li>\u00dcr\u00fcnle temas eden g\u0131da s\u0131n\u0131f\u0131 paslanmaz \u00e7elik temiz, hijyenik ve g\u00fczeldir.<\/li>    <li>Dokunmatik ekran, \u00c7ince ve \u0130ngilizce ekran, rahat ve h\u0131zl\u0131 parametre ayar\u0131.<\/li>    <li>Y\u00fcksek hassasiyetli fotoelektrik g\u00f6z rengi izleme, m\u00fch\u00fcr konumu dijital giri\u015fi kesme, daha do\u011fru.<\/li>    <li>PID otomatik s\u0131cakl\u0131k kontrol\u00fc, farkl\u0131 malzemelerin paketlenmesi i\u00e7in daha iyidir.<\/li>    <li>\u00dcr\u00fcn, paketlemenin sonuna ba\u015flamak i\u00e7in ekipman ta\u015f\u0131ma hatt\u0131na ge\u00e7ti\u011finde, t\u00fcm s\u00fcre\u00e7, bantl\u0131 konvey\u00f6r sisteminin her a\u015famas\u0131n\u0131n ekipman\u0131, g\u00fczelli\u011fi etkileyen \u00fcr\u00fcn y\u00fczeyindeki \u00e7izikleri \u00f6nlemek i\u00e7in \u00fcr\u00fcnle ileriye do\u011fru senkronize kalacakt\u0131r. \u00dcr\u00fcn ambalaj\u0131n\u0131n kalitesini sa\u011flamak i\u00e7in \u00fcr\u00fcn\u00fcn.<\/li> <\/ul>    <h2 class=\"wp-block-heading\" id=\"h-about-us\">Neden Taizy'yi se\u00e7melisiniz?<\/h2>    <p>10 y\u0131l\u0131 a\u015fk\u0131n s\u00fcredir paketleme makinesi end\u00fcstrisine odaklan\u0131yoruz. \u0130yi itibar\u0131m\u0131z, y\u00fcksek kaliteli \u00fcr\u00fcnlerimiz ve uygun fiyatlar\u0131m\u0131zla d\u00fcnyan\u0131n her yerinden m\u00fc\u015fteriler \u00e7ektik. Fabrikam\u0131z, \u00fcr\u00fcnlerin kalitesini s\u0131k\u0131 bir \u015fekilde kontrol etmek i\u00e7in \u00fcst d\u00fczey m\u00fchendisleri ve birinci s\u0131n\u0131f teknisyenleri bir araya getirdi. Sat\u0131\u015f y\u00f6neticimiz sizi video, foto\u011fraf, telefon gibi \u00e7e\u015fitli yollarla makineyi her y\u00f6n\u00fcyle tan\u0131tacak ve ihtiyac\u0131n\u0131za g\u00f6re en uygun makineyi \u00f6nerecektir. Bu yatay paketleme makinesiyle ilgileniyor musunuz? Bizi \u00f6nceden bilgilendirin; size m\u00fckemmel bir \u00f6zel paketleme \u00e7\u00f6z\u00fcm\u00fc sunaca\u011f\u0131z. <\/p>    <p class=\"translation-block\">\u015eirketimiz, mallar\u0131n\u0131z\u0131n en az gereksiz kay\u0131p ile g\u00f6nderilmesini sa\u011flamak i\u00e7in b\u00fcy\u00fck yerli ta\u015f\u0131ma \u015firketleriyle uzun vadeli i\u015fbirli\u011fi s\u00fcrd\u00fcr\u00fcr. Ayn\u0131 zamanda, mal\u0131 ald\u0131ktan sonra sat\u0131\u015f sonras\u0131 ekibimiz her zaman sorular\u0131n\u0131za yan\u0131t vermeye ve makinenin bak\u0131m\u0131 ve bak\u0131m\u0131 hakk\u0131nda tavsiye sunmaya haz\u0131rd\u0131r. M\u00fc\u015fterilerimizi memnun etmek, ba\u015far\u0131 aramak ve birlikte ilerlemek Taizy'in her zaman hedefidir.<\/p>    <figure class=\"wp-block-image size-full\"><img decoding=\"async\" src=\"https:\/\/taizypackaging.com\/wp-content\/uploads\/2021\/08\/\u753b\u677f-9.jpg\" alt=\"pistonlu yast\u0131k paketleme makinesi fabrikas\u0131\" class=\"wp-image-2543\"\/><figcaption class=\"wp-element-caption\">pistonlu yast\u0131k paketleme makinesi fabrikas\u0131<\/figcaption><\/figure>","protected":false},"excerpt":{"rendered":"<p>Reciprocating servo packing machine is a kind of horizontal flow wrap machine. It has a new design, a simple structure, and uses advanced technology. Besides, a reciprocating pillow packaging machine has a very wide range of applications. For example, it can be applied for packing various foods, vegetables, fruits, daily necessities, etc. Taizy Packaging Machinery [&hellip;]<\/p>\n","protected":false},"author":1,"featured_media":2546,"parent":0,"template":"","tags":[559,598,599],"product-type":[664],"class_list":["post-2528","product","type-product","status-publish","has-post-thumbnail","hentry","tag-pillow-packing-machine","tag-reciprocating-flow-pack-machine","tag-reciprocating-servo-packing-machine","product-type-horizontal-flow-wrapping-machines"],"_links":{"self":[{"href":"https:\/\/taizypackaging.com\/tr\/wp-json\/wp\/v2\/product\/2528","targetHints":{"allow":["GET"]}}],"collection":[{"href":"https:\/\/taizypackaging.com\/tr\/wp-json\/wp\/v2\/product"}],"about":[{"href":"https:\/\/taizypackaging.com\/tr\/wp-json\/wp\/v2\/types\/product"}],"author":[{"embeddable":true,"href":"https:\/\/taizypackaging.com\/tr\/wp-json\/wp\/v2\/users\/1"}],"wp:featuredmedia":[{"embeddable":true,"href":"https:\/\/taizypackaging.com\/tr\/wp-json\/wp\/v2\/media\/2546"}],"wp:attachment":[{"href":"https:\/\/taizypackaging.com\/tr\/wp-json\/wp\/v2\/media?parent=2528"}],"wp:term":[{"taxonomy":"post_tag","embeddable":true,"href":"https:\/\/taizypackaging.com\/tr\/wp-json\/wp\/v2\/tags?post=2528"},{"taxonomy":"product-type","embeddable":true,"href":"https:\/\/taizypackaging.com\/tr\/wp-json\/wp\/v2\/product-type?post=2528"}],"curies":[{"name":"wp","href":"https:\/\/api.w.org\/{rel}","templated":true}]}}