{"id":2616,"date":"2021-08-10T09:58:13","date_gmt":"2021-08-10T09:58:13","guid":{"rendered":"https:\/\/taizypackaging.com\/?p=2616"},"modified":"2022-12-14T01:50:53","modified_gmt":"2022-12-14T01:50:53","slug":"granule-filling-machine-2","status":"publish","type":"product","link":"https:\/\/taizypackaging.com\/tr\/granule-filling-machine\/","title":{"rendered":"Gran\u00fcl Dolum Makinas\u0131"},"content":{"rendered":"<div class=\"kk-star-ratings kksr-auto kksr-align-left kksr-valign-top\"     data-payload='{&quot;align&quot;:&quot;left&quot;,&quot;id&quot;:&quot;2616&quot;,&quot;slug&quot;:&quot;default&quot;,&quot;valign&quot;:&quot;top&quot;,&quot;ignore&quot;:&quot;&quot;,&quot;reference&quot;:&quot;auto&quot;,&quot;class&quot;:&quot;&quot;,&quot;count&quot;:&quot;8&quot;,&quot;legendonly&quot;:&quot;&quot;,&quot;readonly&quot;:&quot;&quot;,&quot;score&quot;:&quot;4.7&quot;,&quot;starsonly&quot;:&quot;&quot;,&quot;best&quot;:&quot;5&quot;,&quot;gap&quot;:&quot;5&quot;,&quot;greet&quot;:&quot;Rate this product&quot;,&quot;legend&quot;:&quot;4.7\\\/5 - (8 votes)&quot;,&quot;size&quot;:&quot;24&quot;,&quot;title&quot;:&quot;Granule Filling Machine&quot;,&quot;width&quot;:&quot;133.8&quot;,&quot;_legend&quot;:&quot;{score}\\\/{best} - ({count} {votes})&quot;,&quot;font_factor&quot;:&quot;1.25&quot;}'>              <div class=\"kksr-stars\">      <div class=\"kksr-stars-inactive\">             <div class=\"kksr-star\" data-star=\"1\" style=\"padding-right: 5px\">               <div class=\"kksr-icon\" style=\"width: 24px; height: 24px;\"><\/div>         <\/div>             <div class=\"kksr-star\" data-star=\"2\" style=\"padding-right: 5px\">               <div class=\"kksr-icon\" style=\"width: 24px; height: 24px;\"><\/div>         <\/div>             <div class=\"kksr-star\" data-star=\"3\" style=\"padding-right: 5px\">               <div class=\"kksr-icon\" style=\"width: 24px; height: 24px;\"><\/div>         <\/div>             <div class=\"kksr-star\" data-star=\"4\" style=\"padding-right: 5px\">               <div class=\"kksr-icon\" style=\"width: 24px; height: 24px;\"><\/div>         <\/div>             <div class=\"kksr-star\" data-star=\"5\" style=\"padding-right: 5px\">               <div class=\"kksr-icon\" style=\"width: 24px; height: 24px;\"><\/div>         <\/div>     <\/div>      <div class=\"kksr-stars-active\" style=\"width: 133.8px;\">             <div class=\"kksr-star\" style=\"padding-right: 5px\">               <div class=\"kksr-icon\" style=\"width: 24px; height: 24px;\"><\/div>         <\/div>             <div class=\"kksr-star\" style=\"padding-right: 5px\">               <div class=\"kksr-icon\" style=\"width: 24px; height: 24px;\"><\/div>         <\/div>             <div class=\"kksr-star\" style=\"padding-right: 5px\">               <div class=\"kksr-icon\" style=\"width: 24px; height: 24px;\"><\/div>         <\/div>             <div class=\"kksr-star\" style=\"padding-right: 5px\">               <div class=\"kksr-icon\" style=\"width: 24px; height: 24px;\"><\/div>         <\/div>             <div class=\"kksr-star\" style=\"padding-right: 5px\">               <div class=\"kksr-icon\" style=\"width: 24px; height: 24px;\"><\/div>         <\/div>     <\/div> <\/div>                   <div class=\"kksr-legend\" style=\"font-size: 19.2px;\">             4.7\/5 - (8 oy)    <\/div>     <\/div>  <p class=\"translation-block\"><strong>Gran\u00fcl doldurma makinesi<\/strong> burada b\u00fcy\u00fck \u00fcretim talebi i\u00e7in tasarlanm\u0131\u015ft\u0131r. Genellikle 5kg ile 50kg aras\u0131ndaki \u00fcr\u00fcnler ve tah\u0131l, kuruyemi\u015f, k\u00f6pek mamas\u0131, bal\u0131k yemi, pirin\u00e7, m\u0131s\u0131r, kimyasal g\u00fcbre gibi \u00fcr\u00fcnlerin paketlenmesi i\u00e7in kullan\u0131l\u0131r. <strong>Sat\u0131l\u0131k gran\u00fcl doldurma makinesi<\/strong> burada miktar olarak tart\u0131m ve doldurma i\u015flemini tamamen otomatik olarak bitirebilir. Paslanmaz \u00e7elik g\u00f6vde yap\u0131s\u0131 ve geli\u015fmi\u015f teknolojisi ile bu otomatik gran\u00fcl doldurma makinesi y\u00fcksek performansa sahiptir. \u00c7in\u2019in \u00f6nde gelen dolum makineleri \u00fcreticilerinden biri olarak \u00e7e\u015fitli standart ve \u00f6zel <strong>gran\u00fcl doldurma kapatma makinesi<\/strong> ihtiya\u00e7lar\u0131n\u0131za uygun \u00e7\u00f6z\u00fcmler sunuyoruz. Bug\u00fcn \u00fccretsiz fiyat listesi i\u00e7in bizimle ileti\u015fime ge\u00e7in. <\/p>    <h2 class=\"wp-block-heading\" id=\"h-the-brief-introduction-of-granule-packaging-machine-for-5-50kg\">Sat\u0131l\u0131k gran\u00fcl dolum makinesinin tan\u0131t\u0131m\u0131 <\/h2>    <p>Bu gran\u00fcl dolum makinas\u0131 5kg ~ 50kg'l\u0131k \u00fcr\u00fcnler i\u00e7in tasarlanm\u0131\u015ft\u0131r. Ve esas olarak m\u0131s\u0131r, bu\u011fday, pirin\u00e7 vb. gibi tah\u0131llarda kullan\u0131l\u0131r; organik g\u00fcbreler, bile\u015fik g\u00fcbreler ve di\u011fer kar\u0131\u015f\u0131k g\u00fcbreler gibi g\u00fcbreler; polietilen, PVC, PE, PP gibi kimyasallar ve di\u011fer gran\u00fcler malzemelerin ambalajlanmas\u0131.<br>Torbalar genellikle iki t\u00fcre ayr\u0131l\u0131r: plastik torbalar veya dokuma torbalar, makine iki t\u00fcr torbaya paketlenebilir, ancak s\u0131zd\u0131rmazl\u0131k y\u00f6ntemi farkl\u0131d\u0131r. Plastik torbalar \u0131s\u0131yla yap\u0131\u015ft\u0131rma makinesi kullan\u0131larak paketlenirken, dokuma torbalar diki\u015f makinesi kullan\u0131larak paketlenir.<\/p>    <figure class=\"wp-block-image size-full\"><img decoding=\"async\" src=\"https:\/\/taizypackaging.com\/wp-content\/uploads\/2021\/08\/\u753b\u677f-3_\u770b\u56fe\u738b.jpg\" alt=\"\" class=\"wp-image-2618\"\/><figcaption class=\"wp-element-caption\">5-50kg gran\u00fcl paketleme makinesi ekran\u0131<\/figcaption><\/figure>    <h2 class=\"wp-block-heading\" id=\"h-the-working-process-of-5-50kg-granule-packing-machine\">5-50kg gran\u00fcl paketleme makinas\u0131n\u0131n \u00e7al\u0131\u015fma videosu<\/h2>   <figure class=\"wp-block-embed-youtube wp-block-embed is-type-video is-provider-youtube wp-embed-aspect-16-9 wp-has-aspect-ratio\"><div class=\"lyte-wrapper fourthree\" title=\"Fasulye, Pirin\u00e7, Tohumlar, K\u00f6pek\/Kedi Mamas\u0131 5KG~50KG i\u00e7in Otomatik Tart\u0131m, Dolum ve Kapatma Makinesi\" style=\"width:960px;max-width:100%;margin:5px auto;\"><div class=\"lyMe hidef\" id=\"WYL__E3hqS6pwhY\" itemprop=\"video\" itemscope itemtype=\"https:\/\/schema.org\/VideoObject\"><div><meta itemprop=\"thumbnailUrl\" content=\"https:\/\/taizypackaging.com\/wp-content\/plugins\/wp-youtube-lyte\/lyteCache.php?origThumbUrl=https%3A%2F%2Fi.ytimg.com%2Fvi%2F_E3hqS6pwhY%2Fmaxresdefault.jpg\" \/><meta itemprop=\"embedURL\" content=\"https:\/\/www.youtube.com\/embed\/_E3hqS6pwhY\" \/><meta itemprop=\"duration\" content=\"PT2M39S\" \/><meta itemprop=\"uploadDate\" content=\"2022-02-08T03:51:35Z\" \/><\/div><div id=\"lyte__E3hqS6pwhY\" data-src=\"https:\/\/taizypackaging.com\/wp-content\/plugins\/wp-youtube-lyte\/lyteCache.php?origThumbUrl=https%3A%2F%2Fi.ytimg.com%2Fvi%2F_E3hqS6pwhY%2Fmaxresdefault.jpg\" class=\"pL\"><div class=\"tC\"><div class=\"tT\" itemprop=\"name\">Fasulye, Pirin\u00e7, Tohumlar, K\u00f6pek\/Kedi Mamas\u0131 5KG~50KG i\u00e7in Otomatik Tart\u0131m, Dolum ve Kapatma Makinesi<\/div><\/div><div class=\"play\"><\/div><div class=\"ctrl\"><div class=\"Lctrl\"><\/div><div class=\"Rctrl\"><\/div><\/div><\/div><noscript><a href=\"https:\/\/youtu.be\/_E3hqS6pwhY\" rel=\"nofollow noopener\" target=\"_blank\"><img loading=\"lazy\" decoding=\"async\" src=\"https:\/\/taizypackaging.com\/wp-content\/plugins\/wp-youtube-lyte\/lyteCache.php?origThumbUrl=https%3A%2F%2Fi.ytimg.com%2Fvi%2F_E3hqS6pwhY%2F0.jpg\" alt=\"Fasulye, Pirin\u00e7, Tohumlar, K\u00f6pek\/Kedi Mamas\u0131 5KG~50KG i\u00e7in Otomatik Tart\u0131m, Dolum ve Kapatma Makinesi\" width=\"960\" height=\"700\" \/><br \/>Bu videoyu YouTube'da izleyin<\/a><\/noscript><meta itemprop=\"description\" content=\"#bagfillingmachine #fillingmachine #weighingsealingmachine EMAIL: info@taizypackaging.com TEL\/WHATSAPP: +86 18837171591 USEFUL LINK: https:\/\/taizypackaging.com\/granule-packaging-machine-for-5-50kg\/ Automatic weighing and filling machine is designed for big bags, such as10kg, 15kg, 20kg, 30kg, 40kg, and a maximum of 50kg. This machine is suitable for packaging various particles like nuts, seeds, beans, rice, dried chilies, walnut, grains, chemical fertilizer, cat food, dog food, etc. Besides, it is ideal for both bags, bottles, cans. Features of this granule filling sealing machine 1. This machine adopts an intelligent control system, touchable display, and supports multiple national languages. It automatically calculates to ensure that the quality of each blanking is consistent. 2. Automatic belt-clamping design and conveyor belt save labor and effectively improve production efficiency. 3. Materials touched by the use of 304 stainless steel, durable, strong, clean, and hygienic. 4. Sealing machine and sewing machine with good quality, firm sealing, stable, and no air leakage. These videos may also be useful to you: Small vertical granule packing machine: https:\/\/www.youtube.com\/watch?v=RdSqEhdiWzU&amp;t=31s Super-efficient multihead weigher packing machine: https:\/\/www.youtube.com\/watch?v=mfQQ28r7qzY Semi automatic powder filling machine: https:\/\/www.youtube.com\/watch?v=F5tlcnSb8q4 EMAIL: info@taizypackaging.com TEL\/WHATSAPP: +86 18837171591 USEFUL LINK: https:\/\/taizypackaging.com\/granule-packaging-machine-for-5-50kg\/\"><\/div><\/div><div class=\"lL\" style=\"max-width:100%;width:960px;margin:5px auto;\"><\/div><figcaption><\/figcaption><\/figure>   <h2 class=\"wp-block-heading\" id=\"granule-filling-packing-machine-applications\">Gran\u00fcl dolum paketleme makinesi uygulamalar\u0131<\/h2>    <p class=\"translation-block\">Bu gran\u00fcl dolum kapatma makinesi g\u0131da end\u00fcstrisinde, at\u0131\u015ft\u0131rmal\u0131k end\u00fcstrisinde ve kimya end\u00fcstrisinde yayg\u0131n olarak kullan\u0131l\u0131r. B\u00fcy\u00fck \u00fcretim talebine g\u00f6re \u00fcretilmi\u015ftir. \u00c7e\u015fitli kuruyemi\u015fler, hububatlar, pirin\u00e7, m\u0131s\u0131r, bu\u011fday, baklagiller, tohumlar, hayvan yiyecekleri, k\u0131rm\u0131z\u0131 hurma, kurutulmu\u015f k\u0131rm\u0131z\u0131 biber, ceviz, kimyasal g\u00fcbre vb. i\u00e7in paketleme i\u00e7in idealdir. Ayr\u0131ca kaliteli otomatik gran\u00fcl po\u015fet paketleme makineleri de sunuyoruz. B\u00fcy\u00fck \u00fcretim ihtiyac\u0131n\u0131z varsa sizin i\u00e7in <a href=\"https:\/\/taizypackaging.com\/tr\/lapel-combination-packaging-machine\/\">\u00e7ok kafal\u0131 kantar paketleme makinesi<\/a> mevcuttur. <\/p>    <figure class=\"wp-block-image size-full\"><img decoding=\"async\" src=\"https:\/\/taizypackaging.com\/wp-content\/uploads\/2021\/08\/\u753b\u677f-2_\u770b\u56fe\u738b-1.jpg\" alt=\"gran\u00fcl dolum makinas\u0131 uygulamalar\u0131\" class=\"wp-image-2619\"\/><figcaption class=\"wp-element-caption\">gran\u00fcl dolum makinas\u0131 uygulamalar\u0131<\/figcaption><\/figure>    <h2 class=\"wp-block-heading\" id=\"h-the-structure-of-granule-packing-machine-for-5-50kg\">5-50kg gran\u00fcl dolum makinas\u0131n\u0131n yap\u0131 \u00f6zellikleri<\/h2>    <p>5kg ~ 50kg'l\u0131k gran\u00fcl dolum makinesi makul bir tasar\u0131ma ve basit bir yap\u0131ya sahiptir. Dolum sistemi ve diki\u015f sistemi olmak \u00fczere iki par\u00e7adan olu\u015fmaktad\u0131r. Bu otomatik gran\u00fcl dolum makinesi esas olarak kantitatif bir ajans, pn\u00f6matik mekanizma, diki\u015f makinesi kontrol kutusu, kontrol kutusu, paket makinesi, terazi g\u00f6vdesi ve ta\u015f\u0131ma band\u0131ndan olu\u015fur. Geli\u015fmi\u015f bir PLC kontrol sistemi kullanarak parametreleri geni\u015f bir dokunmatik ekran arac\u0131l\u0131\u011f\u0131yla ayarlayabiliriz, kullan\u0131m\u0131 ve bak\u0131m\u0131 kolayd\u0131r. <\/p>    <figure class=\"wp-block-image size-full\"><img decoding=\"async\" src=\"https:\/\/taizypackaging.com\/wp-content\/uploads\/2021\/08\/\u753b\u677f-5_\u770b\u56fe\u738b.jpg\" alt=\"gran\u00fcl dolum makinas\u0131 yap\u0131s\u0131\" class=\"wp-image-2620\"\/><figcaption class=\"wp-element-caption\">gran\u00fcl dolum makinas\u0131 yap\u0131s\u0131<\/figcaption><\/figure>    <h2 class=\"wp-block-heading\" id=\"h-the-design-features-of-packing-machine-for-large-granule\">Otomatik gran\u00fcl dolum kapatma makinesinin tasar\u0131m \u00f6zellikleri <\/h2>    <ul class=\"wp-block-list\"> <li>Bu makine ak\u0131ll\u0131 bir kontrol sistemi, dokunmatik ekran benimser ve birden fazla uluslararas\u0131 dili destekler. Her kesme i\u015fleminin kalitesinin tutarl\u0131 olmas\u0131n\u0131 sa\u011flamak i\u00e7in otomatik olarak hesaplama yapar.<\/li>    <li>Otomatik bant s\u0131k\u0131\u015ft\u0131rma tasar\u0131m\u0131 ve ta\u015f\u0131ma band\u0131 i\u015f\u00e7ilikten tasarruf sa\u011flar ve \u00fcretim verimlili\u011fini etkili bir \u015fekilde art\u0131r\u0131r.<\/li>    <li>304 paslanmaz \u00e7elik kullan\u0131larak dokunulan malzemeler dayan\u0131kl\u0131, sa\u011flam, temiz ve hijyeniktir.<\/li>    <li>Kaliteli, s\u0131k\u0131 s\u0131zd\u0131rmazl\u0131k, sa\u011flam ve hava s\u0131z\u0131nt\u0131s\u0131 olmayan kapatma makinesi ve diki\u015f makinesi.<\/li> <\/ul>    <h2 class=\"wp-block-heading\" id=\"h-faq\">Taizy gran\u00fcl dolum makinesi hakk\u0131nda SSS <\/h2>   <div id=\"rank-math-faq\" class=\"rank-math-block\"> <div class=\"rank-math-list\"> <div id=\"faq-question-1670982372820\" class=\"rank-math-list-item\"> <h3 class=\"rank-math-question\">1. 50 kg'dan a\u011f\u0131r gran\u00fclleri paketlemek istersem bu makineyi kullanabilir miyim?<\/h3> <div class=\"rank-math-answer\">  <p>Bu makine 5 kg'dan 50 kg'a kadar gran\u00fcl \u00fcr\u00fcnleri paketlemek i\u00e7in tasarlanm\u0131\u015ft\u0131r, buna ihtiyac\u0131n\u0131z varsa fabrikam\u0131zda b\u00fcy\u00fck \u00fcretim gereksinimleri i\u00e7in otomatik dolum paketleme makinesi bulunmaktad\u0131r, daha detayl\u0131 bilgi i\u00e7in bizimle ileti\u015fime ge\u00e7ebilirsiniz. K\u00fc\u00e7\u00fck \u00fcretim ihtiya\u00e7lar\u0131na uygun makinelerimiz de mevcuttur.<\/p>  <\/div> <\/div> <div id=\"faq-question-1670982376808\" class=\"rank-math-list-item\"> <h3 class=\"rank-math-question\">2. Kapatma makinesi makineyle birlikte sat\u0131l\u0131yor mu?<\/h3> <div class=\"rank-math-answer\">  <p>Evet, torban\u0131n cinsine g\u00f6re kapatma makinesi veya diki\u015f makinesi ile donat\u0131lm\u0131\u015ft\u0131r. Elbette daha \u00f6nce bir kapatma makinesi sat\u0131n ald\u0131ysan\u0131z, bir tane de sat\u0131n alabilirsiniz.<\/p>  <\/div> <\/div> <div id=\"faq-question-1670982388050\" class=\"rank-math-list-item\"> <h3 class=\"rank-math-question\">3. Dolum makinas\u0131n\u0131n do\u011frulu\u011fu nas\u0131ld\u0131r?<\/h3> <div class=\"rank-math-answer\">  <p>Makine makul \u015fekilde tasarlanm\u0131\u015ft\u0131r, en geli\u015fmi\u015f PLC kontrol sistemini benimser ve \u00b10,2 do\u011frulu\u011fa sahiptir.<\/p>  <\/div> <\/div> <\/div> <\/div>   <h2 class=\"wp-block-heading\" id=\"h-packing-and-shipping\">Gran\u00fcl dolum makineleri sevkiyata haz\u0131r<\/h2>    <p class=\"translation-block\">Taizy Company firmas\u0131n\u0131n makineleri d\u00fcnya geneline sat\u0131ld\u0131\u011f\u0131 i\u00e7in, \u00e7o\u011fu deniz yoluyla sevk edilmektedir. Teslimattan \u00f6nce makinenin kalitesini dikkatlice kontrol edece\u011fiz, parametreleri \u00f6nceden ayarlayaca\u011f\u0131z ve m\u00fc\u015fterilerin referans\u0131 i\u00e7in makinenin kullan\u0131mda oldu\u011fu bir video \u00e7ekece\u011fiz. Nakliye s\u00fcrecindeki hava durumu ve kontrol edilemeyen di\u011fer fakt\u00f6rler g\u00f6z \u00f6n\u00fcne al\u0131nd\u0131\u011f\u0131nda, makinenin nakliye s\u00fcrecinde nemlenmesini \u00f6nlemek i\u00e7in makinenin g\u00f6vdesinin uzunlu\u011fu boyunca bir kat film saraca\u011f\u0131z ve ayr\u0131ca makinenin nakliye s\u00fcrecinde zarar g\u00f6rmemesini sa\u011flamak i\u00e7in makine i\u00e7in birden fazla koruma sa\u011flayan ah\u015fap kutuyu profesyonelce \u00f6zelle\u015ftirece\u011fiz.<\/p>    <figure class=\"wp-block-image size-full\"><img decoding=\"async\" src=\"https:\/\/taizypackaging.com\/wp-content\/uploads\/2021\/08\/\u753b\u677f-9_\u770b\u56fe\u738b.jpg\" alt=\"gran\u00fcl dolum makinas\u0131 yurtd\u0131\u015f\u0131na g\u00f6nderim\" class=\"wp-image-2621\"\/><figcaption class=\"wp-element-caption\">gran\u00fcl dolum makinas\u0131 yurtd\u0131\u015f\u0131na g\u00f6nderim<\/figcaption><\/figure>","protected":false},"excerpt":{"rendered":"<p>Granule filling machine here is designed for large production demand. It is commonly for items from 5kg to 50kg and used for packaging grains, nuts, dog food, fish food, rice, corn, chemical fertilizer, etc. Granule filling machine for sale here can fully automatically finish the process of quantitative weighing and filling. With stainless steel material [&hellip;]<\/p>\n","protected":false},"author":1,"featured_media":2626,"parent":0,"template":"","tags":[600,198],"product-type":[659],"class_list":["post-2616","product","type-product","status-publish","has-post-thumbnail","hentry","tag-granule-filling-machine","tag-granule-packing-machine","product-type-granule-packing-machines"],"_links":{"self":[{"href":"https:\/\/taizypackaging.com\/tr\/wp-json\/wp\/v2\/product\/2616","targetHints":{"allow":["GET"]}}],"collection":[{"href":"https:\/\/taizypackaging.com\/tr\/wp-json\/wp\/v2\/product"}],"about":[{"href":"https:\/\/taizypackaging.com\/tr\/wp-json\/wp\/v2\/types\/product"}],"author":[{"embeddable":true,"href":"https:\/\/taizypackaging.com\/tr\/wp-json\/wp\/v2\/users\/1"}],"wp:featuredmedia":[{"embeddable":true,"href":"https:\/\/taizypackaging.com\/tr\/wp-json\/wp\/v2\/media\/2626"}],"wp:attachment":[{"href":"https:\/\/taizypackaging.com\/tr\/wp-json\/wp\/v2\/media?parent=2616"}],"wp:term":[{"taxonomy":"post_tag","embeddable":true,"href":"https:\/\/taizypackaging.com\/tr\/wp-json\/wp\/v2\/tags?post=2616"},{"taxonomy":"product-type","embeddable":true,"href":"https:\/\/taizypackaging.com\/tr\/wp-json\/wp\/v2\/product-type?post=2616"}],"curies":[{"name":"wp","href":"https:\/\/api.w.org\/{rel}","templated":true}]}}