{"id":2662,"date":"2021-08-14T07:36:45","date_gmt":"2021-08-14T07:36:45","guid":{"rendered":"https:\/\/taizypackaging.com\/?p=2662"},"modified":"2024-07-17T17:49:48","modified_gmt":"2024-07-17T09:49:48","slug":"double-chamber-vacuum-packing-machine-2","status":"publish","type":"product","link":"https:\/\/taizypackaging.com\/tr\/double-chamber-vacuum-packing-machine\/","title":{"rendered":"\u00c7ift Odac\u0131kl\u0131 Vakum Paketleme Makinas\u0131"},"content":{"rendered":"<div class=\"kk-star-ratings kksr-auto kksr-align-left kksr-valign-top\"     data-payload='{&quot;align&quot;:&quot;left&quot;,&quot;id&quot;:&quot;2662&quot;,&quot;slug&quot;:&quot;default&quot;,&quot;valign&quot;:&quot;top&quot;,&quot;ignore&quot;:&quot;&quot;,&quot;reference&quot;:&quot;auto&quot;,&quot;class&quot;:&quot;&quot;,&quot;count&quot;:&quot;20&quot;,&quot;legendonly&quot;:&quot;&quot;,&quot;readonly&quot;:&quot;&quot;,&quot;score&quot;:&quot;4.7&quot;,&quot;starsonly&quot;:&quot;&quot;,&quot;best&quot;:&quot;5&quot;,&quot;gap&quot;:&quot;5&quot;,&quot;greet&quot;:&quot;Rate this product&quot;,&quot;legend&quot;:&quot;4.7\\\/5 - (20 votes)&quot;,&quot;size&quot;:&quot;24&quot;,&quot;title&quot;:&quot;Double Chamber Vacuum Packing Machine&quot;,&quot;width&quot;:&quot;133.8&quot;,&quot;_legend&quot;:&quot;{score}\\\/{best} - ({count} {votes})&quot;,&quot;font_factor&quot;:&quot;1.25&quot;}'>              <div class=\"kksr-stars\">      <div class=\"kksr-stars-inactive\">             <div class=\"kksr-star\" data-star=\"1\" style=\"padding-right: 5px\">               <div class=\"kksr-icon\" style=\"width: 24px; height: 24px;\"><\/div>         <\/div>             <div class=\"kksr-star\" data-star=\"2\" style=\"padding-right: 5px\">               <div class=\"kksr-icon\" style=\"width: 24px; height: 24px;\"><\/div>         <\/div>             <div class=\"kksr-star\" data-star=\"3\" style=\"padding-right: 5px\">               <div class=\"kksr-icon\" style=\"width: 24px; height: 24px;\"><\/div>         <\/div>             <div class=\"kksr-star\" data-star=\"4\" style=\"padding-right: 5px\">               <div class=\"kksr-icon\" style=\"width: 24px; height: 24px;\"><\/div>         <\/div>             <div class=\"kksr-star\" data-star=\"5\" style=\"padding-right: 5px\">               <div class=\"kksr-icon\" style=\"width: 24px; height: 24px;\"><\/div>         <\/div>     <\/div>      <div class=\"kksr-stars-active\" style=\"width: 133.8px;\">             <div class=\"kksr-star\" style=\"padding-right: 5px\">               <div class=\"kksr-icon\" style=\"width: 24px; height: 24px;\"><\/div>         <\/div>             <div class=\"kksr-star\" style=\"padding-right: 5px\">               <div class=\"kksr-icon\" style=\"width: 24px; height: 24px;\"><\/div>         <\/div>             <div class=\"kksr-star\" style=\"padding-right: 5px\">               <div class=\"kksr-icon\" style=\"width: 24px; height: 24px;\"><\/div>         <\/div>             <div class=\"kksr-star\" style=\"padding-right: 5px\">               <div class=\"kksr-icon\" style=\"width: 24px; height: 24px;\"><\/div>         <\/div>             <div class=\"kksr-star\" style=\"padding-right: 5px\">               <div class=\"kksr-icon\" style=\"width: 24px; height: 24px;\"><\/div>         <\/div>     <\/div> <\/div>                   <div class=\"kksr-legend\" style=\"font-size: 19.2px;\">             4.7\/5 - (20 oy)    <\/div>     <\/div>  <p class=\"translation-block\"><strong>\u00c7ift odal\u0131 vakum paketleme makinesi<\/strong>, pop\u00fcler bir odal\u0131 vakum m\u00fch\u00fcrleme makinesi t\u00fcr\u00fcd\u00fcr. Y\u00fcksek verimlilik ve iyi performans \u00f6zelliklerine sahiptir. Bir <strong>\u00e7ift odal\u0131 vakum paketleme makinesi<\/strong>, k\u00fc\u00e7\u00fck ve orta \u00f6l\u00e7ekli \u00fcretim talebi i\u00e7in tasarlanm\u0131\u015f ve \u00fcretilmi\u015ftir. Tek odal\u0131 vakum paketleme makinesi ile kar\u015f\u0131la\u015ft\u0131r\u0131ld\u0131\u011f\u0131nda, \u00e7ift odal\u0131 vakum paketleme makinesinin iki \u00e7al\u0131\u015fma alan\u0131 ve esnek bir kapak tasar\u0131m\u0131 vard\u0131r. Bu nedenle, tek odal\u0131 vakum m\u00fch\u00fcrleyicinin iki kat\u0131 vakum m\u00fch\u00fcrleme h\u0131z\u0131na sahiptir, bu da verimlidir ve y\u00fcksek maliyet performans\u0131na sahiptir. G\u00fcvenilir bir <strong>\u00e7ift odal\u0131 vakum m\u00fch\u00fcrleme makinesi<\/strong> mi ar\u0131yorsunuz? Bug\u00fcn bizimle ileti\u015fime ge\u00e7in, \u00fccretsiz fiyat listesi al\u0131n. <\/p>    <h2 class=\"wp-block-heading\" id=\"h-the-workflow-of-double-chamber-vacuum-packer\">\u00c7ift odac\u0131kl\u0131 vakumlama makinesi \u00e7al\u0131\u015fma videosu<\/h2>   <figure class=\"wp-block-embed-youtube wp-block-embed is-type-video is-provider-youtube wp-embed-aspect-16-9 wp-has-aspect-ratio\"><div class=\"lyte-wrapper fourthree\" title=\"Et, Meyve, Sebze, Deniz \u00dcr\u00fcnleri vb. \u0130\u00e7in \u00c7ift Odac\u0131kl\u0131 Vakum Paketleme Makinesi S\u00fcper Verimlilik.\" style=\"width:960px;max-width:100%;margin:5px auto;\"><div class=\"lyMe hidef\" id=\"WYL_aPYp44oAyio\" itemprop=\"video\" itemscope itemtype=\"https:\/\/schema.org\/VideoObject\"><div><meta itemprop=\"thumbnailUrl\" content=\"https:\/\/taizypackaging.com\/wp-content\/plugins\/wp-youtube-lyte\/lyteCache.php?origThumbUrl=https%3A%2F%2Fi.ytimg.com%2Fvi%2FaPYp44oAyio%2Fmaxresdefault.jpg\" \/><meta itemprop=\"embedURL\" content=\"https:\/\/www.youtube.com\/embed\/aPYp44oAyio\" \/><meta itemprop=\"duration\" content=\"PT1M\" \/><meta itemprop=\"uploadDate\" content=\"2021-08-13T01:02:39Z\" \/><\/div><div id=\"lyte_aPYp44oAyio\" data-src=\"https:\/\/taizypackaging.com\/wp-content\/plugins\/wp-youtube-lyte\/lyteCache.php?origThumbUrl=https%3A%2F%2Fi.ytimg.com%2Fvi%2FaPYp44oAyio%2Fmaxresdefault.jpg\" class=\"pL\"><div class=\"tC\"><div class=\"tT\" itemprop=\"name\">Et, Meyve, Sebze, Deniz \u00dcr\u00fcnleri vb. \u0130\u00e7in \u00c7ift Odac\u0131kl\u0131 Vakum Paketleme Makinesi S\u00fcper Verimlilik.<\/div><\/div><div class=\"play\"><\/div><div class=\"ctrl\"><div class=\"Lctrl\"><\/div><div class=\"Rctrl\"><\/div><\/div><\/div><noscript><a href=\"https:\/\/youtu.be\/aPYp44oAyio\" rel=\"nofollow noopener\" target=\"_blank\"><img loading=\"lazy\" decoding=\"async\" src=\"https:\/\/taizypackaging.com\/wp-content\/plugins\/wp-youtube-lyte\/lyteCache.php?origThumbUrl=https%3A%2F%2Fi.ytimg.com%2Fvi%2FaPYp44oAyio%2F0.jpg\" alt=\"Et, Meyve, Sebze, Deniz \u00dcr\u00fcnleri vb. \u0130\u00e7in \u00c7ift Odac\u0131kl\u0131 Vakum Paketleme Makinesi S\u00fcper Verimlilik.\" width=\"960\" height=\"700\" \/><br \/>Bu videoyu YouTube'da izleyin<\/a><\/noscript><meta itemprop=\"description\" content=\"#vacuumpackaging #vacuumsealer #vacuumpacker Email: info@taizypackaging.com WhatsApp\/Wechat\/Tel:+86 18837171591 Useful link: https:\/\/taizypackaging.com\/double-chamber-vacuum-packing-machine\/ ---------------------------------------------------- The\u00a0double chamber vacuum packing machine\u00a0has two vacuum chambers. It uses a vacuum cover to work alternately on the two vacuum chambers to achieve the purpose of improving work efficiency. When one vacuum chamber is evacuating, the other vacuum chamber can place packaging items; therefore, the labor-saving device that is specially designed for the swing of the vacuum cover greatly reduces the labor intensity of the operator. Compared with a single chamber vacuum packing machine, a double chamber vacuum packing machine has higher efficiency. It is a kind of commercial vacuum packing machine. It is suitable for various meats, vegetables, fruits, seafood, etc. ---------------------------------------------------- You may also like these videos: https:\/\/www.youtube.com\/watch?v=ogHoh9d3IKc ---------------------------------------------------- Email: info@taizypackaging.com WhatsApp\/Wechat\/Tel:+86 18837171591 Useful link: https:\/\/taizypackaging.com\/double-chamber-vacuum-packing-machine\/\"><\/div><\/div><div class=\"lL\" style=\"max-width:100%;width:960px;margin:5px auto;\"><\/div><figcaption><\/figcaption><\/figure>   <h2 class=\"wp-block-heading\" id=\"h-the-brief-introduction-of-double-chamber-vacuum-packing-machine\">\u00c7ift odac\u0131kl\u0131 vakum paketleme makinesi nedir? <\/h2>    <p class=\"translation-block\"><strong>Bir \u00e7ift odal\u0131 vakum paketleme makinesi<\/strong>, ayr\u0131ca \u00e7ift odal\u0131 vakum m\u00fch\u00fcrleme makinesi veya \u00e7ift odal\u0131 vakum m\u00fch\u00fcrleyici olarak da adland\u0131r\u0131l\u0131r, m\u00fckemmel ticari odal\u0131 vakum paketleme ekipman\u0131d\u0131r. \u0130ki odaya sahip olmas\u0131, onu <a href=\"https:\/\/taizypackaging.com\/tr\/single-chamber-vacuum-packing-machine\/\">tek odal\u0131 vakum paketleme makinesi<\/a> veya masa\u00fcst\u00fc vakum paketleme makinesinden \u00e7ok daha verimli hale getirir. Ayr\u0131ca, \u00e7ift odal\u0131 vakum paketleme makinesi, iki vakum odas\u0131nda s\u0131rayla \u00e7al\u0131\u015fmak i\u00e7in bir vakum kapa\u011f\u0131 kullanarak m\u00fckemmel vakum paketleme verimlili\u011fi sa\u011flamak i\u00e7in tasarlanm\u0131\u015ft\u0131r. Bir vakum odas\u0131 bo\u015falt\u0131l\u0131rken, di\u011fer vakum odas\u0131nda paketleme \u00f6\u011feleri yerle\u015ftirilebilir; bu nedenle, vakum kapa\u011f\u0131n\u0131n sal\u0131n\u0131m\u0131 i\u00e7in \u00f6zel olarak tasarlanm\u0131\u015f i\u015f g\u00fcc\u00fcn\u00fc azaltan cihaz, operat\u00f6r\u00fcn i\u015f g\u00fcc\u00fc yo\u011funlu\u011funu b\u00fcy\u00fck \u00f6l\u00e7\u00fcde azalt\u0131r.<\/p>    <figure class=\"wp-block-image size-full\"><img loading=\"lazy\" decoding=\"async\" width=\"720\" height=\"540\" src=\"https:\/\/taizypackaging.com\/wp-content\/uploads\/2021\/08\/double-chamber-vacuum-packing-machine.jpg\" alt=\"\u00e7ift \u200b\u200bodac\u0131kl\u0131 vakum paketleme makinesi\" class=\"wp-image-3908\" srcset=\"https:\/\/taizypackaging.com\/wp-content\/uploads\/2021\/08\/double-chamber-vacuum-packing-machine.jpg 720w, https:\/\/taizypackaging.com\/wp-content\/uploads\/2021\/08\/double-chamber-vacuum-packing-machine-300x225.jpg 300w\" sizes=\"auto, (max-width: 720px) 100vw, 720px\" \/><figcaption class=\"wp-element-caption\">\u00e7ift \u200b\u200bodac\u0131kl\u0131 vakum paketleme makinesi<\/figcaption><\/figure>    <h2 class=\"wp-block-heading\" id=\"h-the-application-of-double-chamber-vacuum-packing-machine\">\u00c7ift hazneli vakum paketleme makinesi uygulamalar\u0131<\/h2>    <p>\u00c7ift odac\u0131kl\u0131 vakum paketleme makinesi, plastik veya al\u00fcminyum folyo kompozit membran malzemesi kullan\u0131larak \u00e7e\u015fitli g\u0131da \u00fcr\u00fcnlerinin vakumla kapat\u0131lmas\u0131 i\u00e7in uygundur. Taze meyve, sebze, et, sosis, past\u0131rma, pirin\u00e7, \u00e7i\u00e7ek, kimyasallar, de\u011ferli t\u0131bbi malzemeler, de\u011ferli kaligrafi ve boyama, elektronik bile\u015fenler gibi s\u0131v\u0131, yar\u0131 ak\u0131\u015fkan, kat\u0131 gran\u00fcler, toz, macun benzeri yiyecekleri paketleyebilir. \u00e7e\u015fitli g\u00fcve \u00f6nleyici, korozyon \u00f6nleyici, neme dayan\u0131kl\u0131, k\u00fcf \u00f6nleyici ve antioksidan \u00fcr\u00fcnler. Raf \u00f6mr\u00fcn\u00fc uzatmak i\u00e7in vakumlu paketleme veya vakumlu nitrojen dolu paketleme. Taizy Paketleme Makineleri fabrikas\u0131nda m\u00fckemmel tek odac\u0131kl\u0131 vakum paketleme makineleri ve masa\u00fcst\u00fc vakum paketleme makineleri de sa\u011fl\u0131yoruz. <\/p>    <figure class=\"wp-block-image size-full\"><img decoding=\"async\" src=\"https:\/\/taizypackaging.com\/wp-content\/uploads\/2021\/08\/vacuum-sealing-machine-applications.jpg\" alt=\"vakum yap\u0131\u015ft\u0131rma makinesi uygulamalar\u0131\" class=\"wp-image-3905\"\/><figcaption class=\"wp-element-caption\">vakum yap\u0131\u015ft\u0131rma makinesi uygulamalar\u0131<\/figcaption><\/figure>    <h2 class=\"wp-block-heading\" id=\"h-machine-parameters\">\u00c7ift odac\u0131kl\u0131 vakum paketleme makinesi parametreleri<\/h2>    <figure class=\"wp-block-table\"><table><tbody><tr><td>Modeli<\/td><td>DZ400\/2SB<\/td><td>DZ500\/2SB<\/td><td>DZ600\/2SB<\/td><td>DZS600\/2SB<\/td><\/tr><tr><td>G\u00fc\u00e7<\/td><td>220V\/380V<\/td><td>220V\/380V<\/td><td>220V\/380V<\/td><td>220V\/380V<\/td><\/tr><tr><td>Vakum pompas\u0131 g\u00fcc\u00fc<\/td><td>750W<\/td><td>1500W<\/td><td>1500W<\/td><td>2250W<\/td><\/tr><tr><td>S\u0131zd\u0131rmazl\u0131k g\u00fcc\u00fc<\/td><td>800W<\/td><td>1200W<\/td><td>1500W<\/td><td>1500W<\/td><\/tr><tr><td>En d\u00fc\u015f\u00fck mutlak bas\u0131n\u00e7<\/td><td>1Kpa<\/td><td>1Kpa<\/td><td>1Kpa<\/td><td>1Kpa<\/td><\/tr><tr><td>S\u0131zd\u0131rmazl\u0131k \u015feridi<\/td><td>2<\/td><td>2<\/td><td>2<\/td><td>2<\/td><\/tr><tr><td>Vakum odas\u0131 boyutu<\/td><td>440*<em>490<\/em>*70mm<\/td><td>570*<em>540<\/em>*70mm<\/td><td>720*<em>515<\/em>*70mm<\/td><td>670*<em>550<\/em>*70<\/td><\/tr><tr><td>S\u0131zd\u0131rmazl\u0131k boyutu<\/td><td>400*12mm<\/td><td>500*12mm<\/td><td>600*12mm<\/td><td>600*12mm<\/td><\/tr><tr><td>A\u011f\u0131rl\u0131k<\/td><td>180kg<\/td><td>230kg<\/td><td>285kg<\/td><td>320kg<\/td><\/tr><tr><td>Makine boyutu<\/td><td>990*<em>630<\/em>*940mm<\/td><td>1255*<em>700<\/em>*950mm<\/td><td>1450*<em>620<\/em>*1230mm<\/td><td>1450*<em>620<\/em>*1230mm<\/td><\/tr><\/tbody><\/table><\/figure>    <h2 class=\"wp-block-heading\" id=\"h-the-design-features-of-double-chamber-packaging-machine\">\u00c7ift odac\u0131kl\u0131 paketleme makinesinin tasar\u0131m \u00f6zellikleri<\/h2>    <ul class=\"wp-block-list\"> <li>Geni\u015f uygulama yelpazesi, hem kuru hem de \u0131slak \u00fcr\u00fcnler paketlenebilir.<\/li>    <li>Kal\u0131nla\u015ft\u0131r\u0131lm\u0131\u015f paslanmaz \u00e7elik kabuk g\u00fc\u00e7l\u00fc ve dayan\u0131kl\u0131d\u0131r ve tasar\u0131m makul ve g\u00fczeldir. Vakum po\u015fetinin temas noktas\u0131nda standartlara uygun 304 paslanmaz \u00e7elik kullan\u0131lm\u0131\u015ft\u0131r.<\/li>    <li>Plc ak\u0131ll\u0131 kontrol sistemini benimseyin, daha iyi paketleme efekti elde etmek i\u00e7in ekran ayar\u0131n\u0131n kontrol\u00fc kolayd\u0131r.<\/li>    <li>\u00c7ift odac\u0131kl\u0131 geni\u015f alan tasar\u0131m\u0131, y\u00fcksek i\u015f verimlili\u011fi.<\/li> <\/ul>    <div class=\"wp-block-columns is-layout-flex wp-container-core-columns-is-layout-9d6595d7 wp-block-columns-is-layout-flex\"> <div class=\"wp-block-column is-layout-flow wp-block-column-is-layout-flow\"> <figure class=\"wp-block-image size-full\"><img decoding=\"async\" src=\"https:\/\/taizypackaging.com\/wp-content\/uploads\/2021\/08\/vacuum-chambers.jpg\" alt=\"vakum odalar\u0131\" class=\"wp-image-3919\"\/><figcaption class=\"wp-element-caption\">vakum odalar\u0131<\/figcaption><\/figure> <\/div>    <div class=\"wp-block-column is-layout-flow wp-block-column-is-layout-flow\"> <figure class=\"wp-block-image size-full\"><img decoding=\"async\" src=\"https:\/\/taizypackaging.com\/wp-content\/uploads\/2021\/08\/stainless-steel-body-structure.jpg\" alt=\"paslanmaz \u00e7elik g\u00f6vde yap\u0131s\u0131\" class=\"wp-image-3920\"\/><figcaption class=\"wp-element-caption\">paslanmaz \u00e7elik g\u00f6vde yap\u0131s\u0131<\/figcaption><\/figure> <\/div> <\/div>    <div class=\"wp-block-columns is-layout-flex wp-container-core-columns-is-layout-9d6595d7 wp-block-columns-is-layout-flex\"> <div class=\"wp-block-column is-layout-flow wp-block-column-is-layout-flow\"> <figure class=\"wp-block-image size-full\"><img decoding=\"async\" src=\"https:\/\/taizypackaging.com\/wp-content\/uploads\/2021\/08\/electrical-control-box-of-the-vacuum-sealer.jpg\" alt=\"Vakumlama makinesinin elektrik kontrol kutusu\" class=\"wp-image-3921\"\/><figcaption class=\"wp-element-caption\">Vakumlama makinesinin elektrik kontrol kutusu<\/figcaption><\/figure> <\/div>    <div class=\"wp-block-column is-layout-flow wp-block-column-is-layout-flow\"> <figure class=\"wp-block-image size-full\"><img decoding=\"async\" src=\"https:\/\/taizypackaging.com\/wp-content\/uploads\/2021\/08\/control-panel.jpg\" alt=\"kontrol Paneli\" class=\"wp-image-3922\"\/><figcaption class=\"wp-element-caption\">kontrol Paneli<\/figcaption><\/figure> <\/div> <\/div>    <h2 class=\"wp-block-heading\" id=\"operation-and-maintainence-of-taizy-double-chamber-vacuum-sealer\">Taizy \u00e7ift odac\u0131kl\u0131 vakumlama makinesinin \u00e7al\u0131\u015ft\u0131r\u0131lmas\u0131 ve bak\u0131m\u0131<\/h2>    <ul class=\"wp-block-list\"> <li>\u00c7ift hazneli vakum paketleme makinesinin a\u015f\u0131nan par\u00e7alar\u0131 \u0131s\u0131tma \u015feritleri ve vakum pompalar\u0131d\u0131r. Is\u0131tma \u015feridi yakla\u015f\u0131k alt\u0131 ayda bir de\u011fi\u015ftirilir ve vakum pompas\u0131n\u0131n bak\u0131m\u0131 y\u0131lda bir kez yap\u0131l\u0131r. Vakum pompas\u0131 ya\u011f\u0131n\u0131n d\u00fczenli olarak ve kullan\u0131m s\u0131kl\u0131\u011f\u0131na g\u00f6re farkl\u0131 zamanlarda de\u011fi\u015ftirilmesi gerekir. Aksi takdirde makinenin normal kullan\u0131m\u0131 da etkilenecektir.<\/li>    <li>\u00dcr\u00fcn yerle\u015ftirildi\u011finde daha iyi bir paketleme etkisi elde etmek i\u00e7in her iki tarafta da yer ay\u0131rmak gerekir.<\/li> <\/ul>    <h2 class=\"wp-block-heading\" id=\"h-related-machines\">Sat\u0131l\u0131k ilgili vakum paketleme makinesi<\/h2>    <p class=\"translation-block\">\u00c7ift odal\u0131 vakum paketleme makinesi, s\u0131cak \u00fcr\u00fcn\u00fcm\u00fczd\u00fcr. \u00dcst d\u00fczey verimlilik ve iyi performansa sahiptir. Ve k\u00fc\u00e7\u00fck i\u015fletmenize b\u00fcy\u00fck fayda sa\u011flayabilir. Ayr\u0131ca fabrikam\u0131zdan end\u00fcstriyel tek odal\u0131 vakum paketleme makineleri ve <a href=\"https:\/\/taizypackaging.com\/tr\/vacuum-packing-machine\/\">ta\u015f\u0131nabilir masa\u00fcst\u00fc vakum paketleme makineleri<\/a> mevcuttur. T\u00fcm makinelerimiz uluslararas\u0131 standartlara g\u00f6re tasarlanm\u0131\u015f ve \u00fcretilmi\u015ftir. Ayr\u0131ca, vakum m\u00fch\u00fcrleme makinelerimiz 40'tan fazla \u00fclke ve b\u00f6lgeye ba\u015far\u0131yla g\u00f6nderilmi\u015ftir. \u00dccretsiz teklif almak i\u00e7in bizimle ileti\u015fime ge\u00e7mekten memnuniyet duyar\u0131z. <\/p>    <figure class=\"wp-block-image size-full\"><a href=\"https:\/\/taizypackaging.com\/tr\/machines-category\/vpm\/\"><img decoding=\"async\" src=\"https:\/\/taizypackaging.com\/wp-content\/uploads\/2021\/08\/\u753b\u677f-12_\u770b\u56fe\u738b.jpg\" alt=\"tek odac\u0131kl\u0131 vakumlama makinesi ve masa \u00fcst\u00fc vakumlama makinesi.\" class=\"wp-image-2676\"\/><\/a><figcaption class=\"wp-element-caption\">Tek odac\u0131kl\u0131 vakumlama makinesi ve masa \u00fcst\u00fc vakumlama makinesi<\/figcaption><\/figure>","protected":false},"excerpt":{"rendered":"<p>Double chamber vacuum packing machine is a popular type of chamber vacuum sealing machine. It has features of high efficiency and good performance. A double chamber vacuum packaging machine is designed and manufactured for small and medium-sized production demand. Compared with a single chamber vacuum packing machine, a double chamber vacuum packing machine has two [&hellip;]<\/p>\n","protected":false},"author":1,"featured_media":2665,"parent":0,"template":"","tags":[137,601,507],"product-type":[666],"class_list":["post-2662","product","type-product","status-publish","has-post-thumbnail","hentry","tag-double-chamber-vacuum-packing-machine","tag-double-chamber-vacuum-sealer","tag-vacuum-packing-machine","product-type-vacuum-packaging-machines"],"_links":{"self":[{"href":"https:\/\/taizypackaging.com\/tr\/wp-json\/wp\/v2\/product\/2662","targetHints":{"allow":["GET"]}}],"collection":[{"href":"https:\/\/taizypackaging.com\/tr\/wp-json\/wp\/v2\/product"}],"about":[{"href":"https:\/\/taizypackaging.com\/tr\/wp-json\/wp\/v2\/types\/product"}],"author":[{"embeddable":true,"href":"https:\/\/taizypackaging.com\/tr\/wp-json\/wp\/v2\/users\/1"}],"wp:featuredmedia":[{"embeddable":true,"href":"https:\/\/taizypackaging.com\/tr\/wp-json\/wp\/v2\/media\/2665"}],"wp:attachment":[{"href":"https:\/\/taizypackaging.com\/tr\/wp-json\/wp\/v2\/media?parent=2662"}],"wp:term":[{"taxonomy":"post_tag","embeddable":true,"href":"https:\/\/taizypackaging.com\/tr\/wp-json\/wp\/v2\/tags?post=2662"},{"taxonomy":"product-type","embeddable":true,"href":"https:\/\/taizypackaging.com\/tr\/wp-json\/wp\/v2\/product-type?post=2662"}],"curies":[{"name":"wp","href":"https:\/\/api.w.org\/{rel}","templated":true}]}}