{"id":2690,"date":"2021-08-16T10:04:00","date_gmt":"2021-08-16T10:04:00","guid":{"rendered":"https:\/\/taizypackaging.com\/?p=2690"},"modified":"2024-07-16T18:07:13","modified_gmt":"2024-07-16T10:07:13","slug":"automatic-powder-packing-machine","status":"publish","type":"product","link":"https:\/\/taizypackaging.com\/tr\/automatic-powder-packing-machine\/","title":{"rendered":"Otomatik Toz Paketleme Makinas\u0131"},"content":{"rendered":"<div class=\"kk-star-ratings kksr-auto kksr-align-left kksr-valign-top\"     data-payload='{&quot;align&quot;:&quot;left&quot;,&quot;id&quot;:&quot;2690&quot;,&quot;slug&quot;:&quot;default&quot;,&quot;valign&quot;:&quot;top&quot;,&quot;ignore&quot;:&quot;&quot;,&quot;reference&quot;:&quot;auto&quot;,&quot;class&quot;:&quot;&quot;,&quot;count&quot;:&quot;29&quot;,&quot;legendonly&quot;:&quot;&quot;,&quot;readonly&quot;:&quot;&quot;,&quot;score&quot;:&quot;4.8&quot;,&quot;starsonly&quot;:&quot;&quot;,&quot;best&quot;:&quot;5&quot;,&quot;gap&quot;:&quot;5&quot;,&quot;greet&quot;:&quot;Rate this product&quot;,&quot;legend&quot;:&quot;4.8\\\/5 - (29 votes)&quot;,&quot;size&quot;:&quot;24&quot;,&quot;title&quot;:&quot;Automatic Powder Packing Machine&quot;,&quot;width&quot;:&quot;136.7&quot;,&quot;_legend&quot;:&quot;{score}\\\/{best} - ({count} {votes})&quot;,&quot;font_factor&quot;:&quot;1.25&quot;}'>              <div class=\"kksr-stars\">      <div class=\"kksr-stars-inactive\">             <div class=\"kksr-star\" data-star=\"1\" style=\"padding-right: 5px\">               <div class=\"kksr-icon\" style=\"width: 24px; height: 24px;\"><\/div>         <\/div>             <div class=\"kksr-star\" data-star=\"2\" style=\"padding-right: 5px\">               <div class=\"kksr-icon\" style=\"width: 24px; height: 24px;\"><\/div>         <\/div>             <div class=\"kksr-star\" data-star=\"3\" style=\"padding-right: 5px\">               <div class=\"kksr-icon\" style=\"width: 24px; height: 24px;\"><\/div>         <\/div>             <div class=\"kksr-star\" data-star=\"4\" style=\"padding-right: 5px\">               <div class=\"kksr-icon\" style=\"width: 24px; height: 24px;\"><\/div>         <\/div>             <div class=\"kksr-star\" data-star=\"5\" style=\"padding-right: 5px\">               <div class=\"kksr-icon\" style=\"width: 24px; height: 24px;\"><\/div>         <\/div>     <\/div>      <div class=\"kksr-stars-active\" style=\"width: 136.7px;\">             <div class=\"kksr-star\" style=\"padding-right: 5px\">               <div class=\"kksr-icon\" style=\"width: 24px; height: 24px;\"><\/div>         <\/div>             <div class=\"kksr-star\" style=\"padding-right: 5px\">               <div class=\"kksr-icon\" style=\"width: 24px; height: 24px;\"><\/div>         <\/div>             <div class=\"kksr-star\" style=\"padding-right: 5px\">               <div class=\"kksr-icon\" style=\"width: 24px; height: 24px;\"><\/div>         <\/div>             <div class=\"kksr-star\" style=\"padding-right: 5px\">               <div class=\"kksr-icon\" style=\"width: 24px; height: 24px;\"><\/div>         <\/div>             <div class=\"kksr-star\" style=\"padding-right: 5px\">               <div class=\"kksr-icon\" style=\"width: 24px; height: 24px;\"><\/div>         <\/div>     <\/div> <\/div>                   <div class=\"kksr-legend\" style=\"font-size: 19.2px;\">             4.8\/5 - (29 oy)    <\/div>     <\/div>  <p class=\"translation-block\"><strong>Otomatik<\/strong> toz paketleme makinesi burada tipik ve pop\u00fcler bir toz paketleme \u00e7\u00f6z\u00fcm\u00fcd\u00fcr. Toz besleme, tartma, doldurma, torba yapma, s\u0131zd\u0131rmazl\u0131k ve kodlama s\u00fcre\u00e7lerini tamamen otomatik olarak tamamlayabilir. Bu otomatik toz torba paketleme makinesi geni\u015f bir uygulama yelpazesine sahiptir. <strong>Baharat tozu<\/strong>, <strong>kimyasal toz<\/strong>, <strong>kozmetik tozu<\/strong>, <strong>ila\u00e7 tozu<\/strong> gibi her t\u00fcrl\u00fc kuru toz \u00fcr\u00fcnlerinin paketlenmesi i\u00e7in uygundur. Tam otomasyon ve iyi performans ile bu toz paketleme makinesi b\u00fcy\u00fck \u00fcretim talebinizi m\u00fckemmel \u015fekilde kar\u015f\u0131layabilir ve projenize fayda sa\u011flayabilir. \u0130\u015fletmenizi desteklemek i\u00e7in otomatik toz paketleme ekipman\u0131na ihtiyac\u0131n\u0131z varsa, bug\u00fcn bizimle ileti\u015fime ge\u00e7in ve \u00fccretsiz fiyat listesi al\u0131n.<\/p>    <h2 class=\"wp-block-heading\" id=\"h-the-workflow-of-powder-packing-machine\">Otomatik toz paketleme makinesi \u00e7al\u0131\u015fma videosu<\/h2>   <figure class=\"wp-block-embed-youtube wp-block-embed is-type-video is-provider-youtube wp-embed-aspect-16-9 wp-has-aspect-ratio\"><div class=\"lyte-wrapper fourthree\" title=\"Muz Unu Paketleme Makinas\u0131 | Toz i\u00e7in Otomatik Yaka Tipi Dikey Paketleme Makinesi\" style=\"width:960px;max-width:100%;margin:5px auto;\"><div class=\"lyMe hidef\" id=\"WYL_LDNsCTtMz5E\" itemprop=\"video\" itemscope itemtype=\"https:\/\/schema.org\/VideoObject\"><div><meta itemprop=\"thumbnailUrl\" content=\"https:\/\/taizypackaging.com\/wp-content\/plugins\/wp-youtube-lyte\/lyteCache.php?origThumbUrl=https%3A%2F%2Fi.ytimg.com%2Fvi%2FLDNsCTtMz5E%2Fmaxresdefault.jpg\" \/><meta itemprop=\"embedURL\" content=\"https:\/\/www.youtube.com\/embed\/LDNsCTtMz5E\" \/><meta itemprop=\"duration\" content=\"PT2M7S\" \/><meta itemprop=\"uploadDate\" content=\"2021-07-12T02:19:34Z\" \/><\/div><meta itemprop=\"accessibilityFeature\" content=\"captions\" \/><div id=\"lyte_LDNsCTtMz5E\" data-src=\"https:\/\/taizypackaging.com\/wp-content\/plugins\/wp-youtube-lyte\/lyteCache.php?origThumbUrl=https%3A%2F%2Fi.ytimg.com%2Fvi%2FLDNsCTtMz5E%2Fmaxresdefault.jpg\" class=\"pL\"><div class=\"tC\"><div class=\"tT\" itemprop=\"name\">Muz Unu Paketleme Makinas\u0131 | Toz i\u00e7in Otomatik Yaka Tipi Dikey Paketleme Makinesi<\/div><\/div><div class=\"play\"><\/div><div class=\"ctrl\"><div class=\"Lctrl\"><\/div><div class=\"Rctrl\"><\/div><\/div><\/div><noscript><a href=\"https:\/\/youtu.be\/LDNsCTtMz5E\" rel=\"nofollow noopener\" target=\"_blank\"><img loading=\"lazy\" decoding=\"async\" src=\"https:\/\/taizypackaging.com\/wp-content\/plugins\/wp-youtube-lyte\/lyteCache.php?origThumbUrl=https%3A%2F%2Fi.ytimg.com%2Fvi%2FLDNsCTtMz5E%2F0.jpg\" alt=\"Muz Unu Paketleme Makinas\u0131 | Toz i\u00e7in Otomatik Yaka Tipi Dikey Paketleme Makinesi\" width=\"960\" height=\"700\" \/><br \/>Bu videoyu YouTube'da izleyin<\/a><\/noscript><meta itemprop=\"description\" content=\"#flourpackaging #plantainflour #packingmachine Email: info@taizypackaging.com WhatsApp\/Wechat\/Tel:+86 18837171591 Useful link: https:\/\/taizypackaging.com\/automatic-powder-packaging-machine-for-10g-3000g\/ --------------------------------------------------- The large plantain flour packing machine can support 1kg ~3kg powder packaging. It is widely used for the packaging of food and chemical powders, such as banana powder, flour, cornflour, cosmetic powder, spice powder, and other food packaging. It can be also used for packing chemical powders such as detergent. The machine is fastpacking, easy to operate, and highly efficient. It is very suitable for businesses with large output. This automatic powder packing machine mainly consists of two systems, a filling system, and a packing system. And it has these important parts, a material elevator, container, bag former, PLC touch screen, finished products conveyor belt, brand motor, etc. With full automation and good performance, this powder packing machine can perfectly meet your large production demand and benefit your project. If you need automatic powder packing equipment to boost your business, contact us today for a free price list. --------------------------------------------------- You may also like these videos: Dry food grinding machine: https:\/\/www.youtube.com\/watch?v=uQGQ4E7hUNs Automatic powder pouch packing machine:https:\/\/www.youtube.com\/watch?v=qe2aNDHzdDQ --------------------------------------------------- Email: info@taizypackaging.com WhatsApp\/Wechat\/Tel:+86 18837171591 Useful link: https:\/\/taizypackaging.com\/automatic-powder-packaging-machine-for-10g-3000g\/\"><\/div><\/div><div class=\"lL\" style=\"max-width:100%;width:960px;margin:5px auto;\"><\/div><figcaption><\/figcaption><\/figure>   <h2 class=\"wp-block-heading\" id=\"h-the-brief-introduction-of-automatic-powder-packaging-machine-for-10g-3000g\">Toz paketleme makinesi nedir? <\/h2>    <p class=\"translation-block\">Asl\u0131nda, bir toz paketleme makinesi \u00e7e\u015fitli toz paketleme i\u015flemlerini ger\u00e7ekle\u015ftirmek i\u00e7in kullan\u0131l\u0131r. Temel olarak doldurma ve s\u0131zd\u0131rmazl\u0131k i\u015flemini ger\u00e7ekle\u015ftirebilir. Ayr\u0131ca, otomatik toz paketleme makinesi bir\u00e7ok ba\u015fka i\u015flevi de tamamlayabilir. Paketleme end\u00fcstrisinin geli\u015fmesiyle birlikte, k\u00fc\u00e7\u00fck dikey toz paketleme makineleri, otomatik toz paketleme makineleri, <a href=\"https:\/\/taizypackaging.com\/tr\/semi-automatic-powder-packaging-machine-auger-filling-machine\/\">yar\u0131 otomatik toz doldurma makineleri<\/a> gibi farkl\u0131 t\u00fcrde toz paketleme ekipmanlar\u0131 bulunmaktad\u0131r. <\/p>    <p>Ayr\u0131ca paketlenen farkl\u0131 toz \u00fcr\u00fcnlere g\u00f6re bunlar\u0131 \u015fu \u015fekilde de adland\u0131r\u0131yoruz: <\/p>    <ul class=\"wp-block-list\"> <li>Deterjan tozu paketleme makinesi <\/li>    <li>Baharat tozu paketleme makinesi <\/li>    <li>Biber tozu paketleme makinesi <\/li>    <li>S\u00fct tozu paketleme makinesi<\/li>    <li>Kahve tozu paketleme makinesi <\/li>    <li>\u00c7ay tozu paketleme makinesi, vb<\/li> <\/ul>    <p>Toz paketleme ekipman\u0131 olmadan, toz paketlemeyi h\u0131zl\u0131 ve y\u00fcksek verimlilikle ger\u00e7ekle\u015ftirmenin bir yolu yoktur.  K\u00fc\u00e7\u00fck bir yat\u0131r\u0131m ve b\u00fcy\u00fck bir getiri elde edeceksiniz. <\/p>    <figure class=\"wp-block-image size-full\"><img decoding=\"async\" src=\"https:\/\/taizypackaging.com\/wp-content\/uploads\/2021\/08\/automatic-powder-packing-machine.jpg\" alt=\"otomatik toz paketleme makinesi\" class=\"wp-image-3946\"\/><figcaption class=\"wp-element-caption\">otomatik toz paketleme makinesi<\/figcaption><\/figure>    <h2 class=\"wp-block-heading\" id=\"h-the-design-features-of-powder-packing-machine-for-10g-3000g\">Taizy tam otomatik toz paketleme makinesinin avantajlar\u0131<\/h2>    <ul class=\"wp-block-list\"> <li>\u0130nsan-makine aray\u00fcz\u00fcne sahip ithal PLC bilgisayar kontrol sistemi; dokunmatik ekran basittir ve kullan\u0131m s\u0131ras\u0131nda do\u011frudan g\u00f6r\u00fcnt\u00fclenebilir.<\/li>    <li>Servo film ta\u015f\u0131ma sistemi ile hassas konumland\u0131rma; m\u00fckemmel tam makine performans\u0131 ve g\u00fczel paketleme.<\/li>    <li>Tam otomatik uyar\u0131 koruma fonksiyonu ile kayb\u0131 en aza indirin.<\/li>    <li>Metrik cihazla desteklenen makine, \u00f6l\u00e7\u00fcm, besleme, dolum ve torba yap\u0131m\u0131na kadar t\u00fcm paketleme i\u015flemlerini otomatik olarak tamamlayacak.<\/li>    <li>Makine, torba \u015feklini daha g\u00fczel hale getiren ve \u00fcr\u00fcn kalitesini art\u0131ran k\u00f6\u015febentli bir torba paketleyebilir.<\/li> <\/ul>    <h2 class=\"wp-block-heading\" id=\"h-the-application-of-automatic-packing-machine-for-powder-spices\">Otomatik toz paketleme makinesinin uygulamalar\u0131<\/h2>    <p>Otomatik toz paketleme makinesi bir\u00e7ok modern fabrikan\u0131n vazge\u00e7ilmezidir. \u00c7ama\u015f\u0131r tozu, biber tozu, baharat tozu, kahve tozu, \u00e7ay tozu, pirin\u00e7 tozu, beslenme tozu, k\u00f6ri tozu, hindistan cevizi tozu, masala tozu, chaha tozu, Haldi tozu gibi g\u0131da, kimyasal ve farmas\u00f6tik tozlar\u0131n paketlenmesi i\u00e7in idealdir. , vanilya tozu, zerde\u00e7al tozu, jaggery tozu, un, s\u00fct tozu, baharat tozu, m\u0131s\u0131r tozu, t\u0131bbi toz vb. Bu toz paketleme makinesinin paketleme a\u011f\u0131rl\u0131\u011f\u0131 1 kg'dan 3 kg'a kadard\u0131r. <\/p>    <figure class=\"wp-block-image size-full\"><img decoding=\"async\" src=\"https:\/\/taizypackaging.com\/wp-content\/uploads\/2021\/08\/powder-packaging-machine-applications.jpg\" alt=\"toz paketleme makinesi uygulamalar\u0131\" class=\"wp-image-3932\"\/><figcaption class=\"wp-element-caption\">toz paketleme makinesi uygulamalar\u0131<\/figcaption><\/figure>    <h2 class=\"wp-block-heading\" id=\"h-the-structure-of-automatic-powder-packing-machine-for-10g-3000g\">Taizy otomatik toz paketleme makinesinin yap\u0131 tasar\u0131m\u0131<\/h2>    <p>Bu otomatik toz paketleme makinesi esas olarak iki sistemden, bir dolum sistemi ve bir paketleme sisteminden olu\u015fur. Malzeme asans\u00f6r\u00fc, konteyner, torba olu\u015fturucu, PLC dokunmatik ekran, bitmi\u015f \u00fcr\u00fcn ta\u015f\u0131ma band\u0131, marka motoru vb. gibi \u00f6nemli par\u00e7alara sahiptir. T\u00fcm bu par\u00e7alar, tam otomatik bir toz paketleme makinesi olu\u015fturmak i\u00e7in birlikte \u00e7al\u0131\u015f\u0131r. Ayr\u0131ca d\u00fcnyaca \u00fcnl\u00fc, g\u00fcvenilir ve m\u00fckemmel markalar\u0131 benimsemi\u015flerdir. Ayr\u0131ca, \u00f6zel gereksinimlerinizi kar\u015f\u0131lamak i\u00e7in \u00f6zel hizmetleri de destekliyoruz. <\/p>    <figure class=\"wp-block-image size-full\"><img decoding=\"async\" src=\"https:\/\/taizypackaging.com\/wp-content\/uploads\/2021\/08\/automatic-powder-packing-machine-structure.jpg\" alt=\"otomatik toz paketleme makinesi yap\u0131s\u0131\" class=\"wp-image-3931\"\/><figcaption class=\"wp-element-caption\">otomatik toz paketleme makinesi yap\u0131s\u0131<\/figcaption><\/figure>    <h2 class=\"wp-block-heading\" id=\"h-details-of-automatic-powder-packing-machine\">Otomatik toz paketleme makinesinin detaylar\u0131<\/h2>    <p>Kaliteli makine aksesuarlar\u0131 paketleme ekipmanlar\u0131n\u0131n kalitesini garanti eder. Toz paketleme makinemizin iyi performans\u0131n\u0131 sa\u011flamak i\u00e7in k\u00fcresel marka par\u00e7alar\u0131 ve ileri teknolojiyi kullan\u0131yoruz. <\/p>    <div class=\"wp-block-columns is-layout-flex wp-container-core-columns-is-layout-9d6595d7 wp-block-columns-is-layout-flex\"> <div class=\"wp-block-column is-layout-flow wp-block-column-is-layout-flow\"> <figure class=\"wp-block-image size-full\"><img loading=\"lazy\" decoding=\"async\" width=\"650\" height=\"407\" src=\"https:\/\/taizypackaging.com\/wp-content\/uploads\/2021\/08\/\u56fe\u72472.png\" alt=\"film \u00e7ekme tekerle\u011fi\" class=\"wp-image-2696\" srcset=\"https:\/\/taizypackaging.com\/wp-content\/uploads\/2021\/08\/\u56fe\u72472.png 650w, https:\/\/taizypackaging.com\/wp-content\/uploads\/2021\/08\/\u56fe\u72472-300x188.png 300w\" sizes=\"auto, (max-width: 650px) 100vw, 650px\" \/><figcaption class=\"wp-element-caption\">film \u00e7ekme tekerle\u011fi<\/figcaption><\/figure> <\/div>    <div class=\"wp-block-column is-layout-flow wp-block-column-is-layout-flow\"> <figure class=\"wp-block-image size-full\"><img loading=\"lazy\" decoding=\"async\" width=\"653\" height=\"391\" src=\"https:\/\/taizypackaging.com\/wp-content\/uploads\/2021\/08\/\u56fe\u72473.png\" alt=\"burgu vidas\u0131\" class=\"wp-image-2697\" srcset=\"https:\/\/taizypackaging.com\/wp-content\/uploads\/2021\/08\/\u56fe\u72473.png 653w, https:\/\/taizypackaging.com\/wp-content\/uploads\/2021\/08\/\u56fe\u72473-300x180.png 300w\" sizes=\"auto, (max-width: 653px) 100vw, 653px\" \/><figcaption class=\"wp-element-caption\">burgu vidas\u0131<\/figcaption><\/figure> <\/div> <\/div>    <div class=\"wp-block-columns is-layout-flex wp-container-core-columns-is-layout-9d6595d7 wp-block-columns-is-layout-flex\"> <div class=\"wp-block-column is-layout-flow wp-block-column-is-layout-flow\"> <figure class=\"wp-block-image size-full\"><img loading=\"lazy\" decoding=\"async\" width=\"657\" height=\"407\" src=\"https:\/\/taizypackaging.com\/wp-content\/uploads\/2021\/08\/\u56fe\u72474.png\" alt=\"PLC&#039;li dokunmatik ekran\" class=\"wp-image-2698\" srcset=\"https:\/\/taizypackaging.com\/wp-content\/uploads\/2021\/08\/\u56fe\u72474.png 657w, https:\/\/taizypackaging.com\/wp-content\/uploads\/2021\/08\/\u56fe\u72474-300x186.png 300w\" sizes=\"auto, (max-width: 657px) 100vw, 657px\" \/><figcaption class=\"wp-element-caption\">PLC'li dokunmatik ekran<\/figcaption><\/figure> <\/div>    <div class=\"wp-block-column is-layout-flow wp-block-column-is-layout-flow\"> <figure class=\"wp-block-image size-full\"><img loading=\"lazy\" decoding=\"async\" width=\"654\" height=\"411\" src=\"https:\/\/taizypackaging.com\/wp-content\/uploads\/2021\/08\/\u56fe\u72476.png\" alt=\"alt paleti bo\u015falt\u0131n     \" class=\"wp-image-2700\" srcset=\"https:\/\/taizypackaging.com\/wp-content\/uploads\/2021\/08\/\u56fe\u72476.png 654w, https:\/\/taizypackaging.com\/wp-content\/uploads\/2021\/08\/\u56fe\u72476-300x189.png 300w\" sizes=\"auto, (max-width: 654px) 100vw, 654px\" \/><figcaption class=\"wp-element-caption\">alt paleti bo\u015falt\u0131n     <\/figcaption><\/figure> <\/div> <\/div>    <div class=\"wp-block-columns is-layout-flex wp-container-core-columns-is-layout-9d6595d7 wp-block-columns-is-layout-flex\"> <div class=\"wp-block-column is-layout-flow wp-block-column-is-layout-flow\"> <figure class=\"wp-block-image size-full\"><img loading=\"lazy\" decoding=\"async\" width=\"584\" height=\"356\" src=\"https:\/\/taizypackaging.com\/wp-content\/uploads\/2021\/08\/\u56fe\u72475.png\" alt=\"tel\" class=\"wp-image-2699\" srcset=\"https:\/\/taizypackaging.com\/wp-content\/uploads\/2021\/08\/\u56fe\u72475.png 584w, https:\/\/taizypackaging.com\/wp-content\/uploads\/2021\/08\/\u56fe\u72475-300x183.png 300w\" sizes=\"auto, (max-width: 584px) 100vw, 584px\" \/><figcaption class=\"wp-element-caption\">tel<\/figcaption><\/figure> <\/div>    <div class=\"wp-block-column is-layout-flow wp-block-column-is-layout-flow\"> <figure class=\"wp-block-image size-full\"><img loading=\"lazy\" decoding=\"async\" width=\"632\" height=\"360\" src=\"https:\/\/taizypackaging.com\/wp-content\/uploads\/2021\/08\/\u56fe\u72477.png\" alt=\"\u00e7anta eski\" class=\"wp-image-2701\" srcset=\"https:\/\/taizypackaging.com\/wp-content\/uploads\/2021\/08\/\u56fe\u72477.png 632w, https:\/\/taizypackaging.com\/wp-content\/uploads\/2021\/08\/\u56fe\u72477-300x171.png 300w\" sizes=\"auto, (max-width: 632px) 100vw, 632px\" \/><figcaption class=\"wp-element-caption\">\u00e7anta eski<\/figcaption><\/figure> <\/div> <\/div>    <h2 class=\"wp-block-heading\" id=\"h-the-sealing-form\">Bu kuru toz paketleme makinesinin s\u0131zd\u0131rmazl\u0131k y\u00f6ntemi<\/h2>    <p>Toz paketleme makineleri yaln\u0131zca arka s\u0131zd\u0131rmazl\u0131\u011f\u0131 destekler.<\/p>   <div class=\"wp-block-image\"> <figure class=\"aligncenter size-full\"><img decoding=\"async\" src=\"https:\/\/taizypackaging.com\/wp-content\/uploads\/2021\/08\/01-2.jpg\" alt=\"Bu otomatik toz paketleme makinesinin arka s\u0131zd\u0131rmazl\u0131\u011f\u0131\" class=\"wp-image-2702\"\/><figcaption class=\"wp-element-caption\">Bu otomatik toz paketleme makinesinin arka s\u0131zd\u0131rmazl\u0131\u011f\u0131<\/figcaption><\/figure> <\/div>   <h2 class=\"wp-block-heading\">Bu toz dolum kapatma makinesinin destekleyici ekipman\u0131<\/h2>    <p>Vidal\u0131 konvey\u00f6r geni\u015f bir uygulama yelpazesine sahiptir, iyi yap\u0131\u015fma \u00f6nleyici \u00f6zelliklere sahiptir, sapt\u0131rma plakalar\u0131 ekleyebilir, geni\u015f bir kald\u0131rma a\u00e7\u0131s\u0131na sahiptir, temizlenmesi kolayd\u0131r ve bak\u0131m\u0131 kolayd\u0131r. \u00c7e\u015fitli \u00f6zel g\u00fcn ve kullan\u0131mlara uygun, \u00e7e\u015fitli ortamlarda ta\u015f\u0131ma amac\u0131yla kullan\u0131l\u0131r. \u00c7e\u015fitli ortamlarda ta\u015f\u0131ma i\u00e7in kullan\u0131lan y\u00fcksek mukavemetli, asit, alkali, tuzlu su vb. \u00f6zelliklere sahiptir.<\/p>    <p>\u00c7\u0131k\u0131\u015f konvey\u00f6r band\u0131, ithal mikro motor tahrikli, d\u00fc\u015f\u00fck g\u00fcr\u00fclt\u00fcl\u00fc, uzun \u00f6m\u00fcrl\u00fcd\u00fcr ve bitmi\u015f \u00fcr\u00fcnleri platforma ta\u015f\u0131yabilir, paketleme i\u015fleminde israf\u0131 azalt\u0131r ve paketleme makinelerinin sorunsuz \u00e7al\u0131\u015fmas\u0131n\u0131 sa\u011flar.<\/p>    <figure class=\"wp-block-image size-full\"><img decoding=\"async\" src=\"https:\/\/taizypackaging.com\/wp-content\/uploads\/2021\/08\/\u753b\u677f-7_\u770b\u56fe\u738b-1.jpg\" alt=\"vidal\u0131 elevat\u00f6r ve \u00e7\u0131k\u0131\u015f konvey\u00f6r band\u0131\" class=\"wp-image-2703\"\/><figcaption class=\"wp-element-caption\">vidal\u0131 elevat\u00f6r ve \u00e7\u0131k\u0131\u015f konvey\u00f6r band\u0131<\/figcaption><\/figure>    <h2 class=\"wp-block-heading\" id=\"h-our-factory\">Neden bizi se\u00e7melisiniz \u2013 Taizy Paketleme Makineleri <\/h2>    <p class=\"translation-block\">On y\u0131l\u0131 a\u015fk\u0131n s\u00fcredir toz paketleme makinesine odaklan\u0131yoruz ve makinelerimiz d\u00fcnyan\u0131n her yerinde sat\u0131l\u0131yor. Bu s\u00fcre zarf\u0131nda, makinelerimizin de\u011ferini en \u00fcst d\u00fczeye \u00e7\u0131karmak i\u00e7in yeni teknolojiler geli\u015ftiriyor ve ithal par\u00e7alar kullan\u0131yoruz. T\u00fcm makinelerimiz m\u00fc\u015fterilerin ihtiya\u00e7lar\u0131na g\u00f6re \u00f6zelle\u015ftirilebilir. Firmam\u0131z eksiksiz bir \u00e7al\u0131\u015fma sistemi geli\u015ftirmi\u015ftir ve makinenizi teslim ald\u0131ktan sonra bir y\u0131l garanti s\u00fcresi sunmaktay\u0131z. Bu s\u00fcre zarf\u0131nda, herhangi bir sorunuz olursa sat\u0131\u015f sonras\u0131 personelimizle ileti\u015fime ge\u00e7ebilirsiniz, onlar size kesinlikle tatmin edici bir cevap vereceklerdir. Bu toz paketleme makinesinin yan\u0131 s\u0131ra, <a href=\"https:\/\/taizypackaging.com\/tr\/spices-packing-machine-powder-packing-machine-type2\/\" target=\"_blank\" rel=\"noreferrer noopener\">baharat paketleme makineleri<\/a>, <a href=\"https:\/\/taizypackaging.com\/tr\/milk-powder-packing-machine\/\">s\u00fct tozu paketleme makineleri<\/a>, s\u0131v\u0131 paketleme makineleri gibi ilgili makineler de tedarik ediyoruz. Taizy \u015firketi m\u00fc\u015fterilerimizle uzun vadeli i\u015fbirli\u011fi yapmay\u0131 d\u00f6rt g\u00f6zle bekliyor!<\/p>    <figure class=\"wp-block-image size-full\"><img decoding=\"async\" src=\"https:\/\/taizypackaging.com\/wp-content\/uploads\/2021\/08\/\u753b\u677f-8_\u770b\u56fe\u738b-2.jpg\" alt=\"toz paketleme makinesi fabrikas\u0131\" class=\"wp-image-2705\"\/><figcaption class=\"wp-element-caption\">toz paketleme makinesi fabrikas\u0131<\/figcaption><\/figure>    <figure class=\"wp-block-image size-full\"><img decoding=\"async\" src=\"https:\/\/taizypackaging.com\/wp-content\/uploads\/2021\/08\/\u753b\u677f-9_\u770b\u56fe\u738b-2.jpg\" alt=\"otomatik toz paketleme makinesi stokta\" class=\"wp-image-2706\"\/><figcaption class=\"wp-element-caption\">otomatik toz paketleme makinesi stokta<\/figcaption><\/figure>","protected":false},"excerpt":{"rendered":"<p>The automatic powder packing machine here is a typical and popular powder packaging solution. It can fully automatically complete the progress of powder feeding, weighing, filling, bag making, sealing, and coding. This automatic powder pouch packing machine has a wide range of applications. It is suitable for packaging all kinds of dry powder products like [&hellip;]<\/p>\n","protected":false},"author":1,"featured_media":2692,"parent":0,"template":"","tags":[375,387],"product-type":[660],"class_list":["post-2690","product","type-product","status-publish","has-post-thumbnail","hentry","tag-powder-packing","tag-red-chili-powder","product-type-powder-packing-machines"],"_links":{"self":[{"href":"https:\/\/taizypackaging.com\/tr\/wp-json\/wp\/v2\/product\/2690","targetHints":{"allow":["GET"]}}],"collection":[{"href":"https:\/\/taizypackaging.com\/tr\/wp-json\/wp\/v2\/product"}],"about":[{"href":"https:\/\/taizypackaging.com\/tr\/wp-json\/wp\/v2\/types\/product"}],"author":[{"embeddable":true,"href":"https:\/\/taizypackaging.com\/tr\/wp-json\/wp\/v2\/users\/1"}],"wp:featuredmedia":[{"embeddable":true,"href":"https:\/\/taizypackaging.com\/tr\/wp-json\/wp\/v2\/media\/2692"}],"wp:attachment":[{"href":"https:\/\/taizypackaging.com\/tr\/wp-json\/wp\/v2\/media?parent=2690"}],"wp:term":[{"taxonomy":"post_tag","embeddable":true,"href":"https:\/\/taizypackaging.com\/tr\/wp-json\/wp\/v2\/tags?post=2690"},{"taxonomy":"product-type","embeddable":true,"href":"https:\/\/taizypackaging.com\/tr\/wp-json\/wp\/v2\/product-type?post=2690"}],"curies":[{"name":"wp","href":"https:\/\/api.w.org\/{rel}","templated":true}]}}