{"id":2713,"date":"2021-08-20T11:40:00","date_gmt":"2021-08-20T11:40:00","guid":{"rendered":"https:\/\/taizypackaging.com\/?p=2713"},"modified":"2024-07-16T18:20:06","modified_gmt":"2024-07-16T10:20:06","slug":"carton-sealing-machine-for-sale","status":"publish","type":"product","link":"https:\/\/taizypackaging.com\/tr\/carton-sealing-machine-for-sale\/","title":{"rendered":"Karton Kapama Makinesi"},"content":{"rendered":"<div class=\"kk-star-ratings kksr-auto kksr-align-left kksr-valign-top\"     data-payload='{&quot;align&quot;:&quot;left&quot;,&quot;id&quot;:&quot;2713&quot;,&quot;slug&quot;:&quot;default&quot;,&quot;valign&quot;:&quot;top&quot;,&quot;ignore&quot;:&quot;&quot;,&quot;reference&quot;:&quot;auto&quot;,&quot;class&quot;:&quot;&quot;,&quot;count&quot;:&quot;8&quot;,&quot;legendonly&quot;:&quot;&quot;,&quot;readonly&quot;:&quot;&quot;,&quot;score&quot;:&quot;4.6&quot;,&quot;starsonly&quot;:&quot;&quot;,&quot;best&quot;:&quot;5&quot;,&quot;gap&quot;:&quot;5&quot;,&quot;greet&quot;:&quot;Rate this product&quot;,&quot;legend&quot;:&quot;4.6\\\/5 - (8 votes)&quot;,&quot;size&quot;:&quot;24&quot;,&quot;title&quot;:&quot;Carton Sealing Machine&quot;,&quot;width&quot;:&quot;130.9&quot;,&quot;_legend&quot;:&quot;{score}\\\/{best} - ({count} {votes})&quot;,&quot;font_factor&quot;:&quot;1.25&quot;}'>              <div class=\"kksr-stars\">      <div class=\"kksr-stars-inactive\">             <div class=\"kksr-star\" data-star=\"1\" style=\"padding-right: 5px\">               <div class=\"kksr-icon\" style=\"width: 24px; height: 24px;\"><\/div>         <\/div>             <div class=\"kksr-star\" data-star=\"2\" style=\"padding-right: 5px\">               <div class=\"kksr-icon\" style=\"width: 24px; height: 24px;\"><\/div>         <\/div>             <div class=\"kksr-star\" data-star=\"3\" style=\"padding-right: 5px\">               <div class=\"kksr-icon\" style=\"width: 24px; height: 24px;\"><\/div>         <\/div>             <div class=\"kksr-star\" data-star=\"4\" style=\"padding-right: 5px\">               <div class=\"kksr-icon\" style=\"width: 24px; height: 24px;\"><\/div>         <\/div>             <div class=\"kksr-star\" data-star=\"5\" style=\"padding-right: 5px\">               <div class=\"kksr-icon\" style=\"width: 24px; height: 24px;\"><\/div>         <\/div>     <\/div>      <div class=\"kksr-stars-active\" style=\"width: 130.9px;\">             <div class=\"kksr-star\" style=\"padding-right: 5px\">               <div class=\"kksr-icon\" style=\"width: 24px; height: 24px;\"><\/div>         <\/div>             <div class=\"kksr-star\" style=\"padding-right: 5px\">               <div class=\"kksr-icon\" style=\"width: 24px; height: 24px;\"><\/div>         <\/div>             <div class=\"kksr-star\" style=\"padding-right: 5px\">               <div class=\"kksr-icon\" style=\"width: 24px; height: 24px;\"><\/div>         <\/div>             <div class=\"kksr-star\" style=\"padding-right: 5px\">               <div class=\"kksr-icon\" style=\"width: 24px; height: 24px;\"><\/div>         <\/div>             <div class=\"kksr-star\" style=\"padding-right: 5px\">               <div class=\"kksr-icon\" style=\"width: 24px; height: 24px;\"><\/div>         <\/div>     <\/div> <\/div>                   <div class=\"kksr-legend\" style=\"font-size: 19.2px;\">             4.6\/5 - (8 oy)    <\/div>     <\/div>  <p class=\"translation-block\"><strong>Carton sealing machine<\/strong>, carton sealer, or box taping machine is mainly applied to the carton packaging. Compared with manual operation, it can greatly enhance your efficiency.  In short, it can do better than humans in terms of box packing. This <strong>carton packing machine<\/strong> usually works together with other equipment, such as an unpack machine, labeling machine, coding machine, etc. Therefore, there is a fully automatic carton sealing machine. The <strong>carton sealer<\/strong> is widely used in food, beverage, medicine, chemical, electronics, cable, tobacco, and many other industries. If you are looking for a reliable carton packing solution, contact us for a free price list. <\/p>   <figure class=\"wp-block-embed-youtube wp-block-embed is-type-video is-provider-youtube wp-embed-aspect-16-9 wp-has-aspect-ratio\"><div class=\"lyte-wrapper fourthree\" title=\"Sat\u0131l\u0131k karton kapatma makinesi\" style=\"width:960px;max-width:100%;margin:5px auto;\"><div class=\"lyMe hidef\" id=\"WYL_xRSpEOnrlN0\" itemprop=\"video\" itemscope itemtype=\"https:\/\/schema.org\/VideoObject\"><div><meta itemprop=\"thumbnailUrl\" content=\"https:\/\/taizypackaging.com\/wp-content\/plugins\/wp-youtube-lyte\/lyteCache.php?origThumbUrl=https%3A%2F%2Fi.ytimg.com%2Fvi%2FxRSpEOnrlN0%2Fmaxresdefault.jpg\" \/><meta itemprop=\"embedURL\" content=\"https:\/\/www.youtube.com\/embed\/xRSpEOnrlN0\" \/><meta itemprop=\"duration\" content=\"PT52S\" \/><meta itemprop=\"uploadDate\" content=\"2021-08-23T12:46:27Z\" \/><\/div><meta itemprop=\"accessibilityFeature\" content=\"captions\" \/><div id=\"lyte_xRSpEOnrlN0\" data-src=\"https:\/\/taizypackaging.com\/wp-content\/plugins\/wp-youtube-lyte\/lyteCache.php?origThumbUrl=https%3A%2F%2Fi.ytimg.com%2Fvi%2FxRSpEOnrlN0%2Fmaxresdefault.jpg\" class=\"pL\"><div class=\"tC\"><div class=\"tT\" itemprop=\"name\">Sat\u0131l\u0131k karton kapatma makinesi<\/div><\/div><div class=\"play\"><\/div><div class=\"ctrl\"><div class=\"Lctrl\"><\/div><div class=\"Rctrl\"><\/div><\/div><\/div><noscript><a href=\"https:\/\/youtu.be\/xRSpEOnrlN0\" rel=\"nofollow noopener\" target=\"_blank\"><img loading=\"lazy\" decoding=\"async\" src=\"https:\/\/taizypackaging.com\/wp-content\/plugins\/wp-youtube-lyte\/lyteCache.php?origThumbUrl=https%3A%2F%2Fi.ytimg.com%2Fvi%2FxRSpEOnrlN0%2F0.jpg\" alt=\"Sat\u0131l\u0131k karton kapatma makinesi\" width=\"960\" height=\"700\" \/><br \/>Bu videoyu YouTube'da izleyin<\/a><\/noscript><meta itemprop=\"description\" content=\"WhatsApp\/Wechat\/Tel:+86 19139754781 Carton sealing machine is mainly applied to the packing of cartons. The sealing machine is generally used in conjunction with cartooning machine and unpacking machine. It can also be connected with labeling, coding, and heat shrink film wrapping machines to form an unmanned automatic packaging line. You can learn more information on: https:\/\/taizypackaging.com\/carton-sealing-machine-for-sale\/\"><\/div><\/div><div class=\"lL\" style=\"max-width:100%;width:960px;margin:5px auto;\"><\/div><figcaption><\/figcaption><\/figure>   <h2 class=\"wp-block-heading\">Taizy karton kapatma makinesinin avantajlar\u0131<\/h2>    <ol class=\"wp-block-list\"> <li>Farkl\u0131 boyutlardaki kartonlar i\u00e7in geni\u015f uygulamalar<\/li>    <li>Alt s\u0131zd\u0131rmazl\u0131k ve \u00fcst s\u0131zd\u0131rmazl\u0131k i\u015flemini bir kez tamamlay\u0131n ve g\u00fczel bir g\u00f6r\u00fcn\u00fcmle s\u0131k\u0131 ve p\u00fcr\u00fczs\u00fcz bir \u015fekilde kapat\u0131n.<\/li>    <li>Makul tasar\u0131m, dayan\u0131kl\u0131 malzeme, sorunsuz \u00e7al\u0131\u015fma, verimli \u00e7al\u0131\u015fma<\/li>    <li>Acil durum butonu g\u00fcvenlik \u00f6nlemi olarak tasarlanm\u0131\u015ft\u0131r<\/li>    <li>Silindirler, farkl\u0131 boyutlardaki kartonlara, \u00f6zellikle k\u00fc\u00e7\u00fck kutulara uygun olacak \u015fekilde yak\u0131n \u015fekilde d\u00fczenlenmi\u015ftir.<\/li>    <li>Konvey\u00f6r\u00fcn y\u00fcksekli\u011fi ihtiya\u00e7lar\u0131n\u0131za g\u00f6re ayarlanabilir<\/li>    <li>Band\u0131 sabitleme bile\u015feni \u00e7\u0131kar\u0131labilir, bantlar\u0131 de\u011fi\u015ftirmeye uygundur.<\/li>    <li>G\u00fc\u00e7l\u00fc OEM hizmetini destekleyin<\/li> <\/ol>    <figure class=\"wp-block-image size-full\"><img decoding=\"async\" src=\"https:\/\/taizypackaging.com\/wp-content\/uploads\/2021\/08\/carton-sealing-machine.jpg\" alt=\"karton yap\u0131\u015ft\u0131rma makinesi\" class=\"wp-image-3958\"\/><figcaption class=\"wp-element-caption\">karton yap\u0131\u015ft\u0131rma makinesi<\/figcaption><\/figure>    <h2 class=\"wp-block-heading\" id=\"h-machine-parameters\">Taizy karton yap\u0131\u015ft\u0131rma makinesinin parametreleri<\/h2>    <figure class=\"wp-block-table\"><table><tbody><tr><td>Modeli<\/td><td>FXJ-4030<\/td><td>FXJ-6050<\/td><\/tr><tr><td>G\u00fc\u00e7<\/td><td>220V\/50Hz\/180W<\/td><td>220V\/50Hz\/180W<\/td><\/tr><tr><td>Kapasite<\/td><td>1000 kutu\/saat<\/td><td>1000 kutu\/saat<\/td><\/tr><tr><td>Bant geni\u015fli\u011fi<\/td><td>45mm<\/td><td>45mm<\/td><\/tr><tr><td>S\u0131zd\u0131rmazl\u0131k geni\u015fli\u011fi<\/td><td>80-300mm<\/td><td>250-500mm<\/td><\/tr><tr><td>S\u0131zd\u0131rmazl\u0131k y\u00fcksekli\u011fi<\/td><td>90-400mm<\/td><td>180-600mm<\/td><\/tr><tr><td>Masa y\u00fcksekli\u011fi<\/td><td>min550mm\/max730mm<\/td><td>min570mm\/max730mm<\/td><\/tr><tr><td>Makine boyutu<\/td><td>1060*660*1010mm<\/td><td>1000*830*1350mm<\/td><\/tr><\/tbody><\/table><\/figure>    <h2 class=\"wp-block-heading\" id=\"h-how-does-the-carton-sealer-work\">Karton kapatma makinesi nas\u0131l \u00e7al\u0131\u015f\u0131r?<\/h2>    <p>Karton kapatma makinesinin \u00e7al\u0131\u015fma prensibi basittir, kasa ta\u015f\u0131ma band\u0131 vas\u0131tas\u0131yla makineye ta\u015f\u0131n\u0131r. Makinenin alt\u0131nda, ak\u0131ll\u0131 i\u015fletim sistemi arac\u0131l\u0131\u011f\u0131yla kasa kapatma i\u015fini tamamlay\u0131n. \u00d6zel s\u00fcre\u00e7 a\u015fa\u011f\u0131daki video gibidir.<\/p>    <h2 class=\"wp-block-heading\" id=\"h-details-of-carton-sealing-machine\">Taizy karton yap\u0131\u015ft\u0131rma makinesinin detaylar\u0131<\/h2>    <p>Sat\u0131l\u0131k karton kapatma makinesi, d\u00f6ner makaral\u0131 bir konvey\u00f6r platformu, uzun bir metal plaka, sol ve sa\u011f konvey\u00f6r bantlar\u0131, konvey\u00f6r platformunun y\u00fcksekli\u011fini ayarlamak i\u00e7in el saplar\u0131 ve \u00fcst kapatma cihaz\u0131, karton konumland\u0131rma silindirleri, terazili destek \u00e7er\u00e7evesinden olu\u015fur. , g\u00fc\u00e7 anahtar\u0131, makinenin alt k\u0131sm\u0131ndaki d\u00f6rt tekerlek, acil durum d\u00fc\u011fmesi vb. Ayarlanabilir bir kay\u0131\u015f sistemi, \u00e7e\u015fitli t\u00fcrdeki kutular\u0131 kald\u0131rabilir. Ayr\u0131ca dayan\u0131kl\u0131 malzemeler ve ileri teknoloji, makinelerimizin iyi performans g\u00f6stermesini sa\u011flar. <\/p>    <div class=\"wp-block-columns is-layout-flex wp-container-core-columns-is-layout-9d6595d7 wp-block-columns-is-layout-flex\"> <div class=\"wp-block-column is-layout-flow wp-block-column-is-layout-flow\"> <figure class=\"wp-block-image size-full\"><img decoding=\"async\" src=\"https:\/\/taizypackaging.com\/wp-content\/uploads\/2021\/08\/\u753b\u677f-6_\u770b\u56fe\u738b-1.jpg\" alt=\"karton kapatma makinesi stokta\" class=\"wp-image-2717\"\/><figcaption class=\"wp-element-caption\">karton kapatma makinesi stokta<\/figcaption><\/figure> <\/div>    <div class=\"wp-block-column is-layout-flow wp-block-column-is-layout-flow\"> <figure class=\"wp-block-image size-full\"><img decoding=\"async\" src=\"https:\/\/taizypackaging.com\/wp-content\/uploads\/2021\/08\/\u753b\u677f-7_\u770b\u56fe\u738b-2.jpg\" alt=\"karton m\u00fch\u00fcrleyen konvey\u00f6r bant\" class=\"wp-image-2718\"\/><figcaption class=\"wp-element-caption\">karton m\u00fch\u00fcrleyen konvey\u00f6r bant<\/figcaption><\/figure> <\/div> <\/div>    <h2 class=\"wp-block-heading\" id=\"h-why-do-people-need-a-carton-sealing-machine\">Neden bir karton kapatma makinesine ihtiyac\u0131m\u0131z var?<\/h2>    <ul class=\"wp-block-list\"> <li>1'den 12'ye kadar karton boyutlar\u0131 i\u00e7in uygundur.<\/li>    <li>Bu karton kapatma makinesi, kartonun \u00e7\u0131k\u0131nt\u0131l\u0131 k\u0131sm\u0131n\u0131 d\u00fczle\u015ftiren ve band\u0131n karton y\u00fczeyine oturmas\u0131n\u0131 sa\u011flayan geli\u015fmi\u015f bir s\u0131zd\u0131rmazl\u0131k astar\u0131 kullan\u0131r. Kesim p\u00fcr\u00fczs\u00fcz, s\u0131zd\u0131rmazl\u0131k g\u00fczel, sa\u011flam ve giyilebilir.<\/li>    <li>Kapama makinesinin geni\u015fli\u011fi ve y\u00fcksekli\u011fi bir\u00e7ok kapatma boyutuyla ayarlanabilir ve sol ve sa\u011f konvey\u00f6r bantlar\u0131 daha a\u011f\u0131r kartonlar\u0131 ta\u015f\u0131yabilir.<\/li>    <li>Konvey\u00f6r band\u0131n\u0131n alt ve \u00fcst k\u0131s\u0131mlar\u0131n\u0131n her biri b\u00fcy\u00fck bir motorla donat\u0131lm\u0131\u015ft\u0131r ve \u00e7ift motorlu tasar\u0131m, daha a\u011f\u0131r ve daha geni\u015f kartonlar i\u00e7in g\u00fc\u00e7l\u00fc bir g\u00fc\u00e7 sa\u011flar.<\/li>    <li>Konvey\u00f6r band\u0131n\u0131n aktif ve pasif tekerlekleri daha kal\u0131n ve daha kal\u0131n olup, daha fazla y\u00fck ta\u015f\u0131ma kapasitesine ve daha iyi yuvarlanma etkisine sahiptir.<\/li>    <li>\u00dcst s\u0131zd\u0131rmazl\u0131k kafas\u0131, band\u0131 de\u011fi\u015ftirmek i\u00e7in daha uygun, basit ve h\u0131zl\u0131 bir tasar\u0131ma sahip olabilir.<\/li>    <li>Kapal\u0131 tasar\u0131ml\u0131 i\u00e7 astar, daha sa\u011flam ve g\u00fczel s\u0131zd\u0131rmazl\u0131k sa\u011flar. <\/li> <\/ul>    <h2 class=\"wp-block-heading\" id=\"h-related-machine\">Karton m\u00fch\u00fcrleyicinin destekleyici ekipman\u0131<\/h2>    <p class=\"translation-block\">Taizy \u015eirketi'nde, yaln\u0131zca karton m\u00fch\u00fcrleme makinesi de\u011fil, ayr\u0131ca yard\u0131mc\u0131 ekipmanlar (unpak makineleri, konvey\u00f6r bantlar\u0131 vb.) de tercihinize sunulmu\u015ftur. A\u015fa\u011f\u0131daki resimler olarak listelenmi\u015ftir: <\/p>    <figure class=\"wp-block-image size-full\"><img decoding=\"async\" src=\"https:\/\/taizypackaging.com\/wp-content\/uploads\/2021\/08\/\u753b\u677f-9_\u770b\u56fe\u738b-3.jpg\" alt=\"kutu a\u00e7\u0131c\u0131 ve konvey\u00f6r\" class=\"wp-image-2719\"\/><figcaption class=\"wp-element-caption\">kutu a\u00e7\u0131c\u0131 ve konvey\u00f6r<\/figcaption><\/figure>","protected":false},"excerpt":{"rendered":"<p>Carton sealing machine, carton sealer, or box taping machine is mainly applied to the carton packaging. Compared with manual operation, it can greatly enhance your efficiency. In short, it can do better than humans in terms of box packing. This carton packing machine usually works together with other equipment, such as an unpack machine, labeling [&hellip;]<\/p>\n","protected":false},"author":1,"featured_media":2720,"parent":0,"template":"","tags":[604,603,602],"product-type":[668],"class_list":["post-2713","product","type-product","status-publish","has-post-thumbnail","hentry","tag-box-taping-machine","tag-carton-sealer","tag-carton-sealing-machine","product-type-supporting-equipment"],"_links":{"self":[{"href":"https:\/\/taizypackaging.com\/tr\/wp-json\/wp\/v2\/product\/2713","targetHints":{"allow":["GET"]}}],"collection":[{"href":"https:\/\/taizypackaging.com\/tr\/wp-json\/wp\/v2\/product"}],"about":[{"href":"https:\/\/taizypackaging.com\/tr\/wp-json\/wp\/v2\/types\/product"}],"author":[{"embeddable":true,"href":"https:\/\/taizypackaging.com\/tr\/wp-json\/wp\/v2\/users\/1"}],"wp:featuredmedia":[{"embeddable":true,"href":"https:\/\/taizypackaging.com\/tr\/wp-json\/wp\/v2\/media\/2720"}],"wp:attachment":[{"href":"https:\/\/taizypackaging.com\/tr\/wp-json\/wp\/v2\/media?parent=2713"}],"wp:term":[{"taxonomy":"post_tag","embeddable":true,"href":"https:\/\/taizypackaging.com\/tr\/wp-json\/wp\/v2\/tags?post=2713"},{"taxonomy":"product-type","embeddable":true,"href":"https:\/\/taizypackaging.com\/tr\/wp-json\/wp\/v2\/product-type?post=2713"}],"curies":[{"name":"wp","href":"https:\/\/api.w.org\/{rel}","templated":true}]}}