{"id":2740,"date":"2021-08-25T09:54:57","date_gmt":"2021-08-25T09:54:57","guid":{"rendered":"https:\/\/taizypackaging.com\/?p=2740"},"modified":"2024-07-16T16:37:44","modified_gmt":"2024-07-16T08:37:44","slug":"chain-bucket-packing-machine","status":"publish","type":"product","link":"https:\/\/taizypackaging.com\/tr\/chain-bucket-packing-machine\/","title":{"rendered":"Zincirli Kova Paketleme Makinas\u0131"},"content":{"rendered":"<div class=\"kk-star-ratings kksr-auto kksr-align-left kksr-valign-top\"     data-payload='{&quot;align&quot;:&quot;left&quot;,&quot;id&quot;:&quot;2740&quot;,&quot;slug&quot;:&quot;default&quot;,&quot;valign&quot;:&quot;top&quot;,&quot;ignore&quot;:&quot;&quot;,&quot;reference&quot;:&quot;auto&quot;,&quot;class&quot;:&quot;&quot;,&quot;count&quot;:&quot;6&quot;,&quot;legendonly&quot;:&quot;&quot;,&quot;readonly&quot;:&quot;&quot;,&quot;score&quot;:&quot;4.8&quot;,&quot;starsonly&quot;:&quot;&quot;,&quot;best&quot;:&quot;5&quot;,&quot;gap&quot;:&quot;5&quot;,&quot;greet&quot;:&quot;Rate this product&quot;,&quot;legend&quot;:&quot;4.8\\\/5 - (6 votes)&quot;,&quot;size&quot;:&quot;24&quot;,&quot;title&quot;:&quot;Chain Bucket Packing Machine&quot;,&quot;width&quot;:&quot;136.7&quot;,&quot;_legend&quot;:&quot;{score}\\\/{best} - ({count} {votes})&quot;,&quot;font_factor&quot;:&quot;1.25&quot;}'>              <div class=\"kksr-stars\">      <div class=\"kksr-stars-inactive\">             <div class=\"kksr-star\" data-star=\"1\" style=\"padding-right: 5px\">               <div class=\"kksr-icon\" style=\"width: 24px; height: 24px;\"><\/div>         <\/div>             <div class=\"kksr-star\" data-star=\"2\" style=\"padding-right: 5px\">               <div class=\"kksr-icon\" style=\"width: 24px; height: 24px;\"><\/div>         <\/div>             <div class=\"kksr-star\" data-star=\"3\" style=\"padding-right: 5px\">               <div class=\"kksr-icon\" style=\"width: 24px; height: 24px;\"><\/div>         <\/div>             <div class=\"kksr-star\" data-star=\"4\" style=\"padding-right: 5px\">               <div class=\"kksr-icon\" style=\"width: 24px; height: 24px;\"><\/div>         <\/div>             <div class=\"kksr-star\" data-star=\"5\" style=\"padding-right: 5px\">               <div class=\"kksr-icon\" style=\"width: 24px; height: 24px;\"><\/div>         <\/div>     <\/div>      <div class=\"kksr-stars-active\" style=\"width: 136.7px;\">             <div class=\"kksr-star\" style=\"padding-right: 5px\">               <div class=\"kksr-icon\" style=\"width: 24px; height: 24px;\"><\/div>         <\/div>             <div class=\"kksr-star\" style=\"padding-right: 5px\">               <div class=\"kksr-icon\" style=\"width: 24px; height: 24px;\"><\/div>         <\/div>             <div class=\"kksr-star\" style=\"padding-right: 5px\">               <div class=\"kksr-icon\" style=\"width: 24px; height: 24px;\"><\/div>         <\/div>             <div class=\"kksr-star\" style=\"padding-right: 5px\">               <div class=\"kksr-icon\" style=\"width: 24px; height: 24px;\"><\/div>         <\/div>             <div class=\"kksr-star\" style=\"padding-right: 5px\">               <div class=\"kksr-icon\" style=\"width: 24px; height: 24px;\"><\/div>         <\/div>     <\/div> <\/div>                   <div class=\"kksr-legend\" style=\"font-size: 19.2px;\">             4.8\/5 - (6 oy)    <\/div>     <\/div>  <p class=\"translation-block\"><strong>Zincir kova paketleme makinesi<\/strong> yar\u0131 otomatik gran\u00fcl paketleme ekipman\u0131d\u0131r. Doldurma, torba yapma, s\u0131zd\u0131rmazl\u0131k, kesme ve sayma i\u015flemlerini tamamlayabilir. Sadece malzemenin manuel beslenmesi gerekir. Bir kova zinciri tipi paketleme makinesi, at\u0131\u015ft\u0131rmal\u0131klar, kuruyemi\u015fler, fasulye, bisk\u00fcvi, tah\u0131l, m\u0131s\u0131r gevre\u011fi, cips, sabun, \u00e7ivi, bal\u0131k, dondurulmu\u015f g\u0131da vb. gibi \u00e7e\u015fitli par\u00e7ac\u0131klar\u0131n paketlenmesi i\u00e7in uygundur. Asl\u0131nda, bu gran\u00fcl paketleme makinesinin en b\u00fcy\u00fck avantaj\u0131, kokulu \u00e7ay gibi tamamen farkl\u0131 birka\u00e7 malzemeyi tek bir torbaya koyabilmesidir. Ayr\u0131ca, tam otomasyon elde etmek i\u00e7in bir zincir kova gran\u00fcl paketleme makinesi bir tart\u0131m ve doldurma makinesi ile donat\u0131labilir. Bu nedenle, \u00f6zel gereksinimlerinizi kar\u015f\u0131lamak i\u00e7in g\u00fc\u00e7l\u00fc bir OEM hizmeti bulunmaktad\u0131r. <strong>\u00dccretsiz fiyat listesi<\/strong> i\u00e7in bug\u00fcn bize ula\u015f\u0131n. <\/p>    <h2 class=\"wp-block-heading\" id=\"h-the-workflow-of-the-chain-bucket-packaging-machine\">Zincirli kova konvey\u00f6r paketleme makinesi \u00e7al\u0131\u015fma videosu<\/h2>   <figure class=\"wp-block-embed-youtube wp-block-embed is-type-video is-provider-youtube wp-embed-aspect-16-9 wp-has-aspect-ratio\"><div class=\"lyte-wrapper fourthree\" title=\"At\u0131\u015ft\u0131rmal\u0131klar, Kuruyemi\u015f, Fasulye vb. \u0130\u00e7in Zincirli Kova Tipi \u00c7anta Paketleme Makinesi\" style=\"width:960px;max-width:100%;margin:5px auto;\"><div class=\"lyMe hidef\" id=\"WYL_6pbVY3ET1ZM\" itemprop=\"video\" itemscope itemtype=\"https:\/\/schema.org\/VideoObject\"><div><meta itemprop=\"thumbnailUrl\" content=\"https:\/\/taizypackaging.com\/wp-content\/plugins\/wp-youtube-lyte\/lyteCache.php?origThumbUrl=https%3A%2F%2Fi.ytimg.com%2Fvi%2F6pbVY3ET1ZM%2Fmaxresdefault.jpg\" \/><meta itemprop=\"embedURL\" content=\"https:\/\/www.youtube.com\/embed\/6pbVY3ET1ZM\" \/><meta itemprop=\"duration\" content=\"PT2M15S\" \/><meta itemprop=\"uploadDate\" content=\"2022-02-10T07:02:13Z\" \/><\/div><div id=\"lyte_6pbVY3ET1ZM\" data-src=\"https:\/\/taizypackaging.com\/wp-content\/plugins\/wp-youtube-lyte\/lyteCache.php?origThumbUrl=https%3A%2F%2Fi.ytimg.com%2Fvi%2F6pbVY3ET1ZM%2Fmaxresdefault.jpg\" class=\"pL\"><div class=\"tC\"><div class=\"tT\" itemprop=\"name\">At\u0131\u015ft\u0131rmal\u0131klar, Kuruyemi\u015f, Fasulye vb. \u0130\u00e7in Zincirli Kova Tipi \u00c7anta Paketleme Makinesi<\/div><\/div><div class=\"play\"><\/div><div class=\"ctrl\"><div class=\"Lctrl\"><\/div><div class=\"Rctrl\"><\/div><\/div><\/div><noscript><a href=\"https:\/\/youtu.be\/6pbVY3ET1ZM\" rel=\"nofollow noopener\" target=\"_blank\"><img loading=\"lazy\" decoding=\"async\" src=\"https:\/\/taizypackaging.com\/wp-content\/plugins\/wp-youtube-lyte\/lyteCache.php?origThumbUrl=https%3A%2F%2Fi.ytimg.com%2Fvi%2F6pbVY3ET1ZM%2F0.jpg\" alt=\"At\u0131\u015ft\u0131rmal\u0131klar, Kuruyemi\u015f, Fasulye vb. \u0130\u00e7in Zincirli Kova Tipi \u00c7anta Paketleme Makinesi\" width=\"960\" height=\"700\" \/><br \/>Bu videoyu YouTube'da izleyin<\/a><\/noscript><meta itemprop=\"description\" content=\"#foodpackingmachine #snackspackaging #packingmachine EMAIL: info@taizypackaging.com TEL\/WHATSAPP: +86 18837171591 USEFUL LINK: https:\/\/taizypackaging.com\/chain-bucket-packing-machine\/ Chain bucket packing machine is a type of granule packing machine. It is suitable for various particles like nuts, snacks, beans, rice, dried fruits, puffed food, trinkets, etc. Our chain bucket packing macine packing speed is from 30 bags to 60 bags per minute. And the bag length is from 30mm to 280mm. Besides, we support custom services to meet your actual requirements. Awesome benefits of Taizy chain bucket packing machine 1. The machine adopts advanced PLC control system, the program is stable, equipped with electronic intelligent touch screen, supporting up to six languages, also can be customized according to customer language, easy to operate. 2. The machine as a whole is made of stainless steel and alloy, contact with the material part of 304 stainless steel, not easy to rust, strong and durable. 3. Intelligent temperature control system ensures the quality of packaging materials, low working noise, clear-cutting patterns, and strong sealing ability. You may also like these granule\/food packing machine videos: Small vertical packing machine: https:\/\/www.youtube.com\/watch?v=RdSqEhdiWzU&amp;t=31s Multihead weigher packing machine: https:\/\/www.youtube.com\/watch?v=mfQQ28r7qzY Granule filling machine: https:\/\/www.youtube.com\/watch?v=_E3hqS6pwhY&amp;t=59s EMAIL: info@taizypackaging.com TEL\/WHATSAPP: +86 18837171591 USEFUL LINK: https:\/\/taizypackaging.com\/chain-bucket-packing-machine\/\"><\/div><\/div><div class=\"lL\" style=\"max-width:100%;width:960px;margin:5px auto;\"><\/div><figcaption><\/figcaption><\/figure>   <h2 class=\"wp-block-heading\" id=\"h-the-brief-introduction-of-the-chain-bucket-packing-machine\">Zincirli kova paketleme makinesi nedir? <\/h2>    <p>Zincirli kova paketleme makinesi, bir \u00e7e\u015fit gran\u00fcl paketleme makinesine ait yar\u0131 otomatik paketleme \u00e7\u00f6z\u00fcm\u00fcd\u00fcr. Tam otomatik \u00e7ok kafal\u0131 terazili paketleme makinesi gibi b\u00fcy\u00fck bir makineyle kar\u015f\u0131la\u015ft\u0131r\u0131ld\u0131\u011f\u0131nda, zincir koval\u0131 paketleme makinesi k\u00fc\u00e7\u00fck ve orta \u00f6l\u00e7ekli projeler i\u00e7in daha uygundur. Geli\u015ftirilmi\u015f \u00fcretim verimlili\u011finin uygun fiyat\u0131 da olduk\u00e7a \u00f6nemlidir. Koval\u0131 zincirli konvey\u00f6r paketleme makinesi, arka conta, \u00fc\u00e7 tarafl\u0131 conta ve d\u00f6rt tarafl\u0131 conta gibi bir\u00e7ok t\u00fcrde s\u0131zd\u0131rmazl\u0131k y\u00f6ntemini destekler.<\/p>    <figure class=\"wp-block-image size-full\"><img loading=\"lazy\" decoding=\"async\" width=\"720\" height=\"540\" src=\"https:\/\/taizypackaging.com\/wp-content\/uploads\/2021\/08\/chain-bucket-packing-machine.jpg\" alt=\"zincir kova paketleme makinesi\" class=\"wp-image-3970\" srcset=\"https:\/\/taizypackaging.com\/wp-content\/uploads\/2021\/08\/chain-bucket-packing-machine.jpg 720w, https:\/\/taizypackaging.com\/wp-content\/uploads\/2021\/08\/chain-bucket-packing-machine-300x225.jpg 300w\" sizes=\"auto, (max-width: 720px) 100vw, 720px\" \/><figcaption class=\"wp-element-caption\">zincir kova paketleme makinesi<\/figcaption><\/figure>    <h2 class=\"wp-block-heading\" id=\"h-the-application-of-the-chain-bucket-packaging-machine\">Zincir kova paketleme makinesinin uygulanmas\u0131<\/h2>    <p class=\"translation-block\">Zincir kova gran\u00fcl paketleme makinesi, kuruyemi\u015f, f\u0131st\u0131k, tah\u0131l, tohum, fasulye, m\u0131s\u0131r gevre\u011fi, bisk\u00fcvi, sar\u0131msak, bal\u0131k, mant\u0131, at\u0131\u015ft\u0131rmal\u0131klar, dondurulmu\u015f g\u0131da, deniz \u00fcr\u00fcnleri, pirin\u00e7, \u015feker, patates cipsi, muz cipsi, kuru meyve vb. gibi \u00e7e\u015fitli g\u0131da ve g\u0131da d\u0131\u015f\u0131 malzemelerin paketlenmesi i\u00e7in uygundur. Makinede bir\u00e7ok fonksiyon, g\u00fcvenilir ve verimlidir. Bunun gibi bir paketleme makinesi ar\u0131yorsan\u0131z, i\u015finize ba\u015flamak i\u00e7in <a href=\"https:\/\/taizypackaging.com\/tr\/contact-us\/\">hemen bizimle ileti\u015fime ge\u00e7in<\/a>. <\/p>    <figure class=\"wp-block-image size-full\"><img decoding=\"async\" src=\"https:\/\/taizypackaging.com\/wp-content\/uploads\/2021\/08\/chain-bucket-packing-machine-applications.jpg\" alt=\"zincir kova paketleme makinesi uygulamalar\u0131\" class=\"wp-image-3973\"\/><figcaption class=\"wp-element-caption\">zincir kova paketleme makinesi uygulamalar\u0131<\/figcaption><\/figure>    <h2 class=\"wp-block-heading\" id=\"h-technical-parameters-of-tz-320-chain-granule-packing-machine\">Zincir kova paketleme makinesi parametreleri<\/h2>    <figure class=\"wp-block-table is-style-stripes\"><table><tbody><tr><td>G\u00fc\u00e7<\/td><td>220(380)V\/1200W<\/td><\/tr><tr><td>H\u0131z<\/td><td>30~60 torba\/dakika<\/td><\/tr><tr><td>\u00c7anta uzunlu\u011fu<\/td><td>30~280 mm<\/td><\/tr><tr><td>Maksimum \u00e7ap<\/td><td>\u2264\u03a6350mm<\/td><\/tr><tr><td>Ambalaj filmi kal\u0131nl\u0131\u011f\u0131<\/td><td>0,03~0,1 mm<\/td><\/tr><tr><td>Maksimum film geni\u015fli\u011fi<\/td><td>300 mm<\/td><\/tr><tr><td>A\u011f\u0131rl\u0131k<\/td><td>400kg<\/td><\/tr><tr><td>Makine boyutu<\/td><td>870x1350x1850mm<\/td><\/tr><\/tbody><\/table><\/figure>    <p>Not: \u00d6zel talebinize uyacak \u015fekilde \u00f6zel hizmeti destekleyin.<\/p>    <h2 class=\"wp-block-heading\" id=\"h-the-structure-of-the-chain-granule-packing-machine\">Zincir gran\u00fcl paketleme makinesinin yap\u0131s\u0131<\/h2>    <p>Zincirli kova gran\u00fcl paketleme makinesi esas olarak \u015fu par\u00e7alardan olu\u015fur: PLC dokunmatik ekran, malzeme kab\u0131, film mili, torba kal\u0131b\u0131, tekerlekler, acil durdurma d\u00fc\u011fmesi, h\u0131z kontrol d\u00fc\u011fmesi vb. \u00c7in'deki en iyi paketleme makinesi \u00fcreticilerinden biri olarak, kullan\u0131yoruz Makinelerimizin iyi performans\u0131n\u0131 sa\u011flamak i\u00e7in ileri teknoloji ve dayan\u0131kl\u0131 malzemeler. Ayr\u0131ca ak\u0131ll\u0131 PLC kontrol sistemi kullan\u0131m\u0131 kolayla\u015ft\u0131r\u0131r. <\/p>    <figure class=\"wp-block-image size-full\"><img loading=\"lazy\" decoding=\"async\" width=\"720\" height=\"540\" src=\"https:\/\/taizypackaging.com\/wp-content\/uploads\/2021\/08\/chain-granule-packing-machine-structure.jpg\" alt=\"zincir gran\u00fcl paketleme makinesi yap\u0131s\u0131\" class=\"wp-image-3979\" srcset=\"https:\/\/taizypackaging.com\/wp-content\/uploads\/2021\/08\/chain-granule-packing-machine-structure.jpg 720w, https:\/\/taizypackaging.com\/wp-content\/uploads\/2021\/08\/chain-granule-packing-machine-structure-300x225.jpg 300w\" sizes=\"auto, (max-width: 720px) 100vw, 720px\" \/><figcaption class=\"wp-element-caption\">zincir gran\u00fcl paketleme makinesi yap\u0131s\u0131<\/figcaption><\/figure>    <h2 class=\"wp-block-heading\" id=\"h-details-of-the-chain-granule-packaging-machine\">Zincir gran\u00fcl paketleme makinesinin detaylar\u0131<\/h2>    <div class=\"wp-block-columns is-layout-flex wp-container-core-columns-is-layout-9d6595d7 wp-block-columns-is-layout-flex\"> <div class=\"wp-block-column is-layout-flow wp-block-column-is-layout-flow\"> <figure class=\"wp-block-image size-full\"><img decoding=\"async\" src=\"https:\/\/taizypackaging.com\/wp-content\/uploads\/2021\/08\/PLC-touch-screen.jpg\" alt=\"PLC&#039;li dokunmatik ekran\" class=\"wp-image-3982\"\/><figcaption class=\"wp-element-caption\">PLC'li dokunmatik ekran<\/figcaption><\/figure> <\/div>    <div class=\"wp-block-column is-layout-flow wp-block-column-is-layout-flow\"> <figure class=\"wp-block-image size-full\"><img decoding=\"async\" src=\"https:\/\/taizypackaging.com\/wp-content\/uploads\/2021\/08\/3_02.jpg\" alt=\"film rulosu\" class=\"wp-image-2746\"\/><figcaption class=\"wp-element-caption\">film rulosu<\/figcaption><\/figure> <\/div> <\/div>    <div class=\"wp-block-columns is-layout-flex wp-container-core-columns-is-layout-9d6595d7 wp-block-columns-is-layout-flex\"> <div class=\"wp-block-column is-layout-flow wp-block-column-is-layout-flow\"> <figure class=\"wp-block-image size-full\"><img decoding=\"async\" src=\"https:\/\/taizypackaging.com\/wp-content\/uploads\/2021\/08\/3_03.jpg\" alt=\"zincir kova\" class=\"wp-image-2747\"\/><figcaption class=\"wp-element-caption\">zincir kova<\/figcaption><\/figure> <\/div>    <div class=\"wp-block-column is-layout-flow wp-block-column-is-layout-flow\"> <figure class=\"wp-block-image size-full\"><img decoding=\"async\" src=\"https:\/\/taizypackaging.com\/wp-content\/uploads\/2021\/08\/3_04.jpg\" alt=\"\u00e7anta eski\" class=\"wp-image-2748\"\/><figcaption class=\"wp-element-caption\">\u00e7anta eski<\/figcaption><\/figure> <\/div> <\/div>    <h2 class=\"wp-block-heading\" id=\"h-the-advantages-of-the-chain-bucket-packing-machine\">Zincirli kova paketleme makinesinin avantajlar\u0131<\/h2>    <ul class=\"wp-block-list\"> <li>Makine geli\u015fmi\u015f bir PLC kontrol sistemini benimser, program stabildir, elektronik ak\u0131ll\u0131 dokunmatik ekranla donat\u0131lm\u0131\u015ft\u0131r, alt\u0131 dile kadar destekler, m\u00fc\u015fteri diline g\u00f6re \u00f6zelle\u015ftirilebilir, kullan\u0131m\u0131 kolayd\u0131r.<\/li>    <li>Mikrobilgisayar kontrol\u00fc, fotoelektrik izleme d\u00fczeltme sistemi, y\u00fcksek hassasiyetli step motor, y\u00fcksek torba yapma do\u011frulu\u011fu, k\u00fc\u00e7\u00fck bir hata ile donat\u0131lm\u0131\u015ft\u0131r.<\/li>    <li>Makine bir b\u00fct\u00fcn olarak paslanmaz \u00e7elik ve ala\u015f\u0131mdan yap\u0131lm\u0131\u015ft\u0131r, malzeme k\u0131sm\u0131 304 paslanmaz \u00e7elikten yap\u0131lm\u0131\u015ft\u0131r, kolayca paslanmaz, sa\u011flam ve dayan\u0131kl\u0131d\u0131r.<\/li>    <li>Makine tek ba\u015f\u0131na veya di\u011fer makinelerle birlikte kullan\u0131labilir. \u00d6rne\u011fin, \u00e7ay po\u015fetleri ve di\u011fer kar\u0131\u015f\u0131k hammadde t\u00fcrlerinin paketlenmesi, insans\u0131z otomatik \u00fcretim elde etmek i\u00e7in masa \u00fcst\u00fc da\u011f\u0131t\u0131c\u0131larla donat\u0131labilir.<\/li>    <li>Ak\u0131ll\u0131 s\u0131cakl\u0131k kontrol sistemi, ambalaj malzemelerinin kalitesini, d\u00fc\u015f\u00fck \u00e7al\u0131\u015fma g\u00fcr\u00fclt\u00fcs\u00fcn\u00fc, net kesim desenlerini ve g\u00fc\u00e7l\u00fc s\u0131zd\u0131rmazl\u0131k \u00f6zelli\u011fini sa\u011flar.<\/li> <\/ul>    <figure class=\"wp-block-image size-full\"><img loading=\"lazy\" decoding=\"async\" width=\"720\" height=\"540\" src=\"https:\/\/taizypackaging.com\/wp-content\/uploads\/2021\/08\/bucket-chain-conveyor-packing-machine.jpg\" alt=\"Kova zincirli konvey\u00f6r paketleme makinesi\" class=\"wp-image-3995\" srcset=\"https:\/\/taizypackaging.com\/wp-content\/uploads\/2021\/08\/bucket-chain-conveyor-packing-machine.jpg 720w, https:\/\/taizypackaging.com\/wp-content\/uploads\/2021\/08\/bucket-chain-conveyor-packing-machine-300x225.jpg 300w\" sizes=\"auto, (max-width: 720px) 100vw, 720px\" \/><figcaption class=\"wp-element-caption\">Kova zincirli konvey\u00f6r paketleme makinesi<\/figcaption><\/figure>    <h2 class=\"wp-block-heading\" id=\"h-optional-type\">\u0130ste\u011fe ba\u011fl\u0131 tip kova kese paketleme makinesi<\/h2>    <p>Zincir koval\u0131 paketleme makinesi i\u00e7in, m\u00fc\u015fteri taraf\u0131ndan paketlenecek nesnenin a\u011f\u0131rl\u0131\u011f\u0131na ba\u011fl\u0131 olarak besleme konvey\u00f6r band\u0131n\u0131n stili \u00f6zelle\u015ftirilebilir. Yatay tip \u00e7o\u011funlukla dondurulmu\u015f k\u00f6fte, kurutulmu\u015f meyveler ve di\u011fer yiyecekler gibi daha hafif kaliteli \u00f6\u011felerin paketlenmesinde kullan\u0131l\u0131r. E\u011fimli itme tipi, i\u015f g\u00fcc\u00fcnden tasarruf etmek ve \u00fcretim verimlili\u011fini art\u0131rmak i\u00e7in donan\u0131m aksesuarlar\u0131 vb. gibi daha kaliteli \u00fcr\u00fcnler i\u00e7in kullan\u0131l\u0131r.<\/p>    <figure class=\"wp-block-image size-full\"><img loading=\"lazy\" decoding=\"async\" width=\"750\" height=\"638\" src=\"https:\/\/taizypackaging.com\/wp-content\/uploads\/2021\/08\/\u94fe\u6597\u5305\u88c5\u673a\u8be6\u60c5_05.jpg\" alt=\"yatay tip zincir kova paketleme makinesi\" class=\"wp-image-2750\" srcset=\"https:\/\/taizypackaging.com\/wp-content\/uploads\/2021\/08\/\u94fe\u6597\u5305\u88c5\u673a\u8be6\u60c5_05.jpg 750w, https:\/\/taizypackaging.com\/wp-content\/uploads\/2021\/08\/\u94fe\u6597\u5305\u88c5\u673a\u8be6\u60c5_05-300x255.jpg 300w\" sizes=\"auto, (max-width: 750px) 100vw, 750px\" \/><figcaption class=\"wp-element-caption\">yatay tip zincir kova paketleme makinesi<\/figcaption><\/figure>    <figure class=\"wp-block-image size-full\"><img loading=\"lazy\" decoding=\"async\" width=\"750\" height=\"640\" src=\"https:\/\/taizypackaging.com\/wp-content\/uploads\/2021\/08\/\u94fe\u6597\u5305\u88c5\u673a\u8be6\u60c5_06.jpg\" alt=\"\" class=\"wp-image-2751\" srcset=\"https:\/\/taizypackaging.com\/wp-content\/uploads\/2021\/08\/\u94fe\u6597\u5305\u88c5\u673a\u8be6\u60c5_06.jpg 750w, https:\/\/taizypackaging.com\/wp-content\/uploads\/2021\/08\/\u94fe\u6597\u5305\u88c5\u673a\u8be6\u60c5_06-300x256.jpg 300w\" sizes=\"auto, (max-width: 750px) 100vw, 750px\" \/><figcaption class=\"wp-element-caption\">E\u011fimli itme tipi zincir kova paketleme makinesi<\/figcaption><\/figure>","protected":false},"excerpt":{"rendered":"<p>Chain bucket packing machine is a semi-automatic granule packing equipment. It can complete the process of filling, bag making, sealing, cutting, and counting. Just the manual feeding of material is required. A bucket chain-type packing machine is suitable for packaging various particles, such as snacks, nuts, beans, biscuits, grains, cereal, chips, soap, nails, fish, frozen [&hellip;]<\/p>\n","protected":false},"author":1,"featured_media":2752,"parent":0,"template":"","tags":[605,198],"product-type":[659],"class_list":["post-2740","product","type-product","status-publish","has-post-thumbnail","hentry","tag-chain-bucket-packing-machine","tag-granule-packing-machine","product-type-granule-packing-machines"],"_links":{"self":[{"href":"https:\/\/taizypackaging.com\/tr\/wp-json\/wp\/v2\/product\/2740","targetHints":{"allow":["GET"]}}],"collection":[{"href":"https:\/\/taizypackaging.com\/tr\/wp-json\/wp\/v2\/product"}],"about":[{"href":"https:\/\/taizypackaging.com\/tr\/wp-json\/wp\/v2\/types\/product"}],"author":[{"embeddable":true,"href":"https:\/\/taizypackaging.com\/tr\/wp-json\/wp\/v2\/users\/1"}],"wp:featuredmedia":[{"embeddable":true,"href":"https:\/\/taizypackaging.com\/tr\/wp-json\/wp\/v2\/media\/2752"}],"wp:attachment":[{"href":"https:\/\/taizypackaging.com\/tr\/wp-json\/wp\/v2\/media?parent=2740"}],"wp:term":[{"taxonomy":"post_tag","embeddable":true,"href":"https:\/\/taizypackaging.com\/tr\/wp-json\/wp\/v2\/tags?post=2740"},{"taxonomy":"product-type","embeddable":true,"href":"https:\/\/taizypackaging.com\/tr\/wp-json\/wp\/v2\/product-type?post=2740"}],"curies":[{"name":"wp","href":"https:\/\/api.w.org\/{rel}","templated":true}]}}