{"id":2756,"date":"2021-08-25T10:21:49","date_gmt":"2021-08-25T10:21:49","guid":{"rendered":"https:\/\/taizypackaging.com\/?p=2756"},"modified":"2024-07-16T17:50:16","modified_gmt":"2024-07-16T09:50:16","slug":"yogurt-cup-filling-and-sealing-machine","status":"publish","type":"product","link":"https:\/\/taizypackaging.com\/tr\/yogurt-cup-filling-and-sealing-machine\/","title":{"rendered":"Yo\u011furt Kab\u0131 Dolum ve Kapatma Makinas\u0131"},"content":{"rendered":"<div class=\"kk-star-ratings kksr-auto kksr-align-left kksr-valign-top\"     data-payload='{&quot;align&quot;:&quot;left&quot;,&quot;id&quot;:&quot;2756&quot;,&quot;slug&quot;:&quot;default&quot;,&quot;valign&quot;:&quot;top&quot;,&quot;ignore&quot;:&quot;&quot;,&quot;reference&quot;:&quot;auto&quot;,&quot;class&quot;:&quot;&quot;,&quot;count&quot;:&quot;12&quot;,&quot;legendonly&quot;:&quot;&quot;,&quot;readonly&quot;:&quot;&quot;,&quot;score&quot;:&quot;4.6&quot;,&quot;starsonly&quot;:&quot;&quot;,&quot;best&quot;:&quot;5&quot;,&quot;gap&quot;:&quot;5&quot;,&quot;greet&quot;:&quot;Rate this product&quot;,&quot;legend&quot;:&quot;4.6\\\/5 - (12 votes)&quot;,&quot;size&quot;:&quot;24&quot;,&quot;title&quot;:&quot;Yogurt Cup Filling and Sealing Machine&quot;,&quot;width&quot;:&quot;130.9&quot;,&quot;_legend&quot;:&quot;{score}\\\/{best} - ({count} {votes})&quot;,&quot;font_factor&quot;:&quot;1.25&quot;}'>              <div class=\"kksr-stars\">      <div class=\"kksr-stars-inactive\">             <div class=\"kksr-star\" data-star=\"1\" style=\"padding-right: 5px\">               <div class=\"kksr-icon\" style=\"width: 24px; height: 24px;\"><\/div>         <\/div>             <div class=\"kksr-star\" data-star=\"2\" style=\"padding-right: 5px\">               <div class=\"kksr-icon\" style=\"width: 24px; height: 24px;\"><\/div>         <\/div>             <div class=\"kksr-star\" data-star=\"3\" style=\"padding-right: 5px\">               <div class=\"kksr-icon\" style=\"width: 24px; height: 24px;\"><\/div>         <\/div>             <div class=\"kksr-star\" data-star=\"4\" style=\"padding-right: 5px\">               <div class=\"kksr-icon\" style=\"width: 24px; height: 24px;\"><\/div>         <\/div>             <div class=\"kksr-star\" data-star=\"5\" style=\"padding-right: 5px\">               <div class=\"kksr-icon\" style=\"width: 24px; height: 24px;\"><\/div>         <\/div>     <\/div>      <div class=\"kksr-stars-active\" style=\"width: 130.9px;\">             <div class=\"kksr-star\" style=\"padding-right: 5px\">               <div class=\"kksr-icon\" style=\"width: 24px; height: 24px;\"><\/div>         <\/div>             <div class=\"kksr-star\" style=\"padding-right: 5px\">               <div class=\"kksr-icon\" style=\"width: 24px; height: 24px;\"><\/div>         <\/div>             <div class=\"kksr-star\" style=\"padding-right: 5px\">               <div class=\"kksr-icon\" style=\"width: 24px; height: 24px;\"><\/div>         <\/div>             <div class=\"kksr-star\" style=\"padding-right: 5px\">               <div class=\"kksr-icon\" style=\"width: 24px; height: 24px;\"><\/div>         <\/div>             <div class=\"kksr-star\" style=\"padding-right: 5px\">               <div class=\"kksr-icon\" style=\"width: 24px; height: 24px;\"><\/div>         <\/div>     <\/div> <\/div>                   <div class=\"kksr-legend\" style=\"font-size: 19.2px;\">             4.6\/5 - (12 oy)    <\/div>     <\/div>  <p class=\"translation-block\"><strong>Yo\u011furt<\/strong> kap doldurma ve kapatma makinesi buradaki s\u00fcre\u00e7te otomatik yo\u011furt kupu ambalaj\u0131 i\u00e7in kullan\u0131l\u0131r. Asl\u0131nda bu makine sadece yo\u011furt doldurma ve kapama i\u00e7in de\u011fil, s\u00fct, kahve, meyve suyu, dondurma, re\u00e7el ve di\u011fer i\u00e7ecekler gibi bir\u00e7ok di\u011fer \u00fcr\u00fcn i\u00e7in de uygundur. K\u00fc\u00e7\u00fck ve orta \u00f6l\u00e7ekli projeler i\u00e7in idealdir. Bu otomatik kupa doldurma ve kapama makinesi \u00fcr\u00fcnleri hareket ettirme, doldurma, kapama ve bitirme s\u00fcre\u00e7lerini tamamlayabilir. D\u00f6ner tasar\u0131m ve geli\u015fmi\u015f teknoloji ile yo\u011furt i\u00e7in kupa doldurma ve kapama makinesi iyi performans ve y\u00fcksek verimlilik sa\u011flar. Ayr\u0131ca, Taizy Packaging Machinery belirli gereksinimlerinize uygun g\u00fc\u00e7l\u00fc OEM hizmetlerini destekler. Mesaj b\u0131rak\u0131n, k\u0131sa s\u00fcre i\u00e7inde size geri d\u00f6nece\u011fiz. <\/p>    <h2 class=\"wp-block-heading\">Yo\u011furt kab\u0131 dolum makinas\u0131 \u00e7al\u0131\u015fma videosu<\/h2>   <figure class=\"wp-block-embed-youtube wp-block-embed is-type-video is-provider-youtube wp-embed-aspect-16-9 wp-has-aspect-ratio\"><div class=\"lyte-wrapper fourthree\" title=\"\u00c7in&#039;de \u00dcretilen Otomatik D\u00f6ner Tip Yo\u011furt i\u00e7in Bardak Dolum ve Kapama Makinesi\" style=\"width:960px;max-width:100%;margin:5px auto;\"><div class=\"lyMe hidef\" id=\"WYL_-WLq0PyuVQA\" itemprop=\"video\" itemscope itemtype=\"https:\/\/schema.org\/VideoObject\"><div><meta itemprop=\"thumbnailUrl\" content=\"https:\/\/taizypackaging.com\/wp-content\/plugins\/wp-youtube-lyte\/lyteCache.php?origThumbUrl=https%3A%2F%2Fi.ytimg.com%2Fvi%2F-WLq0PyuVQA%2Fmaxresdefault.jpg\" \/><meta itemprop=\"embedURL\" content=\"https:\/\/www.youtube.com\/embed\/-WLq0PyuVQA\" \/><meta itemprop=\"duration\" content=\"PT3M13S\" \/><meta itemprop=\"uploadDate\" content=\"2022-02-24T06:53:35Z\" \/><\/div><div id=\"lyte_-WLq0PyuVQA\" data-src=\"https:\/\/taizypackaging.com\/wp-content\/plugins\/wp-youtube-lyte\/lyteCache.php?origThumbUrl=https%3A%2F%2Fi.ytimg.com%2Fvi%2F-WLq0PyuVQA%2Fmaxresdefault.jpg\" class=\"pL\"><div class=\"tC\"><div class=\"tT\" itemprop=\"name\">\u00c7in'de \u00dcretilen Otomatik D\u00f6ner Tip Yo\u011furt i\u00e7in Bardak Dolum ve Kapama Makinesi<\/div><\/div><div class=\"play\"><\/div><div class=\"ctrl\"><div class=\"Lctrl\"><\/div><div class=\"Rctrl\"><\/div><\/div><\/div><noscript><a href=\"https:\/\/youtu.be\/-WLq0PyuVQA\" rel=\"nofollow noopener\" target=\"_blank\"><img loading=\"lazy\" decoding=\"async\" src=\"https:\/\/taizypackaging.com\/wp-content\/plugins\/wp-youtube-lyte\/lyteCache.php?origThumbUrl=https%3A%2F%2Fi.ytimg.com%2Fvi%2F-WLq0PyuVQA%2F0.jpg\" alt=\"\u00c7in&#039;de \u00dcretilen Otomatik D\u00f6ner Tip Yo\u011furt i\u00e7in Bardak Dolum ve Kapama Makinesi\" width=\"960\" height=\"700\" \/><br \/>Bu videoyu YouTube'da izleyin<\/a><\/noscript><meta itemprop=\"description\" content=\"#yogurtcupfilling #cupfillingmachine #fillingmachine EMAIL: info@taizypackaging.com TEL\/WHATSAPP: +86 18837171591 USEFUL LINK: https:\/\/taizypackaging.com\/yogurt-cup-filling-and-sealing-machine\/ This cup filling and sealing machine is designed for packing yogurt, water, fruit jams, coffee, dahi, etc. Yogurt filling and sealing machine is a packaging machine designed for beverage cup sealing. It can complete the process of automatic cup dropping, automatic filling, automatic film sealing, and automatic cup discharging. Easy to operate, stable performance, easy to maintain. It can be used as a stand-alone machine or connected to the production line. Automatic rotary filling and sealing machines for Packaging Solutions offer a competitive filling and sealing solution for liquid,semi-liquid and pasty food products. For example, oil, yogurt, fresh milk, milk tea, cosmetics, hair care products, fruit drinks, carbonated drinks, etc. Advantages of automatic rotary filling and sealing machine 1. The automatic rotary filling and sealing machine is fully functional and the smallest fully automatic machine with small space occupation. 2. The whole machine is made of stainless steel and aluminum alloy, sturdy and smooth, not easy to rust. 3. Advanced plc control system with display, support multiple languages. It is easy to understand the operation. 4. The electric eye automatically tracks and corrects the sealing position for precise film printing alignment. 5. The machine will stop automatically when it detects no cups to be filled and will start automatically when the cups are refilled. You may also interested in these videos: Automatic paste\/liquid filling machine: https:\/\/www.youtube.com\/watch?v=EwhasMp_vJI&amp;t=59s Automatic capping machine: https:\/\/www.youtube.com\/watch?v=w6hJUqlY1gk EMAIL: info@taizypackaging.com TEL\/WHATSAPP: +86 18837171591 USEFUL LINK: https:\/\/taizypackaging.com\/yogurt-cup-filling-and-sealing-machine\/\"><\/div><\/div><div class=\"lL\" style=\"max-width:100%;width:960px;margin:5px auto;\"><\/div><figcaption><\/figcaption><\/figure>   <h2 class=\"wp-block-heading\" id=\"h-the-brief-introduction-of-yogurt-cup-filling-and-sealing-machine\">Yo\u011furt kab\u0131 dolum ve kapatma makinesi nedir? <\/h2>    <p>Yo\u011furt dolum ve kapatma makinesi, yo\u011furt kab\u0131 paketlemesi i\u00e7in tasarlanm\u0131\u015ft\u0131r. Ayr\u0131ca i\u00e7ecek, g\u0131da ve makyaj gibi bir\u00e7ok sekt\u00f6re uygundur. Yo\u011furdun t\u00fcm d\u00fcnyada b\u00fcy\u00fck bir talebi var. Bu nedenle yo\u011furt paketleme makinesi b\u00fcy\u00fck talep g\u00f6rmekte ve pop\u00fclerdir. Otomatik bardak d\u00fc\u015f\u00fcrme, doldurma, film kapatma ve bardak bo\u015faltma i\u015flemlerini tamamlayabilir. Kolay kullan\u0131m ve bak\u0131m, iyi performans. yo\u011furt doldurma ve kapatma makinesi verimlili\u011finizi b\u00fcy\u00fck \u00f6l\u00e7\u00fcde art\u0131rabilir ve projenize fayda sa\u011flayabilir. Kendi yo\u011furt veya ba\u015fka i\u00e7ecek i\u015fletmeniz varsa veya paketleme makinesi t\u00fcccar\u0131ysan\u0131z, yo\u011furt kab\u0131 doldurma ve kapatma makinesi sizin i\u00e7in m\u00fckemmel bir se\u00e7imdir. <\/p>    <figure class=\"wp-block-image size-full\"><img decoding=\"async\" src=\"https:\/\/taizypackaging.com\/wp-content\/uploads\/2021\/08\/yougurt-cup-filling-and-sealing-machine.jpg\" alt=\"yo\u011furt kab\u0131 dolum ve kapatma makinesi\" class=\"wp-image-4009\"\/><figcaption class=\"wp-element-caption\">yo\u011furt kab\u0131 doldurma ve kapatma makinesi<\/figcaption><\/figure>    <h2 class=\"wp-block-heading\" id=\"h-applications-of-yogurt-cup-filling-mad-sealing-machine\">Yo\u011furt kab\u0131 dolum deli kapatma makinesi uygulamalar\u0131<\/h2>    <p>Bu bardak dolum ve kapatma makinesi sadece yo\u011furt i\u00e7in de\u011fil ayn\u0131 zamanda ya\u011f, yo\u011furt, taze s\u00fct, s\u00fctl\u00fc \u00e7ay, kozmetik, sa\u00e7 bak\u0131m \u00fcr\u00fcnleri, meyveli i\u00e7ecekler, gazl\u0131 i\u00e7ecekler, dondurma, j\u00f6le, lassi, lor gibi bir\u00e7ok \u00fcr\u00fcn i\u00e7in de uygundur. , saf su, maden suyu, kahve, meyve suyu, sos, re\u00e7el vb. Otomatik d\u00f6ner bardak dolum ve kapatma makinesi olduk\u00e7a geni\u015f bir uygulama alan\u0131na sahiptir. Projeniz i\u00e7in harika bir ara\u00e7 olabilir. <\/p>    <figure class=\"wp-block-image size-full\"><img decoding=\"async\" src=\"https:\/\/taizypackaging.com\/wp-content\/uploads\/2021\/08\/cup-filling-sealing-machine-applications.jpg\" alt=\"bardak dolum kapatma makinesi uygulamalar\u0131\" class=\"wp-image-4000\"\/><figcaption class=\"wp-element-caption\">bardak dolum kapatma makinesi uygulamalar\u0131<\/figcaption><\/figure>    <h2 class=\"wp-block-heading\" id=\"h-technical-parameters-of-kis-1800\">Yo\u011furt dolum ve kapatma makinesi parametreleri <\/h2>    <figure class=\"wp-block-table is-style-stripes\"><table><tbody><tr><td>G\u00fc\u00e7<\/td><td>220V\/1200W<\/td><\/tr><tr><td>H\u0131z<\/td><td>800~900\u015fi\u015fe\/saat(1600~1800\u015fi\u015fe\/saat)<\/td><\/tr><tr><td>Bas\u0131n\u00e7<\/td><td>0,5MPa-0,75 MPa<\/td><\/tr><tr><td>Maksimum hava t\u00fcketimi<\/td><td>0,45m\u00b3\/m<\/td><\/tr><tr><td>A\u011f\u0131rl\u0131k<\/td><td>350kg<\/td><\/tr><tr><td>Makine boyutu<\/td><td>100*<em>80<\/em>*120cm<\/td><\/tr><\/tbody><\/table><\/figure>    <p>Not: Parametreler \u00f6zel gereksinimlerinize g\u00f6re \u00f6zelle\u015ftirilebilir. <\/p>    <h2 class=\"wp-block-heading\" id=\"h-the-design-features-of-automatic-rotary-filling-and-sealing-machine\">Taizy otomatik d\u00f6ner kap dolum kapatma makinesinin avantajlar\u0131<\/h2>    <ul class=\"wp-block-list\"> <li>Otomatik d\u00f6ner dolum ve kapatma makinesi tamamen i\u015flevseldir ve az yer kaplayan en k\u00fc\u00e7\u00fck tam otomatik makinedir.<\/li>    <li>Makinenin tamam\u0131 paslanmaz \u00e7elik ve al\u00fcminyum ala\u015f\u0131mdan yap\u0131lm\u0131\u015ft\u0131r, sa\u011flam ve p\u00fcr\u00fczs\u00fczd\u00fcr, paslanmas\u0131 kolay de\u011fildir.<\/li>    <li>Ekranl\u0131 geli\u015fmi\u015f PLC kontrol sistemi, birden fazla dili destekler. Operasyonu anlamak kolayd\u0131r.<\/li>    <li>Elektrikli g\u00f6z, hassas film bask\u0131 hizalamas\u0131 i\u00e7in yap\u0131\u015ft\u0131rma konumunu otomatik olarak izler ve d\u00fczeltir.<\/li>    <li>Do\u011fru dolum miktar\u0131, depolama tamburunun s\u0131v\u0131 seviyesi kontrol\u00fc ile otomatik besleme, tamburun otomatik temizlenmesi ve boru hatt\u0131n\u0131n CIP ile doldurulmas\u0131. T\u00fcm borular g\u0131da s\u0131n\u0131f\u0131 s\u0131hhi d\u00fczenlemelere uygundur.<\/li>    <li>Makine doldurulacak bardak olmad\u0131\u011f\u0131n\u0131 tespit etti\u011finde otomatik olarak duracak ve bardaklar yeniden dolduruldu\u011funda otomatik olarak \u00e7al\u0131\u015fmaya ba\u015flayacakt\u0131r.<\/li> <\/ul>    <h2 class=\"wp-block-heading\">Yo\u011furt kab\u0131 dolum kapatma makinesi yap\u0131s\u0131<\/h2>    <p>Yo\u011furt kab\u0131 dolum kapatma makinesi, s\u0131zd\u0131rmazl\u0131k sistemi, dolum sistemi, PLC kontrol sistemi, otomatik bardak d\u00fc\u015f\u00fcrme sistemi, film b\u0131rakma sistemi, bardak bo\u015faltma sistemi vb. par\u00e7alardan olu\u015fur. T\u00fcm bu par\u00e7alar birlikte \u00e7al\u0131\u015f\u0131r, tam otomatik yo\u011furt kab\u0131 dolumu vard\u0131r. yap\u0131\u015ft\u0131rma makinesi mevcuttur. Geni\u015f dokunmatik ekran, \u00e7al\u0131\u015ft\u0131rmay\u0131 ve parametreleri ayarlamay\u0131 \u00e7ok kolayla\u015ft\u0131r\u0131r. Ayr\u0131ca, dayan\u0131kl\u0131 paslanmaz \u00e7elik malzeme ve ileri teknoloji, bardak dolum kapatma makinesinin iyi performans ve uzun hizmet \u00f6mr\u00fc olmas\u0131n\u0131 sa\u011flar. <\/p>    <figure class=\"wp-block-image size-full\"><img decoding=\"async\" src=\"https:\/\/taizypackaging.com\/wp-content\/uploads\/2021\/08\/yogurt-packing-machine-structure.jpg\" alt=\"yo\u011furt paketleme makinesi yap\u0131s\u0131\" class=\"wp-image-4018\"\/><figcaption class=\"wp-element-caption\">yo\u011furt paketleme makinesi yap\u0131s\u0131<\/figcaption><\/figure>    <h2 class=\"wp-block-heading\" id=\"h-about-us\">Otomatik bardak dolum kapatma makinesi \u00fcreticisi \u2013 Taizy Packaging<\/h2>    <p>D\u00f6ner bardak doldurma ve kapatma makinesi, bardak besleme, doldurma, kapatma ve bardak bo\u015faltma i\u015flemlerini entegre eden tam otomatik bir yo\u011furt paketleme hatt\u0131d\u0131r. Bu makine, s\u0131hhi gereksinimleri kar\u015f\u0131layan, temizlenmesi ve y\u0131kanmas\u0131 kolay paslanmaz \u00e7elik bir g\u00f6vdeden yap\u0131lm\u0131\u015ft\u0131r. Ayr\u0131ca krema ve di\u011fer \u00fcr\u00fcnlerin kaplar\u0131n\u0131n kapat\u0131lmas\u0131 ve plastik bardaklar\u0131n, ka\u011f\u0131t bardaklar\u0131n, al\u00fcminyum bardaklar\u0131n ve di\u011fer bardak ve kutular\u0131n kapat\u0131lmas\u0131 i\u00e7in uygundur.<\/p>    <p class=\"translation-block\"> G\u00fc\u00e7l\u00fc bir paketleme makinesi \u00fcreticisi ve tedarik\u00e7isi olarak, \u00fcr\u00fcn serilerimiz on y\u0131l\u0131 a\u015fk\u0131n \u00fcretim deneyimine sahiptir. Geli\u015fmi\u015f teknolojimizle, t\u00fcm makine kontrol sistemi ve pn\u00f6matik bile\u015fenler Japonya, Tayvan ve bir\u00e7ok \u00fcnl\u00fc markadan al\u0131nm\u0131\u015ft\u0131r; bu da d\u00fc\u015f\u00fck ar\u0131za oran\u0131, istikrarl\u0131 performans ve uzun hizmet \u00f6mr\u00fc \u00f6zelliklerini ta\u015f\u0131r. Ayr\u0131ca biz <a href=\"https:\/\/taizypackaging.com\/tr\/category\/machines-category\/granule-packing-machine\/\" target=\"_blank\" rel=\"noreferrer noopener\">gran\u00fcl paketleme makinesi<\/a>, toz paketleme makineleri, <a href=\"https:\/\/taizypackaging.com\/tr\/category\/machines-category\/tea\/\" target=\"_blank\" rel=\"noreferrer noopener\">\u00e7ay paketleme makineleri<\/a> vb. sa\u011flar. \u00dccretsiz bir teklif almak i\u00e7in bizimle ileti\u015fime ge\u00e7in. <\/p>","protected":false},"excerpt":{"rendered":"<p>Yo\u011furt kab\u0131 dolum ve kapatma makinesi, otomatik yo\u011furt kab\u0131 paketlemesi i\u00e7in kullan\u0131l\u0131r. Asl\u0131nda bu makine sadece yo\u011furt doldurma ve kapatma i\u00e7in de\u011fil ayn\u0131 zamanda s\u00fct, kahve, meyve suyu, dondurma, re\u00e7el ve di\u011fer i\u00e7ecekler gibi bir\u00e7ok \u00fcr\u00fcn i\u00e7in de uygundur.<\/p>","protected":false},"author":1,"featured_media":4881,"parent":0,"template":"","tags":[607,606],"product-type":[662],"class_list":["post-2756","product","type-product","status-publish","has-post-thumbnail","hentry","tag-cup-filling-and-sealing-machine","tag-yogurt-cup-filling-and-sealing-machine","product-type-paste-packing-machines"],"_links":{"self":[{"href":"https:\/\/taizypackaging.com\/tr\/wp-json\/wp\/v2\/product\/2756","targetHints":{"allow":["GET"]}}],"collection":[{"href":"https:\/\/taizypackaging.com\/tr\/wp-json\/wp\/v2\/product"}],"about":[{"href":"https:\/\/taizypackaging.com\/tr\/wp-json\/wp\/v2\/types\/product"}],"author":[{"embeddable":true,"href":"https:\/\/taizypackaging.com\/tr\/wp-json\/wp\/v2\/users\/1"}],"wp:featuredmedia":[{"embeddable":true,"href":"https:\/\/taizypackaging.com\/tr\/wp-json\/wp\/v2\/media\/4881"}],"wp:attachment":[{"href":"https:\/\/taizypackaging.com\/tr\/wp-json\/wp\/v2\/media?parent=2756"}],"wp:term":[{"taxonomy":"post_tag","embeddable":true,"href":"https:\/\/taizypackaging.com\/tr\/wp-json\/wp\/v2\/tags?post=2756"},{"taxonomy":"product-type","embeddable":true,"href":"https:\/\/taizypackaging.com\/tr\/wp-json\/wp\/v2\/product-type?post=2756"}],"curies":[{"name":"wp","href":"https:\/\/api.w.org\/{rel}","templated":true}]}}