{"id":293,"date":"2020-08-27T07:59:15","date_gmt":"2020-08-27T07:59:15","guid":{"rendered":"https:\/\/taizypackaging.com\/?p=293"},"modified":"2024-07-16T16:44:43","modified_gmt":"2024-07-16T08:44:43","slug":"lapel-combination-packaging-machine","status":"publish","type":"product","link":"https:\/\/taizypackaging.com\/tr\/lapel-combination-packaging-machine\/","title":{"rendered":"\u00c7ok Kafal\u0131 Kantar Paketleme Makinas\u0131"},"content":{"rendered":"<div class=\"kk-star-ratings kksr-auto kksr-align-left kksr-valign-top\"     data-payload='{&quot;align&quot;:&quot;left&quot;,&quot;id&quot;:&quot;293&quot;,&quot;slug&quot;:&quot;default&quot;,&quot;valign&quot;:&quot;top&quot;,&quot;ignore&quot;:&quot;&quot;,&quot;reference&quot;:&quot;auto&quot;,&quot;class&quot;:&quot;&quot;,&quot;count&quot;:&quot;10&quot;,&quot;legendonly&quot;:&quot;&quot;,&quot;readonly&quot;:&quot;&quot;,&quot;score&quot;:&quot;4.8&quot;,&quot;starsonly&quot;:&quot;&quot;,&quot;best&quot;:&quot;5&quot;,&quot;gap&quot;:&quot;5&quot;,&quot;greet&quot;:&quot;Rate this product&quot;,&quot;legend&quot;:&quot;4.8\\\/5 - (10 votes)&quot;,&quot;size&quot;:&quot;24&quot;,&quot;title&quot;:&quot;Multihead Weigher Packing Machine&quot;,&quot;width&quot;:&quot;136.7&quot;,&quot;_legend&quot;:&quot;{score}\\\/{best} - ({count} {votes})&quot;,&quot;font_factor&quot;:&quot;1.25&quot;}'>              <div class=\"kksr-stars\">      <div class=\"kksr-stars-inactive\">             <div class=\"kksr-star\" data-star=\"1\" style=\"padding-right: 5px\">               <div class=\"kksr-icon\" style=\"width: 24px; height: 24px;\"><\/div>         <\/div>             <div class=\"kksr-star\" data-star=\"2\" style=\"padding-right: 5px\">               <div class=\"kksr-icon\" style=\"width: 24px; height: 24px;\"><\/div>         <\/div>             <div class=\"kksr-star\" data-star=\"3\" style=\"padding-right: 5px\">               <div class=\"kksr-icon\" style=\"width: 24px; height: 24px;\"><\/div>         <\/div>             <div class=\"kksr-star\" data-star=\"4\" style=\"padding-right: 5px\">               <div class=\"kksr-icon\" style=\"width: 24px; height: 24px;\"><\/div>         <\/div>             <div class=\"kksr-star\" data-star=\"5\" style=\"padding-right: 5px\">               <div class=\"kksr-icon\" style=\"width: 24px; height: 24px;\"><\/div>         <\/div>     <\/div>      <div class=\"kksr-stars-active\" style=\"width: 136.7px;\">             <div class=\"kksr-star\" style=\"padding-right: 5px\">               <div class=\"kksr-icon\" style=\"width: 24px; height: 24px;\"><\/div>         <\/div>             <div class=\"kksr-star\" style=\"padding-right: 5px\">               <div class=\"kksr-icon\" style=\"width: 24px; height: 24px;\"><\/div>         <\/div>             <div class=\"kksr-star\" style=\"padding-right: 5px\">               <div class=\"kksr-icon\" style=\"width: 24px; height: 24px;\"><\/div>         <\/div>             <div class=\"kksr-star\" style=\"padding-right: 5px\">               <div class=\"kksr-icon\" style=\"width: 24px; height: 24px;\"><\/div>         <\/div>             <div class=\"kksr-star\" style=\"padding-right: 5px\">               <div class=\"kksr-icon\" style=\"width: 24px; height: 24px;\"><\/div>         <\/div>     <\/div> <\/div>                   <div class=\"kksr-legend\" style=\"font-size: 19.2px;\">             4.8\/5 - (10 oy)    <\/div>     <\/div>  <p class=\"translation-block\"><strong>\u00c7ok kafal\u0131 terazi paketleme makinesi<\/strong> s\u00fcper verimli bir paketleme \u00e7\u00f6z\u00fcm\u00fcd\u00fcr. Cips, patlam\u0131\u015f m\u0131s\u0131r, kuruyemi\u015f, tah\u0131l, \u015feker, kahve, tuz, \u00e7ikolata, donan\u0131m, plastik vb. hem g\u0131da hem de g\u0131da d\u0131\u015f\u0131 malzemeler i\u00e7in uygulanabilir. Y\u00fcksek derecede otomasyon seviyesi ve kolay kullan\u0131m\u0131 ile \u00e7ok kafal\u0131 terazi po\u015fet paketleme makinesi, \u00fcretkenli\u011finizi b\u00fcy\u00fck \u00f6l\u00e7\u00fcde art\u0131rabilir ve projenize fayda sa\u011flayabilir. Ayr\u0131ca, g\u00fcvenli \u00e7al\u0131\u015fmay\u0131 sa\u011flamak i\u00e7in acil durum g\u00fcvenlik cihazlar\u0131 benimsiyoruz. T\u00fcm makinelerimiz paslanmaz \u00e7elik malzeme kullan\u0131r, dayan\u0131kl\u0131 ve g\u00fcvenilirdir. Bir g\u0131da fabrikas\u0131na sahipseniz, \u00e7ok kafal\u0131 terazi makinesi kesinlikle iyi bir se\u00e7iminizdir. Daha fazla bilgi i\u00e7in bug\u00fcn bize ula\u015f\u0131n.  <\/p>    <h2 class=\"wp-block-heading\" id=\"h-the-working-video-of-the-large-combination-weigher-packaging-machine\">B\u00fcy\u00fck Kombine Kantar Paketleme Makinas\u0131n\u0131n \u00c7al\u0131\u015fma Videosu<\/h2>   <figure class=\"wp-block-embed-youtube wp-block-embed is-type-video is-provider-youtube wp-embed-aspect-16-9 wp-has-aspect-ratio\"><div class=\"lyte-wrapper fourthree\" title=\"Cips i\u00e7in \u00c7ok Kafal\u0131 Kantar Paketleme Makinesi | Otomatik Cips Paketleme Makinas\u0131\" style=\"width:960px;max-width:100%;margin:5px auto;\"><div class=\"lyMe hidef\" id=\"WYL_mfQQ28r7qzY\" itemprop=\"video\" itemscope itemtype=\"https:\/\/schema.org\/VideoObject\"><div><meta itemprop=\"thumbnailUrl\" content=\"https:\/\/taizypackaging.com\/wp-content\/plugins\/wp-youtube-lyte\/lyteCache.php?origThumbUrl=https%3A%2F%2Fi.ytimg.com%2Fvi%2FmfQQ28r7qzY%2Fmaxresdefault.jpg\" \/><meta itemprop=\"embedURL\" content=\"https:\/\/www.youtube.com\/embed\/mfQQ28r7qzY\" \/><meta itemprop=\"duration\" content=\"PT50S\" \/><meta itemprop=\"uploadDate\" content=\"2022-01-25T03:01:53Z\" \/><\/div><div id=\"lyte_mfQQ28r7qzY\" data-src=\"https:\/\/taizypackaging.com\/wp-content\/plugins\/wp-youtube-lyte\/lyteCache.php?origThumbUrl=https%3A%2F%2Fi.ytimg.com%2Fvi%2FmfQQ28r7qzY%2Fmaxresdefault.jpg\" class=\"pL\"><div class=\"tC\"><div class=\"tT\" itemprop=\"name\">Cips i\u00e7in \u00c7ok Kafal\u0131 Kantar Paketleme Makinesi | Otomatik Cips Paketleme Makinas\u0131<\/div><\/div><div class=\"play\"><\/div><div class=\"ctrl\"><div class=\"Lctrl\"><\/div><div class=\"Rctrl\"><\/div><\/div><\/div><noscript><a href=\"https:\/\/youtu.be\/mfQQ28r7qzY\" rel=\"nofollow noopener\" target=\"_blank\"><img loading=\"lazy\" decoding=\"async\" src=\"https:\/\/taizypackaging.com\/wp-content\/plugins\/wp-youtube-lyte\/lyteCache.php?origThumbUrl=https%3A%2F%2Fi.ytimg.com%2Fvi%2FmfQQ28r7qzY%2F0.jpg\" alt=\"Cips i\u00e7in \u00c7ok Kafal\u0131 Kantar Paketleme Makinesi | Otomatik Cips Paketleme Makinas\u0131\" width=\"960\" height=\"700\" \/><br \/>Bu videoyu YouTube'da izleyin<\/a><\/noscript><meta itemprop=\"description\" content=\"#chipspacking #multiheadweigher #packingbusiness EMAIL: info@taizypackaging.com TEL\/WHATSAPP: +86 18837171591 WEBSITE:https:\/\/taizypackaging.com\/lapel-combination-packaging-machine\/ This is a kind of multihead weigher packing machine for chips. It has absolutely a high efficiency and good performance. It can be applied to both food and non-food materials like chips, popcorn, nut, grains, sugar, coffee, salt, chocolate, hardware, plastic, etc. With a high degree of automation level and easy operation, a muli-head weigher pouch packing machine can greatly enhance your productivity and benefit your project. Generally, a multi-head weigher packing machine mainly consists of two parts, a feeding system, and a packaging system. They include a Z-type conveyor, multi head weigher, working platform, packaging machine, and output conveyor. You may also like these videos: Automatic small granule packing machine: https:\/\/www.youtube.com\/watch?v=RdSqEhdiWzU Premade bag packing machine: https:\/\/www.youtube.com\/watch?v=Xqb5_CFb_H8&amp;t=3s EMAIL: info@taizypackaging.com TEL\/WHATSAPP: +86 18837171591\"><\/div><\/div><div class=\"lL\" style=\"max-width:100%;width:960px;margin:5px auto;\"><\/div><figcaption><\/figcaption><\/figure>   <h2 class=\"wp-block-heading\" id=\"h-wide-applications-of-multi-head-weigher-packing-machine\">\u00c7ok Kafal\u0131 Kantar Paketleme Makinas\u0131n\u0131n Geni\u015f Uygulamalar\u0131<\/h2>    <p id=\"h-large-combination-weigher-packaging-machine-from-taizy-machinery-company-is-suitable-for-packaging-it-can-be-used-to-package-puffed-food-potato-chips-french-fries-peanuts-melon-seeds-msg-tea-dried-fruits-biscuits-cereals-hardware-plastics-and-other-granular-flake-strip-irregular-shapes-and-other-objects-it-can-be-wrapped-up-to-2-5-kg-so-how-do-you-pack-a-large-item-you-can-choose-this-machine-this-machine-is-the-first-choice-when-you-pack-fragile-items-for-example-potato-chips-french-fries-nigerian-chinchin-and-other-snacks\" class=\"translation-block\"><strong>\u00c7ok kafal\u0131 kombinasyon terazili paketleme makinesi<\/strong> \u00e7e\u015fitli gran\u00fcl \u00fcr\u00fcnlerin paketlenmesi i\u00e7in uygundur. \u015ei\u015firilmi\u015f g\u0131da, patates cipsi, Frans\u0131z patates k\u0131zartmas\u0131, yer f\u0131st\u0131\u011f\u0131, tah\u0131llar, at\u0131\u015ft\u0131rmal\u0131klar, kavun \u00e7ekirde\u011fi, \u00e7ay, kuru meyve, bisk\u00fcvi, tah\u0131l gevre\u011fi, donan\u0131m, plastik ve di\u011fer bir\u00e7ok gran\u00fcl \u00fcr\u00fcn\u00fcn paketlenmesinde kullan\u0131labilir. \u00c7ok kafal\u0131 terazi po\u015fet paketleme makinesi genellikle g\u0131da end\u00fcstrisinde kullan\u0131l\u0131r. G\u0131da s\u0131n\u0131f\u0131 malzeme ve ileri teknoloji benimseyerek g\u00fcvenli ve g\u00fcvenilirdir. Bu arada, ihtiya\u00e7lar\u0131n\u0131za uygun \u00e7e\u015fitli destekleyici ekipmanlar sa\u011fl\u0131yoruz. \u00d6rne\u011fin, \u015fi\u015firilmi\u015f \u00fcr\u00fcnleri taze tutmak ve ta\u015f\u0131may\u0131 kolayla\u015ft\u0131rmak i\u00e7in bir nitrojen dolum cihaz\u0131 bulunmaktad\u0131r. <\/p>    <figure class=\"wp-block-image alignnone wp-image-825 size-full\"><img decoding=\"async\" src=\"https:\/\/taizypackaging.com\/wp-content\/uploads\/2020\/08\/packing-snacks-2.jpg\" alt=\"aperatifler ambalaj\u0131\" class=\"wp-image-825\"\/><figcaption class=\"wp-element-caption\">g\u0131da paketleme uygulamas\u0131<\/figcaption><\/figure>    <h2 class=\"wp-block-heading\" id=\"h-types-of-multihead-weigher-vffs-packing-machine-for-sale\">Sat\u0131l\u0131k \u00c7ok Kefeli Kantar VFFS Paketleme Makinas\u0131 \u00c7e\u015fitleri <\/h2>    <p class=\"translation-block\">\u00c7ok kafal\u0131 terazi paketleme makinesi, di\u011fer bir\u00e7ok <a href=\"https:\/\/taizypackaging.com\/tr\/granule-packaging-machine\/\">dikey form paketleme makinesinden<\/a> farkl\u0131d\u0131r. Makine farkl\u0131 besleme sistemleri ile donat\u0131labilir. Genellikle kulland\u0131\u011f\u0131m\u0131z 4 kafal\u0131 terazi, 10 kafal\u0131 terazi ve 14 kafal\u0131 terazidir. Farkl\u0131 \u00e7ok kafal\u0131 terazilerin farkl\u0131 faydalar\u0131 ve uygulamalar\u0131 vard\u0131r. \u00d6rne\u011fin, 14 kafal\u0131 bir terazi paketleme makinesi, 4 kafal\u0131 bir terazi paketleme makinesinden daha verimlidir. Ancak maliyeti nispeten daha y\u00fcksektir. Ayr\u0131ca, bu makine i\u00e7in \u00fc\u00e7 paketleme sistemi t\u00fcr\u00fc vard\u0131r: TH-420, TH-520 ve TH-720. Bunlar paket uzunluklar\u0131, paket geni\u015flikleri ve paketleme h\u0131zlar\u0131 i\u00e7in uygundur. Projeniz i\u00e7in hangisinin en iyi oldu\u011funu biliyor musunuz? Profesyonel sat\u0131n alma rehberli\u011fi i\u00e7in bize e-posta g\u00f6nderin veya bizi aray\u0131n. <\/p>    <figure class=\"wp-block-image size-large\"><img decoding=\"async\" src=\"https:\/\/taizypackaging.com\/wp-content\/uploads\/2020\/08\/large-combination-weigher-packaging-machine-1.jpg\" alt=\"b\u00fcy\u00fck kombinasyon kantar\u0131 paketleme makinesi\" class=\"wp-image-709\"\/><figcaption class=\"wp-element-caption\">\u00c7ok kafal\u0131 kombinasyon kantar\u0131 paketleme makinesi<\/figcaption><\/figure>    <h2 class=\"wp-block-heading\" id=\"taizy-multihead-weigher-machine-parameters\">Taizy \u00c7ok Kafal\u0131 Kantar Makinesi Parametreleri<\/h2>    <figure class=\"wp-block-table\"><table><tbody><tr><td>Tip<\/td><td>TH420<\/td><td>TH520<\/td><td>TH720<\/td><\/tr><tr><td>\u00c7anta uzunlu\u011fu<\/td><td>80-300mm<\/td><td>80-400mm<\/td><td>100-400mm<\/td><\/tr><tr><td>\u00c7anta geni\u015fli\u011fi<\/td><td>50-200mm<\/td><td>80-250mm<\/td><td>180-350mm<\/td><\/tr><tr><td>Maksimum rulo film geni\u015fli\u011fi<\/td><td>420mm<\/td><td>520mm<\/td><td>720mm<\/td><\/tr><tr><td>Paketleme h\u0131z\u0131<\/td><td>5-30 torba\/dak<\/td><td>5-50 torba\/dak<\/td><td>5-50 torba\/dak<\/td><\/tr><tr><td>Hava t\u00fcketimi<\/td><td>0,65mpa<\/td><td>0,65mpa<\/td><td>0,65mpa<\/td><\/tr><tr><td>Gaz t\u00fcketimi<\/td><td>0,3m\u00b3\/dak<\/td><td>0,4m\u00b3\/dak<\/td><td>0,4m\u00b3\/dak<\/td><\/tr><tr><td>G\u00fc\u00e7 gerilimi<\/td><td>220V<\/td><td>220VAC\/50HZ<\/td><td>220VAC\/50HZ<\/td><\/tr><tr><td>Boyut<\/td><td>(U)1320*(G)950*(Y)1360<\/td><td>(U)1150\u00d7(G)1795\u00d7(Y)1650mm<\/td><td>(U)1780\u00d7(G)1350\u00d7(Y)1950mm<\/td><\/tr><\/tbody><\/table><\/figure>    <h2 class=\"wp-block-heading\" id=\"h-structures-of-multihead-weigher-packaging-machine\">\u00c7ok Kafal\u0131 Kantar Paketleme Makinas\u0131n\u0131n Yap\u0131lar\u0131<\/h2>    <p>Genel olarak, \u00e7ok kafal\u0131 terazili paketleme makinesi esas olarak iki par\u00e7adan, bir besleme sistemi ve bir paketleme sisteminden olu\u015fur.  Bunlar aras\u0131nda Z tipi bir asans\u00f6r, \u00e7ok kafal\u0131 kantar, \u00e7al\u0131\u015fma platformu, paketleme makinesi ve \u00e7\u0131k\u0131\u015f konvey\u00f6r\u00fc bulunur. Otomatik besleme, tartma, doldurma, kapatma ve kesme i\u015flemlerini ger\u00e7ekle\u015ftirmek i\u00e7in bir arada grupland\u0131r\u0131lm\u0131\u015flard\u0131r. 10 kafal\u0131 terazi veya 14 kafal\u0131 terazi ile donat\u0131lm\u0131\u015f olup son derece verimli ve g\u00fcvenilirdir. G\u00fc\u00e7l\u00fc bir \u00e7ok kafal\u0131 kantar makinesi \u00fcreticisi olarak, m\u00fckemmel standart ve \u00f6zel paketleme makinesi hizmeti sunuyoruz. Bu makineyle ilgileniyor musunuz? Daha fazla bilgi i\u00e7in bizimle ileti\u015fime ge\u00e7in. <\/p>    <figure class=\"wp-block-image size-full\"><img decoding=\"async\" src=\"https:\/\/taizypackaging.com\/wp-content\/uploads\/2020\/08\/multihead-weigher-machine-structure.jpg\" alt=\"\u00e7ok kafal\u0131 kantar makine yap\u0131s\u0131\" class=\"wp-image-3298\"\/><figcaption class=\"wp-element-caption\">\u00e7ok kafal\u0131 kantar makine yap\u0131s\u0131<\/figcaption><\/figure>   <h2>\u00c7ok Kafal\u0131 Kantar Paketleme Makinesinin Paket Stilleri<\/h2> <p>B\u00fcy\u00fck dikey kombinasyon terazili paketleme makinesinin paketleme stilleri \u00e7e\u015fitlendirilmi\u015ftir. Arkadan s\u0131zd\u0131rmazl\u0131k olabilir ancak boyut farkl\u0131l\u0131klar\u0131 vard\u0131r.<\/p> <figure id=\"attachment_1126\" aria-describedby=\"caption-attachment-1126\" style=\"width: 720px\" class=\"wp-caption alignnone\"><img loading=\"lazy\" decoding=\"async\" class=\"wp-image-1126 size-full\" src=\"https:\/\/taizypackaging.com\/wp-content\/uploads\/2020\/08\/back-sealing.jpg\" alt=\"arka s\u0131zd\u0131rmazl\u0131k\" width=\"720\" height=\"540\"><figcaption id=\"caption-attachment-1126\" class=\"wp-caption-text\">\u00e7anta t\u00fcrleri<\/figcaption><\/figure> <h2 id=\"h-the-advantages-of-large-packaging-machine\">\u00c7ok Kafal\u0131 Kantar Paketleme Makinas\u0131n\u0131n Avantajlar\u0131<\/h2>   <ol class=\"wp-block-list\" type=\"1\"> <li>Bu paketleme makinesi, yatay ve dikey s\u0131zd\u0131rmazl\u0131k s\u0131cakl\u0131\u011f\u0131n\u0131 kontrol etmek i\u00e7in bir termokupl kullan\u0131r.<\/li>    <li>G\u00fc\u00e7l\u00fc g\u00fcce sahip pn\u00f6matik bir ana bilgisayar\u0131 benimser.<\/li>    <li>Membran \u00e7ekme tekerle\u011fi, ambalaj po\u015fetini daha fazla yapan kau\u00e7uk malzemeden yap\u0131lm\u0131\u015ft\u0131r. Film \u00e7ekme tekerle\u011fi, ambalaj po\u015fetini daha p\u00fcr\u00fczs\u00fcz hale getiren kau\u00e7uk malzemeden yap\u0131lm\u0131\u015ft\u0131r.<\/li>    <li>Makinenin ambalaj\u0131 kusursuz ve sa\u011flamd\u0131r.<\/li>    <li>Ambalaj filminin i\u00e7i, s\u0131zd\u0131rmazl\u0131k i\u00e7in uygun olan \u0131s\u0131yla yap\u0131\u015fan filmden yap\u0131lm\u0131\u015ft\u0131r.<\/li>    <li>Paketleme \u00e7antas\u0131n\u0131n s\u00fcpermarketlerde as\u0131lmaya uygun olmas\u0131 i\u00e7in bir delme cihaz\u0131yla donat\u0131labilir.<\/li>    <li>Patates k\u0131zartmas\u0131, patates cipsi, \u015fi\u015firilmi\u015f at\u0131\u015ft\u0131rmal\u0131klar vb. gibi hassas e\u015fyalar\u0131n paketlenmesi i\u00e7in bir \u015fi\u015firici ile donat\u0131labilir.<\/li> <\/ol>    <h2 class=\"wp-block-heading\" id=\"h-multihead-weigher-working-principle\">\u00c7ok Kafal\u0131 Kantar \u00c7al\u0131\u015fma Prensibi <\/h2>    <p>\u00c7ok kafal\u0131 terazi veya bilgisayar kombinasyonlu terazi olarak adland\u0131r\u0131lan terazi, \u00fcr\u00fcn\u00fcn kesin a\u011f\u0131rl\u0131\u011f\u0131n\u0131 \u00f6l\u00e7mek i\u00e7in genellikle farkl\u0131 tart\u0131m ba\u015fl\u0131klar\u0131 kullan\u0131r. Terazinin \u00fcst k\u0131sm\u0131ndaki \u00fcr\u00fcn kombinasyonlar\u0131 uzun s\u00fcre sonra i\u00e7 da\u011f\u0131l\u0131m sistemleri dengede \u00e7al\u0131\u015fmaya ba\u015flayacakt\u0131r. Sistem \u00fcr\u00fcnleri do\u011frusal besleme plakas\u0131 yard\u0131m\u0131yla da\u011f\u0131tacak, farkl\u0131 do\u011frusal besleyiciler \u00fcr\u00fcnleri hazneye ta\u015f\u0131yacakt\u0131r. \u00d6rne\u011fin 14 kafal\u0131 tart\u0131ml\u0131 paketleme makinesi kullan\u0131yorsan\u0131z, \u00fcr\u00fcn hazneye aktar\u0131ld\u0131ktan sonra normalde \u00fcr\u00fcn\u00fc 14 hazneye ta\u015f\u0131mak i\u00e7in 14 adet lineer besleyici bulunacakt\u0131r. <\/p>    <h2 class=\"wp-block-heading\" id=\"h-customer-case\">\u00c7ok Kafal\u0131 Kantar Paketleme Makinesi Malezya'ya \u0130hra\u00e7 Edildi<\/h2>    <p>Malezya'da bu makineyi kullanarak 1,5 kg \u00e7ama\u015f\u0131r tozunu paketleyen bir m\u00fc\u015fterimiz var. Ayr\u0131ca u\u00e7 a\u00e7\u0131s\u0131n\u0131 delebilen bir cihaz ekledi. Kendisi bir s\u00fcpermarket tedarik\u00e7isi oldu\u011fundan, s\u00fcpermarkete tedarik etmek \u00fczere \u00e7ama\u015f\u0131r tozunu paketledi.<\/p>    <figure class=\"wp-block-image size-full\"><img decoding=\"async\" src=\"https:\/\/taizypackaging.com\/wp-content\/uploads\/2020\/08\/multihead-weigher-packing-machine-factory.jpg\" alt=\"\u00e7ok kafal\u0131 kantar paketleme makinesi fabrikas\u0131\" class=\"wp-image-3306\"\/><figcaption class=\"wp-element-caption\">\u00e7ok kafal\u0131 kantar paketleme makinesi fabrikas\u0131<\/figcaption><\/figure>    <h2 class=\"wp-block-heading\" id=\"h-conclusion\">\u00c7\u00f6z\u00fcm<\/h2>    <p class=\"translation-block\">\u00c7ok kafal\u0131 terazi paketleme makinesi, \u00e7ok y\u00fcksek verimlili\u011fe sahip harika bir paketleme arac\u0131d\u0131r. G\u0131da i\u015finize kesinlikle fayda sa\u011flayabilir. Dayan\u0131kl\u0131 malzeme ve ileri teknoloji ile \u00e7ok kafal\u0131 terazi makinelerimiz iyi performansa ve uzun hizmet \u00f6mr\u00fcne sahiptir. Ayr\u0131ca, \u00e7ok kafal\u0131 terazi ve <a href=\"https:\/\/taizypackaging.com\/tr\/\">paketleme makinesi<\/a> ayr\u0131 ayr\u0131 sat\u0131labilir. \u00d6zel gereksinimlerinizi kar\u015f\u0131lamak i\u00e7in g\u00fc\u00e7l\u00fc \u00f6zel hizmetler sunuyoruz. Daha fazla kar elde etmek i\u00e7in kaliteli bir \u00e7ok kafal\u0131 terazi makinesi mi ar\u0131yorsunuz? Gereksinimlerinizi b\u0131rak\u0131n, size en k\u0131sa s\u00fcrede cevap verece\u011fiz. <\/p>","protected":false},"excerpt":{"rendered":"<p>Multihead weigher packing machine is a super-efficient packaging solution. It can be applied to both food and non-food materials like chips, popcorn, nuts, grains, sugar, coffee, salt, chocolate, hardware, plastic, etc. With a high degree of automation level and easy operation, a muli-head weigher pouch packing machine can greatly enhance your productivity and benefit your [&hellip;]<\/p>\n","protected":false},"author":1,"featured_media":710,"parent":0,"template":"","tags":[594,593],"product-type":[659],"class_list":["post-293","product","type-product","status-publish","has-post-thumbnail","hentry","tag-multihead-weigher-machine","tag-multihead-weigher-packing-machine","product-type-granule-packing-machines"],"_links":{"self":[{"href":"https:\/\/taizypackaging.com\/tr\/wp-json\/wp\/v2\/product\/293","targetHints":{"allow":["GET"]}}],"collection":[{"href":"https:\/\/taizypackaging.com\/tr\/wp-json\/wp\/v2\/product"}],"about":[{"href":"https:\/\/taizypackaging.com\/tr\/wp-json\/wp\/v2\/types\/product"}],"author":[{"embeddable":true,"href":"https:\/\/taizypackaging.com\/tr\/wp-json\/wp\/v2\/users\/1"}],"wp:featuredmedia":[{"embeddable":true,"href":"https:\/\/taizypackaging.com\/tr\/wp-json\/wp\/v2\/media\/710"}],"wp:attachment":[{"href":"https:\/\/taizypackaging.com\/tr\/wp-json\/wp\/v2\/media?parent=293"}],"wp:term":[{"taxonomy":"post_tag","embeddable":true,"href":"https:\/\/taizypackaging.com\/tr\/wp-json\/wp\/v2\/tags?post=293"},{"taxonomy":"product-type","embeddable":true,"href":"https:\/\/taizypackaging.com\/tr\/wp-json\/wp\/v2\/product-type?post=293"}],"curies":[{"name":"wp","href":"https:\/\/api.w.org\/{rel}","templated":true}]}}