{"id":392,"date":"2020-09-10T01:59:30","date_gmt":"2020-09-10T01:59:30","guid":{"rendered":"https:\/\/taizypackaging.com\/?p=392"},"modified":"2024-07-17T18:00:41","modified_gmt":"2024-07-17T10:00:41","slug":"vacuum-packing-machine-2","status":"publish","type":"product","link":"https:\/\/taizypackaging.com\/tr\/vacuum-packing-machine\/","title":{"rendered":"Masa\u00fcst\u00fc Vakum Paketleme Makinas\u0131"},"content":{"rendered":"<div class=\"kk-star-ratings kksr-auto kksr-align-left kksr-valign-top\"     data-payload='{&quot;align&quot;:&quot;left&quot;,&quot;id&quot;:&quot;392&quot;,&quot;slug&quot;:&quot;default&quot;,&quot;valign&quot;:&quot;top&quot;,&quot;ignore&quot;:&quot;&quot;,&quot;reference&quot;:&quot;auto&quot;,&quot;class&quot;:&quot;&quot;,&quot;count&quot;:&quot;13&quot;,&quot;legendonly&quot;:&quot;&quot;,&quot;readonly&quot;:&quot;&quot;,&quot;score&quot;:&quot;4.7&quot;,&quot;starsonly&quot;:&quot;&quot;,&quot;best&quot;:&quot;5&quot;,&quot;gap&quot;:&quot;5&quot;,&quot;greet&quot;:&quot;Rate this product&quot;,&quot;legend&quot;:&quot;4.7\\\/5 - (13 votes)&quot;,&quot;size&quot;:&quot;24&quot;,&quot;title&quot;:&quot;Desktop Vacuum Packaging Machine&quot;,&quot;width&quot;:&quot;133.8&quot;,&quot;_legend&quot;:&quot;{score}\\\/{best} - ({count} {votes})&quot;,&quot;font_factor&quot;:&quot;1.25&quot;}'>              <div class=\"kksr-stars\">      <div class=\"kksr-stars-inactive\">             <div class=\"kksr-star\" data-star=\"1\" style=\"padding-right: 5px\">               <div class=\"kksr-icon\" style=\"width: 24px; height: 24px;\"><\/div>         <\/div>             <div class=\"kksr-star\" data-star=\"2\" style=\"padding-right: 5px\">               <div class=\"kksr-icon\" style=\"width: 24px; height: 24px;\"><\/div>         <\/div>             <div class=\"kksr-star\" data-star=\"3\" style=\"padding-right: 5px\">               <div class=\"kksr-icon\" style=\"width: 24px; height: 24px;\"><\/div>         <\/div>             <div class=\"kksr-star\" data-star=\"4\" style=\"padding-right: 5px\">               <div class=\"kksr-icon\" style=\"width: 24px; height: 24px;\"><\/div>         <\/div>             <div class=\"kksr-star\" data-star=\"5\" style=\"padding-right: 5px\">               <div class=\"kksr-icon\" style=\"width: 24px; height: 24px;\"><\/div>         <\/div>     <\/div>      <div class=\"kksr-stars-active\" style=\"width: 133.8px;\">             <div class=\"kksr-star\" style=\"padding-right: 5px\">               <div class=\"kksr-icon\" style=\"width: 24px; height: 24px;\"><\/div>         <\/div>             <div class=\"kksr-star\" style=\"padding-right: 5px\">               <div class=\"kksr-icon\" style=\"width: 24px; height: 24px;\"><\/div>         <\/div>             <div class=\"kksr-star\" style=\"padding-right: 5px\">               <div class=\"kksr-icon\" style=\"width: 24px; height: 24px;\"><\/div>         <\/div>             <div class=\"kksr-star\" style=\"padding-right: 5px\">               <div class=\"kksr-icon\" style=\"width: 24px; height: 24px;\"><\/div>         <\/div>             <div class=\"kksr-star\" style=\"padding-right: 5px\">               <div class=\"kksr-icon\" style=\"width: 24px; height: 24px;\"><\/div>         <\/div>     <\/div> <\/div>                   <div class=\"kksr-legend\" style=\"font-size: 19.2px;\">             4.7\/5 - (13 oy)    <\/div>     <\/div>  <p class=\"translation-block\"><strong>Desktop vacuum packaging machine<\/strong> also called portable vacuum sealer. It is very convenient for food vacuum packaging for both commercial and home uses. A tabletop vacuum packing machine has features of small size, low cost, and good performance. It can greatly extend the shelf life of food and is easy to transport as well. Therefore, this machine is quite ideal for your small factory or home applications. Besides, the vacuum packing machine market is growing year by year. Want to start your project or be our agent? Get in touch with us today for further information. <\/p>    <h2 class=\"wp-block-heading\" id=\"h-applications-of-vacuum-packing-machine\">Vakum Paketleme Makinesi Uygulamalar\u0131<\/h2>    <p>Masa\u00fcst\u00fc vakum paketleme makinesi esas olarak tavuk budu, jambon, tavuk aya\u011f\u0131, et, sebze, meyve, baharatl\u0131 \u015feritler, \u0131zgara bal\u0131k filetosu, kurutulmu\u015f dana eti, sosis, deniz \u00fcr\u00fcnleri, s\u0131v\u0131lar, sal\u00e7a, ila\u00e7lar gibi her t\u00fcrl\u00fc g\u0131dan\u0131n paketlenmesi i\u00e7in kullan\u0131l\u0131r. Ayr\u0131ca donan\u0131m, plastik vb. vakumlu ambalajlama da yapabilir. K\u0131saca hem g\u0131da hem de g\u0131da d\u0131\u015f\u0131 \u00fcr\u00fcnler i\u00e7in \u00e7ok geni\u015f bir uygulama alan\u0131na sahiptir. <\/p>    <figure class=\"wp-block-image size-full\"><img decoding=\"async\" src=\"https:\/\/taizypackaging.com\/wp-content\/uploads\/2020\/09\/desktop-vacuum-packing-machine-applications.jpg\" alt=\"masa\u00fcst\u00fc vakum paketleme makinesi uygulamalar\u0131\" class=\"wp-image-4078\"\/><figcaption>masa\u00fcst\u00fc vakum paketleme makinesi uygulamalar\u0131<\/figcaption><\/figure>    <h2 class=\"wp-block-heading\" id=\"h-quality-desktop-vacuum-packaging-machine-for-sale\">Sat\u0131l\u0131k Kaliteli Masa\u00fcst\u00fc Vakum Paketleme Makinesi <\/h2>    <p class=\"translation-block\">Vacuum packing machine is becoming more and more popular all over the world. Many families use it to vacuum sealing food. Thus the food products are easy to store and have a long shelf life. There are three models of desktop vacuum packing machines available from Taizy Packaging Machinery, DZ-260A, DZ-260B, and DZ-260C. They have different vacuum pump powers and vacuum room sizes. Which one is suitable should be according to your actual situation. Furthermore, we provide excellent industrial vacuum packing machines for sale, such as <a href=\"https:\/\/taizypackaging.com\/tr\/single-chamber-vacuum-packing-machine\/\">single chamber vacuum sealer<\/a> and <a href=\"https:\/\/taizypackaging.com\/tr\/double-chamber-vacuum-packing-machine\/\">double chamber vacuuum sealer<\/a>. They have high efficiency and they are our commercial vacuum sealers. With simple structure and perfect design, they are easy to operate and maintain. Email us or call us for the best quote.<\/p>    <figure class=\"wp-block-image size-full\"><img decoding=\"async\" src=\"https:\/\/taizypackaging.com\/wp-content\/uploads\/2020\/09\/portable-vacuum-packaging-machine.jpg\" alt=\"ta\u015f\u0131nabilir vakum paketleme makinesi\" class=\"wp-image-3318\"\/><figcaption>ta\u015f\u0131nabilir vakum paketleme makinesi<\/figcaption><\/figure>    <h2 class=\"wp-block-heading\" id=\"h-parameters-of-taizy-desktop-vacuum-packing-machine\">Taizy Masa\u00fcst\u00fc Vakum Paketleme Makinesi Parametreleri<\/h2>    <figure class=\"wp-block-table\"><table><tbody><tr><td>Modeli<\/td><td>DZ-260A<\/td><td>DZ-260B<\/td><td>DZ-260C<\/td><\/tr><tr><td>G\u00fc\u00e7 kayna\u011f\u0131<\/td><td>AC220V\/50Hz 110V\/60Hz<\/td><td>AC220V\/50Hz 110V\/60Hz<\/td><td>AC220V\/50Hz 110V\/60Hz<\/td><\/tr><tr><td>Vakum pompas\u0131 g\u00fcc\u00fc<\/td><td>180W<\/td><td>180W<\/td><td>120W<\/td><\/tr><tr><td>Is\u0131 s\u0131zd\u0131rmazl\u0131k g\u00fcc\u00fc<\/td><td>260W<\/td><td>260W<\/td><td>260W<\/td><\/tr><tr><td>Vakum odas\u0131 boyutu<\/td><td>390*285*50mm<\/td><td>390*285*50mm<\/td><td>330*270*50mm<\/td><\/tr><tr><td>Vakum odas\u0131n\u0131n malzemesi<\/td><td>Paslanmaz \u00e7elik<\/td><td>Paslanmaz \u00e7elik<\/td><td>Paslanmaz \u00e7elik<\/td><\/tr><tr><td>Makine boyutu<\/td><td>490*340*380mm<\/td><td>490*340*380mm<\/td><td>405*320*340mm<\/td><\/tr><\/tbody><\/table><\/figure>    <h2 class=\"wp-block-heading\" id=\"h-structure-details-of-table-top-vacuum-packaging-machine\">Masa \u00dcst\u00fc Vakum Paketleme Makinas\u0131n\u0131n Yap\u0131 Detaylar\u0131<\/h2>    <p>Masa\u00fcst\u00fc vakum paketleme makinesi esas olarak bir vakum odas\u0131, vakum pompas\u0131, kontrol paneli, s\u0131zd\u0131rmazl\u0131k \u015feridi, paslanmaz \u00e7elik g\u00f6vde ve \u015feffaf kapaktan olu\u015fur. Basit bir yap\u0131 ve makul tasar\u0131m, ta\u015f\u0131nabilir vakumlu paketleme makinesinin y\u00fcksek performans\u0131n\u0131 garanti eder. <\/p>    <figure class=\"wp-block-image size-full\"><img decoding=\"async\" src=\"https:\/\/taizypackaging.com\/wp-content\/uploads\/2020\/09\/portable-vacuum-packing-machine-details.jpg\" alt=\"ta\u015f\u0131nabilir vakum paketleme makinesi detaylar\u0131\" class=\"wp-image-4079\"\/><figcaption>ta\u015f\u0131nabilir vakum paketleme makinesi detaylar\u0131<\/figcaption><\/figure>    <h2 class=\"wp-block-heading\" id=\"h-the-working-principle-of-desktop-vacuum-packaging-machine\">Masa\u00fcst\u00fc Vakum Paketleme Makinas\u0131n\u0131n \u00c7al\u0131\u015fma Prensibi<\/h2>    <p>Vakumlu paketlemenin ana i\u015flevi, g\u0131dan\u0131n bozulmas\u0131n\u0131 \u00f6nlemeye yard\u0131mc\u0131 olmak i\u00e7in oksijeni uzakla\u015ft\u0131rmakt\u0131r. Yani vakum paketinin prensibi nispeten basittir. G\u0131dalardaki k\u00fcf ve \u00e7\u00fcr\u00fcmenin esas olarak mikroorganizmalardan kaynaklanmas\u0131 nedeniyle \u00e7o\u011fu mikroorganizma (k\u00fcf ve maya gibi) hayatta kalabilmek i\u00e7in oksijene ihtiya\u00e7 duyar. Vakum paketleme makinesi bu prensibi kullanarak paketleme po\u015fetinden ve g\u0131da h\u00fccrelerinden oksijen alarak mikroorganizmalar\u0131n ya\u015fam ortamlar\u0131n\u0131 kaybetmesini sa\u011flar.<br>Deneyler, ambalaj po\u015fetindeki oksijen konsantrasyonu \u22641% oldu\u011funda mikroorganizmalar\u0131n b\u00fcy\u00fcme ve \u00fcreme h\u0131z\u0131n\u0131n keskin bir \u015fekilde d\u00fc\u015fece\u011fini kan\u0131tlam\u0131\u015ft\u0131r. Oksijen konsantrasyonu \u22640,5% oldu\u011funda \u00e7o\u011fu mikroorganizma \u00fcremeyi engelleyecek ve durduracakt\u0131r. Ayr\u0131ca sterilizasyon kab\u0131 vakum paketleme makinemiz ile e\u015fle\u015ftirilmi\u015ftir. Ve \u00fcr\u00fcnler paketlendikten sonra daha fazla sterilizasyon i\u00e7in sterilizasyon kab\u0131na girer. B\u00f6ylece g\u0131dan\u0131n daha uzun s\u00fcre saklanabilmesini sa\u011flayabilir.<\/p>    <h2 class=\"wp-block-heading\" id=\"h-advantages-of-small-vacuum-packing-machine\">K\u00fc\u00e7\u00fck Vakum Paketleme Makinas\u0131n\u0131n Avantajlar\u0131<\/h2>    <ul class=\"wp-block-list\"><li>Paketleme torbas\u0131ndaki hava (oksijen) ortadan kald\u0131r\u0131l\u0131r ve bu da yiyeceklerin bozulmas\u0131n\u0131 etkili bir \u015fekilde \u00f6nleyebilir.<\/li><li>M\u00fckemmel hava ge\u00e7irmezli\u011fe, s\u0131k\u0131 s\u0131zd\u0131rmazl\u0131k teknolojisine ve gereksinimlere sahip ambalaj malzemeleri, ambalaj po\u015fetindeki malzeme de\u011fi\u015fimini etkili bir \u015fekilde \u00f6nleyebilir. Ayr\u0131ca g\u0131dan\u0131n a\u011f\u0131rl\u0131k kayb\u0131n\u0131 ve tat kayb\u0131n\u0131 \u00f6nleyebilir ve ikincil kirlili\u011fi \u00f6nleyebilir.<\/li><li>Vakumlu paketleme kab\u0131n\u0131n i\u00e7indeki gaz ortadan kald\u0131r\u0131lm\u0131\u015ft\u0131r, bu da \u0131s\u0131 transferini h\u0131zland\u0131r\u0131r. B\u00f6ylece \u0131s\u0131 sterilizasyonunun verimlili\u011fini art\u0131rabilir ve \u0131s\u0131 sterilizasyonu s\u0131ras\u0131nda gaz genle\u015fmesi nedeniyle ambalaj kab\u0131n\u0131n y\u0131rt\u0131lmas\u0131n\u0131 \u00f6nleyebilir.<\/li><li>\u0130\u015flem basit ve kullan\u0131\u015fl\u0131d\u0131r ve ekranda bir kodlama tarihi ayarlayabilirsiniz.<\/li><\/ul>    <div class=\"wp-block-columns is-layout-flex wp-container-core-columns-is-layout-9d6595d7 wp-block-columns-is-layout-flex\"> <div class=\"wp-block-column is-layout-flow wp-block-column-is-layout-flow\"> <figure class=\"wp-block-image size-full\"><img decoding=\"async\" src=\"https:\/\/taizypackaging.com\/wp-content\/uploads\/2020\/09\/quality-vacuum-pump.jpg\" alt=\"kaliteli vakum pompas\u0131\" class=\"wp-image-4082\"\/><figcaption>kaliteli vakum pompas\u0131<\/figcaption><\/figure> <\/div>    <div class=\"wp-block-column is-layout-flow wp-block-column-is-layout-flow\"> <figure class=\"wp-block-image size-full\"><img decoding=\"async\" src=\"https:\/\/taizypackaging.com\/wp-content\/uploads\/2020\/09\/PLC-control-panel.jpg\" alt=\"PLC kontrol paneli\" class=\"wp-image-4083\"\/><figcaption>PLC kontrol paneli<\/figcaption><\/figure> <\/div> <\/div>    <div class=\"wp-block-columns is-layout-flex wp-container-core-columns-is-layout-9d6595d7 wp-block-columns-is-layout-flex\"> <div class=\"wp-block-column is-layout-flow wp-block-column-is-layout-flow\"> <figure class=\"wp-block-image size-full\"><img decoding=\"async\" src=\"https:\/\/taizypackaging.com\/wp-content\/uploads\/2020\/09\/portable-size.jpg\" alt=\"ta\u015f\u0131nabilir boyut\" class=\"wp-image-4084\"\/><figcaption>ta\u015f\u0131nabilir boyut<\/figcaption><\/figure> <\/div>    <div class=\"wp-block-column is-layout-flow wp-block-column-is-layout-flow\"> <figure class=\"wp-block-image size-full\"><img decoding=\"async\" src=\"https:\/\/taizypackaging.com\/wp-content\/uploads\/2020\/09\/bag-styles.jpg\" alt=\"\u00e7anta stilleri\" class=\"wp-image-4085\"\/><figcaption>\u00e7anta stilleri<\/figcaption><\/figure> <\/div> <\/div>    <h2 class=\"wp-block-heading\" id=\"h-faq\">SSS<\/h2>    <div class=\"schema-faq wp-block-yoast-faq-block\"><div class=\"schema-faq-section\" id=\"faq-question-1642743549517\"><strong class=\"schema-faq-question\">1. Bu makine tam otomatik mi?<\/strong> <p class=\"schema-faq-answer\">Hay\u0131r, asl\u0131nda \u00f6nce e\u015fyalar\u0131 vakum po\u015fetine koymam\u0131z daha sonra po\u015feti makineye yerle\u015ftirerek po\u015feti contal\u0131 olarak vakumlamam\u0131z gerekiyor.<\/p> <\/div> <div class=\"schema-faq-section\" id=\"faq-question-1642743568200\"><strong class=\"schema-faq-question\">2. Her t\u00fcrl\u00fc \u00e7anta paketlenebilir mi?<\/strong> <p class=\"schema-faq-answer\">Elbette Taizy firmas\u0131n\u0131n makinemiz \u00e7o\u011fu vakumlu torbaya uygundur. \u0130htiyac\u0131n\u0131z olursa size vakumlu po\u015fetler de sa\u011flayabiliriz.<\/p> <\/div> <div class=\"schema-faq-section\" id=\"faq-question-1642743666041\"><strong class=\"schema-faq-question\">3. Bundan daha h\u0131zl\u0131 bir vakum paketleme makinesi var m\u0131?<\/strong> <p class=\"schema-faq-answer\">Evet tek hazneli ve \u00e7ift hazneli vakum paketleme makinelerimiz mevcuttur. Kar\u015f\u0131la\u015ft\u0131r\u0131ld\u0131\u011f\u0131nda, bu iki makinenin paketleme verimlili\u011fi bu makineye g\u00f6re \u00e7ok daha y\u00fcksek. Bu makine k\u00fc\u00e7\u00fck \u00f6l\u00e7ekli \u00fcretime daha uygundur ve fiyat\u0131 olduk\u00e7a uygundur. \u0130htiyac\u0131n\u0131z olursa l\u00fctfen bizimle ileti\u015fime ge\u00e7in.<\/p> <\/div> <\/div>    <h2 class=\"wp-block-heading\" id=\"h-related-machines\">\u0130lgili Makineler<\/h2>    <p>\u00d6nde gelen bir vakum paketleme makinesi \u00fcreticisi ve tedarik\u00e7isi olarak, d\u00fcnya \u00e7ap\u0131ndaki m\u00fc\u015fterilerimize \u00e7e\u015fitli tiplerde vakum paketleme makineleri, ev tipi masa\u00fcst\u00fc vakum paketleme makinesi, ticari tek odal\u0131 vakum paketleme makinesi ve ticari \u00e7ift odal\u0131 vakum paketleme makinesi sunuyoruz. Farkl\u0131 avantajlar\u0131 ve fiyatlar\u0131 var. Detaylar i\u00e7in hemen bizimle ileti\u015fime ge\u00e7in. <\/p>    <figure class=\"wp-block-image size-full\"><img decoding=\"async\" src=\"https:\/\/taizypackaging.com\/wp-content\/uploads\/2020\/09\/single-chamber-sealer-and-double-chamber-sealer.jpg\" alt=\"tek odac\u0131kl\u0131 kapat\u0131c\u0131 ve \u00e7ift odac\u0131kl\u0131 kapat\u0131c\u0131\" class=\"wp-image-4075\"\/><figcaption>tek odac\u0131kl\u0131 kapat\u0131c\u0131 ve \u00e7ift odac\u0131kl\u0131 kapat\u0131c\u0131<\/figcaption><\/figure>","protected":false},"excerpt":{"rendered":"<p>Vakum paketleme makineleri, \u00e7o\u011fu g\u0131da sekt\u00f6r\u00fcnde ambalajlamada kullan\u0131lmak \u00fczere \u00e7e\u015fitli end\u00fcstrilerde kullan\u0131lmaktad\u0131r. Et vakum paketleme, k\u0131zarm\u0131\u015f yumurta vakum paketleme, sosis vakum paketleme, tavuk budu vakum paketleme, m\u0131s\u0131r vakum paketleme vb. Vakum paketleme makinelerinin teknolojik yenili\u011fi, ya\u015fam kalitemizi s\u00fcrekli olarak art\u0131rm\u0131\u015ft\u0131r.<\/p>","protected":false},"author":1,"featured_media":2629,"parent":0,"template":"","tags":[65,98,99,162,175,203,204,272,390,405,440,443,513],"product-type":[666],"class_list":["post-392","product","type-product","status-publish","has-post-thumbnail","hentry","tag-beef-jerky","tag-chicken-feet","tag-chicken-legs","tag-flowers","tag-fresh-fruits","tag-grilled-fish-fillets","tag-ham","tag-meat","tag-rice","tag-sausages","tag-spiced-corned-egg","tag-spicy-strips","tag-vegetables","product-type-vacuum-packaging-machines"],"_links":{"self":[{"href":"https:\/\/taizypackaging.com\/tr\/wp-json\/wp\/v2\/product\/392","targetHints":{"allow":["GET"]}}],"collection":[{"href":"https:\/\/taizypackaging.com\/tr\/wp-json\/wp\/v2\/product"}],"about":[{"href":"https:\/\/taizypackaging.com\/tr\/wp-json\/wp\/v2\/types\/product"}],"author":[{"embeddable":true,"href":"https:\/\/taizypackaging.com\/tr\/wp-json\/wp\/v2\/users\/1"}],"wp:featuredmedia":[{"embeddable":true,"href":"https:\/\/taizypackaging.com\/tr\/wp-json\/wp\/v2\/media\/2629"}],"wp:attachment":[{"href":"https:\/\/taizypackaging.com\/tr\/wp-json\/wp\/v2\/media?parent=392"}],"wp:term":[{"taxonomy":"post_tag","embeddable":true,"href":"https:\/\/taizypackaging.com\/tr\/wp-json\/wp\/v2\/tags?post=392"},{"taxonomy":"product-type","embeddable":true,"href":"https:\/\/taizypackaging.com\/tr\/wp-json\/wp\/v2\/product-type?post=392"}],"curies":[{"name":"wp","href":"https:\/\/api.w.org\/{rel}","templated":true}]}}