{"id":403,"date":"2020-09-10T07:01:03","date_gmt":"2020-09-10T07:01:03","guid":{"rendered":"https:\/\/taizypackaging.com\/?p=403"},"modified":"2024-07-17T17:44:44","modified_gmt":"2024-07-17T09:44:44","slug":"tea-packaging-machine","status":"publish","type":"product","link":"https:\/\/taizypackaging.com\/tr\/tea-packaging-machine\/","title":{"rendered":"\u0130\u00e7 ve D\u0131\u015f \u00c7ay Po\u015feti Paketleme Makinas\u0131"},"content":{"rendered":"<div class=\"kk-star-ratings kksr-auto kksr-align-left kksr-valign-top\"     data-payload='{&quot;align&quot;:&quot;left&quot;,&quot;id&quot;:&quot;403&quot;,&quot;slug&quot;:&quot;default&quot;,&quot;valign&quot;:&quot;top&quot;,&quot;ignore&quot;:&quot;&quot;,&quot;reference&quot;:&quot;auto&quot;,&quot;class&quot;:&quot;&quot;,&quot;count&quot;:&quot;30&quot;,&quot;legendonly&quot;:&quot;&quot;,&quot;readonly&quot;:&quot;&quot;,&quot;score&quot;:&quot;4.8&quot;,&quot;starsonly&quot;:&quot;&quot;,&quot;best&quot;:&quot;5&quot;,&quot;gap&quot;:&quot;5&quot;,&quot;greet&quot;:&quot;Rate this product&quot;,&quot;legend&quot;:&quot;4.8\\\/5 - (30 votes)&quot;,&quot;size&quot;:&quot;24&quot;,&quot;title&quot;:&quot;Inner \\u0026amp; Outer Tea Bag Packing Machine&quot;,&quot;width&quot;:&quot;136.7&quot;,&quot;_legend&quot;:&quot;{score}\\\/{best} - ({count} {votes})&quot;,&quot;font_factor&quot;:&quot;1.25&quot;}'>              <div class=\"kksr-stars\">      <div class=\"kksr-stars-inactive\">             <div class=\"kksr-star\" data-star=\"1\" style=\"padding-right: 5px\">               <div class=\"kksr-icon\" style=\"width: 24px; height: 24px;\"><\/div>         <\/div>             <div class=\"kksr-star\" data-star=\"2\" style=\"padding-right: 5px\">               <div class=\"kksr-icon\" style=\"width: 24px; height: 24px;\"><\/div>         <\/div>             <div class=\"kksr-star\" data-star=\"3\" style=\"padding-right: 5px\">               <div class=\"kksr-icon\" style=\"width: 24px; height: 24px;\"><\/div>         <\/div>             <div class=\"kksr-star\" data-star=\"4\" style=\"padding-right: 5px\">               <div class=\"kksr-icon\" style=\"width: 24px; height: 24px;\"><\/div>         <\/div>             <div class=\"kksr-star\" data-star=\"5\" style=\"padding-right: 5px\">               <div class=\"kksr-icon\" style=\"width: 24px; height: 24px;\"><\/div>         <\/div>     <\/div>      <div class=\"kksr-stars-active\" style=\"width: 136.7px;\">             <div class=\"kksr-star\" style=\"padding-right: 5px\">               <div class=\"kksr-icon\" style=\"width: 24px; height: 24px;\"><\/div>         <\/div>             <div class=\"kksr-star\" style=\"padding-right: 5px\">               <div class=\"kksr-icon\" style=\"width: 24px; height: 24px;\"><\/div>         <\/div>             <div class=\"kksr-star\" style=\"padding-right: 5px\">               <div class=\"kksr-icon\" style=\"width: 24px; height: 24px;\"><\/div>         <\/div>             <div class=\"kksr-star\" style=\"padding-right: 5px\">               <div class=\"kksr-icon\" style=\"width: 24px; height: 24px;\"><\/div>         <\/div>             <div class=\"kksr-star\" style=\"padding-right: 5px\">               <div class=\"kksr-icon\" style=\"width: 24px; height: 24px;\"><\/div>         <\/div>     <\/div> <\/div>                   <div class=\"kksr-legend\" style=\"font-size: 19.2px;\">             4.8\/5 - (30 oy)    <\/div>     <\/div>  <p class=\"translation-block\"><strong>\u00c7ay po\u015feti paketleme makineleri<\/strong>, \u00e7ay \u00fcretim end\u00fcstrisi i\u00e7in vazge\u00e7ilmez bir paketleme arac\u0131d\u0131r. \u0130\u015f g\u00fcc\u00fcnden tasarruf etmenizi ve maliyetlerinizi d\u00fc\u015f\u00fcrmenizi sa\u011flar. Ayr\u0131ca, harika paketleme po\u015fetleri \u00e7ay i\u015fletmenize daha fazla m\u00fc\u015fteri \u00e7ekebilir. Son zamanlarda \u00e7ay giderek daha pop\u00fcler hale geldi ve \u00e7ay paketleme makinelerine b\u00fcy\u00fck bir talep var. \u00c7ay po\u015feti paketleme makinesi, i\u00e7 po\u015feti ve d\u0131\u015f po\u015feti tek seferde paketleyebilir ve bunlar\u0131 tek kullan\u0131ml\u0131k bir pakette otomatik olarak birle\u015ftirebilir. Limon otu \u00e7ay\u0131, siyah \u00e7ay, \u00e7i\u00e7ek \u00e7ay\u0131, beyaz \u00e7ay, ye\u015fil \u00e7ay, bitki \u00e7ay\u0131, d\u00f6kme \u00e7ay ve piyasadaki di\u011fer yayg\u0131n \u00e7aylar gibi \u00e7e\u015fitli \u00e7aylar\u0131n paketlenmesi i\u00e7in uygundur. Ayr\u0131ca ila\u00e7l\u0131 \u00e7ay ve toz \u00e7ay gibi k\u00fc\u00e7\u00fck gran\u00fcl \u00fcr\u00fcnleri de paketleyebilir. Projenizden faydalanacak g\u00fcvenilir bir \u00e7ay paketleme makinesi mi ar\u0131yorsunuz? Daha fazla ayr\u0131nt\u0131 i\u00e7in bizimle ileti\u015fime ge\u00e7in. <\/p>    <h2 class=\"wp-block-heading\">\u00c7ay Paketleme Ekipmanlar\u0131n\u0131n \u00c7al\u0131\u015fma Videosu<\/h2>   <figure class=\"wp-block-embed-youtube wp-block-embed is-type-video is-provider-youtube wp-embed-aspect-16-9 wp-has-aspect-ratio\"><div class=\"lyte-wrapper fourthree\" title=\"\u00c7ay paketleme makinesi | \u00c7ay i\u00e7i ve d\u0131\u015f\u0131 po\u015fet paketleme makinas\u0131\" style=\"width:960px;max-width:100%;margin:5px auto;\"><div class=\"lyMe hidef\" id=\"WYL_StbYeKbuokc\" itemprop=\"video\" itemscope itemtype=\"https:\/\/schema.org\/VideoObject\"><div><meta itemprop=\"thumbnailUrl\" content=\"https:\/\/taizypackaging.com\/wp-content\/plugins\/wp-youtube-lyte\/lyteCache.php?origThumbUrl=https%3A%2F%2Fi.ytimg.com%2Fvi%2FStbYeKbuokc%2Fmaxresdefault.jpg\" \/><meta itemprop=\"embedURL\" content=\"https:\/\/www.youtube.com\/embed\/StbYeKbuokc\" \/><meta itemprop=\"duration\" content=\"PT2M19S\" \/><meta itemprop=\"uploadDate\" content=\"2021-08-05T07:13:27Z\" \/><\/div><meta itemprop=\"accessibilityFeature\" content=\"captions\" \/><div id=\"lyte_StbYeKbuokc\" data-src=\"https:\/\/taizypackaging.com\/wp-content\/plugins\/wp-youtube-lyte\/lyteCache.php?origThumbUrl=https%3A%2F%2Fi.ytimg.com%2Fvi%2FStbYeKbuokc%2Fmaxresdefault.jpg\" class=\"pL\"><div class=\"tC\"><div class=\"tT\" itemprop=\"name\">\u00c7ay paketleme makinesi | \u00c7ay i\u00e7i ve d\u0131\u015f\u0131 po\u015fet paketleme makinas\u0131<\/div><\/div><div class=\"play\"><\/div><div class=\"ctrl\"><div class=\"Lctrl\"><\/div><div class=\"Rctrl\"><\/div><\/div><\/div><noscript><a href=\"https:\/\/youtu.be\/StbYeKbuokc\" rel=\"nofollow noopener\" target=\"_blank\"><img loading=\"lazy\" decoding=\"async\" src=\"https:\/\/taizypackaging.com\/wp-content\/plugins\/wp-youtube-lyte\/lyteCache.php?origThumbUrl=https%3A%2F%2Fi.ytimg.com%2Fvi%2FStbYeKbuokc%2F0.jpg\" alt=\"\u00c7ay paketleme makinesi | \u00c7ay i\u00e7i ve d\u0131\u015f\u0131 po\u015fet paketleme makinas\u0131\" width=\"960\" height=\"700\" \/><br \/>Bu videoyu YouTube'da izleyin<\/a><\/noscript><meta itemprop=\"description\" content=\"WhatsApp\/Wechat\/Tel:+86 19139754781 This machine can pack the inner bag and the outer bag at one time, and automatically combine them into a disposable package.It is suitable for black tea, flower tea, white tea, green tea and other common tea on the market.If you are interested in it,click on:https:\/\/taizypackaging.com\/tea-packaging-machine\/\"><\/div><\/div><div class=\"lL\" style=\"max-width:100%;width:960px;margin:5px auto;\"><\/div><figcaption><\/figcaption><\/figure>   <h2 class=\"wp-block-heading\">Otomatik \u00c7ay Po\u015feti Paketleme Makinas\u0131 Uygulamalar\u0131<\/h2>    <p>\u00c7ay paketleme makinesinin geni\u015f bir uygulama alan\u0131 vard\u0131r. Ye\u015fil \u00e7ay, kokulu \u00e7ay, bitki \u00e7ay\u0131, gev\u015fek yaprakl\u0131 \u00e7ay, sa\u011fl\u0131k \u00e7ay\u0131, limon otu \u00e7ay\u0131, oolong \u00e7ay\u0131, siyah \u00e7ay vb. gibi \u00e7e\u015fitli \u00e7aylar\u0131n paketlenmesi i\u00e7in uygundur. Otomatik \u00e7ay po\u015feti paketleme makinesi, geleneksel manuel paketlemenin yerini al\u0131r. Bu, \u00fcretkenli\u011fi b\u00fcy\u00fck \u00f6l\u00e7\u00fcde art\u0131r\u0131r. \u00dcstelik daha g\u00fcvenli ve hijyeniktir. \u0130nsanlara zarar vermemesini sa\u011flamak i\u00e7in g\u0131daya uygun makine malzemesi kullan\u0131yoruz. \u00c7ay i\u015fiyle ilgileniyorsan\u0131z \u00e7ay paketleme makinesi sizin i\u00e7in harika bir ara\u00e7t\u0131r. <\/p>    <figure class=\"wp-block-image size-full\"><img loading=\"lazy\" decoding=\"async\" width=\"600\" height=\"450\" src=\"https:\/\/taizypackaging.com\/wp-content\/uploads\/2020\/09\/tea-bag-packing-machine-applications.jpg\" alt=\"\u00e7ay po\u015feti paketleme makinesi uygulamalar\u0131\" class=\"wp-image-3336\" srcset=\"https:\/\/taizypackaging.com\/wp-content\/uploads\/2020\/09\/tea-bag-packing-machine-applications.jpg 600w, https:\/\/taizypackaging.com\/wp-content\/uploads\/2020\/09\/tea-bag-packing-machine-applications-300x225.jpg 300w\" sizes=\"auto, (max-width: 600px) 100vw, 600px\" \/><figcaption class=\"wp-element-caption\">\u00e7ay po\u015feti paketleme makinesi uygulamalar\u0131<\/figcaption><\/figure>    <h2 class=\"wp-block-heading\" id=\"h-features-of-taizy-tea-packing-machine\">Taizy \u00c7ay Paketleme Makinas\u0131n\u0131n \u00d6zellikleri<\/h2>    <ul class=\"wp-block-list\"> <li>D\u0131\u015f s\u0131zd\u0131rmazl\u0131k ka\u011f\u0131d\u0131, sabit torba uzunlu\u011funa ve do\u011fru konumland\u0131rmaya sahip bir kademeli motor taraf\u0131ndan kontrol edilir.<\/li>    <li>PID ayarl\u0131 bir s\u0131cakl\u0131k kontrol cihaz\u0131n\u0131n benimsenmesiyle s\u0131cakl\u0131k daha do\u011fru bir \u015fekilde kontrol edilir.<\/li>    <li>PLC, t\u00fcm makinenin hareketini kontrol etmek i\u00e7in kullan\u0131l\u0131r, insan-makine aray\u00fcz\u00fc ekran\u0131, kullan\u0131m\u0131 kolayd\u0131r.<\/li>    <li>\u00dcr\u00fcnlerin hijyeni ve g\u00fcvenilirli\u011fini sa\u011flamak i\u00e7in malzemeye temas edebilecek t\u00fcm par\u00e7alar SUS304 paslanmaz \u00e7elikten yap\u0131lm\u0131\u015ft\u0131r.<\/li>    <li>\u00c7al\u0131\u015fma silindirinin bir k\u0131sm\u0131, do\u011fru ve istikrarl\u0131 \u00e7al\u0131\u015fmas\u0131n\u0131 sa\u011flamak i\u00e7in orijinal ithal par\u00e7alar\u0131 kullan\u0131r.<\/li>    <li>Bu makinenin kodlama makinesi gibi ek cihaz\u0131, d\u00fcz a\u011f\u0131z kesme, tarih yazd\u0131rma, y\u0131rt\u0131lmas\u0131 kolay a\u011f\u0131z vb. i\u015flevlerini tamamlayabilir.<\/li> <\/ul>    <h2 class=\"wp-block-heading\" id=\"h-what-is-the-cost-of-tea-packing-machine\">\u00c7ay Paketleme Makinas\u0131n\u0131n Maliyeti Nedir? <\/h2>    <p>Asl\u0131nda farkl\u0131 paketleme makinesi \u00fcreticilerinin \u00e7ay paketleme makinelerinin maliyeti farkl\u0131l\u0131k g\u00f6stermektedir. \u00c7\u00fcnk\u00fc \u00e7ay po\u015feti paketleme makinesi fiyat\u0131, makine malzemesi, makine yap\u0131s\u0131, makine konfig\u00fcrasyonu, nakliye maliyeti gibi bir\u00e7ok fakt\u00f6rle yak\u0131ndan ili\u015fkilidir. K\u0131sacas\u0131 iyi makineler iyi fiyatlar\u0131 hak eder. Ancak en kurnaz i\u015f adam\u0131 bile tedarik\u00e7iler taraf\u0131ndan aldat\u0131labilir. Bu nedenle g\u00fcvenilir bir \u00e7ay paketleme makinesi tedarik\u00e7isini se\u00e7mek a\u00e7\u0131k\u00e7a \u00f6nemlidir. \u0130yi performans\u0131 ve uygun fiyatlar\u0131yla Taizy \u00e7ay po\u015fetleme makineleri d\u00fcnya \u00e7ap\u0131ndaki m\u00fc\u015fteriler taraf\u0131ndan b\u00fcy\u00fck be\u011feni toplad\u0131. Bu makineyle ilgileniyorsan\u0131z, \u00fccretsiz \u00e7ay paketleme makinesi fiyat listesi i\u00e7in \u015fimdi bizimle ileti\u015fime ge\u00e7in. <\/p>    <figure class=\"wp-block-image size-full is-resized\"><img decoding=\"async\" src=\"https:\/\/taizypackaging.com\/wp-content\/uploads\/2020\/09\/customer-feedback-of-tea-packing-machine-1.jpg\" alt=\"\u00e7ay paketleme makinesinin m\u00fc\u015fteri geri bildirimi\" class=\"wp-image-1144\" style=\"aspect-ratio:1.3333333333333333;width:720px;height:auto\"\/><figcaption class=\"wp-element-caption\">\u00e7ay paketleme makinesi hakk\u0131nda m\u00fc\u015fteri geri bildirimi<\/figcaption><\/figure>    <h2 class=\"wp-block-heading\" id=\"h-technical-parameters-of-tea-bagging-machine\">\u00c7ay Paketleme Makinas\u0131n\u0131n Teknik Parametreleri <\/h2>    <figure class=\"wp-block-table\"><table><tbody><tr><td>S\u0131zd\u0131rmazl\u0131k Formu<\/td><td>\u00dc\u00e7 Tarafl\u0131 S\u0131zd\u0131rmazl\u0131k<\/td><\/tr><tr><td>Tart\u0131m Aral\u0131\u011f\u0131<\/td><td>1-5 Gram\/\u00c7anta<\/td><\/tr><tr><td>\u0130\u00e7 \u00c7anta Boyutu<\/td><td>Uzunluk: 50-75mm<br>Geni\u015flik: 50-75mm<\/td><\/tr><tr><td>D\u0131\u015f \u00c7anta Boyutu<\/td><td>Uzunluk: 85-120mm<br>Geni\u015flik: 75-95mm<\/td><\/tr><tr><td>Etiket boyutu<\/td><td>25*25<\/td><\/tr><tr><td>Paketleme H\u0131z\u0131<\/td><td>30-50 torba\/dak<\/td><\/tr><tr><td>g\u00fc\u00e7<\/td><td>220V\/50HZ<\/td><\/tr><tr><td>Toplam g\u00fc\u00e7<\/td><td>3.7KW<\/td><\/tr><tr><td>A\u011f\u0131rl\u0131k<\/td><td>650kg<\/td><\/tr><tr><td>Boyut<\/td><td>1050*700*1300<\/td><\/tr><\/tbody><\/table><\/figure>    <h2 class=\"wp-block-heading\" id=\"h-structure-details-of-tea-bag-packaging-machine\">\u00c7ay Po\u015feti Paketleme Makinas\u0131n\u0131n Yap\u0131 Detaylar\u0131<\/h2>    <div class=\"wp-block-columns is-layout-flex wp-container-core-columns-is-layout-9d6595d7 wp-block-columns-is-layout-flex\"> <div class=\"wp-block-column is-layout-flow wp-block-column-is-layout-flow\"> <figure class=\"wp-block-image size-full\"><img decoding=\"async\" src=\"https:\/\/taizypackaging.com\/wp-content\/uploads\/2020\/09\/tea-bag-packing-machine-structure.jpg\" alt=\"\u00e7ay po\u015feti paketleme makinesi yap\u0131s\u0131\" class=\"wp-image-4101\"\/><figcaption class=\"wp-element-caption\">\u00e7ay po\u015feti paketleme makinesi yap\u0131s\u0131<\/figcaption><\/figure> <\/div>    <div class=\"wp-block-column is-layout-flow wp-block-column-is-layout-flow\"> <figure class=\"wp-block-image size-full\"><img decoding=\"async\" src=\"https:\/\/taizypackaging.com\/wp-content\/uploads\/2020\/09\/tea-packing-machine-parts.jpg\" alt=\"\u00e7ay paketleme makinesi par\u00e7alar\u0131\" class=\"wp-image-4102\"\/><figcaption class=\"wp-element-caption\">\u00e7ay paketleme makinesi par\u00e7alar\u0131<\/figcaption><\/figure> <\/div> <\/div>    <h2 class=\"wp-block-heading\">\u00c7ay K\u00e2rl\u0131 Bir \u0130\u015f midir? <\/h2>    <p class=\"translation-block\">Uzman anketine g\u00f6re, <a href=\"https:\/\/en.wikipedia.org\/wiki\/Tea\" target=\"_blank\" rel=\"noopener\"> \u00e7ay<\/a>, di\u011fer i\u00e7ecek t\u00fcrlerine k\u0131yasla operat\u00f6rler i\u00e7in k\u00e2rl\u0131 ve d\u00fc\u015f\u00fck maliyetli bir \u00fcr\u00fcn kategorisidir. Ticari operat\u00f6rler i\u00e7in k\u00e2r marjlar\u0131n\u0131 detayland\u0131ran bir sunum slayt\u0131na g\u00f6re, \"\u00c7ay\u0131n k\u00e2r marj\u0131 ve daha d\u00fc\u015f\u00fck maliyetleri var. Bu, kahve i\u00e7in , su i\u00e7in ve me\u015frubat i\u00e7in ile kar\u015f\u0131la\u015ft\u0131r\u0131ld\u0131\u011f\u0131nda. Bu nedenle, \u00e7ay\u0131n pop\u00fclerli\u011finin bir nedeni var. Ve \u00e7ay paketleme makinesi i\u00e7in b\u00fcy\u00fck bir talep var. \u00c7ay projenize ba\u015flamak i\u00e7in harika bir zaman. <\/p>    <h2 class=\"wp-block-heading\" id=\"h-advantages-of-small-tea-bag-packing-machine\">K\u00fc\u00e7\u00fck \u00c7ay Po\u015feti Paketleme Makinas\u0131n\u0131n Avantajlar\u0131<\/h2>    <ol class=\"wp-block-list\" type=\"1\"> <li>Verimlilik a\u00e7\u0131s\u0131ndan el eme\u011fine g\u00f6re daha verimlidir.<\/li>    <li>Maliyet a\u00e7\u0131s\u0131ndan manuel paketlemeye g\u00f6re daha d\u00fc\u015f\u00fckt\u00fcr.<\/li>    <li>Hijyen a\u00e7\u0131s\u0131ndan manuel paketlemeye g\u00f6re daha hijyeniktir.<\/li>    <li>Paketleme mekanize \u00fcr\u00fcnleri daha zariftir.<\/li> <\/ol>    <h2 class=\"wp-block-heading\" id=\"h-customer-case-from-taizy-packaging-machinery\">Taizy Packaging Machinery'den M\u00fc\u015fteri \u00d6rne\u011fi<\/h2>    <p>Yunanl\u0131 bir m\u00fc\u015fteri, i\u00e7 ve d\u0131\u015f po\u015fetlerin paketlenmesi i\u00e7in \u00e7ay paketleme makinesi istiyordu. \u0130\u015fletme y\u00f6neticimiz m\u00fc\u015fterinin ihtiyac\u0131na g\u00f6re bu modeli \u00f6nerdi. Bu m\u00fc\u015fterinin ba\u015flang\u0131\u00e7ta bir \u00e7ay paketleme makinesi vard\u0131. Ama \u015fimdi \u00fcretimi geni\u015fletmek istiyor ve amber \u00e7i\u00e7e\u011fi paketlemek i\u00e7in bir tane daha sat\u0131n ald\u0131.<\/p>    <figure class=\"wp-block-image size-large\"><img decoding=\"async\" src=\"https:\/\/taizypackaging.com\/wp-content\/uploads\/2020\/09\/customer-buy-teabag-packaging-machine.jpg\" alt=\"Afrika m\u00fc\u015fterimizden geri bildirim\" class=\"wp-image-697\"\/><figcaption class=\"wp-element-caption\">Afrikal\u0131 m\u00fc\u015fterimizden geri bildirim<\/figcaption><\/figure>    <h2 class=\"wp-block-heading\">Katma de\u011ferli hizmetler<\/h2>    <p>Baz\u0131 pratik aletlere ek olarak, kar\u0131\u015ft\u0131rma mili, s\u0131cakl\u0131k alg\u0131lama teli, \u0131s\u0131tma borusu vb. gibi makine i\u00e7in gerekli par\u00e7alar\u0131 da size verece\u011fiz. Teknisyenimiz, teslimattan \u00f6nce i\u00e7 ambalajdaki teli do\u011frudan makaraya saracakt\u0131r. rahat\u0131n\u0131z. Bu arada makinemiz po\u015fetlerin \u00fczerine \u00fcretim tarihinin bas\u0131lmas\u0131n\u0131 kolayla\u015ft\u0131rmak i\u00e7in kodlama makinesi ile birlikte kullan\u0131labilir, e\u011fer b\u00f6yle bir ihtiyac\u0131n\u0131z varsa y\u00f6neticimizle \u00f6nceden ileti\u015fime ge\u00e7ebilirsiniz.<\/p>    <figure class=\"wp-block-image size-full\"><img decoding=\"async\" src=\"https:\/\/taizypackaging.com\/wp-content\/uploads\/2021\/08\/01.jpg\" alt=\"\" class=\"wp-image-2598\"\/><figcaption class=\"wp-element-caption\">s\u0131cakl\u0131k alg\u0131lama teli ve \u0131s\u0131tma t\u00fcp\u00fc<\/figcaption><\/figure>    <figure class=\"wp-block-image size-full\"><img decoding=\"async\" src=\"https:\/\/taizypackaging.com\/wp-content\/uploads\/2021\/08\/02.jpg\" alt=\"\" class=\"wp-image-2599\"\/><figcaption class=\"wp-element-caption\">kodlama makinesi mevcut<\/figcaption><\/figure>    <h2 class=\"wp-block-heading\">Neden Bizi Se\u00e7melisiniz?<\/h2>    <p>Taizy paketleme fabrikas\u0131, makinelerimizin kalitesini sa\u011flamak ve s\u00fcrekli olarak teknolojik at\u0131l\u0131mlar ve yenilikler yapmak i\u00e7in mesleki bilgi birikimine sahip deneyimli m\u00fchendisleri istihdam etmektedir. T\u00fcm makinelerimiz m\u00fc\u015fterilerin ihtiya\u00e7lar\u0131na g\u00f6re \u00f6zelle\u015ftirilebilir. Ge\u00e7ti\u011fimiz on y\u0131lda fabrikam\u0131z \u00fcretimden teslimata kadar eksiksiz ve verimli bir s\u00fcre\u00e7 olu\u015fturdu. M\u00fc\u015fterileri memnun etmek Taizy \u015firketimizin ilk ilkesidir. Ve d\u00fcnyan\u0131n her yerindeki acenteleri i\u015fe al\u0131yoruz. Birlikte ba\u015far\u0131l\u0131 bir yolculuk i\u00e7in bize kat\u0131lmaya ho\u015f geldiniz. <\/p>    <figure class=\"wp-block-image size-full\"><img loading=\"lazy\" decoding=\"async\" width=\"720\" height=\"540\" src=\"https:\/\/taizypackaging.com\/wp-content\/uploads\/2021\/08\/06.jpg\" alt=\"\" class=\"wp-image-2600\" srcset=\"https:\/\/taizypackaging.com\/wp-content\/uploads\/2021\/08\/06.jpg 720w, https:\/\/taizypackaging.com\/wp-content\/uploads\/2021\/08\/06-300x225.jpg 300w\" sizes=\"auto, (max-width: 720px) 100vw, 720px\" \/><figcaption class=\"wp-element-caption\">fabrikadan canl\u0131 foto\u011fraflar \u00e7ekilmi\u015ftir<\/figcaption><\/figure>","protected":false},"excerpt":{"rendered":"<p>\u00c7ay paketleme makinemiz d\u0131\u015f torba paketleme, i\u00e7 ve d\u0131\u015f torba paketleme, \u00e7izgi i\u015faretli \u00e7ay po\u015feti paketleme, naylon \u00fc\u00e7gen paketleme ger\u00e7ekle\u015ftirebilmektedir. Zhengzhou Taizy Packaging Machinery, Ar-Ge, tasar\u0131m, \u00fcretim, sat\u0131\u015f ve bak\u0131m\u0131 birle\u015ftiren modern bir kurulu\u015ftur. Esas olarak otomatik \u00e7ay paketleme makineleri, \u00e7ay po\u015feti paketleme makineleri vb. ile ilgilenir.<\/p>","protected":false},"author":1,"featured_media":2565,"parent":0,"template":"","tags":[71,92,146,202,209,249,263,277,396,406,411,466,529],"product-type":[667],"class_list":["post-403","product","type-product","status-publish","has-post-thumbnail","hentry","tag-black-tea","tag-cassia","tag-eight-treasure-tea","tag-green-tea","tag-health-products","tag-lemon-tea","tag-longan","tag-medicines","tag-rose-black-tea","tag-scented-tea","tag-seeds","tag-tartary-buckwheat","tag-white-tea","product-type-tea-packing-machine"],"_links":{"self":[{"href":"https:\/\/taizypackaging.com\/tr\/wp-json\/wp\/v2\/product\/403","targetHints":{"allow":["GET"]}}],"collection":[{"href":"https:\/\/taizypackaging.com\/tr\/wp-json\/wp\/v2\/product"}],"about":[{"href":"https:\/\/taizypackaging.com\/tr\/wp-json\/wp\/v2\/types\/product"}],"author":[{"embeddable":true,"href":"https:\/\/taizypackaging.com\/tr\/wp-json\/wp\/v2\/users\/1"}],"wp:featuredmedia":[{"embeddable":true,"href":"https:\/\/taizypackaging.com\/tr\/wp-json\/wp\/v2\/media\/2565"}],"wp:attachment":[{"href":"https:\/\/taizypackaging.com\/tr\/wp-json\/wp\/v2\/media?parent=403"}],"wp:term":[{"taxonomy":"post_tag","embeddable":true,"href":"https:\/\/taizypackaging.com\/tr\/wp-json\/wp\/v2\/tags?post=403"},{"taxonomy":"product-type","embeddable":true,"href":"https:\/\/taizypackaging.com\/tr\/wp-json\/wp\/v2\/product-type?post=403"}],"curies":[{"name":"wp","href":"https:\/\/api.w.org\/{rel}","templated":true}]}}