{"id":4121,"date":"2022-03-03T09:29:14","date_gmt":"2022-03-03T09:29:14","guid":{"rendered":"https:\/\/taizypackaging.com\/?p=4121"},"modified":"2024-07-16T16:35:58","modified_gmt":"2024-07-16T08:35:58","slug":"jumbo-bag-filling-machine","status":"publish","type":"product","link":"https:\/\/taizypackaging.com\/tr\/jumbo-bag-filling-machine\/","title":{"rendered":"Jumbo Torba Dolum Makinas\u0131"},"content":{"rendered":"<div class=\"kk-star-ratings kksr-auto kksr-align-left kksr-valign-top\"     data-payload='{&quot;align&quot;:&quot;left&quot;,&quot;id&quot;:&quot;4121&quot;,&quot;slug&quot;:&quot;default&quot;,&quot;valign&quot;:&quot;top&quot;,&quot;ignore&quot;:&quot;&quot;,&quot;reference&quot;:&quot;auto&quot;,&quot;class&quot;:&quot;&quot;,&quot;count&quot;:&quot;29&quot;,&quot;legendonly&quot;:&quot;&quot;,&quot;readonly&quot;:&quot;&quot;,&quot;score&quot;:&quot;4.5&quot;,&quot;starsonly&quot;:&quot;&quot;,&quot;best&quot;:&quot;5&quot;,&quot;gap&quot;:&quot;5&quot;,&quot;greet&quot;:&quot;Rate this product&quot;,&quot;legend&quot;:&quot;4.5\\\/5 - (29 votes)&quot;,&quot;size&quot;:&quot;24&quot;,&quot;title&quot;:&quot;Jumbo Bag Filling Machine&quot;,&quot;width&quot;:&quot;128&quot;,&quot;_legend&quot;:&quot;{score}\\\/{best} - ({count} {votes})&quot;,&quot;font_factor&quot;:&quot;1.25&quot;}'>              <div class=\"kksr-stars\">      <div class=\"kksr-stars-inactive\">             <div class=\"kksr-star\" data-star=\"1\" style=\"padding-right: 5px\">               <div class=\"kksr-icon\" style=\"width: 24px; height: 24px;\"><\/div>         <\/div>             <div class=\"kksr-star\" data-star=\"2\" style=\"padding-right: 5px\">               <div class=\"kksr-icon\" style=\"width: 24px; height: 24px;\"><\/div>         <\/div>             <div class=\"kksr-star\" data-star=\"3\" style=\"padding-right: 5px\">               <div class=\"kksr-icon\" style=\"width: 24px; height: 24px;\"><\/div>         <\/div>             <div class=\"kksr-star\" data-star=\"4\" style=\"padding-right: 5px\">               <div class=\"kksr-icon\" style=\"width: 24px; height: 24px;\"><\/div>         <\/div>             <div class=\"kksr-star\" data-star=\"5\" style=\"padding-right: 5px\">               <div class=\"kksr-icon\" style=\"width: 24px; height: 24px;\"><\/div>         <\/div>     <\/div>      <div class=\"kksr-stars-active\" style=\"width: 128px;\">             <div class=\"kksr-star\" style=\"padding-right: 5px\">               <div class=\"kksr-icon\" style=\"width: 24px; height: 24px;\"><\/div>         <\/div>             <div class=\"kksr-star\" style=\"padding-right: 5px\">               <div class=\"kksr-icon\" style=\"width: 24px; height: 24px;\"><\/div>         <\/div>             <div class=\"kksr-star\" style=\"padding-right: 5px\">               <div class=\"kksr-icon\" style=\"width: 24px; height: 24px;\"><\/div>         <\/div>             <div class=\"kksr-star\" style=\"padding-right: 5px\">               <div class=\"kksr-icon\" style=\"width: 24px; height: 24px;\"><\/div>         <\/div>             <div class=\"kksr-star\" style=\"padding-right: 5px\">               <div class=\"kksr-icon\" style=\"width: 24px; height: 24px;\"><\/div>         <\/div>     <\/div> <\/div>                   <div class=\"kksr-legend\" style=\"font-size: 19.2px;\">             4.5\/5 - (29 oy)    <\/div>     <\/div>  <p class=\"translation-block\">Jumbo torba dolum makinesi veya ton torba paketleme makinesi, jumbo torbalar i\u00e7in talep edilen ak\u0131ll\u0131 a\u011f\u0131r tart\u0131m ve paketleme ekipman\u0131d\u0131r. Elektrikli tart\u0131m, otomatik dolum, s\u0131zd\u0131rmazl\u0131k, torba \u00e7\u0131karma ve toz temizleme i\u015flevlerine sahip \u00e7ok fonksiyonlu bir paketleme \u00e7\u00f6z\u00fcm\u00fcd\u00fcr. Ayr\u0131ca, Taizy jumbo torba dolum makinesi makul bir yap\u0131ya, istikrarl\u0131 performansa, kolay kullan\u0131ma ve y\u00fcksek do\u011frulu\u011fa sahip olma avantajlar\u0131na sahiptir. <\/p>    <p class=\"translation-block\">Ayr\u0131ca, bu b\u00fcy\u00fck torba paketleme makinesinin geni\u015f bir uygulama alan\u0131 vard\u0131r. Maden \u00fcr\u00fcnleri, kimya, peletler, yap\u0131 malzemeleri, madencilik, yem ve g\u0131da end\u00fcstrisi gibi her t\u00fcrl\u00fc sekt\u00f6re uygulan\u0131r. G\u00fcvenilir bir jumbo torba paketleme makinesi ar\u0131yorsan\u0131z, bize soru\u015fturma g\u00f6nderin ve yak\u0131nda size geri d\u00f6nece\u011fiz. \u00a0\u00a0<\/p>    <h2 class=\"wp-block-heading\">Big bag dolum makinas\u0131 \u00e7al\u0131\u015fma videosu<\/h2>   <figure class=\"wp-block-embed-youtube wp-block-embed is-type-video is-provider-youtube wp-embed-aspect-16-9 wp-has-aspect-ratio\"><div class=\"lyte-wrapper fourthree\" title=\"Jumbo Torba Dolum Makinas\u0131 | Big Bag Dolum Sistemi Y\u00fcksek Verimlilik ve Kararl\u0131 Performans\" style=\"width:960px;max-width:100%;margin:5px auto;\"><div class=\"lyMe hidef\" id=\"WYL_hsMUZb38lFk\" itemprop=\"video\" itemscope itemtype=\"https:\/\/schema.org\/VideoObject\"><div><meta itemprop=\"thumbnailUrl\" content=\"https:\/\/taizypackaging.com\/wp-content\/plugins\/wp-youtube-lyte\/lyteCache.php?origThumbUrl=https%3A%2F%2Fi.ytimg.com%2Fvi%2FhsMUZb38lFk%2Fmaxresdefault.jpg\" \/><meta itemprop=\"embedURL\" content=\"https:\/\/www.youtube.com\/embed\/hsMUZb38lFk\" \/><meta itemprop=\"duration\" content=\"PT7M21S\" \/><meta itemprop=\"uploadDate\" content=\"2022-03-10T06:28:56Z\" \/><\/div><meta itemprop=\"accessibilityFeature\" content=\"captions\" \/><div id=\"lyte_hsMUZb38lFk\" data-src=\"https:\/\/taizypackaging.com\/wp-content\/plugins\/wp-youtube-lyte\/lyteCache.php?origThumbUrl=https%3A%2F%2Fi.ytimg.com%2Fvi%2FhsMUZb38lFk%2Fmaxresdefault.jpg\" class=\"pL\"><div class=\"tC\"><div class=\"tT\" itemprop=\"name\">Jumbo Torba Dolum Makinas\u0131 | Big Bag Dolum Sistemi Y\u00fcksek Verimlilik ve Kararl\u0131 Performans<\/div><\/div><div class=\"play\"><\/div><div class=\"ctrl\"><div class=\"Lctrl\"><\/div><div class=\"Rctrl\"><\/div><\/div><\/div><noscript><a href=\"https:\/\/youtu.be\/hsMUZb38lFk\" rel=\"nofollow noopener\" target=\"_blank\"><img loading=\"lazy\" decoding=\"async\" src=\"https:\/\/taizypackaging.com\/wp-content\/plugins\/wp-youtube-lyte\/lyteCache.php?origThumbUrl=https%3A%2F%2Fi.ytimg.com%2Fvi%2FhsMUZb38lFk%2F0.jpg\" alt=\"Jumbo Torba Dolum Makinas\u0131 | Big Bag Dolum Sistemi Y\u00fcksek Verimlilik ve Kararl\u0131 Performans\" width=\"960\" height=\"700\" \/><br \/>Bu videoyu YouTube'da izleyin<\/a><\/noscript><meta itemprop=\"description\" content=\"#jumbobagfilling #bigbagpacking #fillingmachine Email: info@taizypackaging.com WeChat\/ WhatsApp: +86 18837171591 Useful link: https:\/\/taizypackaging.com\/jumbo-bag-filling-machine\/ This jumbo bag filling machine is designed for big bag packing. It applies to all walks of life like mineral products, chemistry, pellets, building materials, mining, feed, and the food industry. It is a multifunctional packaging solution with functions of electric weighing, automatic filling, sealing, bag removing, and dust cleaning. Performance features of Taizy Jumbo bag filling machine 1. Jumbo bag packing machine for sale is designed and manufactured according to different requirements of customers. The machine uses international standards and advance technology. 2. This machine adopts LCD touch screen to set parameters, easy to operate. 3. A big bag filling machine can equip with a feeding machine and conveyor to realize fully automatic control, which greatly improves efficiency and save cost. 4. We use durable stainless steel material as the machine body structure to ensure long service life. 5. The weighing and filling process of this ton bag packing machine has a high packing precision at high packing speed. 6. Multifunctional. It can packaging both particles and powder products, and is widely used in various industries. You may be also interested in these videos: Powder filling machine 10kg: https:\/\/www.youtube.com\/watch?v=6j2Dz4i-eWY&amp;t=9s Powder filling machine 50kg: https:\/\/www.youtube.com\/watch?v=F5tlcnSb8q4 Granule filling machine 50kg: https:\/\/www.youtube.com\/watch?v=_E3hqS6pwhY Email: info@taizypackaging.com WeChat\/ WhatsApp: +86 18837171591 Useful link: https:\/\/taizypackaging.com\/jumbo-bag-filling-machine\/\"><\/div><\/div><div class=\"lL\" style=\"max-width:100%;width:960px;margin:5px auto;\"><\/div><figcaption><\/figcaption><\/figure>   <h2 class=\"wp-block-heading\">Taizy Jumbo torba dolum makinas\u0131n\u0131n performans \u00f6zellikleri<\/h2>    <ol class=\"wp-block-list\" type=\"1\"> <li>Sat\u0131l\u0131k Jumbo torba paketleme makinesi, m\u00fc\u015fterilerin farkl\u0131 gereksinimlerine g\u00f6re tasarlan\u0131p \u00fcretilmektedir. Makine uluslararas\u0131 standartlar\u0131 ve ileri teknolojiyi kullanmaktad\u0131r.<\/li>    <li>Bu makine, kullan\u0131m\u0131 kolay parametreleri ayarlamak i\u00e7in LCD dokunmatik ekran\u0131 benimser.<\/li>    <li>B\u00fcy\u00fck torba dolum makinesi, tam otomatik kontrol\u00fc ger\u00e7ekle\u015ftirmek i\u00e7in bir besleme makinesi ve konvey\u00f6r ile donat\u0131labilir, bu da verimlili\u011fi b\u00fcy\u00fck \u00f6l\u00e7\u00fcde art\u0131r\u0131r ve maliyetten tasarruf sa\u011flar.<\/li>    <li>Uzun servis \u00f6mr\u00fc sa\u011flamak i\u00e7in makine g\u00f6vde yap\u0131s\u0131 olarak dayan\u0131kl\u0131 paslanmaz \u00e7elik malzeme kullan\u0131yoruz.<\/li>    <li>Bu tonluk torba paketleme makinesinin tart\u0131m ve dolum i\u015flemi, y\u00fcksek paketleme h\u0131z\u0131nda y\u00fcksek paketleme hassasiyetine sahiptir.<\/li>    <li>\u00c7ok i\u015flevli. Hem partik\u00fclleri hem de toz \u00fcr\u00fcnleri paketleyebilir ve \u00e7e\u015fitli end\u00fcstrilerde yayg\u0131n olarak kullan\u0131lmaktad\u0131r.<\/li> <\/ol>    <figure class=\"wp-block-image size-full\"><img loading=\"lazy\" decoding=\"async\" width=\"720\" height=\"540\" src=\"https:\/\/taizypackaging.com\/wp-content\/uploads\/2022\/03\/Jumbo-bag-packing-machine-factory.jpg\" alt=\"Jumbo torba paketleme makinesi fabrikas\u0131\" class=\"wp-image-4127\" srcset=\"https:\/\/taizypackaging.com\/wp-content\/uploads\/2022\/03\/Jumbo-bag-packing-machine-factory.jpg 720w, https:\/\/taizypackaging.com\/wp-content\/uploads\/2022\/03\/Jumbo-bag-packing-machine-factory-300x225.jpg 300w\" sizes=\"auto, (max-width: 720px) 100vw, 720px\" \/><figcaption class=\"wp-element-caption\">Jumbo torba paketleme makinesi fabrikas\u0131<\/figcaption><\/figure>    <h2 class=\"wp-block-heading\">Jumbo torba dolum makinas\u0131 parametreleri<\/h2>    <figure class=\"wp-block-table\"><table><tbody><tr><td>Modeli<\/td><td><strong>ph-2000T<\/strong><\/td><td><strong>ph-2000T<\/strong><\/td><\/tr><tr><td>Uygulamalar<\/td><td>Par\u00e7ac\u0131klar<\/td><td>pudra<\/td><\/tr><tr><td>Tart\u0131m aral\u0131\u011f\u0131<\/td><td>200-1000kg<\/td><td>200-1500kg<\/td><\/tr><tr><td>Do\u011fruluk derecesi<\/td><td>\u00b10,2%<\/td><td>\u00b10,5%<\/td><\/tr><tr><td>Paketleme h\u0131z\u0131<\/td><td>\u00c7anta ba\u015f\u0131na\/2~3 dk<\/td><td>Min. 15 torba\/saat<\/td><\/tr><tr><td>Besleme y\u00f6ntemi<\/td><td>Yer\u00e7ekimi beslemesi<\/td><td>Burgu besleme<\/td><\/tr><tr><td>&nbsp;Hava bas\u0131nc\u0131<\/td><td>0.6-0.8Mpa<\/td><td>0.8Mpa<\/td><\/tr><tr><td>Hava t\u00fcketimi<\/td><td>1 m3\/saat<\/td><td>1 m3\/saat<\/td><\/tr><tr><td>G\u00fc\u00e7 t\u00fcketimi<\/td><td>380V\/8KW<\/td><td>380V\/8KW,50hz<\/td><\/tr><tr><td>Makine boyutu (mm)<\/td><td>2000\u00d72000\u00d73000<\/td><td>2000\u00d72000\u00d73400<\/td><\/tr><\/tbody><\/table><\/figure>    <h2 class=\"wp-block-heading\">Sat\u0131l\u0131k jumbo torba paketleme makinesi uygulamalar\u0131<\/h2>    <p>Big bag dolum makinas\u0131 olarak 200kg~1500kg seviyesinde kantitatif paketlemeye uygundur. Bu jumbo torba dolum makinas\u0131 un, baharat, s\u00fct tozu, deterjan tozu, mineral tozu, ince toz, bak\u0131r tozu, PVC tozu, kimyasal toz, hayvan yemi, k\u00f6pek mamas\u0131, kedi mamas\u0131, yem gibi \u00e7e\u015fitli gran\u00fcl ve tozlar i\u00e7in idealdir. , fasulye, tah\u0131l, tohum, pirin\u00e7, ah\u015fap palet, plastik palet, bal\u0131k unu, m\u0131s\u0131r unu, ni\u015fasta vb. &nbsp;<\/p>    <h2 class=\"wp-block-heading\">Tonluk \u00e7antalar<\/h2>    <p> Bu a\u011f\u0131r hizmet tipi toplu torba, jumbo torba dolum makinesi i\u00e7in tasarlanm\u0131\u015ft\u0131r. Dayan\u0131kl\u0131 malzeme ve iyi performans \u00f6zelliklerine sahiptir. Taizy'den sat\u0131l\u0131k \u00fcst\u00fc a\u00e7\u0131k toplu ta\u015f\u0131ma \u00e7antas\u0131, m\u00fckemmel bir dayan\u0131kl\u0131l\u0131k karakterine sahip olan 100% \u0130\u015flenmemi\u015f Polipropilen (PP) kullan\u0131yor. G\u00fc\u00e7l\u00fc ve g\u00fcvenilirdir. Jumbo torbalar g\u0131da s\u0131n\u0131f\u0131 malzemeyi benimser ve g\u0131da, fasulye, tah\u0131l, kuruyemi\u015f, in\u015faat, geri d\u00f6n\u00fc\u015f\u00fcm, tar\u0131m, mineraller, g\u00fcbre ve yem end\u00fcstrisi i\u00e7in kullan\u0131labilir. <\/p>    <figure class=\"wp-block-image size-full\"><img decoding=\"async\" src=\"https:\/\/taizypackaging.com\/wp-content\/uploads\/2022\/03\/ton-bags.jpg\" alt=\"tonluk \u00e7antalar\" class=\"wp-image-4135\"\/><figcaption class=\"wp-element-caption\">tonluk toplu \u00e7antalar<\/figcaption><\/figure>    <h2 class=\"wp-block-heading\">Ton torba paketleme makinesinin yap\u0131lar\u0131 <\/h2>    <p>Jumbo torba dolum makinesinin ana yap\u0131lar\u0131 otomatik dolum sistemi, torba tutucusu, d\u00f6ner konvey\u00f6r, ak\u0131ll\u0131 kontrol sistemi, elektrik kontrol kabini, otomatik tart\u0131m dengesi, doldurma kafas\u0131, destek yap\u0131s\u0131, titre\u015fimli masa vb.'den olu\u015fur. Basit ve makul bir yap\u0131 \u00e7al\u0131\u015ft\u0131rmay\u0131 ve bak\u0131m\u0131 kolayla\u015ft\u0131r\u0131r.<\/p>    <figure class=\"wp-block-image size-full\"><img loading=\"lazy\" decoding=\"async\" width=\"720\" height=\"540\" src=\"https:\/\/taizypackaging.com\/wp-content\/uploads\/2022\/03\/big-bag-filling-machine-parts.jpg\" alt=\"b\u00fcy\u00fck torba dolum makinas\u0131 par\u00e7alar\u0131\" class=\"wp-image-4128\" srcset=\"https:\/\/taizypackaging.com\/wp-content\/uploads\/2022\/03\/big-bag-filling-machine-parts.jpg 720w, https:\/\/taizypackaging.com\/wp-content\/uploads\/2022\/03\/big-bag-filling-machine-parts-300x225.jpg 300w\" sizes=\"auto, (max-width: 720px) 100vw, 720px\" \/><figcaption class=\"wp-element-caption\">b\u00fcy\u00fck torba dolum makinas\u0131 par\u00e7alar\u0131<\/figcaption><\/figure>    <h2 class=\"wp-block-heading\">\u00c7al\u0131\u015fma s\u00fcreci<\/h2>    <ol class=\"wp-block-list\" type=\"1\"> <li>\u00c7anta \u00f6nceden haz\u0131rlanm\u0131\u015f ve manuel olarak s\u0131k\u0131\u015ft\u0131r\u0131lm\u0131\u015ft\u0131r<\/li>    <li>Otomatik doldurma<\/li>    <li>Otomatik tart\u0131m<\/li>    <li>Otomatik bitmi\u015f torba konvey\u00f6r\u00fc<\/li> <\/ol>    <h2 class=\"wp-block-heading\">Jumbo torba dolum makinesi \u00fcreticisi \u2013 Taizy Packaging <\/h2>    <p class=\"translation-block\">\u00c7in'de lider bir paketleme \u00e7\u00f6z\u00fcmleri sa\u011flay\u0131c\u0131s\u0131 olarak, k\u00fcresel k\u00fc\u00e7\u00fck i\u015fletmelere fayda sa\u011flamak i\u00e7in g\u00fcvenilir ve rekabet\u00e7i paketleme makineleri geli\u015ftirmeyi hedefliyoruz. M\u00fc\u015fterilerin farkl\u0131 gereksinimlerini kar\u015f\u0131lamak i\u00e7in \u00e7e\u015fitli jumbo torba dolum makineleri tasarlad\u0131k ve \u00fcrettik. Ayr\u0131ca, ihtiya\u00e7lar\u0131n\u0131za tam olarak uyum sa\u011flamak i\u00e7in g\u00fc\u00e7l\u00fc bir OEM hizmeti sunuyoruz. Dahas\u0131, Taizy fabrikas\u0131nda eksiksiz bir paketleme ekipman\u0131 yelpazesi mevcuttur. Gereksinimlerinizi bize bildirmekten memnuniyet duyar\u0131z ve i\u015fletmenize fayda sa\u011flamak i\u00e7in elimizden geleni yapaca\u011f\u0131z. <\/p>","protected":false},"excerpt":{"rendered":"<p>Jumbo bag filling machine, or ton bag packing machine, is a kind of intelligent heavy weigh and packing equipment for jumbo bags demand. It is a multifunctional packaging solution with functions of electric weighing, automatic filling, sealing, bag removing, and dust cleaning. Besides, Taizy jumbo bag filling machine has the advantages of reasonable structure, stable [&hellip;]<\/p>\n","protected":false},"author":1,"featured_media":4125,"parent":0,"template":"","tags":[621,620],"product-type":[659],"class_list":["post-4121","product","type-product","status-publish","has-post-thumbnail","hentry","tag-big-bag-filling-machine","tag-jumbo-bag-packing-machine","product-type-granule-packing-machines"],"_links":{"self":[{"href":"https:\/\/taizypackaging.com\/tr\/wp-json\/wp\/v2\/product\/4121","targetHints":{"allow":["GET"]}}],"collection":[{"href":"https:\/\/taizypackaging.com\/tr\/wp-json\/wp\/v2\/product"}],"about":[{"href":"https:\/\/taizypackaging.com\/tr\/wp-json\/wp\/v2\/types\/product"}],"author":[{"embeddable":true,"href":"https:\/\/taizypackaging.com\/tr\/wp-json\/wp\/v2\/users\/1"}],"wp:featuredmedia":[{"embeddable":true,"href":"https:\/\/taizypackaging.com\/tr\/wp-json\/wp\/v2\/media\/4125"}],"wp:attachment":[{"href":"https:\/\/taizypackaging.com\/tr\/wp-json\/wp\/v2\/media?parent=4121"}],"wp:term":[{"taxonomy":"post_tag","embeddable":true,"href":"https:\/\/taizypackaging.com\/tr\/wp-json\/wp\/v2\/tags?post=4121"},{"taxonomy":"product-type","embeddable":true,"href":"https:\/\/taizypackaging.com\/tr\/wp-json\/wp\/v2\/product-type?post=4121"}],"curies":[{"name":"wp","href":"https:\/\/api.w.org\/{rel}","templated":true}]}}