{"id":4178,"date":"2022-03-08T09:38:23","date_gmt":"2022-03-08T09:38:23","guid":{"rendered":"https:\/\/taizypackaging.com\/?p=4178"},"modified":"2024-07-10T18:39:46","modified_gmt":"2024-07-10T10:39:46","slug":"automatic-can-sealing-machine","status":"publish","type":"product","link":"https:\/\/taizypackaging.com\/tr\/automatic-can-sealing-machine\/","title":{"rendered":"Otomatik Kutu Kapama Makinesi"},"content":{"rendered":"<div class=\"kk-star-ratings kksr-auto kksr-align-left kksr-valign-top\"     data-payload='{&quot;align&quot;:&quot;left&quot;,&quot;id&quot;:&quot;4178&quot;,&quot;slug&quot;:&quot;default&quot;,&quot;valign&quot;:&quot;top&quot;,&quot;ignore&quot;:&quot;&quot;,&quot;reference&quot;:&quot;auto&quot;,&quot;class&quot;:&quot;&quot;,&quot;count&quot;:&quot;13&quot;,&quot;legendonly&quot;:&quot;&quot;,&quot;readonly&quot;:&quot;&quot;,&quot;score&quot;:&quot;4.8&quot;,&quot;starsonly&quot;:&quot;&quot;,&quot;best&quot;:&quot;5&quot;,&quot;gap&quot;:&quot;5&quot;,&quot;greet&quot;:&quot;Rate this product&quot;,&quot;legend&quot;:&quot;4.8\\\/5 - (13 votes)&quot;,&quot;size&quot;:&quot;24&quot;,&quot;title&quot;:&quot;Automatic Can Sealing Machine&quot;,&quot;width&quot;:&quot;136.7&quot;,&quot;_legend&quot;:&quot;{score}\\\/{best} - ({count} {votes})&quot;,&quot;font_factor&quot;:&quot;1.25&quot;}'>              <div class=\"kksr-stars\">      <div class=\"kksr-stars-inactive\">             <div class=\"kksr-star\" data-star=\"1\" style=\"padding-right: 5px\">               <div class=\"kksr-icon\" style=\"width: 24px; height: 24px;\"><\/div>         <\/div>             <div class=\"kksr-star\" data-star=\"2\" style=\"padding-right: 5px\">               <div class=\"kksr-icon\" style=\"width: 24px; height: 24px;\"><\/div>         <\/div>             <div class=\"kksr-star\" data-star=\"3\" style=\"padding-right: 5px\">               <div class=\"kksr-icon\" style=\"width: 24px; height: 24px;\"><\/div>         <\/div>             <div class=\"kksr-star\" data-star=\"4\" style=\"padding-right: 5px\">               <div class=\"kksr-icon\" style=\"width: 24px; height: 24px;\"><\/div>         <\/div>             <div class=\"kksr-star\" data-star=\"5\" style=\"padding-right: 5px\">               <div class=\"kksr-icon\" style=\"width: 24px; height: 24px;\"><\/div>         <\/div>     <\/div>      <div class=\"kksr-stars-active\" style=\"width: 136.7px;\">             <div class=\"kksr-star\" style=\"padding-right: 5px\">               <div class=\"kksr-icon\" style=\"width: 24px; height: 24px;\"><\/div>         <\/div>             <div class=\"kksr-star\" style=\"padding-right: 5px\">               <div class=\"kksr-icon\" style=\"width: 24px; height: 24px;\"><\/div>         <\/div>             <div class=\"kksr-star\" style=\"padding-right: 5px\">               <div class=\"kksr-icon\" style=\"width: 24px; height: 24px;\"><\/div>         <\/div>             <div class=\"kksr-star\" style=\"padding-right: 5px\">               <div class=\"kksr-icon\" style=\"width: 24px; height: 24px;\"><\/div>         <\/div>             <div class=\"kksr-star\" style=\"padding-right: 5px\">               <div class=\"kksr-icon\" style=\"width: 24px; height: 24px;\"><\/div>         <\/div>     <\/div> <\/div>                   <div class=\"kksr-legend\" style=\"font-size: 19.2px;\">             4.8\/5 - (13 oy)    <\/div>     <\/div>  <p class=\"translation-block\"><strong>Otomatik konserve kapatma makinesi<\/strong>, teneke kutular, al\u00fcminyum kutular gibi \u00e7e\u015fitli metal kutular i\u00e7in uygundur. G\u0131da ve i\u00e7ecek sanayisinde, kimya sanayisinde ve ila\u00e7 sanayisinde yayg\u0131n olarak uygulanmaktad\u0131r. Asl\u0131nda, bu bir t\u00fcr ak\u0131ll\u0131 konserve kapatma makinesidir. Konserve kapatma makinesi, otomatik bir alg\u0131lama sistemi kullan\u0131r, kutu yoksa kapatma yok. Ayr\u0131ca, bir PLC kontrol sistemi ve b\u00fcy\u00fck bir dokunmatik ekran kullanarak, otomatik konserve kapatma makinesi kullan\u0131m\u0131 kolayd\u0131r. Manuel konserve kapatma makinesi ile k\u0131yasland\u0131\u011f\u0131nda, bu konserve kapatma makinesinin verimlili\u011fi, onun 3 kat\u0131d\u0131r. Verimlili\u011finizi b\u00fcy\u00fck \u00f6l\u00e7\u00fcde art\u0131raca\u011f\u0131na ve i\u015finize fayda sa\u011flayaca\u011f\u0131na inan\u0131yoruz. Bug\u00fcn \u00fccretsiz bir teklif almak i\u00e7in bize bir soru g\u00f6nderin.<\/p>    <h2 class=\"wp-block-heading\">Otomatik kutu kapatma makinas\u0131 \u00e7al\u0131\u015fma videosu<\/h2>   <figure class=\"wp-block-embed-youtube wp-block-embed is-type-video is-provider-youtube wp-embed-aspect-16-9 wp-has-aspect-ratio\"><div class=\"lyte-wrapper fourthree\" title=\"Otomatik Metal Kutu Kapama Makinesi | Yiyecek ve \u0130\u00e7ecek i\u00e7in End\u00fcstriyel Teneke\/Al\u00fcminyum Kutu Kapatma Makinesi\" style=\"width:960px;max-width:100%;margin:5px auto;\"><div class=\"lyMe hidef\" id=\"WYL_hNiEN74gmak\" itemprop=\"video\" itemscope itemtype=\"https:\/\/schema.org\/VideoObject\"><div><meta itemprop=\"thumbnailUrl\" content=\"https:\/\/taizypackaging.com\/wp-content\/plugins\/wp-youtube-lyte\/lyteCache.php?origThumbUrl=https%3A%2F%2Fi.ytimg.com%2Fvi%2FhNiEN74gmak%2Fmaxresdefault.jpg\" \/><meta itemprop=\"embedURL\" content=\"https:\/\/www.youtube.com\/embed\/hNiEN74gmak\" \/><meta itemprop=\"duration\" content=\"PT2M30S\" \/><meta itemprop=\"uploadDate\" content=\"2022-03-09T07:04:03Z\" \/><\/div><div id=\"lyte_hNiEN74gmak\" data-src=\"https:\/\/taizypackaging.com\/wp-content\/plugins\/wp-youtube-lyte\/lyteCache.php?origThumbUrl=https%3A%2F%2Fi.ytimg.com%2Fvi%2FhNiEN74gmak%2Fmaxresdefault.jpg\" class=\"pL\"><div class=\"tC\"><div class=\"tT\" itemprop=\"name\">Otomatik Metal Kutu Kapama Makinesi | Yiyecek ve \u0130\u00e7ecek i\u00e7in End\u00fcstriyel Teneke\/Al\u00fcminyum Kutu Kapatma Makinesi<\/div><\/div><div class=\"play\"><\/div><div class=\"ctrl\"><div class=\"Lctrl\"><\/div><div class=\"Rctrl\"><\/div><\/div><\/div><noscript><a href=\"https:\/\/youtu.be\/hNiEN74gmak\" rel=\"nofollow noopener\" target=\"_blank\"><img loading=\"lazy\" decoding=\"async\" src=\"https:\/\/taizypackaging.com\/wp-content\/plugins\/wp-youtube-lyte\/lyteCache.php?origThumbUrl=https%3A%2F%2Fi.ytimg.com%2Fvi%2FhNiEN74gmak%2F0.jpg\" alt=\"Otomatik Metal Kutu Kapama Makinesi | Yiyecek ve \u0130\u00e7ecek i\u00e7in End\u00fcstriyel Teneke\/Al\u00fcminyum Kutu Kapatma Makinesi\" width=\"960\" height=\"700\" \/><br \/>Bu videoyu YouTube'da izleyin<\/a><\/noscript><meta itemprop=\"description\" content=\"#cansealer #canseamer #cansealingmachine Email: info@taizypackaging.com WeChat\/ WhatsApp: +86 18837171591 Useful link: https:\/\/taizypackaging.com\/automatic-can-sealing-machine\/ --------------------------------------------------------------------------------------------------------------------- This automatic can sealing machine is designed for various round metal cans, such as tin cans, aluminum cans, etc. And it is widely applied in food&amp;beverage industry, chemical industry, and pharmaceutical industry. Automatic can sealing machine or automatic can seamer machine is applied for sealing various metal cans. It is suitable for sealing containers made up of plastic, tin, aluminum, glass, jar, pot, PET, paperboard, and others. Different from manual can sealer machine that needs a push-button or footswitch for operation, this fully automatic can sealing machine does not need any manual operation. Automatic can sealer is essential for factories with large production requirements. They need this machine for much higher efficiency and lower cost. ------------------------------------------------------------------------------------------------------------------------ You may also like these videos: Automatic round bottle labeling machine: https:\/\/www.youtube.com\/watch?v=CCdx5K88i5Q Automatic carton\/box packing machine: https:\/\/www.youtube.com\/watch?v=SpZuuzjcpSs&amp;t=3s ------------------------------------------------------------------------------------------------------------------------ Email: info@taizypackaging.com WeChat\/ WhatsApp: +86 18837171591 Useful link: https:\/\/taizypackaging.com\/automatic-can-sealing-machine\/\"><\/div><\/div><div class=\"lL\" style=\"max-width:100%;width:960px;margin:5px auto;\"><\/div><figcaption><\/figcaption><\/figure>   <h2 class=\"wp-block-heading\">Taizy otomatik kutu kapatma makinesinin performans \u00f6zellikleri<\/h2>    <ol class=\"wp-block-list\" type=\"1\"> <li>Ak\u0131ll\u0131 alg\u0131lama sistemi. Makine ancak kutular\u0131 buldu\u011funda \u00e7al\u0131\u015facakt\u0131r. Ve kutu yok, m\u00fch\u00fcrleme yok.<\/li>    <li>Kolay operasyon. Otomatik kutu kapatma makinesi, kullan\u0131m\u0131 ve bak\u0131m\u0131 kolay, ak\u0131ll\u0131 bir kontrol sistemi ve geni\u015f bir dokunmatik ekran kullan\u0131r. <\/li>    <li>G\u00fc\u00e7l\u00fc \u00fcretim kapasitesi. Y\u00fcksek otomasyon seviyesi, s\u0131zd\u0131rmazl\u0131k \u00fcretim hatt\u0131n\u0131n doldurulmas\u0131 i\u00e7in uygun bir ekipmand\u0131r.<\/li>    <li>Tayvan'dan ithal edilen s\u0131zd\u0131rmazl\u0131k tekerle\u011fi y\u00fcksek sertli\u011fe, iyi a\u015f\u0131nma direncine, paslanmaya ve m\u00fckemmel s\u0131zd\u0131rmazl\u0131k performans\u0131na sahiptir.<\/li>    <li>Paslanmaz \u00e7elik g\u00f6vde yap\u0131s\u0131. Dayan\u0131kl\u0131d\u0131r ve uzun servis \u00f6mr\u00fcne sahiptir.<\/li>    <li>Geni\u015f uygulamalar. End\u00fcstriyel kutu kapat\u0131c\u0131, \u00e7e\u015fitli teneke kutular, al\u00fcminyum kutular ve her t\u00fcrl\u00fc yuvarlak metal kutu i\u00e7in idealdir.<\/li>    <li>OEM\/ODM hizmeti. M\u00fc\u015fterilerin gereksinimlerini kar\u015f\u0131lamak i\u00e7in \u00f6zelle\u015ftirme hizmetleri sa\u011flama konusunda g\u00fc\u00e7l\u00fc bir kapasiteye sahibiz.<\/li> <\/ol>    <figure class=\"wp-block-image size-full\"><img decoding=\"async\" src=\"https:\/\/taizypackaging.com\/wp-content\/uploads\/2022\/03\/can-sealing-machine-factory.jpg\" alt=\"kutu kapatma makinesi fabrikas\u0131\" class=\"wp-image-4183\"\/><figcaption class=\"wp-element-caption\">kutu kapatma makinesi fabrikas\u0131<\/figcaption><\/figure>    <h2 class=\"wp-block-heading\">Otomatik kutu kapatma makinesi parametreleri<\/h2>    <figure class=\"wp-block-table\"><table><tbody><tr><td>Modeli<\/td><td>LT1035<\/td><td>AT-FG<\/td><\/tr><tr><td>G\u00fc\u00e7<\/td><td>220V, 50-60Hz<\/td><td>220V, 50-60Hz,1,5KW<\/td><\/tr><tr><td>\u00dcretim h\u0131z\u0131<\/td><td>30-60can\/dak<\/td><td>25-35can\/dak<\/td><\/tr><tr><td>Uygulanabilir \u015fi\u015fe boyutu<\/td><td>\u03c6: 70-130mm<br>Y: 60-190mm<\/td><td>\u03c6:50-130mm<br>H:\u226470mm, 70-200mm<\/td><\/tr><tr><td>A\u011f\u0131rl\u0131k<\/td><td>350kg<\/td><td>500kg<\/td><\/tr><tr><td>Boyut<\/td><td>3000*1000*1500mm<\/td><td>3000*900*1800<\/td><\/tr><\/tbody><\/table><\/figure>    <p>Not: OEM\/ODM hizmeti mevcuttur<\/p>    <h2 class=\"wp-block-heading\">Kutu kapatma makinemizin \u00fcnl\u00fc aksesuar markalar\u0131<\/h2>    <figure class=\"wp-block-table\"><table><tbody><tr><td>Selenoid vana<\/td><td>AirTAC<\/td><\/tr><tr><td>R\u00f6le<\/td><td>Schneider<\/td><\/tr><tr><td>AC kontakt\u00f6r\u00fc<\/td><td>OTON\u0130K<\/td><\/tr><tr><td>Yak\u0131nl\u0131k anahtar\u0131<\/td><td>OTON\u0130K<\/td><\/tr><tr><td>Fotoelektrik anahtar<\/td><td>OTON\u0130K<\/td><\/tr><tr><td>Silindir<\/td><td>AirTAC<\/td><\/tr><tr><td>D\u00fc\u011fme<\/td><td>Schneider<\/td><\/tr><\/tbody><\/table><\/figure>    <h2 class=\"wp-block-heading\">Otomatik kutu kapatma makinesi nedir?<\/h2>    <p>\u00c7e\u015fitli metal kutular\u0131n kapat\u0131lmas\u0131 i\u00e7in otomatik kutu kapatma makinesi veya otomatik kutu kapatma makinesi uygulan\u0131r. Plastik, kalay, al\u00fcminyum, cam, kavanoz, tencere, PET, karton ve di\u011ferlerinden olu\u015fan kaplar\u0131n kapat\u0131lmas\u0131 i\u00e7in uygundur. \u00c7al\u0131\u015ft\u0131r\u0131lmas\u0131 i\u00e7in bir d\u00fc\u011fmeye veya ayak pedal\u0131na ihtiya\u00e7 duyan manuel kutu kapatma makinesinden farkl\u0131 olarak bu tam otomatik kutu kapatma makinesinin herhangi bir manuel i\u015fleme ihtiyac\u0131 yoktur.<\/p>    <p>Otomatik kutu kapat\u0131c\u0131, b\u00fcy\u00fck \u00fcretim gereksinimleri olan fabrikalar i\u00e7in \u00e7ok \u00f6nemlidir. \u00c7ok daha y\u00fcksek verim ve daha d\u00fc\u015f\u00fck maliyet i\u00e7in bu makineye ihtiya\u00e7lar\u0131 var. Ayr\u0131ca bu makine, komple bir \u00fcretim hatt\u0131 i\u00e7in dolum paketleme makineleriyle birlikte \u00e7al\u0131\u015fabilir.<\/p>    <figure class=\"wp-block-image size-full\"><img decoding=\"async\" src=\"https:\/\/taizypackaging.com\/wp-content\/uploads\/2022\/03\/automatic-can-sealer-applications.jpg\" alt=\"otomatik kutu kapatma uygulamalar\u0131\" class=\"wp-image-4184\"\/><figcaption class=\"wp-element-caption\">otomatik kutu kapatma uygulamalar\u0131<\/figcaption><\/figure>    <h2 class=\"wp-block-heading\">Otomatik kutu kapatma makinenizi \u00f6zelle\u015ftirme<\/h2>    <p class=\"translation-block\">\u00c7in'in \u00f6nde gelen ambalaj \u00e7\u00f6z\u00fcm \u00fcreticilerinden biri olarak, <a href=\"https:\/\/taizypackaging.com\/tr\/\">Taizy Ambalaj Makineleri<\/a>, projeniz i\u00e7in m\u00fckemmel konserve kapatma makineleri sa\u011flamak i\u00e7in g\u00fc\u00e7l\u00fc bir OEM\/ODM yetene\u011fine sahiptir. \u0130\u015finize ba\u015flamadan \u00f6nce, ihtiya\u00e7lar\u0131n\u0131z\u0131 anlaman\u0131za yard\u0131mc\u0131 olmam\u0131z gerekmektedir. \u00d6rne\u011fin, hangi \u00fcr\u00fcnleri ve ambalaj malzemesini paketlemek istiyorsunuz? Fabrikan\u0131z\u0131n \u00fcretim talebi nedir? Tesisinizin yap\u0131s\u0131 nedir? Ve di\u011fer \u00f6zel gereksinimleriniz nelerdir? Projenize ba\u015flamak i\u00e7in \u015fimdi bizimle ileti\u015fime ge\u00e7in. &nbsp;<\/p>","protected":false},"excerpt":{"rendered":"<p>Automatic can sealing machine is suitable for various metal cans, such as tin cans, aluminum cans, etc. It is widely applied in food&amp;beverage industry, chemical industry, and pharmaceutical industry. Actually, it is a kind of intelligent can sealing machine. The can sealing machine uses an automatic detection system, no cans no sealing. Besides, adopting a [&hellip;]<\/p>\n","protected":false},"author":1,"featured_media":4890,"parent":0,"template":"","tags":[612,548],"product-type":[663],"class_list":["post-4178","product","type-product","status-publish","has-post-thumbnail","hentry","tag-can-sealing-machine","tag-sealing-machine","product-type-bottle-filling-production-line"],"_links":{"self":[{"href":"https:\/\/taizypackaging.com\/tr\/wp-json\/wp\/v2\/product\/4178","targetHints":{"allow":["GET"]}}],"collection":[{"href":"https:\/\/taizypackaging.com\/tr\/wp-json\/wp\/v2\/product"}],"about":[{"href":"https:\/\/taizypackaging.com\/tr\/wp-json\/wp\/v2\/types\/product"}],"author":[{"embeddable":true,"href":"https:\/\/taizypackaging.com\/tr\/wp-json\/wp\/v2\/users\/1"}],"wp:featuredmedia":[{"embeddable":true,"href":"https:\/\/taizypackaging.com\/tr\/wp-json\/wp\/v2\/media\/4890"}],"wp:attachment":[{"href":"https:\/\/taizypackaging.com\/tr\/wp-json\/wp\/v2\/media?parent=4178"}],"wp:term":[{"taxonomy":"post_tag","embeddable":true,"href":"https:\/\/taizypackaging.com\/tr\/wp-json\/wp\/v2\/tags?post=4178"},{"taxonomy":"product-type","embeddable":true,"href":"https:\/\/taizypackaging.com\/tr\/wp-json\/wp\/v2\/product-type?post=4178"}],"curies":[{"name":"wp","href":"https:\/\/api.w.org\/{rel}","templated":true}]}}