{"id":4229,"date":"2022-03-11T09:42:24","date_gmt":"2022-03-11T09:42:24","guid":{"rendered":"https:\/\/taizypackaging.com\/?p=4229"},"modified":"2024-07-10T18:38:17","modified_gmt":"2024-07-10T10:38:17","slug":"bottle-washing-machine","status":"publish","type":"product","link":"https:\/\/taizypackaging.com\/tr\/bottle-washing-machine\/","title":{"rendered":"\u015ei\u015fe Y\u0131kama Makinesi"},"content":{"rendered":"<div class=\"kk-star-ratings kksr-auto kksr-align-left kksr-valign-top\"     data-payload='{&quot;align&quot;:&quot;left&quot;,&quot;id&quot;:&quot;4229&quot;,&quot;slug&quot;:&quot;default&quot;,&quot;valign&quot;:&quot;top&quot;,&quot;ignore&quot;:&quot;&quot;,&quot;reference&quot;:&quot;auto&quot;,&quot;class&quot;:&quot;&quot;,&quot;count&quot;:&quot;20&quot;,&quot;legendonly&quot;:&quot;&quot;,&quot;readonly&quot;:&quot;&quot;,&quot;score&quot;:&quot;4.6&quot;,&quot;starsonly&quot;:&quot;&quot;,&quot;best&quot;:&quot;5&quot;,&quot;gap&quot;:&quot;5&quot;,&quot;greet&quot;:&quot;Rate this product&quot;,&quot;legend&quot;:&quot;4.6\\\/5 - (20 votes)&quot;,&quot;size&quot;:&quot;24&quot;,&quot;title&quot;:&quot;Bottle Washing Machine&quot;,&quot;width&quot;:&quot;130.9&quot;,&quot;_legend&quot;:&quot;{score}\\\/{best} - ({count} {votes})&quot;,&quot;font_factor&quot;:&quot;1.25&quot;}'>              <div class=\"kksr-stars\">      <div class=\"kksr-stars-inactive\">             <div class=\"kksr-star\" data-star=\"1\" style=\"padding-right: 5px\">               <div class=\"kksr-icon\" style=\"width: 24px; height: 24px;\"><\/div>         <\/div>             <div class=\"kksr-star\" data-star=\"2\" style=\"padding-right: 5px\">               <div class=\"kksr-icon\" style=\"width: 24px; height: 24px;\"><\/div>         <\/div>             <div class=\"kksr-star\" data-star=\"3\" style=\"padding-right: 5px\">               <div class=\"kksr-icon\" style=\"width: 24px; height: 24px;\"><\/div>         <\/div>             <div class=\"kksr-star\" data-star=\"4\" style=\"padding-right: 5px\">               <div class=\"kksr-icon\" style=\"width: 24px; height: 24px;\"><\/div>         <\/div>             <div class=\"kksr-star\" data-star=\"5\" style=\"padding-right: 5px\">               <div class=\"kksr-icon\" style=\"width: 24px; height: 24px;\"><\/div>         <\/div>     <\/div>      <div class=\"kksr-stars-active\" style=\"width: 130.9px;\">             <div class=\"kksr-star\" style=\"padding-right: 5px\">               <div class=\"kksr-icon\" style=\"width: 24px; height: 24px;\"><\/div>         <\/div>             <div class=\"kksr-star\" style=\"padding-right: 5px\">               <div class=\"kksr-icon\" style=\"width: 24px; height: 24px;\"><\/div>         <\/div>             <div class=\"kksr-star\" style=\"padding-right: 5px\">               <div class=\"kksr-icon\" style=\"width: 24px; height: 24px;\"><\/div>         <\/div>             <div class=\"kksr-star\" style=\"padding-right: 5px\">               <div class=\"kksr-icon\" style=\"width: 24px; height: 24px;\"><\/div>         <\/div>             <div class=\"kksr-star\" style=\"padding-right: 5px\">               <div class=\"kksr-icon\" style=\"width: 24px; height: 24px;\"><\/div>         <\/div>     <\/div> <\/div>                   <div class=\"kksr-legend\" style=\"font-size: 19.2px;\">             4.6\/5 - (20 oy)    <\/div>     <\/div>  <p class=\"translation-block\"><strong>\u015ei\u015fe y\u0131kama makinesi<\/strong> veya <strong>\u015fi\u015fe y\u0131kay\u0131c\u0131<\/strong>, doldurmadan \u00f6nce \u015fi\u015feleri temizlemek i\u00e7in tasarlanm\u0131\u015ft\u0131r. Su, i\u00e7ecek fabrikalar\u0131, \u015farap fabrikalar\u0131, kozmetik tesisleri, ila\u00e7 fabrikalar\u0131 ve di\u011fer \u00fcretim hatlar\u0131nda yayg\u0131n olarak kullan\u0131lmaktad\u0131r. Ayr\u0131ca, <strong>\u015fi\u015fe temizleme makinesi<\/strong>, plastik \u015fi\u015feler, cam \u015fi\u015feler, PET \u015fi\u015feler, s\u00fct \u015fi\u015feleri, bira \u015fi\u015feleri, su \u015fi\u015feleri, \u015farap \u015fi\u015feleri, soda \u015fi\u015feleri gibi \u00e7e\u015fitli \u015fi\u015fe t\u00fcrleri i\u00e7in uygundur. Ayn\u0131 anda onlarca \u015fi\u015feyi verimli ve g\u00fcvenilir bir \u015fekilde i\u015fleyebilir. Ve \u00fcretim kapasitesi saatte 3000 \u015fi\u015feye ula\u015fabilir. \u015ei\u015fe y\u0131kay\u0131c\u0131lar, bir\u00e7ok b\u00fcy\u00fck imalat end\u00fcstrisi i\u00e7in temel ekipmand\u0131r. Verimlili\u011finizi b\u00fcy\u00fck \u00f6l\u00e7\u00fcde art\u0131rabilir ve i\u015finize fayda sa\u011flayabilir. &nbsp;<\/p>    <h2 class=\"wp-block-heading\">Performans \u00f6zellikleri<\/h2>    <ol class=\"wp-block-list\" type=\"1\"><li>Temiz ve hijyenik, kirlilik i\u00e7ermeyen pn\u00f6matik sistemi ve paslanmaz \u00e7elik s\u0131cak su pompas\u0131n\u0131 kullan\u0131n.<\/li><li>Su deposu buharl\u0131 \u0131s\u0131tma veya elektrikli \u0131s\u0131tma, otomatik s\u0131cakl\u0131k kontrol\u00fc, PLC kontrol sistemi olabilir, ultrasonik temizleme s\u00fcresi serbest\u00e7e ayarlanabilir.<\/li><li>D\u00fcz plaka temizleme y\u00f6ntemi, \u015fi\u015felerin hasar oran\u0131n\u0131n d\u00fc\u015f\u00fck olmas\u0131n\u0131 sa\u011flar.<\/li><li>Ampulle doldurulmu\u015f \u015fi\u015fe tepsisi, ters \u00e7evrilmeden do\u011frudan sterilizasyon f\u0131r\u0131n\u0131na yerle\u015ftirilebilir.<\/li><li>P\u00fcsk\u00fcrtme borusu yukar\u0131 ve a\u015fa\u011f\u0131 ayarlanabilir, farkl\u0131 y\u00fckseklikteki cam \u015fi\u015felerin ve plastik \u015fi\u015felerin temizli\u011fine uygundur, temizlik kalitesi GMP standart gereksinimlerine uygundur.<\/li><li>Korkuluk k\u0131lavuz ray\u0131n\u0131n her iki taraf\u0131, farkl\u0131 boyutlardaki cam \u015fi\u015felerin ve plastik \u015fi\u015felerin temizli\u011fine uygun olarak sola ve sa\u011fa ayarlanabilir.<\/li><li>Art\u0131k su giderme cihaz\u0131 ile fabrikalar i\u00e7in su kaynaklar\u0131ndan tasarruf edilebilir.<\/li><\/ol>    <h2 class=\"wp-block-heading\">\u015ei\u015fe y\u0131kama makinesi \u00e7al\u0131\u015fma videosu <\/h2>   <figure class=\"wp-block-embed-youtube wp-block-embed is-type-video is-provider-youtube wp-embed-aspect-16-9 wp-has-aspect-ratio\"><div class=\"lyte-wrapper fourthree\" title=\"Otomatik \u015ei\u015fe Y\u0131kama Durulama Temizleme Makinesi | Su, Bira, Soda, \u015earap, S\u00fct i\u00e7in \u015ei\u015fe Y\u0131kama Makinesi\" style=\"width:960px;max-width:100%;margin:5px auto;\"><div class=\"lyMe hidef\" id=\"WYL_Y02hdzKkCXo\" itemprop=\"video\" itemscope itemtype=\"https:\/\/schema.org\/VideoObject\"><div><meta itemprop=\"thumbnailUrl\" content=\"https:\/\/taizypackaging.com\/wp-content\/plugins\/wp-youtube-lyte\/lyteCache.php?origThumbUrl=https%3A%2F%2Fi.ytimg.com%2Fvi%2FY02hdzKkCXo%2Fmaxresdefault.jpg\" \/><meta itemprop=\"embedURL\" content=\"https:\/\/www.youtube.com\/embed\/Y02hdzKkCXo\" \/><meta itemprop=\"duration\" content=\"PT1M41S\" \/><meta itemprop=\"uploadDate\" content=\"2022-03-22T07:24:52Z\" \/><\/div><div id=\"lyte_Y02hdzKkCXo\" data-src=\"https:\/\/taizypackaging.com\/wp-content\/plugins\/wp-youtube-lyte\/lyteCache.php?origThumbUrl=https%3A%2F%2Fi.ytimg.com%2Fvi%2FY02hdzKkCXo%2Fmaxresdefault.jpg\" class=\"pL\"><div class=\"tC\"><div class=\"tT\" itemprop=\"name\">Otomatik \u015ei\u015fe Y\u0131kama Durulama Temizleme Makinesi | Su, Bira, Soda, \u015earap, S\u00fct i\u00e7in \u015ei\u015fe Y\u0131kama Makinesi<\/div><\/div><div class=\"play\"><\/div><div class=\"ctrl\"><div class=\"Lctrl\"><\/div><div class=\"Rctrl\"><\/div><\/div><\/div><noscript><a href=\"https:\/\/youtu.be\/Y02hdzKkCXo\" rel=\"nofollow noopener\" target=\"_blank\"><img loading=\"lazy\" decoding=\"async\" src=\"https:\/\/taizypackaging.com\/wp-content\/plugins\/wp-youtube-lyte\/lyteCache.php?origThumbUrl=https%3A%2F%2Fi.ytimg.com%2Fvi%2FY02hdzKkCXo%2F0.jpg\" alt=\"Otomatik \u015ei\u015fe Y\u0131kama Durulama Temizleme Makinesi | Su, Bira, Soda, \u015earap, S\u00fct i\u00e7in \u015ei\u015fe Y\u0131kama Makinesi\" width=\"960\" height=\"700\" \/><br \/>Bu videoyu YouTube'da izleyin<\/a><\/noscript><meta itemprop=\"description\" content=\"#bottlewasher #bottlecleaningmachine #bottlerinsing Email: info@taizypackaging.com WhatsApp\/ WeChat: +86 18837171591 Useful link: https:\/\/taizypackaging.com\/bottle-washing-machine\/ ---------------------------------------------- Bottle washing machine is the equipment used for bottle cleaning and rinsing. We supply three types of bottle washers. One is equipped with 32 bottle placing positions. It occupied a small space, suitable for small and middle plants. When using the bottle cleaning machine, placing bottles upside down, bottles will rotate followed by a turntable. It will spray water into the bottles when the bottle reaches the spraying nozzles. The second type of water rinsing machine has 54 bottle holders. They are linked by a chain. Starting the bottle washer, the bottle holders will spin around two toothed gears. When the bottles are conveyed to spouts, it will spraying water into bottles. Besides, waters will drip on the bottles through the curtain above. The other one is an integrated cleaning and drying machine. As the name implies, it can complete the process of rinsing and drying automatically through multiple processes of washing. And the angel of rinsing is adjustable. The equipment can highly improve production efficiency. ---------------------------------------------- You may be also interested in these videos: Automatic bottle unscrambler machine: https:\/\/www.youtube.com\/watch?v=PGWp2gb0pns Automatic bottle filling machine: https:\/\/www.youtube.com\/watch?v=wRSdydlCgJM&amp;t=98s ---------------------------------------------- Email: info@taizypackaging.com WhatsApp\/ WeChat: +86 18837171591 Useful link: https:\/\/taizypackaging.com\/bottle-washing-machine\/\"><\/div><\/div><div class=\"lL\" style=\"max-width:100%;width:960px;margin:5px auto;\"><\/div><figcaption><\/figcaption><\/figure>   <h2 class=\"wp-block-heading\">Sat\u0131l\u0131k \u015fi\u015fe y\u0131kama makinas\u0131 tipi<\/h2>    <p class=\"translation-block\"><span id=\"Type_of_bottle_washing_machine_for_sale\">Taizy Machinery Co., Ltd<\/a> 'de sat\u0131l\u0131k iki t\u00fcr \u015fi\u015fe y\u0131kama makinesi bulunmaktad\u0131r: k\u00fc\u00e7\u00fck d\u00f6ner y\u0131kama \u015fi\u015fe makinesi ve 54 ba\u015fl\u0131 inline \u015fi\u015fe y\u0131kama makinesi. Farkl\u0131 performans \u00f6zellikleri ve avantajlara sahiptirler.<\/p>    <h3 class=\"wp-block-heading\">Birinci tip: K\u00fc\u00e7\u00fck d\u00f6ner \u015fi\u015fe \u00e7ama\u015f\u0131r makinesi<\/h3>    <p>Bu d\u00f6ner \u015fi\u015fe y\u0131kama makinesi, k\u00fc\u00e7\u00fck tipte bir \u015fi\u015fe y\u0131kay\u0131c\u0131d\u0131r. K\u00fc\u00e7\u00fck boyut ve uygun fiyat avantajlar\u0131na sahiptir. \u00dcretim kapasitesi saatte 2300 \u015fi\u015feye ula\u015fabilmektedir. K\u00fc\u00e7\u00fck projeler i\u00e7in uygundur. D\u00f6ner \u015fi\u015fe temizleme makinesi tesisinizin k\u00fc\u00e7\u00fck bir alan\u0131n\u0131 kaplar. Ayr\u0131ca k\u00fc\u00e7\u00fck \u015fi\u015fe temizleme makinesi fiyat\u0131 da uygundur.<\/p>    <figure class=\"wp-block-image size-full\"><img decoding=\"async\" src=\"https:\/\/taizypackaging.com\/wp-content\/uploads\/2022\/03\/rotary-bottle-washing-machine.jpg\" alt=\"d\u00f6ner \u015fi\u015fe y\u0131kama makinesi\" class=\"wp-image-4234\"\/><figcaption>d\u00f6ner \u015fi\u015fe y\u0131kama makinesi<\/figcaption><\/figure>    <h3 class=\"wp-block-heading\">\u0130kinci tip: 54 kafal\u0131 s\u0131ral\u0131 \u015fi\u015fe y\u0131kama makinesi<\/h3>    <p>Bu makine d\u00f6ner \u015fi\u015fe temizleme makinesine g\u00f6re daha y\u00fcksek verimlili\u011fe sahiptir. Bir defada 54 kafay\u0131 y\u0131kayabilmektedir. \u00dcretim kapasitesi saatte 3000 \u015fi\u015feye ula\u015fabilmektedir. B\u00fcy\u00fck projeler i\u00e7in uygundur. \u015ei\u015fe y\u00fcksekli\u011fi aral\u0131\u011f\u0131 120 mm'den 300 mm'ye, \u015fi\u015fe \u00e7ap\u0131 ise 40 mm'den 90 mm'ye kadard\u0131r. Ayr\u0131ca ihtiya\u00e7lar\u0131n\u0131z\u0131 do\u011fru bir \u015fekilde kar\u015f\u0131lamak i\u00e7in g\u00fc\u00e7l\u00fc bir OEM hizmetini destekliyoruz.<\/p>    <figure class=\"wp-block-image size-full\"><img loading=\"lazy\" decoding=\"async\" width=\"720\" height=\"540\" src=\"https:\/\/taizypackaging.com\/wp-content\/uploads\/2022\/03\/bottle-cleaning-machine.jpg\" alt=\"\u015fi\u015fe temizleme makinesi\" class=\"wp-image-4233\" srcset=\"https:\/\/taizypackaging.com\/wp-content\/uploads\/2022\/03\/bottle-cleaning-machine.jpg 720w, https:\/\/taizypackaging.com\/wp-content\/uploads\/2022\/03\/bottle-cleaning-machine-300x225.jpg 300w\" sizes=\"auto, (max-width: 720px) 100vw, 720px\" \/><figcaption>\u015fi\u015fe temizleme makinesi<\/figcaption><\/figure>    <h2 class=\"wp-block-heading\">Taizy \u015fi\u015fe temizleme makinesinin avantajlar\u0131 <\/h2>    <ol class=\"wp-block-list\" type=\"1\"><li>Geni\u015f uygulamalar. Bu \u015fi\u015fe y\u0131kama makinesi plastik \u015fi\u015feleri, cam \u015fi\u015feleri vb. temizlemek i\u00e7in idealdir.<\/li><li>Dayan\u0131kl\u0131 malzeme. Makinenin t\u00fcm destek yap\u0131s\u0131 304 paslanmaz \u00e7elikten yap\u0131lm\u0131\u015ft\u0131r.<\/li><li>Basit yap\u0131 ve makul tasar\u0131m. \u00c7al\u0131\u015ft\u0131r\u0131lmas\u0131 ve bak\u0131m\u0131 kolayd\u0131r.<\/li><li>\u015ei\u015fe y\u0131kama makinesi, at\u00f6lyenin hareketini kolayla\u015ft\u0131rmak i\u00e7in evrensel tekerlekle donat\u0131lm\u0131\u015ft\u0131r.<\/li><li>\u0130yi performans. Geleneksel \u015fi\u015fe y\u0131kay\u0131c\u0131lardan \u00e7ok daha iyi bir performansa sahiptir.<\/li><li>Bu makine s\u0131cakl\u0131k kontrol cihaz\u0131 kullan\u0131l\u0131r, tek tip s\u0131cakl\u0131k kontrol\u00fc kullan\u0131m\u0131 s\u0131ras\u0131nda ekipman, sterilizasyon etkisi iyidir.<\/li><li>\u015ei\u015fe y\u0131kama makinesi, frekans d\u00f6n\u00fc\u015ft\u00fcr\u00fcc\u00fc cihaz\u0131n\u0131, uygun h\u0131z kullan\u0131m\u0131ndaki ekipman\u0131, basit \u00e7al\u0131\u015fmay\u0131 benimser, motoru etkili bir \u015fekilde korur, motor servis \u00f6mr\u00fcn\u00fc uzat\u0131r.<\/li><li>OEM hizmeti. \u00d6zel ihtiya\u00e7lar\u0131n\u0131za g\u00f6re \u015fi\u015fe temizleme makinesi tasarl\u0131yor ve \u00fcretiyoruz.<\/li><\/ol>    <h2 class=\"wp-block-heading\">\u015ei\u015fe y\u0131kama makinesinin \u00e7al\u0131\u015fma prensibi <\/h2>    <p>\u015ei\u015feler platformun sonraki indeksleme b\u00f6l\u00fcm\u00fcne y\u00fckleniyor ve bir dizi i\u015flemle temizleniyor. Boyun \u00e7ap\u0131na sahip \u015fi\u015felerin tutulmas\u0131 i\u00e7in \u00f6zel tasar\u0131ml\u0131 \u015fi\u015fe tutucular\u0131 mevcuttur. Bardak \u015feklindeki bu braketlere \u015fi\u015feler ba\u015f a\u015fa\u011f\u0131 yerle\u015ftirilir. \u015ei\u015fenin d\u0131\u015f\u0131n\u0131 temizlemek i\u00e7in p\u00fcsk\u00fcrt\u00fcn. Temizleme s\u00fcresini d\u00fczenlemek i\u00e7in solenoid valfler sa\u011flanm\u0131\u015ft\u0131r. \u015ei\u015fe durdu\u011funda su p\u00fcsk\u00fcrt\u00fcn, su tasarrufu sa\u011flay\u0131n ve \u00f6zel gereksinimleri kar\u015f\u0131lamak i\u00e7in \u00e7e\u015fitli temizleme ortamlar\u0131n\u0131 s\u0131ralay\u0131n.<\/p>    <figure class=\"wp-block-image size-full\"><img decoding=\"async\" src=\"https:\/\/taizypackaging.com\/wp-content\/uploads\/2022\/03\/Taizy-bottle-washers-factory.jpg\" alt=\"Taizy \u015fi\u015fe y\u0131kay\u0131c\u0131lar\u0131 fabrikas\u0131\" class=\"wp-image-4248\"\/><figcaption>Taizy \u015fi\u015fe y\u0131kay\u0131c\u0131lar\u0131 fabrikas\u0131<\/figcaption><\/figure>    <h2 class=\"wp-block-heading\">\u0130\u015finizi ba\u015flat\u0131n<\/h2>    <p class=\"translation-block\">Bu iki yar\u0131 otomatik \u015fi\u015fe y\u0131kama makinesi farkl\u0131 \u00f6zelliklere ve faydalara sahiptir. Ve farkl\u0131 \u00e7al\u0131\u015fma ortamlar\u0131 ve ko\u015fullar\u0131 i\u00e7in uygundur. \u015ei\u015fe temizleme makinesi, \u015fi\u015fe doldurma makinesi, <a href=\"https:\/\/taizypackaging.com\/tr\/machines-category\/capping\/\">\u015fi\u015fe kapama makinesi<\/a>, \u015fi\u015fe etiketleme makinesi gibi di\u011fer ekipmanlarla birlikte \u00e7al\u0131\u015f\u0131r. Tam bir <a href=\"https:\/\/taizypackaging.com\/tr\/machines-category\/bottle-filling-production-line\/\">s\u0131v\u0131 \u00fcretim hatt\u0131<\/a> n\u0131n \u00f6nemli bir par\u00e7as\u0131d\u0131r. Bu makinelerle ilgileniyorsan\u0131z, \u00fccretsiz fiyat listesi i\u00e7in bizimle ileti\u015fime ge\u00e7in. <\/p>","protected":false},"excerpt":{"rendered":"<p>Bottle washing machine or bottle washer is designed for cleaning bottles before filling. It is widely used in water, beverage factories, wine factories, cosmetic plants, pharmaceutical factories, and other production lines. Besides, the bottle cleaning machine is suitable for various bottle types, such as plastic bottles, glass bottles, PET bottles, milk bottles, beer bottles, water [&hellip;]<\/p>\n","protected":false},"author":1,"featured_media":4232,"parent":0,"template":"","tags":[618,191,619],"product-type":[663],"class_list":["post-4229","product","type-product","status-publish","has-post-thumbnail","hentry","tag-bottle-washing-machine","tag-glass-bottle","tag-plastic-bottle","product-type-bottle-filling-production-line"],"_links":{"self":[{"href":"https:\/\/taizypackaging.com\/tr\/wp-json\/wp\/v2\/product\/4229","targetHints":{"allow":["GET"]}}],"collection":[{"href":"https:\/\/taizypackaging.com\/tr\/wp-json\/wp\/v2\/product"}],"about":[{"href":"https:\/\/taizypackaging.com\/tr\/wp-json\/wp\/v2\/types\/product"}],"author":[{"embeddable":true,"href":"https:\/\/taizypackaging.com\/tr\/wp-json\/wp\/v2\/users\/1"}],"wp:featuredmedia":[{"embeddable":true,"href":"https:\/\/taizypackaging.com\/tr\/wp-json\/wp\/v2\/media\/4232"}],"wp:attachment":[{"href":"https:\/\/taizypackaging.com\/tr\/wp-json\/wp\/v2\/media?parent=4229"}],"wp:term":[{"taxonomy":"post_tag","embeddable":true,"href":"https:\/\/taizypackaging.com\/tr\/wp-json\/wp\/v2\/tags?post=4229"},{"taxonomy":"product-type","embeddable":true,"href":"https:\/\/taizypackaging.com\/tr\/wp-json\/wp\/v2\/product-type?post=4229"}],"curies":[{"name":"wp","href":"https:\/\/api.w.org\/{rel}","templated":true}]}}