{"id":4257,"date":"2022-03-15T07:30:21","date_gmt":"2022-03-15T07:30:21","guid":{"rendered":"https:\/\/taizypackaging.com\/?p=4257"},"modified":"2024-07-10T18:37:19","modified_gmt":"2024-07-10T10:37:19","slug":"pet-bottle-blowing-machine","status":"publish","type":"product","link":"https:\/\/taizypackaging.com\/tr\/pet-bottle-blowing-machine\/","title":{"rendered":"PET \u015ei\u015fe \u015ei\u015firme Makinas\u0131"},"content":{"rendered":"<div class=\"kk-star-ratings kksr-auto kksr-align-left kksr-valign-top\"     data-payload='{&quot;align&quot;:&quot;left&quot;,&quot;id&quot;:&quot;4257&quot;,&quot;slug&quot;:&quot;default&quot;,&quot;valign&quot;:&quot;top&quot;,&quot;ignore&quot;:&quot;&quot;,&quot;reference&quot;:&quot;auto&quot;,&quot;class&quot;:&quot;&quot;,&quot;count&quot;:&quot;16&quot;,&quot;legendonly&quot;:&quot;&quot;,&quot;readonly&quot;:&quot;&quot;,&quot;score&quot;:&quot;4.7&quot;,&quot;starsonly&quot;:&quot;&quot;,&quot;best&quot;:&quot;5&quot;,&quot;gap&quot;:&quot;5&quot;,&quot;greet&quot;:&quot;Rate this product&quot;,&quot;legend&quot;:&quot;4.7\\\/5 - (16 votes)&quot;,&quot;size&quot;:&quot;24&quot;,&quot;title&quot;:&quot;PET Bottle Blowing Machine&quot;,&quot;width&quot;:&quot;133.8&quot;,&quot;_legend&quot;:&quot;{score}\\\/{best} - ({count} {votes})&quot;,&quot;font_factor&quot;:&quot;1.25&quot;}'>              <div class=\"kksr-stars\">      <div class=\"kksr-stars-inactive\">             <div class=\"kksr-star\" data-star=\"1\" style=\"padding-right: 5px\">               <div class=\"kksr-icon\" style=\"width: 24px; height: 24px;\"><\/div>         <\/div>             <div class=\"kksr-star\" data-star=\"2\" style=\"padding-right: 5px\">               <div class=\"kksr-icon\" style=\"width: 24px; height: 24px;\"><\/div>         <\/div>             <div class=\"kksr-star\" data-star=\"3\" style=\"padding-right: 5px\">               <div class=\"kksr-icon\" style=\"width: 24px; height: 24px;\"><\/div>         <\/div>             <div class=\"kksr-star\" data-star=\"4\" style=\"padding-right: 5px\">               <div class=\"kksr-icon\" style=\"width: 24px; height: 24px;\"><\/div>         <\/div>             <div class=\"kksr-star\" data-star=\"5\" style=\"padding-right: 5px\">               <div class=\"kksr-icon\" style=\"width: 24px; height: 24px;\"><\/div>         <\/div>     <\/div>      <div class=\"kksr-stars-active\" style=\"width: 133.8px;\">             <div class=\"kksr-star\" style=\"padding-right: 5px\">               <div class=\"kksr-icon\" style=\"width: 24px; height: 24px;\"><\/div>         <\/div>             <div class=\"kksr-star\" style=\"padding-right: 5px\">               <div class=\"kksr-icon\" style=\"width: 24px; height: 24px;\"><\/div>         <\/div>             <div class=\"kksr-star\" style=\"padding-right: 5px\">               <div class=\"kksr-icon\" style=\"width: 24px; height: 24px;\"><\/div>         <\/div>             <div class=\"kksr-star\" style=\"padding-right: 5px\">               <div class=\"kksr-icon\" style=\"width: 24px; height: 24px;\"><\/div>         <\/div>             <div class=\"kksr-star\" style=\"padding-right: 5px\">               <div class=\"kksr-icon\" style=\"width: 24px; height: 24px;\"><\/div>         <\/div>     <\/div> <\/div>                   <div class=\"kksr-legend\" style=\"font-size: 19.2px;\">             4.7\/5 - (16 oy)    <\/div>     <\/div>  <p class=\"translation-block\"><strong>PET \u015fi\u015fe \u00fcfleme makinesi<\/strong>, farkl\u0131 \u015fekil ve boyutlarda PET\/PE\/PC \u015fi\u015fe \u00fcretimi i\u00e7in idealdir. Plastik \u015fi\u015felerin b\u00fcy\u00fck \u00fcretim gereksinimleri i\u00e7in en y\u00fcksek maliyet performansl\u0131 \u00e7\u00f6z\u00fcmd\u00fcr. Bu <strong>pet \u015fi\u015fe kal\u0131plama makinesi<\/strong>, k\u00fc\u00e7\u00fck ve orta \u00f6l\u00e7ekli projeler i\u00e7in olduk\u00e7a uygundur. Maden suyu, saf su end\u00fcstrisi, i\u00e7ecek end\u00fcstrisi, kozmetik end\u00fcstrisi, ila\u00e7 end\u00fcstrisi, yemeklik ya\u011f end\u00fcstrisi, s\u0131v\u0131 deterjan end\u00fcstrisi vb. bir\u00e7ok sekt\u00f6rde yayg\u0131n olarak kullan\u0131lmaktad\u0131r. \u015ei\u015fe \u00fcfleme makinesi, bir\u00e7ok sekt\u00f6rde eksiksiz bir \u00fcretim hatt\u0131 i\u00e7in temel bir ekipmand\u0131r. <\/p>    <h2 class=\"wp-block-heading\">Yar\u0131 otomatik PET \u015fi\u015fe kal\u0131plama makinesi \u00e7al\u0131\u015fma videosu<\/h2>   <figure class=\"wp-block-embed-youtube wp-block-embed is-type-video is-provider-youtube wp-embed-aspect-16-9 wp-has-aspect-ratio\"><div class=\"lyte-wrapper fourthree\" title=\"Yar\u0131 Otomatik PET \u015ei\u015fe \u015ei\u015firme Makinesi Yeni Tasar\u0131m Y\u00fcksek H\u0131zl\u0131\" style=\"width:960px;max-width:100%;margin:5px auto;\"><div class=\"lyMe hidef\" id=\"WYL_v7ah4l_6rIQ\" itemprop=\"video\" itemscope itemtype=\"https:\/\/schema.org\/VideoObject\"><div><meta itemprop=\"thumbnailUrl\" content=\"https:\/\/taizypackaging.com\/wp-content\/plugins\/wp-youtube-lyte\/lyteCache.php?origThumbUrl=https%3A%2F%2Fi.ytimg.com%2Fvi%2Fv7ah4l_6rIQ%2Fmaxresdefault.jpg\" \/><meta itemprop=\"embedURL\" content=\"https:\/\/www.youtube.com\/embed\/v7ah4l_6rIQ\" \/><meta itemprop=\"duration\" content=\"PT3M36S\" \/><meta itemprop=\"uploadDate\" content=\"2022-04-06T06:51:11Z\" \/><\/div><div id=\"lyte_v7ah4l_6rIQ\" data-src=\"https:\/\/taizypackaging.com\/wp-content\/plugins\/wp-youtube-lyte\/lyteCache.php?origThumbUrl=https%3A%2F%2Fi.ytimg.com%2Fvi%2Fv7ah4l_6rIQ%2Fmaxresdefault.jpg\" class=\"pL\"><div class=\"tC\"><div class=\"tT\" itemprop=\"name\">Yar\u0131 Otomatik PET \u015ei\u015fe \u015ei\u015firme Makinesi Yeni Tasar\u0131m Y\u00fcksek H\u0131zl\u0131<\/div><\/div><div class=\"play\"><\/div><div class=\"ctrl\"><div class=\"Lctrl\"><\/div><div class=\"Rctrl\"><\/div><\/div><\/div><noscript><a href=\"https:\/\/youtu.be\/v7ah4l_6rIQ\" rel=\"nofollow noopener\" target=\"_blank\"><img loading=\"lazy\" decoding=\"async\" src=\"https:\/\/taizypackaging.com\/wp-content\/plugins\/wp-youtube-lyte\/lyteCache.php?origThumbUrl=https%3A%2F%2Fi.ytimg.com%2Fvi%2Fv7ah4l_6rIQ%2F0.jpg\" alt=\"Yar\u0131 Otomatik PET \u015ei\u015fe \u015ei\u015firme Makinesi Yeni Tasar\u0131m Y\u00fcksek H\u0131zl\u0131\" width=\"960\" height=\"700\" \/><br \/>Bu videoyu YouTube'da izleyin<\/a><\/noscript><meta itemprop=\"description\" content=\"#petbottle #bottleblowingmachine #bottlemouldingmachine Email: info@taizypackaging.com WhatsApp: +86 18837171591 Useful link: https:\/\/taizypackaging.com\/pet-bottle-blowing-machine\/ ---------------------------------------------------- PET bottle blowing machine is ideal to manufacture different shapes and sizes of PET\/PE\/PC bottles. It is the most high-cost performance solution for large production requirements of plastic bottles And this pet bottle molding machine is quite suitable for small and medium-scale projects. It is widely used in lots of industries, such as mineral water, pure water industry, beverage industry, cosmetic industry, pharmaceutical industry, cooking oil industry, liquid detergent industry, etc. A bottle blow machine is essential equipment for a complete manufacturing line in many industries. There are fully and semi automatic plastic bottle blowing machine available from Taizy machinery. They are suitable for different working requirements and working conditions. ---------------------------------------------------- You may also like these videos: Automatic bottle washing machine: https:\/\/www.youtube.com\/watch?v=Y02hdzKkCXo Fully automatic pet bottle filling line: https:\/\/youtu.be\/wRSdydlCgJM ---------------------------------------------------- Email: info@taizypackaging.com WhatsApp: +86 18837171591 Useful link: https:\/\/taizypackaging.com\/pet-bottle-blowing-machine\/\"><\/div><\/div><div class=\"lL\" style=\"max-width:100%;width:960px;margin:5px auto;\"><\/div><figcaption><\/figcaption><\/figure>   <h2 class=\"wp-block-heading\">PET \u015fi\u015fe \u015fi\u015firme nedir?<\/h2>    <p>Plastik \u015fi\u015fe imalat\u0131nda genellikle PET \u015fi\u015fe \u015fi\u015firme i\u015flemi yap\u0131l\u0131r. Ve bu i\u015flem genellikle \u015fi\u015fe \u015fi\u015firme makinesiyle tamamlan\u0131r. Ayr\u0131ca yar\u0131 otomatik PET \u015fi\u015fe \u015fi\u015firme makinesi ve tam otomatik PET \u015fi\u015fe \u015fi\u015firme makinesi bulunmaktad\u0131r. Bu makineler hem germe i\u015flemini hem de \u015fi\u015firme i\u015flemini tamamlayabilmektedir. Farkl\u0131 \u00f6zellikleri ve avantajlar\u0131 vard\u0131r. G\u00fcvenilir bir \u015fi\u015fe kal\u0131plama makinesi ar\u0131yorsan\u0131z ihtiya\u00e7lar\u0131n\u0131z\u0131 netle\u015ftirmeniz gerekir.<\/p>    <figure class=\"wp-block-image size-full\"><img decoding=\"async\" src=\"https:\/\/taizypackaging.com\/wp-content\/uploads\/2022\/03\/two-stage-bottle-moulding-machine.jpg\" alt=\"iki a\u015famal\u0131 \u015fi\u015fe kal\u0131plama makinesi\" class=\"wp-image-4266\"\/><figcaption class=\"wp-element-caption\">iki a\u015famal\u0131 \u015fi\u015fe kal\u0131plama makinesi<\/figcaption><\/figure>    <h2 class=\"wp-block-heading\">Taizy PET \u015fi\u015fe \u015fi\u015firme makinesinin performans \u00f6zellikleri<\/h2>    <ul class=\"wp-block-list\" type=\"1\"> <li>PET \u015fi\u015fe preformunun e\u015fit \u015fekilde \u0131s\u0131t\u0131lmas\u0131n\u0131 sa\u011flamak i\u00e7in \u00f6n \u0131s\u0131t\u0131c\u0131ya k\u0131z\u0131l\u00f6tesi \u0131\u015f\u0131k kar\u0131\u015ft\u0131r\u0131l\u0131r.<\/li>    <li>Y\u00fcksek s\u0131cakl\u0131klarda kal\u0131b\u0131n s\u0131k\u0131 bir \u015fekilde kapanmas\u0131n\u0131 sa\u011flamak i\u00e7in mekanik kollar sakinle\u015ftirilir.<\/li> <\/ul>    <ul class=\"wp-block-list\"> <li>Pn\u00f6matik sistem iki par\u00e7adan olu\u015fur: farkl\u0131 hareket ve \u00fcfleme gereksinimlerini kar\u015f\u0131lamak i\u00e7in pn\u00f6matik hareket eden par\u00e7a ve \u00fcfleme \u015fi\u015fesi par\u00e7as\u0131, \u00fcfleme i\u00e7in yeterli kararl\u0131 y\u00fcksek bas\u0131n\u00e7 sa\u011flar. D\u00fczensiz \u015fekilli b\u00fcy\u00fck \u015fi\u015feleri \u00fcflemek i\u00e7in sabit y\u00fcksek bas\u0131n\u00e7 sa\u011flar.<\/li>    <li>Makinenin mekanik aksamlar\u0131n\u0131n ya\u011flanmas\u0131 i\u00e7in susturucu ve ya\u011flama sistemi ile donat\u0131lm\u0131\u015ft\u0131r.<\/li>    <li>Makul tasar\u0131m ve yap\u0131. Plastik \u015fi\u015fe \u00fcfleme makinesinin kullan\u0131m\u0131 ve bak\u0131m\u0131 kolayd\u0131r.<\/li>    <li>Geni\u015f uygulamalar. Farkl\u0131 kal\u0131plar\u0131 de\u011fi\u015ftirerek \u00e7e\u015fitli PET \u015fi\u015feler yapabilir. \u00a0<\/li> <\/ul>    <h2 class=\"wp-block-heading\">PET \u015fi\u015fe \u00fcfleme makinesi parametreleri<\/h2>    <figure class=\"wp-block-table is-style-regular\" style=\"font-size:12px\"><table><tbody><tr><td>T\u0130P<\/td><td>\u00d6\u011eE<\/td><td>\u00d6L\u00c7\u00dcM<\/td><td>HZ-880 Kombine tip<\/td><td>HZ-880 Standart tip<\/td><\/tr><tr><td>MAMUL<\/td><td>Malzeme<\/td><td>\/<\/td><td>PET\/PP\/PE\/PC<\/td><td>PET\/PP\/PE\/PC<\/td><\/tr><tr><td>&nbsp;<\/td><td>Hacim<\/td><td>L<\/td><td>0,05-2,5(2 bo\u015fluklu)3-6(1 bo\u015fluklu)<\/td><td>0,05-2,5 (2 bo\u015fluklu) 3-6 (1 bo\u015fluklu)<\/td><\/tr><tr><td>&nbsp;<\/td><td>Teorik \u00e7\u0131kt\u0131<\/td><td>Adet\/saat<\/td><td>0,05-2,5L\/17003-6L\/800<\/td><td>0,05-2,5L\/8503-6L\/400<\/td><\/tr><tr><td>&nbsp;<\/td><td>maks. \u00e7ap<\/td><td>mm<\/td><td>360<\/td><td>360<\/td><\/tr><tr><td>&nbsp;<\/td><td>Maks. kal\u0131p plakas\u0131<br>boyut(U\u00d7Y)<\/td><td>mm<\/td><td>180<\/td><td>180<\/td><\/tr><tr><td>KALIP PLAKASI<\/td><td>Maks. kal\u0131p kal\u0131nl\u0131\u011f\u0131<\/td><td>mm<\/td><td>420\u00d7500<\/td><td>420\u00d7500<\/td><\/tr><tr><td>&nbsp;<\/td><td>Kal\u0131p a\u00e7ma vuru\u015fu (ayarlanabilir)<\/td><td>mm<\/td><td>160-240<\/td><td>160-240<\/td><\/tr><tr><td>&nbsp;<\/td><td>S\u0131k\u0131\u015ft\u0131rma kuvveti<\/td><td>KN<\/td><td>90<\/td><td>90<\/td><\/tr><tr><td>&nbsp;<\/td><td>Y\u00fcksek Bas\u0131n\u00e7 Kompres\u00f6r\u00fc M3\/Mpa<\/td><td>mm<\/td><td>200<\/td><td>200<\/td><\/tr><tr><td>YARDIMCI<\/td><td>Gerilim\/Frekans<\/td><td>KW<\/td><td>&gt;=0,70\/3,0\u00d71 tak\u0131m 22<\/td><td>&gt;=0,7\/3,0\u00d72 tak\u0131m 22<\/td><\/tr><tr><td>&nbsp;<\/td><td>Hassas hava filtreleri<\/td><td>M3\/Mpa<\/td><td>&gt;=1.0\/3.0\u00d72 adet<\/td><td>&gt;=1.0\/3.0\u00d72 adet<\/td><\/tr><tr><td>ANA MAK\u0130NE ELEKTR\u0130\u011e\u0130<\/td><td>G\u00fc\u00e7<\/td><td>KW<\/td><td>12<\/td><td>12<\/td><\/tr><tr><td><\/td><td>Volta\/Frekans<\/td><td>V\/HZ<\/td><td>220-380\/50-60<\/td><td><\/td><\/tr><tr><td>MAK\u0130NE BOYUTU<br>VE A\u011eIRLIK<\/td><td>Ana g\u00f6vde boyutu (U \u00d7 G \u00d7 Y)<\/td><td>M<\/td><td>1,45\u00d70,6\u00d71,75<\/td><td>1,45\u00d70,6\u00d71,75<\/td><\/tr><tr><td>&nbsp;<\/td><td>Ana v\u00fccut a\u011f\u0131rl\u0131\u011f\u0131<\/td><td>T<\/td><td>0.6<\/td><td>0.6<\/td><\/tr><tr><td>&nbsp;<\/td><td>Konvey\u00f6r boyutu (U*G*Y)<\/td><td>M<\/td><td>1,40\u00d70,62\u00d71,25<\/td><td>1,40\u00d70,62\u00d71,25<\/td><\/tr><tr><td>&nbsp;<\/td><td>Konvey\u00f6r a\u011f\u0131rl\u0131\u011f\u0131<\/td><td>T<\/td><td>0.22<\/td><td>0.22<\/td><\/tr><\/tbody><\/table><\/figure>    <h2 class=\"wp-block-heading\">Plastik \u015fi\u015felere k\u0131sa bir giri\u015f<\/h2>    <p>Bug\u00fcn, i\u00e7ecek end\u00fcstrisine y\u00f6nelik olarak \u00fcretilen 80%'den fazla \u015fi\u015fenin b\u00fcy\u00fck \u00e7o\u011funlu\u011fu iki a\u015famal\u0131 teknoloji kullan\u0131larak \u00fcretilmektedir.\u00a0Kalan 15% ila 20% her iki prosesten birini se\u00e7ebilir ve kararlar\u0131n \u00e7o\u011fu asl\u0131nda 200'\u00fcn alt\u0131ndaki tak\u0131m fiyatlar\u0131na g\u00f6re belirlenir (m\/y\u0131l \u00fcretim pek \u00e7ok \u00f6zel uygulamad\u0131r) ve hatta \u015fi\u015fe sat\u0131n almak i\u00e7in d\u00f6rt bo\u015fluklu tek a\u015famal\u0131 tak\u0131m sat\u0131n almak bile rasyonelli\u011fini kan\u0131tlamak da zordur ve \u00e7ift bo\u015flukta \u00e7al\u0131\u015f\u0131r ve motor daha az sermaye harcamas\u0131 gerektirir Son 10 y\u0131lda, mevcut \u015fi\u015fe k\u00fct\u00fcklerinin say\u0131s\u0131 t\u00fcm d\u00fcnyada \u00f6nemli \u00f6l\u00e7\u00fcde artt\u0131.\u00a0Performans\u0131 \u015fi\u015felerden farkl\u0131 oldu\u011fundan nakliye maliyeti uygun maliyetlidir.<\/p>    <figure class=\"wp-block-image size-full\"><img decoding=\"async\" src=\"https:\/\/taizypackaging.com\/wp-content\/uploads\/2022\/03\/plastic-bottles.jpg\" alt=\"plastik \u015fi\u015feler\" class=\"wp-image-4263\"\/><figcaption class=\"wp-element-caption\">plastik \u015fi\u015feler<\/figcaption><\/figure>    <h2 class=\"wp-block-heading\">PET \u015fi\u015firme makineleri nas\u0131l \u00e7al\u0131\u015f\u0131r?<\/h2>    <p>K\u0131sacas\u0131 otomatik PET \u015fi\u015fe \u015fi\u015firme makinesi ak\u0131ll\u0131d\u0131r. \u015eu anda, do\u011frusal iki a\u015famal\u0131 \u015fi\u015firme makinesinde, t\u00fcm \u015fi\u015firme i\u015flemi \u00f6n \u0131s\u0131tma ve \u015fi\u015firme olarak ayr\u0131lm\u0131\u015ft\u0131r. Spesifik \u00e7al\u0131\u015fma prensibi a\u015fa\u011f\u0131daki gibidir.<\/p>    <ol class=\"wp-block-list\"> <li>T\u00fcm bo\u015f \u015fi\u015fe aktar\u0131m\u0131 otomatik besleyici, bo\u015f \u015fi\u015feyi s\u0131kma pozisyonuna y\u00fckler ve s\u0131kma aparat\u0131, bo\u015f \u015fi\u015feyi d\u0131\u015far\u0131 \u00e7\u0131kar\u0131r ve \u0131s\u0131tma f\u0131r\u0131n\u0131na girer. &nbsp;<\/li>    <li>Konvey\u00f6r zinciri arac\u0131l\u0131\u011f\u0131yla. K\u0131z\u0131l\u00f6tesi f\u0131r\u0131nda iki s\u0131ra yatay k\u0131rm\u0131z\u0131 \u00e7izgi lambas\u0131 bulunur. Her t\u00fcp\u00fcn s\u0131cakl\u0131\u011f\u0131 mikrodenetleyici PLC ile ayarlanabilir. \u00dcst ve alt k\u0131rm\u0131z\u0131 \u00e7izgi lambalar\u0131 sabit s\u0131cakl\u0131kta stabildir ancak y\u00fckseklikleri farkl\u0131d\u0131r. Ayn\u0131 zamanda, y\u00fcksek s\u0131cakl\u0131ktaki ortam nedeniyle bo\u015f \u015fi\u015fenin ortas\u0131ndan \u015fi\u015fenin taban\u0131na kadar olan s\u0131cakl\u0131k, so\u011futucudaki da\u011f\u0131l\u0131m t\u00fcp\u00fc arac\u0131l\u0131\u011f\u0131yla sabit s\u0131cakl\u0131kla kontrol edilir. S\u0131cak hava yukar\u0131 do\u011fru buharla\u015ft\u0131k\u00e7a \u015fi\u015fenin alt s\u0131cakl\u0131\u011f\u0131 nispeten d\u00fc\u015f\u00fckt\u00fcr.<\/li>    <li>\u015ei\u015feye \u00fcfleme. S\u0131cak \u015fi\u015fe preformunu kelep\u00e7eleme cihaz\u0131 cam e\u015fya k\u00fct\u00fc\u011f\u00fcne \u00fcflemek i\u00e7in kelep\u00e7eleme cihaz\u0131na \u0131s\u0131t\u0131lm\u0131\u015f \u00f6n kal\u0131p. \u00dcfleme ile \u015fi\u015fe, sap\u0131n alt k\u0131sm\u0131nda yukar\u0131 do\u011fru germe, belli bir dereceye kadar \u00fcfleme, d\u00fc\u015f\u00fck bas\u0131n\u00e7l\u0131 \u00fcfleme ve ayn\u0131 zamanda y\u00fcksek bas\u0131nca \u00fcfleme i\u015flemlerini ger\u00e7ekle\u015ftirir. \u00c7ok k\u0131sa s\u00fcrede \u015fi\u015fenin an\u0131nda \u015fekillendirilmesi ve \u015fi\u015fenin \u015fi\u015firilmesi. Gaz \u00fcflemeden \u00f6nce genellikle bir ki\u015fi tak\u0131l\u0131r. Gaz, havadaki suyu ve ekipmanlar\u0131n ya\u011flanmas\u0131nda ya\u011f\u0131 filtrelemek i\u00e7in filtreden ge\u00e7er. Gaz temizdir ve olu\u015fturulan \u015fi\u015fede ya\u011f kokusu yoktur. Ayr\u0131ca kal\u0131p kapatma cihaz\u0131ndaki s\u0131cak \u015fi\u015fe bo\u015flu\u011fu kal\u0131ptaki s\u0131cakl\u0131\u011f\u0131 art\u0131racak, dolay\u0131s\u0131yla \u015fi\u015feyi ve ekipman\u0131 etkileyecektir.<\/li>    <li>Fazla gaz \u015fi\u015fesindeki y\u00fcksek bas\u0131n\u00e7l\u0131 ve d\u00fc\u015f\u00fck bas\u0131n\u00e7l\u0131 gaz\u0131 bir kez \u00fcfledikten sonra geri d\u00f6n\u00fc\u015ft\u00fcr\u00fcn, gaz\u0131n egzozu enerji israf\u0131na neden olacak ve gaz geri kazan\u0131m cihaz\u0131n\u0131 takarak, tek y\u00f6nl\u00fc vanadan \u00fcfleyerek ve \u00fcfleyerek enerji t\u00fcketimini art\u0131racakt\u0131r. Gaz depolama tank\u0131 enerji t\u00fcketiminde 25% tasarruf sa\u011flayabilir. \u00a0\u00a0\u00a0<\/li> <\/ol>    <figure class=\"wp-block-image size-full\"><img decoding=\"async\" src=\"https:\/\/taizypackaging.com\/wp-content\/uploads\/2022\/03\/plastic-bottle-blow-machine-working-process.jpg\" alt=\"plastik \u015fi\u015fe \u015fi\u015firme makinesi \u00e7al\u0131\u015fma s\u00fcreci\" class=\"wp-image-4262\"\/><figcaption class=\"wp-element-caption\">plastik \u015fi\u015fe \u015fi\u015firme makinesi \u00e7al\u0131\u015fma s\u00fcreci<\/figcaption><\/figure>    <h2 class=\"wp-block-heading\">\u00dccretsiz fiyat teklifi i\u00e7in bizimle ileti\u015fime ge\u00e7in<\/h2>    <p class=\"translation-block\">Taizy machinery'den tam otomatik ve yar\u0131 otomatik plastik \u015fi\u015fe \u00fcfleme makineleri mevcuttur. Farkl\u0131 \u00e7al\u0131\u015fma gereksinimleri ve \u00e7al\u0131\u015fma ko\u015fullar\u0131 i\u00e7in uygundurlar. Genellikle, \u015fi\u015fe \u00fcfleme makinesi, eksiksiz bir i\u00e7ecek \u00fcretim hatt\u0131n\u0131n \u00f6nemli bir par\u00e7as\u0131d\u0131r. Maliyetlerinizi b\u00fcy\u00fck \u00f6l\u00e7\u00fcde azaltabilir ve verimlili\u011finizi art\u0131rabilirsiniz. \u00d6nde gelen bir paketleme \u00e7\u00f6z\u00fcm\u00fc sa\u011flay\u0131c\u0131s\u0131 olarak, kar\u0131\u015ft\u0131r\u0131c\u0131 makineler, <a href=\"https:\/\/taizypackaging.com\/tr\/automatic-liquid-filling-machine\/\">s\u0131v\u0131 \u015fi\u015fe doldurma makineleri<\/a>, \u015fi\u015fe etiketleme makineleri ve <a href=\"https:\/\/taizypackaging.com\/tr\/machines-category\/capping\/\">kapaklama makineleri<\/a> gibi taleplerinizi kar\u015f\u0131lamak i\u00e7in bir\u00e7ok ba\u015fka ekipman sa\u011fl\u0131yoruz. \u0130lgileniyorsan\u0131z, \u00fccretsiz fiyat listesi i\u00e7in bizimle ileti\u015fime ge\u00e7in. <\/p>","protected":false},"excerpt":{"rendered":"<p>PET bottle blowing machine is ideal for manufacturing different shapes and sizes of PET\/PE\/PC bottles. It is the most high-cost performance solution for large production requirements of plastic bottles. This pet bottle molding machine is quite suitable for small and medium-scale projects. It is widely used in lots of industries, such as mineral water, pure [&hellip;]<\/p>\n","protected":false},"author":1,"featured_media":4261,"parent":0,"template":"","tags":[623,622],"product-type":[663],"class_list":["post-4257","product","type-product","status-publish","has-post-thumbnail","hentry","tag-bottle-blowing-machine","tag-pet-bottle","product-type-bottle-filling-production-line"],"_links":{"self":[{"href":"https:\/\/taizypackaging.com\/tr\/wp-json\/wp\/v2\/product\/4257","targetHints":{"allow":["GET"]}}],"collection":[{"href":"https:\/\/taizypackaging.com\/tr\/wp-json\/wp\/v2\/product"}],"about":[{"href":"https:\/\/taizypackaging.com\/tr\/wp-json\/wp\/v2\/types\/product"}],"author":[{"embeddable":true,"href":"https:\/\/taizypackaging.com\/tr\/wp-json\/wp\/v2\/users\/1"}],"wp:featuredmedia":[{"embeddable":true,"href":"https:\/\/taizypackaging.com\/tr\/wp-json\/wp\/v2\/media\/4261"}],"wp:attachment":[{"href":"https:\/\/taizypackaging.com\/tr\/wp-json\/wp\/v2\/media?parent=4257"}],"wp:term":[{"taxonomy":"post_tag","embeddable":true,"href":"https:\/\/taizypackaging.com\/tr\/wp-json\/wp\/v2\/tags?post=4257"},{"taxonomy":"product-type","embeddable":true,"href":"https:\/\/taizypackaging.com\/tr\/wp-json\/wp\/v2\/product-type?post=4257"}],"curies":[{"name":"wp","href":"https:\/\/api.w.org\/{rel}","templated":true}]}}