{"id":4278,"date":"2022-03-16T09:06:47","date_gmt":"2022-03-16T09:06:47","guid":{"rendered":"https:\/\/taizypackaging.com\/?p=4278"},"modified":"2024-07-17T16:57:10","modified_gmt":"2024-07-17T08:57:10","slug":"water-treatment-equipment","status":"publish","type":"product","link":"https:\/\/taizypackaging.com\/tr\/water-treatment-equipment\/","title":{"rendered":"Su Ar\u0131tma Ekipmanlar\u0131"},"content":{"rendered":"<div class=\"kk-star-ratings kksr-auto kksr-align-left kksr-valign-top\"     data-payload='{&quot;align&quot;:&quot;left&quot;,&quot;id&quot;:&quot;4278&quot;,&quot;slug&quot;:&quot;default&quot;,&quot;valign&quot;:&quot;top&quot;,&quot;ignore&quot;:&quot;&quot;,&quot;reference&quot;:&quot;auto&quot;,&quot;class&quot;:&quot;&quot;,&quot;count&quot;:&quot;25&quot;,&quot;legendonly&quot;:&quot;&quot;,&quot;readonly&quot;:&quot;&quot;,&quot;score&quot;:&quot;4.8&quot;,&quot;starsonly&quot;:&quot;&quot;,&quot;best&quot;:&quot;5&quot;,&quot;gap&quot;:&quot;5&quot;,&quot;greet&quot;:&quot;Rate this product&quot;,&quot;legend&quot;:&quot;4.8\\\/5 - (25 votes)&quot;,&quot;size&quot;:&quot;24&quot;,&quot;title&quot;:&quot;Water Treatment Equipment&quot;,&quot;width&quot;:&quot;136.7&quot;,&quot;_legend&quot;:&quot;{score}\\\/{best} - ({count} {votes})&quot;,&quot;font_factor&quot;:&quot;1.25&quot;}'>              <div class=\"kksr-stars\">      <div class=\"kksr-stars-inactive\">             <div class=\"kksr-star\" data-star=\"1\" style=\"padding-right: 5px\">               <div class=\"kksr-icon\" style=\"width: 24px; height: 24px;\"><\/div>         <\/div>             <div class=\"kksr-star\" data-star=\"2\" style=\"padding-right: 5px\">               <div class=\"kksr-icon\" style=\"width: 24px; height: 24px;\"><\/div>         <\/div>             <div class=\"kksr-star\" data-star=\"3\" style=\"padding-right: 5px\">               <div class=\"kksr-icon\" style=\"width: 24px; height: 24px;\"><\/div>         <\/div>             <div class=\"kksr-star\" data-star=\"4\" style=\"padding-right: 5px\">               <div class=\"kksr-icon\" style=\"width: 24px; height: 24px;\"><\/div>         <\/div>             <div class=\"kksr-star\" data-star=\"5\" style=\"padding-right: 5px\">               <div class=\"kksr-icon\" style=\"width: 24px; height: 24px;\"><\/div>         <\/div>     <\/div>      <div class=\"kksr-stars-active\" style=\"width: 136.7px;\">             <div class=\"kksr-star\" style=\"padding-right: 5px\">               <div class=\"kksr-icon\" style=\"width: 24px; height: 24px;\"><\/div>         <\/div>             <div class=\"kksr-star\" style=\"padding-right: 5px\">               <div class=\"kksr-icon\" style=\"width: 24px; height: 24px;\"><\/div>         <\/div>             <div class=\"kksr-star\" style=\"padding-right: 5px\">               <div class=\"kksr-icon\" style=\"width: 24px; height: 24px;\"><\/div>         <\/div>             <div class=\"kksr-star\" style=\"padding-right: 5px\">               <div class=\"kksr-icon\" style=\"width: 24px; height: 24px;\"><\/div>         <\/div>             <div class=\"kksr-star\" style=\"padding-right: 5px\">               <div class=\"kksr-icon\" style=\"width: 24px; height: 24px;\"><\/div>         <\/div>     <\/div> <\/div>                   <div class=\"kksr-legend\" style=\"font-size: 19.2px;\">             4.8\/5 - (25 oy)    <\/div>     <\/div>  <p class=\"translation-block\"><strong>Su ar\u0131tma ekipmanlar\u0131<\/strong> burada ticari ters osmoz sistemidir. <strong>Ters osmoz sistemi<\/strong> olduk\u00e7a pop\u00fclerdir ve en iyi su ar\u0131tma sistemidir. Bir kuvars kum filtresi, aktif karbon filtresi, re\u00e7ine filtresi, RO ters osmoz, y\u00fcksek bas\u0131n\u00e7 pompas\u0131 ve g\u00fcvenlik filtresinden olu\u015fmaktad\u0131r. <strong>Su ar\u0131tma ekipman\u0131<\/strong> geni\u015f bir uygulama yelpazesine sahiptir. \u0130malat tesisleri, g\u0131da &amp; i\u00e7ecek fabrikas\u0131, restoran, okul, \u00e7iftlikler, hastaneler, oteller, apartmanlar vb. i\u00e7in idealdir. Ayr\u0131ca, bu <strong>end\u00fcstriyel su ar\u0131tma sistemi<\/strong> geli\u015fmi\u015f teknoloji ve dayan\u0131kl\u0131 malzeme kullanmakta olup, bunun iyi performans ve uzun hizmet \u00f6mr\u00fc sa\u011flamaktad\u0131r.<\/p>    <h2 class=\"wp-block-heading\">Taizy su ar\u0131tma ekipmanlar\u0131n\u0131n uygulama alan\u0131 <\/h2>    <ol class=\"wp-block-list\" type=\"1\"> <li>Oteller, apartmanlar, restoranlar ve di\u011fer ticari yerler<\/li>    <li>G\u0131da, ev i\u00e7me suyu, fabrika i\u00e7me suyu, \u015fi\u015felenmi\u015f i\u00e7me suyu<\/li>    <li>Sanayi at\u0131k su ar\u0131tma<\/li>    <li>Okul, hastane, y\u00fczey i\u015fleme, laboratuvar, end\u00fcstriyel kazan, hidrolik test, y\u00fcksek bas\u0131n\u00e7l\u0131 kazan suyu ar\u0131tma, elektrik santrali kazan\u0131<\/li>    <li>Elektronik end\u00fcstrisi su ar\u0131tma<\/li>    <li>G\u00fcnl\u00fck ya\u015fam, kimyasal su, tar\u0131m end\u00fcstrisi<\/li> <\/ol>    <figure class=\"wp-block-image size-full\"><img decoding=\"async\" src=\"https:\/\/taizypackaging.com\/wp-content\/uploads\/2022\/03\/water-treatment-equipment-application.jpg\" alt=\"su ar\u0131tma ekipman\u0131 uygulamas\u0131\" class=\"wp-image-4297\"\/><figcaption class=\"wp-element-caption\">su ar\u0131tma ekipman\u0131 uygulamas\u0131<\/figcaption><\/figure>    <h2 class=\"wp-block-heading\">Performans \u00f6zellikleri <\/h2>    <ol class=\"wp-block-list\" type=\"1\"> <li>99%'den fazla y\u00fcksek tuz reddi oran\u0131<\/li>    <li>Basit yap\u0131, m\u00fckemmel tasar\u0131m, kullan\u0131m\u0131 ve bak\u0131m\u0131 kolay<\/li>    <li>\u0130leri teknoloji ve dayan\u0131kl\u0131 paslanmaz \u00e7elik malzeme, uzun servis \u00f6mr\u00fc ve istikrarl\u0131 performans<\/li>    <li>Enerji tasarrufu ve d\u00fc\u015f\u00fck bak\u0131m maliyeti<\/li>    <li>Otomatik kontrol sistemi, k\u00fc\u00e7\u00fck boyutlu<\/li>    <li>Geni\u015f uygulamalar. \u00c7e\u015fitli end\u00fcstriler i\u00e7in uygundur<\/li> <\/ol>    <h2 class=\"wp-block-heading\">Neden en iyi tercihiniz olarak Taizy su ar\u0131tma makinesini se\u00e7melisiniz?<\/h2>    <p class=\"translation-block\">\u00dcnl\u00fc bir su ar\u0131tma ekipman\u0131 \u00fcreticisi ve ihracat\u00e7\u0131s\u0131 olarak, <a href=\"https:\/\/taizypackaging.com\/tr\/\">Taizy Machinery<\/a> m\u00fckemmel ters osmoz ar\u0131tma ekipmanlar\u0131 sunmaktad\u0131r. Taizy ticari su ar\u0131tma sistemini en iyi se\u00e7iminiz olarak se\u00e7meniz i\u00e7in birka\u00e7 neden.<\/p>    <ol class=\"wp-block-list\" type=\"1\"> <li>Para tasarrufu sa\u011flar. Taizy su ar\u0131tma cihazlar\u0131 ile \u015fi\u015felenmi\u015f su sat\u0131n almay\u0131 b\u0131rak\u0131p, su da\u011f\u0131t\u0131m\u0131n\u0131z\u0131 gizleyebilirsiniz. \u00c7ok i\u015flevli su ar\u0131tma makinemiz paradan tasarruf etmenize b\u00fcy\u00fck \u00f6l\u00e7\u00fcde yard\u0131mc\u0131 olabilir.<\/li>    <li>Tad\u0131 geli\u015ftirin. Taizy su ar\u0131tma sistemi suyun tad\u0131n\u0131, g\u00f6r\u00fcn\u00fcm\u00fcn\u00fc ve kokusunu iyile\u015ftirir.<\/li>    <li>Kirleri giderir. RO sistemimiz pestisitler, nitratlar, s\u00fclfatlar ve daha fazlas\u0131n\u0131 i\u00e7eren kirleticileri sudan uzakla\u015ft\u0131r\u0131r. Bir RO filtresi ayr\u0131ca kloraminleri ve kloru da giderir.<\/li>    <li>Basit bak\u0131m. Ters ozmoz su filtre sistemi ve az say\u0131da de\u011fi\u015ftirilebilir veya hareketli par\u00e7a, \u00e7al\u0131\u015ft\u0131rmay\u0131 ve bak\u0131m\u0131 kolayla\u015ft\u0131r\u0131r.<\/li> <\/ol>    <figure class=\"wp-block-image size-full\"><img decoding=\"async\" src=\"https:\/\/taizypackaging.com\/wp-content\/uploads\/2022\/03\/water-treatment-machine-factory.jpg\" alt=\"su ar\u0131tma makinesi fabrikas\u0131\" class=\"wp-image-4287\"\/><figcaption class=\"wp-element-caption\">su ar\u0131tma makinesi fabrikas\u0131<\/figcaption><\/figure>    <h2 class=\"wp-block-heading\">Su ar\u0131tma sistemi \u00e7al\u0131\u015fma prensibi <\/h2>    <ul class=\"wp-block-list\" type=\"1\"> <li>Birinci a\u015fama \u00f6n tedavi. (kum filtresi)<\/li> <\/ul>    <p>\u00c7oklu orta kuvars kum filtresini benimseyin, as\u0131l ama\u00e7 \u00e7\u00f6kelti, manganez, pas, kolloid maddeler, mekanik yabanc\u0131 maddeler, ask\u0131da kat\u0131 maddeler ve sa\u011fl\u0131\u011fa zararl\u0131 20 UM'den fazla di\u011fer par\u00e7ac\u0131klar\u0131 i\u00e7eren suyu uzakla\u015ft\u0131rmakt\u0131r.<\/p>    <ul class=\"wp-block-list\"> <li>\u0130kinci a\u015fama \u00f6n ar\u0131tma (karbon filtre)<\/li> <\/ul>    <p>Aktif karbon filtreler sudaki pigmenti, kokuyu ve \u00e7ok say\u0131da kimyasal ve biyolojik organizmay\u0131 gidermek, suyun kal\u0131nt\u0131 de\u011ferini ve pestisit kirlili\u011fi gibi zararl\u0131 kirleticileri azaltmak i\u00e7in kullan\u0131l\u0131r.<\/p>    <ul class=\"wp-block-list\"> <li>\u00dc\u00e7\u00fcnc\u00fc a\u015fama \u00f6n ar\u0131tma (karbon filtre)<\/li> <\/ul>    <p>\u0130yon de\u011fi\u015ftiriciler suyu yumu\u015fatmak, esas olarak suyun sertli\u011fini gidermek i\u00e7in kullan\u0131l\u0131r. B\u00f6ylece ters ozmoz membran kirlili\u011fini etkili bir \u015fekilde \u00f6nler. Sistem otomatik olarak geri tepme yapabilir.<\/p>    <ul class=\"wp-block-list\"> <li>D\u00f6rd\u00fcnc\u00fc a\u015fama \u00f6n ar\u0131tma (hassas filtre)<\/li> <\/ul>    <p>Par\u00e7ac\u0131k boyutu sudaki k\u00fc\u00e7\u00fck par\u00e7ac\u0131klar\u0131 kald\u0131rabilir, bir kum filtresi sudaki k\u00fc\u00e7\u00fck kolloidal par\u00e7ac\u0131klar\u0131 temizleyebilir, b\u00f6ylece bulan\u0131kl\u0131k 1 dereceye ula\u015f\u0131r.<\/p>    <ul class=\"wp-block-list\"> <li>RO sistemi<\/li> <\/ul>    <p>Pompa \u00e7ekirdek ekipman\u0131 ithal, membran ise HYDRAutics USA'dan ithal edilmektedir. Tam bir temizleme \u00fcnitesi seti ile donat\u0131lm\u0131\u015ft\u0131r. Basit yap\u0131, rahat \u00e7al\u0131\u015fma ve y\u00fcksek teknik seviye \u00f6zelliklerine sahiptir.<\/p>    <h2 class=\"wp-block-heading\">Sat\u0131\u015f sonras\u0131 servis<\/h2>    <ol class=\"wp-block-list\" type=\"1\"> <li>Gerekirse kuruluma, e\u011fitime ve bak\u0131ma yard\u0131mc\u0131 olmalar\u0131 i\u00e7in m\u00fchendisler g\u00f6nderiyoruz.<\/li>    <li>24 saat\/7 g\u00fcn \u00e7evrimi\u00e7i hizmet.<\/li>    <li>Makineyle birlikte gerekli belgeleri a\u015fa\u011f\u0131daki \u015fekilde sa\u011fl\u0131yoruz: <ol class=\"wp-block-list\"> <li>elektrik diyagram\u0131<\/li>    <li>Makine d\u00fczeni<\/li>    <li>Kullan\u0131m klavuzu<\/li>    <li>Makine sertifikas\u0131<\/li> <\/ol> <\/li>    <li>Bir y\u0131ll\u0131k garantinin ard\u0131ndan, \u00fccretli teknisyenin ziyaret servisini ve yedek par\u00e7alar\u0131n\u0131 sunuyoruz.<\/li> <\/ol>    <h2 class=\"wp-block-heading\">\u00c7\u00f6z\u00fcm <\/h2>    <p class=\"translation-block\">G\u00fc\u00e7l\u00fc bir makineler \u015firketi olarak, g\u00fc\u00e7l\u00fc OEM hizmeti ile, d\u00fcnyan\u0131n d\u00f6rt bir yan\u0131ndaki m\u00fc\u015fterilere m\u00fckemmel su ar\u0131tma ekipmanlar\u0131 sunmaktay\u0131z. Su ar\u0131tma makinesinin yan\u0131 s\u0131ra, fabrikam\u0131zdan temin edilebilecek bir <a href=\"https:\/\/taizypackaging.com\/tr\/bottle-filling-machine\/\">su \u015fi\u015fesi doldurma hatt\u0131<\/a> bulunmaktad\u0131r. Ayr\u0131ca, \u00e7e\u015fitli <a href=\"https:\/\/taizypackaging.com\/tr\/machines-category\/capping\/\">\u015fi\u015fe kapama makineleri<\/a> ve \u015fi\u015fe etiketleme makineleri de tedarik etmekteyiz. \u0130lginizi \u00e7ekiyorsa, bize \u00fccretsiz fiyat listesi i\u00e7in ula\u015f\u0131n. <\/p>","protected":false},"excerpt":{"rendered":"<p>Water treatment equipment here is a commercial revere osmosis system. The reverse osmosis system is very popular and it is the best water treatment system. It consists of a quartz sand filter, activated carbon filter, resin filter, RO reverse osmosis, high-pressure pump, and security filter. Water purification equipment has a wide range of applications. It [&hellip;]<\/p>\n","protected":false},"author":1,"featured_media":4284,"parent":0,"template":"","tags":[624,625],"product-type":[663],"class_list":["post-4278","product","type-product","status-publish","has-post-thumbnail","hentry","tag-water-treatment","tag-water-treatment-equipment","product-type-bottle-filling-production-line"],"_links":{"self":[{"href":"https:\/\/taizypackaging.com\/tr\/wp-json\/wp\/v2\/product\/4278","targetHints":{"allow":["GET"]}}],"collection":[{"href":"https:\/\/taizypackaging.com\/tr\/wp-json\/wp\/v2\/product"}],"about":[{"href":"https:\/\/taizypackaging.com\/tr\/wp-json\/wp\/v2\/types\/product"}],"author":[{"embeddable":true,"href":"https:\/\/taizypackaging.com\/tr\/wp-json\/wp\/v2\/users\/1"}],"wp:featuredmedia":[{"embeddable":true,"href":"https:\/\/taizypackaging.com\/tr\/wp-json\/wp\/v2\/media\/4284"}],"wp:attachment":[{"href":"https:\/\/taizypackaging.com\/tr\/wp-json\/wp\/v2\/media?parent=4278"}],"wp:term":[{"taxonomy":"post_tag","embeddable":true,"href":"https:\/\/taizypackaging.com\/tr\/wp-json\/wp\/v2\/tags?post=4278"},{"taxonomy":"product-type","embeddable":true,"href":"https:\/\/taizypackaging.com\/tr\/wp-json\/wp\/v2\/product-type?post=4278"}],"curies":[{"name":"wp","href":"https:\/\/api.w.org\/{rel}","templated":true}]}}