{"id":4356,"date":"2022-03-18T10:26:08","date_gmt":"2022-03-18T10:26:08","guid":{"rendered":"https:\/\/taizypackaging.com\/?p=4356"},"modified":"2024-07-16T18:16:08","modified_gmt":"2024-07-16T10:16:08","slug":"rotary-premade-pouch-packing-machine","status":"publish","type":"product","link":"https:\/\/taizypackaging.com\/tr\/rotary-premade-pouch-packing-machine\/","title":{"rendered":"D\u00f6ner Haz\u0131r Kese Paketleme Makinas\u0131"},"content":{"rendered":"<div class=\"kk-star-ratings kksr-auto kksr-align-left kksr-valign-top\"     data-payload='{&quot;align&quot;:&quot;left&quot;,&quot;id&quot;:&quot;4356&quot;,&quot;slug&quot;:&quot;default&quot;,&quot;valign&quot;:&quot;top&quot;,&quot;ignore&quot;:&quot;&quot;,&quot;reference&quot;:&quot;auto&quot;,&quot;class&quot;:&quot;&quot;,&quot;count&quot;:&quot;6&quot;,&quot;legendonly&quot;:&quot;&quot;,&quot;readonly&quot;:&quot;&quot;,&quot;score&quot;:&quot;4.8&quot;,&quot;starsonly&quot;:&quot;&quot;,&quot;best&quot;:&quot;5&quot;,&quot;gap&quot;:&quot;5&quot;,&quot;greet&quot;:&quot;Rate this product&quot;,&quot;legend&quot;:&quot;4.8\\\/5 - (6 votes)&quot;,&quot;size&quot;:&quot;24&quot;,&quot;title&quot;:&quot;Rotary Premade Pouch Packing Machine&quot;,&quot;width&quot;:&quot;136.7&quot;,&quot;_legend&quot;:&quot;{score}\\\/{best} - ({count} {votes})&quot;,&quot;font_factor&quot;:&quot;1.25&quot;}'>              <div class=\"kksr-stars\">      <div class=\"kksr-stars-inactive\">             <div class=\"kksr-star\" data-star=\"1\" style=\"padding-right: 5px\">               <div class=\"kksr-icon\" style=\"width: 24px; height: 24px;\"><\/div>         <\/div>             <div class=\"kksr-star\" data-star=\"2\" style=\"padding-right: 5px\">               <div class=\"kksr-icon\" style=\"width: 24px; height: 24px;\"><\/div>         <\/div>             <div class=\"kksr-star\" data-star=\"3\" style=\"padding-right: 5px\">               <div class=\"kksr-icon\" style=\"width: 24px; height: 24px;\"><\/div>         <\/div>             <div class=\"kksr-star\" data-star=\"4\" style=\"padding-right: 5px\">               <div class=\"kksr-icon\" style=\"width: 24px; height: 24px;\"><\/div>         <\/div>             <div class=\"kksr-star\" data-star=\"5\" style=\"padding-right: 5px\">               <div class=\"kksr-icon\" style=\"width: 24px; height: 24px;\"><\/div>         <\/div>     <\/div>      <div class=\"kksr-stars-active\" style=\"width: 136.7px;\">             <div class=\"kksr-star\" style=\"padding-right: 5px\">               <div class=\"kksr-icon\" style=\"width: 24px; height: 24px;\"><\/div>         <\/div>             <div class=\"kksr-star\" style=\"padding-right: 5px\">               <div class=\"kksr-icon\" style=\"width: 24px; height: 24px;\"><\/div>         <\/div>             <div class=\"kksr-star\" style=\"padding-right: 5px\">               <div class=\"kksr-icon\" style=\"width: 24px; height: 24px;\"><\/div>         <\/div>             <div class=\"kksr-star\" style=\"padding-right: 5px\">               <div class=\"kksr-icon\" style=\"width: 24px; height: 24px;\"><\/div>         <\/div>             <div class=\"kksr-star\" style=\"padding-right: 5px\">               <div class=\"kksr-icon\" style=\"width: 24px; height: 24px;\"><\/div>         <\/div>     <\/div> <\/div>                   <div class=\"kksr-legend\" style=\"font-size: 19.2px;\">             4.8\/5 - (6 oy)    <\/div>     <\/div>  <p class=\"translation-block\"><strong>The rotary premade pouch packing machine<\/strong> here is designed for medium and large production demand. It has a high automation level and super efficiency. This <strong>premade pouch fill and seal machine<\/strong> can automatically complete the process of taking the bag, opening the bag, filling, sealing, date printing, and output. The <strong>rotary premade bag packing machine<\/strong> has the latest technology, a PLC control system, a famous motor, a mechanical structure, easy operation, maintenance, and stable performance. Besides, the premade pouch packing machine for sale from our factory has a quite competitive price. Welcome to contact us for a free price list.<\/p>    <h2 class=\"wp-block-heading\">D\u00f6ner haz\u0131r kese paketleme makinesi \u00e7al\u0131\u015fma videosu<\/h2>   <figure class=\"wp-block-embed-youtube wp-block-embed is-type-video is-provider-youtube wp-embed-aspect-16-9 wp-has-aspect-ratio\"><div class=\"lyte-wrapper fourthree\" title=\"Haz\u0131r \u00c7anta Dolum ve Kapama Makinesi | D\u00f6ner Paketleme Makinesi - M\u00fckemmel G\u0131da Paketleme \u00c7\u00f6z\u00fcm\u00fc\" style=\"width:960px;max-width:100%;margin:5px auto;\"><div class=\"lyMe hidef\" id=\"WYL_2SdTCor5Un4\" itemprop=\"video\" itemscope itemtype=\"https:\/\/schema.org\/VideoObject\"><div><meta itemprop=\"thumbnailUrl\" content=\"https:\/\/taizypackaging.com\/wp-content\/plugins\/wp-youtube-lyte\/lyteCache.php?origThumbUrl=https%3A%2F%2Fi.ytimg.com%2Fvi%2F2SdTCor5Un4%2Fmaxresdefault.jpg\" \/><meta itemprop=\"embedURL\" content=\"https:\/\/www.youtube.com\/embed\/2SdTCor5Un4\" \/><meta itemprop=\"duration\" content=\"PT2M11S\" \/><meta itemprop=\"uploadDate\" content=\"2022-02-22T08:53:55Z\" \/><\/div><meta itemprop=\"accessibilityFeature\" content=\"captions\" \/><div id=\"lyte_2SdTCor5Un4\" data-src=\"https:\/\/taizypackaging.com\/wp-content\/plugins\/wp-youtube-lyte\/lyteCache.php?origThumbUrl=https%3A%2F%2Fi.ytimg.com%2Fvi%2F2SdTCor5Un4%2Fmaxresdefault.jpg\" class=\"pL\"><div class=\"tC\"><div class=\"tT\" itemprop=\"name\">Haz\u0131r \u00c7anta Dolum ve Kapama Makinesi | D\u00f6ner Paketleme Makinesi - M\u00fckemmel G\u0131da Paketleme \u00c7\u00f6z\u00fcm\u00fc<\/div><\/div><div class=\"play\"><\/div><div class=\"ctrl\"><div class=\"Lctrl\"><\/div><div class=\"Rctrl\"><\/div><\/div><\/div><noscript><a href=\"https:\/\/youtu.be\/2SdTCor5Un4\" rel=\"nofollow noopener\" target=\"_blank\"><img loading=\"lazy\" decoding=\"async\" src=\"https:\/\/taizypackaging.com\/wp-content\/plugins\/wp-youtube-lyte\/lyteCache.php?origThumbUrl=https%3A%2F%2Fi.ytimg.com%2Fvi%2F2SdTCor5Un4%2F0.jpg\" alt=\"Haz\u0131r \u00c7anta Dolum ve Kapama Makinesi | D\u00f6ner Paketleme Makinesi - M\u00fckemmel G\u0131da Paketleme \u00c7\u00f6z\u00fcm\u00fc\" width=\"960\" height=\"700\" \/><br \/>Bu videoyu YouTube'da izleyin<\/a><\/noscript><meta itemprop=\"description\" content=\"#premadebagmachine #foodpackaging #fillingsealingmachine #packingmachine EMAIL: info@taizypackaging.com TEL\/WHATSAPP: +86 18837171591 USEFUL LINK: https:\/\/taizypackaging.com\/horizontal-bag-feeding-machine\/ This premade bag filling and sealing machine is suitable for various products and bag styles. It has a very wide range of applications. Performance features of this premade pouch feeding machine 1. PLC intelligent control system, support multi-language, parameter setting, machine control are particularly convenient. 2. The long dragging plate at the seal is also made of stainless steel, which is not only beautiful as a whole but also plays a role in buffering the packaged items to a certain extent. 3. The equipment meets the sanitary standards of food processing machinery, and the parts of the equipment in contact with materials are processed with 304 stainless steel or other materials that meet the requirements of food hygiene. Besides, it is designed in line with GMP standards. 4. Intelligent alarm system, when the plastic bag sealing place is melted by high temperature, stick to the copper block when the machine will automatically alarm and stop operation timely. This premade pouch feeding machine has multi-function by changing feeding systems. This machine can be divided into a horizontal bag feeding machine for granules, a horizontal bag feeding machine for powders, horizontal bag feeding machine for liquids. You may also like these videos about food packaging: 14-head multihead weigher packing machine: https:\/\/www.youtube.com\/watch?v=GtA66u8XLv8 Premade bag feeding machine with 10-head multihead weigher: https:\/\/www.youtube.com\/watch?v=Xqb5_CFb_H8&amp;t=42s EMAIL: info@taizypackaging.com TEL\/WHATSAPP: +86 18837171591 USEFUL LINK: https:\/\/taizypackaging.com\/horizontal-bag-feeding-machine\/\"><\/div><\/div><div class=\"lL\" style=\"max-width:100%;width:960px;margin:5px auto;\"><\/div><figcaption><\/figcaption><\/figure>   <h2 class=\"wp-block-heading\">Haz\u0131r kese paketleme makinesinin performans \u00f6zellikleri<\/h2>    <ol class=\"wp-block-list\" type=\"1\"> <li>M\u00fckemmel tasar\u0131m. Ekipman\u0131n \u00e7al\u0131\u015fmas\u0131n\u0131n stabilitesini sa\u011flayabilir, malzeme kayb\u0131n\u0131 azaltabilir ve ar\u0131za oran\u0131n\u0131 azaltabilir.<\/li>    <li>Kullan\u0131m\u0131 kolay ve rahat, geli\u015fmi\u015f PLC + POD (dokunmatik ekran) elektrik kontrol sistemini benimseyin.<\/li>    <li>Geni\u015f uygulama yelpazesi. S\u0131v\u0131, macun, gran\u00fcl, toz ve kat\u0131 gibi \u00e7e\u015fitli \u00fcr\u00fcnler i\u00e7in y\u00fcksek h\u0131zl\u0131 d\u00f6ner paketleme makinesidir. Farkl\u0131 spesifik paketleme gereksinimleri i\u00e7in farkl\u0131 besleme sistemleri ve paketleme sistemleri.<\/li>    <li>\u00c7anta geni\u015fli\u011fi tek tu\u015fla otomatik olarak ayarlanabilir.<\/li>    <li>Hassas s\u0131cakl\u0131k kontrol cihazlar\u0131, mod\u00fcler \u0131s\u0131tma ve \u0131s\u0131tma ar\u0131zalar\u0131nda alarm istemlerine sahiptir.<\/li>    <li>Tamam\u0131 dayan\u0131kl\u0131 paslanmaz \u00e7elik malzeme, g\u0131daya uygun malzeme. &nbsp;&nbsp;<\/li> <\/ol>    <figure class=\"wp-block-image size-full\"><img decoding=\"async\" src=\"https:\/\/taizypackaging.com\/wp-content\/uploads\/2022\/03\/premade-pouch-packing-machine-applications.jpg\" alt=\"haz\u0131r kese paketleme makinesi uygulamalar\u0131\" class=\"wp-image-4365\"\/><figcaption class=\"wp-element-caption\">haz\u0131r kese paketleme makinesi uygulamalar\u0131<\/figcaption><\/figure>    <h2 class=\"wp-block-heading\">Haz\u0131r torba dolum makinesinin yap\u0131 detaylar\u0131<\/h2>    <p>D\u00f6ner haz\u0131r po\u015fet paketleme makinesi esas olarak bir \u00e7al\u0131\u015fma platformu, \u00e7ok kafal\u0131 kantar, malzeme kald\u0131rma tertibat\u0131, metal alg\u0131lama makinesi, titre\u015fimli besleyici, asans\u00f6r, invert\u00f6r, PLC kontrol sistemi, vakum pompas\u0131, silindir, torba a\u00e7ma cihaz\u0131, s\u0131cakl\u0131k kontrol cihaz\u0131, \u00e7\u0131k\u0131\u015f sisteminden olu\u015fur. vb. Ayr\u0131ca ana g\u00f6vde yap\u0131 malzemesi olarak 304 paslanmaz \u00e7elik kullan\u0131lmas\u0131, uzun \u00f6m\u00fcrl\u00fc olmas\u0131n\u0131 ve temizlenmesinin kolay olmas\u0131n\u0131 sa\u011flar.<\/p>    <h2 class=\"wp-block-heading\">Neden \u00f6nceden haz\u0131rlanm\u0131\u015f bir torba dolum ve kapatma makinesine ihtiyac\u0131n\u0131z var?<\/h2>    <p>Haz\u0131r kese doldurma ve kapatma makinesi, ambalaj end\u00fcstrisinde b\u00fcy\u00fck bir yeniliktir. S\u0131radan bir kese paketleme makinesi veya dolum makinesiyle kar\u015f\u0131la\u015ft\u0131r\u0131ld\u0131\u011f\u0131nda e\u015fsiz \u00f6zelliklere ve avantajlara sahiptir.<\/p>    <h3 class=\"wp-block-heading\"># T\u00fcketiciler i\u00e7in b\u00fcy\u00fck ilgi<\/h3>    <p>Dik duran po\u015fet ambalajlar bu y\u0131llarda s\u00fcpermarket raflar\u0131nda b\u00fcy\u00fck bir pazar pay\u0131 kazand\u0131. Bu t\u00fcr \u00e7antalar cips, patlam\u0131\u015f m\u0131s\u0131r, at\u0131\u015ft\u0131rmal\u0131klar, meyve suyu, soslar ve di\u011fer bir\u00e7ok yiyecek ve i\u00e7ecek \u00fcr\u00fcn\u00fc gibi bir\u00e7ok \u00fcr\u00fcn i\u00e7in idealdir. Ayr\u0131ca bu esnek po\u015fetler ayn\u0131 zamanda sert kaplara g\u00f6re daha \u00e7evre dostudur. \u00dcretimi daha az kaynak ve enerji gerektirir ve son kullan\u0131c\u0131ya cazip bir \u00fcr\u00fcn sunulmas\u0131na olanak tan\u0131r.<\/p>    <h3 class=\"wp-block-heading\">\u00dcreticiler i\u00e7in # Esnekli\u011fi<\/h3>    <p class=\"translation-block\">With unique features and structures, this rotary premade pouch filling machine is very flexible for packing machine manufacturers. What is the reason? Because this machine mainly consists of two parts, a filling system, and a sealing system. The filling system can be of various types. For example, if you want to pack chips, there is <a href=\"https:\/\/taizypackaging.com\/tr\/lapel-combination-packaging-machine\/\">multihead weigher<\/a> available with high speed and super efficiency. And if you want to pack juice or oil, there is liquid pump available to meet your demand. Therefore, this premade pouch machine can meet your different requirements.<\/p>    <figure class=\"wp-block-image size-full\"><img decoding=\"async\" src=\"https:\/\/taizypackaging.com\/wp-content\/uploads\/2022\/03\/premade-bag-filling-machine.jpg\" alt=\"haz\u0131r torba dolum makinas\u0131\" class=\"wp-image-4363\"\/><figcaption class=\"wp-element-caption\">haz\u0131r torba dolum makinesi<\/figcaption><\/figure>    <h2 class=\"wp-block-heading\">Haz\u0131r torba dolum makinas\u0131n\u0131n torba \u00e7e\u015fitleri<\/h2>    <p>Dik duran torba, fermuarl\u0131 \u00e7anta, ta\u015f\u0131nabilir \u00e7anta, 3 taraf\u0131 kilitli torba, 4 taraf\u0131 kilitli torba ve her t\u00fcrl\u00fc bile\u015fik torba.<\/p>    <h2 class=\"wp-block-heading\">\u00c7al\u0131\u015fma s\u00fcreci<\/h2>    <ol class=\"wp-block-list\" type=\"1\"> <li>Torba besleme<\/li>    <li>Tarih bas\u0131m\u0131<\/li>    <li>\u00c7anta a\u00e7ma<\/li>    <li>dolgu<\/li>    <li>dolgu<\/li>    <li>Is\u0131 yal\u0131t\u0131m\u0131<\/li>    <li>\u015eekillendirme<\/li>    <li>\u00c7\u0131k\u0131\u015f \u00fcr\u00fcnleri<\/li> <\/ol>    <h2 class=\"wp-block-heading\">Taizy d\u00f6ner haz\u0131r torba paketleme makinesinin g\u00fcvenlik cihaz\u0131<\/h2>    <ol class=\"wp-block-list\" type=\"1\"> <li>Torba yok, doldurma yok, s\u0131zd\u0131rmazl\u0131k yok<\/li>    <li>Kodlama \u015feridi, Acil durum durdurma ve alarm yok<\/li>    <li>S\u0131zd\u0131rmazl\u0131k s\u0131cakl\u0131\u011f\u0131 anormalli\u011fi, alarm<\/li>    <li>Kese veya a\u00e7ma hatas\u0131 yok, dolum yok<\/li>    <li>Hava bas\u0131nc\u0131 yeterli de\u011fil ve alarm<\/li>    <li>Kese veya a\u00e7ma hatas\u0131 yok, dolum yok<\/li> <\/ol>","protected":false},"excerpt":{"rendered":"<p>The rotary premade pouch packing machine here is designed for medium and large production demand. It has a high automation level and super efficiency. This premade pouch fill and seal machine can automatically complete the process of taking the bag, opening the bag, filling, sealing, date printing, and output. The rotary premade bag packing machine [&hellip;]<\/p>\n","protected":false},"author":1,"featured_media":4361,"parent":0,"template":"","tags":[628,630,629],"product-type":[665],"class_list":["post-4356","product","type-product","status-publish","has-post-thumbnail","hentry","tag-premade-bag","tag-premade-bag-packing-machine","tag-premade-pouch","product-type-premade-pouch-packing-machine"],"_links":{"self":[{"href":"https:\/\/taizypackaging.com\/tr\/wp-json\/wp\/v2\/product\/4356","targetHints":{"allow":["GET"]}}],"collection":[{"href":"https:\/\/taizypackaging.com\/tr\/wp-json\/wp\/v2\/product"}],"about":[{"href":"https:\/\/taizypackaging.com\/tr\/wp-json\/wp\/v2\/types\/product"}],"author":[{"embeddable":true,"href":"https:\/\/taizypackaging.com\/tr\/wp-json\/wp\/v2\/users\/1"}],"wp:featuredmedia":[{"embeddable":true,"href":"https:\/\/taizypackaging.com\/tr\/wp-json\/wp\/v2\/media\/4361"}],"wp:attachment":[{"href":"https:\/\/taizypackaging.com\/tr\/wp-json\/wp\/v2\/media?parent=4356"}],"wp:term":[{"taxonomy":"post_tag","embeddable":true,"href":"https:\/\/taizypackaging.com\/tr\/wp-json\/wp\/v2\/tags?post=4356"},{"taxonomy":"product-type","embeddable":true,"href":"https:\/\/taizypackaging.com\/tr\/wp-json\/wp\/v2\/product-type?post=4356"}],"curies":[{"name":"wp","href":"https:\/\/api.w.org\/{rel}","templated":true}]}}