{"id":4396,"date":"2022-03-24T10:36:10","date_gmt":"2022-03-24T10:36:10","guid":{"rendered":"https:\/\/taizypackaging.com\/?p=4396"},"modified":"2024-07-16T16:47:18","modified_gmt":"2024-07-16T08:47:18","slug":"face-mask-packing-machine","status":"publish","type":"product","link":"https:\/\/taizypackaging.com\/tr\/face-mask-packing-machine\/","title":{"rendered":"Y\u00fcz Maskesi Paketleme Makinas\u0131"},"content":{"rendered":"<div class=\"kk-star-ratings kksr-auto kksr-align-left kksr-valign-top\"     data-payload='{&quot;align&quot;:&quot;left&quot;,&quot;id&quot;:&quot;4396&quot;,&quot;slug&quot;:&quot;default&quot;,&quot;valign&quot;:&quot;top&quot;,&quot;ignore&quot;:&quot;&quot;,&quot;reference&quot;:&quot;auto&quot;,&quot;class&quot;:&quot;&quot;,&quot;count&quot;:&quot;24&quot;,&quot;legendonly&quot;:&quot;&quot;,&quot;readonly&quot;:&quot;&quot;,&quot;score&quot;:&quot;4.7&quot;,&quot;starsonly&quot;:&quot;&quot;,&quot;best&quot;:&quot;5&quot;,&quot;gap&quot;:&quot;5&quot;,&quot;greet&quot;:&quot;Rate this product&quot;,&quot;legend&quot;:&quot;4.7\\\/5 - (24 votes)&quot;,&quot;size&quot;:&quot;24&quot;,&quot;title&quot;:&quot;Face Mask Packing Machine&quot;,&quot;width&quot;:&quot;133.8&quot;,&quot;_legend&quot;:&quot;{score}\\\/{best} - ({count} {votes})&quot;,&quot;font_factor&quot;:&quot;1.25&quot;}'>              <div class=\"kksr-stars\">      <div class=\"kksr-stars-inactive\">             <div class=\"kksr-star\" data-star=\"1\" style=\"padding-right: 5px\">               <div class=\"kksr-icon\" style=\"width: 24px; height: 24px;\"><\/div>         <\/div>             <div class=\"kksr-star\" data-star=\"2\" style=\"padding-right: 5px\">               <div class=\"kksr-icon\" style=\"width: 24px; height: 24px;\"><\/div>         <\/div>             <div class=\"kksr-star\" data-star=\"3\" style=\"padding-right: 5px\">               <div class=\"kksr-icon\" style=\"width: 24px; height: 24px;\"><\/div>         <\/div>             <div class=\"kksr-star\" data-star=\"4\" style=\"padding-right: 5px\">               <div class=\"kksr-icon\" style=\"width: 24px; height: 24px;\"><\/div>         <\/div>             <div class=\"kksr-star\" data-star=\"5\" style=\"padding-right: 5px\">               <div class=\"kksr-icon\" style=\"width: 24px; height: 24px;\"><\/div>         <\/div>     <\/div>      <div class=\"kksr-stars-active\" style=\"width: 133.8px;\">             <div class=\"kksr-star\" style=\"padding-right: 5px\">               <div class=\"kksr-icon\" style=\"width: 24px; height: 24px;\"><\/div>         <\/div>             <div class=\"kksr-star\" style=\"padding-right: 5px\">               <div class=\"kksr-icon\" style=\"width: 24px; height: 24px;\"><\/div>         <\/div>             <div class=\"kksr-star\" style=\"padding-right: 5px\">               <div class=\"kksr-icon\" style=\"width: 24px; height: 24px;\"><\/div>         <\/div>             <div class=\"kksr-star\" style=\"padding-right: 5px\">               <div class=\"kksr-icon\" style=\"width: 24px; height: 24px;\"><\/div>         <\/div>             <div class=\"kksr-star\" style=\"padding-right: 5px\">               <div class=\"kksr-icon\" style=\"width: 24px; height: 24px;\"><\/div>         <\/div>     <\/div> <\/div>                   <div class=\"kksr-legend\" style=\"font-size: 19.2px;\">             4.7\/5 - (24 oy)    <\/div>     <\/div>  <p class=\"translation-block\"><strong>Maske paketleme makinesi<\/strong>, maske \u00fcretim end\u00fcstrisinde son derece \u00f6nemlidir. Asl\u0131nda, burada bahsedilen maske paketleme makinesi yatay tip bir ak\u0131\u015f sarg\u0131 makinesidir. Maskelerin teslimat, sarma, kesme, m\u00fch\u00fcrleme ve \u00fcr\u00fcnleri tamamlama s\u00fcre\u00e7lerini otomatik olarak tamamlayabilir. Geli\u015fmi\u015f teknoloji ve kaliteli par\u00e7alar kullanarak, bu maske po\u015fet paketleme makinesi verimlili\u011finizi b\u00fcy\u00fck \u00f6l\u00e7\u00fcde art\u0131rabilir ve i\u015f\u00e7ilik maliyetlerinizi tasarruf ettirebilir. Ayr\u0131ca, t\u00fcm makinelerimiz uluslararas\u0131 CE ve ISO standartlar\u0131na g\u00f6re tasarlanm\u0131\u015f ve \u00fcretilmi\u015ftir. Paketleme end\u00fcstrisinde son derece zengin bir deneyime sahip olarak, d\u00fcnya genelindeki m\u00fc\u015fteriler i\u00e7in m\u00fckemmel standart ve \u00f6zel t\u0131bbi maske paketleme makineleri sa\u011fl\u0131yoruz.<\/p>    <h2 class=\"wp-block-heading\">Y\u00fcz maskesi paketleme makinesi \u00e7al\u0131\u015fma videosu<\/h2>   <figure class=\"wp-block-embed-youtube wp-block-embed is-type-video is-provider-youtube wp-embed-aspect-16-9 wp-has-aspect-ratio\"><div class=\"lyte-wrapper fourthree\" title=\"Otomatik Y\u00fcz Maskesi Paketleme Makinas\u0131 | Tek Kullan\u0131ml\u0131k Y\u00fcz Maskesi Paketleme \u00c7\u00f6z\u00fcm\u00fc S\u00fcper Verimlilik\" style=\"width:960px;max-width:100%;margin:5px auto;\"><div class=\"lyMe hidef\" id=\"WYL_2l5oCE_eUDE\" itemprop=\"video\" itemscope itemtype=\"https:\/\/schema.org\/VideoObject\"><div><meta itemprop=\"thumbnailUrl\" content=\"https:\/\/taizypackaging.com\/wp-content\/plugins\/wp-youtube-lyte\/lyteCache.php?origThumbUrl=https%3A%2F%2Fi.ytimg.com%2Fvi%2F2l5oCE_eUDE%2Fmaxresdefault.jpg\" \/><meta itemprop=\"embedURL\" content=\"https:\/\/www.youtube.com\/embed\/2l5oCE_eUDE\" \/><meta itemprop=\"duration\" content=\"PT1M4S\" \/><meta itemprop=\"uploadDate\" content=\"2022-03-03T06:55:37Z\" \/><\/div><meta itemprop=\"accessibilityFeature\" content=\"captions\" \/><div id=\"lyte_2l5oCE_eUDE\" data-src=\"https:\/\/taizypackaging.com\/wp-content\/plugins\/wp-youtube-lyte\/lyteCache.php?origThumbUrl=https%3A%2F%2Fi.ytimg.com%2Fvi%2F2l5oCE_eUDE%2Fmaxresdefault.jpg\" class=\"pL\"><div class=\"tC\"><div class=\"tT\" itemprop=\"name\">Otomatik Y\u00fcz Maskesi Paketleme Makinas\u0131 | Tek Kullan\u0131ml\u0131k Y\u00fcz Maskesi Paketleme \u00c7\u00f6z\u00fcm\u00fc S\u00fcper Verimlilik<\/div><\/div><div class=\"play\"><\/div><div class=\"ctrl\"><div class=\"Lctrl\"><\/div><div class=\"Rctrl\"><\/div><\/div><\/div><noscript><a href=\"https:\/\/youtu.be\/2l5oCE_eUDE\" rel=\"nofollow noopener\" target=\"_blank\"><img loading=\"lazy\" decoding=\"async\" src=\"https:\/\/taizypackaging.com\/wp-content\/plugins\/wp-youtube-lyte\/lyteCache.php?origThumbUrl=https%3A%2F%2Fi.ytimg.com%2Fvi%2F2l5oCE_eUDE%2F0.jpg\" alt=\"Otomatik Y\u00fcz Maskesi Paketleme Makinas\u0131 | Tek Kullan\u0131ml\u0131k Y\u00fcz Maskesi Paketleme \u00c7\u00f6z\u00fcm\u00fc S\u00fcper Verimlilik\" width=\"960\" height=\"700\" \/><br \/>Bu videoyu YouTube'da izleyin<\/a><\/noscript><meta itemprop=\"description\" content=\"#facemaskpacking #maskpackaging #facemaskmachine EMAIL: info@taizypackaging.com WECHAT\/WHATSAPP: +86 18837171591 USEFUL LINK: https:\/\/taizypackaging.com\/horizontal-packing-machine\/ This face mask packing machine is ideal for single or multiple mask packaging. It is cleaner and hygienic than manual packaging, and its speed is many times faster than that of manual packaging. It meets the National Health standards Performance features of the efficient face mask packaging machine 1. It&#039;s widely used for many kinds of products, such as Disposable mask packaging, N95 mask packaging, medical masks, N95 \/ kn95 masks, biscuits, rice noodles, snow cakes, egg yolk pie, chocolate, bread, instant noodles, moon cake medicine, daily necessities, industrial parts, cartons or trays, and other regular objects. 2. The control and drive core is composed of servo motor, programmable controller, and large color touch LCD, which greatly improves the control accuracy, speed range, reliability, and intelligence of the whole machine; the locking of bag forming, cutting length, sealing temperature and other parameters is more accurate. 3. The servo motor drive realizes the feeding, film feeding, longitudinal sealing, transverse sealing, and output of the packaging machine, simplifies the mechanical transmission system, makes the packaging machine run stably and reliably, and significantly reduces the mechanical noise and mechanical failure rate. 4. Adopting double drive vertical seal and advanced horizontal seal heating technology, the longitudinal sealing temperature is low, so as to minimize the possibility of scalding film in the process of operation and shutdown; moreover, it is well sealed with smooth and beautiful lines. 5. The user can set the packaging parameters of various products in the control panel, and only need to transfer the corresponding data from the memory and execute it, so that the packaging operation can be carried out, and the professional skills of operators are reduced. With super efficiency and good quality, the face mask packing machine can greatly improve your productivity and benefit your project. You may also like these videos about the horizontal flow wrap machine: Soap packing machine: https:\/\/www.youtube.com\/watch?v=omb3vEXZlIE Shisha charcoal packing machine: https:\/\/www.youtube.com\/watch?v=isZgH2NxMVs&amp;t=13s EMAIL: info@taizypackaging.com WECHAT\/WHATSAPP: +86 18837171591 USEFUL LINK: https:\/\/taizypackaging.com\/horizontal-packing-machine\/\"><\/div><\/div><div class=\"lL\" style=\"max-width:100%;width:960px;margin:5px auto;\"><\/div><figcaption><\/figcaption><\/figure>   <h2 class=\"wp-block-heading\">Maskeleri paketlemek i\u00e7in hangi makine kullan\u0131l\u0131r?<\/h2>    <p class=\"translation-block\">Asl\u0131nda, d\u00fcnya genelinde bir\u00e7ok y\u00fcz maskesi paketleme \u00e7\u00f6z\u00fcm\u00fc bulunmaktad\u0131r. Ancak, bir <a href=\"https:\/\/taizypackaging.com\/tr\/horizontal-packing-machine\/\">yast\u0131k tipi paketleme makinesi<\/a>nin maske paketleme i\u00e7in en uygun ekipman oldu\u011funa inan\u0131yoruz. Hepimizin bildi\u011fi gibi, bir non-woven tek kullan\u0131ml\u0131k y\u00fcz maskesi yumu\u015fak ve deformasyona kolayca u\u011frayabilir. Yast\u0131k paketleme makinesi bu sorunu m\u00fckemmel bir \u015fekilde \u00e7\u00f6zebilir. Ayr\u0131ca, bu makine kararl\u0131 bir performansa ve y\u00fcksek verimlili\u011fe sahiptir. Paketleme h\u0131z\u0131 ve paketleme performans\u0131 sorusunu m\u00fckemmel bir \u015fekilde \u00e7\u00f6zer. \u015e\u00fcphesiz, yatay tip ak\u0131\u015f sarg\u0131 makinesi maske paketleme i\u00e7in harika bir \u00e7\u00f6z\u00fcmd\u00fcr. &nbsp;<\/p>    <figure class=\"wp-block-image size-full\"><img loading=\"lazy\" decoding=\"async\" width=\"720\" height=\"540\" src=\"https:\/\/taizypackaging.com\/wp-content\/uploads\/2022\/03\/face-mask-packing-machine-1.jpg\" alt=\"y\u00fcz maskesi paketleme makinesi\" class=\"wp-image-4408\" srcset=\"https:\/\/taizypackaging.com\/wp-content\/uploads\/2022\/03\/face-mask-packing-machine-1.jpg 720w, https:\/\/taizypackaging.com\/wp-content\/uploads\/2022\/03\/face-mask-packing-machine-1-300x225.jpg 300w\" sizes=\"auto, (max-width: 720px) 100vw, 720px\" \/><figcaption class=\"wp-element-caption\">y\u00fcz maskesi paketleme makinesi<\/figcaption><\/figure>    <h2 class=\"wp-block-heading\">Bu paketleme makinesi i\u00e7in ne t\u00fcr bir maske uygundur?<\/h2>    <p>Bu yast\u0131k tipi y\u00fcz maskesi paketleme makinesi, dokumas\u0131z tek kullan\u0131ml\u0131k y\u00fcz maskeleri, cerrahi maskeler, N95 maskeleri, t\u0131bbi maskeler, tekli maskeler, 3 katl\u0131 maskeler vb. gibi \u00e7e\u015fitli maskelerin ta\u015f\u0131nmas\u0131 i\u00e7in idealdir. K\u0131sacas\u0131, bu maske kese paketleme makinesi paketleyebilir \u00e7e\u015fitli maske t\u00fcrleri. Ayr\u0131ca, \u00f6zel gereksinimlerinizi kar\u015f\u0131lamak i\u00e7in g\u00fc\u00e7l\u00fc bir \u00f6zel hizmeti destekliyoruz.<\/p>    <figure class=\"wp-block-image size-full\"><img decoding=\"async\" src=\"https:\/\/taizypackaging.com\/wp-content\/uploads\/2022\/03\/disposable-face-masks.jpg\" alt=\"tek kullan\u0131ml\u0131k y\u00fcz maskeleri\" class=\"wp-image-4413\"\/><figcaption class=\"wp-element-caption\">tek kullan\u0131ml\u0131k y\u00fcz maskeleri<\/figcaption><\/figure>    <h2 class=\"wp-block-heading\">Taizy maske paketleme makinesinin performans \u00f6zellikleri<\/h2>    <ol class=\"wp-block-list\"> <li>Basit ve kompakt yap\u0131. Kurulumu, \u00e7al\u0131\u015ft\u0131rmas\u0131 ve bak\u0131m\u0131 kolay <\/li>    <li>Geli\u015fmi\u015f PLC kontrol sistemi ve geni\u015f dokunmatik ekran, ayarlanmas\u0131 kolay parametreler ve istikrarl\u0131 performansa sahiptir<\/li>    <li>Paslanmaz \u00e7elik makine yap\u0131s\u0131 g\u00f6vdesi, dayan\u0131kl\u0131 ve zarif g\u00f6r\u00fcn\u00fcm<\/li>    <li>Geni\u015f uygulamalar. Sadece y\u00fcz maskeleri i\u00e7in ideal de\u011fil ayn\u0131 zamanda sebze, meyve, nargile k\u00f6m\u00fcr\u00fc, bisk\u00fcvi, ekmek, \u00e7ikolata vb. i\u00e7in de uygundur.<\/li>    <li>S\u0131zd\u0131rmazl\u0131k s\u0131cakl\u0131\u011f\u0131 kontrol\u00fc ba\u011f\u0131ms\u0131z olarak, \u00e7e\u015fitli ambalaj malzemelerine uygun<\/li>    <li>Y\u00fcksek sens\u00f6rl\u00fc fotoelektrik renk \u015femas\u0131 takip sistemi, do\u011fru kesme konumu <\/li>    <li>\u00c7ift frekans d\u00f6n\u00fc\u015ft\u00fcr\u00fcc\u00fc denetleyici, iyi performans, zamandan ve filmden tasarruf sa\u011flar<\/li>    <li>Y\u00fcksek otomasyon seviyesi, s\u00fcper verimlilik, i\u015f\u00e7ilik maliyetinden tasarruf ve fayda projesi<\/li> <\/ol>    <h2 class=\"wp-block-heading\">En iyi y\u00fcz maskesi paketleme makinesi \u00fcreticisini nerede bulabilirim?<\/h2>    <p class=\"translation-block\">Ger\u00e7ekten de, yatay ak\u0131\u015f sarg\u0131 makinesi y\u00fcz maskelerinin paketlenmesi i\u00e7in en uygun ekipmand\u0131r. \u0130yi performans, y\u00fcksek verimlilik ve kolay kullan\u0131m avantajlar\u0131na sahiptir. \u00c7in'de bir <a href=\"https:\/\/taizypackaging.com\/tr\/\">profesyonel paketleme makinesi \u00fcreticisi<\/a> ve tedarik\u00e7isi olarak, makinelerimizin iyi kalitesini ve h\u0131zl\u0131 teslimat\u0131n\u0131 sa\u011flamak i\u00e7in son derece yetenekli bir ekibimiz var. \u00dcr\u00fcnlerimiz 80'den fazla \u00fclkeye ve b\u00f6lgeye ba\u015far\u0131yla ihra\u00e7 edilmi\u015ftir. Ayr\u0131ca, t\u00fcm paketleme ekipmanlar\u0131m\u0131z uluslararas\u0131 standartlara g\u00f6re tasarlanm\u0131\u015f ve \u00fcretilmi\u015ftir. \u00dcr\u00fcnlerimizin k\u00fc\u00e7\u00fck i\u015fletmecilerin daha iyi geli\u015fmelerine yard\u0131mc\u0131 olmas\u0131n\u0131 ve daha fazla insan\u0131n makinelerimizden daha fazla fayda sa\u011flamas\u0131n\u0131 hedefliyoruz. <\/p>    <figure class=\"wp-block-image size-full\"><img decoding=\"async\" src=\"https:\/\/taizypackaging.com\/wp-content\/uploads\/2022\/03\/flow-wrapping-machine-factory.jpg\" alt=\"ak\u0131\u015f sarma makinesi fabrikas\u0131\" class=\"wp-image-4409\"\/><figcaption class=\"wp-element-caption\">ak\u0131\u015f sarma makinesi fabrikas\u0131<\/figcaption><\/figure>    <h2 class=\"wp-block-heading\">Maske paketleme makinesinin faydalar\u0131 ve uygulamalar\u0131<\/h2>    <p>Maske paketleme makinesi, maskeleri, genellikle cerrahi veya solunum maskelerini paketlemek i\u00e7in kullan\u0131lan bir cihazd\u0131r. Bu makineler \u00e7e\u015fitli maske t\u00fcrleri ve boyutlar\u0131yla \u00e7al\u0131\u015facak \u015fekilde tasarlanm\u0131\u015ft\u0131r ve maskeleri tekli torbalarda veya toplu olarak paketlemek i\u00e7in kullan\u0131labilir. Maske paketleme makinelerinin baz\u0131 ortak \u00f6zellikleri aras\u0131nda otomatik sayma ve doldurma, po\u015fetleri m\u00fch\u00fcrleyebilme ve ambalaj\u0131n \u00fczerine son kullanma tarihi gibi bilgileri basabilme \u00f6zelli\u011fi yer almaktad\u0131r. Maske paketleme makinelerine y\u00f6nelik uygulamalar aras\u0131nda maskelerin sa\u011fl\u0131k hizmetleri, \u00fcretimi ve da\u011f\u0131t\u0131m\u0131 yer al\u0131r.<\/p>    <h2 class=\"wp-block-heading\">Maske paketleme makinas\u0131n\u0131n fiyat\u0131 nedir?<\/h2>    <p>Maske paketleme makinesi fiyat\u0131, marka, motorlar, g\u00f6vde yap\u0131s\u0131 malzemesi, modeller, nakliye maliyeti vb. bir\u00e7ok fakt\u00f6re yak\u0131nd\u0131r. Her fakt\u00f6r, y\u00fcz maskesi paketleme makinesi fiyat\u0131n\u0131 b\u00fcy\u00fck \u00f6l\u00e7\u00fcde etkileyebilir. Asl\u0131nda maske paketleme makinesini se\u00e7ti\u011fimizde maliyetten tasarruf etmek i\u00e7in kaliteden \u00f6d\u00fcn veremeyiz. Bir makinenin kaliteli oldu\u011fundan emin olmal\u0131y\u0131z; maliyet ve enerjiden tasarruf etmenin en iyi yolu budur. B\u00f6ylece bir makinenin de\u011fi\u015fimi ve bak\u0131m\u0131 i\u00e7in fazla zaman harcaman\u0131za gerek kalmaz.<\/p>","protected":false},"excerpt":{"rendered":"<p>Face mask packing machine is vitally important in the mask manufacturing industry. Actually, the face mask packaging machine here is a horizontal type flow wrap machine. It can automatically complete the process of mask delivering, wrapping, cutting, sealing, and finishing products. Adopting advanced technology and quality parts, this mask pouch packing machine can highly improve [&hellip;]<\/p>\n","protected":false},"author":1,"featured_media":4408,"parent":0,"template":"","tags":[633,269,635,634],"product-type":[664],"class_list":["post-4396","product","type-product","status-publish","has-post-thumbnail","hentry","tag-face-mask","tag-mask","tag-medical-mask","tag-surgical-mask","product-type-horizontal-flow-wrapping-machines"],"_links":{"self":[{"href":"https:\/\/taizypackaging.com\/tr\/wp-json\/wp\/v2\/product\/4396","targetHints":{"allow":["GET"]}}],"collection":[{"href":"https:\/\/taizypackaging.com\/tr\/wp-json\/wp\/v2\/product"}],"about":[{"href":"https:\/\/taizypackaging.com\/tr\/wp-json\/wp\/v2\/types\/product"}],"author":[{"embeddable":true,"href":"https:\/\/taizypackaging.com\/tr\/wp-json\/wp\/v2\/users\/1"}],"wp:featuredmedia":[{"embeddable":true,"href":"https:\/\/taizypackaging.com\/tr\/wp-json\/wp\/v2\/media\/4408"}],"wp:attachment":[{"href":"https:\/\/taizypackaging.com\/tr\/wp-json\/wp\/v2\/media?parent=4396"}],"wp:term":[{"taxonomy":"post_tag","embeddable":true,"href":"https:\/\/taizypackaging.com\/tr\/wp-json\/wp\/v2\/tags?post=4396"},{"taxonomy":"product-type","embeddable":true,"href":"https:\/\/taizypackaging.com\/tr\/wp-json\/wp\/v2\/product-type?post=4396"}],"curies":[{"name":"wp","href":"https:\/\/api.w.org\/{rel}","templated":true}]}}