{"id":4997,"date":"2023-12-12T13:45:24","date_gmt":"2023-12-12T05:45:24","guid":{"rendered":"https:\/\/taizypackaging.com\/?post_type=product&#038;p=4997"},"modified":"2024-07-16T17:59:50","modified_gmt":"2024-07-16T09:59:50","slug":"multi-lane-stick-pack-machine","status":"publish","type":"product","link":"https:\/\/taizypackaging.com\/tr\/multi-lane-stick-pack-machine\/","title":{"rendered":"Toz, S\u0131v\u0131, Gran\u00fcller i\u00e7in \u00c7ok \u015eeritli \u00c7ubuk Paketleme Makinesi"},"content":{"rendered":"<div class=\"kk-star-ratings kksr-auto kksr-align-left kksr-valign-top\"     data-payload='{&quot;align&quot;:&quot;left&quot;,&quot;id&quot;:&quot;4997&quot;,&quot;slug&quot;:&quot;default&quot;,&quot;valign&quot;:&quot;top&quot;,&quot;ignore&quot;:&quot;&quot;,&quot;reference&quot;:&quot;auto&quot;,&quot;class&quot;:&quot;&quot;,&quot;count&quot;:&quot;25&quot;,&quot;legendonly&quot;:&quot;&quot;,&quot;readonly&quot;:&quot;&quot;,&quot;score&quot;:&quot;4.7&quot;,&quot;starsonly&quot;:&quot;&quot;,&quot;best&quot;:&quot;5&quot;,&quot;gap&quot;:&quot;5&quot;,&quot;greet&quot;:&quot;Rate this product&quot;,&quot;legend&quot;:&quot;4.7\\\/5 - (25 votes)&quot;,&quot;size&quot;:&quot;24&quot;,&quot;title&quot;:&quot;Multi Lane Stick Pack Machine for Powder, Liquid, Granules&quot;,&quot;width&quot;:&quot;133.8&quot;,&quot;_legend&quot;:&quot;{score}\\\/{best} - ({count} {votes})&quot;,&quot;font_factor&quot;:&quot;1.25&quot;}'>              <div class=\"kksr-stars\">      <div class=\"kksr-stars-inactive\">             <div class=\"kksr-star\" data-star=\"1\" style=\"padding-right: 5px\">               <div class=\"kksr-icon\" style=\"width: 24px; height: 24px;\"><\/div>         <\/div>             <div class=\"kksr-star\" data-star=\"2\" style=\"padding-right: 5px\">               <div class=\"kksr-icon\" style=\"width: 24px; height: 24px;\"><\/div>         <\/div>             <div class=\"kksr-star\" data-star=\"3\" style=\"padding-right: 5px\">               <div class=\"kksr-icon\" style=\"width: 24px; height: 24px;\"><\/div>         <\/div>             <div class=\"kksr-star\" data-star=\"4\" style=\"padding-right: 5px\">               <div class=\"kksr-icon\" style=\"width: 24px; height: 24px;\"><\/div>         <\/div>             <div class=\"kksr-star\" data-star=\"5\" style=\"padding-right: 5px\">               <div class=\"kksr-icon\" style=\"width: 24px; height: 24px;\"><\/div>         <\/div>     <\/div>      <div class=\"kksr-stars-active\" style=\"width: 133.8px;\">             <div class=\"kksr-star\" style=\"padding-right: 5px\">               <div class=\"kksr-icon\" style=\"width: 24px; height: 24px;\"><\/div>         <\/div>             <div class=\"kksr-star\" style=\"padding-right: 5px\">               <div class=\"kksr-icon\" style=\"width: 24px; height: 24px;\"><\/div>         <\/div>             <div class=\"kksr-star\" style=\"padding-right: 5px\">               <div class=\"kksr-icon\" style=\"width: 24px; height: 24px;\"><\/div>         <\/div>             <div class=\"kksr-star\" style=\"padding-right: 5px\">               <div class=\"kksr-icon\" style=\"width: 24px; height: 24px;\"><\/div>         <\/div>             <div class=\"kksr-star\" style=\"padding-right: 5px\">               <div class=\"kksr-icon\" style=\"width: 24px; height: 24px;\"><\/div>         <\/div>     <\/div> <\/div>                   <div class=\"kksr-legend\" style=\"font-size: 19.2px;\">             4.7\/5 - (25 oy)    <\/div>     <\/div>  <p>Tozlar\u0131n, gran\u00fcllerin ve s\u0131v\u0131 malzemelerin verimli ve h\u0131zl\u0131 paketlenmesi i\u00e7in \u00e7ok \u015feritli \u00e7ubuk paketleme makinesi. Bu paketleme makinesinin bitmi\u015f \u00f6l\u00e7\u00fcs\u00fc 50-150 boy, 15-80 geni\u015flik aras\u0131nda ayarlanabilmektedir. Daha sonra bu makineyi sizlere detayl\u0131 olarak tan\u0131taca\u011f\u0131z.<\/p>   <div class=\"wp-block-image\"> <figure class=\"aligncenter size-full\"><img loading=\"lazy\" decoding=\"async\" width=\"720\" height=\"540\" src=\"https:\/\/taizypackaging.com\/wp-content\/uploads\/2023\/12\/stick-pack-machine.webp\" alt=\"sopa paketleme makinesi\" class=\"wp-image-5010\" srcset=\"https:\/\/taizypackaging.com\/wp-content\/uploads\/2023\/12\/stick-pack-machine.webp 720w, https:\/\/taizypackaging.com\/wp-content\/uploads\/2023\/12\/stick-pack-machine-300x225.webp 300w\" sizes=\"auto, (max-width: 720px) 100vw, 720px\" \/><figcaption class=\"wp-element-caption\">sopa paketleme makinesi<\/figcaption><\/figure> <\/div>   <h2 class=\"wp-block-heading\">\u00c7ok \u015feritli \u00e7ubuk paketleme makinesi nedir?<\/h2>    <p class=\"translation-block\">\u00c7oklu \u015ferit paketleme makinesi, g\u0131da, <a href=\"https:\/\/en.wikipedia.org\/wiki\/Pharmaceutical_industry\" target=\"_blank\" rel=\"noopener\">ila\u00e7<\/a>, g\u00fcnl\u00fck ihtiya\u00e7lar ve kozmetik gibi sanayilerde kullan\u0131lan bir t\u00fcr otomatik ambalajlama ekipman\u0131d\u0131r. Ayn\u0131 anda birden fazla \u00fcr\u00fcn\u00fc hassas bir \u015fekilde torbalara paketleme yetene\u011fine sahiptir. \u00c7oklu \u015ferit paketleme makinesinin tasar\u0131m\u0131, farkl\u0131 spesifikasyonlar, boyutlar ve ambalaj gereksinimlerini kar\u015f\u0131layacak \u015fekilde ihtiya\u00e7lara g\u00f6re ayarlanabilir.<\/p>    <p>Tek \u015feritli paketleme makinesiyle kar\u015f\u0131la\u015ft\u0131r\u0131ld\u0131\u011f\u0131nda bu \u00e7ok \u015feritli stick paket dolum makinesi, \u00fcretim kapasitesi ve \u00fcretim h\u0131z\u0131 a\u00e7\u0131s\u0131ndan b\u00fcy\u00fck bir avantaja sahiptir. Ayr\u0131ca bu makine daha i\u015flevseldir.<\/p>   <div class=\"wp-block-image\"> <figure class=\"aligncenter size-full\"><img loading=\"lazy\" decoding=\"async\" width=\"720\" height=\"540\" src=\"https:\/\/taizypackaging.com\/wp-content\/uploads\/2023\/12\/multi-lane-stick-sachet-packing-machine.webp\" alt=\"\u00e7ok \u015feritli \u00e7ubuk po\u015fet paketleme makinesi\" class=\"wp-image-5005\" srcset=\"https:\/\/taizypackaging.com\/wp-content\/uploads\/2023\/12\/multi-lane-stick-sachet-packing-machine.webp 720w, https:\/\/taizypackaging.com\/wp-content\/uploads\/2023\/12\/multi-lane-stick-sachet-packing-machine-300x225.webp 300w\" sizes=\"auto, (max-width: 720px) 100vw, 720px\" \/><figcaption class=\"wp-element-caption\">\u00e7ok \u015feritli \u00e7ubuk po\u015fet paketleme makinesi<\/figcaption><\/figure> <\/div>   <h2 class=\"wp-block-heading\">\u00c7ok \u015feritli \u00e7ubuk paketleme makineleri nas\u0131l \u00e7al\u0131\u015f\u0131r?<\/h2>    <p>\u00c7ok \u015feritli bir \u00e7ubuk paketleme makinesi, ayn\u0131 anda birden fazla \u00fcr\u00fcn\u00fc i\u015flemek ve bunlar\u0131 bitmi\u015f \u00fcr\u00fcnler halinde paketlemek i\u00e7in birka\u00e7 paketleme \u00e7al\u0131\u015fma \u00fcnitesini birle\u015ftirerek \u00e7al\u0131\u015f\u0131r. \u00c7al\u0131\u015fma prensibi a\u015fa\u011f\u0131daki ana ad\u0131mlar\u0131 i\u00e7erir:<\/p>    <h3 class=\"wp-block-heading\">Besleme<\/h3>    <p>\u0130lk olarak \u00fcr\u00fcnler, bir vakum besleyici arac\u0131l\u0131\u011f\u0131yla \u00e7ok \u015feritli stick paketleme makinesinin \u00e7al\u0131\u015fma alan\u0131na beslenir. Bu, toz, s\u0131v\u0131 veya gran\u00fcl \u00fcr\u00fcnlerin depolama alan\u0131ndan paketleme i\u015f istasyonuna ta\u015f\u0131nmas\u0131n\u0131 i\u00e7erir.<\/p>    <h3 class=\"wp-block-heading\">Torba\/kap haz\u0131rlama<\/h3>    <p>Paketleme istasyonunda makine kullan\u0131lacak po\u015fetleri haz\u0131rl\u0131yor. Torba \u00fcreticisi, paketlenecek \u00fcr\u00fcn\u00fcn y\u00fcklenmesini sa\u011flamak i\u00e7in \u00fcr\u00fcn gereksinimlerine uygun boyutta torbalar olu\u015fturur.<\/p>    <h3 class=\"wp-block-heading\">Doldurma ve m\u00fch\u00fcrleme<\/h3>    <p>\u00dcr\u00fcn haz\u0131rland\u0131ktan sonra torbaya tam olarak doldurulur. Bu s\u00fcre\u00e7, her paketleme \u00fcnitesindeki \u00fcr\u00fcn miktar\u0131n\u0131n do\u011fru olmas\u0131n\u0131 sa\u011flamak i\u00e7in hassas dozajlamay\u0131 i\u00e7erir. Daha sonra \u00fcr\u00fcn\u00fcn m\u00fch\u00fcrlendi\u011finden ve g\u00fcvenli oldu\u011fundan emin olmak i\u00e7in torba kapat\u0131l\u0131r.<\/p>    <h3 class=\"wp-block-heading\">De\u015farj<\/h3>    <p>Son olarak paketlenen \u00fcr\u00fcn \u00e7\u0131k\u0131\u015fa ve ard\u0131ndan \u00e7\u0131k\u0131\u015fa bo\u015falt\u0131l\u0131r.<\/p>    <h3 class=\"wp-block-heading\">Di\u011fer Ek Fonksiyonlar<\/h3>    <p>Doldurma ve kapatman\u0131n yan\u0131 s\u0131ra, \u00e7ok \u015feritli stick paketleme makinesinin konfig\u00fcrasyonuna ba\u011fl\u0131 olarak, paketlenen \u00fcr\u00fcn hakk\u0131nda tan\u0131mlama ve bilgi sa\u011flamak amac\u0131yla etiket basma, kodlama, etiketleme vb. gibi \u00e7e\u015fitli ek i\u015flevler ger\u00e7ekle\u015ftirilir.<\/p>    <figure class=\"wp-block-gallery has-nested-images columns-default is-cropped wp-block-gallery-2 is-layout-flex wp-block-gallery-is-layout-flex\"> <figure class=\"wp-block-image size-large\"><img loading=\"lazy\" decoding=\"async\" width=\"720\" height=\"540\" data-id=\"5014\" src=\"https:\/\/taizypackaging.com\/wp-content\/uploads\/2023\/12\/working-process.webp\" alt=\"\u00e7al\u0131\u015fma s\u00fcreci\" class=\"wp-image-5014\" srcset=\"https:\/\/taizypackaging.com\/wp-content\/uploads\/2023\/12\/working-process.webp 720w, https:\/\/taizypackaging.com\/wp-content\/uploads\/2023\/12\/working-process-300x225.webp 300w\" sizes=\"auto, (max-width: 720px) 100vw, 720px\" \/><figcaption class=\"wp-element-caption\">\u00e7al\u0131\u015fma s\u00fcreci<\/figcaption><\/figure>    <figure class=\"wp-block-image size-large\"><img loading=\"lazy\" decoding=\"async\" width=\"720\" height=\"540\" data-id=\"5009\" src=\"https:\/\/taizypackaging.com\/wp-content\/uploads\/2023\/12\/ribbon-coding-machine.webp\" alt=\"\u015ferit kodlama makinesi\" class=\"wp-image-5009\" srcset=\"https:\/\/taizypackaging.com\/wp-content\/uploads\/2023\/12\/ribbon-coding-machine.webp 720w, https:\/\/taizypackaging.com\/wp-content\/uploads\/2023\/12\/ribbon-coding-machine-300x225.webp 300w\" sizes=\"auto, (max-width: 720px) 100vw, 720px\" \/><figcaption class=\"wp-element-caption\">\u015ferit kodlama makinesi<\/figcaption><\/figure>    <figure class=\"wp-block-image size-large\"><img loading=\"lazy\" decoding=\"async\" width=\"720\" height=\"540\" data-id=\"5007\" src=\"https:\/\/taizypackaging.com\/wp-content\/uploads\/2023\/12\/outlet.webp\" alt=\"\u00e7\u0131k\u0131\u015f\" class=\"wp-image-5007\" srcset=\"https:\/\/taizypackaging.com\/wp-content\/uploads\/2023\/12\/outlet.webp 720w, https:\/\/taizypackaging.com\/wp-content\/uploads\/2023\/12\/outlet-300x225.webp 300w\" sizes=\"auto, (max-width: 720px) 100vw, 720px\" \/><figcaption class=\"wp-element-caption\">\u00e7\u0131k\u0131\u015f<\/figcaption><\/figure> <\/figure>    <h2 class=\"wp-block-heading\">Esnek \u00e7ok \u015feritli po\u015fet paketleme makinesi yap\u0131s\u0131<\/h2>    <p>\u00c7ok \u015feritli po\u015fet paketleme makinesinin yap\u0131s\u0131, farkl\u0131 malzemeler i\u00e7in bir s\u0131v\u0131 pompas\u0131 veya burgu dolgusu, \u00e7\u00f6zme filmi k\u0131lavuzu gergi yap\u0131s\u0131, \u015fekillendirici, dikey kapat\u0131c\u0131, yatay kapat\u0131c\u0131\/film \u00e7ekme \u00fcnitesi, kolay y\u0131rtma \u00e7entik \u00fcnitesi, yuvarlak k\u00f6\u015fe delme kesici, hareketli tekerlekler i\u00e7erir. , motorlu film \u00e7ekme makaras\u0131 ve dokunmatik ekranl\u0131 HMI.<\/p>   <div class=\"wp-block-image\"> <figure class=\"aligncenter size-full\"><img loading=\"lazy\" decoding=\"async\" width=\"720\" height=\"540\" src=\"https:\/\/taizypackaging.com\/wp-content\/uploads\/2023\/12\/machine-structure.webp\" alt=\"makine yap\u0131s\u0131\" class=\"wp-image-5001\" srcset=\"https:\/\/taizypackaging.com\/wp-content\/uploads\/2023\/12\/machine-structure.webp 720w, https:\/\/taizypackaging.com\/wp-content\/uploads\/2023\/12\/machine-structure-300x225.webp 300w\" sizes=\"auto, (max-width: 720px) 100vw, 720px\" \/><figcaption class=\"wp-element-caption\">makine yap\u0131s\u0131<\/figcaption><\/figure> <\/div>   <h2 class=\"wp-block-heading\">\u00dc\u00e7 farkl\u0131 kesim se\u00e7ene\u011fi<\/h2>    <p>\u00c7ok \u015feritli stick paketleme makinemiz, farkl\u0131 tip ve \u015fekillerdeki paketleme ihtiya\u00e7lar\u0131na uyacak \u00fc\u00e7 farkl\u0131 kesme se\u00e7ene\u011fi sunar. Bu \u00fc\u00e7 kesme se\u00e7ene\u011fi d\u00fcz kesme, yuvarlak kesme ve zikzak kesmeyi i\u00e7erir.<\/p>   <div class=\"wp-block-image\"> <figure class=\"aligncenter size-full\"><img loading=\"lazy\" decoding=\"async\" width=\"510\" height=\"630\" src=\"https:\/\/taizypackaging.com\/wp-content\/uploads\/2023\/12\/three-different-cutting-option.webp\" alt=\"\u00fc\u00e7 farkl\u0131 kesim se\u00e7ene\u011fi\" class=\"wp-image-5012\" srcset=\"https:\/\/taizypackaging.com\/wp-content\/uploads\/2023\/12\/three-different-cutting-option.webp 510w, https:\/\/taizypackaging.com\/wp-content\/uploads\/2023\/12\/three-different-cutting-option-243x300.webp 243w\" sizes=\"auto, (max-width: 510px) 100vw, 510px\" \/><figcaption class=\"wp-element-caption\">\u00fc\u00e7 farkl\u0131 kesim se\u00e7ene\u011fi<\/figcaption><\/figure> <\/div>   <h2 class=\"wp-block-heading\">\u00dc\u00e7 adet \u00e7ok \u015feritli \u00e7ubuk paketleme makinesinin teknik verileri<\/h2>    <figure class=\"wp-block-table\"><table><tbody><tr><td>Model numaras\u0131<\/td><td>WP-480Y<\/td><td>WP-680Y<\/td><td>WP-880Y<\/td><\/tr><tr><td>Kapasite (torba\/dak)<\/td><td colspan=\"3\">25-35 at\u0131m\/dakika<\/td><\/tr><tr><td>\u00d6l\u00e7\u00fcm aral\u0131\u011f\u0131(g)<\/td><td colspan=\"3\">1-20g (\u00fcr\u00fcn boyutuna g\u00f6re)<\/td><\/tr><tr><td>\u00c7anta boyutu (mm)<\/td><td colspan=\"3\">(B)50-150 (G)15-80<\/td><\/tr><tr><td>G\u00fc\u00e7(W)<\/td><td>4200w<\/td><td>5200w<\/td><td>5800w<\/td><\/tr><tr><td>Kaynak voltaj\u0131<\/td><td colspan=\"3\">380V\/50Hz 220V\/50-60Hz<\/td><\/tr><tr><td>Ambalaj malzemesi<\/td><td colspan=\"3\">PE lamine film, saf al\u00fcminyum, al\u00fcminyum kaplamal\u0131 naylon vb.<\/td><\/tr><tr><td>Ambalaj a\u011f\u0131rl\u0131\u011f\u0131 (kg)<\/td><td>850kg<\/td><td>950kg<\/td><td>1050kg<\/td><\/tr><tr><td>Genel boyutlar\u0131<\/td><td>1670x1320x2720mm<\/td><td>1670x1420x2720mm<\/td><td>1670x1520x2720mm<\/td><\/tr><\/tbody><\/table><\/figure>    <p>Bunlar sadece 3 s\u0131cak sat\u0131\u015f makinesinin teknik parametreleridir. Bu \u00fc\u00e7 makinenin yan\u0131 s\u0131ra \u00e7ok \u015feritli \u00e7ubuk paketleme makinelerinin ba\u015fka modellerinde sat\u0131\u015flar\u0131m\u0131z mevcuttur. Daha spesifik bilgi i\u00e7in l\u00fctfen bizimle ileti\u015fime ge\u00e7mekten \u00e7ekinmeyin.<\/p>   <div class=\"wp-block-image\"> <figure class=\"aligncenter size-full\"><img loading=\"lazy\" decoding=\"async\" width=\"720\" height=\"540\" src=\"https:\/\/taizypackaging.com\/wp-content\/uploads\/2023\/12\/multi-lane-stick-pack-machine.webp\" alt=\"\u00e7ok \u015feritli \u00e7ubuk paketleme makinesi\" class=\"wp-image-5003\" srcset=\"https:\/\/taizypackaging.com\/wp-content\/uploads\/2023\/12\/multi-lane-stick-pack-machine.webp 720w, https:\/\/taizypackaging.com\/wp-content\/uploads\/2023\/12\/multi-lane-stick-pack-machine-300x225.webp 300w\" sizes=\"auto, (max-width: 720px) 100vw, 720px\" \/><figcaption class=\"wp-element-caption\">\u00e7ok \u015feritli \u00e7ubuk paketleme makinesi<\/figcaption><\/figure> <\/div>   <h2 class=\"wp-block-heading\">\u00c7ok \u015feritli \u00e7ubuk paketleme makinesinin uygulama kapsam\u0131<\/h2>    <p class=\"translation-block\"><strong>G\u0131da sanayi<\/strong>: un, s\u00fct tozu, kahve tozu, glukoz, \u015feker, aromalar vb. gibi toz, gran\u00fcl veya s\u0131v\u0131 g\u0131da ambalajlamas\u0131 i\u00e7in kullan\u0131l\u0131r.<\/p>    <p class=\"translation-block\"><strong>\u0130la\u00e7 sanayi<\/strong>: ila\u00e7lar\u0131n, bitkisel tozlar\u0131n ve di\u011fer gran\u00fcl veya s\u0131v\u0131 ila\u00e7lar\u0131n ambalajlamas\u0131 i\u00e7in.<\/p>    <p class=\"translation-block\"><strong>Kozmetik ve ki\u015fisel bak\u0131m \u00fcr\u00fcnleri<\/strong>: \u015fampuan, du\u015f jeli, cilt bak\u0131m \u00fcr\u00fcnleri ve di\u011fer \u00fcr\u00fcnlerin ambalajlamas\u0131 i\u00e7in kullan\u0131l\u0131r.<\/p>    <p class=\"translation-block\"><strong>End\u00fcstriyel ve kimyasal \u00fcr\u00fcnler<\/strong>: kimyasallar, boyalar vb. ambalajlamas\u0131 i\u00e7in kullan\u0131labilirler.<\/p>    <p class=\"translation-block\"><strong>Tar\u0131m alan\u0131<\/strong>: tohumlar, g\u00fcbreler, pestisitler vb. gibi tar\u0131msal \u00fcr\u00fcnlerin ambalajlamas\u0131 i\u00e7in kullan\u0131l\u0131r.<\/p>   <div class=\"wp-block-image\"> <figure class=\"aligncenter size-full\"><img loading=\"lazy\" decoding=\"async\" width=\"720\" height=\"540\" src=\"https:\/\/taizypackaging.com\/wp-content\/uploads\/2023\/12\/packaging-product-display.webp\" alt=\"ambalaj \u00fcr\u00fcn te\u015fhiri\" class=\"wp-image-5008\" srcset=\"https:\/\/taizypackaging.com\/wp-content\/uploads\/2023\/12\/packaging-product-display.webp 720w, https:\/\/taizypackaging.com\/wp-content\/uploads\/2023\/12\/packaging-product-display-300x225.webp 300w\" sizes=\"auto, (max-width: 720px) 100vw, 720px\" \/><figcaption class=\"wp-element-caption\">ambalaj \u00fcr\u00fcn te\u015fhiri<\/figcaption><\/figure> <\/div>   <h2 class=\"wp-block-heading\">\u00c7ok \u015feritli \u00e7ubuk po\u015fet paketleme makinesinin avantajlar\u0131<\/h2>    <ol class=\"wp-block-list\"> <li>Verimli \u00fcretim: \u00e7ok \u015feritli \u00e7ubuk po\u015fet paketleme makineleri, birden fazla paketleme i\u015f birimini ayn\u0131 anda i\u015fleyebilir ve paketleme i\u015fleminin paralelle\u015ftirilmesine olanak tan\u0131r.<\/li>    <li>\u00c7ok y\u00f6nl\u00fcl\u00fck: Makine farkl\u0131 \u015fekil, boyut ve t\u00fcrdeki \u00fcr\u00fcn ambalajlar\u0131n\u0131 bar\u0131nd\u0131rabilir. Farkl\u0131 \u00fcr\u00fcnlerin ihtiya\u00e7lar\u0131n\u0131 kar\u015f\u0131lamak i\u00e7in \u00e7e\u015fitli konfig\u00fcrasyonlar ve \u00f6zelle\u015ftirme se\u00e7enekleri mevcuttur.<\/li>    <li>Do\u011fru dozajlama: \u00c7ok \u015feritli \u00e7ubuk paketleme makineleri, her paketleme \u00fcnitesindeki \u00fcr\u00fcn miktar\u0131n\u0131n do\u011fru olmas\u0131n\u0131 sa\u011flamak i\u00e7in hassas doldurma ve dozajlama yeteneklerine sahiptir.<\/li>    <li>Hijyenik Standartlar: Makine yap\u0131s\u0131 hijyenik gereksinimleri kar\u015f\u0131layacak \u015fekilde tasarlanm\u0131\u015ft\u0131r. Makinenin tamam\u0131 304 paslanmaz \u00e7elikten imal edilmi\u015ftir. Bu nedenle makine g\u0131da, ila\u00e7 ve di\u011fer end\u00fcstri standartlar\u0131n\u0131n kat\u0131 hijyen gereksinimlerine uyum sa\u011flayabilir.<\/li>    <li>Esneklik: Makine farkl\u0131 paketleme ihtiya\u00e7lar\u0131n\u0131 kar\u015f\u0131layabilir. Farkl\u0131 \u00fcr\u00fcn ambalaj\u0131 tasar\u0131mlar\u0131 ve gereksinimleri i\u00e7in \u00e7e\u015fitli kesme, yap\u0131\u015ft\u0131rma ve i\u015faretleme se\u00e7enekleri mevcuttur.<\/li>    <li>Otomasyon kontrol\u00fc: Makine, otomatik \u00e7al\u0131\u015fmay\u0131 ve hassas paketleme kontrol\u00fcn\u00fc ger\u00e7ekle\u015ftirebilen PLC program kontrol\u00fc gibi tam bir Siemens kontrol sistemi setini benimser.<\/li> <\/ol>    <h2 class=\"wp-block-heading\">Sat\u0131l\u0131k \u00e7ok \u015feritli \u00e7ubuk paketleme makinesi<\/h2>    <p class=\"translation-block\"><a href=\"https:\/\/taizypackaging.com\/tr\/\">Taizy Ambalaj Makineleri<\/a>'nde, sat\u0131\u015fta \u00e7ok say\u0131da \u00e7oklu \u015ferit paketleme makinesi bulunmaktad\u0131r. M\u00fc\u015fteriler genellikle 4 ve 8 s\u0131ral\u0131 makineler sat\u0131n al\u0131r. Ayr\u0131ca, 12 kolonlu \u00e7oklu \u015ferit paketleme makineleri sat\u0131n alan birka\u00e7 m\u00fc\u015fteri de vard\u0131r. E\u011fer ba\u015fka kolon gereksinimleriniz varsa, benzersiz \u00f6zelle\u015ftirme hizmetleri sunabiliriz. L\u00fctfen ihtiya\u00e7lar\u0131n\u0131z\u0131 kar\u015f\u0131lamak i\u00e7in elimizden gelenin en iyisini yapaca\u011f\u0131m\u0131za inan\u0131n.<\/p>   <div class=\"wp-block-image\"> <figure class=\"aligncenter size-full\"><img loading=\"lazy\" decoding=\"async\" width=\"720\" height=\"540\" src=\"https:\/\/taizypackaging.com\/wp-content\/uploads\/2023\/12\/stock-of-stick-pack-filling-machine.webp\" alt=\"stick pack dolum makinas\u0131 sto\u011fu\" class=\"wp-image-5011\" srcset=\"https:\/\/taizypackaging.com\/wp-content\/uploads\/2023\/12\/stock-of-stick-pack-filling-machine.webp 720w, https:\/\/taizypackaging.com\/wp-content\/uploads\/2023\/12\/stock-of-stick-pack-filling-machine-300x225.webp 300w\" sizes=\"auto, (max-width: 720px) 100vw, 720px\" \/><figcaption class=\"wp-element-caption\">stick pack dolum makinas\u0131 sto\u011fu<\/figcaption><\/figure> <\/div>   <h2 class=\"wp-block-heading\">\u00c7in'de g\u00fcvenilir \u00e7ok \u015feritli \u00e7ubuk paketleme makinesi \u00fcreticisi<\/h2>    <p class=\"translation-block\">Taizy Ambalaj Makineleri, \u00c7in'de tan\u0131nm\u0131\u015f bir ambalaj makineleri \u00fcreticisidir. \u00c7oklu \u015ferit paketleme makinesi d\u0131\u015f\u0131nda, ayr\u0131ca <a href=\"https:\/\/taizypackaging.com\/tr\/tea-packing-machine-sold-to-sri-lanka\/\">\u00e7ay ambalaj makineleri<\/a>, <a href=\"https:\/\/taizypackaging.com\/tr\/fully-automatic-paste-filling-machine-for-100-5000ml\/\">pasta paketleme makinesi<\/a>, <a href=\"https:\/\/taizypackaging.com\/tr\/how-to-package-chinchin-snacks\/\">\u00e7in \u00e7in paketleme makinesi<\/a>, <a href=\"https:\/\/taizypackaging.com\/tr\/sugar-sachet-packing-machine-performance-features-and-advantages\/\">\u015feker po\u015fet paketleme makinesi<\/a>, <a href=\"https:\/\/taizypackaging.com\/tr\/meat-vacuum-packaging-machine-exported-to-ghana\/\">vakumlu ambalaj makinesi<\/a> ve daha fazlas\u0131n\u0131 da sunmaktay\u0131z. \u0130htiya\u00e7lar\u0131n\u0131za g\u00f6re do\u011fru makineyi se\u00e7ebilirsiniz. <\/p>   <div class=\"wp-block-image\"> <figure class=\"aligncenter size-full\"><img loading=\"lazy\" decoding=\"async\" width=\"720\" height=\"540\" src=\"https:\/\/taizypackaging.com\/wp-content\/uploads\/2023\/12\/our-certifications.webp\" alt=\"sertifikalar\u0131m\u0131z\" class=\"wp-image-5006\" srcset=\"https:\/\/taizypackaging.com\/wp-content\/uploads\/2023\/12\/our-certifications.webp 720w, https:\/\/taizypackaging.com\/wp-content\/uploads\/2023\/12\/our-certifications-300x225.webp 300w\" sizes=\"auto, (max-width: 720px) 100vw, 720px\" \/><figcaption class=\"wp-element-caption\">sertifikalar\u0131m\u0131z<\/figcaption><\/figure> <\/div>   <p>\u015eu ana kadar makinelerimiz Kanada, Almanya, Senegal, Yeni Zelanda, \u0130spanya, Nijerya, Japonya, Yunanistan ve daha bir\u00e7ok \u00fclkeye ihra\u00e7 edildi. Bu nedenle makinelerimizin kalitesine tamamen g\u00fcvenebilirsiniz. Zengin ihracat tecr\u00fcbemiz ayn\u0131 zamanda makineleri size en k\u0131sa s\u00fcrede teslim etmemize de olanak tan\u0131yor. Ne i\u00e7in bekliyorsun? Bizimle h\u0131zl\u0131 bir \u015fekilde ileti\u015fime ge\u00e7in!<\/p>","protected":false},"excerpt":{"rendered":"<p>Multi lane stick pack machine for efficient and fast packaging of powders, granules, and liquid materials. The finished size of this packaging machine can be adjusted between 50-150 in length and 15-80 in width. Next, we will introduce this machine to you in detail. What is multi lane stick pack machine? Multi lane stick pack [&hellip;]<\/p>\n","protected":false},"author":1,"featured_media":5002,"parent":0,"template":"","tags":[],"product-type":[660],"class_list":["post-4997","product","type-product","status-publish","has-post-thumbnail","hentry","product-type-powder-packing-machines"],"_links":{"self":[{"href":"https:\/\/taizypackaging.com\/tr\/wp-json\/wp\/v2\/product\/4997","targetHints":{"allow":["GET"]}}],"collection":[{"href":"https:\/\/taizypackaging.com\/tr\/wp-json\/wp\/v2\/product"}],"about":[{"href":"https:\/\/taizypackaging.com\/tr\/wp-json\/wp\/v2\/types\/product"}],"author":[{"embeddable":true,"href":"https:\/\/taizypackaging.com\/tr\/wp-json\/wp\/v2\/users\/1"}],"wp:featuredmedia":[{"embeddable":true,"href":"https:\/\/taizypackaging.com\/tr\/wp-json\/wp\/v2\/media\/5002"}],"wp:attachment":[{"href":"https:\/\/taizypackaging.com\/tr\/wp-json\/wp\/v2\/media?parent=4997"}],"wp:term":[{"taxonomy":"post_tag","embeddable":true,"href":"https:\/\/taizypackaging.com\/tr\/wp-json\/wp\/v2\/tags?post=4997"},{"taxonomy":"product-type","embeddable":true,"href":"https:\/\/taizypackaging.com\/tr\/wp-json\/wp\/v2\/product-type?post=4997"}],"curies":[{"name":"wp","href":"https:\/\/api.w.org\/{rel}","templated":true}]}}