{"id":5071,"date":"2024-07-11T10:49:10","date_gmt":"2024-07-11T02:49:10","guid":{"rendered":"https:\/\/taizypackaging.com\/?post_type=product&#038;p=5071"},"modified":"2024-07-11T14:06:01","modified_gmt":"2024-07-11T06:06:01","slug":"heat-shrink-wrap-machine","status":"publish","type":"product","link":"https:\/\/taizypackaging.com\/tr\/heat-shrink-wrap-machine\/","title":{"rendered":"LC-560B Is\u0131yla Daralan Sarma Makinas\u0131"},"content":{"rendered":"<div class=\"kk-star-ratings kksr-auto kksr-align-left kksr-valign-top\"     data-payload='{&quot;align&quot;:&quot;left&quot;,&quot;id&quot;:&quot;5071&quot;,&quot;slug&quot;:&quot;default&quot;,&quot;valign&quot;:&quot;top&quot;,&quot;ignore&quot;:&quot;&quot;,&quot;reference&quot;:&quot;auto&quot;,&quot;class&quot;:&quot;&quot;,&quot;count&quot;:&quot;26&quot;,&quot;legendonly&quot;:&quot;&quot;,&quot;readonly&quot;:&quot;&quot;,&quot;score&quot;:&quot;4.9&quot;,&quot;starsonly&quot;:&quot;&quot;,&quot;best&quot;:&quot;5&quot;,&quot;gap&quot;:&quot;5&quot;,&quot;greet&quot;:&quot;Rate this product&quot;,&quot;legend&quot;:&quot;4.9\\\/5 - (26 votes)&quot;,&quot;size&quot;:&quot;24&quot;,&quot;title&quot;:&quot;LC-560B Heat Shrink Wrap Machine&quot;,&quot;width&quot;:&quot;139.6&quot;,&quot;_legend&quot;:&quot;{score}\\\/{best} - ({count} {votes})&quot;,&quot;font_factor&quot;:&quot;1.25&quot;}'>              <div class=\"kksr-stars\">      <div class=\"kksr-stars-inactive\">             <div class=\"kksr-star\" data-star=\"1\" style=\"padding-right: 5px\">               <div class=\"kksr-icon\" style=\"width: 24px; height: 24px;\"><\/div>         <\/div>             <div class=\"kksr-star\" data-star=\"2\" style=\"padding-right: 5px\">               <div class=\"kksr-icon\" style=\"width: 24px; height: 24px;\"><\/div>         <\/div>             <div class=\"kksr-star\" data-star=\"3\" style=\"padding-right: 5px\">               <div class=\"kksr-icon\" style=\"width: 24px; height: 24px;\"><\/div>         <\/div>             <div class=\"kksr-star\" data-star=\"4\" style=\"padding-right: 5px\">               <div class=\"kksr-icon\" style=\"width: 24px; height: 24px;\"><\/div>         <\/div>             <div class=\"kksr-star\" data-star=\"5\" style=\"padding-right: 5px\">               <div class=\"kksr-icon\" style=\"width: 24px; height: 24px;\"><\/div>         <\/div>     <\/div>      <div class=\"kksr-stars-active\" style=\"width: 139.6px;\">             <div class=\"kksr-star\" style=\"padding-right: 5px\">               <div class=\"kksr-icon\" style=\"width: 24px; height: 24px;\"><\/div>         <\/div>             <div class=\"kksr-star\" style=\"padding-right: 5px\">               <div class=\"kksr-icon\" style=\"width: 24px; height: 24px;\"><\/div>         <\/div>             <div class=\"kksr-star\" style=\"padding-right: 5px\">               <div class=\"kksr-icon\" style=\"width: 24px; height: 24px;\"><\/div>         <\/div>             <div class=\"kksr-star\" style=\"padding-right: 5px\">               <div class=\"kksr-icon\" style=\"width: 24px; height: 24px;\"><\/div>         <\/div>             <div class=\"kksr-star\" style=\"padding-right: 5px\">               <div class=\"kksr-icon\" style=\"width: 24px; height: 24px;\"><\/div>         <\/div>     <\/div> <\/div>                   <div class=\"kksr-legend\" style=\"font-size: 19.2px;\">             4.9\/5 - (26 oy)    <\/div>     <\/div>  <p>Is\u0131yla daralan ambalaj makinesi, \u00fcr\u00fcn\u00fc korumak ve g\u00fczelle\u015ftirmek i\u00e7in \u00fcr\u00fcn\u00fc tamamen \u0131s\u0131yla daralan filmle sarar. <\/p>    <p>Firmam\u0131z\u0131n ba\u011f\u0131ms\u0131z olarak geli\u015ftirdi\u011fi tam s\u0131zd\u0131rmaz \u0131s\u0131yla daralan paketleme makinesi, i\u00e7ecek, g\u0131da, ila\u00e7, kimya \u00fcr\u00fcnleri gibi sekt\u00f6rlerdeki \u00fcr\u00fcnlerin paketlenmesinde yayg\u0131n olarak kullan\u0131lmaktad\u0131r.<\/p>   <figure class=\"wp-block-embed-youtube wp-block-embed is-type-video is-provider-youtube wp-embed-aspect-16-9 wp-has-aspect-ratio\"><div class=\"lyte-wrapper fourthree\" title=\"Otomatik k\u00fc\u00e7\u00fcltme sarma makinesi | Otomatik \u0131s\u0131yla daralan kesici\" style=\"width:960px;max-width:100%;margin:5px auto;\"><div class=\"lyMe hidef\" id=\"WYL_dyFayXTAn-s\" itemprop=\"video\" itemscope itemtype=\"https:\/\/schema.org\/VideoObject\"><div><meta itemprop=\"thumbnailUrl\" content=\"https:\/\/taizypackaging.com\/wp-content\/plugins\/wp-youtube-lyte\/lyteCache.php?origThumbUrl=https%3A%2F%2Fi.ytimg.com%2Fvi%2FdyFayXTAn-s%2Fmaxresdefault.jpg\" \/><meta itemprop=\"embedURL\" content=\"https:\/\/www.youtube.com\/embed\/dyFayXTAn-s\" \/><meta itemprop=\"duration\" content=\"PT1M52S\" \/><meta itemprop=\"uploadDate\" content=\"2021-07-28T09:46:36Z\" \/><\/div><meta itemprop=\"accessibilityFeature\" content=\"captions\" \/><div id=\"lyte_dyFayXTAn-s\" data-src=\"https:\/\/taizypackaging.com\/wp-content\/plugins\/wp-youtube-lyte\/lyteCache.php?origThumbUrl=https%3A%2F%2Fi.ytimg.com%2Fvi%2FdyFayXTAn-s%2Fmaxresdefault.jpg\" class=\"pL\"><div class=\"tC\"><div class=\"tT\" itemprop=\"name\">Otomatik k\u00fc\u00e7\u00fcltme sarma makinesi | Otomatik \u0131s\u0131yla daralan kesici<\/div><\/div><div class=\"play\"><\/div><div class=\"ctrl\"><div class=\"Lctrl\"><\/div><div class=\"Rctrl\"><\/div><\/div><\/div><noscript><a href=\"https:\/\/youtu.be\/dyFayXTAn-s\" rel=\"nofollow noopener\" target=\"_blank\"><img loading=\"lazy\" decoding=\"async\" src=\"https:\/\/taizypackaging.com\/wp-content\/plugins\/wp-youtube-lyte\/lyteCache.php?origThumbUrl=https%3A%2F%2Fi.ytimg.com%2Fvi%2FdyFayXTAn-s%2F0.jpg\" alt=\"Otomatik k\u00fc\u00e7\u00fcltme sarma makinesi | Otomatik \u0131s\u0131yla daralan kesici\" width=\"960\" height=\"700\" \/><br \/>Bu videoyu YouTube'da izleyin<\/a><\/noscript><meta itemprop=\"description\" content=\"WhatsApp\/Wechat\/Tel:+86 19139754781 Our company&#039;s automatic shrink wrap machine is an L-type heat shrink film wrapping machine, widely used for mass production packaging flowing operation. You can learn more information on :https:\/\/taizypackaging.com\/automatic-shrink-wrap-machine\/\"><\/div><\/div><div class=\"lL\" style=\"max-width:100%;width:960px;margin:5px auto;\"><\/div><figcaption>otomatik \u015frink ambalaj makinesinin \u00e7al\u0131\u015fma videosu<\/figcaption><\/figure>   <h2 class=\"wp-block-heading\">Is\u0131yla b\u00fcz\u00fc\u015fen sarma makinesinin avantajlar\u0131<\/h2>    <ol class=\"wp-block-list\"> <li>Y\u00fcksek kalite. Is\u0131yla daralan film paketleme makinesinin tamam\u0131 y\u00fcksek kaliteli \u00e7elik ve paslanmaz \u00e7elikten yap\u0131lm\u0131\u015ft\u0131r.<\/li>    <li>S\u0131cak hava sirk\u00fclasyon yap\u0131s\u0131na g\u00f6re ayarlanabilir. Bu \u015frink film paketleme makinesi, mevcut \u0131s\u0131yla b\u00fcz\u00fc\u015fen film \u00e7e\u015fitlerine (renkli bask\u0131 dahil) uygulan\u0131r.<\/li>    <li>Y\u00fcksek derecede otomasyon. Tam s\u0131zd\u0131rmaz \u0131s\u0131yla daralan ambalaj makinemiz, otomatik besleme, otomatik yap\u0131\u015ft\u0131rma, otomatik film kesme ve di\u011fer i\u015flevlerle donat\u0131lm\u0131\u015ft\u0131r.<\/li>    <li>Geni\u015f uygulama yelpazesi. Yiyecek, i\u00e7ecek, ila\u00e7, g\u00fcnl\u00fck ihtiya\u00e7lar, elektronik \u00fcr\u00fcnler ve di\u011fer end\u00fcstriler i\u00e7in uygundur.<\/li>    <li>Kolay operasyon. Ekipman ak\u0131ll\u0131 bir kontrol sistemi ile donat\u0131lm\u0131\u015ft\u0131r.<\/li>    <li>Y\u00fcksek verimlilik ve enerji tasarrufu. Enerji tasarrufu sa\u011flayan \u0131s\u0131tma sistemi, enerji t\u00fcketimini azaltmak i\u00e7in \u00e7al\u0131\u015fma s\u0131cakl\u0131\u011f\u0131na h\u0131zla ula\u015fabilir.<\/li> <\/ol>    <h2 class=\"wp-block-heading\">Is\u0131yla b\u00fcz\u00fc\u015fen ambalaj makinesinin uygulama aral\u0131\u011f\u0131<\/h2>    <ul class=\"wp-block-list\"> <li>G\u0131da end\u00fcstrisi: bisk\u00fcviler, <a href=\"https:\/\/en.wikipedia.org\/wiki\/Chocolate\" target=\"_blank\" rel=\"noopener\">\u00e7ikolata<\/a>, ekmek, gazl\u0131 i\u00e7ecekler, maden suyu, soda, kutulu haz\u0131r eri\u015fte.<\/li>    <li>G\u00fcnl\u00fck ihtiya\u00e7lar: \u015fampuan, du\u015f jeli, y\u00fcz kremi, \u00e7ama\u015f\u0131r deterjan\u0131, bula\u015f\u0131k deterjan\u0131.<\/li>    <li>\u0130la\u00e7 end\u00fcstrisi: ila\u00e7 \u015fi\u015feleri, ila\u00e7 kutular\u0131, \u015f\u0131r\u0131ngalar, test kitleri.<\/li>    <li>Elektronik \u00fcr\u00fcnler: koleksiyon, uzaktan kumanda vb.<\/li>    <li>Kitaplar: dergiler, ders kitaplar\u0131, defterler vb.<\/li> <\/ul>    <h2 class=\"wp-block-heading\">Taizy \u015frink ambalaj ekipman\u0131 parametreleri<\/h2>    <figure class=\"wp-block-table\"><table><tbody><tr><td>Modeli<\/td><td>LC-560B<\/td><\/tr><tr><td>S\u0131zd\u0131rmazl\u0131k tipi<\/td><td>Tamamen kapal\u0131<\/td><\/tr><tr><td>G\u00fc\u00e7 kayna\u011f\u0131<\/td><td>380V \/ 50 60Hz\/3faz<\/td><\/tr><tr><td>Maksimum paketleme kapasitesi<\/td><td>35 torba\/dak (\u00fcr\u00fcn boyutuna ba\u011fl\u0131d\u0131r)<\/td><\/tr><tr><td>S\u0131zd\u0131rmazl\u0131k y\u00fcksekli\u011fi<\/td><td>\u2264125mm<\/td><\/tr><tr><td>Ambalaj geni\u015fli\u011fi<\/td><td>\u2264350mm<\/td><\/tr><tr><td>Bitmi\u015f \u00fcr\u00fcn boyutu<\/td><td>Geni\u015flik + y\u00fckseklik\u2264400 mmUzunluk + y\u00fckseklik\u2264480 mm<\/td><\/tr><tr><td>Film tipi<\/td><td>Ortadan katlanm\u0131\u015f poliolefin (POF) film<\/td><\/tr><tr><td>Toplam g\u00fc\u00e7<\/td><td>1.5KW<\/td><\/tr><tr><td>\u00c7al\u0131\u015fma y\u00fcksekli\u011fi<\/td><td>780-850mm<\/td><\/tr><tr><td>Hava bas\u0131nc\u0131<\/td><td>\u22640,5MPa\uff085bar\uff09<\/td><\/tr><tr><td>S\u0131zd\u0131rmazl\u0131k sistemi<\/td><td>Sabit s\u0131cakl\u0131kta \u0131s\u0131tma sistemi<\/td><\/tr><tr><td>Makine malzemesi<\/td><td>Karbon \u00e7elik<\/td><\/tr><tr><td>A\u011f\u0131rl\u0131k<\/td><td>300kg<\/td><\/tr><\/tbody><\/table><figcaption class=\"wp-element-caption\">k\u00fc\u00e7\u00fcltme sarma ekipmanlar\u0131<\/figcaption><\/figure>    <p>Yukar\u0131daki tablodan LC-560B modelinin teknik verilerini g\u00f6rebilirsiniz. Bu \u0131s\u0131yla b\u00fcz\u00fc\u015fen ambalaj makinesi hakk\u0131nda daha fazla bilgi edinmek isterseniz, l\u00fctfen bizimle ileti\u015fime ge\u00e7mekten \u00e7ekinmeyin.<\/p>    <h2 class=\"wp-block-heading\">Is\u0131yla b\u00fcz\u00fc\u015fen sarma makinesinin \u00e7al\u0131\u015fma s\u00fcreci<\/h2>    <p>\u00d6ncelikle paketlenecek \u015fi\u015fenin \u015fi\u015fe ta\u015f\u0131ma mekanizmas\u0131na yerle\u015ftirilmesi gerekmektedir. Daha sonra ambalaj kutusu, \u015fi\u015fe ay\u0131rma mekanizmas\u0131n\u0131n olu\u015fturdu\u011fu kanal boyunca \u015fi\u015fe y\u00f6nlendiricisine ula\u015f\u0131r.<\/p>    <p>Daha sonra \u0131s\u0131yla b\u00fcz\u00fc\u015fen ambalaj makinesinin \u00fcst k\u0131sm\u0131nda bulunan fotoelektrik alg\u0131lama kafas\u0131, ta\u015f\u0131ma makinesinin durdurulmas\u0131 i\u00e7in sinyal verecektir.<\/p>    <p>Daha sonra b\u00f6lme, \u00fcretimin ta\u015f\u0131nmas\u0131 ve ekstr\u00fczyona tabi tutulmas\u0131n\u0131n yaratt\u0131\u011f\u0131 bask\u0131y\u0131 ortadan kald\u0131rmak i\u00e7in geri hareket eder. Daha sonra b\u00f6lme, ambalaj \u015fi\u015fesini (kutuyu) paketlenecek \u015fi\u015feden (kutudan) ay\u0131rmak i\u00e7in y\u00fckselir.<\/p>    <p>Daha sonra, makinenin ta\u015f\u0131ma mekanizmas\u0131, ambalaj \u015fi\u015fesini (kutuyu) \u015fi\u015fe (kutu) k\u0131lavuz mekanizmas\u0131 boyunca film ile birlikte yap\u0131\u015ft\u0131rma ve kesme pozisyonuna ula\u015ft\u0131rmak i\u00e7in ileri do\u011fru hareket edecektir.<\/p>    <p>Ayn\u0131 zamanda ta\u015f\u0131ma cihaz\u0131, \u00f6n k\u0131sm\u0131 filme al\u0131nan ambalaj \u015fi\u015fesini, \u0131s\u0131yla daralan film paketleme makinesindeki ta\u015f\u0131ma band\u0131na itecektir. Bu s\u0131rada film besleme mekanizmas\u0131 da ayn\u0131 anda \u00e7al\u0131\u015f\u0131r.<\/p>    <p>Daha sonra \u0131s\u0131yla yap\u0131\u015ft\u0131rma kesici, kapatma ve kesme i\u015flevini tamamlamak i\u00e7in a\u015fa\u011f\u0131 do\u011fru hareket eder.<\/p>    <p>Y\u00fcksek s\u0131cakl\u0131k ta\u015f\u0131ma band\u0131na itilen ambalaj \u015fi\u015fesi, \u0131s\u0131yla b\u00fcz\u00fc\u015fme i\u015flevini tamamlarken, \u0131s\u0131yla b\u00fcz\u00fc\u015fme ekipman\u0131nda ileri do\u011fru hareket edecektir.<\/p>    <p>Son olarak paketlenen \u00fcr\u00fcn so\u011futulup so\u011fuk hava ile k\u00fc\u00e7\u00fclt\u00fcld\u00fckten sonra bitmi\u015f \u00fcr\u00fcn ta\u015f\u0131y\u0131c\u0131s\u0131na ula\u015facakt\u0131r.<\/p>    <h2 class=\"wp-block-heading\">Bize Ula\u015f\u0131n<\/h2>    <p class=\"translation-block\">Taizy Machinery, profesyonel bir paketleme makineleri \u00fcreticisidir. Otomatik \u0131s\u0131 shrink sarma makineleri d\u0131\u015f\u0131nda, <a href=\"https:\/\/taizypackaging.com\/tr\/powder-packaging-machine\/\">toz paketleme makineleri<\/a>, <a href=\"https:\/\/taizypackaging.com\/tr\/automatic-liquid-filling-machine\/\">s\u0131v\u0131 doldurma makineleri<\/a>, <a href=\"https:\/\/taizypackaging.com\/tr\/vacuum-packing-machine\/\">vakum paketleme makineleri<\/a> ve <a href=\"https:\/\/taizypackaging.com\/tr\/granule-packaging-machine\/\">gran\u00fcl paketleme makineleri<\/a> de sat\u0131lmaktad\u0131r. <\/p>    <p>Y\u00fcksek kaliteli Shrink film paketleme makineleri ar\u0131yorsan\u0131z l\u00fctfen bizimle ileti\u015fime ge\u00e7mekten \u00e7ekinmeyin.<\/p>","protected":false},"excerpt":{"rendered":"<p>Is\u0131yla daralan paketleme makinesi i\u00e7ecek, g\u0131da, ila\u00e7, kimya \u00fcr\u00fcnleri gibi sekt\u00f6rlerdeki \u00fcr\u00fcnlerin paketlenmesinde yayg\u0131n olarak kullan\u0131lmaktad\u0131r.<\/p>","protected":false},"author":1,"featured_media":5073,"parent":0,"template":"","tags":[672],"product-type":[668],"class_list":["post-5071","product","type-product","status-publish","has-post-thumbnail","hentry","tag-heat-shrink","product-type-supporting-equipment"],"_links":{"self":[{"href":"https:\/\/taizypackaging.com\/tr\/wp-json\/wp\/v2\/product\/5071","targetHints":{"allow":["GET"]}}],"collection":[{"href":"https:\/\/taizypackaging.com\/tr\/wp-json\/wp\/v2\/product"}],"about":[{"href":"https:\/\/taizypackaging.com\/tr\/wp-json\/wp\/v2\/types\/product"}],"author":[{"embeddable":true,"href":"https:\/\/taizypackaging.com\/tr\/wp-json\/wp\/v2\/users\/1"}],"wp:featuredmedia":[{"embeddable":true,"href":"https:\/\/taizypackaging.com\/tr\/wp-json\/wp\/v2\/media\/5073"}],"wp:attachment":[{"href":"https:\/\/taizypackaging.com\/tr\/wp-json\/wp\/v2\/media?parent=5071"}],"wp:term":[{"taxonomy":"post_tag","embeddable":true,"href":"https:\/\/taizypackaging.com\/tr\/wp-json\/wp\/v2\/tags?post=5071"},{"taxonomy":"product-type","embeddable":true,"href":"https:\/\/taizypackaging.com\/tr\/wp-json\/wp\/v2\/product-type?post=5071"}],"curies":[{"name":"wp","href":"https:\/\/api.w.org\/{rel}","templated":true}]}}