{"id":5080,"date":"2024-07-11T14:05:51","date_gmt":"2024-07-11T06:05:51","guid":{"rendered":"https:\/\/taizypackaging.com\/?post_type=product&#038;p=5080"},"modified":"2024-07-11T14:12:25","modified_gmt":"2024-07-11T06:12:25","slug":"shrink-packing-machine","status":"publish","type":"product","link":"https:\/\/taizypackaging.com\/tr\/shrink-packing-machine\/","title":{"rendered":"LC-590 Yast\u0131k Shrink Paketleme Makinas\u0131"},"content":{"rendered":"<div class=\"kk-star-ratings kksr-auto kksr-align-left kksr-valign-top\"     data-payload='{&quot;align&quot;:&quot;left&quot;,&quot;id&quot;:&quot;5080&quot;,&quot;slug&quot;:&quot;default&quot;,&quot;valign&quot;:&quot;top&quot;,&quot;ignore&quot;:&quot;&quot;,&quot;reference&quot;:&quot;auto&quot;,&quot;class&quot;:&quot;&quot;,&quot;count&quot;:&quot;5&quot;,&quot;legendonly&quot;:&quot;&quot;,&quot;readonly&quot;:&quot;&quot;,&quot;score&quot;:&quot;4.8&quot;,&quot;starsonly&quot;:&quot;&quot;,&quot;best&quot;:&quot;5&quot;,&quot;gap&quot;:&quot;5&quot;,&quot;greet&quot;:&quot;Rate this product&quot;,&quot;legend&quot;:&quot;4.8\\\/5 - (5 votes)&quot;,&quot;size&quot;:&quot;24&quot;,&quot;title&quot;:&quot;LC-590 Pillow Shrink Packing Machine&quot;,&quot;width&quot;:&quot;136.7&quot;,&quot;_legend&quot;:&quot;{score}\\\/{best} - ({count} {votes})&quot;,&quot;font_factor&quot;:&quot;1.25&quot;}'>              <div class=\"kksr-stars\">      <div class=\"kksr-stars-inactive\">             <div class=\"kksr-star\" data-star=\"1\" style=\"padding-right: 5px\">               <div class=\"kksr-icon\" style=\"width: 24px; height: 24px;\"><\/div>         <\/div>             <div class=\"kksr-star\" data-star=\"2\" style=\"padding-right: 5px\">               <div class=\"kksr-icon\" style=\"width: 24px; height: 24px;\"><\/div>         <\/div>             <div class=\"kksr-star\" data-star=\"3\" style=\"padding-right: 5px\">               <div class=\"kksr-icon\" style=\"width: 24px; height: 24px;\"><\/div>         <\/div>             <div class=\"kksr-star\" data-star=\"4\" style=\"padding-right: 5px\">               <div class=\"kksr-icon\" style=\"width: 24px; height: 24px;\"><\/div>         <\/div>             <div class=\"kksr-star\" data-star=\"5\" style=\"padding-right: 5px\">               <div class=\"kksr-icon\" style=\"width: 24px; height: 24px;\"><\/div>         <\/div>     <\/div>      <div class=\"kksr-stars-active\" style=\"width: 136.7px;\">             <div class=\"kksr-star\" style=\"padding-right: 5px\">               <div class=\"kksr-icon\" style=\"width: 24px; height: 24px;\"><\/div>         <\/div>             <div class=\"kksr-star\" style=\"padding-right: 5px\">               <div class=\"kksr-icon\" style=\"width: 24px; height: 24px;\"><\/div>         <\/div>             <div class=\"kksr-star\" style=\"padding-right: 5px\">               <div class=\"kksr-icon\" style=\"width: 24px; height: 24px;\"><\/div>         <\/div>             <div class=\"kksr-star\" style=\"padding-right: 5px\">               <div class=\"kksr-icon\" style=\"width: 24px; height: 24px;\"><\/div>         <\/div>             <div class=\"kksr-star\" style=\"padding-right: 5px\">               <div class=\"kksr-icon\" style=\"width: 24px; height: 24px;\"><\/div>         <\/div>     <\/div> <\/div>                   <div class=\"kksr-legend\" style=\"font-size: 19.2px;\">             4.8\/5 - (5 oy)    <\/div>     <\/div>  <p>Yast\u0131k k\u00fc\u00e7\u00fcltme paketleme makineleri ila\u00e7, g\u0131da, kozmetik, k\u00fclt\u00fcrel \u00fcr\u00fcnler, elektronik \u00fcr\u00fcnler, g\u00fcnl\u00fck ihtiya\u00e7lar ve oyuncak end\u00fcstrilerinde yayg\u0131n olarak kullan\u0131lmaktad\u0131r. <\/p>    <p>Makine paketleme i\u015flemi s\u0131ras\u0131nda tepsi ve kartonlara ihtiya\u00e7 duymaz. \u00dcr\u00fcn kare, yuvarlak veya d\u00fcz olsun, bu y\u00fcksek h\u0131zl\u0131 \u015frink ambalaj makinesi \u00fcr\u00fcn\u00fc m\u00fckemmel \u015fekilde paketleyebilir.<\/p>    <h2 class=\"wp-block-heading\">Yast\u0131k k\u00fc\u00e7\u00fcltme paketleme makinesinin \u00f6zellikleri<\/h2>    <ol class=\"wp-block-list\"> <li>Makinede kesilmeyi \u00f6nleyici emniyet kavrama cihaz\u0131 bulunmaktad\u0131r. Bu, paketlenmi\u015f mallar\u0131n zarar g\u00f6rmesini \u00f6nleyebilir.<\/li>    <li>E\u015fsiz at\u0131k geri d\u00f6n\u00fc\u015f\u00fcm cihaz\u0131 ambalaj\u0131 daha g\u00fczel hale getirebilir. Ayn\u0131 zamanda geleneksel paketleme makinelerine k\u0131yasla yakla\u015f\u0131k 3%-10% malzeme tasarrufu da sa\u011fl\u0131yor.<\/li>    <li>Renkli dokunmatik ekranl\u0131 kontrol sistemi makinenin kullan\u0131m\u0131n\u0131 kolayla\u015ft\u0131r\u0131r. Ve PLC kontrol\u00fc sistemi daha kararl\u0131 hale getirir.<\/li>    <li>Paketleme po\u015fetinin uzunlu\u011fu, paketleme h\u0131z\u0131 ve s\u0131cakl\u0131\u011f\u0131 ayr\u0131 ayr\u0131 ayarlanabilmektedir.<\/li>    <li>Y\u00fcksek h\u0131zl\u0131 \u015frink ambalaj makinesi, bir kodlama makinesi veya m\u00fcrekkep p\u00fcsk\u00fcrtmeli yaz\u0131c\u0131yla donat\u0131labilir. Paketleme i\u015flemi s\u0131ras\u0131nda herhangi bir manuel i\u015fleme gerek yoktur.<\/li>    <li>Motor fren kontrol\u00fc ile ekipman tepkiye duyarl\u0131d\u0131r.<\/li>    <li>Verimli s\u0131cak hava sirk\u00fclasyon sistemi ve otomatik s\u0131cakl\u0131k kontrol sistemi, daralma kalitesini sa\u011flayabilir.<\/li> <\/ol>    <h2 class=\"wp-block-heading\">Yast\u0131k k\u00fc\u00e7\u00fcltme paketleme makinesi teknik verileri<\/h2>    <figure class=\"wp-block-table\"><table><tbody><tr><td>Modeli<\/td><td>LC-590<\/td><\/tr><tr><td>Paketleme h\u0131z\u0131<\/td><td>30-135 torba\/dakika<\/td><\/tr><tr><td>Oy <a href=\"https:\/\/en.wikipedia.org\/wiki\/Power_(physics)\" target=\"_blank\" rel=\"noopener\">g\u00fc\u00e7<\/a><\/td><td>3,6(KW)+16,5(KW)<\/td><\/tr><tr><td>G\u00fc\u00e7 kayna\u011f\u0131<\/td><td>Ana makine: 220V, 50HZ; k\u00fc\u00e7\u00fcltme makinesi: 380V, 50HZ<\/td><\/tr><tr><td>Boyut<\/td><td>Ana makine: 5000x965x1450mm; k\u00fc\u00e7\u00fcltme makinesi 2600x600x1750mm<\/td><\/tr><tr><td>A\u011f\u0131rl\u0131k<\/td><td>Ana makine: 1000kg; k\u00fc\u00e7\u00fcltme makinesi: 600kg<\/td><\/tr><\/tbody><\/table><figcaption class=\"wp-element-caption\">k\u00fc\u00e7\u00fcltme sarma makinesi parametreleri<\/figcaption><\/figure>    <p>Bu y\u00fcksek h\u0131zl\u0131 \u015frink ambalaj makinesinin paketleme h\u0131z\u0131 30-135 torba\/dk'd\u0131r. Bu, \u00e7o\u011fu ambalaj ihtiyac\u0131na uyum sa\u011flayabilir. Ana makine boyutu 5000x965x1450mm, paketleme makinesi boyutu ise 2600x600x1750mm'dir.<\/p>    <h2 class=\"wp-block-heading\">En son teklif i\u00e7in bizimle ileti\u015fime ge\u00e7in<\/h2>    <p class=\"translation-block\">Verimli bir shrink paketleme makinesi mi ar\u0131yorsunuz? Taizy Machinery iyi bir se\u00e7imdir. Profesyonel bir shrink sarg\u0131 makinesi \u00fcreticisi olarak, ayr\u0131ca <a href=\"https:\/\/taizypackaging.com\/tr\/bottle-filling-machine\/\">\u015fi\u015fe doldurma makineleri<\/a>, <a href=\"https:\/\/taizypackaging.com\/tr\/powder-filling-machine\/\">toz doldurma makineleri<\/a>, <a href=\"https:\/\/taizypackaging.com\/tr\/double-chamber-vacuum-packing-machine\/\">vakum paketleme makineleri<\/a> ve <a href=\"https:\/\/taizypackaging.com\/tr\/multi-lane-stick-pack-machine\/\">\u00e7oklu \u015ferit po\u015fet makinesi<\/a> sat\u0131\u015f\u0131 yap\u0131yoruz. E\u011fer ihtiya\u00e7 duyarsan\u0131z, l\u00fctfen sa\u011f alt k\u00f6\u015fedeki a\u00e7\u0131l\u0131r pencereden bizimle ileti\u015fime ge\u00e7mekten \u00e7ekinmeyin.<\/p>","protected":false},"excerpt":{"rendered":"<p>Yast\u0131k k\u00fc\u00e7\u00fcltme paketleme makineleri ila\u00e7, g\u0131da, kozmetik, k\u00fclt\u00fcrel \u00fcr\u00fcnler, elektronik \u00fcr\u00fcnler, g\u00fcnl\u00fck ihtiya\u00e7lar vb. alanlarda yayg\u0131n olarak kullan\u0131lmaktad\u0131r. <\/p>","protected":false},"author":1,"featured_media":5082,"parent":0,"template":"","tags":[672],"product-type":[668],"class_list":["post-5080","product","type-product","status-publish","has-post-thumbnail","hentry","tag-heat-shrink","product-type-supporting-equipment"],"_links":{"self":[{"href":"https:\/\/taizypackaging.com\/tr\/wp-json\/wp\/v2\/product\/5080","targetHints":{"allow":["GET"]}}],"collection":[{"href":"https:\/\/taizypackaging.com\/tr\/wp-json\/wp\/v2\/product"}],"about":[{"href":"https:\/\/taizypackaging.com\/tr\/wp-json\/wp\/v2\/types\/product"}],"author":[{"embeddable":true,"href":"https:\/\/taizypackaging.com\/tr\/wp-json\/wp\/v2\/users\/1"}],"wp:featuredmedia":[{"embeddable":true,"href":"https:\/\/taizypackaging.com\/tr\/wp-json\/wp\/v2\/media\/5082"}],"wp:attachment":[{"href":"https:\/\/taizypackaging.com\/tr\/wp-json\/wp\/v2\/media?parent=5080"}],"wp:term":[{"taxonomy":"post_tag","embeddable":true,"href":"https:\/\/taizypackaging.com\/tr\/wp-json\/wp\/v2\/tags?post=5080"},{"taxonomy":"product-type","embeddable":true,"href":"https:\/\/taizypackaging.com\/tr\/wp-json\/wp\/v2\/product-type?post=5080"}],"curies":[{"name":"wp","href":"https:\/\/api.w.org\/{rel}","templated":true}]}}