{"id":536,"date":"2020-10-15T06:01:20","date_gmt":"2020-10-15T06:01:20","guid":{"rendered":"https:\/\/taizypackaging.com\/?p=536"},"modified":"2024-07-17T17:34:53","modified_gmt":"2024-07-17T09:34:53","slug":"incense-stick-counting-and-packing-machine","status":"publish","type":"product","link":"https:\/\/taizypackaging.com\/tr\/incense-stick-counting-and-packing-machine\/","title":{"rendered":"T\u00fcts\u00fc \u00c7ubu\u011fu Sayma ve Paketleme Makinas\u0131"},"content":{"rendered":"<div class=\"kk-star-ratings kksr-auto kksr-align-left kksr-valign-top\"     data-payload='{&quot;align&quot;:&quot;left&quot;,&quot;id&quot;:&quot;536&quot;,&quot;slug&quot;:&quot;default&quot;,&quot;valign&quot;:&quot;top&quot;,&quot;ignore&quot;:&quot;&quot;,&quot;reference&quot;:&quot;auto&quot;,&quot;class&quot;:&quot;&quot;,&quot;count&quot;:&quot;15&quot;,&quot;legendonly&quot;:&quot;&quot;,&quot;readonly&quot;:&quot;&quot;,&quot;score&quot;:&quot;4.8&quot;,&quot;starsonly&quot;:&quot;&quot;,&quot;best&quot;:&quot;5&quot;,&quot;gap&quot;:&quot;5&quot;,&quot;greet&quot;:&quot;Rate this product&quot;,&quot;legend&quot;:&quot;4.8\\\/5 - (15 votes)&quot;,&quot;size&quot;:&quot;24&quot;,&quot;title&quot;:&quot;Incense Stick Counting and Packaging Machine&quot;,&quot;width&quot;:&quot;136.7&quot;,&quot;_legend&quot;:&quot;{score}\\\/{best} - ({count} {votes})&quot;,&quot;font_factor&quot;:&quot;1.25&quot;}'>              <div class=\"kksr-stars\">      <div class=\"kksr-stars-inactive\">             <div class=\"kksr-star\" data-star=\"1\" style=\"padding-right: 5px\">               <div class=\"kksr-icon\" style=\"width: 24px; height: 24px;\"><\/div>         <\/div>             <div class=\"kksr-star\" data-star=\"2\" style=\"padding-right: 5px\">               <div class=\"kksr-icon\" style=\"width: 24px; height: 24px;\"><\/div>         <\/div>             <div class=\"kksr-star\" data-star=\"3\" style=\"padding-right: 5px\">               <div class=\"kksr-icon\" style=\"width: 24px; height: 24px;\"><\/div>         <\/div>             <div class=\"kksr-star\" data-star=\"4\" style=\"padding-right: 5px\">               <div class=\"kksr-icon\" style=\"width: 24px; height: 24px;\"><\/div>         <\/div>             <div class=\"kksr-star\" data-star=\"5\" style=\"padding-right: 5px\">               <div class=\"kksr-icon\" style=\"width: 24px; height: 24px;\"><\/div>         <\/div>     <\/div>      <div class=\"kksr-stars-active\" style=\"width: 136.7px;\">             <div class=\"kksr-star\" style=\"padding-right: 5px\">               <div class=\"kksr-icon\" style=\"width: 24px; height: 24px;\"><\/div>         <\/div>             <div class=\"kksr-star\" style=\"padding-right: 5px\">               <div class=\"kksr-icon\" style=\"width: 24px; height: 24px;\"><\/div>         <\/div>             <div class=\"kksr-star\" style=\"padding-right: 5px\">               <div class=\"kksr-icon\" style=\"width: 24px; height: 24px;\"><\/div>         <\/div>             <div class=\"kksr-star\" style=\"padding-right: 5px\">               <div class=\"kksr-icon\" style=\"width: 24px; height: 24px;\"><\/div>         <\/div>             <div class=\"kksr-star\" style=\"padding-right: 5px\">               <div class=\"kksr-icon\" style=\"width: 24px; height: 24px;\"><\/div>         <\/div>     <\/div> <\/div>                   <div class=\"kksr-legend\" style=\"font-size: 19.2px;\">             4.8\/5 - (15 oy)    <\/div>     <\/div>  <p class=\"translation-block\"><strong>T\u00fcts\u00fc \u00e7ubu\u011fu paketleme makinesi<\/strong> ayr\u0131ca agarbatti paketleme makinesi olarak da adland\u0131r\u0131lmaktad\u0131r. D\u00fcnyadaki \u00e7e\u015fitli t\u00fcts\u00fclerin \u00f6zelliklerine g\u00f6re bu agarbatti sayma ve m\u00fch\u00fcrleme paketleme makinesini \u00fcrettik. \u015eu anda, bir t\u00fcts\u00fc \u00e7ubu\u011fu paketleme makinesi, agarbatti po\u015fet paketleme makinesi, Indiamart agarbatti paketleme makinesi, agarbatti sayma ve paketleme makinesi, otomatik agarbatti paketleme makinesi vb. mevcuttur.<\/p>    <p class=\"translation-block\"><a href=\"https:\/\/taizypackaging.com\/tr\/\" target=\"_blank\" rel=\"noreferrer noopener\">Taizy \u015firketi<\/a> taraf\u0131ndan \u00fcretilen bir dizi t\u00fcts\u00fc paketleme makinesi, Buddha t\u00fcts\u00fcs\u00fc, sivrisinek t\u00fcts\u00fcs\u00fc, uzun t\u00fcts\u00fc, sinek t\u00fcts\u00fcs\u00fc, alt\u0131 nesil t\u00fcts\u00fc, \u00e7ubuk t\u00fcts\u00fc, bambu \u00e7ubuk t\u00fcts\u00fc gibi t\u00fcts\u00fclerin say\u0131m\u0131 ve paketlenmesi i\u00e7in kullan\u0131labilir.<\/p>    <figure class=\"wp-block-image size-large\"><img decoding=\"async\" src=\"https:\/\/taizypackaging.com\/wp-content\/uploads\/2020\/10\/various-incenses-in-the-world.jpg\" alt=\"d\u00fcnyadaki \u00e7e\u015fitli t\u00fcts\u00fcler\" class=\"wp-image-666\"\/><figcaption>d\u00fcnyadaki \u00e7e\u015fitli t\u00fcts\u00fcler<\/figcaption><\/figure>    <h2 class=\"wp-block-heading\" id=\"h-the-features-and-characteristics-of-agarbatti-incense-stick-packing-machine\">Agarbatti T\u00fcts\u00fc \u00c7ubu\u011fu Paketleme Makinas\u0131n\u0131n \u00d6zellikleri ve \u00d6zellikleri<\/h2>    <ul class=\"wp-block-list\"><li>Bu makine, dokunmatik ekran kontrol\u00fcn\u00fc ve ana kontrol devresi plc'nin ak\u0131ll\u0131 kontrol\u00fcn\u00fc benimser. Ve do\u011fru \u00f6l\u00e7\u00fcm\u00fc var.<\/li><\/ul>    <ul class=\"wp-block-list\"><li>Ar\u0131zay\u0131 otomatik olarak tespit edebilir. Bu nedenle basit bir kullan\u0131ma ve rahat bir ayara sahiptir.<\/li><li>Makine y\u00fcksek kaliteli \u00e7ift servo yap\u0131y\u0131 benimser ve bak\u0131m\u0131 kolayd\u0131r. Daha az a\u015f\u0131nmaya sahiptir ve uzun \u00f6m\u00fcrl\u00fcd\u00fcr.<\/li><\/ul>    <ul class=\"wp-block-list\"><li>T\u00fcts\u00fc \u00e7ubu\u011fu paketleme makinesi, y\u00fcksek hassasiyetli bir optik fiber alg\u0131lamay\u0131 benimser. Yani ambalaj do\u011fru ve g\u00fcvenilirdir.<\/li><li>Torba uzunlu\u011funun manuel olarak ayarlanmas\u0131na gerek yoktur ve makine taraf\u0131ndan ayarlan\u0131r.<\/li><li>U\u00e7 contas\u0131, contay\u0131 g\u00fczelle\u015ftirebilecek ayarlanabilir bir yap\u0131ya sahiptir ve kesme torbas\u0131 olgusunu ortadan kald\u0131r\u0131r.<\/li><li>Ana makineye plastik boya p\u00fcsk\u00fcrt\u00fcl\u00fcr. Ayr\u0131ca m\u00fc\u015fteri ihtiyac\u0131na g\u00f6re tamam\u0131 paslanmaz \u00e7elikten de \u00fcretilebilmektedir.<\/li><li>Paketleme montaj hatt\u0131, basit kontrol, y\u00fcksek stabilite ve d\u00fc\u015f\u00fck hurda oran\u0131 ile tamamen otomatiktir. \u0130\u015fg\u00fcc\u00fcnden b\u00fcy\u00fck \u00f6l\u00e7\u00fcde tasarruf sa\u011flar ve \u00fcretim verimlili\u011fini art\u0131r\u0131r.<\/li><\/ul>    <ul class=\"wp-block-list\"><li>Y\u00fcksek paketleme verimlili\u011fi, istikrarl\u0131 performans, rahat kullan\u0131m ve bak\u0131m ve d\u00fc\u015f\u00fck ar\u0131za oran\u0131.<\/li><\/ul>    <figure class=\"wp-block-image size-large\"><img decoding=\"async\" src=\"https:\/\/taizypackaging.com\/wp-content\/uploads\/2020\/10\/the-structure-incense-stick-packing-machine.jpg\" alt=\"yap\u0131 t\u00fcts\u00fc \u00e7ubu\u011fu paketleme makinesi\" class=\"wp-image-667\"\/><figcaption>yap\u0131 t\u00fcts\u00fc \u00e7ubu\u011fu paketleme makinesi<\/figcaption><\/figure>    <h2 class=\"wp-block-heading\" id=\"h-technical-parameters\">T\u00fcts\u00fc \u00c7ubu\u011fu Paketleme Makinesi Parametreleri<\/h2>    <figure class=\"wp-block-table\"><table><tbody><tr><td>Modeli<\/td><td>CX-300<\/td><td>CX-500<\/td><\/tr><tr><td>S\u0131zd\u0131rmazl\u0131k Y\u00f6ntemi <\/td><td>Arka S\u0131zd\u0131rmazl\u0131k <\/td><td>Arka S\u0131zd\u0131rmazl\u0131k<\/td><\/tr><tr><td>Paketleme H\u0131z\u0131 <\/td><td>20-50 torba\/dak <\/td><td>20-70 torba\/dak<\/td><\/tr><tr><td>Ambalaj Film Kal\u0131nl\u0131\u011f\u0131<\/td><td>2,0-5,2 um<\/td><td>1,0-2,2 um<\/td><\/tr><tr><td>Ambalaj filmi geni\u015fli\u011fi<\/td><td>300 mm<\/td><td>300 mm<\/td><\/tr><tr><td>\u00c7anta uzunlu\u011fu <\/td><td>300-600mm <\/td><td>300-600mm<\/td><\/tr><tr><td>\u00c7anta Geni\u015fli\u011fi <\/td><td>10-150mm<\/td><td>10-150mm<\/td><\/tr><tr><td>\u00c7anta Film Malzemeleri <\/td><td>BOPP, PE\/OPP<\/td><td>BOPP<\/td><\/tr><\/tbody><\/table><\/figure>    <h2 class=\"wp-block-heading\" id=\"h-the-advantages-of-incense-stick-packaging-machine\">T\u00fcts\u00fc \u00c7ubu\u011fu Paketleme Makinesinin Avantajlar\u0131<\/h2>    <p>Uzun s\u00fcre s\u00fcrekli olarak \u00e7al\u0131\u015fabilir.<\/p>    <p>\u0130yi s\u0131zd\u0131rmazl\u0131k performans\u0131 ve g\u00fczel paketleme etkisi.<\/p>    <p>Ayn\u0131 zamanda \u00fcretim tarihini, delme deliklerini (yuvarlak delikler, \u00fc\u00e7gen delikler vb.) ayn\u0131 anda yazd\u0131rabilmektedir.<\/p>    <p>Geni\u015f ambalaj aral\u0131\u011f\u0131: Kullan\u0131m aral\u0131\u011f\u0131 Buda t\u00fcts\u00fc, uzun t\u00fcts\u00fc (1-100 adet) ambalaj\u0131na uygundur.<\/p>    <p>Parametreleri yaz\u0131n ve otomatik olarak say\u0131l\u0131r ve paketlenir<\/p>    <figure class=\"wp-block-image size-large\"><img decoding=\"async\" src=\"https:\/\/taizypackaging.com\/wp-content\/uploads\/2020\/10\/pack-display-of-Counting-Agarbatti-Incense-Stick-Packing-Machine-.jpg\" alt=\"Agarbatti T\u00fcts\u00fc \u00c7ubu\u011fu Paketleme Makinesi Sayma paketi ekran\u0131\" class=\"wp-image-668\"\/><figcaption>Agarbatti T\u00fcts\u00fc \u00c7ubu\u011fu Paketleme Makinesi Sayma paketi ekran\u0131<\/figcaption><\/figure>    <h2 class=\"wp-block-heading\" id=\"h-the-incense-stick-packing-machine-manufacturer\">T\u00fcts\u00fc \u00c7ubu\u011fu Paketleme Makinesi \u00dcreticisi<\/h2>    <p class=\"translation-block\">Paketleme makinesinin \u00fcreticisiyiz. Paketleme makineleri ara\u015ft\u0131rma ve sat\u0131\u015f\u0131 konusunda uzmanla\u015fm\u0131\u015f bir i\u015fletmeyiz. \u015eu anda ana paketleme makinelerimiz aras\u0131nda <a href=\"https:\/\/taizypackaging.com\/tr\/granule-packaging-machine\/\" target=\"_blank\" rel=\"noreferrer noopener\">gran\u00fcl paketleme makinesi<\/a>, toz paketleme makinesi, macun paketleme makinesi, <a href=\"https:\/\/taizypackaging.com\/tr\/machines-category\/vpm\/\" target=\"_blank\" rel=\"noreferrer noopener\">vakum paketleme makinesi<\/a>, t\u00fcts\u00fc paketleme makinesi ve daha fazlas\u0131 bulunmaktad\u0131r.<\/p>    <h2 class=\"wp-block-heading\" id=\"h-customer-case\">M\u00fc\u015fteri \u00d6rne\u011fi<\/h2>    <p>Arjantinli m\u00fc\u015fteriler bu t\u00fcr t\u00fcts\u00fc \u00e7ubu\u011fu paketleme makinesini 2017 y\u0131l\u0131nda ba\u015fka firmalardan sat\u0131n ald\u0131lar ve bu y\u0131l\u0131n ekim ay\u0131nda daha geli\u015fmi\u015f bir paketleme makinesi sat\u0131n almak i\u00e7in bizimle ileti\u015fime ge\u00e7tiler. Bunun \u00fczerine sat\u0131\u015f dan\u0131\u015fman\u0131m\u0131z otomatik agarbatti paketleme makinesinin resmini ve parametrelerini m\u00fc\u015fteriye g\u00f6nderdi. M\u00fc\u015fteri \u00e7ok memnun kald\u0131 ve \u00f6nce bize 50% depozitosu \u00f6demeye karar verdi. M\u00fc\u015fteri makineyi ald\u0131ktan sonra bize video geri bildirimi g\u00f6nderdi ve makine \u00e7ok iyi \u00e7al\u0131\u015f\u0131yor.<\/p>","protected":false},"excerpt":{"rendered":"<p>The incense stick packaging machine is also called agarbatti packing machine. We have produced this agarbatti counting and sealing packaging machine according to the characteristics of various incense in the world. Now, we have&nbsp;an incense stick packing machine, agarbatti pouch packing machine, Indiamart agarbatti packing machine, agarbatti counting and packing machine, automatic agarbatti packing machine, [&hellip;]<\/p>\n","protected":false},"author":1,"featured_media":670,"parent":0,"template":"","tags":[],"product-type":[668],"class_list":["post-536","product","type-product","status-publish","has-post-thumbnail","hentry","product-type-supporting-equipment"],"_links":{"self":[{"href":"https:\/\/taizypackaging.com\/tr\/wp-json\/wp\/v2\/product\/536","targetHints":{"allow":["GET"]}}],"collection":[{"href":"https:\/\/taizypackaging.com\/tr\/wp-json\/wp\/v2\/product"}],"about":[{"href":"https:\/\/taizypackaging.com\/tr\/wp-json\/wp\/v2\/types\/product"}],"author":[{"embeddable":true,"href":"https:\/\/taizypackaging.com\/tr\/wp-json\/wp\/v2\/users\/1"}],"wp:featuredmedia":[{"embeddable":true,"href":"https:\/\/taizypackaging.com\/tr\/wp-json\/wp\/v2\/media\/670"}],"wp:attachment":[{"href":"https:\/\/taizypackaging.com\/tr\/wp-json\/wp\/v2\/media?parent=536"}],"wp:term":[{"taxonomy":"post_tag","embeddable":true,"href":"https:\/\/taizypackaging.com\/tr\/wp-json\/wp\/v2\/tags?post=536"},{"taxonomy":"product-type","embeddable":true,"href":"https:\/\/taizypackaging.com\/tr\/wp-json\/wp\/v2\/product-type?post=536"}],"curies":[{"name":"wp","href":"https:\/\/api.w.org\/{rel}","templated":true}]}}