{"id":772,"date":"2020-11-21T06:47:00","date_gmt":"2020-11-21T06:47:00","guid":{"rendered":"https:\/\/taizypackaging.com\/?p=772"},"modified":"2024-07-17T17:58:18","modified_gmt":"2024-07-17T09:58:18","slug":"single-chamber-vacuum-packing-machine","status":"publish","type":"product","link":"https:\/\/taizypackaging.com\/tr\/single-chamber-vacuum-packing-machine\/","title":{"rendered":"Tek Odac\u0131kl\u0131 Vakum Paketleme Makinas\u0131"},"content":{"rendered":"<div class=\"kk-star-ratings kksr-auto kksr-align-left kksr-valign-top\"     data-payload='{&quot;align&quot;:&quot;left&quot;,&quot;id&quot;:&quot;772&quot;,&quot;slug&quot;:&quot;default&quot;,&quot;valign&quot;:&quot;top&quot;,&quot;ignore&quot;:&quot;&quot;,&quot;reference&quot;:&quot;auto&quot;,&quot;class&quot;:&quot;&quot;,&quot;count&quot;:&quot;8&quot;,&quot;legendonly&quot;:&quot;&quot;,&quot;readonly&quot;:&quot;&quot;,&quot;score&quot;:&quot;4.8&quot;,&quot;starsonly&quot;:&quot;&quot;,&quot;best&quot;:&quot;5&quot;,&quot;gap&quot;:&quot;5&quot;,&quot;greet&quot;:&quot;Rate this product&quot;,&quot;legend&quot;:&quot;4.8\\\/5 - (8 votes)&quot;,&quot;size&quot;:&quot;24&quot;,&quot;title&quot;:&quot;Single Chamber Vacuum Packing Machine&quot;,&quot;width&quot;:&quot;136.7&quot;,&quot;_legend&quot;:&quot;{score}\\\/{best} - ({count} {votes})&quot;,&quot;font_factor&quot;:&quot;1.25&quot;}'>              <div class=\"kksr-stars\">      <div class=\"kksr-stars-inactive\">             <div class=\"kksr-star\" data-star=\"1\" style=\"padding-right: 5px\">               <div class=\"kksr-icon\" style=\"width: 24px; height: 24px;\"><\/div>         <\/div>             <div class=\"kksr-star\" data-star=\"2\" style=\"padding-right: 5px\">               <div class=\"kksr-icon\" style=\"width: 24px; height: 24px;\"><\/div>         <\/div>             <div class=\"kksr-star\" data-star=\"3\" style=\"padding-right: 5px\">               <div class=\"kksr-icon\" style=\"width: 24px; height: 24px;\"><\/div>         <\/div>             <div class=\"kksr-star\" data-star=\"4\" style=\"padding-right: 5px\">               <div class=\"kksr-icon\" style=\"width: 24px; height: 24px;\"><\/div>         <\/div>             <div class=\"kksr-star\" data-star=\"5\" style=\"padding-right: 5px\">               <div class=\"kksr-icon\" style=\"width: 24px; height: 24px;\"><\/div>         <\/div>     <\/div>      <div class=\"kksr-stars-active\" style=\"width: 136.7px;\">             <div class=\"kksr-star\" style=\"padding-right: 5px\">               <div class=\"kksr-icon\" style=\"width: 24px; height: 24px;\"><\/div>         <\/div>             <div class=\"kksr-star\" style=\"padding-right: 5px\">               <div class=\"kksr-icon\" style=\"width: 24px; height: 24px;\"><\/div>         <\/div>             <div class=\"kksr-star\" style=\"padding-right: 5px\">               <div class=\"kksr-icon\" style=\"width: 24px; height: 24px;\"><\/div>         <\/div>             <div class=\"kksr-star\" style=\"padding-right: 5px\">               <div class=\"kksr-icon\" style=\"width: 24px; height: 24px;\"><\/div>         <\/div>             <div class=\"kksr-star\" style=\"padding-right: 5px\">               <div class=\"kksr-icon\" style=\"width: 24px; height: 24px;\"><\/div>         <\/div>     <\/div> <\/div>                   <div class=\"kksr-legend\" style=\"font-size: 19.2px;\">             4.8\/5 - (8 oy)    <\/div>     <\/div>  <p class=\"translation-block\"><strong>Tek odac\u0131kl\u0131 vakum paketleme makinesi<\/strong>, tek bir hazneye sahip vakum s\u0131zd\u0131rmazl\u0131k makineleri anlam\u0131na gelir. Vakum paketleme makineleri, et, sebze, meyve, m\u0131s\u0131r, pirin\u00e7, sosis vb. gibi g\u0131da end\u00fcstrisinde yayg\u0131n olarak kullan\u0131lmaktad\u0131r. Torbadaki havay\u0131 otomatik olarak \u00e7eker ve s\u0131zd\u0131rmazl\u0131k i\u015flemini tamamlar. Ayr\u0131ca s\u0131zd\u0131rmazl\u0131k i\u015flemini tamamlamak i\u00e7in nitrojen veya di\u011fer gaz kar\u0131\u015f\u0131mlar\u0131yla doldurulabilir. Vakum paketlemeden sonra, g\u0131da uzun s\u00fcreli koruma amac\u0131na ula\u015fmak i\u00e7in oksidasyona kar\u015f\u0131 korunabilir. Tek odac\u0131kl\u0131 vakum paketleme makinesi, k\u00fc\u00e7\u00fck ve ta\u015f\u0131nabilir bir vakum s\u0131zd\u0131rmazl\u0131k makinesidir. Hem ev hem de end\u00fcstriyel uygulamalar i\u00e7in uygundur.  <\/p>    <h2 class=\"wp-block-heading\" id=\"h-how-does-this-kind-of-vacuum-packing-machine-work\">Tek odal\u0131 vakum paketleme makinesi nas\u0131l \u00e7al\u0131\u015f\u0131r?<\/h2>   <figure class=\"wp-block-embed-youtube wp-block-embed is-type-video is-provider-youtube wp-embed-aspect-16-9 wp-has-aspect-ratio\"><div class=\"lyte-wrapper fourthree\" title=\"Tek Odac\u0131kl\u0131 Vakum Paketleme Makinas\u0131 | Ticari Vakum Paketleme Makinesi Y\u00fcksek Verimlilik\" style=\"width:960px;max-width:100%;margin:5px auto;\"><div class=\"lyMe hidef\" id=\"WYL_ogHoh9d3IKc\" itemprop=\"video\" itemscope itemtype=\"https:\/\/schema.org\/VideoObject\"><div><meta itemprop=\"thumbnailUrl\" content=\"https:\/\/taizypackaging.com\/wp-content\/plugins\/wp-youtube-lyte\/lyteCache.php?origThumbUrl=https%3A%2F%2Fi.ytimg.com%2Fvi%2FogHoh9d3IKc%2Fmaxresdefault.jpg\" \/><meta itemprop=\"embedURL\" content=\"https:\/\/www.youtube.com\/embed\/ogHoh9d3IKc\" \/><meta itemprop=\"duration\" content=\"PT47S\" \/><meta itemprop=\"uploadDate\" content=\"2021-08-13T00:52:06Z\" \/><\/div><div id=\"lyte_ogHoh9d3IKc\" data-src=\"https:\/\/taizypackaging.com\/wp-content\/plugins\/wp-youtube-lyte\/lyteCache.php?origThumbUrl=https%3A%2F%2Fi.ytimg.com%2Fvi%2FogHoh9d3IKc%2Fmaxresdefault.jpg\" class=\"pL\"><div class=\"tC\"><div class=\"tT\" itemprop=\"name\">Tek Odac\u0131kl\u0131 Vakum Paketleme Makinas\u0131 | Ticari Vakum Paketleme Makinesi Y\u00fcksek Verimlilik<\/div><\/div><div class=\"play\"><\/div><div class=\"ctrl\"><div class=\"Lctrl\"><\/div><div class=\"Rctrl\"><\/div><\/div><\/div><noscript><a href=\"https:\/\/youtu.be\/ogHoh9d3IKc\" rel=\"nofollow noopener\" target=\"_blank\"><img loading=\"lazy\" decoding=\"async\" src=\"https:\/\/taizypackaging.com\/wp-content\/plugins\/wp-youtube-lyte\/lyteCache.php?origThumbUrl=https%3A%2F%2Fi.ytimg.com%2Fvi%2FogHoh9d3IKc%2F0.jpg\" alt=\"Tek Odac\u0131kl\u0131 Vakum Paketleme Makinas\u0131 | Ticari Vakum Paketleme Makinesi Y\u00fcksek Verimlilik\" width=\"960\" height=\"700\" \/><br \/>Bu videoyu YouTube'da izleyin<\/a><\/noscript><meta itemprop=\"description\" content=\"#vacuumpacking #vacuumsealer #vacuumpacker Email: info@taizypackaging.com WhatsApp\/Wechat\/Tel:+86 18837171591 Useful link: https:\/\/taizypackaging.com\/single-chamber-vacuum-packing-machine\/ ---------------------------------------------------- This vacuum packaging machine has only one vacuum chamber to work. It is mainly used for packaging all kinds of snack foods, such as chicken legs, ham, chicken feet, spiced corned egg, spicy strips, grilled fish fillets, beef jerky, sausages, meat, etc. Compared with a double chamber vacuum packing machine, it has a smaller size and a cheaper price. Single chamber vacuum packaging machine is a small and portable vacuum sealer. It is both suitable for home and industrial applications. Taizy is a professional vacuum sealer manufacturer and exporter, providing various vacuum packing machines for sale. Contact us today for the best quote. You may also like this video: Double chamber vacuum packing machine: https:\/\/www.youtube.com\/watch?v=aPYp44oAyio ---------------------------------------------------- Email: info@taizypackaging.com WhatsApp\/Wechat\/Tel:+86 18837171591 Useful link: https:\/\/taizypackaging.com\/single-chamber-vacuum-packing-machine\/\"><\/div><\/div><div class=\"lL\" style=\"max-width:100%;width:960px;margin:5px auto;\"><\/div><figcaption><\/figcaption><\/figure>   <h2 class=\"wp-block-heading\" id=\"h-what-can-single-chamber-vacuum-packaging-machine-pack\">Tek odac\u0131kl\u0131 vakum paketleme makinesi neleri paketleyebilir? <\/h2>    <p>Tek odac\u0131kl\u0131 vakum paketleme makinesi, \u00e7e\u015fitli g\u0131dalar\u0131n \u00e7e\u015fitli plastik veya al\u00fcminyum folyo kompozit membranlar kullan\u0131larak paketlenmesi i\u00e7in uygundur. S\u0131v\u0131, yar\u0131 ak\u0131\u015fkan, kat\u0131 gran\u00fcler, toz, macun benzeri g\u0131dalar\u0131, taze meyveleri, sebzeleri, pirinci, \u00e7i\u00e7ekleri, kimyasallar\u0131, de\u011ferli t\u0131bbi malzemeleri, de\u011ferli kaligrafi ve boyalar\u0131, elektronik bile\u015fenleri, \u00e7e\u015fitli g\u00fcve \u00f6nleyici, korozyon \u00f6nleyici paketleyebilir. , neme dayan\u0131kl\u0131, k\u00fcf \u00f6nleyici ve antioksidan \u00fcr\u00fcnler.<\/p>    <figure class=\"wp-block-image size-full\"><img decoding=\"async\" src=\"https:\/\/taizypackaging.com\/wp-content\/uploads\/2020\/11\/single-chamber-vacuum-sealer-applications.jpg\" alt=\"tek odac\u0131kl\u0131 vakum m\u00fch\u00fcrleyen uygulamalar\u0131\" class=\"wp-image-4089\"\/><figcaption class=\"wp-element-caption\">tek odac\u0131kl\u0131 vakum m\u00fch\u00fcrleyen uygulamalar\u0131<\/figcaption><\/figure>    <h2 class=\"wp-block-heading\" id=\"h-technical-parameters\">Tek odac\u0131kl\u0131 vakumlama makinesinin teknik parametreleri<\/h2>    <figure class=\"wp-block-table\"><table><tbody><tr><td>Modeli<\/td><td>DZ400\/2E<\/td><td>DZ500\/2E<\/td><td>DZ600\/2E<\/td><\/tr><tr><td>G\u00fc\u00e7<\/td><td>220V\/110V<\/td><td>220V\/110V<\/td><td>220V\/110V<\/td><\/tr><tr><td>Vakum pompas\u0131 g\u00fcc\u00fc<\/td><td>900W<\/td><td>900W<\/td><td>1800W<\/td><\/tr><tr><td>S\u0131zd\u0131rmazl\u0131k g\u00fcc\u00fc<\/td><td>600W<\/td><td>750W<\/td><td>1200W<\/td><\/tr><tr><td>En d\u00fc\u015f\u00fck mutlak bas\u0131n\u00e7<\/td><td>1Kpa<\/td><td>1Kpa<\/td><td>1Kpa<\/td><\/tr><tr><td>S\u0131zd\u0131rmazl\u0131k \u015feridi<\/td><td>2<\/td><td>2<\/td><td>2<\/td><\/tr><tr><td>Vakum odas\u0131 boyutu<\/td><td>430*<em>420<\/em>*75mm<\/td><td>530*<em>520<\/em>*75mm<\/td><td>650*<em>620<\/em>*100mm<\/td><\/tr><tr><td>S\u0131zd\u0131rmazl\u0131k boyutu<\/td><td>400*10mm<\/td><td>500*10mm<\/td><td>600*10mm<\/td><\/tr><tr><td>A\u011f\u0131rl\u0131k<\/td><td>80kg<\/td><td>100kg<\/td><td>150kg<\/td><\/tr><tr><td>Makine boyutu<\/td><td>540*<em>500<\/em>*950mm<\/td><td>580*<em>630<\/em>*1000mm<\/td><td>750*<em>710<\/em>*1000mm<\/td><\/tr><\/tbody><\/table><\/figure>    <h2 class=\"wp-block-heading\">Tek odac\u0131kl\u0131 VS \u00e7ift odac\u0131kl\u0131 vakum paketleme makinesi<\/h2>    <h3 class=\"wp-block-heading\">benzerlikler<\/h3>    <p>Tek odac\u0131kl\u0131 vakum paketleme makineleri ve \u00e7ift odac\u0131kl\u0131 vakum paketleme makineleri, yayg\u0131n olarak kullan\u0131lan iki ana vakum paketleme makinesidir. Ad\u0131ndan da anla\u015f\u0131laca\u011f\u0131 gibi tek hazneli vakum paketleme makinesinde yaln\u0131zca bir oda bulunurken, \u00e7ift hazneli makinede iki oda bulunur. \u00c7al\u0131\u015fma prensibi ve amac\u0131 ayn\u0131d\u0131r. \u00dcr\u00fcn\u00fcn tamam\u0131, havan\u0131n tamam\u0131 \u00e7\u0131kar\u0131ld\u0131ktan sonra havay\u0131 \u00e7\u0131karmak i\u00e7in plastik torba, m\u00fch\u00fcrl\u00fc ve kapak g\u00fc\u00e7l\u00fc bir vakum pompas\u0131yla makineye konur. Ard\u0131ndan kapa\u011f\u0131 a\u00e7\u0131n ve bitmi\u015f \u00fcr\u00fcn\u00fc \u00e7\u0131kar\u0131n.<\/p>    <h3 class=\"wp-block-heading\">Farkl\u0131l\u0131klar<\/h3>    <p>\u0130ki vakumlama makinesi aras\u0131ndaki fark, s\u0131zd\u0131rmazl\u0131k bi\u00e7iminde de\u011fil, s\u0131zd\u0131rmazl\u0131k kapasitesindedir. Tek hazneli vakum makineleri orta ve d\u00fc\u015f\u00fck hacimli paketleme talebi i\u00e7in daha uygundur \u00e7\u00fcnk\u00fc belirli bir boyuttan daha fazla ambalaj tek hazneli makineye tam olarak s\u0131\u011famayacakt\u0131r. Bu arada, ad\u0131ndan da anla\u015f\u0131laca\u011f\u0131 gibi, iki odac\u0131kl\u0131 vakumlama makineleri, e\u015fyalar\u0131 kapatmak i\u00e7in daha b\u00fcy\u00fck kapasiteye ve daha b\u00fcy\u00fck boyuta sahiptir ve orta kapasiteli paketler i\u00e7in kullan\u0131l\u0131rlar. Genellikle s\u00fct \u00fcr\u00fcnleri, et, konserve ve \u015fekerleme \u00fcr\u00fcnlerinin paketlenmesinde kullan\u0131l\u0131r. <\/p>    <p>Performans a\u00e7\u0131s\u0131ndan ikisi de iyi durumda. Projeniz i\u00e7in hangisinin ideal oldu\u011fu, m\u00fch\u00fcrlemeniz gereken \u00f6\u011felerin boyutuna ba\u011fl\u0131d\u0131r. Gereksinimlerinizden emin de\u011filseniz, uzman personelimizden yararl\u0131 tavsiyeler isteyin. <\/p>    <figure class=\"wp-block-image size-full\"><img loading=\"lazy\" decoding=\"async\" width=\"720\" height=\"540\" src=\"https:\/\/taizypackaging.com\/wp-content\/uploads\/2020\/11\/single-chamber-vacuum-packaging-machine-2.jpg\" alt=\"tek odac\u0131kl\u0131 vakum paketleme makinesi\" class=\"wp-image-4087\" srcset=\"https:\/\/taizypackaging.com\/wp-content\/uploads\/2020\/11\/single-chamber-vacuum-packaging-machine-2.jpg 720w, https:\/\/taizypackaging.com\/wp-content\/uploads\/2020\/11\/single-chamber-vacuum-packaging-machine-2-300x225.jpg 300w\" sizes=\"auto, (max-width: 720px) 100vw, 720px\" \/><figcaption class=\"wp-element-caption\">tek odac\u0131kl\u0131 vakum paketleme makinesi<\/figcaption><\/figure>    <h2 class=\"wp-block-heading\" id=\"h-what-are-the-advantages-of-the-single-chamber-vacuum-packaging-machine\">Tek odac\u0131kl\u0131 vakum paketleme makinesinin avantajlar\u0131<\/h2>    <ul class=\"wp-block-list\"> <li>Paketleme parametre ayar\u0131n\u0131 daha do\u011fru hale getirmek ve i\u015flemi kolayla\u015ft\u0131rmak i\u00e7in mikrobilgisayar kontrol sistemi benimsenmi\u015ftir.<\/li>    <li>Et g\u0131das\u0131 vakum paketleme makineleri, farkl\u0131 \u00f6zellik ve malzemelerin paketlenmesine uyum sa\u011flamak i\u00e7in vakumlama s\u00fcresini ve paketleme kapatma s\u00fcresini ayarlayabilir.<\/li>    <li>Makinemiz y\u00fcksek g\u00fc\u00e7l\u00fc bir vakum pompas\u0131 ile donat\u0131lm\u0131\u015ft\u0131r, b\u00f6ylece paketleme torbas\u0131 k\u0131sa s\u00fcrede b\u00fcy\u00fck bir vakum elde edebilir, bu da ekipman\u0131n \u00e7al\u0131\u015fma verimlili\u011fini art\u0131r\u0131r.<\/li>    <li>Vakum paketleme makinesinin t\u00fcm malzemesi 304 paslanmaz \u00e7elik olup, a\u015f\u0131r\u0131 korozif ortamlarda kullan\u0131ld\u0131\u011f\u0131nda korozyon \u00f6nleyici etkiye sahiptir.<\/li>    <li>Vakum odas\u0131, g\u00fcnl\u00fck \u00e7al\u0131\u015fmada ekipman\u0131n hava s\u0131zd\u0131rmazl\u0131\u011f\u0131n\u0131, malzemenin bas\u0131n\u00e7 direncini ve a\u015f\u0131nma direncini sa\u011flamak ve s\u0131zd\u0131rmazl\u0131k \u015feridinin servis \u00f6mr\u00fcn\u00fc uzatmak i\u00e7in y\u00fcksek yo\u011funluklu malzemelerden yap\u0131lm\u0131\u015f V \u015feklinde s\u0131zd\u0131rmazl\u0131k \u015feridini benimser.<\/li> <\/ul>    <h2 class=\"wp-block-heading\" id=\"h-related-machine\">Tek odac\u0131kl\u0131 vakumlama makinesi ile ilgili makineler<\/h2>    <p class=\"translation-block\">Tek odac\u0131kl\u0131 vakum paketleme makinesine ek olarak, Taizy fabrikas\u0131nda masa\u00fcst\u00fc vakum paketleme makineleri ve \u00e7ift odac\u0131kl\u0131 vakum paketleme makineleri de bulunmaktad\u0131r. Masa\u00fcst\u00fc vakum paketleme makinesi, k\u00fc\u00e7\u00fck boyutu ve d\u00fc\u015f\u00fck maliyeti ile ev kullan\u0131m\u0131 i\u00e7in ideal olan k\u00fc\u00e7\u00fck bir vakum s\u0131zd\u0131rmazl\u0131k makinesidir. Ve <a href=\"https:\/\/taizypackaging.com\/tr\/double-chamber-vacuum-packing-machine\/\">\u00e7ift odac\u0131kl\u0131 vakum paketleme makinesi<\/a> ticari uygulamalar i\u00e7in uygundur. \u00c7\u00fcnk\u00fc y\u00fcksek verimlili\u011fe ve iyi performansa sahiptir. Bizden sat\u0131\u015fa sunulan bu \u00fc\u00e7 tip vakum paketleme makinesinin farkl\u0131 \u00f6zellikleri ve fiyatlar\u0131 vard\u0131r. Onlarla ilgileniyor musunuz? Daha fazla bilgi i\u00e7in bizimle ileti\u015fime ge\u00e7in. <\/p>    <figure class=\"wp-block-image size-full\"><img decoding=\"async\" src=\"https:\/\/taizypackaging.com\/wp-content\/uploads\/2021\/08\/\u753b\u677f-11.jpg\" alt=\"masa\u00fcst\u00fc vakumlama makinesi ve \u00e7ift odac\u0131kl\u0131 vakumlama makinesi\" class=\"wp-image-2654\"\/><figcaption class=\"wp-element-caption\">masa\u00fcst\u00fc vakumlama makinesi ve \u00e7ift odac\u0131kl\u0131 vakumlama makinesi<\/figcaption><\/figure>    <h2 class=\"wp-block-heading\" id=\"h-about-us\">Neden bizi en iyi vakum paketleme makinesi \u00fcreticiniz olarak se\u00e7melisiniz? <\/h2>    <p class=\"translation-block\">Taizy \u015firketi 10 y\u0131l\u0131 a\u015fk\u0131n s\u00fcredir <a href=\"https:\/\/taizypackaging.com\/tr\/\">paketleme makinesi sekt\u00f6r\u00fcne<\/a> odaklanmaktad\u0131r. \u0130yi itibar\u0131, y\u00fcksek kaliteli \u00fcr\u00fcnleri ve uygun fiyatlar\u0131 ile d\u00fcnyan\u0131n d\u00f6rt bir yan\u0131ndan m\u00fc\u015fteriler \u00e7ekmi\u015ftir. Fabrika, \u00fcr\u00fcnlerin kalitesini s\u0131k\u0131 bir \u015fekilde kontrol etmek i\u00e7in k\u0131demli m\u00fchendisleri ve birinci s\u0131n\u0131f teknisyenleri bir araya getirmi\u015ftir. Ayr\u0131ca, sat\u0131\u015f m\u00fcd\u00fcr\u00fcm\u00fcz video foto\u011fraflar\u0131 gibi \u00e7e\u015fitli yollarla size makineyi t\u00fcm y\u00f6nleriyle tan\u0131tacak ve ihtiya\u00e7lar\u0131n\u0131za g\u00f6re en uygun makineyi \u00f6nerecektir. <\/p>    <p>\u0130htiya\u00e7 duyman\u0131z halinde y\u00f6neticiyi \u00f6nceden bilgilendirebilirsiniz; teknik personelimiz makineyi projenize g\u00f6re \u00f6zelle\u015ftirecektir. Firmam\u0131z, e\u015fyalar\u0131n\u0131z\u0131n en az gereksiz kay\u0131pla ta\u015f\u0131nmas\u0131n\u0131 sa\u011flamak i\u00e7in yurt i\u00e7i b\u00fcy\u00fck nakliye firmalar\u0131 ile uzun vadeli i\u015fbirlikleri s\u00fcrd\u00fcrmektedir. Ayn\u0131 zamanda, mallar\u0131 teslim ald\u0131ktan sonra, sat\u0131\u015f sonras\u0131 personelimiz her zaman kafa kar\u0131\u015f\u0131kl\u0131\u011f\u0131n\u0131z\u0131 yan\u0131tlamaya ve makinenin bak\u0131m\u0131 ve bak\u0131m\u0131 konusunda tavsiyelerde bulunmaya haz\u0131rd\u0131r. <\/p>    <figure class=\"wp-block-image size-full\"><img decoding=\"async\" src=\"https:\/\/taizypackaging.com\/wp-content\/uploads\/2021\/08\/\u753b\u677f-10-1.jpg\" alt=\"stokta tek odac\u0131kl\u0131 vakum paketleme makinesi\" class=\"wp-image-2655\"\/><figcaption class=\"wp-element-caption\">stokta tek odac\u0131kl\u0131 vakum paketleme makinesi<\/figcaption><\/figure>    <figure class=\"wp-block-image size-full\"><img decoding=\"async\" src=\"https:\/\/taizypackaging.com\/wp-content\/uploads\/2021\/08\/\u753b\u677f-9-2.jpg\" alt=\"tek odac\u0131kl\u0131 vakumlama makinesi fabrikas\u0131\" class=\"wp-image-2656\"\/><figcaption class=\"wp-element-caption\">tek odac\u0131kl\u0131 vakumlama makinesi fabrikas\u0131<\/figcaption><\/figure>","protected":false},"excerpt":{"rendered":"<p>Farkl\u0131 paketleme verimi gereksinimlerine g\u00f6re tek tip vakum paketleme makinesi veya \u00e7ift odac\u0131kl\u0131 vakum paketleme makinesi se\u00e7ebilirsiniz.<\/p>","protected":false},"author":1,"featured_media":2660,"parent":0,"template":"","tags":[],"product-type":[666],"class_list":["post-772","product","type-product","status-publish","has-post-thumbnail","hentry","product-type-vacuum-packaging-machines"],"_links":{"self":[{"href":"https:\/\/taizypackaging.com\/tr\/wp-json\/wp\/v2\/product\/772","targetHints":{"allow":["GET"]}}],"collection":[{"href":"https:\/\/taizypackaging.com\/tr\/wp-json\/wp\/v2\/product"}],"about":[{"href":"https:\/\/taizypackaging.com\/tr\/wp-json\/wp\/v2\/types\/product"}],"author":[{"embeddable":true,"href":"https:\/\/taizypackaging.com\/tr\/wp-json\/wp\/v2\/users\/1"}],"wp:featuredmedia":[{"embeddable":true,"href":"https:\/\/taizypackaging.com\/tr\/wp-json\/wp\/v2\/media\/2660"}],"wp:attachment":[{"href":"https:\/\/taizypackaging.com\/tr\/wp-json\/wp\/v2\/media?parent=772"}],"wp:term":[{"taxonomy":"post_tag","embeddable":true,"href":"https:\/\/taizypackaging.com\/tr\/wp-json\/wp\/v2\/tags?post=772"},{"taxonomy":"product-type","embeddable":true,"href":"https:\/\/taizypackaging.com\/tr\/wp-json\/wp\/v2\/product-type?post=772"}],"curies":[{"name":"wp","href":"https:\/\/api.w.org\/{rel}","templated":true}]}}