{"id":16,"date":"2020-08-20T03:18:08","date_gmt":"2020-08-20T03:18:08","guid":{"rendered":"https:\/\/taizypackaging.com\/?page_id=16"},"modified":"2025-12-05T13:18:53","modified_gmt":"2025-12-05T05:18:53","slug":"contact-us","status":"publish","type":"page","link":"https:\/\/taizypackaging.com\/vi\/contact-us\/","title":{"rendered":"Li\u00ean h\u1ec7 ch\u00fang t\u00f4i"},"content":{"rendered":"<div class=\"wp-block-columns is-layout-flex wp-container-core-columns-is-layout-9d6595d7 wp-block-columns-is-layout-flex\"> <div class=\"wp-block-column is-layout-flow wp-block-column-is-layout-flow\"> <h2 class=\"wp-block-heading\">Nh\u1eefng g\u00ec b\u1ea1n nh\u1eadn \u0111\u01b0\u1ee3c<\/h2>    <ul class=\"wp-block-list\"> <li>C\u00e2u tr\u1ea3 l\u1eddi k\u1ecbp th\u1eddi t\u1eeb chuy\u00ean gia \u0111\u00f3ng g\u00f3i c\u1ee7a ch\u00fang t\u00f4i<\/li>    <li>Gi\u1ea3i ph\u00e1p \u0111\u00f3ng g\u00f3i chi ti\u1ebft v\u00e0 b\u00e1o gi\u00e1 cho d\u1ef1 \u00e1n c\u1ee7a b\u1ea1n <\/li>    <li>Cu\u1ed9c g\u1ecdi \u0111i\u1ec7n ho\u1eb7c cu\u1ed9c h\u1ecdp video \u0111\u1ec3 th\u1ea3o lu\u1eadn chi ti\u1ebft h\u01a1n <\/li>    <li>\u0110\u1ea3m b\u1ea3o quy\u1ec1n ri\u00eang t\u01b0 100%, th\u00f4ng tin c\u1ee7a b\u1ea1n \u0111\u01b0\u1ee3c an to\u00e0n v\u00e0 b\u1ea3o v\u1ec7<\/li> <\/ul> <\/div>    <div class=\"wp-block-column is-layout-flow wp-block-column-is-layout-flow\"> <h2 class=\"wp-block-heading\" id=\"h-contact-information\">Th\u00f4ng tin li\u00ean l\u1ea1c<\/h2>    <ul class=\"wp-block-list\"> <li>C\u00f4ng ty TNHH M\u00e1y m\u00f3c Taizy Tr\u1ecbnh Ch\u00e2u<\/li>    <li>Whatsapp\/tel: + 86 15838192276<\/li>    <li>Email: info@taizypackaging.com<\/li>    <li>\u0110\u1ecba ch\u1ec9: \u0110\u01b0\u1eddng Hanghai ph\u00eda \u0110\u00f4ng, Khu ph\u00e1t tri\u1ec3n kinh t\u1ebf v\u00e0 c\u00f4ng ngh\u1ec7, th\u00e0nh ph\u1ed1 Tr\u1ecbnh Ch\u00e2u, Trung Qu\u1ed1c<\/li> <\/ul> <\/div> <\/div>","protected":false},"excerpt":{"rendered":"<p>Nh\u1eefng g\u00ec b\u1ea1n nh\u1eadn \u0111\u01b0\u1ee3c Th\u00f4ng tin li\u00ean h\u1ec7<\/p>","protected":false},"author":1,"featured_media":0,"parent":0,"menu_order":0,"comment_status":"closed","ping_status":"closed","template":"","meta":{"footnotes":""},"class_list":["post-16","page","type-page","status-publish","hentry"],"_links":{"self":[{"href":"https:\/\/taizypackaging.com\/vi\/wp-json\/wp\/v2\/pages\/16","targetHints":{"allow":["GET"]}}],"collection":[{"href":"https:\/\/taizypackaging.com\/vi\/wp-json\/wp\/v2\/pages"}],"about":[{"href":"https:\/\/taizypackaging.com\/vi\/wp-json\/wp\/v2\/types\/page"}],"author":[{"embeddable":true,"href":"https:\/\/taizypackaging.com\/vi\/wp-json\/wp\/v2\/users\/1"}],"replies":[{"embeddable":true,"href":"https:\/\/taizypackaging.com\/vi\/wp-json\/wp\/v2\/comments?post=16"}],"version-history":[{"count":0,"href":"https:\/\/taizypackaging.com\/vi\/wp-json\/wp\/v2\/pages\/16\/revisions"}],"wp:attachment":[{"href":"https:\/\/taizypackaging.com\/vi\/wp-json\/wp\/v2\/media?parent=16"}],"curies":[{"name":"wp","href":"https:\/\/api.w.org\/{rel}","templated":true}]}}