{"id":18,"date":"2020-08-20T03:18:31","date_gmt":"2020-08-20T03:18:31","guid":{"rendered":"https:\/\/taizypackaging.com\/?page_id=18"},"modified":"2026-02-13T11:43:23","modified_gmt":"2026-02-13T03:43:23","slug":"about-us","status":"publish","type":"page","link":"https:\/\/taizypackaging.com\/vi\/about-us\/","title":{"rendered":"V\u1ec1 ch\u00fang t\u00f4i"},"content":{"rendered":"<div class=\"wp-block-group alignfull\"><div class=\"wp-block-group__inner-container is-layout-flow wp-block-group-is-layout-flow\"> <div class=\"wp-block-columns alignwide are-vertically-aligned-center is-layout-flex wp-container-core-columns-is-layout-9d6595d7 wp-block-columns-is-layout-flex\"> <div class=\"wp-block-column is-layout-flow wp-block-column-is-layout-flow\" style=\"flex-basis:50%\"> <p class=\"has-text-color translation-block\" style=\"color:#000000;font-size:30px;line-height:1.1\"><strong> Taizy Machinery <\/strong><\/p> <\/div>    <div class=\"wp-block-column is-layout-flow wp-block-column-is-layout-flow\" style=\"flex-basis:50%\"> <hr class=\"wp-block-separator has-text-color has-css-opacity has-background is-style-wide\" style=\"background-color:#000000;color:#000000\"\/> <\/div> <\/div>    <div class=\"wp-block-columns alignwide is-layout-flex wp-container-core-columns-is-layout-9d6595d7 wp-block-columns-is-layout-flex\"> <div class=\"wp-block-column is-layout-flow wp-block-column-is-layout-flow\"> <figure class=\"wp-block-image size-full\"><img loading=\"lazy\" decoding=\"async\" width=\"720\" height=\"540\" src=\"https:\/\/taizypackaging.com\/wp-content\/uploads\/2026\/02\/Shuliy-packaging-machine-factory.webp\" alt=\"Nh\u00e0 m\u00e1y \u0111\u00f3ng g\u00f3i Shuliy\" class=\"wp-image-5160\" srcset=\"https:\/\/taizypackaging.com\/wp-content\/uploads\/2026\/02\/Shuliy-packaging-machine-factory.webp 720w, https:\/\/taizypackaging.com\/wp-content\/uploads\/2026\/02\/Shuliy-packaging-machine-factory-300x225.webp 300w, https:\/\/taizypackaging.com\/wp-content\/uploads\/2026\/02\/Shuliy-packaging-machine-factory-16x12.webp 16w\" sizes=\"auto, (max-width: 720px) 100vw, 720px\" \/><figcaption class=\"wp-element-caption\">Nh\u00e0 m\u00e1y \u0111\u00f3ng g\u00f3i Shuliy<\/figcaption><\/figure> <\/div>    <div class=\"wp-block-column is-layout-flow wp-block-column-is-layout-flow\"> <p class=\"translation-block\">C\u00f4ng ty TNHH M\u00e1y m\u00f3c \u0111\u00f3ng g\u00f3i Taizy l\u00e0 th\u01b0\u01a1ng hi\u1ec7u Taizy thu\u1ed9c T\u1eadp \u0111o\u00e0n Shuliy, chuy\u00ean thi\u1ebft k\u1ebf, s\u1ea3n xu\u1ea5t v\u00e0 xu\u1ea5t kh\u1ea9u thi\u1ebft b\u1ecb ch\u1ebf bi\u1ebfn th\u1ef1c ph\u1ea9m v\u00e0 m\u00e1y \u0111\u00f3ng g\u00f3i. V\u1edbi nh\u00e0 m\u00e1y ri\u00eang v\u00e0 kh\u1ea3 n\u0103ng s\u1ea3n xu\u1ea5t ti\u00ean ti\u1ebfn, Taizy cung c\u1ea5p m\u1ed9t d\u00f2ng s\u1ea3n ph\u1ea9m ho\u00e0n ch\u1ec9nh \u2014 t\u1eeb m\u00e1y \u0111\u1ed5 \u0111\u1ea7y b\u1ed9t v\u00e0 <strong><a href=\"https:\/\/taizypackaging.com\/vi\/spice-packing-machine\/\" data-type=\"link\" data-id=\"https:\/\/taizypackaging.com\/spice-packing-machine\/\">m\u00e1y \u0111\u00f3ng g\u00f3i gia v\u1ecb<\/a><\/strong> \u0111\u1ebfn h\u1ec7 th\u1ed1ng \u0111\u00f3ng g\u00f3i d\u1ea1ng t\u00fai, d\u1ea1ng l\u1ecfng, d\u1ea1ng h\u1ea1t v\u00e0 <strong><a href=\"https:\/\/taizypackaging.com\/vi\/lapel-combination-packaging-machine\/\" data-type=\"link\" data-id=\"https:\/\/taizypackaging.com\/lapel-combination-packaging-machine\/\">h\u1ec7 th\u1ed1ng \u0111\u00f3ng g\u00f3i t\u00fai<\/a><\/strong> \u2014 v\u00e0 c\u00f3 th\u1ec3 cung c\u1ea5p c\u00e1c gi\u1ea3i ph\u00e1p \u0111\u00f3ng g\u00f3i ch\u00eca kh\u00f3a trao tay t\u00f9y ch\u1ec9nh ph\u00f9 h\u1ee3p v\u1edbi y\u00eau c\u1ea7u \u0111a d\u1ea1ng c\u1ee7a s\u1ea3n ph\u1ea9m.<\/p> <\/div> <\/div> <\/div><\/div>    <p>D\u1ef1a tr\u00ean h\u01a1n m\u1ed9t th\u1eadp k\u1ef7 kinh nghi\u1ec7m trong ng\u00e0nh v\u00e0 \u0111\u1ed9i ng\u0169 k\u1ef9 s\u01b0 m\u1ea1nh m\u1ebd, Taizy \u0111\u1ea3m b\u1ea3o ki\u1ec3m so\u00e1t ch\u1ea5t l\u01b0\u1ee3ng nghi\u00eam ng\u1eb7t v\u00e0 hi\u1ec7u su\u1ea5t s\u1ea3n xu\u1ea5t \u0111\u00e1ng tin c\u1eady trong khi li\u00ean t\u1ee5c \u0111\u1ed5i m\u1edbi d\u00f2ng s\u1ea3n ph\u1ea9m \u0111\u1ec3 \u0111\u00e1p \u1ee9ng nhu c\u1ea7u th\u1ecb tr\u01b0\u1eddng to\u00e0n c\u1ea7u. Thi\u1ebft b\u1ecb c\u1ee7a ch\u00fang t\u00f4i \u0111\u01b0\u1ee3c s\u1eed d\u1ee5ng r\u1ed9ng r\u00e3i trong ng\u00e0nh th\u1ef1c ph\u1ea9m, d\u01b0\u1ee3c ph\u1ea9m, m\u1ef9 ph\u1ea9m v\u00e0 c\u00e1c l\u0129nh v\u1ef1c kh\u00e1c.<\/p>    <figure class=\"wp-block-gallery has-nested-images columns-2 is-cropped wp-block-gallery-2 is-layout-flex wp-block-gallery-is-layout-flex\"> <figure class=\"wp-block-image size-large\"><img loading=\"lazy\" decoding=\"async\" width=\"720\" height=\"540\" data-id=\"5169\" src=\"https:\/\/taizypackaging.com\/wp-content\/uploads\/2026\/02\/large-packaging-machines.webp\" alt=\"C\u00e1c m\u00e1y \u0111\u00f3ng g\u00f3i l\u1edbn\" class=\"wp-image-5169\" srcset=\"https:\/\/taizypackaging.com\/wp-content\/uploads\/2026\/02\/large-packaging-machines.webp 720w, https:\/\/taizypackaging.com\/wp-content\/uploads\/2026\/02\/large-packaging-machines-300x225.webp 300w, https:\/\/taizypackaging.com\/wp-content\/uploads\/2026\/02\/large-packaging-machines-16x12.webp 16w\" sizes=\"auto, (max-width: 720px) 100vw, 720px\" \/><figcaption class=\"wp-element-caption\">C\u00e1c m\u00e1y \u0111\u00f3ng g\u00f3i l\u1edbn<\/figcaption><\/figure>    <figure class=\"wp-block-image size-large\"><img loading=\"lazy\" decoding=\"async\" width=\"720\" height=\"540\" data-id=\"5170\" src=\"https:\/\/taizypackaging.com\/wp-content\/uploads\/2026\/02\/Taizy-packaging-machine-factory.webp\" alt=\"Nh\u00e0 m\u00e1y \u0111\u00f3ng g\u00f3i Taizy\" class=\"wp-image-5170\" srcset=\"https:\/\/taizypackaging.com\/wp-content\/uploads\/2026\/02\/Taizy-packaging-machine-factory.webp 720w, https:\/\/taizypackaging.com\/wp-content\/uploads\/2026\/02\/Taizy-packaging-machine-factory-300x225.webp 300w, https:\/\/taizypackaging.com\/wp-content\/uploads\/2026\/02\/Taizy-packaging-machine-factory-16x12.webp 16w\" sizes=\"auto, (max-width: 720px) 100vw, 720px\" \/><figcaption class=\"wp-element-caption\">Nh\u00e0 m\u00e1y \u0111\u00f3ng g\u00f3i Taizy<\/figcaption><\/figure>    <figure class=\"wp-block-image size-large\"><img loading=\"lazy\" decoding=\"async\" width=\"720\" height=\"540\" data-id=\"5171\" src=\"https:\/\/taizypackaging.com\/wp-content\/uploads\/2026\/02\/various-packing-machines-are-available.webp\" alt=\"C\u00e1c lo\u1ea1i m\u00e1y \u0111\u00f3ng g\u00f3i \u0111a d\u1ea1ng c\u00f3 s\u1eb5n\" class=\"wp-image-5171\" srcset=\"https:\/\/taizypackaging.com\/wp-content\/uploads\/2026\/02\/various-packing-machines-are-available.webp 720w, https:\/\/taizypackaging.com\/wp-content\/uploads\/2026\/02\/various-packing-machines-are-available-300x225.webp 300w, https:\/\/taizypackaging.com\/wp-content\/uploads\/2026\/02\/various-packing-machines-are-available-16x12.webp 16w\" sizes=\"auto, (max-width: 720px) 100vw, 720px\" \/><figcaption class=\"wp-element-caption\">C\u00e1c lo\u1ea1i m\u00e1y \u0111\u00f3ng g\u00f3i \u0111a d\u1ea1ng c\u00f3 s\u1eb5n<\/figcaption><\/figure>    <figure class=\"wp-block-image size-large\"><img loading=\"lazy\" decoding=\"async\" width=\"720\" height=\"540\" data-id=\"5172\" src=\"https:\/\/taizypackaging.com\/wp-content\/uploads\/2026\/02\/packaging-machine-manufacture-workshop.webp\" alt=\"X\u01b0\u1edfng s\u1ea3n xu\u1ea5t m\u00e1y \u0111\u00f3ng g\u00f3i\" class=\"wp-image-5172\" srcset=\"https:\/\/taizypackaging.com\/wp-content\/uploads\/2026\/02\/packaging-machine-manufacture-workshop.webp 720w, https:\/\/taizypackaging.com\/wp-content\/uploads\/2026\/02\/packaging-machine-manufacture-workshop-300x225.webp 300w, https:\/\/taizypackaging.com\/wp-content\/uploads\/2026\/02\/packaging-machine-manufacture-workshop-16x12.webp 16w\" sizes=\"auto, (max-width: 720px) 100vw, 720px\" \/><figcaption class=\"wp-element-caption\">X\u01b0\u1edfng s\u1ea3n xu\u1ea5t m\u00e1y \u0111\u00f3ng g\u00f3i<\/figcaption><\/figure> <\/figure>    <p>V\u1edbi m\u1ea1ng l\u01b0\u1edbi xu\u1ea5t kh\u1ea9u \u0111\u00e3 \u0111\u01b0\u1ee3c thi\u1ebft l\u1eadp v\u1eefng ch\u1eafc v\u00e0 c\u00e1c \u0111\u1ed1i t\u00e1c qu\u1ed1c t\u1ebf, m\u00e1y \u0111\u00f3ng g\u00f3i c\u1ee7a Taizy \u0111\u00e3 \u0111\u01b0\u1ee3c v\u1eadn chuy\u1ec3n \u0111\u1ebfn nhi\u1ec1u qu\u1ed1c gia v\u00e0 khu v\u1ef1c, th\u1ec3 hi\u1ec7n kh\u1ea3 n\u0103ng xu\u1ea5t kh\u1ea9u to\u00e0n c\u1ea7u v\u00e0 s\u1ee9c m\u1ea1nh s\u1ea3n xu\u1ea5t c\u1ee7a th\u01b0\u01a1ng hi\u1ec7u. <\/p>    <p>Hi\u1ec7n t\u1ea1i, c\u00e1c m\u00e1y c\u1ee7a ch\u00fang t\u00f4i \u0111\u00e3 \u0111\u01b0\u1ee3c xu\u1ea5t kh\u1ea9u \u0111\u1ebfn Kenya, Nam Phi, Ghana, Congo, Ethiopia, Namibia, Morocco, Botswana, Zimbabwe, Uganda, Algeria, Cameroon, \u00dac, Hoa K\u1ef3, V\u01b0\u01a1ng qu\u1ed1c Anh, v.v.<\/p>    <figure class=\"wp-block-gallery has-nested-images columns-default is-cropped wp-block-gallery-3 is-layout-flex wp-block-gallery-is-layout-flex\"> <figure class=\"wp-block-image size-large\"><img loading=\"lazy\" decoding=\"async\" width=\"720\" height=\"540\" data-id=\"5173\" src=\"https:\/\/taizypackaging.com\/wp-content\/uploads\/2026\/02\/customer-visit-for-ten-head-potato-chips-packing-machine.webp\" alt=\"Kh\u00e1ch h\u00e0ng th\u0103m quan m\u00e1y \u0111\u00f3ng g\u00f3i khoai t\u00e2y 10 \u0111\u1ea7u\" class=\"wp-image-5173\" srcset=\"https:\/\/taizypackaging.com\/wp-content\/uploads\/2026\/02\/customer-visit-for-ten-head-potato-chips-packing-machine.webp 720w, https:\/\/taizypackaging.com\/wp-content\/uploads\/2026\/02\/customer-visit-for-ten-head-potato-chips-packing-machine-300x225.webp 300w, https:\/\/taizypackaging.com\/wp-content\/uploads\/2026\/02\/customer-visit-for-ten-head-potato-chips-packing-machine-16x12.webp 16w\" sizes=\"auto, (max-width: 720px) 100vw, 720px\" \/><figcaption class=\"wp-element-caption\">Kh\u00e1ch h\u00e0ng th\u0103m quan m\u00e1y \u0111\u00f3ng g\u00f3i khoai t\u00e2y 10 \u0111\u1ea7u<\/figcaption><\/figure>    <figure class=\"wp-block-image size-large\"><img loading=\"lazy\" decoding=\"async\" width=\"540\" height=\"720\" data-id=\"5174\" src=\"https:\/\/taizypackaging.com\/wp-content\/uploads\/2026\/02\/Japanese-customer-visiting.webp\" alt=\"Kh\u00e1ch h\u00e0ng Nh\u1eadt B\u1ea3n th\u0103m quan\" class=\"wp-image-5174\" srcset=\"https:\/\/taizypackaging.com\/wp-content\/uploads\/2026\/02\/Japanese-customer-visiting.webp 540w, https:\/\/taizypackaging.com\/wp-content\/uploads\/2026\/02\/Japanese-customer-visiting-225x300.webp 225w, https:\/\/taizypackaging.com\/wp-content\/uploads\/2026\/02\/Japanese-customer-visiting-9x12.webp 9w\" sizes=\"auto, (max-width: 540px) 100vw, 540px\" \/><figcaption class=\"wp-element-caption\">Kh\u00e1ch h\u00e0ng Nh\u1eadt B\u1ea3n th\u0103m quan<\/figcaption><\/figure>    <figure class=\"wp-block-image size-large\"><img loading=\"lazy\" decoding=\"async\" width=\"540\" height=\"720\" data-id=\"5175\" src=\"https:\/\/taizypackaging.com\/wp-content\/uploads\/2026\/02\/Zimbabwean-customer-visiting.webp\" alt=\"Kh\u00e1ch h\u00e0ng Zimbabwe th\u0103m quan\" class=\"wp-image-5175\" srcset=\"https:\/\/taizypackaging.com\/wp-content\/uploads\/2026\/02\/Zimbabwean-customer-visiting.webp 540w, https:\/\/taizypackaging.com\/wp-content\/uploads\/2026\/02\/Zimbabwean-customer-visiting-225x300.webp 225w, https:\/\/taizypackaging.com\/wp-content\/uploads\/2026\/02\/Zimbabwean-customer-visiting-9x12.webp 9w\" sizes=\"auto, (max-width: 540px) 100vw, 540px\" \/><figcaption class=\"wp-element-caption\">Kh\u00e1ch h\u00e0ng Zimbabwe th\u0103m quan<\/figcaption><\/figure>    <figure class=\"wp-block-image size-large\"><img loading=\"lazy\" decoding=\"async\" width=\"720\" height=\"540\" data-id=\"5176\" src=\"https:\/\/taizypackaging.com\/wp-content\/uploads\/2026\/02\/South-African-customer-visiting.webp\" alt=\"Kh\u00e1ch h\u00e0ng Nam Phi th\u0103m quan\" class=\"wp-image-5176\" srcset=\"https:\/\/taizypackaging.com\/wp-content\/uploads\/2026\/02\/South-African-customer-visiting.webp 720w, https:\/\/taizypackaging.com\/wp-content\/uploads\/2026\/02\/South-African-customer-visiting-300x225.webp 300w, https:\/\/taizypackaging.com\/wp-content\/uploads\/2026\/02\/South-African-customer-visiting-16x12.webp 16w\" sizes=\"auto, (max-width: 720px) 100vw, 720px\" \/><figcaption class=\"wp-element-caption\">Kh\u00e1ch h\u00e0ng Nam Phi th\u0103m quan<\/figcaption><\/figure>    <figure class=\"wp-block-image size-large\"><img loading=\"lazy\" decoding=\"async\" width=\"720\" height=\"540\" data-id=\"5178\" src=\"https:\/\/taizypackaging.com\/wp-content\/uploads\/2026\/02\/customer-visit-for-french-fries-packaging-machine.webp\" alt=\"Kh\u00e1ch h\u00e0ng th\u0103m quan m\u00e1y \u0111\u00f3ng g\u00f3i khoai t\u00e2y chi\u00ean\" class=\"wp-image-5178\" srcset=\"https:\/\/taizypackaging.com\/wp-content\/uploads\/2026\/02\/customer-visit-for-french-fries-packaging-machine.webp 720w, https:\/\/taizypackaging.com\/wp-content\/uploads\/2026\/02\/customer-visit-for-french-fries-packaging-machine-300x225.webp 300w, https:\/\/taizypackaging.com\/wp-content\/uploads\/2026\/02\/customer-visit-for-french-fries-packaging-machine-16x12.webp 16w\" sizes=\"auto, (max-width: 720px) 100vw, 720px\" \/><figcaption class=\"wp-element-caption\">Kh\u00e1ch h\u00e0ng th\u0103m quan m\u00e1y \u0111\u00f3ng g\u00f3i khoai t\u00e2y chi\u00ean<\/figcaption><\/figure>    <figure class=\"wp-block-image size-large\"><img loading=\"lazy\" decoding=\"async\" width=\"720\" height=\"540\" data-id=\"5179\" src=\"https:\/\/taizypackaging.com\/wp-content\/uploads\/2026\/02\/customer-visit-for-vacuum-packaging-machine.webp\" alt=\"Kh\u00e1ch h\u00e0ng th\u0103m quan m\u00e1y \u0111\u00f3ng g\u00f3i ch\u00e2n kh\u00f4ng\" class=\"wp-image-5179\" srcset=\"https:\/\/taizypackaging.com\/wp-content\/uploads\/2026\/02\/customer-visit-for-vacuum-packaging-machine.webp 720w, https:\/\/taizypackaging.com\/wp-content\/uploads\/2026\/02\/customer-visit-for-vacuum-packaging-machine-300x225.webp 300w, https:\/\/taizypackaging.com\/wp-content\/uploads\/2026\/02\/customer-visit-for-vacuum-packaging-machine-16x12.webp 16w\" sizes=\"auto, (max-width: 720px) 100vw, 720px\" \/><figcaption class=\"wp-element-caption\">Kh\u00e1ch h\u00e0ng th\u0103m quan m\u00e1y \u0111\u00f3ng g\u00f3i ch\u00e2n kh\u00f4ng<\/figcaption><\/figure>    <figure class=\"wp-block-image size-large\"><img loading=\"lazy\" decoding=\"async\" width=\"720\" height=\"540\" data-id=\"5177\" src=\"https:\/\/taizypackaging.com\/wp-content\/uploads\/2026\/02\/customer-visit-for-coffee-powder-packing-machine.webp\" alt=\"Kh\u00e1ch h\u00e0ng th\u0103m quan m\u00e1y \u0111\u00f3ng g\u00f3i b\u1ed9t c\u00e0 ph\u00ea\" class=\"wp-image-5177\" srcset=\"https:\/\/taizypackaging.com\/wp-content\/uploads\/2026\/02\/customer-visit-for-coffee-powder-packing-machine.webp 720w, https:\/\/taizypackaging.com\/wp-content\/uploads\/2026\/02\/customer-visit-for-coffee-powder-packing-machine-300x225.webp 300w, https:\/\/taizypackaging.com\/wp-content\/uploads\/2026\/02\/customer-visit-for-coffee-powder-packing-machine-16x12.webp 16w\" sizes=\"auto, (max-width: 720px) 100vw, 720px\" \/><figcaption class=\"wp-element-caption\">Kh\u00e1ch h\u00e0ng th\u0103m quan m\u00e1y \u0111\u00f3ng g\u00f3i b\u1ed9t c\u00e0 ph\u00ea<\/figcaption><\/figure>    <figure class=\"wp-block-image size-large\"><img loading=\"lazy\" decoding=\"async\" width=\"720\" height=\"540\" data-id=\"5180\" src=\"https:\/\/taizypackaging.com\/wp-content\/uploads\/2026\/02\/customer-visit-for-horizontal-packing-machine.webp\" alt=\"Kh\u00e1ch h\u00e0ng th\u0103m quan m\u00e1y \u0111\u00f3ng g\u00f3i ngang\" class=\"wp-image-5180\" srcset=\"https:\/\/taizypackaging.com\/wp-content\/uploads\/2026\/02\/customer-visit-for-horizontal-packing-machine.webp 720w, https:\/\/taizypackaging.com\/wp-content\/uploads\/2026\/02\/customer-visit-for-horizontal-packing-machine-300x225.webp 300w, https:\/\/taizypackaging.com\/wp-content\/uploads\/2026\/02\/customer-visit-for-horizontal-packing-machine-16x12.webp 16w\" sizes=\"auto, (max-width: 720px) 100vw, 720px\" \/><figcaption class=\"wp-element-caption\">Kh\u00e1ch h\u00e0ng th\u0103m quan m\u00e1y \u0111\u00f3ng g\u00f3i ngang<\/figcaption><\/figure> <\/figure>    <p>Taizy c\u0169ng ch\u00fa tr\u1ecdng d\u1ecbch v\u1ee5 kh\u00e1ch h\u00e0ng v\u1edbi h\u1ed7 tr\u1ee3 h\u1eadu m\u00e3i to\u00e0n di\u1ec7n, bao g\u1ed3m t\u01b0 v\u1ea5n k\u1ef9 thu\u1eadt, gi\u1ea3i ph\u00e1p thi\u1ebft k\u1ebf t\u00f9y ch\u1ec9nh v\u00e0 h\u01b0\u1edbng d\u1eabn v\u1eadn h\u00e0nh li\u00ean t\u1ee5c \u0111\u1ec3 gi\u00fap kh\u00e1ch h\u00e0ng t\u1ed1i \u01b0u h\u00f3a s\u1ea3n xu\u1ea5t v\u00e0 \u0111\u1ea3m b\u1ea3o hi\u1ec7u su\u1ea5t m\u00e1y l\u00e2u d\u00e0i.<\/p>   <div class=\"wp-block-image\"> <figure class=\"aligncenter size-full\"><img loading=\"lazy\" decoding=\"async\" width=\"720\" height=\"540\" src=\"https:\/\/taizypackaging.com\/wp-content\/uploads\/2026\/02\/Welcome-to-visit-Taizy-packing-machine-factory.webp\" alt=\"Ch\u00e0o m\u1eebng \u0111\u1ebfn th\u0103m nh\u00e0 m\u00e1y \u0111\u00f3ng g\u00f3i c\u1ee7a Taizy\" class=\"wp-image-5181\" srcset=\"https:\/\/taizypackaging.com\/wp-content\/uploads\/2026\/02\/Welcome-to-visit-Taizy-packing-machine-factory.webp 720w, https:\/\/taizypackaging.com\/wp-content\/uploads\/2026\/02\/Welcome-to-visit-Taizy-packing-machine-factory-300x225.webp 300w, https:\/\/taizypackaging.com\/wp-content\/uploads\/2026\/02\/Welcome-to-visit-Taizy-packing-machine-factory-16x12.webp 16w\" sizes=\"auto, (max-width: 720px) 100vw, 720px\" \/><figcaption class=\"wp-element-caption\">Ch\u00e0o m\u1eebng \u0111\u1ebfn th\u0103m nh\u00e0 m\u00e1y \u0111\u00f3ng g\u00f3i c\u1ee7a Taizy<\/figcaption><\/figure> <\/div>   <div class=\"wp-block-columns alignfull has-text-color is-layout-flex wp-container-core-columns-is-layout-9d6595d7 wp-block-columns-is-layout-flex\" style=\"color:#000000\"> <div class=\"wp-block-column is-layout-flow wp-block-column-is-layout-flow\"> <h3 class=\"wp-block-heading\" style=\"font-size:24px;line-height:1.3\"><strong>Chuy\u00ean nghi\u1ec7p \u2197<\/strong><\/h3>    <p>Hi\u1ec7n c\u00f3 h\u01a1n 20 nh\u00e2n vi\u00ean khoa h\u1ecdc k\u1ef9 thu\u1eadt v\u00e0 ch\u00fang t\u00f4i h\u1ee3p t\u00e1c v\u1edbi nhi\u1ec1u tr\u01b0\u1eddng \u0111\u1ea1i h\u1ecdc. V\u1ec1 m\u1eb7t c\u00f4ng ngh\u1ec7, n\u00f3 \u0111\u01b0\u1ee3c \u0111\u1ea3m b\u1ea3o \u0111i \u0111\u1ea7u trong ng\u00e0nh.<\/p> <\/div>    <div class=\"wp-block-column is-layout-flow wp-block-column-is-layout-flow\"> <h3 class=\"wp-block-heading\" style=\"font-size:24px;line-height:1.3\"><strong>\u0110\u00e1ng tin c\u1eady \u2197<\/strong><\/h3>    <p>Ch\u00fang t\u00f4i \u0111\u00e3 t\u1eadp trung v\u00e0o s\u1ea3n xu\u1ea5t m\u00e1y \u0111\u00f3ng g\u00f3i trong h\u01a1n m\u01b0\u1eddi n\u0103m. Hi\u1ec7n nay c\u00e1c lo\u1ea1i m\u00e1y \u0111\u00f3ng g\u00f3i \u0111\u00e3 ho\u00e0n thi\u1ec7n v\u00e0 c\u00f3 th\u1ec3 t\u00f9y ch\u1ec9nh theo nhu c\u1ea7u c\u1ee7a kh\u00e1ch h\u00e0ng.<\/p> <\/div>    <div class=\"wp-block-column is-layout-flow wp-block-column-is-layout-flow\"> <h3 class=\"wp-block-heading\" style=\"font-size:24px;line-height:1.3\"><strong> Kh\u00e1ch h\u00e0ng l\u00e0 tr\u00ean h\u1ebft\u2197<\/strong><\/h3>    <p>M\u1ecdi th\u1ee9 \u0111\u1ec1u t\u1eadp trung v\u00e0o nhu c\u1ea7u c\u1ee7a kh\u00e1ch h\u00e0ng v\u00e0 ch\u00fang t\u00f4i mong mu\u1ed1n mang l\u1ea1i l\u1ee3i \u00edch kinh t\u1ebf t\u1ed1i \u0111a cho kh\u00e1ch h\u00e0ng th\u00f4ng qua s\u1ef1 chuy\u00ean nghi\u1ec7p v\u00e0 n\u1ed7 l\u1ef1c kh\u00f4ng ng\u1eebng ngh\u1ec9.<\/p> <\/div> <\/div>    <h2 class=\"wp-block-heading\">Ch\u00e0o m\u1eebng li\u00ean h\u1ec7 v\u00e0 th\u0103m nh\u00e0 m\u00e1y \u0111\u00f3ng g\u00f3i c\u1ee7a ch\u00fang t\u00f4i<\/h2>    <p class=\"translation-block\">Ch\u00fang t\u00f4i nhi\u1ec7t li\u1ec7t ch\u00e0o \u0111\u00f3n kh\u00e1ch h\u00e0ng tr\u00ean to\u00e0n th\u1ebf gi\u1edbi g\u1eedi y\u00eau c\u1ea7u v\u00e0 \u0111\u1ebfn th\u0103m nh\u00e0 m\u00e1y c\u1ee7a ch\u00fang t\u00f4i \u0111\u1ec3 xem c\u00e1c m\u00e1y \u0111\u00f3ng g\u00f3i ho\u1ea1t \u0111\u1ed9ng. Kho\u1ea3ng <strong>90% c\u00e1c m\u1eabu b\u00e1n ch\u1ea1y nh\u1ea5t c\u1ee7a ch\u00fang t\u00f4i c\u00f3 s\u1eb5n trong kho<\/strong>, \u0111\u1ea3m b\u1ea3o giao h\u00e0ng nhanh v\u00e0 th\u1eddi gian ch\u1edd \u0111\u1ee3i t\u1ed1i thi\u1ec3u. Ngay c\u1ea3 v\u1edbi c\u00e1c m\u00e1y t\u00f9y ch\u1ec9nh, ch\u00fang t\u00f4i c\u00f3 th\u1ec3 ho\u00e0n th\u00e0nh s\u1ea3n xu\u1ea5t v\u00e0 s\u1eafp x\u1ebfp v\u1eadn chuy\u1ec3n trong v\u00f2ng <strong>15 ng\u00e0y<\/strong> \u0111\u1ec3 \u0111\u00e1p \u1ee9ng l\u1ecbch tr\u00ecnh d\u1ef1 \u00e1n kh\u1ea9n c\u1ea5p.<\/p>    <p class=\"translation-block\">Sau khi v\u1eadn chuy\u1ec3n, ch\u00fang t\u00f4i cung c\u1ea5p c\u1eadp nh\u1eadt k\u1ecbp th\u1eddi v\u1ec1 th\u00f4ng tin logistics \u0111\u1ec3 b\u1ea1n c\u00f3 th\u1ec3 theo d\u00f5i r\u00f5 r\u00e0ng tr\u1ea1ng th\u00e1i thi\u1ebft b\u1ecb. Khi m\u00e1y \u0111\u1ebfn n\u01a1i, \u0111\u1ed9i ng\u0169 k\u1ef9 thu\u1eadt c\u1ee7a ch\u00fang t\u00f4i s\u1ebd g\u1eedi ngay c\u00e1c h\u01b0\u1edbng d\u1eabn l\u1eafp \u0111\u1eb7t v\u00e0 v\u1eadn h\u00e0nh chi ti\u1ebft, v\u00e0 ch\u00fang t\u00f4i c\u0169ng cung c\u1ea5p <strong>h\u01b0\u1edbng d\u1eabn tr\u1ef1c tuy\u1ebfn v\u00e0 h\u1ed7 tr\u1ee3 t\u1eeb xa<\/strong> \u0111\u1ec3 \u0111\u1ea3m b\u1ea3o kh\u1edfi \u0111\u1ed9ng su\u00f4n s\u1ebb v\u00e0 s\u1ea3n xu\u1ea5t hi\u1ec7u qu\u1ea3.<\/p>    <figure class=\"wp-block-gallery has-nested-images columns-2 is-cropped wp-block-gallery-4 is-layout-flex wp-block-gallery-is-layout-flex\"> <figure class=\"wp-block-image size-large\"><img loading=\"lazy\" decoding=\"async\" width=\"720\" height=\"540\" data-id=\"5185\" src=\"https:\/\/taizypackaging.com\/wp-content\/uploads\/2026\/02\/packaging-machine-with-wooden-box-packing.jpg\" alt=\"M\u00e1y \u0111\u00f3ng g\u00f3i v\u1edbi \u0111\u00f3ng g\u00f3i b\u1eb1ng h\u1ed9p g\u1ed7\" class=\"wp-image-5185\" srcset=\"https:\/\/taizypackaging.com\/wp-content\/uploads\/2026\/02\/packaging-machine-with-wooden-box-packing.jpg 720w, https:\/\/taizypackaging.com\/wp-content\/uploads\/2026\/02\/packaging-machine-with-wooden-box-packing-300x225.jpg 300w, https:\/\/taizypackaging.com\/wp-content\/uploads\/2026\/02\/packaging-machine-with-wooden-box-packing-16x12.jpg 16w\" sizes=\"auto, (max-width: 720px) 100vw, 720px\" \/><figcaption class=\"wp-element-caption\">M\u00e1y \u0111\u00f3ng g\u00f3i v\u1edbi \u0111\u00f3ng g\u00f3i b\u1eb1ng h\u1ed9p g\u1ed7<\/figcaption><\/figure>    <figure class=\"wp-block-image size-large\"><img loading=\"lazy\" decoding=\"async\" width=\"720\" height=\"540\" data-id=\"5186\" src=\"https:\/\/taizypackaging.com\/wp-content\/uploads\/2026\/02\/granule-packaging-machine-for-shipping.jpg\" alt=\"M\u00e1y \u0111\u00f3ng g\u00f3i h\u1ea1t \u0111\u1ec3 v\u1eadn chuy\u1ec3n\" class=\"wp-image-5186\" srcset=\"https:\/\/taizypackaging.com\/wp-content\/uploads\/2026\/02\/granule-packaging-machine-for-shipping.jpg 720w, https:\/\/taizypackaging.com\/wp-content\/uploads\/2026\/02\/granule-packaging-machine-for-shipping-300x225.jpg 300w, https:\/\/taizypackaging.com\/wp-content\/uploads\/2026\/02\/granule-packaging-machine-for-shipping-16x12.jpg 16w\" sizes=\"auto, (max-width: 720px) 100vw, 720px\" \/><figcaption class=\"wp-element-caption\">M\u00e1y \u0111\u00f3ng g\u00f3i h\u1ea1t \u0111\u1ec3 v\u1eadn chuy\u1ec3n<\/figcaption><\/figure>    <figure class=\"wp-block-image size-large\"><img loading=\"lazy\" decoding=\"async\" width=\"720\" height=\"540\" data-id=\"5184\" src=\"https:\/\/taizypackaging.com\/wp-content\/uploads\/2026\/02\/packaging-machine-exporting.jpg\" alt=\"Xu\u1ea5t kh\u1ea9u m\u00e1y \u0111\u00f3ng g\u00f3i\" class=\"wp-image-5184\" srcset=\"https:\/\/taizypackaging.com\/wp-content\/uploads\/2026\/02\/packaging-machine-exporting.jpg 720w, https:\/\/taizypackaging.com\/wp-content\/uploads\/2026\/02\/packaging-machine-exporting-300x225.jpg 300w, https:\/\/taizypackaging.com\/wp-content\/uploads\/2026\/02\/packaging-machine-exporting-16x12.jpg 16w\" sizes=\"auto, (max-width: 720px) 100vw, 720px\" \/><figcaption class=\"wp-element-caption\">Xu\u1ea5t kh\u1ea9u m\u00e1y \u0111\u00f3ng g\u00f3i<\/figcaption><\/figure>    <figure class=\"wp-block-image size-large\"><img loading=\"lazy\" decoding=\"async\" width=\"720\" height=\"540\" data-id=\"5187\" src=\"https:\/\/taizypackaging.com\/wp-content\/uploads\/2026\/02\/packing-machine-delivery.jpg\" alt=\"Giao h\u00e0ng m\u00e1y \u0111\u00f3ng g\u00f3i\" class=\"wp-image-5187\" srcset=\"https:\/\/taizypackaging.com\/wp-content\/uploads\/2026\/02\/packing-machine-delivery.jpg 720w, https:\/\/taizypackaging.com\/wp-content\/uploads\/2026\/02\/packing-machine-delivery-300x225.jpg 300w, https:\/\/taizypackaging.com\/wp-content\/uploads\/2026\/02\/packing-machine-delivery-16x12.jpg 16w\" sizes=\"auto, (max-width: 720px) 100vw, 720px\" \/><figcaption class=\"wp-element-caption\">Giao h\u00e0ng m\u00e1y \u0111\u00f3ng g\u00f3i<\/figcaption><\/figure> <\/figure>    <p>Li\u00ean h\u1ec7 v\u1edbi ch\u00fang t\u00f4i h\u00f4m nay \u0111\u1ec3 nh\u1eadn b\u00e1o gi\u00e1 chuy\u00ean nghi\u1ec7p v\u00e0 gi\u1ea3i ph\u00e1p \u0111\u00f3ng g\u00f3i t\u00f9y ch\u1ec9nh \u2014 ch\u00fang t\u00f4i mong mu\u1ed1n x\u00e2y d\u1ef1ng m\u1ed1i quan h\u1ec7 h\u1ee3p t\u00e1c l\u00e2u d\u00e0i v\u1edbi b\u1ea1n.<\/p>","protected":false},"excerpt":{"rendered":"<p>Taizy Machinery Taizy Packaging Machinery Co. LTD is the Taizy brand under the umbrella of Shuliy Group, specializing in the design, manufacture, and export of food processing equipment and packaging machinery. With its own factory and advanced production capabilities, Taizy offers a complete range of packaging machines \u2014 from powder fillers and spice packing machines [&hellip;]<\/p>\n","protected":false},"author":1,"featured_media":0,"parent":0,"menu_order":0,"comment_status":"closed","ping_status":"closed","template":"","meta":{"footnotes":""},"class_list":["post-18","page","type-page","status-publish","hentry"],"_links":{"self":[{"href":"https:\/\/taizypackaging.com\/vi\/wp-json\/wp\/v2\/pages\/18","targetHints":{"allow":["GET"]}}],"collection":[{"href":"https:\/\/taizypackaging.com\/vi\/wp-json\/wp\/v2\/pages"}],"about":[{"href":"https:\/\/taizypackaging.com\/vi\/wp-json\/wp\/v2\/types\/page"}],"author":[{"embeddable":true,"href":"https:\/\/taizypackaging.com\/vi\/wp-json\/wp\/v2\/users\/1"}],"replies":[{"embeddable":true,"href":"https:\/\/taizypackaging.com\/vi\/wp-json\/wp\/v2\/comments?post=18"}],"version-history":[{"count":8,"href":"https:\/\/taizypackaging.com\/vi\/wp-json\/wp\/v2\/pages\/18\/revisions"}],"predecessor-version":[{"id":5190,"href":"https:\/\/taizypackaging.com\/vi\/wp-json\/wp\/v2\/pages\/18\/revisions\/5190"}],"wp:attachment":[{"href":"https:\/\/taizypackaging.com\/vi\/wp-json\/wp\/v2\/media?parent=18"}],"curies":[{"name":"wp","href":"https:\/\/api.w.org\/{rel}","templated":true}]}}