{"id":52,"date":"2020-08-20T08:07:05","date_gmt":"2020-08-20T08:07:05","guid":{"rendered":"https:\/\/taizypackaging.com\/?page_id=52"},"modified":"2022-10-10T02:51:14","modified_gmt":"2022-10-10T02:51:14","slug":"packaging-machines","status":"publish","type":"page","link":"https:\/\/taizypackaging.com\/vi\/packaging-machines\/","title":{"rendered":"M\u00e1y \u0111\u00f3ng g\u00f3i"},"content":{"rendered":"","protected":false},"excerpt":{"rendered":"","protected":false},"author":1,"featured_media":4524,"parent":0,"menu_order":0,"comment_status":"closed","ping_status":"closed","template":"","meta":{"footnotes":""},"class_list":["post-52","page","type-page","status-publish","has-post-thumbnail","hentry"],"_links":{"self":[{"href":"https:\/\/taizypackaging.com\/vi\/wp-json\/wp\/v2\/pages\/52","targetHints":{"allow":["GET"]}}],"collection":[{"href":"https:\/\/taizypackaging.com\/vi\/wp-json\/wp\/v2\/pages"}],"about":[{"href":"https:\/\/taizypackaging.com\/vi\/wp-json\/wp\/v2\/types\/page"}],"author":[{"embeddable":true,"href":"https:\/\/taizypackaging.com\/vi\/wp-json\/wp\/v2\/users\/1"}],"replies":[{"embeddable":true,"href":"https:\/\/taizypackaging.com\/vi\/wp-json\/wp\/v2\/comments?post=52"}],"version-history":[{"count":0,"href":"https:\/\/taizypackaging.com\/vi\/wp-json\/wp\/v2\/pages\/52\/revisions"}],"wp:featuredmedia":[{"embeddable":true,"href":"https:\/\/taizypackaging.com\/vi\/wp-json\/wp\/v2\/media\/4524"}],"wp:attachment":[{"href":"https:\/\/taizypackaging.com\/vi\/wp-json\/wp\/v2\/media?parent=52"}],"curies":[{"name":"wp","href":"https:\/\/api.w.org\/{rel}","templated":true}]}}