{"id":1099,"date":"2021-02-05T09:44:16","date_gmt":"2021-02-05T09:44:16","guid":{"rendered":"https:\/\/taizypackaging.com\/?p=1099"},"modified":"2024-07-17T17:42:13","modified_gmt":"2024-07-17T09:42:13","slug":"dip-tea-bags-packing-machine","status":"publish","type":"product","link":"https:\/\/taizypackaging.com\/vi\/dip-tea-bags-packing-machine\/","title":{"rendered":"M\u00e1y \u0111\u00f3ng g\u00f3i t\u00fai tr\u00e0 c\u00f3 d\u00e2y v\u00e0 th\u1ebb"},"content":{"rendered":"<div class=\"kk-star-ratings kksr-auto kksr-align-left kksr-valign-top\"     data-payload='{&quot;align&quot;:&quot;left&quot;,&quot;id&quot;:&quot;1099&quot;,&quot;slug&quot;:&quot;default&quot;,&quot;valign&quot;:&quot;top&quot;,&quot;ignore&quot;:&quot;&quot;,&quot;reference&quot;:&quot;auto&quot;,&quot;class&quot;:&quot;&quot;,&quot;count&quot;:&quot;19&quot;,&quot;legendonly&quot;:&quot;&quot;,&quot;readonly&quot;:&quot;&quot;,&quot;score&quot;:&quot;4.8&quot;,&quot;starsonly&quot;:&quot;&quot;,&quot;best&quot;:&quot;5&quot;,&quot;gap&quot;:&quot;5&quot;,&quot;greet&quot;:&quot;Rate this product&quot;,&quot;legend&quot;:&quot;4.8\\\/5 - (19 b\u00ecnh ch\u1ecdn)&quot;,&quot;size&quot;:&quot;24&quot;,&quot;title&quot;:&quot;Tea Pouch Packing Machine with String and Tag&quot;,&quot;width&quot;:&quot;136.7&quot;,&quot;_legend&quot;:&quot;{score}\\\/{best} - ({count} {votes})&quot;,&quot;font_factor&quot;:&quot;1.25&quot;}'>              <div class=\"kksr-stars\">      <div class=\"kksr-stars-inactive\">             <div class=\"kksr-star\" data-star=\"1\" style=\"padding-right: 5px\">               <div class=\"kksr-icon\" style=\"width: 24px; height: 24px;\"><\/div>         <\/div>             <div class=\"kksr-star\" data-star=\"2\" style=\"padding-right: 5px\">               <div class=\"kksr-icon\" style=\"width: 24px; height: 24px;\"><\/div>         <\/div>             <div class=\"kksr-star\" data-star=\"3\" style=\"padding-right: 5px\">               <div class=\"kksr-icon\" style=\"width: 24px; height: 24px;\"><\/div>         <\/div>             <div class=\"kksr-star\" data-star=\"4\" style=\"padding-right: 5px\">               <div class=\"kksr-icon\" style=\"width: 24px; height: 24px;\"><\/div>         <\/div>             <div class=\"kksr-star\" data-star=\"5\" style=\"padding-right: 5px\">               <div class=\"kksr-icon\" style=\"width: 24px; height: 24px;\"><\/div>         <\/div>     <\/div>      <div class=\"kksr-stars-active\" style=\"width: 136.7px;\">             <div class=\"kksr-star\" style=\"padding-right: 5px\">               <div class=\"kksr-icon\" style=\"width: 24px; height: 24px;\"><\/div>         <\/div>             <div class=\"kksr-star\" style=\"padding-right: 5px\">               <div class=\"kksr-icon\" style=\"width: 24px; height: 24px;\"><\/div>         <\/div>             <div class=\"kksr-star\" style=\"padding-right: 5px\">               <div class=\"kksr-icon\" style=\"width: 24px; height: 24px;\"><\/div>         <\/div>             <div class=\"kksr-star\" style=\"padding-right: 5px\">               <div class=\"kksr-icon\" style=\"width: 24px; height: 24px;\"><\/div>         <\/div>             <div class=\"kksr-star\" style=\"padding-right: 5px\">               <div class=\"kksr-icon\" style=\"width: 24px; height: 24px;\"><\/div>         <\/div>     <\/div> <\/div>                   <div class=\"kksr-legend\" style=\"font-size: 19.2px;\">             4.8\/5 - (19 b\u00ecnh ch\u1ecdn)    <\/div>     <\/div>  <p class=\"translation-block\"><strong>Tr\u00e0<\/strong> t\u00fai \u0111\u00f3ng g\u00f3i m\u00e1y th\u1ef1c hi\u1ec7n \u0111\u00f3ng g\u00f3i t\u00fai tr\u00e0 t\u00edch h\u1ee3p v\u1edbi d\u00e2y v\u00e0 nh\u00e3n. M\u00e1y \u0111\u00f3ng g\u00f3i t\u00fai tr\u00e0 dip c\u00f3 nh\u00e3n n\u00e0y kh\u00e1c v\u1edbi m\u00e1y \u0111\u00f3ng g\u00f3i t\u00fai tr\u00e0 \u1edf l\u1edbp bao b\u00ec b\u00ean trong v\u00e0 b\u00ean ngo\u00e0i, v\u00e0 c\u00e1i tr\u01b0\u1edbc c\u00f3 th\u1ec3 \u0111\u00f3ng g\u00f3i t\u00fai b\u00ean trong v\u00e0 t\u00fai b\u00ean ngo\u00e0i. M\u00e1y n\u00e0y l\u00e0 thi\u1ebft b\u1ecb \u0111\u00f3ng g\u00f3i tr\u00e0 t\u00fai \u0111a ch\u1ee9c n\u0103ng t\u1ef1 \u0111\u1ed9ng v\u1edbi ki\u1ec3u h\u00e0n nhi\u1ec7t m\u1edbi. D\u00e2y v\u00e0 nh\u00e3n \u0111\u01b0\u1ee3c k\u1ebft n\u1ed1i v\u1edbi t\u00fai b\u00ean trong th\u00f4ng qua m\u1ed9t thi\u1ebft b\u1ecb h\u00e0n nhi\u1ec7t. Vi\u1ec7c h\u00ecnh th\u00e0nh d\u00e2y v\u00e0 nh\u00e3n \u0111\u01b0\u1ee3c ho\u00e0n th\u00e0nh c\u00f9ng l\u00fac, gi\u00fap tr\u00e1nh ti\u1ebfp x\u00fac tr\u1ef1c ti\u1ebfp v\u1edbi v\u1eadt li\u1ec7u \u0111\u00f3ng g\u00f3i v\u00e0 c\u1ea3i thi\u1ec7n hi\u1ec7u su\u1ea5t l\u00e0m vi\u1ec7c.<\/p>    <h2 class=\"wp-block-heading\" id=\"tea-packaging-machine-with-string-and-tag-working-video\">Video ho\u1ea1t \u0111\u1ed9ng c\u1ee7a m\u00e1y \u0111\u00f3ng g\u00f3i tr\u00e0 c\u00f3 d\u00e2y v\u00e0 th\u1ebb<\/h2>   <figure class=\"wp-block-embed-youtube wp-block-embed is-type-video is-provider-youtube wp-embed-aspect-16-9 wp-has-aspect-ratio\"><div class=\"lyte-wrapper fourthree\" title=\"M\u00e1y \u0111\u00f3ng g\u00f3i t\u00fai tr\u00e0 c\u00f3 d\u00e2y v\u00e0 th\u1ebb t\u1ef1 \u0111\u1ed9ng d\u00e0nh cho doanh nghi\u1ec7p nh\u1ecf\" style=\"width:960px;max-width:100%;margin:5px auto;\"><div class=\"lyMe hidef\" id=\"WYL_LG-3fs_L1ks\" itemprop=\"video\" itemscope itemtype=\"https:\/\/schema.org\/VideoObject\"><div><meta itemprop=\"thumbnailUrl\" content=\"https:\/\/taizypackaging.com\/wp-content\/plugins\/wp-youtube-lyte\/lyteCache.php?origThumbUrl=https%3A%2F%2Fi.ytimg.com%2Fvi%2FLG-3fs_L1ks%2Fmaxresdefault.jpg\" \/><meta itemprop=\"embedURL\" content=\"https:\/\/www.youtube.com\/embed\/LG-3fs_L1ks\" \/><meta itemprop=\"duration\" content=\"PT1M30S\" \/><meta itemprop=\"uploadDate\" content=\"2022-02-17T07:24:12Z\" \/><\/div><div id=\"lyte_LG-3fs_L1ks\" data-src=\"https:\/\/taizypackaging.com\/wp-content\/plugins\/wp-youtube-lyte\/lyteCache.php?origThumbUrl=https%3A%2F%2Fi.ytimg.com%2Fvi%2FLG-3fs_L1ks%2Fmaxresdefault.jpg\" class=\"pL\"><div class=\"tC\"><div class=\"tT\" itemprop=\"name\">M\u00e1y \u0111\u00f3ng g\u00f3i t\u00fai tr\u00e0 c\u00f3 d\u00e2y v\u00e0 th\u1ebb t\u1ef1 \u0111\u1ed9ng d\u00e0nh cho doanh nghi\u1ec7p nh\u1ecf<\/div><\/div><div class=\"play\"><\/div><div class=\"ctrl\"><div class=\"Lctrl\"><\/div><div class=\"Rctrl\"><\/div><\/div><\/div><noscript><a href=\"https:\/\/youtu.be\/LG-3fs_L1ks\" rel=\"nofollow noopener\" target=\"_blank\"><img loading=\"lazy\" decoding=\"async\" src=\"https:\/\/taizypackaging.com\/wp-content\/plugins\/wp-youtube-lyte\/lyteCache.php?origThumbUrl=https%3A%2F%2Fi.ytimg.com%2Fvi%2FLG-3fs_L1ks%2F0.jpg\" alt=\"M\u00e1y \u0111\u00f3ng g\u00f3i t\u00fai tr\u00e0 c\u00f3 d\u00e2y v\u00e0 th\u1ebb t\u1ef1 \u0111\u1ed9ng d\u00e0nh cho doanh nghi\u1ec7p nh\u1ecf\" width=\"960\" height=\"700\" \/><br \/>Xem video n\u00e0y tr\u00ean YouTube<\/a><\/noscript><meta itemprop=\"description\" content=\"#teabagpacking #teapackingmachine EMAIL: info@taizypackaging.com TEL\/WHATSAPP: +86 18837171591 USEFUL LINK: https:\/\/taizypackaging.com\/dip-tea-bags-packing-machine\/ This tea bag packing machine with string and tag is a great tea pouch packaging solution. This machine realizes the integrated tea bag packing with string and tag. This machine is an automatic multi-functional inner tea bag packaging equipment with a new heat sealing type. The string and tag are connected to the inner bag through a heat sealing device. The string and tag forming are finished at the same time, which avoids direct contact with the packing material and improves working efficiency. This kind of tea pouch packing machine with string and tag mainly consists of two systems, a feeding system, and a packaging system. It is suitable for automatic packaging of lemongrass tea, broken tea, herbal tea, coffee, plant scented tea, green tea, black tea, grain tea, barley tea, rose tea, health care tea, loose tea, etc. You may also like these videos about tea packaging equipment: Pyramid tea bag packing machine: https:\/\/www.youtube.com\/watch?v=kbEO73W2QQQ Tea packing machine with outer bag: https:\/\/www.youtube.com\/watch?v=StbYeKbuokc EMAIL: info@taizypackaging.com TEL\/WHATSAPP: +86 18837171591 USEFUL LINK: https:\/\/taizypackaging.com\/dip-tea-bags-packing-machine\/\"><\/div><\/div><div class=\"lL\" style=\"max-width:100%;width:960px;margin:5px auto;\"><\/div><figcaption><\/figcaption><\/figure>   <h2 class=\"wp-block-heading\" id=\"h-application-of-tea-inner-bag-packing-machine-with-tag\">\u1ee8ng d\u1ee5ng m\u00e1y \u0111\u00f3ng g\u00f3i t\u00fai tr\u00e0 c\u00f3 d\u00e2y v\u00e0 th\u1ebb<\/h2>    <p>N\u00f3 ph\u00f9 h\u1ee3p cho vi\u1ec7c \u0111\u00f3ng g\u00f3i t\u1ef1 \u0111\u1ed9ng tr\u00e0 s\u1ea3, tr\u00e0 v\u1ee1, tr\u00e0 th\u1ea3o d\u01b0\u1ee3c, c\u00e0 ph\u00ea, tr\u00e0 th\u01a1m th\u1ef1c v\u1eadt, tr\u00e0 xanh, tr\u00e0 \u0111en, tr\u00e0 ng\u0169 c\u1ed1c, tr\u00e0 l\u00faa m\u1ea1ch, tr\u00e0 hoa h\u1ed3ng, tr\u00e0 ch\u0103m s\u00f3c s\u1ee9c kh\u1ecfe, tr\u00e0 l\u1ecfng, v.v.<\/p>    <figure class=\"wp-block-image size-full\"><img decoding=\"async\" src=\"https:\/\/taizypackaging.com\/wp-content\/uploads\/2021\/08\/\u5185\u888b\u7ebf\u8336\u53f6\u5305\u88c5\u673a_02.jpg\" alt=\"\u1ee9ng d\u1ee5ng m\u00e1y \u0111\u00f3ng g\u00f3i t\u00fai tr\u00e0\" class=\"wp-image-2587\"\/><figcaption class=\"wp-element-caption\">\u1ee9ng d\u1ee5ng m\u00e1y \u0111\u00f3ng g\u00f3i t\u00fai tr\u00e0<\/figcaption><\/figure>    <h2 class=\"wp-block-heading\" id=\"h-technical-parameters\">Th\u00f4ng s\u1ed1 k\u1ef9 thu\u1eadt c\u1ee7a m\u00e1y \u0111\u00f3ng g\u00f3i tr\u00e0 n\u00e0y<\/h2>    <figure class=\"wp-block-table\"><table><tbody><tr><td>\u0110o ph\u1ea1m vi<\/td><td>1-10g<\/td><\/tr><tr><td>k\u00edch th\u01b0\u1edbc t\u00fai<\/td><td>50-80mm(D),45-80mm(W)<\/td><\/tr><tr><td>K\u00edch th\u01b0\u1edbc nh\u00e3n<\/td><td>(D\u00e0i*W) 20*28mm\/ 20*25mm \/ 20*20mm<\/td><\/tr><tr><td>T\u1ed1c \u0111\u1ed9 \u0111\u00f3ng g\u00f3i<\/td><td>30-60 t\u00fai\/ph\u00fat<\/td><\/tr><tr><td>K\u00edch th\u01b0\u1edbc (L*W*H)<\/td><td>1250*750*1750mm<\/td><\/tr><tr><td>C\u00e2n n\u1eb7ng<\/td><td>380kg<\/td><\/tr><tr><td>T\u1ed5ng c\u00f4ng su\u1ea5t<\/td><td>AC 220V50HZ 1.6KW<\/td><\/tr><\/tbody><\/table><\/figure>    <h2 class=\"wp-block-heading\" id=\"h-the-details-of-tea-inner-bag-packing-machine-with-tag\">\u01afu \u0111i\u1ec3m c\u1ee7a m\u00e1y \u0111\u00f3ng g\u00f3i tr\u00e0 t\u00fai l\u1ecdc c\u00f3 tag &amp; d\u00e2y<\/h2>    <ol class=\"wp-block-list\"> <li>B\u1ea3ng \u0111i\u1ec1u khi\u1ec3n th\u00f4ng minh, v\u1eadn h\u00e0nh d\u1ec5 d\u00e0ng, \u0111i\u1ec1u khi\u1ec3n ch\u00ednh x\u00e1c, an to\u00e0n v\u00e0 ti\u1ec7n l\u1ee3i<\/li>    <li>T\u1ef1 \u0111\u1ed9ng k\u1ebft th\u00fac qu\u00e1 tr\u00ecnh cho \u0103n, c\u00e2n, chi\u1ebft r\u00f3t, h\u00e0n k\u00edn v\u00e0 c\u1eaft.<\/li>    <li>Ch\u1ea5t li\u1ec7u th\u1ef1c ph\u1ea9m b\u1eb1ng th\u00e9p kh\u00f4ng g\u1ec9 304, v\u1ec7 sinh v\u00e0 \u0111\u00e1ng tin c\u1eady<\/li>    <li>H\u1ec7 th\u1ed1ng d\u1eebng kh\u1ea9n c\u1ea5p \u0111\u1ec3 \u0111\u1ea3m b\u1ea3o an to\u00e0n cho ng\u01b0\u1eddi v\u1eadn h\u00e0nh<\/li>    <li>D\u1ecbch v\u1ee5 ti\u00eau chu\u1ea9n v\u00e0 t\u00f9y ch\u1ec9nh c\u00f3 s\u1eb5n <\/li> <\/ol>    <figure class=\"wp-block-image size-full\"><img decoding=\"async\" src=\"https:\/\/taizypackaging.com\/wp-content\/uploads\/2021\/08\/\u5185\u888b\u7ebf\u8336\u53f6\u5305\u88c5\u673a_05.jpg\" alt=\"chi ti\u1ebft m\u00e1y \u0111\u00f3ng g\u00f3i tr\u00e0 t\u00fai l\u1ecdc\" class=\"wp-image-2589\"\/><figcaption class=\"wp-element-caption\">chi ti\u1ebft m\u00e1y \u0111\u00f3ng g\u00f3i tr\u00e0 t\u00fai l\u1ecdc<\/figcaption><\/figure>    <h2 class=\"wp-block-heading\" id=\"h-measurement-method\">Ph\u01b0\u01a1ng ph\u00e1p \u0111o l\u01b0\u1eddng<\/h2>    <p>Ph\u01b0\u01a1ng ph\u00e1p l\u01b0\u1ee3ng t\u1eed. C\u1ed1c \u0111o \u0111\u01b0\u1ee3c l\u00e0m t\u1eeb ch\u1ea5t li\u1ec7u th\u00e9p kh\u00f4ng g\u1ec9 304, b\u1ec1n v\u00e0 \u0111\u00e1ng tin c\u1eady. <\/p>   <div class=\"wp-block-image wp-image-1103 size-full\"> <figure class=\"aligncenter\"><img decoding=\"async\" src=\"https:\/\/taizypackaging.com\/wp-content\/uploads\/2021\/02\/tea-packing-machine-with-string-and-tag.jpg\" alt=\"m\u00e1y \u0111\u00f3ng g\u00f3i tr\u00e0 c\u00f3 d\u00e2y v\u00e0 th\u1ebb\" class=\"wp-image-3397\"\/><figcaption class=\"wp-element-caption\">m\u00e1y \u0111\u00f3ng g\u00f3i tr\u00e0 c\u00f3 d\u00e2y v\u00e0 th\u1ebb<\/figcaption><\/figure> <\/div>   <h2 class=\"wp-block-heading\" id=\"h-faq-of-tea-bags-packing-machine\">C\u00e2u h\u1ecfi th\u01b0\u1eddng g\u1eb7p v\u1ec1 m\u00e1y chi\u1ebft r\u00f3t v\u00e0 h\u00e0n k\u00edn t\u00fai tr\u00e0<\/h2>    <ul class=\"wp-block-list\"> <li>L\u00e0m th\u1ebf n\u00e0o \u0111\u1ec3 t\u00ecm \u0111\u01b0\u1ee3c m\u1ed9t m\u00e1y \u0111\u00f3ng g\u00f3i t\u00fai tr\u00e0 ph\u00f9 h\u1ee3p? <\/li> <\/ul>    <p>H\u00e3y cho ch\u00fang t\u00f4i bi\u1ebft v\u1ec1 chi ti\u1ebft s\u1ea3n ph\u1ea9m c\u1ee7a b\u1ea1n: B\u1ea1n c\u1ea7n \u0111\u00f3ng g\u00f3i lo\u1ea1i v\u1eadt li\u1ec7u n\u00e0o, K\u00edch th\u01b0\u1edbc v\u1eadt li\u1ec7u c\u1ee7a b\u1ea1n (b\u1ea1n c\u00f3 th\u1ec3 cho t\u00f4i m\u1ed9t b\u1ee9c \u1ea3nh).<\/p>    <ul class=\"wp-block-list\"> <li>B\u1ea1n c\u00f3 ph\u1ea3i l\u00e0 nh\u00e0 m\u00e1y ho\u1eb7c c\u00f4ng ty th\u01b0\u01a1ng m\u1ea1i?<\/li> <\/ul>    <p>Ch\u00fang t\u00f4i l\u00e0 nh\u00e0 m\u00e1y, v\u00e0 \u0111\u1eb7c bi\u1ec7t l\u00e0 R&amp;D. Ngo\u00e0i ra, ch\u00fang t\u00f4i s\u1ea3n xu\u1ea5t v\u00e0 b\u00e1n c\u00e1c lo\u1ea1i m\u00e1y \u0111\u00f3ng g\u00f3i kh\u00e1c nhau. Hi\u1ec7n t\u1ea1i ch\u00fang t\u00f4i \u0111ang b\u00e1n n\u0103m lo\u1ea1i m\u00e1y \u0111\u00f3ng g\u00f3i, ngo\u00e0i ra ch\u00fang t\u00f4i c\u00f2n c\u00f3 m\u00e1y \u0111\u00f3ng g\u00f3i d\u1ea1ng b\u1ed9t, m\u00e1y \u0111\u00f3ng g\u00f3i d\u1ea1ng h\u1ea1t, m\u00e1y \u0111\u00f3ng g\u00f3i d\u1ea1ng l\u1ecfng, m\u00e1y \u0111\u00f3ng g\u00f3i d\u1ea1ng d\u00e1n, v.v.<\/p>    <ul class=\"wp-block-list\" start=\"3\"> <li>C\u00e1ch thanh to\u00e1n c\u1ee7a b\u1ea1n l\u00e0 g\u00ec?<\/li> <\/ul>    <p>Hi\u1ec7n t\u1ea1i, m\u00e1y m\u00f3c c\u1ee7a ch\u00fang t\u00f4i \u0111\u00e3 \u0111\u01b0\u1ee3c xu\u1ea5t kh\u1ea9u \u0111i kh\u1eafp th\u1ebf gi\u1edbi n\u00ean ch\u00fang t\u00f4i h\u1ed7 tr\u1ee3 nhi\u1ec1u ph\u01b0\u01a1ng th\u1ee9c thanh to\u00e1n kh\u00e1c nhau.<\/p>    <ul class=\"wp-block-list\" start=\"4\"> <li>L\u00e0m th\u1ebf n\u00e0o ch\u00fang t\u00f4i c\u00f3 th\u1ec3 \u0111\u1ea3m b\u1ea3o v\u1ec1 ch\u1ea5t l\u01b0\u1ee3ng m\u00e1y sau khi \u0111\u1eb7t h\u00e0ng?<\/li> <\/ul>    <p>Tr\u01b0\u1edbc khi giao h\u00e0ng, ch\u00fang t\u00f4i s\u1ebd g\u1eedi cho b\u1ea1n h\u00ecnh \u1ea3nh v\u00e0 video \u0111\u1ec3 b\u1ea1n ki\u1ec3m tra ch\u1ea5t l\u01b0\u1ee3ng c\u1ee7a m\u00e1y. V\u00e0 b\u1ea1n c\u0169ng c\u00f3 th\u1ec3 s\u1eafp x\u1ebfp \u0111\u1ec3 b\u1ea1n b\u00e8 \u1edf Trung Qu\u1ed1c t\u1ef1 m\u00ecnh ki\u1ec3m tra.<\/p>    <ul class=\"wp-block-list\" start=\"5\"> <li>T\u1ea1i sao ch\u00fang t\u00f4i n\u00ean ch\u1ecdn c\u00f4ng ty c\u1ee7a b\u1ea1n?<\/li> <\/ul>    <p>Ch\u00fang t\u00f4i \u0111\u00e3 l\u00e0 chuy\u00ean gia v\u1ec1 m\u00e1y \u0111\u00f3ng g\u00f3i trong h\u01a1n 10 n\u0103m v\u00e0 ch\u00fang t\u00f4i cung c\u1ea5p d\u1ecbch v\u1ee5 h\u1eadu m\u00e3i t\u1ed1t h\u01a1n. Ch\u00fang t\u00f4i \u0111\u1ea3m b\u1ea3o kh\u00f4ng c\u00f3 r\u1ee7i ro cho th\u1ecfa thu\u1eadn c\u1ee7a ch\u00fang t\u00f4i.<\/p>    <ul class=\"wp-block-list\"> <li>Gi\u00e1 m\u00e1y \u0111\u00f3ng g\u00f3i t\u00fai tr\u00e0 b\u00ean trong nh\u01b0 th\u1ebf n\u00e0o?<\/li> <\/ul>    <p>Nh\u01b0 \u0111\u00e3 \u0111\u1ec1 c\u1eadp \u1edf tr\u00ean, hi\u1ec7n t\u1ea1i ch\u00fang t\u00f4i \u0111ang b\u00e1n r\u1ea5t nhi\u1ec1u lo\u1ea1i m\u00e1y \u0111\u00f3ng g\u00f3i tr\u00e0 nh\u00fang c\u1ee7a C\u00f4ng ty Taizy n\u00ean gi\u00e1 c\u1ea3 c\u0169ng \u0111a d\u1ea1ng. Ngo\u00e0i ra, gi\u00e1 ch\u00fang t\u00f4i \u0111\u00e1nh d\u1ea5u tr\u00ean Internet c\u0169ng l\u00e0 gi\u00e1 tham kh\u1ea3o. B\u1edfi ch\u1ea5t li\u1ec7u bao b\u00ec v\u00e0 ph\u1ea1m vi tr\u1ecdng l\u01b0\u1ee3ng c\u1ee7a bao b\u00ec s\u1ebd quy\u1ebft \u0111\u1ecbnh gi\u00e1 th\u00e0nh c\u1ee7a m\u00e1y. N\u1ebfu b\u1ea1n \u0111ang ngh\u0129 \u0111\u1ebfn vi\u1ec7c mua m\u1ed9t m\u00e1y \u0111\u00f3ng g\u00f3i tr\u00e0, h\u00e3y li\u00ean h\u1ec7 v\u1edbi gi\u00e1m \u0111\u1ed1c k\u1ef9 thu\u1eadt c\u1ee7a ch\u00fang t\u00f4i. Anh \u1ea5y s\u1ebd cung c\u1ea5p cho b\u1ea1n m\u1ed9t b\u00e1o gi\u00e1 theo nhu c\u1ea7u c\u1ee7a b\u1ea1n.<\/p>    <h2 class=\"wp-block-heading\" id=\"structures-of-tea-packing-machine-with-string-and-tag\">C\u1ea5u t\u1ea1o m\u00e1y \u0111\u00f3ng g\u00f3i tr\u00e0 c\u00f3 d\u00e2y v\u00e0 th\u1ebb<\/h2>    <p>Lo\u1ea1i m\u00e1y \u0111\u00f3ng g\u00f3i t\u00fai tr\u00e0 c\u00f3 d\u00e2y v\u00e0 th\u1ebb n\u00e0y ch\u1ee7 y\u1ebfu bao g\u1ed3m hai h\u1ec7 th\u1ed1ng, h\u1ec7 th\u1ed1ng c\u1ea5p li\u1ec7u v\u00e0 h\u1ec7 th\u1ed1ng \u0111\u00f3ng g\u00f3i. \u0110\u1ec3 ho\u00e0n thi\u1ec7n quy tr\u00ecnh \u0111\u00f3ng g\u00f3i ch\u00e8 t\u1ef1 \u0111\u1ed9ng, c\u00f3 r\u1ea5t nhi\u1ec1u b\u1ed9 ph\u1eadn ph\u1ed1i h\u1ee3p v\u1edbi nhau nh\u01b0 ph\u1ec5u c\u1ea5p li\u1ec7u, khay n\u1ea1p quay, b\u1ea3ng \u0111i\u1ec1u khi\u1ec3n, khu\u00f4n bao, b\u0103ng t\u1ea3i,\u2026 B\u00ean c\u1ea1nh \u0111\u00f3, ch\u00fang ta c\u1ea7n m\u1ed9t s\u1ed1 nguy\u00ean li\u1ec7u th\u00f4 \u0111\u1ec3 ho\u00e0n thi\u1ec7n d\u00e2y chuy\u1ec1n s\u1ea3n xu\u1ea5t ch\u00e8 ho\u00e0n ch\u1ec9nh. nh\u01b0 tr\u00e0, nh\u00e3n m\u00e1c v\u00e0 v\u1eadt li\u1ec7u \u0111\u00f3ng g\u00f3i. <\/p>    <figure class=\"wp-block-image size-full\"><img decoding=\"async\" src=\"https:\/\/taizypackaging.com\/wp-content\/uploads\/2021\/08\/\u5185\u888b\u7ebf\u8336\u53f6\u5305\u88c5\u673a_03.jpg\" alt=\"m\u00e1y \u0111\u00f3ng g\u00f3i tr\u00e0 c\u00f3 c\u1ea5u tr\u00fac chu\u1ed7i v\u00e0 th\u1ebb\" class=\"wp-image-2586\"\/><figcaption class=\"wp-element-caption\">m\u00e1y \u0111\u00f3ng g\u00f3i tr\u00e0 c\u00f3 c\u1ea5u tr\u00fac chu\u1ed7i v\u00e0 th\u1ebb<\/figcaption><\/figure>    <h2 class=\"wp-block-heading\" id=\"h-customer-case\">tr\u01b0\u1eddng h\u1ee3p kh\u00e1ch h\u00e0ng<\/h2>    <p class=\"translation-block\">M\u1ed9t kh\u00e1ch h\u00e0ng ng\u01b0\u1eddi Phi \u0111\u00e3 \u0111\u1eb7t mua m\u1ed9t m\u00e1y \u0111\u00f3ng g\u00f3i t\u00fai tr\u00e0 t\u1eeb ch\u00fang t\u00f4i \u0111\u1ec3 \u0111\u00f3ng g\u00f3i tr\u00e0 loose-leaf. C\u00f4 \u1ea5y mu\u1ed1n b\u1eaft \u0111\u1ea7u c\u00f4ng vi\u1ec7c kinh doanh ri\u00eang. Sau khi trao \u0111\u1ed5i v\u1edbi qu\u1ea3n l\u00fd k\u1ef9 thu\u1eadt c\u1ee7a ch\u00fang t\u00f4i v\u1ec1 chi ti\u1ebft \u0111\u00f3ng g\u00f3i, \u0111\u01a1n \u0111\u1eb7t h\u00e0ng \u0111\u01b0\u1ee3c ti\u1ebfn h\u00e0nh. Sau khi nh\u1eadn m\u00e1y, kh\u00e1ch h\u00e0ng ti\u1ebfn h\u00e0nh th\u1eed nghi\u1ec7m m\u00e1y. \u0110\u1ed3ng th\u1eddi, anh \u1ea5y cho bi\u1ebft hi\u1ec7u qu\u1ea3 \u0111\u00f3ng g\u00f3i r\u1ea5t t\u1ed1t. T\u00fai tr\u00e0 \u0111\u01b0\u1ee3c \u0111\u00f3ng g\u00f3i v\u1edbi bao ngo\u00e0i m\u00e0 anh \u1ea5y b\u00e1n r\u1ea5t ph\u1ed5 bi\u1ebfn tr\u00ean th\u1ecb tr\u01b0\u1eddng. Cu\u1ed1i c\u00f9ng, kh\u00e1ch h\u00e0ng cho bi\u1ebft khi c\u00f4ng vi\u1ec7c kinh doanh hi\u1ec7n t\u1ea1i \u1ed5n \u0111\u1ecbnh, anh \u1ea5y s\u1ebd \u0111\u1eb7t mua th\u00eam <a href=\"https:\/\/taizypackaging.com\/vi\/tea-packaging-machine\/\">m\u00e1y \u0111\u00f3ng g\u00f3i tr\u00e0 trong v\u00e0 ngo\u00e0i bao<\/a> t\u1eeb ch\u00fang t\u00f4i \u0111\u1ec3 m\u1edf r\u1ed9ng c\u00f4ng vi\u1ec7c kinh doanh c\u1ee7a m\u00ecnh.<\/p>    <figure class=\"wp-block-image size-full\"><img decoding=\"async\" src=\"https:\/\/taizypackaging.com\/wp-content\/uploads\/2021\/02\/customer-feedback-of-quality-tea-bag-packing-equipment.jpg\" alt=\"ph\u1ea3n h\u1ed3i c\u1ee7a kh\u00e1ch h\u00e0ng v\u1ec1 thi\u1ebft b\u1ecb \u0111\u00f3ng g\u00f3i t\u00fai tr\u00e0 ch\u1ea5t l\u01b0\u1ee3ng\" class=\"wp-image-3398\"\/><figcaption class=\"wp-element-caption\">ph\u1ea3n h\u1ed3i c\u1ee7a kh\u00e1ch h\u00e0ng v\u1ec1 thi\u1ebft b\u1ecb \u0111\u00f3ng g\u00f3i t\u00fai tr\u00e0 ch\u1ea5t l\u01b0\u1ee3ng<\/figcaption><\/figure>    <h2 class=\"wp-block-heading\" id=\"contact-us-today-to-start-your-tea-project\">H\u00e3y li\u00ean h\u1ec7 v\u1edbi ch\u00fang t\u00f4i ngay h\u00f4m nay \u0111\u1ec3 b\u1eaft \u0111\u1ea7u d\u1ef1 \u00e1n tr\u00e0 c\u1ee7a b\u1ea1n!<\/h2>    <p class=\"translation-block\">Tr\u00e0 ng\u00e2m (dip tea) ph\u1ed5 bi\u1ebfn nh\u01b0 c\u00e0 ph\u00ea v\u00e0 tr\u00e0 s\u1eefa. V\u00e0 \u0111\u00e2y l\u00e0 c\u01a1 h\u1ed9i tuy\u1ec7t v\u1eddi cho kinh doanh \u0111\u00f3ng g\u00f3i tr\u00e0. M\u00e1y \u0111\u00f3ng g\u00f3i t\u00fai tr\u00e0 c\u00f3 d\u00e2y v\u00e0 nh\u00e3n l\u00e0 lo\u1ea1i m\u00e1y \u0111\u00f3ng g\u00f3i tr\u00e0 ch\u00ednh. N\u00f3 c\u00f3 k\u00edch th\u01b0\u1edbc nh\u1ecf v\u00e0 chi ph\u00ed th\u1ea5p, n\u00ean ph\u00f9 h\u1ee3p cho doanh nghi\u1ec7p nh\u1ecf c\u1ee7a b\u1ea1n. B\u00ean c\u1ea1nh \u0111\u00f3, c\u00f2n c\u00f3 <a href=\"https:\/\/taizypackaging.com\/vi\/pyramid-tea-bag-packing-machine-price\/\">m\u00e1y \u0111\u00f3ng g\u00f3i tr\u00e0 h\u00ecnh kim t\u1ef1 th\u00e1p<\/a> v\u00e0 m\u00e1y \u0111\u00f3ng g\u00f3i tr\u00e0 trong v\u00e0 ngo\u00e0i t\u00fai t\u1eeb c\u00f4ng ty <a href=\"https:\/\/taizypackaging.com\/vi\/\">Taizy Packaging Machinery<\/a>. N\u1ebfu b\u1ea1n \u0111ang t\u00ecm ki\u1ebfm m\u1ed9t m\u00e1y \u0111\u00f3ng g\u00f3i tr\u00e0 \u0111\u00e1ng tin c\u1eady, h\u00e3y li\u00ean h\u1ec7 v\u1edbi ch\u00fang t\u00f4i \u0111\u1ec3 nh\u1eadn th\u00eam th\u00f4ng tin h\u1eefu \u00edch. <\/p>","protected":false},"excerpt":{"rendered":"<p>The tea pouch packing machine realizes the integrated tea bag packing with string and tag. This dip tea bag packing machine with tag unity is different from the tea inner and outer bag packaging machine, and the latter can package the inner bag and the outer bag. This machine is an automatic multi-functional inner tea [&hellip;]<\/p>\n","protected":false},"author":1,"featured_media":2584,"parent":0,"template":"","tags":[470,482,563],"product-type":[667],"class_list":["post-1099","product","type-product","status-publish","has-post-thumbnail","hentry","tag-tea-bag-packing-machine","tag-tea-packing-machine","tag-tea-pouch-packing-machine","product-type-tea-packing-machine"],"_links":{"self":[{"href":"https:\/\/taizypackaging.com\/vi\/wp-json\/wp\/v2\/product\/1099","targetHints":{"allow":["GET"]}}],"collection":[{"href":"https:\/\/taizypackaging.com\/vi\/wp-json\/wp\/v2\/product"}],"about":[{"href":"https:\/\/taizypackaging.com\/vi\/wp-json\/wp\/v2\/types\/product"}],"author":[{"embeddable":true,"href":"https:\/\/taizypackaging.com\/vi\/wp-json\/wp\/v2\/users\/1"}],"wp:featuredmedia":[{"embeddable":true,"href":"https:\/\/taizypackaging.com\/vi\/wp-json\/wp\/v2\/media\/2584"}],"wp:attachment":[{"href":"https:\/\/taizypackaging.com\/vi\/wp-json\/wp\/v2\/media?parent=1099"}],"wp:term":[{"taxonomy":"post_tag","embeddable":true,"href":"https:\/\/taizypackaging.com\/vi\/wp-json\/wp\/v2\/tags?post=1099"},{"taxonomy":"product-type","embeddable":true,"href":"https:\/\/taizypackaging.com\/vi\/wp-json\/wp\/v2\/product-type?post=1099"}],"curies":[{"name":"wp","href":"https:\/\/api.w.org\/{rel}","templated":true}]}}