{"id":1146,"date":"2021-03-08T10:41:07","date_gmt":"2021-03-08T10:41:07","guid":{"rendered":"https:\/\/taizypackaging.com\/?p=1146"},"modified":"2024-07-17T17:38:54","modified_gmt":"2024-07-17T09:38:54","slug":"pyramid-tea-bag-packing-machine-price","status":"publish","type":"product","link":"https:\/\/taizypackaging.com\/vi\/pyramid-tea-bag-packing-machine-price\/","title":{"rendered":"M\u00e1y \u0111\u00f3ng g\u00f3i t\u00fai tr\u00e0 kim t\u1ef1 th\u00e1p"},"content":{"rendered":"<div class=\"kk-star-ratings kksr-auto kksr-align-left kksr-valign-top\"     data-payload='{&quot;align&quot;:&quot;left&quot;,&quot;id&quot;:&quot;1146&quot;,&quot;slug&quot;:&quot;default&quot;,&quot;valign&quot;:&quot;top&quot;,&quot;ignore&quot;:&quot;&quot;,&quot;reference&quot;:&quot;auto&quot;,&quot;class&quot;:&quot;&quot;,&quot;count&quot;:&quot;11&quot;,&quot;legendonly&quot;:&quot;&quot;,&quot;readonly&quot;:&quot;&quot;,&quot;score&quot;:&quot;4.9&quot;,&quot;starsonly&quot;:&quot;&quot;,&quot;best&quot;:&quot;5&quot;,&quot;gap&quot;:&quot;5&quot;,&quot;greet&quot;:&quot;Rate this product&quot;,&quot;legend&quot;:&quot;4.9\\\/5 - (11 b\u00ecnh ch\u1ecdn)&quot;,&quot;size&quot;:&quot;24&quot;,&quot;title&quot;:&quot;Pyramid Tea Bag Packing Machine&quot;,&quot;width&quot;:&quot;139.6&quot;,&quot;_legend&quot;:&quot;{score}\\\/{best} - ({count} {votes})&quot;,&quot;font_factor&quot;:&quot;1.25&quot;}'>              <div class=\"kksr-stars\">      <div class=\"kksr-stars-inactive\">             <div class=\"kksr-star\" data-star=\"1\" style=\"padding-right: 5px\">               <div class=\"kksr-icon\" style=\"width: 24px; height: 24px;\"><\/div>         <\/div>             <div class=\"kksr-star\" data-star=\"2\" style=\"padding-right: 5px\">               <div class=\"kksr-icon\" style=\"width: 24px; height: 24px;\"><\/div>         <\/div>             <div class=\"kksr-star\" data-star=\"3\" style=\"padding-right: 5px\">               <div class=\"kksr-icon\" style=\"width: 24px; height: 24px;\"><\/div>         <\/div>             <div class=\"kksr-star\" data-star=\"4\" style=\"padding-right: 5px\">               <div class=\"kksr-icon\" style=\"width: 24px; height: 24px;\"><\/div>         <\/div>             <div class=\"kksr-star\" data-star=\"5\" style=\"padding-right: 5px\">               <div class=\"kksr-icon\" style=\"width: 24px; height: 24px;\"><\/div>         <\/div>     <\/div>      <div class=\"kksr-stars-active\" style=\"width: 139.6px;\">             <div class=\"kksr-star\" style=\"padding-right: 5px\">               <div class=\"kksr-icon\" style=\"width: 24px; height: 24px;\"><\/div>         <\/div>             <div class=\"kksr-star\" style=\"padding-right: 5px\">               <div class=\"kksr-icon\" style=\"width: 24px; height: 24px;\"><\/div>         <\/div>             <div class=\"kksr-star\" style=\"padding-right: 5px\">               <div class=\"kksr-icon\" style=\"width: 24px; height: 24px;\"><\/div>         <\/div>             <div class=\"kksr-star\" style=\"padding-right: 5px\">               <div class=\"kksr-icon\" style=\"width: 24px; height: 24px;\"><\/div>         <\/div>             <div class=\"kksr-star\" style=\"padding-right: 5px\">               <div class=\"kksr-icon\" style=\"width: 24px; height: 24px;\"><\/div>         <\/div>     <\/div> <\/div>                   <div class=\"kksr-legend\" style=\"font-size: 19.2px;\">             4.9\/5 - (11 l\u01b0\u1ee3t b\u00ecnh ch\u1ecdn)    <\/div>     <\/div>  <p class=\"translation-block\"><strong>M\u00e1y \u0111\u00f3ng g\u00f3i t\u00fai tr\u00e0 kim t\u1ef1 th\u00e1p<\/strong>, hay m\u00e1y \u0111\u00f3ng g\u00f3i tr\u00e0 tam gi\u00e1c b\u1eb1ng nylon, \u0111\u01b0\u1ee3c thi\u1ebft k\u1ebf \u0111\u1ec3 \u0111\u00f3ng g\u00f3i c\u00e1c s\u1ea3n ph\u1ea9m nh\u01b0 tr\u00e0 xanh, tr\u00e0 \u0111en, tr\u00e0 t\u00fai, tr\u00e0 hoa, tr\u00e0 th\u1ea3o m\u1ed9c Trung Qu\u1ed1c, v.v. N\u00f3 c\u00f3 th\u1ec3 t\u1ef1 \u0111\u1ed9ng ho\u00e0n th\u00e0nh qu\u00e1 tr\u00ecnh c\u1ea5p li\u1ec7u, c\u00e2n, \u0111i\u1ec1n \u0111\u1ea7y, h\u00e0n k\u00edn v\u00e0 c\u1eaft, m\u1ed9t c\u00e1ch hi\u1ec7u qu\u1ea3 v\u00e0 an to\u00e0n. <\/p>    <h2 class=\"wp-block-heading\">Video ho\u1ea1t \u0111\u1ed9ng c\u1ee7a m\u00e1y \u0111\u00f3ng g\u00f3i t\u00fai tr\u00e0 h\u00ecnh ch\u00f3p<\/h2>   <figure class=\"wp-block-embed-youtube wp-block-embed is-type-video is-provider-youtube wp-embed-aspect-16-9 wp-has-aspect-ratio\"><div class=\"lyte-wrapper fourthree\" title=\"M\u00e1y \u0111\u00f3ng g\u00f3i tr\u00e0 kim t\u1ef1 th\u00e1p\" style=\"width:960px;max-width:100%;margin:5px auto;\"><div class=\"lyMe hidef\" id=\"WYL_kbEO73W2QQQ\" itemprop=\"video\" itemscope itemtype=\"https:\/\/schema.org\/VideoObject\"><div><meta itemprop=\"thumbnailUrl\" content=\"https:\/\/taizypackaging.com\/wp-content\/plugins\/wp-youtube-lyte\/lyteCache.php?origThumbUrl=https%3A%2F%2Fi.ytimg.com%2Fvi%2FkbEO73W2QQQ%2Fmaxresdefault.jpg\" \/><meta itemprop=\"embedURL\" content=\"https:\/\/www.youtube.com\/embed\/kbEO73W2QQQ\" \/><meta itemprop=\"duration\" content=\"PT59S\" \/><meta itemprop=\"uploadDate\" content=\"2021-08-07T11:00:08Z\" \/><\/div><div id=\"lyte_kbEO73W2QQQ\" data-src=\"https:\/\/taizypackaging.com\/wp-content\/plugins\/wp-youtube-lyte\/lyteCache.php?origThumbUrl=https%3A%2F%2Fi.ytimg.com%2Fvi%2FkbEO73W2QQQ%2Fmaxresdefault.jpg\" class=\"pL\"><div class=\"tC\"><div class=\"tT\" itemprop=\"name\">M\u00e1y \u0111\u00f3ng g\u00f3i tr\u00e0 kim t\u1ef1 th\u00e1p<\/div><\/div><div class=\"play\"><\/div><div class=\"ctrl\"><div class=\"Lctrl\"><\/div><div class=\"Rctrl\"><\/div><\/div><\/div><noscript><a href=\"https:\/\/youtu.be\/kbEO73W2QQQ\" rel=\"nofollow noopener\" target=\"_blank\"><img loading=\"lazy\" decoding=\"async\" src=\"https:\/\/taizypackaging.com\/wp-content\/plugins\/wp-youtube-lyte\/lyteCache.php?origThumbUrl=https%3A%2F%2Fi.ytimg.com%2Fvi%2FkbEO73W2QQQ%2F0.jpg\" alt=\"M\u00e1y \u0111\u00f3ng g\u00f3i tr\u00e0 kim t\u1ef1 th\u00e1p\" width=\"960\" height=\"700\" \/><br \/>Xem video n\u00e0y tr\u00ean YouTube<\/a><\/noscript><meta itemprop=\"description\" content=\"WhatsApp\/Wechat\/Tel:+86 19139754781 The nylon triangle tea bag is a popular style recently, and nowadays, pyramid tea bags can be purchased in various stores around the world. As its name suggests, when you take the teabag out of the box and place it on the counter, the teabag is like a triangular pyramid. It is very suitable for brewing a cup of tea quickly. Also, there is a convenient string for drinking from the cup.If you want to learn more:https:\/\/taizypackaging.com\/pyramid-tea-bag-packing-machine-price\/\"><\/div><\/div><div class=\"lL\" style=\"max-width:100%;width:960px;margin:5px auto;\"><\/div><figcaption><\/figcaption><\/figure>   <h2 class=\"wp-block-heading\" id=\"h-applicable-materials-of-nylon-triangle-tea-packaging-machine\">\u1ee8ng d\u1ee5ng c\u1ee7a m\u00e1y \u0111\u00f3ng g\u00f3i t\u00fai tr\u00e0 h\u00ecnh ch\u00f3p<\/h2>    <p>M\u00e1y \u0111\u00f3ng g\u00f3i c\u00f3 th\u1ec3 \u0111\u00f3ng g\u00f3i tr\u00e0 s\u1ea3, tr\u00e0 xanh, tr\u00e0 \u0111en, tr\u00e0 th\u01a1m, c\u00e0 ph\u00ea, tr\u00e0 Trung Qu\u1ed1c, tr\u00e0 t\u1ed1t cho s\u1ee9c kh\u1ecfe, tr\u00e0 th\u1ea3o d\u01b0\u1ee3c, tr\u00e0 \u00f4 long, tr\u00e0 hoa, h\u1ea1t, v.v. V\u1edbi thi\u1ebft b\u1ecb \u0111i\u1ec1u khi\u1ec3n PLC th\u00f4ng minh, m\u00e1y \u0111\u00f3ng g\u00f3i tr\u00e0 nh\u1ecf r\u1ea5t d\u1ec5 v\u1eadn h\u00e0nh v\u00e0 b\u1ea3o tr\u00ec. Ngo\u00e0i ra, n\u00f3 c\u00f3 k\u00edch th\u01b0\u1edbc nh\u1ecf v\u00e0 gi\u00e1 c\u1ea3 ph\u1ea3i ch\u0103ng. T\u00f3m l\u1ea1i, chi ph\u00ed th\u1ea5p v\u00e0 l\u1ee3i nhu\u1eadn cao. <\/p>    <figure class=\"wp-block-image size-full\"><img decoding=\"async\" src=\"https:\/\/taizypackaging.com\/wp-content\/uploads\/2021\/08\/\u4e09\u89d2\u5305\u8336\u53f6\u5305\u88c5\u673a_02.jpg\" alt=\"c\u00f4ng d\u1ee5ng c\u1ee7a m\u00e1y \u0111\u00f3ng g\u00f3i tr\u00e0 t\u00fai l\u1ecdc kim t\u1ef1 th\u00e1p\" class=\"wp-image-2604\"\/><figcaption class=\"wp-element-caption\">c\u00f4ng d\u1ee5ng c\u1ee7a m\u00e1y \u0111\u00f3ng g\u00f3i tr\u00e0 t\u00fai l\u1ecdc kim t\u1ef1 th\u00e1p<\/figcaption><\/figure>    <h2 class=\"wp-block-heading\" id=\"h-the-design-features-of-pyramid-tea-bag-machine\">\u0110\u1eb7c \u0111i\u1ec3m thi\u1ebft k\u1ebf c\u1ee7a m\u00e1y pha tr\u00e0 h\u00ecnh ch\u00f3p<\/h2>    <ul class=\"wp-block-list\"> <li>\u0110\u00fang nh\u01b0 t\u00ean g\u1ecdi, t\u00fai tr\u00e0 h\u00ecnh kim t\u1ef1 th\u00e1p c\u00f3 h\u00ecnh d\u00e1ng gi\u1ed1ng m\u1ed9t kim t\u1ef1 th\u00e1p h\u00ecnh tam gi\u00e1c. Ngo\u00e0i ra c\u00f2n c\u00f3 d\u00e2y r\u00fat \u0111\u1ec3 pha tr\u00e0. Treo nh\u00e3n b\u00ean ngo\u00e0i c\u1ed1c khi pha tr\u00e0. V\u1ec1 h\u00ecnh th\u1ee9c, tr\u00e0 t\u00fai l\u1ecdc h\u00ecnh tam gi\u00e1c thu h\u00fat ng\u01b0\u1eddi ti\u00eau d\u00f9ng tr\u1ebb h\u01a1n.<\/li>    <li>T\u00fai tr\u00e0 tam gi\u00e1c c\u00f3 hi\u1ec7u su\u1ea5t t\u1ed1t h\u01a1n. Ch\u00fang ta c\u00f3 th\u1ec3 t\u00ednh to\u00e1n c\u1ee5 th\u1ec3 \u0111i\u1ec1u \u0111\u00f3 cho hai t\u00fai tr\u00e0 c\u00f3 c\u00f9ng th\u1ec3 t\u00edch. T\u00fai tr\u00e0 h\u00ecnh tam gi\u00e1c c\u00f3 di\u1ec7n t\u00edch b\u1ec1 m\u1eb7t ti\u1ebfp x\u00fac v\u1edbi n\u01b0\u1edbc n\u00f3ng l\u1edbn h\u01a1n. T\u00fai tr\u00e0 truy\u1ec1n th\u1ed1ng ch\u1ec9 c\u00f3 th\u1ec3 c\u00f3 kho\u1ea3ng 1\/2 di\u1ec7n t\u00edch ti\u1ebfp x\u00fac, trong khi t\u00fai tr\u00e0 h\u00ecnh tam gi\u00e1c c\u00f3 th\u1ec3 \u0111\u1ea1t t\u1edbi 3\/4 di\u1ec7n t\u00edch ti\u1ebfp x\u00fac. Gi\u1ea3i ph\u00e1p \u0111\u00f3ng g\u00f3i n\u00e0y gi\u00fap cho hi\u1ec7u qu\u1ea3 gi\u1ea3i ph\u00f3ng tr\u00e0 c\u00f3 h\u01b0\u01a1ng v\u1ecb t\u1ed1t h\u01a1n. V\u00e0 vi\u1ec7c pha tr\u00e0 s\u1ebd d\u1ec5 d\u00e0ng h\u01a1n trong th\u1eddi gian ng\u1eafn. Ngo\u00e0i ra, s\u1ebd thu\u1eadn ti\u1ec7n h\u01a1n cho qu\u00e1n \u0111\u1ed3 u\u1ed1ng trong vi\u1ec7c chi\u1ebft tr\u00e0 nhanh ch\u00f3ng.<\/li>    <li>Qu\u00e1 tr\u00ecnh pha tr\u00e0 k\u00e9o d\u00e0i h\u01a1n. T\u00fai tr\u00e0 kim t\u1ef1 th\u00e1p c\u00f3 \u01b0u \u0111i\u1ec3m r\u00f5 r\u00e0ng v\u1ec1 h\u00ecnh th\u1ee9c so v\u1edbi t\u00fai tr\u00e0 truy\u1ec1n th\u1ed1ng. Tr\u00e0 \u0111\u01b0\u1ee3c \u0111\u1ef1ng trong t\u00fai tr\u00e0 h\u00ecnh tam gi\u00e1c \u0111\u1ec3 ng\u01b0\u1eddi pha c\u00f3 th\u1ec3 c\u1ea3m nh\u1eadn \u0111\u01b0\u1ee3c s\u1ef1 b\u1ed3ng b\u1ec1nh duy\u00ean d\u00e1ng c\u1ee7a v\u1ecb tr\u00e0 v\u00e0 n\u01b0\u1edbc n\u00f3ng. V\u00e0 tr\u1ea3i nghi\u1ec7m pha tr\u00e0 thanh l\u1ecbch h\u01a1n so v\u1edbi bao b\u00ec tr\u00e0 th\u00f4ng th\u01b0\u1eddng.<\/li> <\/ul>   <div class=\"wp-block-image wp-image-1160 size-full\"> <figure class=\"aligncenter\"><img decoding=\"async\" src=\"https:\/\/taizypackaging.com\/wp-content\/uploads\/2021\/03\/pyramid-tea-bag-packing-machine.jpg\" alt=\"m\u00e1y \u0111\u00f3ng g\u00f3i t\u00fai tr\u00e0 kim t\u1ef1 th\u00e1p\" class=\"wp-image-3419\"\/><figcaption class=\"wp-element-caption\">m\u00e1y \u0111\u00f3ng g\u00f3i t\u00fai tr\u00e0 kim t\u1ef1 th\u00e1p<\/figcaption><\/figure> <\/div>   <h2 class=\"wp-block-heading\" id=\"h-the-details-of-pyramid-tea-packing-machine\">Chi ti\u1ebft c\u1ea5u tr\u00fac c\u1ee7a m\u00e1y \u0111\u00f3ng g\u00f3i tr\u00e0 kim t\u1ef1 th\u00e1p<\/h2>    <p>M\u00e1y \u0111\u00f3ng g\u00f3i t\u00fai tr\u00e0 kim t\u1ef1 th\u00e1p ch\u1ee7 y\u1ebfu bao g\u1ed3m ba h\u1ec7 th\u1ed1ng, h\u1ec7 th\u1ed1ng \u0111i\u1ec1u khi\u1ec3n t\u1ef1 \u0111\u1ed9ng h\u00f3a, h\u1ec7 th\u1ed1ng truy\u1ec1n \u0111\u1ed9ng c\u01a1 ch\u1ebf ch\u00ednh x\u00e1c v\u00e0 h\u1ec7 th\u1ed1ng truy\u1ec1n \u0111\u1ed9ng kh\u00ed n\u00e9n. <\/p>    <figure class=\"wp-block-image size-full\"><img loading=\"lazy\" decoding=\"async\" width=\"720\" height=\"540\" src=\"https:\/\/taizypackaging.com\/wp-content\/uploads\/2021\/03\/pyramid-tea-bag-packing-machine-parts.jpg\" alt=\"c\u00e1c b\u1ed9 ph\u1eadn c\u1ee7a m\u00e1y \u0111\u00f3ng g\u00f3i t\u00fai tr\u00e0 kim t\u1ef1 th\u00e1p c\u00e1c b\u1ed9 ph\u1eadn c\u1ee7a m\u00e1y \u0111\u00f3ng g\u00f3i t\u00fai tr\u00e0 kim t\u1ef1 th\u00e1p\" class=\"wp-image-4094\" srcset=\"https:\/\/taizypackaging.com\/wp-content\/uploads\/2021\/03\/pyramid-tea-bag-packing-machine-parts.jpg 720w, https:\/\/taizypackaging.com\/wp-content\/uploads\/2021\/03\/pyramid-tea-bag-packing-machine-parts-300x225.jpg 300w\" sizes=\"auto, (max-width: 720px) 100vw, 720px\" \/><figcaption class=\"wp-element-caption\">b\u1ed9 ph\u1eadn m\u00e1y \u0111\u00f3ng g\u00f3i t\u00fai tr\u00e0 kim t\u1ef1 th\u00e1p<\/figcaption><\/figure>    <h2 class=\"wp-block-heading\" id=\"h-packaging-form-and-materials\">H\u00ecnh th\u1ee9c v\u00e0 v\u1eadt li\u1ec7u \u0111\u00f3ng g\u00f3i<\/h2>    <p class=\"translation-block\"><strong>H\u00ecnh th\u1ee9c \u0111\u00f3ng g\u00f3i:<\/strong> C\u00f3 th\u1ec3 \u0111\u01b0\u1ee3c s\u1eed d\u1ee5ng cho \u0111\u00f3ng g\u00f3i t\u00fai ph\u1eb3ng, \u0111\u00f3ng g\u00f3i tam gi\u00e1c, v.v.<\/p>    <p class=\"translation-block\"><strong>V\u1eadt li\u1ec7u \u0111\u00f3ng g\u00f3i:<\/strong> nylon, PET, v\u1ea3i kh\u00f4ng d\u1ec7t, s\u1ee3i ng\u00f4.<\/p>    <figure class=\"wp-block-gallery has-nested-images columns-3 is-cropped wp-block-gallery-2 is-layout-flex wp-block-gallery-is-layout-flex\"> <figure class=\"wp-block-image size-large\"><a href=\"https:\/\/taizypackaging.com\/wp-content\/uploads\/2021\/03\/Nylon-filter-bag.jpg\"><img decoding=\"async\" data-id=\"1158\" src=\"https:\/\/taizypackaging.com\/wp-content\/uploads\/2021\/03\/Nylon-filter-bag.jpg\" alt=\"T\u00fai l\u1ecdc nylon\" class=\"wp-image-1158\"\/><\/a><\/figure>    <figure class=\"wp-block-image size-large\"><a href=\"https:\/\/taizypackaging.com\/wp-content\/uploads\/2021\/03\/nylon-tea-bag-2.jpg\"><img decoding=\"async\" data-id=\"1157\" src=\"https:\/\/taizypackaging.com\/wp-content\/uploads\/2021\/03\/nylon-tea-bag-2.jpg\" alt=\"t\u00fai tr\u00e0 nylon-2\" class=\"wp-image-1157\"\/><\/a><\/figure>    <figure class=\"wp-block-image size-large\"><a href=\"https:\/\/taizypackaging.com\/wp-content\/uploads\/2021\/03\/nylon-tea-bag.jpg\"><img decoding=\"async\" data-id=\"1156\" src=\"https:\/\/taizypackaging.com\/wp-content\/uploads\/2021\/03\/nylon-tea-bag.jpg\" alt=\"t\u00fai tr\u00e0 nylon\" class=\"wp-image-1156\"\/><\/a><\/figure> <\/figure>    <h2 class=\"wp-block-heading\" id=\"h-technical-parameters\">Th\u00f4ng s\u1ed1 k\u1ef9 thu\u1eadt c\u1ee7a m\u00e1y \u0111\u00f3ng g\u00f3i tr\u00e0 kim t\u1ef1 th\u00e1p<\/h2>    <figure class=\"wp-block-table is-style-stripes\"><table><tbody><tr><td>Chi\u1ec1u r\u1ed9ng t\u00fai<\/td><td>60-80mm<\/td><\/tr><tr><td>Chi\u1ec1u d\u00e0i t\u00fai<\/td><td>&nbsp;40-80mm<\/td><\/tr><tr><td>T\u1ed1c \u0111\u1ed9 \u0111\u00f3ng g\u00f3i<\/td><td>20, 40, 60 t\u00fai\/ph\u00fat<\/td><\/tr><tr><td>Ph\u1ea1m vi c\u00e2n<\/td><td>1-7g<\/td><\/tr><tr><td>Quy\u1ec1n l\u1ef1c<\/td><td>220V\/2KW<\/td><\/tr><tr><td>\u00c1p su\u1ea5t kh\u00f4ng kh\u00ed<\/td><td>m\u00e1y b\u01a1m kh\u00f4ng kh\u00ed<\/td><\/tr><tr><td>Ti\u00eau th\u1ee5 kh\u00f4ng kh\u00ed<\/td><td>0,6m3\/ph\u00fat<\/td><\/tr><tr><td>T\u1ed5ng kh\u1ed1i l\u01b0\u1ee3ng<\/td><td>400kg<\/td><\/tr><tr><td>K\u00edch c\u1ee1<\/td><td>&nbsp;1200*920*2060mm<\/td><\/tr><\/tbody><\/table><\/figure>    <h2 class=\"wp-block-heading\" id=\"h-difference-between-a-labeled-tea-bag-and-a-nylon-triangle-tea-bag\">S\u1ef1 kh\u00e1c bi\u1ec7t gi\u1eefa t\u00fai tr\u00e0 c\u00f3 d\u00e1n nh\u00e3n v\u00e0 t\u00fai tr\u00e0 tam gi\u00e1c nylon<\/h2>    <p>Th\u00e0nh ph\u1ea9m \u0111\u01b0\u1ee3c \u0111\u00f3ng g\u00f3i b\u1eb1ng m\u00e1y \u0111\u00f3ng g\u00f3i tr\u00e0 kim t\u1ef1 th\u00e1p kh\u00e1c v\u1edbi c\u00e1c lo\u1ea1i bao b\u00ec tr\u00e0 kh\u00e1c. T\u00fai tr\u00e0 c\u00f3 d\u00e1n nh\u00e3n l\u00e0 t\u00fai tr\u00e0 h\u00ecnh ch\u1eef nh\u1eadt ti\u00eau chu\u1ea9n. N\u00f3 ch\u1ee9a \u0111\u1ea7y l\u00e1 tr\u00e0, ph\u00eda tr\u00ean kh\u00e2u m\u1ed9t d\u00e2y r\u00fat v\u00e0 \u0111\u00f3ng \u0111inh m\u1ed9t th\u1ebb nh\u1ecf v\u00e0o \u0111\u1ea7u kia c\u1ee7a d\u00e2y r\u00fat. R\u1ea5t thu\u1eadn ti\u1ec7n cho vi\u1ec7c pha trong c\u1ed1c. Nh\u1eefng t\u00fai tr\u00e0 n\u00e0y th\u01b0\u1eddng \u0111\u01b0\u1ee3c \u0111\u00f3ng g\u00f3i ri\u00eang l\u1ebb trong t\u00fai gi\u1ea5y ho\u1eb7c h\u1ed9p k\u00edn \u0111\u1ec3 \u0111\u1ea1t \u0111\u01b0\u1ee3c \u0111\u1ed9 t\u01b0\u01a1i ngon nh\u1ea5t c\u00f3 th\u1ec3.<\/p>    <p>T\u00fai tr\u00e0 h\u00ecnh tam gi\u00e1c b\u1eb1ng nylon l\u00e0 m\u1ed9t phong c\u00e1ch ph\u1ed5 bi\u1ebfn g\u1ea7n \u0111\u00e2y v\u00e0 ng\u00e0y nay, t\u00fai tr\u00e0 h\u00ecnh kim t\u1ef1 th\u00e1p c\u00f3 th\u1ec3 \u0111\u01b0\u1ee3c mua \u1edf nhi\u1ec1u c\u1eeda h\u00e0ng kh\u00e1c nhau tr\u00ean kh\u1eafp th\u1ebf gi\u1edbi. \u0110\u00fang nh\u01b0 t\u00ean g\u1ecdi c\u1ee7a n\u00f3, khi b\u1ea1n l\u1ea5y t\u00fai tr\u00e0 ra kh\u1ecfi h\u1ed9p v\u00e0 \u0111\u1eb7t l\u00ean qu\u1ea7y b\u1ebfp, t\u00fai tr\u00e0 s\u1ebd gi\u1ed1ng nh\u01b0 m\u1ed9t kim t\u1ef1 th\u00e1p h\u00ecnh tam gi\u00e1c. N\u00f3 r\u1ea5t th\u00edch h\u1ee3p \u0111\u1ec3 pha m\u1ed9t t\u00e1ch tr\u00e0 m\u1ed9t c\u00e1ch nhanh ch\u00f3ng. Ngo\u00e0i ra c\u00f2n c\u00f3 d\u00e2y ti\u1ec7n l\u1ee3i \u0111\u1ec3 u\u1ed1ng n\u01b0\u1edbc t\u1eeb c\u1ed1c.<\/p>   <div class=\"wp-block-image wp-image-1147 size-full\"> <figure class=\"aligncenter\"><img decoding=\"async\" src=\"https:\/\/taizypackaging.com\/wp-content\/uploads\/2021\/03\/nylon-triangle-tea-bag.jpg\" alt=\"t\u00fai tr\u00e0 tam gi\u00e1c nylon\" class=\"wp-image-1147\"\/><figcaption class=\"wp-element-caption\">t\u00fai tr\u00e0 tam gi\u00e1c nylon<\/figcaption><\/figure> <\/div>   <h2 class=\"wp-block-heading\" id=\"h-pyramid-tea-bag-packing-machine-price\">Gi\u00e1 m\u00e1y \u0111\u00f3ng g\u00f3i t\u00fai tr\u00e0 h\u00ecnh kim t\u1ef1 th\u00e1p l\u00e0 bao nhi\u00eau? <\/h2>    <p>Gi\u00e1 m\u00e1y \u0111\u00f3ng g\u00f3i tr\u00e0 t\u00fai l\u1ecdc kim t\u1ef1 th\u00e1p kh\u00e1 ch\u00eanh l\u1ec7ch do c\u1ea5u h\u00ecnh kh\u00e1c nhau. Ch\u00fang t\u00f4i trang b\u1ecb c\u00e2n \u0111\u1ecbnh l\u01b0\u1ee3ng cho m\u00e1y \u0111\u00f3ng g\u00f3i t\u00fai tr\u00e0 tam gi\u00e1c. Hi\u1ec7n t\u1ea1i, ch\u00fang t\u00f4i c\u00f3 m\u00e1y \u0111\u00f3ng g\u00f3i tr\u00e0 h\u00ecnh ch\u00f3p c\u00f3 hai c\u00e2n, m\u00e1y \u0111\u00f3ng g\u00f3i tr\u00e0 tam gi\u00e1c c\u00f3 b\u1ed1n c\u00e2n v\u00e0 m\u00e1y \u0111\u00f3ng g\u00f3i tr\u00e0 tam gi\u00e1c nylon c\u00f3 s\u00e1u c\u00e2n.<\/p>    <p>V\u00ec v\u1eady, t\u1ed1c \u0111\u1ed9 \u0111\u00f3ng g\u00f3i c\u1ee7a h\u1ecd l\u00e0 kh\u00e1c nhau.  Ngo\u00e0i ra, gi\u00e1 m\u00e1y \u0111\u00f3ng g\u00f3i tr\u00e0 tam gi\u00e1c c\u00f2n li\u00ean quan \u0111\u1ebfn nhi\u1ec1u y\u1ebfu t\u1ed1 kh\u00e1c nh\u01b0 ch\u1ea5t li\u1ec7u m\u00e1y, nh\u00e3n hi\u1ec7u \u0111\u1ed9ng c\u01a1, chi ph\u00ed v\u1eadn chuy\u1ec3n,\u2026 N\u00ean gi\u00e1 m\u00e1y \u0111\u00f3ng g\u00f3i tr\u00e0 tam gi\u00e1c l\u00e0 kh\u00f4ng c\u1ed1 \u0111\u1ecbnh. N\u1ebfu b\u1ea1n mu\u1ed1n bi\u1ebft b\u1ea3ng gi\u00e1 chi ti\u1ebft, h\u00e3y li\u00ean h\u1ec7 ngay v\u1edbi ch\u00fang t\u00f4i. Ch\u00fang t\u00f4i s\u1ebd \u0111\u1ec1 xu\u1ea5t m\u1ed9t m\u00e1y \u0111\u00f3ng g\u00f3i tr\u00e0 ch\u00ednh x\u00e1c cho y\u00eau c\u1ea7u th\u1ef1c t\u1ebf c\u1ee7a b\u1ea1n.<\/p>    <h2 class=\"wp-block-heading\" id=\"h-why-choose-a-nylon-triangle-tea-packaging-machine\">T\u1ea1i sao n\u00ean ch\u1ecdn m\u00e1y \u0111\u00f3ng g\u00f3i tr\u00e0 tam gi\u00e1c nylon?<\/h2>    <ul class=\"wp-block-list\"> <li>N\u00f3 c\u00f3 th\u1ec3 t\u1ea1o ra hi\u1ec7u \u1ee9ng ba chi\u1ec1u. V\u00e0 c\u00f2n ch\u1ed7 cho c\u00e1c nguy\u00ean li\u1ec7u th\u00f4 nh\u01b0 tr\u00e0 nguy\u00ean ch\u1ea5t, tr\u00e0 th\u1ea3o d\u01b0\u1ee3c, tr\u00e0 nh\u00e2n s\u00e2m, tr\u00e0 tr\u00e1i c\u00e2y, v.v. ph\u00e1t huy h\u1ebft v\u00e0 t\u1ecfa h\u01b0\u01a1ng v\u1ecb.<\/li>    <li>C\u00f3 th\u1ec3 pha nhi\u1ec1u l\u1ea7n v\u00e0 \u1ee7 l\u00e2u \u0111\u1ec3 ph\u00e1t huy h\u1ebft c\u00f4ng d\u1ee5ng c\u1ee7a tr\u00e0 nguy\u00ean ch\u1ea5t.<\/li>    <li>N\u00f3 s\u1ebd gi\u1ea3i ph\u00f3ng h\u01b0\u01a1ng v\u1ecb tr\u00e0 trong m\u1ed9t th\u1eddi gian ng\u1eafn.<\/li>    <li>N\u00f3 s\u1eed d\u1ee5ng s\u00f3ng si\u00eau \u00e2m \u0111\u1ec3 b\u1ecbt k\u00edn m\u00e0 kh\u00f4ng c\u00f3 b\u1ea5t k\u1ef3 d\u1ea5u v\u1ebft n\u00e0o \u0111\u1ec3 t\u1ea1o ra h\u00ecnh \u1ea3nh c\u1ee7a nh\u1eefng t\u00fai tr\u00e0 ch\u1ea5t l\u01b0\u1ee3ng cao.<\/li>    <li>N\u00f3 trong su\u1ed1t, ng\u01b0\u1eddi ti\u00eau d\u00f9ng c\u00f3 th\u1ec3 nh\u00ecn th\u1ea5y r\u00f5 ch\u1ea5t li\u1ec7u bao b\u00ec b\u00ean trong.<\/li> <\/ul>    <figure class=\"wp-block-image size-full\"><img decoding=\"async\" src=\"https:\/\/taizypackaging.com\/wp-content\/uploads\/2021\/03\/pyramid-tea-bag-machine.jpg\" alt=\"m\u00e1y tr\u00e0 t\u00fai l\u1ecdc kim t\u1ef1 th\u00e1p\" class=\"wp-image-3422\"\/><figcaption class=\"wp-element-caption\">m\u00e1y tr\u00e0 t\u00fai l\u1ecdc kim t\u1ef1 th\u00e1p<\/figcaption><\/figure>    <h2 class=\"wp-block-heading\" id=\"h-our-service\">Ch\u00fang t\u00f4i cung c\u1ea5p nh\u1eefng d\u1ecbch v\u1ee5 g\u00ec? <\/h2>    <p>Ch\u00fang t\u00f4i l\u00e0 m\u1ed9t trong nh\u1eefng nh\u00e0 s\u1ea3n xu\u1ea5t m\u00e1y \u0111\u00f3ng g\u00f3i h\u00e0ng \u0111\u1ea7u t\u1ea1i Trung Qu\u1ed1c. Ngo\u00e0i ch\u1ea5t l\u01b0\u1ee3ng cao v\u00e0 gi\u00e1 c\u1ea3 t\u1ed1t c\u1ee7a m\u00e1y m\u00f3c, ch\u00fang t\u00f4i c\u00f2n cung c\u1ea5p c\u00e1c d\u1ecbch v\u1ee5 n\u00e0y. <\/p>    <ol class=\"wp-block-list\"> <li><strong>Ki\u1ec3m so\u00e1t ch\u1ea5t l\u01b0\u1ee3ng:<\/strong>  Ch\u00fang t\u00f4i c\u00f3 m\u1ed9t h\u1ec7 th\u1ed1ng ki\u1ec3m so\u00e1t ch\u1ea5t l\u01b0\u1ee3ng nghi\u00eam ng\u1eb7t. Tr\u01b0\u1edbc khi giao h\u00e0ng, ch\u00fang t\u00f4i s\u1ebd ch\u1ee5p \u1ea3nh v\u00e0 quay video cho b\u1ea1n.<\/li>    <li><strong>D\u1ecbch v\u1ee5 sau b\u00e1n h\u00e0ng:<\/strong> 24 gi\u1edd tr\u1ef1c tuy\u1ebfn, b\u1ea3o tr\u00ec tr\u1ecdn \u0111\u1eddi. H\u01b0\u1edbng d\u1eabn s\u1eed d\u1ee5ng ti\u1ebfng Anh v\u00e0 video gi\u1ea3ng d\u1ea1y.<\/li>    <li><strong>Th\u1eddi gian s\u1ea3n xu\u1ea5t:<\/strong> 10-20 ng\u00e0y.<\/li>    <li><strong>V\u00f4n:<\/strong> T\u00f9y ch\u1ec9nh \u0111i\u1ec7n \u00e1p cho qu\u1ed1c gia c\u1ee7a b\u1ea1n.  <\/li> <\/ol>","protected":false},"excerpt":{"rendered":"<p>Pyramid tea bag packing machine, or nylon triangle tea packing machine, is designed for packing products like green tea, black tea, loose tea, flower tea, Chinese herb tea, etc. It can automatically finish the feeding, weighing, filling, sealing, and cutting process, efficiently and safely. Working Video of Pyramid Tea Bag Packing Machine Applications of Pyramid [&hellip;]<\/p>\n","protected":false},"author":1,"featured_media":2602,"parent":0,"template":"","tags":[307,309,383,385],"product-type":[667],"class_list":["post-1146","product","type-product","status-publish","has-post-thumbnail","hentry","tag-nylon-triangle-tea","tag-nylon-triangle-tea-packaging","tag-pyramid-tea-bag","tag-pyramid-tea-packing","product-type-tea-packing-machine"],"_links":{"self":[{"href":"https:\/\/taizypackaging.com\/vi\/wp-json\/wp\/v2\/product\/1146","targetHints":{"allow":["GET"]}}],"collection":[{"href":"https:\/\/taizypackaging.com\/vi\/wp-json\/wp\/v2\/product"}],"about":[{"href":"https:\/\/taizypackaging.com\/vi\/wp-json\/wp\/v2\/types\/product"}],"author":[{"embeddable":true,"href":"https:\/\/taizypackaging.com\/vi\/wp-json\/wp\/v2\/users\/1"}],"wp:featuredmedia":[{"embeddable":true,"href":"https:\/\/taizypackaging.com\/vi\/wp-json\/wp\/v2\/media\/2602"}],"wp:attachment":[{"href":"https:\/\/taizypackaging.com\/vi\/wp-json\/wp\/v2\/media?parent=1146"}],"wp:term":[{"taxonomy":"post_tag","embeddable":true,"href":"https:\/\/taizypackaging.com\/vi\/wp-json\/wp\/v2\/tags?post=1146"},{"taxonomy":"product-type","embeddable":true,"href":"https:\/\/taizypackaging.com\/vi\/wp-json\/wp\/v2\/product-type?post=1146"}],"curies":[{"name":"wp","href":"https:\/\/api.w.org\/{rel}","templated":true}]}}