{"id":1722,"date":"2021-05-14T09:51:35","date_gmt":"2021-05-14T09:51:35","guid":{"rendered":"https:\/\/taizypackaging.com\/?p=1722"},"modified":"2024-07-16T16:52:46","modified_gmt":"2024-07-16T08:52:46","slug":"vegetable-packing-machine","status":"publish","type":"product","link":"https:\/\/taizypackaging.com\/vi\/vegetable-packing-machine\/","title":{"rendered":"M\u00e1y \u0111\u00f3ng g\u00f3i rau"},"content":{"rendered":"<div class=\"kk-star-ratings kksr-auto kksr-align-left kksr-valign-top\"     data-payload='{&quot;align&quot;:&quot;left&quot;,&quot;id&quot;:&quot;1722&quot;,&quot;slug&quot;:&quot;default&quot;,&quot;valign&quot;:&quot;top&quot;,&quot;ignore&quot;:&quot;&quot;,&quot;reference&quot;:&quot;auto&quot;,&quot;class&quot;:&quot;&quot;,&quot;count&quot;:&quot;5&quot;,&quot;legendonly&quot;:&quot;&quot;,&quot;readonly&quot;:&quot;&quot;,&quot;score&quot;:&quot;4.7&quot;,&quot;starsonly&quot;:&quot;&quot;,&quot;best&quot;:&quot;5&quot;,&quot;gap&quot;:&quot;5&quot;,&quot;greet&quot;:&quot;Rate this product&quot;,&quot;legend&quot;:&quot;4.7\\\/5 - (5 b\u00ecnh ch\u1ecdn)&quot;,&quot;size&quot;:&quot;24&quot;,&quot;title&quot;:&quot;Vegetable Packing Machine&quot;,&quot;width&quot;:&quot;133.8&quot;,&quot;_legend&quot;:&quot;{score}\\\/{best} - ({count} {votes})&quot;,&quot;font_factor&quot;:&quot;1.25&quot;}'>              <div class=\"kksr-stars\">      <div class=\"kksr-stars-inactive\">             <div class=\"kksr-star\" data-star=\"1\" style=\"padding-right: 5px\">               <div class=\"kksr-icon\" style=\"width: 24px; height: 24px;\"><\/div>         <\/div>             <div class=\"kksr-star\" data-star=\"2\" style=\"padding-right: 5px\">               <div class=\"kksr-icon\" style=\"width: 24px; height: 24px;\"><\/div>         <\/div>             <div class=\"kksr-star\" data-star=\"3\" style=\"padding-right: 5px\">               <div class=\"kksr-icon\" style=\"width: 24px; height: 24px;\"><\/div>         <\/div>             <div class=\"kksr-star\" data-star=\"4\" style=\"padding-right: 5px\">               <div class=\"kksr-icon\" style=\"width: 24px; height: 24px;\"><\/div>         <\/div>             <div class=\"kksr-star\" data-star=\"5\" style=\"padding-right: 5px\">               <div class=\"kksr-icon\" style=\"width: 24px; height: 24px;\"><\/div>         <\/div>     <\/div>      <div class=\"kksr-stars-active\" style=\"width: 133.8px;\">             <div class=\"kksr-star\" style=\"padding-right: 5px\">               <div class=\"kksr-icon\" style=\"width: 24px; height: 24px;\"><\/div>         <\/div>             <div class=\"kksr-star\" style=\"padding-right: 5px\">               <div class=\"kksr-icon\" style=\"width: 24px; height: 24px;\"><\/div>         <\/div>             <div class=\"kksr-star\" style=\"padding-right: 5px\">               <div class=\"kksr-icon\" style=\"width: 24px; height: 24px;\"><\/div>         <\/div>             <div class=\"kksr-star\" style=\"padding-right: 5px\">               <div class=\"kksr-icon\" style=\"width: 24px; height: 24px;\"><\/div>         <\/div>             <div class=\"kksr-star\" style=\"padding-right: 5px\">               <div class=\"kksr-icon\" style=\"width: 24px; height: 24px;\"><\/div>         <\/div>     <\/div> <\/div>                   <div class=\"kksr-legend\" style=\"font-size: 19.2px;\">             4.7\/5 - (5 l\u01b0\u1ee3t b\u00ecnh ch\u1ecdn)    <\/div>     <\/div>  <p class=\"translation-block\"><strong>M\u00e1y \u0111\u00f3ng g\u00f3i rau c\u1ee7<\/strong> \u0111\u01b0\u1ee3c thi\u1ebft k\u1ebf \u0111\u1ec3 t\u1ef1 \u0111\u1ed9ng \u0111\u00f3ng g\u00f3i tr\u00e1i c\u00e2y v\u00e0 rau c\u1ee7. N\u00f3 l\u00e0 m\u1ed9t lo\u1ea1i m\u00e1y cu\u1ed9n, c\u00f2n \u0111\u01b0\u1ee3c g\u1ecdi l\u00e0 m\u00e1y b\u1ecdc rau c\u1ee7. M\u00e1y \u0111\u00f3ng g\u00f3i rau c\u1ee7 c\u00f3 th\u1ec3 ho\u00e0n th\u00e0nh nh\u1eefng nhi\u1ec7m v\u1ee5 n\u00e0y, t\u1ea1o t\u00fai, \u0111\u00f3ng g\u00f3i t\u00fai, ni\u00eam phong v\u00e0 c\u1eaft. \u0110\u00e2y l\u00e0 m\u1ed9t c\u00f4ng c\u1ee5 \u0111\u00f3ng g\u00f3i si\u00eau hi\u1ec7u qu\u1ea3 cho c\u00e1c lo\u1ea1i tr\u00e1i c\u00e2y v\u00e0 rau c\u1ee7 kh\u00e1c nhau cho si\u00eau th\u1ecb. V\u1edbi h\u1ec7 th\u1ed1ng \u0111i\u1ec1u khi\u1ec3n ti\u00ean ti\u1ebfn v\u00e0 \u0111\u1ed9ng c\u01a1 th\u01b0\u01a1ng hi\u1ec7u, m\u00e1y \u0111\u00f3ng g\u00f3i rau c\u1ee7 Taizy \u0111ang b\u00e1n c\u00f3 hi\u1ec7u su\u1ea5t kh\u00e1 cao v\u00e0 ch\u1ea5t l\u01b0\u1ee3ng t\u1ed1t. Ngo\u00e0i ra, vi\u1ec7c \u00e1p d\u1ee5ng c\u1ea5u tr\u00fac ho\u00e0n to\u00e0n b\u1eb1ng th\u00e9p kh\u00f4ng g\u1ec9 gi\u00fap m\u00e1y b\u1ec1n b\u1ec9 v\u00e0 \u0111\u00e1ng tin c\u1eady. Ch\u00e0o m\u1eebng b\u1ea1n li\u00ean h\u1ec7 v\u1edbi ch\u00fang t\u00f4i \u0111\u1ec3 c\u00f3 gi\u00e1 t\u1ed1t nh\u1ea5t. <\/p>    <h2 class=\"wp-block-heading\" id=\"h-working-video-of-the-frozen-food-packing-machine\">Video ho\u1ea1t \u0111\u1ed9ng c\u1ee7a m\u00e1y \u0111\u00f3ng g\u00f3i rau<\/h2>   <figure class=\"wp-block-embed-youtube wp-block-embed is-type-video is-provider-youtube wp-embed-aspect-16-9 wp-has-aspect-ratio\"><div class=\"lyte-wrapper fourthree\" title=\"M\u00e1y \u0111\u00f3ng g\u00f3i rau qu\u1ea3 t\u1ef1 \u0111\u1ed9ng cho si\u00eau th\u1ecb | M\u00e1y g\u00f3i d\u00f2ng th\u1ef1c ph\u1ea9m\" style=\"width:960px;max-width:100%;margin:5px auto;\"><div class=\"lyMe hidef\" id=\"WYL_PKEaxerS08Q\" itemprop=\"video\" itemscope itemtype=\"https:\/\/schema.org\/VideoObject\"><div><meta itemprop=\"thumbnailUrl\" content=\"https:\/\/taizypackaging.com\/wp-content\/plugins\/wp-youtube-lyte\/lyteCache.php?origThumbUrl=https%3A%2F%2Fi.ytimg.com%2Fvi%2FPKEaxerS08Q%2Fmaxresdefault.jpg\" \/><meta itemprop=\"embedURL\" content=\"https:\/\/www.youtube.com\/embed\/PKEaxerS08Q\" \/><meta itemprop=\"duration\" content=\"PT2M4S\" \/><meta itemprop=\"uploadDate\" content=\"2022-01-25T06:45:27Z\" \/><\/div><div id=\"lyte_PKEaxerS08Q\" data-src=\"https:\/\/taizypackaging.com\/wp-content\/plugins\/wp-youtube-lyte\/lyteCache.php?origThumbUrl=https%3A%2F%2Fi.ytimg.com%2Fvi%2FPKEaxerS08Q%2Fmaxresdefault.jpg\" class=\"pL\"><div class=\"tC\"><div class=\"tT\" itemprop=\"name\">M\u00e1y \u0111\u00f3ng g\u00f3i rau qu\u1ea3 t\u1ef1 \u0111\u1ed9ng cho si\u00eau th\u1ecb | M\u00e1y g\u00f3i d\u00f2ng th\u1ef1c ph\u1ea9m<\/div><\/div><div class=\"play\"><\/div><div class=\"ctrl\"><div class=\"Lctrl\"><\/div><div class=\"Rctrl\"><\/div><\/div><\/div><noscript><a href=\"https:\/\/youtu.be\/PKEaxerS08Q\" rel=\"nofollow noopener\" target=\"_blank\"><img loading=\"lazy\" decoding=\"async\" src=\"https:\/\/taizypackaging.com\/wp-content\/plugins\/wp-youtube-lyte\/lyteCache.php?origThumbUrl=https%3A%2F%2Fi.ytimg.com%2Fvi%2FPKEaxerS08Q%2F0.jpg\" alt=\"M\u00e1y \u0111\u00f3ng g\u00f3i rau qu\u1ea3 t\u1ef1 \u0111\u1ed9ng cho si\u00eau th\u1ecb | M\u00e1y g\u00f3i d\u00f2ng th\u1ef1c ph\u1ea9m\" width=\"960\" height=\"700\" \/><br \/>Xem video n\u00e0y tr\u00ean YouTube<\/a><\/noscript><meta itemprop=\"description\" content=\"#vegetablepacking #foodpacking #flowwrapping EMAIL: info@taizypackaging.com TEL\/WHATSAPP: +86 18837171591 USEFUL REFERENCE: https:\/\/taizypackaging.com\/vegetable-packing-machine\/ In fact, this kind of fruit and vegetable packing machine is a horizontal flow wrapping machine. This machine is suitable for packing various food products, such as fruits, vegetables, biscuits, bread, frozen food, etc. Besides, it can also package non-food products like a face mask, soap, etc. Features of Fruits and Vegetable Packing Machine 1. Good performance, low maintenance; 2. Improve the production efficiency, so as to bring more profits; 3. Advanced technology, elegant appearance, high reputation; 4. Manual is replaced by the mechanical, so that reduce the workforce cost; 5. Intelligent PLC control system, easy to operate. You may also like these videos from us: Food vacuum sealer: https:\/\/www.youtube.com\/watch?v=aPYp44oAyio Super-efficient snacks packing machine: https:\/\/www.youtube.com\/watch?v=mfQQ28r7qzY EMAIL: info@taizypackaging.com TEL\/WHATSAPP: +86 18837171591 Click here for more details: https:\/\/taizypackaging.com\/vegetable-packing-machine\/\"><\/div><\/div><div class=\"lL\" style=\"max-width:100%;width:960px;margin:5px auto;\"><\/div><figcaption><\/figcaption><\/figure>   <h2 class=\"wp-block-heading\" id=\"vegetable-packaging-effect-display\">Hi\u1ec3n th\u1ecb hi\u1ec7u \u1ee9ng bao b\u00ec rau <\/h2>    <p class=\"translation-block\">M\u00e1y \u0111\u00f3ng g\u00f3i rau c\u1ee7 n\u00e0y ph\u00f9 h\u1ee3p cho nhi\u1ec1u lo\u1ea1i tr\u00e1i c\u00e2y &amp; rau c\u1ee7, ch\u1eb3ng h\u1ea1n nh\u01b0 rau xanh, <a href=\"https:\/\/en.wikipedia.org\/wiki\/Tomato\" target=\"_blank\" rel=\"noopener\">c\u00e0 chua<\/a>, d\u01b0a chu\u1ed9t, \u0111\u1eadu cowpeas, v.v. H\u01a1n n\u1eefa, m\u00e1y c\u0169ng l\u00fd t\u01b0\u1edfng cho c\u00e1c s\u1ea3n ph\u1ea9m th\u1ef1c ph\u1ea9m kh\u00e1c nh\u01b0 b\u00e1nh m\u00ec, b\u00e1nh quy, k\u1eb9o, s\u00f4 c\u00f4 la, m\u00ec, pasta, v.v. Lo\u1ea1i m\u00e1y n\u00e0y ch\u1ec9 h\u1ed7 tr\u1ee3 ph\u01b0\u01a1ng ph\u00e1p ni\u00eam phong ph\u00eda sau. <\/p>    <figure class=\"wp-block-image size-large\"><img decoding=\"async\" src=\"https:\/\/taizypackaging.com\/wp-content\/uploads\/2021\/05\/Fruits-and-frozen-food-packaging.jpg\" alt=\"Bao b\u00ec tr\u00e1i c\u00e2y v\u00e0 th\u1ef1c ph\u1ea9m \u0111\u00f4ng l\u1ea1nh\" class=\"wp-image-1741\"\/><figcaption class=\"wp-element-caption\">Bao b\u00ec tr\u00e1i c\u00e2y v\u00e0 th\u1ef1c ph\u1ea9m \u0111\u00f4ng l\u1ea1nh<\/figcaption><\/figure>    <h2 class=\"wp-block-heading\" id=\"h-working-process-of-the-frozen-food-packing-machine\">Quy tr\u00ecnh ho\u1ea1t \u0111\u1ed9ng c\u1ee7a m\u00e1y g\u00f3i rau c\u1ee7<\/h2>    <p>1. N\u1ec1n phim ch\u1ecbu tr\u00e1ch nhi\u1ec7m v\u1eadn chuy\u1ec3n th\u1ef1c ph\u1ea9m.<br>2. Phim \u0111\u01b0\u1ee3c l\u1eafp \u0111\u1eb7t tr\u00ean thi\u1ebft b\u1ecb cu\u1ed9n phim. N\u00f3 c\u00f3 th\u1ec3 b\u1ecdc s\u1ea3n ph\u1ea9m \u0111\u1ec1u \u0111\u1eb7n khi s\u1ea3n ph\u1ea9m \u0111\u1ebfn.<br>3. B\u1ed9 ph\u1eadn t\u1ea1o h\u00ecnh ki\u1ec3m so\u00e1t vi\u1ec7c \u0111\u00f3ng g\u00f3i s\u1ea3n ph\u1ea9m. N\u00f3 k\u1ebft th\u00fac b\u1eb1ng m\u00e1y c\u1eaft d\u1ecdc, m\u00e1y c\u1eaft ngang v\u00e0 \u1ed1ng s\u01b0\u1edfi. \u0110\u00e2y l\u00e0 ph\u1ea7n quan tr\u1ecdng nh\u1ea5t c\u1ee7a qu\u00e1 tr\u00ecnh \u0111\u00f3ng g\u00f3i.<br>5. Cu\u1ed1i c\u00f9ng, th\u00e0nh ph\u1ea9m \u0111\u01b0\u1ee3c \u0111\u01b0a ra b\u0103ng chuy\u1ec1n.<\/p>    <figure class=\"wp-block-image size-large\"><img decoding=\"async\" src=\"https:\/\/taizypackaging.com\/wp-content\/uploads\/2021\/05\/components-of-the-horizontal-packing-machine.jpg\" alt=\"c\u00e1c th\u00e0nh ph\u1ea7n c\u1ee7a m\u00e1y \u0111\u00f3ng g\u00f3i ngang\" class=\"wp-image-1768\"\/><figcaption class=\"wp-element-caption\">c\u00e1c th\u00e0nh ph\u1ea7n c\u1ee7a m\u00e1y \u0111\u00f3ng g\u00f3i ngang<\/figcaption><\/figure>    <h2 class=\"wp-block-heading\" id=\"h-technical-parameters\">Th\u00f4ng s\u1ed1 k\u1ef9 thu\u1eadt c\u1ee7a m\u00e1y \u0111\u00f3ng g\u00f3i rau Taizy<\/h2>    <figure class=\"wp-block-table\"><table><tbody><tr><td>Ng\u01b0\u1eddi m\u1eabu<\/td><td>TH-250<\/td><td>TH-350<\/td><td>TH-450<\/td><td>TH-600<\/td><\/tr><tr><td>Chi\u1ec1u d\u00e0i t\u00fai<\/td><td>100-600mm<\/td><td>100-600mm<\/td><td>100-600mm<\/td><td>120-600mm<\/td><\/tr><tr><td>Chi\u1ec1u r\u1ed9ng t\u00fai<\/td><td>50-110mm<\/td><td>50-160mm<\/td><td>50-210mm<\/td><td>50-280mm<\/td><\/tr><tr><td>Chi\u1ec1u cao t\u00fai<\/td><td>T\u1ed1i \u0111a 40mm<\/td><td>T\u1ed1i \u0111a 100mm<\/td><td>T\u1ed1i \u0111a 100mm<\/td><td>T\u1ed1i \u0111a 100mm<\/td><\/tr><tr><td>T\u1ed1c \u0111\u1ed9 \u0111\u00f3ng g\u00f3i<\/td><td>5-200 t\u00fai \/ ph\u00fat<\/td><td>5-200 t\u00fai \/ ph\u00fat<\/td><td>5-200 t\u00fai \/ ph\u00fat<\/td><td>30-180 t\u00fai \/ ph\u00fat<\/td><\/tr><tr><td>Quy\u1ec1n l\u1ef1c<\/td><td>220V, 50\/60Hz, 2.4KVA<\/td><td>220V, 50\/60Hz, 2.4KVA<\/td><td>220V, 50\/60Hz, 2.6KVA<\/td><td>220V, 50\/60Hz, 3,4KVA<\/td><\/tr><tr><td>K\u00edch th\u01b0\u1edbc m\u00e1y<\/td><td>(D)4020*(W)720*(H)1450mm<\/td><td>(D)4020*(W)720*(H)1450mm<\/td><td>(D)4020*(W)720*(H)1450mm<\/td><td>(L)4380*(W)970*(H)1500mm<\/td><\/tr><tr><td>C\u00e2n n\u1eb7ng<\/td><td>800Kg<\/td><td>800Kg<\/td><td>900Kg<\/td><td>960Kg<\/td><\/tr><\/tbody><\/table><\/figure>    <p>T\u1ea1i M\u00e1y \u0111\u00f3ng g\u00f3i Taizy, ch\u00fang t\u00f4i c\u00f3 b\u00e1n nhi\u1ec1u m\u1eabu m\u00e1y \u0111\u00f3ng g\u00f3i rau qu\u1ea3 kh\u00e1c nhau. M\u1ed7i m\u00e1y c\u00f3 t\u1ed1c \u0111\u1ed9 v\u00e0 k\u00edch c\u1ee1 \u0111\u00f3ng g\u00f3i kh\u00e1c nhau, v.v. B\u1ea1n c\u00f3 th\u1ec3 l\u1ef1a ch\u1ecdn theo nhu c\u1ea7u c\u1ee7a m\u00ecnh.<\/p>    <h2 class=\"wp-block-heading\" id=\"h-features-and-advantages-of-the-frozen-food-packing-machine\">T\u00ednh n\u0103ng v\u00e0 \u01b0u \u0111i\u1ec3m c\u1ee7a m\u00e1y \u0111\u00f3ng g\u00f3i rau qu\u1ea3<\/h2>    <p>1. B\u1ea1n c\u00f3 th\u1ec3 \u0111i\u1ec1u ch\u1ec9nh b\u1ea3ng \u0111i\u1ec1u khi\u1ec3n theo c\u00e1c v\u1eadt li\u1ec7u \u0111\u00f3ng g\u00f3i kh\u00e1c nhau.<br>2. M\u00e1y \u0111\u00f3ng g\u00f3i rau ngang c\u00f3 th\u1ec3 \u0111\u01b0\u1ee3c trang b\u1ecb m\u1ed9t con dao, m\u1ed9t con dao \u0111\u00f4i v\u00e0 ba con dao \u0111\u1ec3 c\u1eaft.<br>3. Thu\u1eadn ti\u1ec7n trong vi\u1ec7c c\u00e0i \u0111\u1eb7t th\u00f4ng s\u1ed1 b\u1eb1ng h\u1ec7 th\u1ed1ng \u0111i\u1ec1u khi\u1ec3n PLC th\u00f4ng minh. <br>4. Theo d\u00f5i con tr\u1ecf c\u00f3 \u0111\u1ed9 nh\u1ea1y cao v\u00e0 \u0111\u1ea7u v\u00e0o k\u1ef9 thu\u1eadt s\u1ed1 c\u1ee7a v\u1ecb tr\u00ed ni\u00eam phong v\u00e0 c\u1eaft l\u00e0m cho v\u1ecb tr\u00ed ni\u00eam phong v\u00e0 c\u1eaft ch\u00ednh x\u00e1c h\u01a1n.<br>5. H\u1ec7 th\u1ed1ng truy\u1ec1n \u0111\u1ed9ng \u0111\u01a1n gi\u1ea3n, v\u1eadn h\u00e0nh \u0111\u00e1ng tin c\u1eady h\u01a1n v\u00e0 b\u1ea3o tr\u00ec thu\u1eadn ti\u1ec7n h\u01a1n.<br>6. M\u00e1y \u0111\u00f3ng g\u00f3i g\u1ed1i ngang c\u00f3 ch\u1ee9c n\u0103ng t\u1ef1 ch\u1ea9n \u0111o\u00e1n l\u1ed7i n\u00ean l\u1ed7i \u0111\u01b0\u1ee3c hi\u1ec3n th\u1ecb trong nh\u00e1y m\u1eaft.<br>7. \u0110i\u1ec1u khi\u1ec3n bi\u1ebfn t\u1ea7n k\u00e9p v\u00e0 chi\u1ec1u d\u00e0i t\u00fai \u0111\u01b0\u1ee3c thi\u1ebft l\u1eadp r\u1ed3i c\u1eaft ngay l\u1eadp t\u1ee9c. Kh\u00f4ng c\u1ea7n ph\u1ea3i \u0111i\u1ec1u ch\u1ec9nh ho\u1ea1t \u0111\u1ed9ng tr\u1ed1ng v\u00e0 \u0111\u00e3 th\u1ef1c hi\u1ec7n \u0111\u01b0\u1ee3c m\u1ed9t b\u01b0\u1edbc. To\u00e0n b\u1ed9 qu\u00e1 tr\u00ecnh \u0111\u00f3ng g\u00f3i ti\u1ebft ki\u1ec7m th\u1eddi gian v\u00e0 phim.<br>8. B\u1ed9 \u0111i\u1ec1u khi\u1ec3n PID \u0111\u1ed9c l\u1eadp ki\u1ec3m so\u00e1t nhi\u1ec7t \u0111\u1ed9, ph\u00f9 h\u1ee3p h\u01a1n v\u1edbi c\u00e1c lo\u1ea1i v\u1eadt li\u1ec7u \u0111\u00f3ng g\u00f3i kh\u00e1c nhau.<\/p>    <figure class=\"wp-block-image size-full\"><img loading=\"lazy\" decoding=\"async\" width=\"750\" height=\"500\" src=\"https:\/\/taizypackaging.com\/wp-content\/uploads\/2021\/05\/bread-packing-machine-2.jpg\" alt=\"m\u00e1y \u0111\u00f3ng g\u00f3i b\u00e1nh m\u00ec\" class=\"wp-image-3486\" srcset=\"https:\/\/taizypackaging.com\/wp-content\/uploads\/2021\/05\/bread-packing-machine-2.jpg 750w, https:\/\/taizypackaging.com\/wp-content\/uploads\/2021\/05\/bread-packing-machine-2-300x200.jpg 300w\" sizes=\"auto, (max-width: 750px) 100vw, 750px\" \/><figcaption class=\"wp-element-caption\">m\u00e1y \u0111\u00f3ng g\u00f3i g\u1ed1i ngang<\/figcaption><\/figure>    <h2 class=\"wp-block-heading\" id=\"what-is-the-common-packaging-materials-for-vegetables\">C\u00e1c v\u1eadt li\u1ec7u \u0111\u00f3ng g\u00f3i ph\u1ed5 bi\u1ebfn cho rau qu\u1ea3 l\u00e0 g\u00ec?<\/h2>    <p class=\"translation-block\"><strong>T\u00fai<\/strong> nh\u1ef1a (phim polyethylene) l\u00e0 v\u1eadt li\u1ec7u \u0111\u00f3ng g\u00f3i ph\u1ed5 bi\u1ebfn cho tr\u00e1i c\u00e2y v\u00e0 rau c\u1ee7. Kh\u00f4ng ch\u1ec9 v\u00ec chi ph\u00ed th\u1ea5p c\u1ee7a nh\u1ef1a m\u00e0 c\u00f2n v\u00ec t\u00ednh n\u0103ng trong su\u1ed1t, v\u00e0 d\u1ec5 d\u00e0ng ki\u1ec3m tra n\u1ed9i dung. \u0110i\u1ec1u n\u00e0y thu h\u00fat h\u01a1n cho kh\u00e1ch h\u00e0ng. H\u01a1n n\u1eefa, m\u00e1y \u0111\u00f3ng g\u00f3i t\u1ef1 \u0111\u1ed9ng c\u00f3 th\u1ec3 gi\u1ea3m th\u00eam chi ph\u00ed. V\u00e0 \u0111\u01b0\u1ee3c trang b\u1ecb c\u00e1c m\u00e1y h\u1ed7 tr\u1ee3 nh\u01b0 <a href=\"https:\/\/taizypackaging.com\/vi\/single-chamber-vacuum-packing-machine\/\">m\u00e1y \u0111\u00f3ng g\u00f3i ch\u00e2n kh\u00f4ng<\/a> rau c\u1ee7, v\u00e0 h\u1ec7 th\u1ed1ng b\u01a1m kh\u00ed, ch\u00fang c\u00f3 th\u1ec3 \u0111\u00e1p \u1ee9ng c\u00e1c y\u00eau c\u1ea7u \u0111\u00f3ng g\u00f3i c\u1ee5 th\u1ec3 kh\u00e1c nhau. C\u00e1c nghi\u00ean c\u1ee9u \u0111\u00e3 ch\u1ec9 ra r\u1eb1ng vi\u1ec7c \u0111\u00f3ng g\u00f3i nh\u01b0 v\u1eady k\u00e9o d\u00e0i \u0111\u00e1ng k\u1ec3 th\u1eddi gian s\u1eed d\u1ee5ng c\u1ee7a s\u1ea3n ph\u1ea9m t\u01b0\u01a1i. S\u1ef1 b\u00f9ng n\u1ed5 c\u1ee7a c\u00e1c s\u1ea3n ph\u1ea9m \u0111\u00e3 c\u1eaft s\u1eb5n m\u1ed9t ph\u1ea7n l\u00e0 do s\u1ef1 c\u00f3 m\u1eb7t c\u1ee7a \u0111\u00f3ng g\u00f3i kh\u00ed quy\u1ec3n c\u1ea3i thi\u1ec7n.<\/p>    <h2 class=\"wp-block-heading\" id=\"h-why-should-we-pack-products-by-packing-machines\">T\u1ea1i sao b\u1ea1n c\u1ea7n m\u1ed9t m\u00e1y \u0111\u00f3ng g\u00f3i rau t\u1ef1 \u0111\u1ed9ng?<\/h2>    <ol class=\"wp-block-list\"> <li>L\u00fac \u0111\u1ea7u, bao b\u00ec c\u1ee7a s\u1ea3n ph\u1ea9m ch\u1ec9 nh\u1eb1m m\u1ee5c \u0111\u00edch mang \u0111i v\u00e0 v\u1eadn chuy\u1ec3n.<\/li>    <li>V\u1edbi vi\u1ec7c n\u00e2ng cao m\u1ee9c s\u1ed1ng c\u1ee7a con ng\u01b0\u1eddi, c\u00e1c y\u1ebfu t\u1ed1 l\u00e0m \u0111\u1eb9p li\u00ean t\u1ee5c \u0111\u01b0\u1ee3c b\u1ed5 sung \u0111\u1ec3 s\u1ea3n ph\u1ea9m tr\u00f4ng \u0111\u00e1ng y\u00eau v\u00e0 th\u00fa v\u1ecb h\u01a1n.<\/li>    <li>S\u1ef1 c\u1ea1nh tranh tr\u00ean th\u1ecb tr\u01b0\u1eddng ng\u00e0y c\u00e0ng kh\u1ed1c li\u1ec7t, c\u1ea7n ph\u1ea3i t\u00ecm ki\u1ebfm s\u1ef1 kh\u00e1c bi\u1ec7t t\u1eeb m\u1ecdi kh\u00eda c\u1ea1nh \u0111\u1ec3 thu h\u00fat s\u1ef1 ch\u00fa \u00fd c\u1ee7a ng\u01b0\u1eddi ti\u00eau d\u00f9ng. Bao b\u00ec \u0111\u00e3 tr\u1edf th\u00e0nh m\u1ed9t ph\u01b0\u01a1ng ti\u1ec7n quan tr\u1ecdng \u0111\u1ec3 t\u1ea1o s\u1ef1 kh\u00e1c bi\u1ec7t.<\/li>    <li>Bao b\u00ec b\u1ed5 sung th\u00eam c\u00e1c y\u1ebfu t\u1ed1 th\u01b0\u01a1ng hi\u1ec7u v\u00e0 tr\u1edf th\u00e0nh ph\u01b0\u01a1ng ti\u1ec7n quan tr\u1ecdng \u0111\u1ec3 th\u1ec3 hi\u1ec7n h\u00ecnh \u1ea3nh th\u01b0\u01a1ng hi\u1ec7u.<\/li>    <li>S\u1ef1 xu\u1ea5t hi\u1ec7n c\u1ee7a Internet \u0111\u00e3 gi\u00fap vi\u1ec7c mua h\u00e0ng tr\u1edf n\u00ean thu\u1eadn ti\u1ec7n h\u01a1n v\u00e0 n\u00f3 c\u0169ng gi\u00fap ng\u01b0\u1eddi ti\u00eau d\u00f9ng chuy\u1ec3n \u0111\u1ed5i d\u1ec5 d\u00e0ng h\u01a1n. Ch\u1ee9c n\u0103ng truy\u1ec1n th\u00f4ng c\u1ee7a bao b\u00ec s\u1ea3n ph\u1ea9m ng\u00e0y c\u00e0ng tr\u1edf n\u00ean n\u1ed5i b\u1eadt.<\/li> <\/ol>    <h2 class=\"wp-block-heading\" id=\"why-choose-us\">T\u1ea1i sao ch\u1ecdn ch\u00fang t\u00f4i? <\/h2>    <p class=\"translation-block\">V\u1edbi kinh nghi\u1ec7m phong ph\u00fa trong thi\u1ebft k\u1ebf, nghi\u00ean c\u1ee9u, s\u1ea3n xu\u1ea5t v\u00e0 cung c\u1ea5p m\u00e1y \u0111\u00f3ng g\u00f3i rau c\u1ee7 ch\u1ea5t l\u01b0\u1ee3ng, Taizy \u0111\u00e3 gi\u00fap nhi\u1ec1u doanh nh\u00e2n nh\u1ecf b\u1eaft \u0111\u1ea7u d\u1ef1 \u00e1n c\u1ee7a h\u1ecd. C\u00e1c <a href=\"https:\/\/taizypackaging.com\/vi\/horizontal-packing-machine\/\">m\u00e1y cu\u1ed9n d\u00f2ng ngang<\/a> c\u1ee7a ch\u00fang t\u00f4i \u0111\u00e3 \u0111\u01b0\u1ee3c xu\u1ea5t kh\u1ea9u th\u00e0nh c\u00f4ng \u0111\u1ebfn h\u01a1n 30 qu\u1ed1c gia v\u00e0 v\u00f9ng l\u00e3nh th\u1ed5. T\u1ea1i sao <a href=\"https:\/\/taizypackaging.com\/vi\/\">m\u00e1y \u0111\u00f3ng g\u00f3i Taizy<\/a> l\u1ea1i ph\u1ed5 bi\u1ebfn nh\u01b0 v\u1eady? Ch\u00fang t\u00f4i tin r\u1eb1ng kh\u00f4ng ch\u1ec9 v\u00ec gi\u00e1 c\u1ea3 c\u1ea1nh tranh m\u00e0 c\u00f2n v\u00ec ch\u1ea5t l\u01b0\u1ee3ng xu\u1ea5t s\u1eafc v\u00e0 d\u1ecbch v\u1ee5 t\u1eadn t\u00ecnh. T\u1ea5t c\u1ea3 nh\u1eefng \u0111i\u1ec1u n\u00e0y khi\u1ebfn Taizy tr\u1edf th\u00e0nh m\u1ed9t th\u01b0\u01a1ng hi\u1ec7u m\u00e1y \u0111\u00f3ng g\u00f3i m\u1ea1nh m\u1ebd v\u00e0 \u0111\u00e1ng tin c\u1eady. N\u1ebfu b\u1ea1n mu\u1ed1n b\u1eaft \u0111\u1ea7u d\u1ef1 \u00e1n \u0111\u00f3ng g\u00f3i rau c\u1ee7 c\u1ee7a m\u00ecnh, ch\u00e0o m\u1eebng b\u1ea1n li\u00ean h\u1ec7 v\u1edbi ch\u00fang t\u00f4i \u0111\u1ec3 c\u00f3 th\u00f4ng tin h\u1eefu \u00edch. <\/p>    <figure class=\"wp-block-image size-large\"><img loading=\"lazy\" decoding=\"async\" width=\"720\" height=\"540\" src=\"https:\/\/taizypackaging.com\/wp-content\/uploads\/2021\/05\/machine-display.jpg\" alt=\"nh\u00e0 m\u00e1y s\u1ea3n xu\u1ea5t m\u00e1y \u0111\u00f3ng g\u00f3i rau\" class=\"wp-image-1743\" srcset=\"https:\/\/taizypackaging.com\/wp-content\/uploads\/2021\/05\/machine-display.jpg 720w, https:\/\/taizypackaging.com\/wp-content\/uploads\/2021\/05\/machine-display-300x225.jpg 300w\" sizes=\"auto, (max-width: 720px) 100vw, 720px\" \/><figcaption class=\"wp-element-caption\">nh\u00e0 m\u00e1y s\u1ea3n xu\u1ea5t m\u00e1y \u0111\u00f3ng g\u00f3i rau<\/figcaption><\/figure>    <h2 class=\"wp-block-heading\" id=\"h-cases\">M\u00e1y \u0111\u00f3ng g\u00f3i rau c\u1ee7 b\u00e1n sang M\u1ef9<\/h2>    <p>Th\u00e1ng 10 n\u0103m ngo\u00e1i, m\u1ed9t kh\u00e1ch h\u00e0ng \u0111\u1ebfn t\u1eeb Hoa K\u1ef3 n\u00f3i v\u1edbi ch\u00fang t\u00f4i r\u1eb1ng anh \u1ea5y mu\u1ed1n \u0111\u00f3ng g\u00f3i \u0111\u1eadu d\u00e0i. Ch\u00fang t\u00f4i \u0111\u00e3 gi\u1edbi thi\u1ec7u nh\u1eefng chi\u1ebfc m\u00e1y \u0111\u00f3ng g\u00f3i rau n\u00e0y cho anh \u1ea5y. Sau khi nh\u1eadn h\u00e0ng, anh r\u1ea5t h\u00e0i l\u00f2ng v\u1ec1 hi\u1ec7u qu\u1ea3 \u0111\u00f3ng g\u00f3i v\u00e0 hi\u1ec7u qu\u1ea3 \u0111\u00f3ng g\u00f3i c\u1ee7a m\u00e1y. Anh cho bi\u1ebft, sau khi s\u1eed d\u1ee5ng m\u00e1y \u0111\u00f3ng g\u00f3i, s\u1ea3n ph\u1ea9m c\u1ee7a anh b\u00e1n ch\u1ea1y h\u01a1n tr\u01b0\u1edbc.<\/p>    <figure class=\"wp-block-image size-large\"><img decoding=\"async\" src=\"https:\/\/taizypackaging.com\/wp-content\/uploads\/2021\/05\/packinging-machine-shipment.jpg\" alt=\"l\u00f4 h\u00e0ng m\u00e1y \u0111\u00f3ng g\u00f3i\" class=\"wp-image-1747\"\/><figcaption class=\"wp-element-caption\">l\u00f4 h\u00e0ng m\u00e1y \u0111\u00f3ng g\u00f3i<\/figcaption><\/figure>","protected":false},"excerpt":{"rendered":"<p>Vegetable packing machine is designed for automatically packaging fruits and vegetables. It is a kind of flow wrap machine, also called a vegetable wrapping machine. Vegetable packaging machines can complete these tasks, bag forming, bag packing, sealing, and cutting process. It is a terribly super-efficient packaging tool for various fruits and vegetables for supermarkets. With [&hellip;]<\/p>\n","protected":false},"author":1,"featured_media":4148,"parent":0,"template":"","tags":[571,570,569],"product-type":[664],"class_list":["post-1722","product","type-product","status-publish","has-post-thumbnail","hentry","tag-vegetable-packaging-machine","tag-vegetable-wrapping-machine","tag-vegetbale-packing-machine","product-type-horizontal-flow-wrapping-machines"],"_links":{"self":[{"href":"https:\/\/taizypackaging.com\/vi\/wp-json\/wp\/v2\/product\/1722","targetHints":{"allow":["GET"]}}],"collection":[{"href":"https:\/\/taizypackaging.com\/vi\/wp-json\/wp\/v2\/product"}],"about":[{"href":"https:\/\/taizypackaging.com\/vi\/wp-json\/wp\/v2\/types\/product"}],"author":[{"embeddable":true,"href":"https:\/\/taizypackaging.com\/vi\/wp-json\/wp\/v2\/users\/1"}],"wp:featuredmedia":[{"embeddable":true,"href":"https:\/\/taizypackaging.com\/vi\/wp-json\/wp\/v2\/media\/4148"}],"wp:attachment":[{"href":"https:\/\/taizypackaging.com\/vi\/wp-json\/wp\/v2\/media?parent=1722"}],"wp:term":[{"taxonomy":"post_tag","embeddable":true,"href":"https:\/\/taizypackaging.com\/vi\/wp-json\/wp\/v2\/tags?post=1722"},{"taxonomy":"product-type","embeddable":true,"href":"https:\/\/taizypackaging.com\/vi\/wp-json\/wp\/v2\/product-type?post=1722"}],"curies":[{"name":"wp","href":"https:\/\/api.w.org\/{rel}","templated":true}]}}