{"id":187,"date":"2020-08-24T07:21:44","date_gmt":"2020-08-24T07:21:44","guid":{"rendered":"https:\/\/taizypackaging.com\/?p=187"},"modified":"2024-07-16T17:37:40","modified_gmt":"2024-07-16T09:37:40","slug":"candy-packing-machine","status":"publish","type":"product","link":"https:\/\/taizypackaging.com\/vi\/candy-packing-machine\/","title":{"rendered":"M\u00e1y \u0111\u00f3ng g\u00f3i k\u1eb9o"},"content":{"rendered":"<div class=\"kk-star-ratings kksr-auto kksr-align-left kksr-valign-top\"     data-payload='{&quot;align&quot;:&quot;left&quot;,&quot;id&quot;:&quot;187&quot;,&quot;slug&quot;:&quot;default&quot;,&quot;valign&quot;:&quot;top&quot;,&quot;ignore&quot;:&quot;&quot;,&quot;reference&quot;:&quot;auto&quot;,&quot;class&quot;:&quot;&quot;,&quot;count&quot;:&quot;25&quot;,&quot;legendonly&quot;:&quot;&quot;,&quot;readonly&quot;:&quot;&quot;,&quot;score&quot;:&quot;4.6&quot;,&quot;starsonly&quot;:&quot;&quot;,&quot;best&quot;:&quot;5&quot;,&quot;gap&quot;:&quot;5&quot;,&quot;greet&quot;:&quot;Rate this product&quot;,&quot;legend&quot;:&quot;4.6\\\/5 - (25 b\u00ecnh ch\u1ecdn)&quot;,&quot;size&quot;:&quot;24&quot;,&quot;title&quot;:&quot;Candy Packing Machine&quot;,&quot;width&quot;:&quot;130.9&quot;,&quot;_legend&quot;:&quot;{score}\\\/{best} - ({count} {votes})&quot;,&quot;font_factor&quot;:&quot;1.25&quot;}'>              <div class=\"kksr-stars\">      <div class=\"kksr-stars-inactive\">             <div class=\"kksr-star\" data-star=\"1\" style=\"padding-right: 5px\">               <div class=\"kksr-icon\" style=\"width: 24px; height: 24px;\"><\/div>         <\/div>             <div class=\"kksr-star\" data-star=\"2\" style=\"padding-right: 5px\">               <div class=\"kksr-icon\" style=\"width: 24px; height: 24px;\"><\/div>         <\/div>             <div class=\"kksr-star\" data-star=\"3\" style=\"padding-right: 5px\">               <div class=\"kksr-icon\" style=\"width: 24px; height: 24px;\"><\/div>         <\/div>             <div class=\"kksr-star\" data-star=\"4\" style=\"padding-right: 5px\">               <div class=\"kksr-icon\" style=\"width: 24px; height: 24px;\"><\/div>         <\/div>             <div class=\"kksr-star\" data-star=\"5\" style=\"padding-right: 5px\">               <div class=\"kksr-icon\" style=\"width: 24px; height: 24px;\"><\/div>         <\/div>     <\/div>      <div class=\"kksr-stars-active\" style=\"width: 130.9px;\">             <div class=\"kksr-star\" style=\"padding-right: 5px\">               <div class=\"kksr-icon\" style=\"width: 24px; height: 24px;\"><\/div>         <\/div>             <div class=\"kksr-star\" style=\"padding-right: 5px\">               <div class=\"kksr-icon\" style=\"width: 24px; height: 24px;\"><\/div>         <\/div>             <div class=\"kksr-star\" style=\"padding-right: 5px\">               <div class=\"kksr-icon\" style=\"width: 24px; height: 24px;\"><\/div>         <\/div>             <div class=\"kksr-star\" style=\"padding-right: 5px\">               <div class=\"kksr-icon\" style=\"width: 24px; height: 24px;\"><\/div>         <\/div>             <div class=\"kksr-star\" style=\"padding-right: 5px\">               <div class=\"kksr-icon\" style=\"width: 24px; height: 24px;\"><\/div>         <\/div>     <\/div> <\/div>                   <div class=\"kksr-legend\" style=\"font-size: 19.2px;\">             4.6\/5 - (25 l\u01b0\u1ee3t b\u00ecnh ch\u1ecdn)    <\/div>     <\/div>  <p class=\"translation-block\"><strong>M\u00e1y \u0111\u00f3ng g\u00f3i k\u1eb9o<\/strong> l\u00e0 m\u1ed9t lo\u1ea1i m\u00e1y \u0111\u00f3ng g\u00f3i d\u00f2ng ch\u1ea3y ngang. N\u00f3 c\u00f3 c\u00e1c t\u00ednh n\u0103ng hi\u1ec7u qu\u1ea3 cao, \u0111\u1ed9 ch\u00ednh x\u00e1c cao v\u00e0 d\u1ec5 v\u1eadn h\u00e0nh. V\u1edbi h\u1ec7 th\u1ed1ng b\u0103ng t\u1ea3i, \u0111\u1ed9ng c\u01a1 servo v\u00e0 h\u1ec7 th\u1ed1ng \u0111i\u1ec1u khi\u1ec3n ti\u00ean ti\u1ebfn, n\u00f3 c\u00f3 th\u1ec3 t\u1ef1 \u0111\u1ed9ng ho\u00e0n th\u00e0nh qu\u00e1 tr\u00ecnh \u0111\u00f3ng g\u00f3i, ni\u00eam phong v\u00e0 c\u1eaft. Do \u0111\u00f3, m\u1ed9t m\u00e1y \u0111\u00f3ng g\u00f3i k\u1eb9o t\u1ef1 \u0111\u1ed9ng ch\u1eafc ch\u1eafn c\u00f3 th\u1ec3 n\u00e2ng cao n\u0103ng su\u1ea5t c\u1ee7a b\u1ea1n v\u00e0 ti\u1ebft ki\u1ec7m chi ph\u00ed. L\u00e0 m\u1ed9t nh\u00e0 s\u1ea3n xu\u1ea5t m\u00e1y \u0111\u00f3ng g\u00f3i h\u00e0ng \u0111\u1ea7u t\u1ea1i Trung Qu\u1ed1c, ch\u00fang t\u00f4i cung c\u1ea5p c\u00e1c gi\u1ea3i ph\u00e1p \u0111\u00f3ng g\u00f3i k\u1eb9o xu\u1ea5t s\u1eafc cho kh\u00e1ch h\u00e0ng tr\u00ean to\u00e0n th\u1ebf gi\u1edbi. B\u1ea1n c\u00f3 quan t\u00e2m kh\u00f4ng? G\u1eedi email cho ch\u00fang t\u00f4i ho\u1eb7c g\u1ecdi cho ch\u00fang t\u00f4i \u0111\u1ec3 c\u00f3 b\u00e1o gi\u00e1 t\u1ed1t nh\u1ea5t. <\/p>   <figure class=\"wp-block-embed-youtube wp-block-embed is-type-video is-provider-youtube wp-embed-aspect-16-9 wp-has-aspect-ratio\"><div class=\"lyte-wrapper fourthree\" title=\"B\u00e1nh m\u00ec t\u1ef1 \u0111\u1ed9ng\/M\u00e1y t\u00ednh b\u1ea3ng s\u1eefa\/S\u00f4c\u00f4la\/M\u00ec\/m\u00ec \u1ed1ng\/Rau\/M\u00e1y \u0111\u00f3ng g\u00f3i k\u1eb9o\" style=\"width:960px;max-width:100%;margin:5px auto;\"><div class=\"lyMe hidef\" id=\"WYL_ky0B3I2mrVM\" itemprop=\"video\" itemscope itemtype=\"https:\/\/schema.org\/VideoObject\"><div><meta itemprop=\"thumbnailUrl\" content=\"https:\/\/taizypackaging.com\/wp-content\/plugins\/wp-youtube-lyte\/lyteCache.php?origThumbUrl=https%3A%2F%2Fi.ytimg.com%2Fvi%2Fky0B3I2mrVM%2Fhqdefault.jpg\" \/><meta itemprop=\"embedURL\" content=\"https:\/\/www.youtube.com\/embed\/ky0B3I2mrVM\" \/><meta itemprop=\"duration\" content=\"PT4M42S\" \/><meta itemprop=\"uploadDate\" content=\"2020-09-25T03:30:06Z\" \/><\/div><div id=\"lyte_ky0B3I2mrVM\" data-src=\"https:\/\/taizypackaging.com\/wp-content\/plugins\/wp-youtube-lyte\/lyteCache.php?origThumbUrl=https%3A%2F%2Fi.ytimg.com%2Fvi%2Fky0B3I2mrVM%2Fhqdefault.jpg\" class=\"pL\"><div class=\"tC\"><div class=\"tT\" itemprop=\"name\">B\u00e1nh m\u00ec t\u1ef1 \u0111\u1ed9ng\/M\u00e1y t\u00ednh b\u1ea3ng s\u1eefa\/S\u00f4c\u00f4la\/M\u00ec\/m\u00ec \u1ed1ng\/Rau\/M\u00e1y \u0111\u00f3ng g\u00f3i k\u1eb9o<\/div><\/div><div class=\"play\"><\/div><div class=\"ctrl\"><div class=\"Lctrl\"><\/div><div class=\"Rctrl\"><\/div><\/div><\/div><noscript><a href=\"https:\/\/youtu.be\/ky0B3I2mrVM\" rel=\"nofollow noopener\" target=\"_blank\"><img loading=\"lazy\" decoding=\"async\" src=\"https:\/\/taizypackaging.com\/wp-content\/plugins\/wp-youtube-lyte\/lyteCache.php?origThumbUrl=https%3A%2F%2Fi.ytimg.com%2Fvi%2Fky0B3I2mrVM%2F0.jpg\" alt=\"B\u00e1nh m\u00ec t\u1ef1 \u0111\u1ed9ng\/M\u00e1y t\u00ednh b\u1ea3ng s\u1eefa\/S\u00f4c\u00f4la\/M\u00ec\/m\u00ec \u1ed1ng\/Rau\/M\u00e1y \u0111\u00f3ng g\u00f3i k\u1eb9o\" width=\"960\" height=\"700\" \/><br \/>Xem video n\u00e0y tr\u00ean YouTube<\/a><\/noscript><meta itemprop=\"description\" content=\"Website for More details: https:\/\/taizypackaging.com\/ Food packaging machine: https:\/\/www.youtube.com\/watchv=R77RQ1DBtjc&amp;t=107s Tea Packaging Machine: https:\/\/www.youtube.com\/watch?v=HtHDwv_bSE8 WhatsApp for factory price: https:\/\/wa.me\/17320158259 Shown in the video are all packaging samples. The machine can not only pack the materials in the video, but also pack a lot. At the same time we also produced coffee packaging machine, spice packaging machine, juice packaging machine, biscuit packaging machine, cookie packaging machine, meat packaging machine, etc.\"><\/div><\/div><div class=\"lL\" style=\"max-width:100%;width:960px;margin:5px auto;\"><\/div><figcaption><\/figcaption><\/figure>   <h2 class=\"wp-block-heading\" id=\"what-is-candy-wrapping-machine\">M\u00e1y g\u00f3i k\u1eb9o l\u00e0 g\u00ec? <\/h2>    <p>M\u00e1y g\u00f3i k\u1eb9o hay m\u00e1y \u0111\u00f3ng g\u00f3i k\u1eb9o l\u00e0 m\u1ed9t lo\u1ea1i m\u00e1y \u0111\u00f3ng g\u00f3i g\u1ed1i. N\u00f3 c\u00f3 th\u1ec3 ho\u00e0n th\u00e0nh qu\u00e1 tr\u00ecnh \u0111\u00f3ng g\u00f3i, ni\u00eam phong v\u00e0 c\u1eaft c\u1ee7a d\u00e2y chuy\u1ec1n s\u1ea3n xu\u1ea5t k\u1eb9o. Ngo\u00e0i k\u1eb9o, m\u00e1y g\u00f3i d\u1ea1ng g\u1ed1i c\u00f2n c\u00f3 th\u1ec3 \u0111\u01b0\u1ee3c \u00e1p d\u1ee5ng \u0111\u1ec3 \u0111\u00f3ng g\u00f3i nhi\u1ec1u lo\u1ea1i h\u00e0ng t\u1ea1p h\u00f3a kh\u00e1c, ch\u1eb3ng h\u1ea1n nh\u01b0 b\u00e1nh quy, b\u00e1nh m\u00ec, b\u00e1nh m\u00ec, b\u00e1nh x\u1ed1p, x\u00e0 ph\u00f2ng, kh\u1ea9u trang, gi\u1ea5y lau m\u1eb7t, kh\u0103n \u01b0\u1edbt, v.v. N\u00f3 bao g\u1ed3m m\u1ed9t h\u1ec7 th\u1ed1ng \u0111\u00f3ng g\u00f3i v\u00e0 m\u1ed9t h\u1ec7 th\u1ed1ng giao th\u00f4ng. V\u1edbi kh\u1ea3 n\u0103ng v\u1eadn h\u00e0nh d\u1ec5 d\u00e0ng v\u00e0 h\u1ec7 th\u1ed1ng \u0111i\u1ec1u khi\u1ec3n th\u00f4ng minh, N\u00f3 c\u00f3 th\u1ec3 t\u0103ng n\u0103ng su\u1ea5t cao cho nh\u00e0 m\u00e1y th\u1ef1c ph\u1ea9m c\u1ee7a b\u1ea1n. <\/p>    <h2 class=\"wp-block-heading\" id=\"h-applications-of-the-horizontal-packaging-machine\">\u1ee8ng d\u1ee5ng c\u1ee7a m\u00e1y qu\u1ea5n ngang<\/h2>    <p>M\u00e1y \u0111\u00f3ng g\u00f3i ngang TZ-450 l\u00e0 m\u1ed9t m\u1eabu c\u1ee7a m\u00e1y \u0111\u00f3ng g\u00f3i ngang. N\u00f3 ph\u00f9 h\u1ee3p \u0111\u1ec3 \u0111\u00f3ng g\u00f3i v\u1eadt li\u1ec7u c\u00f3 chi\u1ec1u r\u1ed9ng m\u00e0ng t\u1ed1i \u0111a 250mm. C\u00e1c th\u00f4ng s\u1ed1 k\u1ef9 thu\u1eadt chi ti\u1ebft \u0111\u01b0\u1ee3c hi\u1ec3n th\u1ecb \u1edf cu\u1ed1i \u0111o\u1ea1n v\u0103n. M\u00e1y \u0111\u00f3ng g\u00f3i k\u1eb9o c\u00f3 nhi\u1ec1u \u1ee9ng d\u1ee5ng trong \u0111\u00f3ng g\u00f3i k\u1eb9o, \u0111\u00f3ng g\u00f3i s\u00f4 c\u00f4 la, \u0111\u00f3ng g\u00f3i b\u1ed9 \u0111\u1ed3 \u0103n d\u00f9ng m\u1ed9t l\u1ea7n, \u0111\u00f3ng g\u00f3i \u1ed1ng ti\u00eam, \u0111\u00f3ng g\u00f3i m\u1eb7t n\u1ea1, v.v. B\u1ea1n c\u00f3 th\u1ec3 ch\u1ecdn \u0111\u00fang m\u1eabu m\u00e3 t\u00f9y theo k\u00edch th\u01b0\u1edbc s\u1ea3n ph\u1ea9m c\u1ee7a m\u00ecnh.<\/p>    <figure class=\"wp-block-image size-large\"><img decoding=\"async\" src=\"https:\/\/taizypackaging.com\/wp-content\/uploads\/2020\/08\/candy-packing-and-syringe-packaging.jpg\" alt=\"\u0111\u00f3ng g\u00f3i k\u1eb9o v\u00e0 bao b\u00ec \u1ed1ng ti\u00eam\" class=\"wp-image-1778\"\/><figcaption class=\"wp-element-caption\">\u0111\u00f3ng g\u00f3i k\u1eb9o v\u00e0 bao b\u00ec \u1ed1ng ti\u00eam<\/figcaption><\/figure>    <h2 class=\"wp-block-heading\" id=\"h-types-of-candy-packing-machines-for-sale\">C\u1ea7n b\u00e1n c\u00e1c lo\u1ea1i m\u00e1y \u0111\u00f3ng g\u00f3i k\u1eb9o <\/h2>    <p>C\u00f3 hai ph\u01b0\u01a1ng th\u1ee9c v\u1eadn chuy\u1ec3n m\u00e0ng cu\u1ed9n c\u1ee7a m\u00e1y \u0111\u00f3ng g\u00f3i k\u1eb9o l\u00e0 n\u1ea1p tr\u00ean v\u00e0 n\u1ea1p d\u01b0\u1edbi. M\u00e0ng cu\u1ed9n n\u1eb1m \u1edf ph\u00eda tr\u00ean c\u1ee7a m\u00e1y d\u00e0nh cho b\u1ed9 n\u1ea1p tr\u00ean c\u00f9ng, b\u1ed9 ph\u1eadn tr\u01b0\u1edbc c\u00f3 th\u1ec3 \u0111\u01b0\u1ee3c tinh ch\u1ec9nh v\u00e0 dao c\u1eaft d\u1ecdc n\u1eb1m b\u00ean trong m\u00e1y. M\u00e1y \u0111\u00f3ng g\u00f3i gi\u1ea5y c\u1ea5p xu\u1ed1ng, cu\u1ed9n m\u00e0ng n\u1eb1m d\u01b0\u1edbi m\u00e1y, kh\u00f4ng th\u1ec3 \u0111i\u1ec1u ch\u1ec9nh \u0111\u01b0\u1ee3c. B\u1ea1n c\u00f3 th\u1ec3 mua c\u00e1c lo\u1ea1i khu\u00f4n kh\u00e1c nhau \u0111\u1ec3 thay \u0111\u1ed5i chi\u1ec1u r\u1ed9ng c\u1eaft. C\u00e1c m\u00e1y \u0111\u00f3ng g\u00f3i g\u1ed1i kh\u00e1c nhau l\u00fd t\u01b0\u1edfng cho c\u00e1c m\u1eb7t h\u00e0ng kh\u00e1c nhau. V\u1edbi ch\u1ea5t l\u01b0\u1ee3ng t\u1ed1t v\u00e0 gi\u00e1 m\u00e1y \u0111\u00f3ng g\u00f3i c\u1ea1nh tranh, m\u00e1y \u0111\u00f3ng g\u00f3i k\u1eb9o c\u1ee7a ch\u00fang t\u00f4i kh\u00e1 ph\u1ed5 bi\u1ebfn tr\u00ean to\u00e0n th\u1ebf gi\u1edbi. <\/p>    <figure class=\"wp-block-image size-large\"><img decoding=\"async\" src=\"https:\/\/taizypackaging.com\/wp-content\/uploads\/2021\/05\/horizontal-packing-machine.jpg\" alt=\"m\u00e1y \u0111\u00f3ng g\u00f3i ngang\" class=\"wp-image-1665\"\/><figcaption class=\"wp-element-caption\">m\u00e1y \u0111\u00f3ng g\u00f3i ngang<\/figcaption><\/figure>    <h2 class=\"wp-block-heading\" id=\"h-the-structure-feature-of-the-candy-packing-machine\">\u0110\u1eb7c \u0111i\u1ec3m c\u1ea5u tr\u00fac c\u1ee7a m\u00e1y \u0111\u00f3ng g\u00f3i k\u1eb9o<\/h2>    <ol class=\"wp-block-list\" type=\"1\"> <li>N\u1ec1n t\u1ea3ng cho \u0103n \u0111\u01b0\u1ee3c l\u00e0m b\u1eb1ng th\u00e9p kh\u00f4ng g\u1ec9. V\u1eadt li\u1ec7u n\u00e0y b\u1ec1n.<\/li>    <li>N\u00f3 c\u00f3 th\u1ec3 \u0111\u01b0\u1ee3c trang b\u1ecb m\u1ed9t con dao, m\u1ed9t con dao \u0111\u00f4i, c\u1eaft ba con dao.<\/li>    <li>M\u00e0n h\u00ecnh hi\u1ec3n th\u1ecb gi\u00fap c\u00e0i \u0111\u1eb7t th\u00f4ng s\u1ed1 d\u1ec5 d\u00e0ng v\u00e0 nhanh ch\u00f3ng. N\u00f3 th\u00f4ng qua n\u1ec1n t\u1ea3ng \u0111i\u1ec1u khi\u1ec3n ti\u1ebfng Anh. <\/li>    <li>Theo d\u00f5i con tr\u1ecf c\u00f3 \u0111\u1ed9 nh\u1ea1y cao v\u00e0 \u0111\u1ea7u v\u00e0o k\u1ef9 thu\u1eadt s\u1ed1 c\u1ee7a qu\u00e1 tr\u00ecnh h\u00e0n gi\u00fap v\u1ecb tr\u00ed h\u00e0n v\u00e0 c\u1eaft ch\u00ednh x\u00e1c h\u01a1n.<\/li>    <li>H\u1ec7 th\u1ed1ng truy\u1ec1n \u0111\u1ed9ng \u0111\u01a1n gi\u1ea3n v\u00e0 ho\u1ea1t \u0111\u1ed9ng \u0111\u00e1ng tin c\u1eady h\u01a1n. Ngo\u00e0i ra, vi\u1ec7c b\u1ea3o tr\u00ec c\u0169ng thu\u1eadn ti\u1ec7n h\u01a1n.<\/li>    <li>M\u00e1y \u0111\u00f3ng g\u00f3i k\u1eb9o n\u00e0y r\u1ea5t linh ho\u1ea1t. N\u00f3 c\u00f3 th\u1ec3 \u0111\u00f3ng g\u00f3i s\u1ea3n ph\u1ea9m trong c\u00e1c l\u0129nh v\u1ef1c kh\u00e1c nhau.<\/li> <\/ol>    <figure class=\"wp-block-image size-large\"><img decoding=\"async\" src=\"https:\/\/taizypackaging.com\/wp-content\/uploads\/2020\/08\/Pillow-type-Packaging-Machine-1-2.jpg\" alt=\"m\u00e1y \u0111\u00f3ng g\u00f3i d\u1ea1ng g\u1ed1i\" class=\"wp-image-1256\"\/><figcaption class=\"wp-element-caption\">m\u00e1y \u0111\u00f3ng g\u00f3i d\u1ea1ng g\u1ed1i<\/figcaption><\/figure>    <h2 class=\"wp-block-heading\" id=\"h-the-performance-advantages-of-the-candy-packaging-machine\">\u01afu \u0111i\u1ec3m v\u1ec1 hi\u1ec7u su\u1ea5t c\u1ee7a m\u00e1y \u0111\u00f3ng g\u00f3i k\u1eb9o<\/h2>    <ol class=\"wp-block-list\" type=\"1\"> <li>C\u00e1c \u0111\u1ed1i t\u01b0\u1ee3ng c\u00f3 k\u00edch th\u01b0\u1edbc kh\u00e1c nhau c\u00f3 th\u1ec3 \u0111\u01b0\u1ee3c \u0111\u00f3ng g\u00f3i b\u1eb1ng c\u00e1ch chuy\u1ec3n \u0111\u1ed5i c\u00e1c k\u00edch c\u1ee1 kh\u00e1c nhau.<\/li>    <li>T\u1ed1c \u0111\u1ed9 c\u1eaft c\u00f3 th\u1ec3 \u0111i\u1ec1u ch\u1ec9nh \u0111\u01b0\u1ee3c. B\u1ea1n c\u00f3 th\u1ec3 \u0111i\u1ec1u ch\u1ec9nh t\u1ed1c \u0111\u1ed9 c\u1eaft b\u1eb1ng c\u00e1ch c\u00e0i \u0111\u1eb7t c\u00e1c th\u00f4ng s\u1ed1 tr\u00ean m\u00e0n h\u00ecnh \u0111i\u1ec1u khi\u1ec3n.<\/li>    <li>T\u1ed1c \u0111\u1ed9 c\u1eaft c\u00f3 th\u1ec3 \u0111i\u1ec1u ch\u1ec9nh \u0111\u01b0\u1ee3c v\u00e0 nhi\u1ec7t \u0111\u1ed9 c\u1eaft \u0111\u01b0\u1ee3c \u0111i\u1ec1u khi\u1ec3n b\u1eb1ng m\u00e0n h\u00ecnh \u0111i\u1ec1u khi\u1ec3n PID \u0111\u1ed9c l\u1eadp. N\u00f3 ph\u00f9 h\u1ee3p cho c\u00e1c v\u1eadt li\u1ec7u \u0111\u00f3ng g\u00f3i kh\u00e1c nhau.<\/li>    <li>B\u1ea1n c\u00f3 th\u1ec3 thay \u0111\u1ed5i \u0111\u1ed9 r\u1ed9ng g\u00f3i b\u1eb1ng c\u00e1ch \u0111i\u1ec1u ch\u1ec9nh ph\u1ea7n tr\u01b0\u1edbc.<\/li> <\/ol>    <figure class=\"wp-block-image size-large\"><img decoding=\"async\" src=\"https:\/\/taizypackaging.com\/wp-content\/uploads\/2020\/08\/components-of-the-candy-packing-machine.jpg\" alt=\"c\u00e1c th\u00e0nh ph\u1ea7n c\u1ee7a m\u00e1y \u0111\u00f3ng g\u00f3i k\u1eb9o\" class=\"wp-image-1794\"\/><figcaption class=\"wp-element-caption\">c\u00e1c th\u00e0nh ph\u1ea7n c\u1ee7a m\u00e1y \u0111\u00f3ng g\u00f3i k\u1eb9o<\/figcaption><\/figure>    <h2 class=\"wp-block-heading\" id=\"package-style\">Ki\u1ec3u g\u00f3i<\/h2>    <figure class=\"wp-block-image size-large\"><img decoding=\"async\" src=\"https:\/\/taizypackaging.com\/wp-content\/uploads\/2020\/08\/pillow-type-packing-machine-1.jpg\" alt=\"m\u00e1y \u0111\u00f3ng g\u00f3i ki\u1ec3u g\u1ed1i\" class=\"wp-image-852\"\/><figcaption class=\"wp-element-caption\">m\u00e1y \u0111\u00f3ng g\u00f3i ki\u1ec3u g\u1ed1i<\/figcaption><\/figure>    <h2 class=\"wp-block-heading\" id=\"h-q-a\">H\u1ecfi \u0111\u00e1p<\/h2>    <div class=\"schema-faq wp-block-yoast-faq-block\"><div class=\"schema-faq-section\" id=\"faq-question-1616468169204\"><strong class=\"schema-faq-question\">1. C\u00f3 bao nhi\u00eau ph\u01b0\u01a1ng ph\u00e1p \u0111\u00f3ng g\u00f3i?<\/strong> <p class=\"schema-faq-answer\">M\u00e1y \u0111\u00f3ng g\u00f3i d\u1ea1ng g\u1ed1i ch\u1ec9 c\u00f3 th\u1ec3 d\u00e1n l\u1ea1i.<\/p> <\/div> <div class=\"schema-faq-section\" id=\"faq-question-1616468188611\"><strong class=\"schema-faq-question\">2. M\u00e1y \u00e9p c\u00f3 th\u1ec3 \u0111i\u1ec1u ch\u1ec9nh \u0111\u01b0\u1ee3c kh\u00f4ng?<\/strong> <p class=\"schema-faq-answer\">Kh\u00f4ng, c\u00f3 th\u1ec3 \u0111\u00f3ng g\u00f3i c\u00e1c v\u1eadt th\u1ec3 c\u00f3 k\u00edch th\u01b0\u1edbc kh\u00e1c nhau b\u1eb1ng c\u00e1ch thay \u0111\u1ed5i b\u1ed9 \u0111\u1ecbnh h\u00ecnh.<\/p> <\/div> <div class=\"schema-faq-section\" id=\"faq-question-1616468252884\"><strong class=\"schema-faq-question\">3. N\u1ebfu t\u00f4i mua th\u00ec ph\u00e2n chia v\u00e0 v\u1eadn chuy\u1ec3n chi\u1ebfc m\u00e1y n\u00e0y nh\u01b0 th\u1ebf n\u00e0o?<\/strong> <p class=\"schema-faq-answer\">N\u00f3i chung, n\u00f3 \u0111\u01b0\u1ee3c ph\u00e2n ph\u1ed1i th\u00e0nh hai ph\u1ea7n.<\/p> <\/div> <div class=\"schema-faq-section\" id=\"faq-question-1616468264004\"><strong class=\"schema-faq-question\">4. B\u1ea1n b\u00e1n lo\u1ea1i m\u00e1y \u0111\u00f3ng g\u00f3i n\u00e0o?<\/strong> <p class=\"schema-faq-answer\">Ngo\u00e0i ra ch\u00fang t\u00f4i c\u00f2n c\u00f3 m\u00e1y \u0111\u00f3ng g\u00f3i h\u00fat ch\u00e2n kh\u00f4ng g\u1ed1i, m\u00e1y \u0111\u00f3ng g\u00f3i k\u1eb9o g\u1ed1i, m\u00e1y \u0111\u00f3ng g\u00f3i g\u1ed1i ngang,..<\/p> <\/div> <div class=\"schema-faq-section\" id=\"faq-question-1616468276012\"><strong class=\"schema-faq-question\">5. Kh\u00e1ch h\u00e0ng c\u00f3 th\u1ec3 ch\u1ecdn \u0111\u1ed9ng c\u01a1 kh\u00f4ng?<\/strong> <p class=\"schema-faq-answer\">V\u00e2ng, n\u00f3 c\u00f3 th\u1ec3. Ngo\u00e0i \u0111\u1ed9ng c\u01a1 th\u00f4ng th\u01b0\u1eddng, \u0111\u1ed9ng c\u01a1 servo c\u0169ng c\u00f3 th\u1ec3 \u0111\u01b0\u1ee3c l\u1ef1a ch\u1ecdn. M\u00e1y \u0111\u00f3ng g\u00f3i d\u1ea1ng g\u1ed1i \u0111\u01b0\u1ee3c trang b\u1ecb \u0111\u1ed9ng c\u01a1 servo n\u00ean c\u00f3 th\u1ec3 t\u1ef1 \u0111\u1ed9ng c\u1ea3m nh\u1eadn \u0111\u1ed9 d\u00e0i c\u1ee7a v\u1eadt li\u1ec7u. V\u00e0 sau \u0111\u00f3 N\u00d3 s\u1ebd \u0111\u01b0\u1ee3c c\u1eaft sau khi c\u1ea3m nh\u1eadn \u0111\u01b0\u1ee3c v\u1eadt li\u1ec7u. Khi nguy\u00ean li\u1ec7u kh\u00f4ng \u0111\u1ebfn, m\u00e0ng \u0111\u00f3ng g\u00f3i v\u00e0 m\u00e1y c\u1eaft s\u1ebd kh\u00f4ng ho\u1ea1t \u0111\u1ed9ng \u0111\u1ec3 tr\u00e1nh l\u00e3ng ph\u00ed. \u0110\u1ed9ng c\u01a1 servo \u0111\u1eaft h\u01a1n \u0111\u1ed9ng c\u01a1 th\u00f4ng th\u01b0\u1eddng.<\/p> <\/div> <\/div>    <h2 class=\"wp-block-heading\" id=\"h-the-working-video-of-the-horizontal-flow-wrapping-packaging-machine\">Video ho\u1ea1t \u0111\u1ed9ng c\u1ee7a m\u00e1y \u0111\u00f3ng g\u00f3i bao b\u00ec d\u00f2ng ch\u1ea3y ngang<\/h2>    <h2 class=\"wp-block-heading\" id=\"h-technical-parameter-of-the-candy-packing-machine\">&nbsp;Th\u00f4ng s\u1ed1 k\u1ef9 thu\u1eadt c\u1ee7a m\u00e1y \u0111\u00f3ng g\u00f3i k\u1eb9o<\/h2>    <figure class=\"wp-block-table\"><table><tbody><tr><td>Chi\u1ec1u r\u1ed9ng phim<\/td><td>T\u1ed1i \u0111a 250 mm<\/td><\/tr><tr><td>chi\u1ec1u d\u00e0i t\u00fai<\/td><td>45-220 mm<\/td><\/tr><tr><td>Chi\u1ec1u r\u1ed9ng t\u00fai<\/td><td>30-110 mm<\/td><\/tr><tr><td>Chi\u1ec1u cao s\u1ea3n ph\u1ea9m<\/td><td>T\u1ed1i \u0111a 40 mm<\/td><\/tr><tr><td>Dung t\u00edch<\/td><td>40-330 t\u00fai\/ph\u00fat<\/td><\/tr><tr><td>Quy\u1ec1n l\u1ef1c<\/td><td>2,4 kW<\/td><\/tr><tr><td>C\u00e2n n\u1eb7ng<\/td><td>800 kg<\/td><\/tr><tr><td>K\u00edch th\u01b0\u1edbc<\/td><td>3770*670*1450mm<\/td><\/tr><tr><td>ghi ch\u00fa<\/td><td>c\u00f3 th\u1ec3 t\u00f9y ch\u1ec9nh<\/td><\/tr><\/tbody><\/table><\/figure>    <h2 class=\"wp-block-heading\" id=\"h-contact-us-to-start-your-business\">H\u00e3y li\u00ean h\u1ec7 v\u1edbi ch\u00fang t\u00f4i \u0111\u1ec3 b\u1eaft \u0111\u1ea7u c\u00f4ng vi\u1ec7c kinh doanh c\u1ee7a b\u1ea1n<\/h2>    <p>M\u00e1y \u0111\u00f3ng g\u00f3i k\u1eb9o d\u00f9ng \u0111\u1ec3 ch\u1ec9 m\u00e1y \u0111\u00f3ng g\u00f3i d\u1ea1ng g\u1ed1i. N\u00f3 l\u00e0 m\u1ed9t s\u1ea3n ph\u1ea9m hot trong c\u00f4ng ty ch\u00fang t\u00f4i do c\u00f3 \u1ee9ng d\u1ee5ng r\u1ea5t l\u1edbn trong s\u1ea3n xu\u1ea5t c\u00f4ng nghi\u1ec7p. Ch\u00fang t\u00f4i xu\u1ea5t kh\u1ea9u th\u00e0nh c\u00f4ng m\u00e1y qu\u1ea5n g\u1ed1i t\u1edbi 30 qu\u1ed1c gia v\u00e0 khu v\u1ef1c m\u1ed7i n\u0103m. V\u1edbi gi\u00e1 c\u1ea3 c\u1ea1nh tranh v\u00e0 d\u1ecbch v\u1ee5 h\u1eadu m\u00e3i t\u1ed1t, m\u00e1y \u0111\u00f3ng g\u00f3i Taizy \u0111\u01b0\u1ee3c kh\u00e1ch h\u00e0ng tr\u00ean to\u00e0n th\u1ebf gi\u1edbi \u0111\u00e1nh gi\u00e1 cao. B\u1ea1n \u0111ang t\u00ecm ki\u1ebfm m\u1ed9t nh\u00e0 s\u1ea3n xu\u1ea5t m\u00e1y \u0111\u00f3ng g\u00f3i \u0111\u00e1ng tin c\u1eady \u0111\u1ec3 mang l\u1ea1i l\u1ee3i \u00edch cho d\u1ef1 \u00e1n c\u1ee7a b\u1ea1n? H\u00e3y \u0111\u1ec3 l\u1ea1i y\u00eau c\u1ea7u c\u1ee7a b\u1ea1n b\u00ean d\u01b0\u1edbi v\u00e0 ch\u00fang t\u00f4i s\u1ebd li\u00ean h\u1ec7 l\u1ea1i v\u1edbi b\u1ea1n sau v\u00e0i gi\u1edd.<\/p>","protected":false},"excerpt":{"rendered":"<p>Candy packing machine is a type of horizontal flow wrapping machine. It has the features of high efficiency, high accuracy, and easy operation. With a conveyor system, servo motor, and advanced control system, it can automatically complete the process of wrapping, sealing, and cutting. Therefore, an automatic candy packaging machine can definitely enhance your productivity [&hellip;]<\/p>\n","protected":false},"author":1,"featured_media":4147,"parent":0,"template":"","tags":[88,609,555,556],"product-type":[664],"class_list":["post-187","product","type-product","status-publish","has-post-thumbnail","hentry","tag-candy","tag-candy-packaging","tag-candy-packing-machine","tag-candy-wrapping-machine","product-type-horizontal-flow-wrapping-machines"],"_links":{"self":[{"href":"https:\/\/taizypackaging.com\/vi\/wp-json\/wp\/v2\/product\/187","targetHints":{"allow":["GET"]}}],"collection":[{"href":"https:\/\/taizypackaging.com\/vi\/wp-json\/wp\/v2\/product"}],"about":[{"href":"https:\/\/taizypackaging.com\/vi\/wp-json\/wp\/v2\/types\/product"}],"author":[{"embeddable":true,"href":"https:\/\/taizypackaging.com\/vi\/wp-json\/wp\/v2\/users\/1"}],"wp:featuredmedia":[{"embeddable":true,"href":"https:\/\/taizypackaging.com\/vi\/wp-json\/wp\/v2\/media\/4147"}],"wp:attachment":[{"href":"https:\/\/taizypackaging.com\/vi\/wp-json\/wp\/v2\/media?parent=187"}],"wp:term":[{"taxonomy":"post_tag","embeddable":true,"href":"https:\/\/taizypackaging.com\/vi\/wp-json\/wp\/v2\/tags?post=187"},{"taxonomy":"product-type","embeddable":true,"href":"https:\/\/taizypackaging.com\/vi\/wp-json\/wp\/v2\/product-type?post=187"}],"curies":[{"name":"wp","href":"https:\/\/api.w.org\/{rel}","templated":true}]}}