{"id":1985,"date":"2021-06-02T02:50:38","date_gmt":"2021-06-02T02:50:38","guid":{"rendered":"https:\/\/taizypackaging.com\/?p=1985"},"modified":"2024-07-16T17:47:35","modified_gmt":"2024-07-16T09:47:35","slug":"semi-automatic-liquid-filling-machine","status":"publish","type":"product","link":"https:\/\/taizypackaging.com\/vi\/semi-automatic-liquid-filling-machine\/","title":{"rendered":"M\u00e1y chi\u1ebft r\u00f3t ch\u1ea5t l\u1ecfng b\u00e1n t\u1ef1 \u0111\u1ed9ng"},"content":{"rendered":"<div class=\"kk-star-ratings kksr-auto kksr-align-left kksr-valign-top\"     data-payload='{&quot;align&quot;:&quot;left&quot;,&quot;id&quot;:&quot;1985&quot;,&quot;slug&quot;:&quot;default&quot;,&quot;valign&quot;:&quot;top&quot;,&quot;ignore&quot;:&quot;&quot;,&quot;reference&quot;:&quot;auto&quot;,&quot;class&quot;:&quot;&quot;,&quot;count&quot;:&quot;25&quot;,&quot;legendonly&quot;:&quot;&quot;,&quot;readonly&quot;:&quot;&quot;,&quot;score&quot;:&quot;4.6&quot;,&quot;starsonly&quot;:&quot;&quot;,&quot;best&quot;:&quot;5&quot;,&quot;gap&quot;:&quot;5&quot;,&quot;greet&quot;:&quot;Rate this product&quot;,&quot;legend&quot;:&quot;4.6\\\/5 - (25 b\u00ecnh ch\u1ecdn)&quot;,&quot;size&quot;:&quot;24&quot;,&quot;title&quot;:&quot;Semi Automatic Liquid Filling Machine&quot;,&quot;width&quot;:&quot;130.9&quot;,&quot;_legend&quot;:&quot;{score}\\\/{best} - ({count} {votes})&quot;,&quot;font_factor&quot;:&quot;1.25&quot;}'>              <div class=\"kksr-stars\">      <div class=\"kksr-stars-inactive\">             <div class=\"kksr-star\" data-star=\"1\" style=\"padding-right: 5px\">               <div class=\"kksr-icon\" style=\"width: 24px; height: 24px;\"><\/div>         <\/div>             <div class=\"kksr-star\" data-star=\"2\" style=\"padding-right: 5px\">               <div class=\"kksr-icon\" style=\"width: 24px; height: 24px;\"><\/div>         <\/div>             <div class=\"kksr-star\" data-star=\"3\" style=\"padding-right: 5px\">               <div class=\"kksr-icon\" style=\"width: 24px; height: 24px;\"><\/div>         <\/div>             <div class=\"kksr-star\" data-star=\"4\" style=\"padding-right: 5px\">               <div class=\"kksr-icon\" style=\"width: 24px; height: 24px;\"><\/div>         <\/div>             <div class=\"kksr-star\" data-star=\"5\" style=\"padding-right: 5px\">               <div class=\"kksr-icon\" style=\"width: 24px; height: 24px;\"><\/div>         <\/div>     <\/div>      <div class=\"kksr-stars-active\" style=\"width: 130.9px;\">             <div class=\"kksr-star\" style=\"padding-right: 5px\">               <div class=\"kksr-icon\" style=\"width: 24px; height: 24px;\"><\/div>         <\/div>             <div class=\"kksr-star\" style=\"padding-right: 5px\">               <div class=\"kksr-icon\" style=\"width: 24px; height: 24px;\"><\/div>         <\/div>             <div class=\"kksr-star\" style=\"padding-right: 5px\">               <div class=\"kksr-icon\" style=\"width: 24px; height: 24px;\"><\/div>         <\/div>             <div class=\"kksr-star\" style=\"padding-right: 5px\">               <div class=\"kksr-icon\" style=\"width: 24px; height: 24px;\"><\/div>         <\/div>             <div class=\"kksr-star\" style=\"padding-right: 5px\">               <div class=\"kksr-icon\" style=\"width: 24px; height: 24px;\"><\/div>         <\/div>     <\/div> <\/div>                   <div class=\"kksr-legend\" style=\"font-size: 19.2px;\">             4.6\/5 - (25 l\u01b0\u1ee3t b\u00ecnh ch\u1ecdn)    <\/div>     <\/div>  <p class=\"translation-block\"><strong>M\u00e1y chi\u1ebft r\u00f3t l\u1ecfng b\u00e1n t\u1ef1 \u0111\u1ed9ng<\/strong> l\u00e0 m\u1ed9t c\u00f4ng c\u1ee5 \u0111\u00f3ng g\u00f3i l\u1ecfng c\u00f3 chi ph\u00ed th\u1ea5p. N\u00f3 r\u1ea5t l\u00fd t\u01b0\u1edfng cho <strong>thi\u1ebft b\u1ecb chi\u1ebft r\u00f3t l\u1ecfng<\/strong> cho c\u00e1c doanh nghi\u1ec7p nh\u1ecf. M\u1ed9t <strong>m\u00e1y chi\u1ebft r\u00f3t l\u1ecfng th\u1ee7 c\u00f4ng<\/strong> \u0111\u01b0\u1ee3c s\u1eed d\u1ee5ng r\u1ed9ng r\u00e3i trong ng\u00e0nh \u0111\u1ed3 u\u1ed1ng, m\u1ef9 ph\u1ea9m v\u00e0 h\u00f3a ch\u1ea5t. Lo\u1ea1i <strong>m\u00e1y chi\u1ebft r\u00f3t l\u1ecfng \u0111\u1ec3 b\u00e0n nh\u1ecf<\/strong> n\u00e0y th\u00edch h\u1ee3p cho t\u00fai, chai v\u00e0 lon. V\u1edbi c\u1ea5u tr\u00fac \u0111\u01a1n gi\u1ea3n v\u00e0 k\u00edch th\u01b0\u1edbc nh\u1ecf, n\u00f3 r\u1ea5t linh ho\u1ea1t v\u00e0 d\u1ec5 v\u1eadn h\u00e0nh. C\u00f4ng ty TNHH Taizy Machinery c\u00f3 kinh nghi\u1ec7m phong ph\u00fa trong thi\u1ebft k\u1ebf, nghi\u00ean c\u1ee9u, s\u1ea3n xu\u1ea5t v\u00e0 xu\u1ea5t kh\u1ea9u m\u00e1y chi\u1ebft r\u00f3t l\u1ecfng \u0111\u00e1ng tin c\u1eady. Li\u00ean h\u1ec7 v\u1edbi ch\u00fang t\u00f4i h\u00f4m nay \u0111\u1ec3 nh\u1eadn gi\u00e1 <strong>m\u00e1y chi\u1ebft r\u00f3t l\u1ecfng b\u00e1n t\u1ef1 \u0111\u1ed9ng mi\u1ec5n ph\u00ed<\/strong>. <\/p>    <h2 class=\"wp-block-heading\" id=\"what-is-a-liquid-filling-machine\">M\u00e1y l\u00e0m \u0111\u1ea7y ch\u1ea5t l\u1ecfng l\u00e0 g\u00ec? <\/h2>    <p>M\u00e1y r\u00f3t ch\u1ea5t l\u1ecfng hay ch\u1ea5t l\u00e0m \u0111\u1ea7y ch\u1ea5t l\u1ecfng l\u00e0 thi\u1ebft b\u1ecb thi\u1ebft y\u1ebfu trong nhi\u1ec1u ng\u00e0nh c\u00f4ng nghi\u1ec7p nh\u01b0 \u0111\u1ed3 u\u1ed1ng, h\u00f3a ch\u1ea5t, m\u1ef9 ph\u1ea9m v\u00e0 d\u01b0\u1ee3c ph\u1ea9m. Nh\u1eefng s\u1ea3n ph\u1ea9m d\u1ea1ng l\u1ecfng n\u00e0y c\u1ea7n \u0111\u01b0\u1ee3c \u0111\u00f3ng g\u00f3i trong t\u00fai, chai ho\u1eb7c lon h\u1ea5p d\u1eabn. V\u1edbi m\u00e1y r\u00f3t ch\u1ea5t l\u1ecfng, ch\u1ea5t l\u1ecfng c\u00f3 th\u1ec3 \u0111\u01b0\u1ee3c \u0111\u00f3ng g\u00f3i v\u00e0o th\u00f9ng ch\u1ee9a m\u1ed9t c\u00e1ch d\u1ec5 d\u00e0ng v\u00e0 hi\u1ec7u qu\u1ea3 m\u00e0 kh\u00f4ng l\u00e3ng ph\u00ed nhi\u1ec1u. So v\u1edbi v\u1eadn h\u00e0nh th\u1ee7 c\u00f4ng, m\u00e1y r\u00f3t ch\u1ea5t l\u1ecfng b\u00e1n t\u1ef1 \u0111\u1ed9ng ti\u1ebft ki\u1ec7m chi ph\u00ed v\u00e0 nh\u00e2n c\u00f4ng h\u01a1n. M\u00e1y r\u00f3t ch\u1ea5t l\u1ecfng c\u00f3 th\u1ec3 \u0111\u01b0\u1ee3c chia th\u00e0nh m\u00e1y r\u00f3t ch\u1ea5t l\u1ecfng th\u1ee7 c\u00f4ng, m\u00e1y r\u00f3t ch\u1ea5t l\u1ecfng b\u00e1n t\u1ef1 \u0111\u1ed9ng v\u00e0 m\u00e1y r\u00f3t ch\u1ea5t l\u1ecfng ho\u00e0n to\u00e0n t\u1ef1 \u0111\u1ed9ng. C\u00e1c lo\u1ea1i kh\u00e1c nhau c\u00f3 t\u00ednh n\u0103ng v\u00e0 \u01b0u \u0111i\u1ec3m ho\u00e0n to\u00e0n kh\u00e1c nhau. N\u1ebfu b\u1ea1n kh\u00f4ng ch\u1eafc ch\u1eafn c\u00e1i n\u00e0o l\u00e0 t\u1ed1t nh\u1ea5t cho d\u1ef1 \u00e1n c\u1ee7a m\u00ecnh, h\u00e3y tham kh\u1ea3o \u00fd ki\u1ebfn \u200b\u200b\u200b\u200bchuy\u00ean gia c\u1ee7a ch\u00fang t\u00f4i mi\u1ec5n ph\u00ed. <\/p>    <figure class=\"wp-block-image size-full\"><img decoding=\"async\" src=\"https:\/\/taizypackaging.com\/wp-content\/uploads\/2021\/06\/semi-automatic-liquid-filling-machine-1.jpg\" alt=\"m\u00e1y l\u00e0m \u0111\u1ea7y ch\u1ea5t l\u1ecfng b\u00e1n t\u1ef1 \u0111\u1ed9ng\" class=\"wp-image-3658\"\/><figcaption>m\u00e1y l\u00e0m \u0111\u1ea7y ch\u1ea5t l\u1ecfng b\u00e1n t\u1ef1 \u0111\u1ed9ng<\/figcaption><\/figure>    <h2 class=\"wp-block-heading\" id=\"h-application-field-of-semi-automatic-liquid-filling-machine\">\u1ee8ng d\u1ee5ng c\u1ee7a m\u00e1y r\u00f3t ch\u1ea5t l\u1ecfng b\u00e1n t\u1ef1 \u0111\u1ed9ng<\/h2>    <p>M\u00e1y r\u00f3t ch\u1ea5t l\u1ecfng b\u00e1n t\u1ef1 \u0111\u1ed9ng \u0111\u01b0\u1ee3c s\u1eed d\u1ee5ng r\u1ed9ng r\u00e3i trong vi\u1ec7c \u0111\u1ecbnh l\u01b0\u1ee3ng ch\u1ea5t l\u1ecfng trong c\u00e1c ng\u00e0nh c\u00f4ng nghi\u1ec7p d\u01b0\u1ee3c ph\u1ea9m, th\u1ef1c ph\u1ea9m, \u0111\u1ed3 u\u1ed1ng, h\u00f3a ch\u1ea5t h\u00e0ng ng\u00e0y, d\u1ea7u, gia v\u1ecb, m\u1ef9 ph\u1ea9m, v.v. N\u00f3 l\u00fd t\u01b0\u1edfng \u0111\u1ec3 \u0111\u00f3ng g\u00f3i n\u01b0\u1edbc tinh khi\u1ebft, n\u01b0\u1edbc kho\u00e1ng, n\u01b0\u1edbc \u00e9p tr\u00e1i c\u00e2y, bia , r\u01b0\u1ee3u vang, r\u01b0\u1ee3u, xi-r\u00f4, d\u1ea7u \u0103n, h\u01b0\u01a1ng v\u1ecb v\u00e0 n\u01b0\u1edbc hoa, d\u1ea7u g\u1ed9i, s\u1eefa t\u1eafm, n\u01b0\u1edbc r\u1eeda tay, ch\u1ea5t kh\u1eed tr\u00f9ng, ch\u1ea5t t\u1ea9y r\u1eeda, ch\u1ea5t b\u00f4i tr\u01a1n, d\u1ea7u phanh, ch\u1ea5t ch\u1ed1ng \u0111\u00f4ng, thu\u1ed1c tr\u1eeb s\u00e2u, Thu\u1ed1c di\u1ec7t c\u1ecf, v.v. M\u00e1y r\u00f3t ch\u1ea5t l\u1ecfng b\u00e1n t\u1ef1 \u0111\u1ed9ng n\u00e0y c\u00f3 t\u1ed1c \u0111\u1ed9 r\u00f3t nhanh v\u00e0 c\u00e2n ch\u00ednh x\u00e1c. \u0110\u00f3 l\u00e0 s\u1ef1 l\u1ef1a ch\u1ecdn t\u1ed1t nh\u1ea5t cho c\u00e1c d\u1ef1 \u00e1n v\u1eeba v\u00e0 nh\u1ecf.<\/p>    <figure class=\"wp-block-image size-large\"><img decoding=\"async\" src=\"https:\/\/taizypackaging.com\/wp-content\/uploads\/2021\/06\/packing-sample.jpg\" alt=\"m\u1eabu \u0111\u00f3ng g\u00f3i\" class=\"wp-image-2027\"\/><figcaption>m\u1eabu \u0111\u00f3ng g\u00f3i<\/figcaption><\/figure>    <h2 class=\"wp-block-heading\" id=\"h-working-principle-of-semi-automatic-liquid-filling-machine\">Nguy\u00ean l\u00fd l\u00e0m vi\u1ec7c c\u1ee7a m\u00e1y r\u00f3t ch\u1ea5t l\u1ecfng b\u00e1n t\u1ef1 \u0111\u1ed9ng<\/h2>    <p>M\u00e1y r\u00f3t b\u00e1n t\u1ef1 \u0111\u1ed9ng l\u00e0 m\u00e1y r\u00f3t piston. M\u1ed9t piston \u0111\u01b0\u1ee3c d\u1eabn \u0111\u1ed9ng b\u1edfi m\u1ed9t xi lanh \u0111\u1ec3 chi\u1ebft v\u00e0 \u0111\u1ea9y v\u1eadt li\u1ec7u. Van m\u1ed9t chi\u1ec1u c\u00f3 th\u1ec3 ki\u1ec3m so\u00e1t d\u00f2ng ch\u1ea3y c\u1ee7a v\u1eadt li\u1ec7u. V\u00e0 m\u1ed9t c\u00f4ng t\u1eafc s\u1eady c\u00f3 th\u1ec3 \u0111i\u1ec1u khi\u1ec3n h\u00e0nh tr\u00ecnh c\u1ee7a xi lanh. B\u1eb1ng c\u00e1ch n\u00e0y, kh\u1ed1i l\u01b0\u1ee3ng l\u00e0m \u0111\u1ea7y c\u00f3 th\u1ec3 \u0111i\u1ec1u ch\u1ec9nh \u0111\u01b0\u1ee3c.<\/p>    <h2 class=\"wp-block-heading\" id=\"h-model-and-filling-volume-range-of-semi-automatic-liquid-packing-machine\">Model v\u00e0 ph\u1ea1m vi th\u1ec3 t\u00edch c\u1ee7a m\u00e1y r\u00f3t ch\u1ea5t l\u1ecfng b\u00e1n t\u1ef1 \u0111\u1ed9ng<\/h2>    <figure class=\"wp-block-table\"><table><tbody><tr><td>Ch\u1ebf \u0111\u1ed950<\/td><td>5-50ML &nbsp;&nbsp;&nbsp;&nbsp;&nbsp;&nbsp;&nbsp;<\/td><\/tr><tr><td>Ch\u1ebf \u0111\u1ed9100<\/td><td>10-100ML<\/td><\/tr><tr><td>Ch\u1ebf \u0111\u1ed9300<\/td><td>30-300ML<\/td><\/tr><tr><td>Ch\u1ebf \u0111\u1ed9500<\/td><td>50-500ML<\/td><\/tr><tr><td>Ch\u1ebf \u0111\u1ed91000<\/td><td>100-1000ML<\/td><\/tr><tr><td>Ch\u1ebf \u0111\u1ed92500<\/td><td>250-2500ML<\/td><\/tr><tr><td>Ch\u1ebf \u0111\u1ed93000<\/td><td>300-3000ML<\/td><\/tr><tr><td>Ch\u1ebf \u0111\u1ed95000<\/td><td>500-5000ML<\/td><\/tr><\/tbody><\/table><\/figure>    <h2 class=\"wp-block-heading\" id=\"h-the-structure-and-characteristics-of-semi-automatic-liquid-filling-machine\">\u0110\u1eb7c \u0111i\u1ec3m c\u1ea5u t\u1ea1o c\u1ee7a m\u00e1y r\u00f3t ch\u1ea5t l\u1ecfng b\u00e1n t\u1ef1 \u0111\u1ed9ng<\/h2>    <ol class=\"wp-block-list\"><li>M\u00e1y r\u00f3t ch\u1ea5t l\u1ecfng l\u00e0 lo\u1ea1i piston b\u00e1n t\u1ef1 \u0111\u1ed9ng. N\u00f3 c\u00f3 thi\u1ebft k\u1ebf h\u1ee3p l\u00fd, c\u1ea5u tr\u00fac nh\u1ecf g\u1ecdn v\u00e0 v\u1eadn h\u00e0nh thu\u1eadn ti\u1ec7n.<\/li><li>C\u00e1c b\u1ed9 ph\u1eadn ti\u1ebfp x\u00fac v\u1edbi v\u1eadt li\u1ec7u \u0111\u1ec1u s\u1eed d\u1ee5ng inox 304. V\u1eadt li\u1ec7u n\u00e0y \u0111\u00e1p \u1ee9ng y\u00eau c\u1ea7u GMP.<\/li><li>Kh\u1ed1i l\u01b0\u1ee3ng l\u00e0m \u0111\u1ea7y v\u00e0 t\u1ed1c \u0111\u1ed9 l\u00e0m \u0111\u1ea7y c\u00f3 th\u1ec3 \u0111i\u1ec1u ch\u1ec9nh \u0111\u01b0\u1ee3c. V\u00e0 \u0111\u1ed9 ch\u00ednh x\u00e1c l\u00e0m \u0111\u1ea7y cao.<\/li><li>V\u00e1ch ng\u0103n l\u00e0m \u0111\u1ea7y s\u1eed d\u1ee5ng c\u00e1c thi\u1ebft b\u1ecb l\u00e0m \u0111\u1ea7y ch\u1ed1ng nh\u1ecf gi\u1ecdt, ch\u1ed1ng k\u00e9o v\u00e0 n\u00e2ng.<\/li><li>M\u00e1y r\u00f3t ch\u1ea5t l\u1ecfng n\u00e0y c\u00f3 th\u1ec3 \u0111\u01b0\u1ee3c chuy\u1ec3n \u0111\u1ed5i th\u00e0nh h\u1ec7 th\u1ed1ng r\u00f3t tr\u00e0n nhi\u1ec1u \u0111\u1ea7u, ch\u1ed1ng ch\u00e1y n\u1ed5.<\/li><\/ol>    <figure class=\"wp-block-image size-large\"><img decoding=\"async\" src=\"https:\/\/taizypackaging.com\/wp-content\/uploads\/2021\/06\/structure-of-semi-automatic-liquid-filling-machine.jpg\" alt=\"c\u1ea5u t\u1ea1o c\u1ee7a m\u00e1y r\u00f3t ch\u1ea5t l\u1ecfng b\u00e1n t\u1ef1 \u0111\u1ed9ng\" class=\"wp-image-2034\"\/><figcaption>c\u1ea5u t\u1ea1o c\u1ee7a m\u00e1y r\u00f3t ch\u1ea5t l\u1ecfng b\u00e1n t\u1ef1 \u0111\u1ed9ng<\/figcaption><\/figure>    <h2 class=\"wp-block-heading\" id=\"h-technical-advantages\">\u01afu \u0111i\u1ec3m k\u1ef9 thu\u1eadt<\/h2>    <p>1. V\u00ec v\u1eadt li\u1ec7u l\u00e0m \u0111\u1ea7y c\u1ee7a m\u00e1y r\u00f3t ch\u1ea5t l\u1ecfng n\u00e0y th\u01b0\u1eddng l\u00e0 ch\u1ea5t l\u1ecfng ho\u1eb7c ch\u1ea5t l\u1ecfng nh\u1edbt n\u00ean r\u1ea5t d\u1ec5 b\u1ecb \u1ea9m, do \u0111\u00f3 th\u00e2n m\u00e1y \u0111\u01b0\u1ee3c l\u00e0m b\u1eb1ng s\u1ef1 k\u1ebft h\u1ee3p gi\u1eefa th\u00e9p kh\u00f4ng g\u1ec9 v\u00e0 h\u1ee3p kim nh\u00f4m, kh\u00f4ng d\u1ec5 b\u1ecb r\u1ec9 s\u00e9t ngay c\u1ea3 trong m\u00f4i tr\u01b0\u1eddng \u1ea9m \u01b0\u1edbt v\u00e0 \u0111\u1ea3m b\u1ea3o ch\u1ea5t li\u1ec7u v\u1ec7 sinh.<\/p>    <p>2. M\u00e1y s\u1eed d\u1ee5ng h\u1ec7 th\u1ed1ng \u0111i\u1ec1u khi\u1ec3n \u00e1p su\u1ea5t kh\u00f4ng kh\u00ed k\u00e9p, \u0111\u1eb7c bi\u1ec7t th\u00edch h\u1ee3p s\u1eed d\u1ee5ng trong m\u00f4i tr\u01b0\u1eddng c\u00f3 y\u00eau c\u1ea7u ch\u1ed1ng ch\u00e1y n\u1ed5 v\u00e0 c\u00f3 \u0111\u1ed9 an to\u00e0n cao;<\/p>    <p>3 Khi m\u00e1y c\u1ea7n d\u1eebng khi \u0111\u1ed5 \u0111\u1ea7y kim phun, m\u1ef1c, xi-r\u00f4, v.v., ch\u1ec9 c\u1ea7n t\u1eaft c\u00f4ng t\u1eafc kh\u00ed n\u00e9n, piston s\u1ebd t\u1ef1 \u0111\u1ed9ng tr\u1edf v\u1ec1 v\u1ecb tr\u00ed ban \u0111\u1ea7u v\u00e0 vi\u1ec7c \u0111\u1ed5 \u0111\u1ea7y s\u1ebd d\u1eebng l\u1ea1i.<\/p>    <h2 class=\"wp-block-heading\" id=\"h-machine-details\">Chi ti\u1ebft m\u00e1y c\u1ee7a thi\u1ebft b\u1ecb l\u00e0m \u0111\u1ea7y ch\u1ea5t l\u1ecfng<\/h2>    <figure class=\"wp-block-image size-large is-resized\"><img loading=\"lazy\" decoding=\"async\" src=\"https:\/\/taizypackaging.com\/wp-content\/uploads\/2021\/06\/machine-details.jpg\" alt=\"chi ti\u1ebft m\u00e1y\" class=\"wp-image-2036\" width=\"840\" height=\"409\"\/><figcaption>chi ti\u1ebft m\u00e1y l\u00e0m \u0111\u1ea7y ch\u1ea5t l\u1ecfng<\/figcaption><\/figure>    <h2 class=\"wp-block-heading\" id=\"h-optional-device\">Thi\u1ebft b\u1ecb t\u00f9y ch\u1ecdn<\/h2>    <p>T\u1ea1i c\u00f4ng ty Taizy, b\u1ea1n c\u0169ng c\u00f3 th\u1ec3 l\u1ef1a ch\u1ecdn c\u00e1c thi\u1ebft b\u1ecb kh\u00e1c \u0111\u1ec3 \u0111\u00e1p \u1ee9ng c\u00e1c nhu c\u1ea7u kh\u00e1c nhau c\u1ee7a m\u00ecnh.<\/p>    <ol class=\"wp-block-list\"><li>Ph\u1ec5u c\u00f3 th\u1ec3 \u0111\u01b0\u1ee3c trang b\u1ecb m\u1ed9t thi\u1ebft b\u1ecb s\u01b0\u1edfi \u1ea5m. N\u1ebfu c\u1ea7n, b\u1ea1n c\u00f3 th\u1ec3 trang b\u1ecb cho m\u00e1y m\u1ed9t thi\u1ebft b\u1ecb l\u00e0m n\u00f3ng ch\u1ea5t l\u1ecfng.<\/li><li>Ph\u1ec5u c\u00f3 th\u1ec3 \u0111\u01b0\u1ee3c trang b\u1ecb m\u1ed9t thanh khu\u1ea5y. M\u00e1y khu\u1ea5y c\u00f3 th\u1ec3 tr\u1ed9n \u0111\u1ec1u ch\u1ea5t l\u1ecfng.<\/li><li>T\u1ea5t c\u1ea3 c\u00e1c m\u00e1y \u0111\u1ec1u \u0111\u01b0\u1ee3c trang b\u1ecb m\u00e1y n\u00e9n kh\u00ed. N\u00f3 c\u00f3 th\u1ec3 \u0111\u1ea3m b\u1ea3o \u0111\u1ed5 \u0111\u1ea7y ch\u1ea5t l\u1ecfng an to\u00e0n v\u00e0 ch\u00ednh x\u00e1c.<\/li><li>Thi\u1ebft b\u1ecb ni\u00eam phong. Thi\u1ebft b\u1ecb ni\u00eam phong ch\u00e2n kh\u00f4ng ho\u1eb7c c\u00e1c lo\u1ea1i m\u00e1y ni\u00eam phong kh\u00e1c.<\/li><li>Ng\u01b0\u1eddi vi\u1ebft m\u00e3. M\u00e1y m\u00e3 h\u00f3a ruy b\u0103ng, m\u00e1y in phun, m\u00e1y m\u00e3 h\u00f3a laser v\u00e0 c\u00e1c m\u00e1y m\u00e3 h\u00f3a kh\u00e1c.<\/li><li>B\u1ea1n c\u00f3 th\u1ec3 c\u1ea5u h\u00ecnh nhi\u1ec1u \u0111\u1ea7u phun cho m\u00e1y \u0111\u00f3ng g\u00f3i. \u0110i\u1ec1u n\u00e0y c\u00f3 th\u1ec3 l\u00e0m t\u0103ng t\u1ed1c \u0111\u1ed9 l\u00e0m \u0111\u1ea7y.<\/li><\/ol>    <h2 class=\"wp-block-heading\" id=\"h-machine-display\">M\u00e1y tr\u01b0ng b\u00e0y m\u00e1y r\u00f3t ch\u1ea5t l\u1ecfng Taizy<\/h2>    <div class=\"wp-block-columns is-layout-flex wp-container-core-columns-is-layout-9d6595d7 wp-block-columns-is-layout-flex\"> <div class=\"wp-block-column is-layout-flow wp-block-column-is-layout-flow\"> <figure class=\"wp-block-image size-full\"><img decoding=\"async\" src=\"https:\/\/taizypackaging.com\/wp-content\/uploads\/2021\/06\/semi-automatic-liquid-filling-machine-factory.jpg\" alt=\"nh\u00e0 m\u00e1y s\u1ea3n xu\u1ea5t m\u00e1y r\u00f3t ch\u1ea5t l\u1ecfng b\u00e1n t\u1ef1 \u0111\u1ed9ng\" class=\"wp-image-3661\"\/><figcaption>nh\u00e0 m\u00e1y s\u1ea3n xu\u1ea5t m\u00e1y r\u00f3t ch\u1ea5t l\u1ecfng b\u00e1n t\u1ef1 \u0111\u1ed9ng<\/figcaption><\/figure> <\/div>    <div class=\"wp-block-column is-layout-flow wp-block-column-is-layout-flow\"> <figure class=\"wp-block-image size-full\"><img loading=\"lazy\" decoding=\"async\" width=\"720\" height=\"540\" src=\"https:\/\/taizypackaging.com\/wp-content\/uploads\/2021\/06\/machine-stock.jpg\" alt=\"kho m\u00e1y\" class=\"wp-image-2181\" srcset=\"https:\/\/taizypackaging.com\/wp-content\/uploads\/2021\/06\/machine-stock.jpg 720w, https:\/\/taizypackaging.com\/wp-content\/uploads\/2021\/06\/machine-stock-300x225.jpg 300w\" sizes=\"auto, (max-width: 720px) 100vw, 720px\" \/><figcaption>kho m\u00e1y r\u00f3t ch\u1ea5t l\u1ecfng b\u00e1n t\u1ef1 \u0111\u1ed9ng<\/figcaption><\/figure> <\/div> <\/div>    <h2 class=\"wp-block-heading\" id=\"h-warm-tips-during-operation\">L\u1eddi khuy\u00ean \u1ea5m \u00e1p trong qu\u00e1 tr\u00ecnh ho\u1ea1t \u0111\u1ed9ng<\/h2>    <ol class=\"wp-block-list\"><li>Tr\u01b0\u1edbc khi v\u1ec7 sinh, b\u1ea1n ph\u1ea3i ki\u1ec3m tra xem kh\u00ed n\u00e9n \u0111\u00e3 t\u1eaft ch\u01b0a. N\u1ebfu ch\u01b0a t\u1eaft th\u00ec h\u00e3y t\u1eaft kh\u00ed n\u00e9n;<\/li><li>Nghi\u00eam c\u1ea5m s\u1eed d\u1ee5ng dung m\u00f4i h\u1eefu c\u01a1 \u0111\u1ec3 l\u00e0m s\u1ea1ch m\u00e1y, ch\u1eb3ng h\u1ea1n nh\u01b0 xylene, n\u01b0\u1edbc chu\u1ed1i, natri hypochlorite, v.v.;<\/li><li>Sau khi l\u00e0m s\u1ea1ch t\u1ea5t c\u1ea3 c\u00e1c b\u1ed9 ph\u1eadn c\u1ee7a m\u00e1y r\u00f3t b\u00e1n t\u1ef1 \u0111\u1ed9ng n\u00e0y, b\u1ea1n n\u00ean b\u1eaft \u0111\u1ea7u th\u1ea5m c\u00e1c b\u1ed9 ph\u1eadn cho \u0111\u1ebfn khi ch\u00fang kh\u00f4. V\u00e0 \u0111\u1ea3m b\u1ea3o r\u1eb1ng kh\u00f4ng c\u00f3 n\u01b0\u1edbc v\u00e0 c\u00e1c \u0111\u1ed3 l\u1eb7t v\u1eb7t kh\u00e1c l\u1ecdt v\u00e0o m\u00e1y;<\/li><li>S\u1eed d\u1ee5ng ngu\u1ed3n \u0111i\u1ec7n, kh\u00ed \u0111\u00e1p \u1ee9ng y\u00eau c\u1ea7u;<\/li><li>Tr\u01b0\u1edbc ti\u00ean b\u1ea1n n\u00ean t\u1eaft ngu\u1ed3n kh\u00f4ng kh\u00ed v\u00e0 ngu\u1ed3n \u0111i\u1ec7n. Sau \u0111\u00f3 th\u00e1o r\u1eddi v\u00e0 r\u1eeda s\u1ea1ch m\u00e1y chi\u1ebft r\u00f3t \u0111\u1ecbnh l\u01b0\u1ee3ng b\u00e1n t\u1ef1 \u0111\u1ed9ng;<\/li><li>Sau khi t\u1eaft c\u00f4ng t\u1eafc ngu\u1ed3n, c\u00f3 \u0111i\u1ec7n \u00e1p \u1edf m\u1ed9t s\u1ed1 m\u1ea1ch m\u00e1y r\u00f3t ch\u1ea5t l\u1ecfng b\u00e1n t\u1ef1 \u0111\u1ed9ng. V\u00ec v\u1eady, b\u1ea1n ph\u1ea3i c\u1eaft ngu\u1ed3n \u0111i\u1ec7n ch\u00ednh trong tr\u01b0\u1eddng h\u1ee3p kh\u00f4ng s\u1eeda ch\u1eefa \u0111\u01b0\u1ee3c.<\/li><\/ol>    <h2 class=\"wp-block-heading\" id=\"h-cleaning-and-maintenance\">V\u1ec7 sinh v\u00e0 b\u1ea3o d\u01b0\u1ee1ng m\u00e1y n\u1ea1p ch\u1ea5t l\u1ecfng b\u00e1n t\u1ef1 \u0111\u1ed9ng<\/h2>    <ol class=\"wp-block-list\"><li>Tr\u01b0\u1edbc khi v\u1ec7 sinh m\u00e1y r\u00f3t ch\u1ea5t l\u1ecfng b\u00e1n t\u1ef1 \u0111\u1ed9ng. B\u1ea1n n\u00ean l\u00e0m s\u1ea1ch c\u00e1c ch\u1ea5t l\u1ecfng c\u00f2n s\u00f3t l\u1ea1i trong m\u00e1y. Sau \u0111\u00f3 \u0111\u1ed5 \u0111\u1ea7y b\u00ecnh b\u1eb1ng dung d\u1ecbch t\u1ea9y r\u1eeda. T\u1ed1t h\u01a1n h\u1ebft b\u1ea1n n\u00ean s\u1eed d\u1ee5ng n\u01b0\u1edbc \u1ea5m, c\u1ed3n, n\u01b0\u1edbc x\u00e0 ph\u00f2ng ho\u1eb7c c\u00e1c ch\u1ea5t l\u1ecfng t\u1ea9y r\u1eeda kh\u00e1c n\u1ebfu c\u1ea7n thi\u1ebft;<\/li><li> Khi v\u1ec7 sinh, \u0111\u1ea3m b\u1ea3o r\u1eb1ng v\u00f2ng ch\u1eef O \u0111\u01b0\u1ee3c l\u1eafp \u0111\u00fang c\u00e1ch. Sau \u0111\u00f3 b\u1eadt m\u00e1y v\u00e0 \u0111\u1ec3 m\u00e1y lu\u00e2n chuy\u1ec3n v\u1eadt li\u1ec7u l\u00e0m \u0111\u1ea7y cho \u0111\u1ebfn khi t\u1ea5t c\u1ea3 c\u00e1c b\u1ed9 ph\u1eadn ti\u1ebfp x\u00fac v\u1edbi v\u1eadt li\u1ec7u \u0111\u01b0\u1ee3c l\u00e0m s\u1ea1ch ho\u00e0n to\u00e0n. Ch\u00fang bao g\u1ed3m xi lanh piston, \u0111\u1ea7u piston, v\u00f2ng ch\u1eef O, van m\u1ed9t chi\u1ec1u, \u0111\u1ea7u n\u1ea1p, th\u00f9ng, ph\u1ec5u, v.v;<\/li><li>L\u00e0m s\u1ea1ch t\u1ea5t c\u1ea3 c\u00e1c v\u00f2ng \u0111\u1ec7m c\u1ee7a m\u00e1y chi\u1ebft r\u00f3t b\u00e1n t\u1ef1 \u0111\u1ed9ng n\u00e0y. B\u1ea1n n\u00ean v\u1ec7 sinh v\u00f2ng ch\u1eef O c\u1ee7a piston v\u00e0 v\u00f2ng \u0111\u1ec7m ph\u1eb3ng c\u1ee7a van. H\u01a1n n\u1eefa, thay th\u1ebf v\u00f2ng \u0111\u1ec7m b\u1ecb n\u1ee9t v\u00e0 h\u01b0 h\u1ecfng.<\/li><\/ol>    <h2 class=\"wp-block-heading\" id=\"h-shipment\">S\u1eb5n s\u00e0ng chuy\u1ec3n h\u00e0ng <\/h2>    <p class=\"translation-block\">T\u1ea5t c\u1ea3 <a href=\"https:\/\/taizypackaging.com\/vi\/liquid-pouch-packing-machine\/\">m\u00e1y \u0111\u00f3ng g\u00f3i l\u1ecfng<\/a> \u0111\u1ec1u \u0111\u01b0\u1ee3c b\u1ecdc trong phim nh\u1ef1a tr\u01b0\u1edbc khi \u0111\u00f3ng g\u00f3i. V\u00e0 \u0111i\u1ec1u n\u00e0y s\u1ebd tr\u00e1nh \u0111\u1ed9 \u1ea9m trong qu\u00e1 tr\u00ecnh v\u1eadn chuy\u1ec3n. C\u00e1c m\u00e1y \u0111\u01b0\u1ee3c \u0111\u1eb7t trong m\u1ed9t th\u00f9ng g\u1ed7 kh\u00f4ng c\u1ea7n x\u1eed l\u00fd kh\u00f3i, \u0111\u01b0\u1ee3c l\u00f3t b\u1eb1ng d\u00e2y kim lo\u1ea1i n\u1ebfu c\u1ea7n thi\u1ebft. T\u1ea5t c\u1ea3 c\u00e1c m\u00e1y \u0111\u1ec1u tr\u1ea3i qua ki\u1ec3m tra nghi\u00eam ng\u1eb7t tr\u01b0\u1edbc khi v\u1eadn chuy\u1ec3n. V\u00e0 ch\u00fang t\u00f4i s\u1ebd quay video v\u00e0 ch\u1ee5p \u1ea3nh qu\u00e1 tr\u00ecnh v\u1eadn chuy\u1ec3n cho b\u1ea1n.<\/p>    <figure class=\"wp-block-image size-large\"><img decoding=\"async\" src=\"https:\/\/taizypackaging.com\/wp-content\/uploads\/2021\/06\/shipment-1.jpg\" alt=\"m\u00e1y l\u00e0m \u0111\u1ea7y ch\u1ea5t l\u1ecfng s\u1eb5n s\u00e0ng xu\u1ea5t x\u01b0\u1edfng\" class=\"wp-image-2183\"\/><figcaption>m\u00e1y l\u00e0m \u0111\u1ea7y ch\u1ea5t l\u1ecfng s\u1eb5n s\u00e0ng xu\u1ea5t x\u01b0\u1edfng<\/figcaption><\/figure>    <h2 class=\"wp-block-heading\" id=\"h-q-a\">H\u1ecfi \u0111\u00e1p<\/h2>    <ol class=\"wp-block-list\"><li>Gi\u00e1 c\u1ee7a m\u00e1y chi\u1ebft r\u00f3t ch\u1ea5t l\u1ecfng b\u00e1n t\u1ef1 \u0111\u1ed9ng l\u00e0 bao nhi\u00eau?<br>T\u1ea5t c\u1ea3 c\u00e1c lo\u1ea1i m\u00e1y chi\u1ebft r\u00f3t \u0111\u1ec1u c\u00f3 th\u1ec3 t\u00f9y ch\u1ec9nh n\u00ean gi\u00e1 c\u1ea3 c\u0169ng kh\u00e1c nhau. Ch\u00fang t\u00f4i s\u1ebd x\u00e1c \u0111\u1ecbnh gi\u00e1 cu\u1ed1i c\u00f9ng theo c\u00e1c chi ti\u1ebft.<\/li><li>Ch\u1ea5t l\u1ecfng n\u00e0o c\u00f3 th\u1ec3 \u0111\u01b0\u1ee3c l\u1ea5p \u0111\u1ea7y?<br>Ch\u1ea5t l\u1ecfng c\u00f3 t\u00ednh l\u01b0u \u0111\u1ed9ng t\u01b0\u01a1ng \u0111\u1ed1i t\u1ed1t, n\u01b0\u1edbc tr\u00e1i c\u00e2y, \u0111\u1ed3 u\u1ed1ng, s\u1eefa, tr\u00e0, b\u1ed9t gi\u1eb7t, n\u01b0\u1edbc v\u00e0 c\u00e1c ch\u1ea5t l\u1ecfng kh\u00e1c.<\/li><li>Ch\u1ea5t l\u1ecfng s\u1eed d\u1ee5ng lo\u1ea1i bao b\u00ec n\u00e0o?<br>C\u00f3 th\u1ec3 s\u1eed d\u1ee5ng nhi\u1ec1u lo\u1ea1i bao b\u00ec kh\u00e1c nhau nh\u01b0 t\u00fai nh\u1ef1a, chai l\u1ecd. Th\u00f4ng th\u01b0\u1eddng, d\u1ea1ng \u0111\u00f3ng chai ph\u1ed5 bi\u1ebfn h\u01a1n.<\/li><li>C\u00f3 th\u1ec3 \u0111\u00f3ng g\u00f3i bao nhi\u00eau v\u1eadt li\u1ec7u?<br>C\u00f3 t\u00e1m m\u1eabu m\u00e1y \u0111\u00f3ng g\u00f3i ch\u1ea5t l\u1ecfng b\u00e1n t\u1ef1 \u0111\u1ed9ng. Kh\u1ed1i l\u01b0\u1ee3ng \u0111\u00f3ng g\u00f3i dao \u0111\u1ed9ng t\u1eeb 5-5000ML.<\/li><\/ol>","protected":false},"excerpt":{"rendered":"<p>Semi automatic liquid filling machine is a low-cost liquid packaging tool. It is quite ideal liquid filling equipment for small business. A manual liquid filling machine is widely used in the beverage, cosmetics and chemical industry. This kind of small table top liquid filling machine is suitable for bags, bottles, and cans. With a simple [&hellip;]<\/p>\n","protected":false},"author":1,"featured_media":2026,"parent":0,"template":"","tags":[75,255,257,582],"product-type":[661],"class_list":["post-1985","product","type-product","status-publish","has-post-thumbnail","hentry","tag-bottle-filling-machine","tag-liquid-filler","tag-liquid-filling-machine","tag-liquid-pouch-filling-machine","product-type-liquid-packing-machines"],"_links":{"self":[{"href":"https:\/\/taizypackaging.com\/vi\/wp-json\/wp\/v2\/product\/1985","targetHints":{"allow":["GET"]}}],"collection":[{"href":"https:\/\/taizypackaging.com\/vi\/wp-json\/wp\/v2\/product"}],"about":[{"href":"https:\/\/taizypackaging.com\/vi\/wp-json\/wp\/v2\/types\/product"}],"author":[{"embeddable":true,"href":"https:\/\/taizypackaging.com\/vi\/wp-json\/wp\/v2\/users\/1"}],"wp:featuredmedia":[{"embeddable":true,"href":"https:\/\/taizypackaging.com\/vi\/wp-json\/wp\/v2\/media\/2026"}],"wp:attachment":[{"href":"https:\/\/taizypackaging.com\/vi\/wp-json\/wp\/v2\/media?parent=1985"}],"wp:term":[{"taxonomy":"post_tag","embeddable":true,"href":"https:\/\/taizypackaging.com\/vi\/wp-json\/wp\/v2\/tags?post=1985"},{"taxonomy":"product-type","embeddable":true,"href":"https:\/\/taizypackaging.com\/vi\/wp-json\/wp\/v2\/product-type?post=1985"}],"curies":[{"name":"wp","href":"https:\/\/api.w.org\/{rel}","templated":true}]}}