{"id":208,"date":"2020-08-24T11:06:21","date_gmt":"2020-08-24T11:06:21","guid":{"rendered":"https:\/\/taizypackaging.com\/?p=208"},"modified":"2022-12-14T06:07:55","modified_gmt":"2022-12-14T06:07:55","slug":"powder-packaging-machine","status":"publish","type":"product","link":"https:\/\/taizypackaging.com\/vi\/powder-packaging-machine\/","title":{"rendered":"M\u00e1y \u0111\u00f3ng g\u00f3i b\u1ed9t"},"content":{"rendered":"<div class=\"kk-star-ratings kksr-auto kksr-align-left kksr-valign-top\"     data-payload='{&quot;align&quot;:&quot;left&quot;,&quot;id&quot;:&quot;208&quot;,&quot;slug&quot;:&quot;default&quot;,&quot;valign&quot;:&quot;top&quot;,&quot;ignore&quot;:&quot;&quot;,&quot;reference&quot;:&quot;auto&quot;,&quot;class&quot;:&quot;&quot;,&quot;count&quot;:&quot;13&quot;,&quot;legendonly&quot;:&quot;&quot;,&quot;readonly&quot;:&quot;&quot;,&quot;score&quot;:&quot;4.8&quot;,&quot;starsonly&quot;:&quot;&quot;,&quot;best&quot;:&quot;5&quot;,&quot;gap&quot;:&quot;5&quot;,&quot;greet&quot;:&quot;Rate this product&quot;,&quot;legend&quot;:&quot;4.8\\\/5 - (13 b\u00ecnh ch\u1ecdn)&quot;,&quot;size&quot;:&quot;24&quot;,&quot;title&quot;:&quot;Powder Packaging Machine&quot;,&quot;width&quot;:&quot;136.7&quot;,&quot;_legend&quot;:&quot;{score}\\\/{best} - ({count} {votes})&quot;,&quot;font_factor&quot;:&quot;1.25&quot;}'>              <div class=\"kksr-stars\">      <div class=\"kksr-stars-inactive\">             <div class=\"kksr-star\" data-star=\"1\" style=\"padding-right: 5px\">               <div class=\"kksr-icon\" style=\"width: 24px; height: 24px;\"><\/div>         <\/div>             <div class=\"kksr-star\" data-star=\"2\" style=\"padding-right: 5px\">               <div class=\"kksr-icon\" style=\"width: 24px; height: 24px;\"><\/div>         <\/div>             <div class=\"kksr-star\" data-star=\"3\" style=\"padding-right: 5px\">               <div class=\"kksr-icon\" style=\"width: 24px; height: 24px;\"><\/div>         <\/div>             <div class=\"kksr-star\" data-star=\"4\" style=\"padding-right: 5px\">               <div class=\"kksr-icon\" style=\"width: 24px; height: 24px;\"><\/div>         <\/div>             <div class=\"kksr-star\" data-star=\"5\" style=\"padding-right: 5px\">               <div class=\"kksr-icon\" style=\"width: 24px; height: 24px;\"><\/div>         <\/div>     <\/div>      <div class=\"kksr-stars-active\" style=\"width: 136.7px;\">             <div class=\"kksr-star\" style=\"padding-right: 5px\">               <div class=\"kksr-icon\" style=\"width: 24px; height: 24px;\"><\/div>         <\/div>             <div class=\"kksr-star\" style=\"padding-right: 5px\">               <div class=\"kksr-icon\" style=\"width: 24px; height: 24px;\"><\/div>         <\/div>             <div class=\"kksr-star\" style=\"padding-right: 5px\">               <div class=\"kksr-icon\" style=\"width: 24px; height: 24px;\"><\/div>         <\/div>             <div class=\"kksr-star\" style=\"padding-right: 5px\">               <div class=\"kksr-icon\" style=\"width: 24px; height: 24px;\"><\/div>         <\/div>             <div class=\"kksr-star\" style=\"padding-right: 5px\">               <div class=\"kksr-icon\" style=\"width: 24px; height: 24px;\"><\/div>         <\/div>     <\/div> <\/div>                   <div class=\"kksr-legend\" style=\"font-size: 19.2px;\">             4.8\/5 - (13 l\u01b0\u1ee3t b\u00ecnh ch\u1ecdn)    <\/div>     <\/div>  <p class=\"translation-block\"><strong>M\u00e1y \u0111\u00f3ng g\u00f3i b\u1ed9t<\/strong> \u0111\u01b0\u1ee3c thi\u1ebft k\u1ebf v\u00e0 s\u1ea3n xu\u1ea5t \u0111\u1ec3 x\u1eed l\u00fd nhi\u1ec1u lo\u1ea1i \u0111\u00f3ng g\u00f3i b\u1ed9t kh\u00f4 kh\u00e1c nhau, ch\u1eb3ng h\u1ea1n nh\u01b0 b\u1ed9t m\u00ec, b\u1ed9t c\u00e0 ph\u00ea, b\u1ed9t gi\u1eb7t, b\u1ed9t \u1edbt, masala, b\u1ed9t c\u00e0 ri, b\u1ed9t s\u1eefa, v.v. Theo tr\u1ecdng l\u01b0\u1ee3ng \u0111\u00f3ng g\u00f3i c\u1ee7a c\u00e1c m\u1eb7t h\u00e0ng, c\u00f3 m\u00e1y \u0111\u00f3ng g\u00f3i b\u1ed9t d\u1ea1ng \u0111\u1ee9ng c\u1ee1 nh\u1ecf v\u00e0 m\u00e1y \u0111\u00f3ng g\u00f3i b\u1ed9t c\u1ee1 l\u1edbn. Lo\u1ea1i tr\u01b0\u1edbc ph\u00f9 h\u1ee3p \u0111\u1ec3 \u0111\u00f3ng g\u00f3i c\u00e1c m\u1eb7t h\u00e0ng t\u1eeb 1 gram \u0111\u1ebfn 1kg. V\u00e0 m\u00e1y \u0111\u00f3ng g\u00f3i b\u1ed9t tr\u1ee5c v\u00edt c\u1ee1 l\u1edbn c\u00f3 th\u1ec3 \u0111\u00f3ng g\u00f3i c\u00e1c m\u1eb7t h\u00e0ng t\u1eeb 1kg \u0111\u1ebfn 3kg. C\u00e1c lo\u1ea1i m\u00e1y \u0111\u00f3ng g\u00f3i v\u00e0 h\u00e0n b\u1ed9t kh\u00e1c nhau c\u00f3 c\u00e1c t\u00ednh n\u0103ng v\u00e0 gi\u00e1 c\u1ea3 kh\u00e1c nhau, v\u00e0 vi\u1ec7c l\u1ef1a ch\u1ecdn m\u1ed9t lo\u1ea1i n\u00ean ho\u00e0n to\u00e0n ph\u00f9 h\u1ee3p v\u1edbi t\u00ecnh h\u00ecnh th\u1ef1c t\u1ebf c\u1ee7a d\u1ef1 \u00e1n c\u1ee7a b\u1ea1n. Ngo\u00e0i ra, Taizy Packaging Machinery LTD c\u00f2n cung c\u1ea5p nhi\u1ec1u lo\u1ea1i m\u00e1y \u0111\u00f3ng g\u00f3i b\u1ed9t th\u1ee7 c\u00f4ng gi\u00e1 r\u1ebb. Quan t\u00e2m? \u0110\u1ec3 l\u1ea1i y\u00eau c\u1ea7u chi ti\u1ebft c\u1ee7a b\u1ea1n cho c\u00e1c gi\u1ea3i ph\u00e1p \u0111\u00f3ng g\u00f3i t\u00fai b\u1ed9t kh\u00f4 tuy\u1ec7t v\u1eddi. <\/p>    <h2 class=\"wp-block-heading\" id=\"h-small-powder-sachet-packaging-machine-for-sale\">C\u1ea7n b\u00e1n m\u00e1y \u0111\u00f3ng g\u00f3i b\u1ed9t nh\u1ecf <\/h2>    <p>M\u00e1y \u0111\u00f3ng g\u00f3i b\u1ed9t nh\u1ecf c\u00f3 th\u1ec3 \u0111\u01b0\u1ee3c chia th\u00e0nh ba lo\u1ea1i, lo\u1ea1i v\u00edt \u0111\u1ea9y tr\u1ef1c ti\u1ebfp, lo\u1ea1i v\u00edt \u0111\u1ea9y xi\u00ean v\u00e0 lo\u1ea1i v\u00edt \u0111\u1ea9y ph\u1eb3ng. H\u1ec7 th\u1ed1ng c\u1ea5p li\u1ec7u ho\u00e0n to\u00e0n kh\u00e1c v\u1edbi h\u1ec7 th\u1ed1ng c\u1ea5p li\u1ec7u c\u1ee7a m\u00e1y \u0111\u00f3ng g\u00f3i h\u1ea1t. N\u00f3 ph\u00f9 h\u1ee3p \u0111\u1ec3 \u0111\u00f3ng g\u00f3i s\u1eefa b\u1ed9t, b\u1ed9t m\u00ec, b\u1ed9t n\u00eam, thu\u1ed1c th\u00fa y, ph\u1ee5 gia v\u00e0 nhi\u1ec1u m\u1eb7t h\u00e0ng b\u1ed9t th\u1ef1c ph\u1ea9m kh\u00e1c. V\u1edbi k\u00edch th\u01b0\u1edbc nh\u1ecf v\u00e0 gi\u00e1 c\u1ea3 ph\u1ea3i ch\u0103ng, m\u00e1y \u0111\u00f3ng g\u00f3i b\u1ed9t d\u1ea1ng \u0111\u1ee9ng nh\u1ecf n\u00e0y r\u1ea5t l\u00fd t\u01b0\u1edfng cho doanh nghi\u1ec7p nh\u1ecf c\u1ee7a b\u1ea1n. \u0110\u1ea7u t\u01b0 nh\u1ecf v\u00e0 l\u1ee3i nhu\u1eadn l\u1edbn. <\/p>    <figure class=\"wp-block-image size-full\"><img decoding=\"async\" src=\"https:\/\/taizypackaging.com\/wp-content\/uploads\/2020\/08\/powder-pouch-packing-machine-3.jpg\" alt=\"m\u00e1y \u0111\u00f3ng g\u00f3i t\u00fai b\u1ed9t\" class=\"wp-image-4889\"\/><figcaption class=\"wp-element-caption\">m\u00e1y \u0111\u00f3ng g\u00f3i t\u00fai b\u1ed9t<\/figcaption><\/figure>    <h2 class=\"wp-block-heading\" id=\"h-technical-parameters\">Th\u00f4ng s\u1ed1 k\u1ef9 thu\u1eadt c\u1ee7a m\u00e1y b\u1ed9t VFFS nh\u1ecf<\/h2>    <figure class=\"wp-block-table\"><table><tbody><tr><td>B\u01b0u ki\u1ec7n<\/td><td>Ni\u00eam phong m\u1eb7t sau, Ni\u00eam phong 3 m\u1eb7t, Ni\u00eam phong 4 m\u1eb7t<\/td><\/tr><tr><td>T\u1ed1c \u0111\u1ed9 \u0111\u00f3ng g\u00f3i<\/td><td>24-60 t\u00fai\/ph\u00fat<\/td><\/tr><tr><td>chi\u1ec1u d\u00e0i t\u00fai<\/td><td>30-180mm<\/td><\/tr><tr><td>Chi\u1ec1u r\u1ed9ng t\u00fai<\/td><td>25-145mm<\/td><\/tr><tr><td>Ph\u1ea1m vi c\u00e2n<\/td><td>0,5-3ml, 3-10ml, 10-60ml, 40-220ml<\/td><\/tr><tr><td>Quy\u1ec1n l\u1ef1c<\/td><td>2.2KW<\/td><\/tr><tr><td>C\u00e2n n\u1eb7ng<\/td><td>280kg<\/td><\/tr><tr><td>K\u00edch c\u1ee1<\/td><td>650*1050*1950mm<\/td><\/tr><tr><td>K\u00edch th\u01b0\u1edbc th\u00f9ng carton<\/td><td>1100*750*1820mm<\/td><\/tr><\/tbody><\/table><\/figure>    <h2 class=\"wp-block-heading\" id=\"1kg-to-3kg-automatic-powder-packing-machine-for-sale\">C\u1ea7n b\u00e1n m\u00e1y \u0111\u00f3ng g\u00f3i b\u1ed9t t\u1ef1 \u0111\u1ed9ng 1kg \u0111\u1ebfn 3kg<\/h2>    <p class=\"translation-block\">M\u00e1y \u0111\u00f3ng g\u00f3i b\u1ed9t t\u1ef1 \u0111\u1ed9ng 1kg \u0111\u1ebfn 3kg c\u1ef1c k\u1ef3 ph\u00f9 h\u1ee3p v\u1edbi c\u00e1c d\u1ef1 \u00e1n c\u00f3 nhu c\u1ea7u s\u1ea3n xu\u1ea5t cao. N\u00f3 c\u00f3 th\u1ec3 t\u1ef1 \u0111\u1ed9ng ho\u00e0n th\u00e0nh quy tr\u00ecnh c\u1ea5p li\u1ec7u, c\u00e2n, chi\u1ebft r\u00f3t, h\u00e0n, c\u1eaft v\u00e0 m\u00e3 h\u00f3a. Th\u00e0nh th\u1eadt m\u00e0 n\u00f3i, <a href=\"https:\/\/taizypackaging.com\/vi\/automatic-powder-packaging-machine-for-10g-3000g\/\">m\u00e1y \u0111\u00f3ng g\u00f3i b\u1ed9t t\u1ef1 \u0111\u1ed9ng 1kg -3kg<\/a> n\u00e0y r\u1ea5t hi\u1ec7u qu\u1ea3 v\u00e0 ti\u1ebft ki\u1ec7m chi ph\u00ed. N\u1ebfu nh\u00e0 m\u00e1y ho\u1eb7c d\u1ef1 \u00e1n c\u1ee7a b\u1ea1n c\u00f3 nhu c\u1ea7u s\u1ea3n xu\u1ea5t cao, thi\u1ebft b\u1ecb \u0111\u00f3ng g\u00f3i b\u1ed9t n\u00e0y l\u00e0 l\u00fd t\u01b0\u1edfng cho b\u1ea1n. Ch\u00e0o m\u1eebng b\u1ea1n li\u00ean h\u1ec7 v\u1edbi ch\u00fang t\u00f4i \u0111\u1ec3 c\u00f3 b\u1ea3ng gi\u00e1 t\u1ed1t nh\u1ea5t.  <\/p>    <figure class=\"wp-block-image size-full\"><img loading=\"lazy\" decoding=\"async\" width=\"600\" height=\"450\" src=\"https:\/\/taizypackaging.com\/wp-content\/uploads\/2020\/08\/automatic-large-powder-packing-machine.jpg\" alt=\"m\u00e1y \u0111\u00f3ng g\u00f3i b\u1ed9t l\u1edbn t\u1ef1 \u0111\u1ed9ng\" class=\"wp-image-3257\" srcset=\"https:\/\/taizypackaging.com\/wp-content\/uploads\/2020\/08\/automatic-large-powder-packing-machine.jpg 600w, https:\/\/taizypackaging.com\/wp-content\/uploads\/2020\/08\/automatic-large-powder-packing-machine-300x225.jpg 300w\" sizes=\"auto, (max-width: 600px) 100vw, 600px\" \/><figcaption class=\"wp-element-caption\">m\u00e1y \u0111\u00f3ng g\u00f3i b\u1ed9t l\u1edbn t\u1ef1 \u0111\u1ed9ng<\/figcaption><\/figure>    <h2 class=\"wp-block-heading\" id=\"h-what-is-a-powder-packing-machine\">M\u00e1y \u0111\u00f3ng g\u00f3i b\u1ed9t l\u00e0 g\u00ec? <\/h2>    <p>M\u00e1y \u0111\u00f3ng g\u00f3i b\u1ed9t \u0111\u01b0\u1ee3c thi\u1ebft k\u1ebf \u0111\u1ec3 \u0111\u00f3ng g\u00f3i c\u00e1c s\u1ea3n ph\u1ea9m b\u1ed9t kh\u00f4 kh\u00f3 v\u1eadn chuy\u1ec3n th\u1ee7 c\u00f4ng. M\u00e1y \u0111\u00f3ng g\u00f3i b\u1ed9t t\u1ef1 \u0111\u1ed9ng bao g\u1ed3m h\u1ec7 th\u1ed1ng chi\u1ebft r\u00f3t v\u00e0 h\u1ec7 th\u1ed1ng h\u00e0n k\u00edn. C\u00f2n m\u00e1y r\u00f3t b\u1ed9t b\u00e1n t\u1ef1 \u0111\u1ed9ng c\u00f3 k\u1ebft c\u1ea5u ch\u1ee7 y\u1ebfu l\u00e0 h\u1ec7 th\u1ed1ng b\u0103ng t\u1ea3i, thang m\u00e1y,\u2026 C\u00f3 c\u1ea5u t\u1ea1o \u0111\u01a1n gi\u1ea3n so v\u1edbi m\u00e1y \u0111\u00f3ng g\u00f3i t\u1ef1 \u0111\u1ed9ng. \u01afu \u0111i\u1ec3m l\u1edbn nh\u1ea5t c\u1ee7a n\u00f3 l\u00e0 m\u00e1y \u0111\u00f3ng g\u00f3i b\u1ed9t c\u00f3 th\u1ec3 mang l\u1ea1i l\u1ee3i nhu\u1eadn cho b\u1ea1n m\u1ed9t c\u00e1ch nhanh ch\u00f3ng. <\/p>    <h2 class=\"wp-block-heading\" id=\"h-applications-of-automatic-powder-filling-sealing-machine\">\u1ee8ng d\u1ee5ng c\u1ee7a m\u00e1y h\u00e0n k\u00edn b\u1ed9t t\u1ef1 \u0111\u1ed9ng<\/h2>    <p>M\u00e1y \u0111\u00f3ng g\u00f3i b\u1ed9t t\u1ef1 \u0111\u1ed9ng \u0111\u01b0\u1ee3c s\u1eed d\u1ee5ng r\u1ed9ng r\u00e3i trong ng\u00e0nh th\u1ef1c ph\u1ea9m v\u00e0 h\u00f3a ch\u1ea5t. N\u00f3 c\u00f3 th\u1ec3 \u0111\u00f3ng g\u00f3i t\u1ea5t c\u1ea3 c\u00e1c lo\u1ea1i v\u1eadt li\u1ec7u b\u1ed9t kh\u00f4, nh\u01b0 b\u1ed9t gi\u1eb7t, b\u1ed9t \u1edbt, b\u1ed9t c\u00e0 ph\u00ea, b\u1ed9t tr\u00e0, s\u1eefa b\u1ed9t, b\u1ed9t m\u00ec, masala, b\u1ed9t gi\u1eb7t, b\u1ed9t gia v\u1ecb, b\u1ed9t g\u1eebng, b\u1ed9t ngh\u1ec7, b\u1ed9t c\u00e0 ri, b\u1ed9t ca cao, dinh d\u01b0\u1ee1ng b\u1ed9t, b\u1ed9t th\u1ea3o m\u1ed9c, v.v. L\u00e0 nh\u00e0 s\u1ea3n xu\u1ea5t v\u00e0 cung c\u1ea5p thi\u1ebft b\u1ecb \u0111\u00f3ng g\u00f3i b\u1ed9t h\u00e0ng \u0111\u1ea7u, ch\u00fang t\u00f4i cung c\u1ea5p d\u1ecbch v\u1ee5 t\u00f9y ch\u1ec9nh m\u1ea1nh m\u1ebd \u0111\u1ec3 ph\u00f9 h\u1ee3p v\u1edbi nhu c\u1ea7u c\u1ee5 th\u1ec3 c\u1ee7a b\u1ea1n. Ch\u00e0o m\u1eebng b\u1ea1n \u0111\u1ebfn li\u00ean h\u1ec7 v\u1edbi ch\u00fang t\u00f4i \u0111\u1ec3 c\u00f3 gi\u1ea3i ph\u00e1p \u0111\u00f3ng g\u00f3i b\u1ed9t t\u1ed1t nh\u1ea5t. <\/p>    <figure class=\"wp-block-image size-full\"><img decoding=\"async\" src=\"https:\/\/taizypackaging.com\/wp-content\/uploads\/2020\/08\/dry-powder-items-1.jpg\" alt=\"m\u1eb7t h\u00e0ng b\u1ed9t kh\u00f4\" class=\"wp-image-3269\"\/><figcaption class=\"wp-element-caption\">m\u1eb7t h\u00e0ng b\u1ed9t kh\u00f4<\/figcaption><\/figure>    <h3 class=\"wp-block-heading\" id=\"h-how-to-choose-a-suitable-powder-packaging-machine\">L\u00e0m th\u1ebf n\u00e0o \u0111\u1ec3 ch\u1ecdn m\u1ed9t m\u00e1y \u0111\u00f3ng g\u00f3i b\u1ed9t ph\u00f9 h\u1ee3p? <\/h3>    <p>Tr\u1ecdng l\u01b0\u1ee3ng m\u1ed9t t\u00fai c\u1ee7a m\u00e1y \u0111\u00f3ng g\u00f3i b\u1ed9t xi\u00ean c\u00f3 th\u1ec3 \u0111\u00f3ng g\u00f3i l\u00ean t\u1edbi 80 gram, ph\u00f9 h\u1ee3p v\u1edbi lo\u1ea1i b\u1ed9t kh\u00f4ng c\u00f3 b\u1ee5i bay. M\u00e1y \u0111\u00f3ng g\u00f3i b\u1ed9t \u0111\u1ea9y tr\u1ef1c ti\u1ebfp v\u00e0 m\u00e1y \u0111\u00f3ng g\u00f3i b\u1ed9t \u0111\u1ea9y ph\u1eb3ng c\u00f3 th\u1ec3 \u0111\u00f3ng g\u00f3i b\u1ea5t k\u1ef3 lo\u1ea1i b\u1ed9t n\u00e0o, nh\u01b0ng tr\u1ecdng l\u01b0\u1ee3ng c\u1ee7a m\u1ed9t t\u00fai \u0111\u1ea9y tr\u1ef1c ti\u1ebfp c\u00f3 th\u1ec3 l\u00ean t\u1edbi 1kg v\u00e0 tr\u1ecdng l\u01b0\u1ee3ng c\u1ee7a m\u1ed9t t\u00fai \u0111\u1ea9y ph\u1eb3ng c\u00f3 th\u1ec3 l\u00ean t\u1edbi 200 gram . Bao b\u00ec c\u00f3 th\u1ec3 l\u00e0 con d\u1ea5u ph\u00eda sau, con d\u1ea5u ba m\u1eb7t v\u00e0 con d\u1ea5u b\u1ed1n m\u1eb7t. Nhu c\u1ea7u s\u1ea3n xu\u1ea5t v\u00e0 ng\u00e2n s\u00e1ch kh\u00e1c nhau \u0111\u00f2i h\u1ecfi c\u00e1c m\u00e1y h\u00e0n k\u00edn b\u1ed9t kh\u00e1c nhau. N\u1ebfu b\u1ea1n v\u1eabn c\u00f2n nghi ng\u1edd v\u1ec1 vi\u1ec7c n\u00ean mua m\u00e1y n\u00e0o, h\u00e3y g\u1eedi email cho ch\u00fang t\u00f4i ho\u1eb7c ch\u1ec9 c\u1ea7n g\u1ecdi cho ch\u00fang t\u00f4i \u0111\u1ec3 nh\u1eadn \u0111\u01b0\u1ee3c s\u1ef1 tr\u1ee3 gi\u00fap chuy\u00ean nghi\u1ec7p t\u1eeb c\u00e1c chuy\u00ean gia c\u1ee7a ch\u00fang t\u00f4i. <\/p>    <figure class=\"wp-block-image size-full\"><img decoding=\"async\" src=\"https:\/\/taizypackaging.com\/wp-content\/uploads\/2020\/08\/powder-packing-machine-structure.jpg\" alt=\"c\u1ea5u t\u1ea1o m\u00e1y \u0111\u00f3ng g\u00f3i b\u1ed9t\" class=\"wp-image-4043\"\/><figcaption class=\"wp-element-caption\">c\u1ea5u t\u1ea1o m\u00e1y \u0111\u00f3ng g\u00f3i b\u1ed9t<\/figcaption><\/figure>    <h2 class=\"wp-block-heading\" id=\"h-weighing-methods-and-sealing-methods\">Ph\u01b0\u01a1ng ph\u00e1p c\u00e2n v\u00e0 ph\u01b0\u01a1ng ph\u00e1p ni\u00eam phong<\/h2>    <p class=\"translation-block\"><strong>Ph\u01b0\u01a1ng ph\u00e1p c\u00e2n: <\/strong>M\u00e1y \u0111\u00f3ng g\u00f3i t\u00fai b\u1ed9t c\u00f3 th\u1ec3 \u0111\u01b0\u1ee3c c\u00e2n theo t\u1ed1c \u0111\u1ed9 tr\u1ee5c v\u00edt. Tr\u1ee5c v\u00edt c\u00f3 th\u1ec3 quay 180 \u0111\u1ed9, 270 \u0111\u1ed9 v\u00e0 360 \u0111\u1ed9.<\/p>    <p class=\"translation-block\"><strong>Ph\u01b0\u01a1ng ph\u00e1p h\u00e0n:<\/strong> M\u00e1y \u0111\u00f3ng g\u00f3i b\u1ed9t c\u00f3 th\u1ec3 h\u00e0n m\u1eb7t sau, h\u00e0n ba c\u1ea1nh v\u00e0 h\u00e0n b\u1ed1n c\u1ea1nh.<\/p>    <figure class=\"wp-block-image size-large\"> <\/figure>    <figure class=\"wp-block-image alignnone wp-image-833 size-full\"><img decoding=\"async\" src=\"https:\/\/taizypackaging.com\/wp-content\/uploads\/2020\/08\/powder-packing.jpg\" alt=\"\u0111\u00f3ng g\u00f3i b\u1ed9t\" class=\"wp-image-833\"\/><figcaption class=\"wp-element-caption\">\u0111\u00f3ng g\u00f3i b\u1ed9t<\/figcaption><\/figure>    <figcaption>Ki\u1ec3u \u0111\u00f3ng g\u00f3i: d\u00e1n k\u00edn m\u1eb7t sau, d\u00e1n ba m\u1eb7t, d\u00e1n b\u1ed1n m\u1eb7t<\/figcaption>    <p class=\"translation-block\"><strong>Thi\u1ebft b\u1ecb t\u00f9y ch\u1ecdn:<\/strong> thi\u1ebft b\u1ecb \u0111\u00f3ng g\u00f3i li\u00ean t\u1ee5c, thi\u1ebft b\u1ecb th\u1ed5i kh\u00ed, thi\u1ebft b\u1ecb m\u00e3 h\u00f3a.<\/p>    <h2 class=\"wp-block-heading\" id=\"h-features-of-dry-powder-packing-machine\">\u0110\u1eb7c \u0111i\u1ec3m c\u1ee7a m\u00e1y \u0111\u00f3ng g\u00f3i b\u1ed9t kh\u00f4<\/h2>    <p>V\u00edt \u0111\u01b0\u1ee3c l\u00e0m b\u1eb1ng th\u00e9p kh\u00f4ng g\u1ec9, \u0111\u01b0\u1ee3c s\u1ea3n xu\u1ea5t \u0111\u1eb7c bi\u1ec7t v\u00e0 h\u00e0n th\u1ee7 c\u00f4ng. N\u00f3 c\u00f3 c\u1ea5u tr\u00fac \u0111\u01a1n gi\u1ea3n v\u00e0 thi\u1ebft k\u1ebf h\u1ee3p l\u00fd n\u00ean r\u1ea5t d\u1ec5 v\u1eadn h\u00e0nh, l\u1eafp \u0111\u1eb7t v\u00e0 b\u1ea3o tr\u00ec. Ngo\u00e0i ra, ch\u00fang t\u00f4i c\u00f2n \u00e1p d\u1ee5ng h\u1ec7 th\u1ed1ng \u0111i\u1ec1u khi\u1ec3n PLC m\u00e1y t\u00ednh th\u00f4ng minh v\u00e0 c\u00f3 s\u1eb5n nhi\u1ec1u ng\u00f4n ng\u1eef kh\u00e1c nhau. V\u00e0 thi\u1ebft b\u1ecb \u0111\u00f3ng g\u00f3i b\u1ed9t c\u1ee7a ch\u00fang t\u00f4i c\u00f3 c\u00e1c t\u00ednh n\u0103ng ch\u1ea5t l\u01b0\u1ee3ng cao, t\u1ed1c \u0111\u1ed9 nhanh, hi\u1ec7u qu\u1ea3 cao v\u00e0 \u0111\u1ed9 ch\u00ednh x\u00e1c. <\/p>    <figure class=\"wp-block-image size-large\"><img decoding=\"async\" src=\"https:\/\/taizypackaging.com\/wp-content\/uploads\/2020\/08\/Screw-Details.jpg\" alt=\"v\u00edt khoan\" class=\"wp-image-214\"\/><figcaption class=\"wp-element-caption\">v\u00edt khoan <\/figcaption><\/figure>    <h2 class=\"wp-block-heading\" id=\"h-f-q\">H\u1ecfi \u0111\u00e1p<\/h2>   <div id=\"rank-math-faq\" class=\"rank-math-block\"> <div class=\"rank-math-list\"> <div id=\"faq-question-1670912527427\" class=\"rank-math-list-item\"> <h3 class=\"rank-math-question\"><strong>1. M\u00e1y \u0111\u00f3ng g\u00f3i b\u1ed9t s\u1eed d\u1ee5ng nh\u1eefng v\u1eadt li\u1ec7u g\u00ec?<\/strong><\/h3> <div class=\"rank-math-answer\">  <p>To\u00e0n b\u1ed9 m\u00e1y \u0111\u01b0\u1ee3c l\u00e0m b\u1eb1ng th\u00e9p kh\u00f4ng g\u1ec9, b\u1ed9 ph\u1eadn ti\u1ebfp x\u00fac v\u1edbi v\u1eadt li\u1ec7u \u0111\u01b0\u1ee3c l\u00e0m b\u1eb1ng th\u00e9p kh\u00f4ng g\u1ec9 304.<\/p>  <\/div> <\/div> <div id=\"faq-question-1670912533380\" class=\"rank-math-list-item\"> <h3 class=\"rank-math-question\"><strong>2. M\u00e1y n\u00e0y c\u00f3 \u0111\u01b0\u1ee3c trang b\u1ecb con tr\u1ecf kh\u00f4ng?<\/strong><\/h3> <div class=\"rank-math-answer\">  <p>V\u00e2ng, \u0111\u00fang v\u1eady. N\u00f3 \u0111\u00e3 \u0111\u01b0\u1ee3c l\u1eafp \u0111\u1eb7t t\u1ea1i nh\u00e0 m\u00e1y.<\/p>  <\/div> <\/div> <div id=\"faq-question-1670912543772\" class=\"rank-math-list-item\"> <h3 class=\"rank-math-question\"><strong>3. Tr\u1ecdng l\u01b0\u1ee3ng bao b\u00ec c\u00f3 th\u1ec3 \u0111i\u1ec1u ch\u1ec9nh \u0111\u01b0\u1ee3c kh\u00f4ng?<\/strong><\/h3> <div class=\"rank-math-answer\">  <p>V\u00e2ng, n\u00f3 c\u00f3 th\u1ec3. N\u1ebfu b\u1ea1n mu\u1ed1n \u0111i\u1ec1u ch\u1ec9nh ph\u1ea1m vi t\u1eeb 1-10 gram th\u00ec b\u1ea1n c\u00f3 th\u1ec3 \u0111i\u1ec1u ch\u1ec9nh t\u1ed1c \u0111\u1ed9 v\u00edt \u0111\u1ec3 ho\u00e0n th\u00e0nh vi\u1ec7c \u0111i\u1ec1u ch\u1ec9nh tr\u1ecdng l\u01b0\u1ee3ng.<\/p>  <\/div> <\/div> <div id=\"faq-question-1670912557028\" class=\"rank-math-list-item\"> <h3 class=\"rank-math-question\"><strong>4. B\u1ea1n c\u00f3 th\u1ec3 cung c\u1ea5p m\u00e0ng \u0111\u00f3ng g\u00f3i kh\u00f4ng?<\/strong><\/h3> <div class=\"rank-math-answer\">  <p>V\u00e2ng, ch\u00fang t\u00f4i c\u00f3 th\u1ec3. Nh\u01b0ng b\u1ea1n c\u1ea7n cho ch\u00fang t\u00f4i bi\u1ebft y\u00eau c\u1ea7u \u0111\u00f3ng g\u00f3i c\u1ee7a b\u1ea1n.<\/p>  <\/div> <\/div> <\/div> <\/div>   <h2 class=\"wp-block-heading\" id=\"h-customer-case\">Tr\u01b0\u1eddng h\u1ee3p kh\u00e1ch h\u00e0ng<\/h2>    <p class=\"translation-block\">Hi\u1ec7n t\u1ea1i, ch\u00fang t\u00f4i \u0111\u00e3 b\u00e1n m\u00e1y \u0111\u00f3ng g\u00f3i gia v\u1ecb c\u1ee1 nh\u1ecf, <a href=\"https:\/\/taizypackaging.com\/vi\/powder-detergent-packaging-machine\/\">m\u00e1y \u0111\u00f3ng g\u00f3i b\u1ed9t gi\u1eb7t<\/a>, m\u00e1y \u0111\u00f3ng g\u00f3i b\u1ed9t \u1edbt, m\u00e1y \u0111\u00f3ng g\u00f3i b\u1ed9t gi\u1eb7t, <a href=\"https:\/\/taizypackaging.com\/vi\/milk-powder-packing-machine\/\">m\u00e1y \u0111\u00f3ng g\u00f3i b\u1ed9t s\u1eefa<\/a>, m\u00e1y \u0111\u00f3ng g\u00f3i t\u00fai gia v\u1ecb, m\u00e1y \u0111\u00f3ng g\u00f3i b\u1ed9t gia v\u1ecb cho Nepal, Mexico, Libya, Congo, Botswana, V\u01b0\u01a1ng qu\u1ed1c Anh, Sri Lanka, \u1ea2 R\u1eadp X\u00ea \u00dat, Canada, Nigeria v\u00e0 nhi\u1ec1u qu\u1ed1c gia kh\u00e1c.<\/p>    <p>N\u1ebfu b\u1ea1n mu\u1ed1n bi\u1ebft gi\u00e1 m\u00e1y \u0111\u00f3ng g\u00f3i b\u1ed9t h\u00e3y li\u00ean h\u1ec7 v\u1edbi ch\u00fang t\u00f4i, ch\u00fang t\u00f4i s\u1ebd cung c\u1ea5p cho b\u1ea1n gi\u1ea3i ph\u00e1p \u0111\u00f3ng g\u00f3i ngay l\u1eadp t\u1ee9c.<\/p>    <figure class=\"wp-block-image size-full\"><img decoding=\"async\" src=\"https:\/\/taizypackaging.com\/wp-content\/uploads\/2020\/08\/powder-packaging-machine-factory.jpg\" alt=\"nh\u00e0 m\u00e1y s\u1ea3n xu\u1ea5t m\u00e1y \u0111\u00f3ng g\u00f3i b\u1ed9t\" class=\"wp-image-4044\"\/><figcaption class=\"wp-element-caption\">nh\u00e0 m\u00e1y s\u1ea3n xu\u1ea5t m\u00e1y \u0111\u00f3ng g\u00f3i b\u1ed9t<\/figcaption><\/figure>    <h2 class=\"wp-block-heading\" id=\"h-get-in-touch-with-us-today\">H\u00e3y li\u00ean l\u1ea1c v\u1edbi ch\u00fang t\u00f4i ngay h\u00f4m nay!<\/h2>    <p>M\u00e1y \u0111\u00f3ng g\u00f3i b\u1ed9t r\u1ea5t quan tr\u1ecdng \u0111\u1ed1i v\u1edbi ng\u00e0nh th\u1ef1c ph\u1ea9m v\u00e0 h\u00f3a ch\u1ea5t. N\u00f3 c\u00f3 th\u1ec3 c\u1ea3i thi\u1ec7n \u0111\u00e1ng k\u1ec3 n\u0103ng su\u1ea5t c\u1ee7a b\u1ea1n v\u00e0 ti\u1ebft ki\u1ec7m chi ph\u00ed lao \u0111\u1ed9ng c\u1ee7a b\u1ea1n. Hi\u1ec7u qu\u1ea3 cao, v\u1eadn h\u00e0nh t\u1ef1 \u0111\u1ed9ng v\u00e0 l\u1ee3i nhu\u1eadn cao l\u00e0 nh\u1eefng \u01b0u \u0111i\u1ec3m ch\u00ednh c\u1ee7a ch\u00fang. Taizy Packaging Machinery LTD c\u00f3 n\u0103ng l\u1ef1c kh\u00e1 m\u1ea1nh trong vi\u1ec7c cung c\u1ea5p c\u00e1c gi\u1ea3i ph\u00e1p \u0111\u00f3ng g\u00f3i b\u1ed9t ti\u00eau chu\u1ea9n v\u00e0 t\u00f9y ch\u1ec9nh. B\u00ean c\u1ea1nh \u0111\u00f3, ch\u00fang t\u00f4i c\u00f3 \u0111\u1ed9i ng\u0169 nh\u00e2n vi\u00ean l\u00e0nh ngh\u1ec1 \u0111\u1ec3 \u0111\u1ea3m b\u1ea3o giao h\u00e0ng nhanh ch\u00f3ng v\u00e0 ch\u1ea5t l\u01b0\u1ee3ng cao cho m\u00e1y m\u00f3c c\u1ee7a ch\u00fang t\u00f4i. \u0110\u1ec3 l\u1ea1i y\u00eau c\u1ea7u c\u1ee7a b\u1ea1n, ch\u00fang t\u00f4i s\u1ebd g\u1eedi cho b\u1ea1n th\u00f4ng tin chi ti\u1ebft ho\u1eb7c b\u00e1o gi\u00e1 mi\u1ec5n ph\u00ed trong th\u1eddi gian s\u1edbm nh\u1ea5t. <\/p>    <p>&nbsp;<\/p>","protected":false},"excerpt":{"rendered":"<p>M\u00e1y \u0111\u00f3ng g\u00f3i b\u1ed9t l\u00e0 lo\u1ea1i m\u00e1y d\u00f9ng \u0111\u1ec3 \u0111\u1ed5 \u0111\u1ea7y v\u00e0 ni\u00eam phong t\u00fai ho\u1eb7c h\u1ed9p \u0111\u1ef1ng b\u1eb1ng v\u1eadt li\u1ec7u d\u1ea1ng b\u1ed9t. n\u00f3 ph\u00f9 h\u1ee3p \u0111\u1ec3 \u0111\u00f3ng g\u00f3i b\u1ed9t m\u00ec, b\u1ed9t c\u00e0 ph\u00ea, b\u1ed9t gi\u1eb7t, b\u1ed9t \u1edbt, b\u1ed9t masala, b\u1ed9t c\u00e0 ri, s\u1eefa b\u1ed9t, v.v.<\/p>","protected":false},"author":1,"featured_media":4889,"parent":0,"template":"","tags":[161,190,283,360,387,409,450],"product-type":[660],"class_list":["post-208","product","type-product","status-publish","has-post-thumbnail","hentry","tag-flour","tag-ginger-powder","tag-milk-powder","tag-plantain-flour-packaging-machine","tag-red-chili-powder","tag-seasoning-powder","tag-strarch","product-type-powder-packing-machines"],"_links":{"self":[{"href":"https:\/\/taizypackaging.com\/vi\/wp-json\/wp\/v2\/product\/208","targetHints":{"allow":["GET"]}}],"collection":[{"href":"https:\/\/taizypackaging.com\/vi\/wp-json\/wp\/v2\/product"}],"about":[{"href":"https:\/\/taizypackaging.com\/vi\/wp-json\/wp\/v2\/types\/product"}],"author":[{"embeddable":true,"href":"https:\/\/taizypackaging.com\/vi\/wp-json\/wp\/v2\/users\/1"}],"wp:featuredmedia":[{"embeddable":true,"href":"https:\/\/taizypackaging.com\/vi\/wp-json\/wp\/v2\/media\/4889"}],"wp:attachment":[{"href":"https:\/\/taizypackaging.com\/vi\/wp-json\/wp\/v2\/media?parent=208"}],"wp:term":[{"taxonomy":"post_tag","embeddable":true,"href":"https:\/\/taizypackaging.com\/vi\/wp-json\/wp\/v2\/tags?post=208"},{"taxonomy":"product-type","embeddable":true,"href":"https:\/\/taizypackaging.com\/vi\/wp-json\/wp\/v2\/product-type?post=208"}],"curies":[{"name":"wp","href":"https:\/\/api.w.org\/{rel}","templated":true}]}}