{"id":2200,"date":"2021-06-15T01:48:59","date_gmt":"2021-06-15T01:48:59","guid":{"rendered":"https:\/\/taizypackaging.com\/?p=2200"},"modified":"2024-07-17T17:01:45","modified_gmt":"2024-07-17T09:01:45","slug":"semi-automatic-round-bottle-labeling-machine-for-sale","status":"publish","type":"product","link":"https:\/\/taizypackaging.com\/vi\/semi-automatic-round-bottle-labeling-machine-for-sale\/","title":{"rendered":"M\u00e1y d\u00e1n nh\u00e3n chai tr\u00f2n b\u00e1n t\u1ef1 \u0111\u1ed9ng"},"content":{"rendered":"<div class=\"kk-star-ratings kksr-auto kksr-align-left kksr-valign-top\"     data-payload='{&quot;align&quot;:&quot;left&quot;,&quot;id&quot;:&quot;2200&quot;,&quot;slug&quot;:&quot;default&quot;,&quot;valign&quot;:&quot;top&quot;,&quot;ignore&quot;:&quot;&quot;,&quot;reference&quot;:&quot;auto&quot;,&quot;class&quot;:&quot;&quot;,&quot;count&quot;:&quot;22&quot;,&quot;legendonly&quot;:&quot;&quot;,&quot;readonly&quot;:&quot;&quot;,&quot;score&quot;:&quot;4.6&quot;,&quot;starsonly&quot;:&quot;&quot;,&quot;best&quot;:&quot;5&quot;,&quot;gap&quot;:&quot;5&quot;,&quot;greet&quot;:&quot;Rate this product&quot;,&quot;legend&quot;:&quot;4.6\\\/5 - (22 b\u00ecnh ch\u1ecdn)&quot;,&quot;size&quot;:&quot;24&quot;,&quot;title&quot;:&quot;Semi Automatic Round Bottle Labeling Machine&quot;,&quot;width&quot;:&quot;130.9&quot;,&quot;_legend&quot;:&quot;{score}\\\/{best} - ({count} {votes})&quot;,&quot;font_factor&quot;:&quot;1.25&quot;}'>              <div class=\"kksr-stars\">      <div class=\"kksr-stars-inactive\">             <div class=\"kksr-star\" data-star=\"1\" style=\"padding-right: 5px\">               <div class=\"kksr-icon\" style=\"width: 24px; height: 24px;\"><\/div>         <\/div>             <div class=\"kksr-star\" data-star=\"2\" style=\"padding-right: 5px\">               <div class=\"kksr-icon\" style=\"width: 24px; height: 24px;\"><\/div>         <\/div>             <div class=\"kksr-star\" data-star=\"3\" style=\"padding-right: 5px\">               <div class=\"kksr-icon\" style=\"width: 24px; height: 24px;\"><\/div>         <\/div>             <div class=\"kksr-star\" data-star=\"4\" style=\"padding-right: 5px\">               <div class=\"kksr-icon\" style=\"width: 24px; height: 24px;\"><\/div>         <\/div>             <div class=\"kksr-star\" data-star=\"5\" style=\"padding-right: 5px\">               <div class=\"kksr-icon\" style=\"width: 24px; height: 24px;\"><\/div>         <\/div>     <\/div>      <div class=\"kksr-stars-active\" style=\"width: 130.9px;\">             <div class=\"kksr-star\" style=\"padding-right: 5px\">               <div class=\"kksr-icon\" style=\"width: 24px; height: 24px;\"><\/div>         <\/div>             <div class=\"kksr-star\" style=\"padding-right: 5px\">               <div class=\"kksr-icon\" style=\"width: 24px; height: 24px;\"><\/div>         <\/div>             <div class=\"kksr-star\" style=\"padding-right: 5px\">               <div class=\"kksr-icon\" style=\"width: 24px; height: 24px;\"><\/div>         <\/div>             <div class=\"kksr-star\" style=\"padding-right: 5px\">               <div class=\"kksr-icon\" style=\"width: 24px; height: 24px;\"><\/div>         <\/div>             <div class=\"kksr-star\" style=\"padding-right: 5px\">               <div class=\"kksr-icon\" style=\"width: 24px; height: 24px;\"><\/div>         <\/div>     <\/div> <\/div>                   <div class=\"kksr-legend\" style=\"font-size: 19.2px;\">             4.6\/5 - (22 l\u01b0\u1ee3t b\u00ecnh ch\u1ecdn)    <\/div>     <\/div>  <p class=\"translation-block\"><strong>Semi<\/strong> <strong>automatic round bottle labeling machine<\/strong> l\u00e0 m\u1ed9t m\u00e1y d\u00e1n nh\u00e3n chai \u0111\u1ec3 b\u00e0n nh\u1ecf. N\u00f3 c\u00f3 k\u00edch th\u01b0\u1edbc r\u1ea5t nh\u1ecf v\u00e0 chi ph\u00ed th\u1ea5p. Do \u0111\u00f3, n\u00f3 d\u1ec5 mang theo v\u00e0 r\u1ea5t ph\u1ed5 bi\u1ebfn cho c\u00e1c d\u1ef1 \u00e1n nh\u1ecf. B\u00ean c\u1ea1nh \u0111\u00f3, m\u00e1y d\u00e1n nh\u00e3n chai tr\u00f2n b\u00e1n t\u1ef1 \u0111\u1ed9ng c\u00f3 ph\u1ea1m vi \u1ee9ng d\u1ee5ng r\u1ed9ng, c\u00f3 th\u1ec3 \u00e1p d\u1ee5ng d\u00e1n nh\u00e3n cho c\u00e1c chai th\u1ee7y tinh, chai nh\u1ef1a, chai kim lo\u1ea1i, lon, l\u1ecd, v.v. H\u01a1n n\u1eefa, m\u00e1y d\u00e1n nh\u00e3n chai n\u00e0y c\u00f3 th\u1ec3 d\u00e1n 20~40 chai m\u1ed7i ph\u00fat. Hi\u1ec7u su\u1ea5t cao v\u00e0 hi\u1ec7u qu\u1ea3. L\u00e0 m\u1ed9t nh\u00e0 s\u1ea3n xu\u1ea5t v\u00e0 xu\u1ea5t kh\u1ea9u m\u00e1y d\u00e1n nh\u00e3n n\u1ed5i ti\u1ebfng t\u1ea1i Trung Qu\u1ed1c, ch\u00fang t\u00f4i cung c\u1ea5p c\u00e1c <strong>m\u00e1y d\u00e1n nh\u00e3n chai b\u1eb1ng tay<\/strong> v\u1edbi gi\u00e1 t\u1ed1t v\u00e0 giao h\u00e0ng nhanh v\u00e0 <strong><a href=\"https:\/\/taizypackaging.com\/vi\/round-bottle-labeling-machine\/\">m\u00e1y d\u00e1n nh\u00e3n chai t\u1ef1 \u0111\u1ed9ng<\/a><\/strong> v\u1edbi gi\u00e1 c\u1ea3 h\u1ee3p l\u00fd. Th\u00eam v\u00e0o \u0111\u00f3, c\u00f2n c\u00f3 m\u00e1y d\u00e1n nh\u00e3n chai ph\u1eb3ng. V\u00e0 ch\u00fang t\u00f4i h\u1ed7 tr\u1ee3 d\u1ecbch v\u1ee5 t\u00f9y ch\u1ec9nh. Li\u00ean h\u1ec7 v\u1edbi ch\u00fang t\u00f4i ngay h\u00f4m nay \u0111\u1ec3 b\u1eaft \u0111\u1ea7u kinh doanh. <\/p>   <figure class=\"wp-block-embed-youtube wp-block-embed is-type-video is-provider-youtube wp-embed-aspect-16-9 wp-has-aspect-ratio\"><div class=\"lyte-wrapper fourthree\" title=\"M\u00e1y d\u00e1n nh\u00e3n chai th\u1ee7 c\u00f4ng | M\u00e1y d\u00e1n nh\u00e3n chai tr\u00f2n b\u00e1n t\u1ef1 \u0111\u1ed9ng\" style=\"width:960px;max-width:100%;margin:5px auto;\"><div class=\"lyMe hidef\" id=\"WYL_QKmFg0QAAyg\" itemprop=\"video\" itemscope itemtype=\"https:\/\/schema.org\/VideoObject\"><div><meta itemprop=\"thumbnailUrl\" content=\"https:\/\/taizypackaging.com\/wp-content\/plugins\/wp-youtube-lyte\/lyteCache.php?origThumbUrl=https%3A%2F%2Fi.ytimg.com%2Fvi%2FQKmFg0QAAyg%2Fhqdefault.jpg\" \/><meta itemprop=\"embedURL\" content=\"https:\/\/www.youtube.com\/embed\/QKmFg0QAAyg\" \/><meta itemprop=\"duration\" content=\"PT30S\" \/><meta itemprop=\"uploadDate\" content=\"2021-06-15T01:53:28Z\" \/><\/div><meta itemprop=\"accessibilityFeature\" content=\"captions\" \/><div id=\"lyte_QKmFg0QAAyg\" data-src=\"https:\/\/taizypackaging.com\/wp-content\/plugins\/wp-youtube-lyte\/lyteCache.php?origThumbUrl=https%3A%2F%2Fi.ytimg.com%2Fvi%2FQKmFg0QAAyg%2Fhqdefault.jpg\" class=\"pL\"><div class=\"tC\"><div class=\"tT\" itemprop=\"name\">M\u00e1y d\u00e1n nh\u00e3n chai th\u1ee7 c\u00f4ng | M\u00e1y d\u00e1n nh\u00e3n chai tr\u00f2n b\u00e1n t\u1ef1 \u0111\u1ed9ng<\/div><\/div><div class=\"play\"><\/div><div class=\"ctrl\"><div class=\"Lctrl\"><\/div><div class=\"Rctrl\"><\/div><\/div><\/div><noscript><a href=\"https:\/\/youtu.be\/QKmFg0QAAyg\" rel=\"nofollow noopener\" target=\"_blank\"><img loading=\"lazy\" decoding=\"async\" src=\"https:\/\/taizypackaging.com\/wp-content\/plugins\/wp-youtube-lyte\/lyteCache.php?origThumbUrl=https%3A%2F%2Fi.ytimg.com%2Fvi%2FQKmFg0QAAyg%2F0.jpg\" alt=\"M\u00e1y d\u00e1n nh\u00e3n chai th\u1ee7 c\u00f4ng | M\u00e1y d\u00e1n nh\u00e3n chai tr\u00f2n b\u00e1n t\u1ef1 \u0111\u1ed9ng\" width=\"960\" height=\"700\" \/><br \/>Xem video n\u00e0y tr\u00ean YouTube<\/a><\/noscript><meta itemprop=\"description\" content=\"Whatsapp\/Wechat\/Tel:+86 19139754781 Website: https:\/\/taizypackaging.com\/semi-automatic-round-bottle-labeling-machine-for-sale\/ The manual bottle labeling machine has wide application in labeling various cans, glass bottles, plastic bottles, etc. Because of its mini shape and high-quality performance, it is very popular among customers. A semi-automatic round bottle labeling machine is a piece of ideal equipment for small and medium-sized beverage, food, medicine, and chemical plants. We also have automatic labeling machines such as the automatic positioning round bottle labeling machine and flat labeling machines. You can choose the right labeling machine according to your needs. Whatsapp\/Wechat\/Tel:+86 19139754781 Website: https:\/\/taizypackaging.com\/semi-automatic-round-bottle-labeling-machine-for-sale\/\"><\/div><\/div><div class=\"lL\" style=\"max-width:100%;width:960px;margin:5px auto;\"><\/div><figcaption><\/figcaption><\/figure>   <h2 class=\"wp-block-heading\" id=\"h-introduction-of-semi-automatic-round-bottle-labeling-machine\">M\u00e1y d\u00e1n nh\u00e3n chai l\u00e0 g\u00ec? <\/h2>    <p class=\"translation-block\">M\u00e1y d\u00e1n nh\u00e3n chai ho\u1eb7c nh\u00e3n m\u00e1c chai \u0111\u01b0\u1ee3c s\u1eed d\u1ee5ng \u0111\u1ec3 d\u00e1n nh\u00e3n t\u1ef1 \u0111\u1ed9ng ho\u1eb7c b\u1eb1ng tay l\u00ean chai, lon ho\u1eb7c l\u1ecd. \u0110i\u1ec1u n\u00e0y c\u00f3 th\u1ec3 c\u1ea3i thi\u1ec7n \u0111\u00e1ng k\u1ec3 n\u0103ng su\u1ea5t c\u1ee7a b\u1ea1n. V\u1ec1 l\u00e2u d\u00e0i, m\u1ed9t m\u00e1y d\u00e1n nh\u00e3n chai c\u00f3 th\u1ec3 ti\u1ebft ki\u1ec7m chi ph\u00ed v\u00e0 gi\u1ea3i ph\u00f3ng lao \u0111\u1ed9ng c\u1ee7a b\u1ea1n. Nh\u00e3n kh\u00f4ng \u0111\u1ed3ng ngh\u0129a v\u1edbi n\u1ed9i dung c\u1ee7a container. N\u00f3 th\u1ec3 hi\u1ec7n h\u00ecnh \u1ea3nh th\u01b0\u01a1ng hi\u1ec7u c\u1ee7a ch\u00fang ta v\u00e0 t\u1ea1o \u1ea5n t\u01b0\u1ee3ng \u0111\u1ea7u ti\u00ean cho ng\u01b0\u1eddi mua v\u1ec1 s\u1ea3n ph\u1ea9m c\u1ee7a b\u1ea1n. M\u00e1y d\u00e1n nh\u00e3n chai s\u1ebd ch\u00ednh x\u00e1c v\u00e0 hi\u1ec7u qu\u1ea3 h\u01a1n con ng\u01b0\u1eddi. Tuy nhi\u00ean, c\u00f3 nhi\u1ec1u lo\u1ea1i m\u00e1y d\u00e1n nh\u00e3n chai tr\u00ean th\u1ecb tr\u01b0\u1eddng, nh\u01b0 m\u00e1y d\u00e1n nh\u00e3n chai tr\u00f2n, <a href=\"https:\/\/taizypackaging.com\/vi\/automatic-flat-labeling-machine\/\">m\u00e1y d\u00e1n nh\u00e3n chai ph\u1eb3ng<\/a>, m\u00e1y d\u00e1n nh\u00e3n chai vu\u00f4ng, v\u00e0 m\u00e1y d\u00e1n nh\u00e3n \u0111\u1ec3 b\u00e0n. Lo\u1ea1i n\u00e0o l\u00e0 t\u1ed1t nh\u1ea5t cho b\u1ea1n n\u00ean d\u1ef1a tr\u00ean t\u00ecnh h\u00ecnh th\u1ef1c t\u1ebf c\u1ee7a b\u1ea1n. <\/p>    <h2 class=\"wp-block-heading\" id=\"h-the-application-of-semi-automatic-round-bottle-labeling-machine\">\u1ee8ng d\u1ee5ng c\u1ee7a m\u00e1y d\u00e1n nh\u00e3n chai tr\u00f2n b\u00e1n t\u1ef1 \u0111\u1ed9ng<\/h2>    <p class=\"translation-block\">M\u00e1y d\u00e1n nh\u00e3n chai tr\u00f2n l\u00e0 m\u1ed9t lo\u1ea1i m\u00e1y d\u00e1n nh\u00e3n th\u1ee7 c\u00f4ng. \u0110\u00e2y l\u00e0 chi\u1ebfc m\u00e1y d\u00e1n nh\u00e3n ph\u00f9 h\u1ee3p \u0111\u1ec3 d\u00e1n nh\u00e3n cho c\u00e1c chai tr\u00f2n nh\u01b0 chai PET, chai nh\u1ef1a, chai th\u1ee7y tinh, chai kim lo\u1ea1i, lon v\u00e0 l\u1ecd. N\u00f3 ph\u00f9 h\u1ee3p cho vi\u1ec7c d\u00e1n nh\u00e3n s\u1ea3n ph\u1ea9m trong nhi\u1ec1u l\u0129nh v\u1ef1c. M\u00e1y d\u00e1n nh\u00e3n chai b\u1eb1ng tay c\u00f3 th\u1ec3 d\u00e1n nh\u00e3n l\u00ean kim lo\u1ea1i, d\u1ea7u, thu\u1ed1c, qu\u1ea7n \u00e1o, s\u1eefa chua, s\u1eefa t\u01b0\u01a1i, m\u1ef9 ph\u1ea9m, ch\u0103m s\u00f3c t\u00f3c, n\u01b0\u1edbc \u00e9p, n\u01b0\u1edbc c\u00f3 gas v\u00e0 c\u00e1c s\u1ea3n ph\u1ea9m kh\u00e1c. N\u00f3 c\u00f3 th\u1ec3 d\u00e1n nh\u00e3n cho chai m\u1ed9t c\u00e1ch ch\u00ednh x\u00e1c, h\u00ecnh th\u1ee9c d\u00e1n nh\u00e3n l\u00e0 t\u1ef1 d\u00ednh. Th\u00f4ng th\u01b0\u1eddng \u0111\u00e2y l\u00e0 thi\u1ebft b\u1ecb b\u1ed5 sung c\u1ee7a m\u00e1y \u0111\u1ed5 ch\u1ea5t l\u1ecfng v\u00e0 <a href=\"https:\/\/taizypackaging.com\/vi\/fully-automatic-paste-filling-machine-for-100-5000ml\/\" target=\"_blank\" rel=\"noreferrer noopener\">m\u00e1y \u0111\u1ed5 d\u00ednh<\/a>.<\/p>    <figure class=\"wp-block-image size-large\"><img decoding=\"async\" src=\"https:\/\/taizypackaging.com\/wp-content\/uploads\/2021\/06\/labeling-sample.jpg\" alt=\"s\u1eed d\u1ee5ng m\u00e1y d\u00e1n nh\u00e3n chai tr\u00f2n b\u00e1n t\u1ef1 \u0111\u1ed9ng\" class=\"wp-image-2207\"\/><figcaption class=\"wp-element-caption\">s\u1eed d\u1ee5ng m\u00e1y d\u00e1n nh\u00e3n chai tr\u00f2n b\u00e1n t\u1ef1 \u0111\u1ed9ng<\/figcaption><\/figure>    <h2 class=\"wp-block-heading\" id=\"semi-automatic-round-bottle-labeling-machine-parameters\">Th\u00f4ng s\u1ed1 m\u00e1y d\u00e1n nh\u00e3n chai tr\u00f2n b\u00e1n t\u1ef1 \u0111\u1ed9ng<\/h2>    <figure class=\"wp-block-table\"><table><tbody><tr><td>Ng\u01b0\u1eddi m\u1eabu<\/td><td>TZ-100<\/td><\/tr><tr><td>Quy\u1ec1n l\u1ef1c<\/td><td>100W<\/td><\/tr><tr><td>\u0110\u01b0\u1eddng k\u00ednh chai<\/td><td>15-120mm<\/td><\/tr><tr><td>T\u1ed1c \u0111\u1ed9 nh\u00e3n<\/td><td>20-40 chai\/ph\u00fat<\/td><\/tr><tr><td>K\u00edch th\u01b0\u1edbc nh\u00e3n<\/td><td>W26L25-W150L300<\/td><\/tr><tr><td>\u0110\u01b0\u1eddng k\u00ednh trong c\u1ee7a cu\u1ed9n nh\u00e3n<\/td><td>75mm<\/td><\/tr><tr><td>\u0110\u01b0\u1eddng k\u00ednh ngo\u00e0i cu\u1ed9n nh\u00e3n<\/td><td>275mm<\/td><\/tr><tr><td>K\u00edch th\u01b0\u1edbc m\u00e1y<\/td><td>650*345*450mm<\/td><\/tr><\/tbody><\/table><\/figure>    <h2 class=\"wp-block-heading\" id=\"h-workflow-and-video-of-semi-automatic-labeling-machine\">Quy tr\u00ecnh l\u00e0m vi\u1ec7c v\u00e0 video c\u1ee7a m\u00e1y d\u00e1n nh\u00e3n b\u00e1n t\u1ef1 \u0111\u1ed9ng<\/h2>    <ol class=\"wp-block-list\"> <li>Quy tr\u00ecnh l\u00e0m vi\u1ec7c c\u1ee5 th\u1ec3 nh\u01b0 sau: Gi\u1eef\u00a0tay xoay chai \u00e9p v\u00e0o chai tr\u00f2n c\u1ea7n d\u00e1n nh\u00e3n.<\/li>    <li>Tay \u00e9p chai t\u1ef1 \u0111\u1ed9ng ch\u1ea1m v\u00e0o c\u00f4ng t\u1eafc \u0111\u1ec3 b\u1eadt d\u00e2y \u0111ai \u0111\u1ed9ng c\u01a1 hi\u1ec7n t\u1ea1i.<\/li>    <li>Gi\u1ea5y nh\u00e3n xoay \u0111\u1ec3 ho\u00e0n th\u00e0nh c\u00f4ng vi\u1ec7c ghi nh\u00e3n.<\/li> <\/ol>    <p>Trong qu\u00e1 tr\u00ecnh v\u1eadn h\u00e0nh, b\u1ea1n c\u00f3 th\u1ec3 d\u00e1n nh\u00e3n cho c\u00e1c chai tr\u00f2n c\u00f3 th\u00f4ng s\u1ed1 k\u1ef9 thu\u1eadt kh\u00e1c nhau m\u00e0 kh\u00f4ng c\u1ea7n thay \u0111\u1ed5i b\u1ea5t k\u1ef3 ph\u1ee5 ki\u1ec7n n\u00e0o. M\u1ed9t m\u00e1y d\u00e1n nh\u00e3n c\u00f3 th\u1ec3 \u0111\u00e1p \u1ee9ng h\u1ea7u h\u1ebft c\u00e1c nhu c\u1ea7u d\u00e1n nh\u00e3n chai tr\u00f2n. V\u00e0, ch\u00fang t\u00f4i s\u1ebd h\u01b0\u1edbng d\u1eabn b\u1ea1n v\u1eadn h\u00e0nh v\u00e0 b\u1ea3o tr\u00ec m\u00e1y d\u00e1n nh\u00e3n chai tr\u00f2n.<\/p>    <h2 class=\"wp-block-heading\" id=\"h-structure-of-manual-bottle-labeling-machine\">C\u1ea5u t\u1ea1o chi ti\u1ebft c\u1ee7a m\u00e1y d\u00e1n nh\u00e3n chai th\u1ee7 c\u00f4ng<\/h2>    <p>M\u00e1y d\u00e1n nh\u00e3n th\u1ee7 c\u00f4ng ch\u1ee7 y\u1ebfu bao g\u1ed3m \u0111\u1ed9ng c\u01a1, khung \u0111\u1ecbnh v\u1ecb, khay nh\u00e3n, m\u1eaft \u0111i\u1ec7n, tay \u00e9p chai, con l\u0103n \u0111\u1ecbnh v\u1ecb, b\u1ea3ng b\u00f3c nh\u00e3n v\u00e0 c\u00f4ng t\u1eafc c\u1ea3m \u1ee9ng. N\u00f3 c\u00f3 c\u1ea5u tr\u00fac r\u1ea5t \u0111\u01a1n gi\u1ea3n v\u00e0 thi\u1ebft k\u1ebf ho\u00e0n h\u1ea3o n\u00ean r\u1ea5t d\u1ec5 v\u1eadn h\u00e0nh v\u00e0 b\u1ea3o tr\u00ec. Ngo\u00e0i ra, vi\u1ec7c s\u1eed d\u1ee5ng \u0111\u1ed9ng c\u01a1 v\u00e0 m\u00e1y d\u00e1n nh\u00e3n chai n\u1ed5i ti\u1ebfng c\u00f3 tu\u1ed5i th\u1ecd cao v\u00e0 hi\u1ec7u su\u1ea5t t\u1ed1t. <\/p>    <figure class=\"wp-block-image size-large\"><img decoding=\"async\" src=\"https:\/\/taizypackaging.com\/wp-content\/uploads\/2021\/06\/structure-of-semi-automatic-labeling-machine.jpg\" alt=\"c\u1ea5u t\u1ea1o c\u1ee7a m\u00e1y d\u00e1n nh\u00e3n b\u00e1n t\u1ef1 \u0111\u1ed9ng\" class=\"wp-image-2208\"\/><figcaption class=\"wp-element-caption\">c\u1ea5u t\u1ea1o c\u1ee7a m\u00e1y d\u00e1n nh\u00e3n b\u00e1n t\u1ef1 \u0111\u1ed9ng<\/figcaption><\/figure>    <h2 class=\"wp-block-heading\" id=\"h-features-of-the-semi-automatic-round-bottle-labeling-machine\">T\u00ednh n\u0103ng c\u1ee7a m\u00e1y d\u00e1n nh\u00e3n chai tr\u00f2n b\u00e1n t\u1ef1 \u0111\u1ed9ng<\/h2>    <ol class=\"wp-block-list\"> <li>M\u00e1y \u0111\u01b0\u1ee3c l\u00e0m b\u1eb1ng ch\u1ea5t li\u1ec7u h\u1ee3p kim nh\u00f4m.\u00a0N\u00f3 c\u00f3 c\u00e1c \u0111\u1eb7c \u0111i\u1ec3m v\u1ec1 tr\u1ecdng l\u01b0\u1ee3ng, nh\u1eb9, v\u1eadn h\u00e0nh \u0111\u01a1n gi\u1ea3n, v.v.<\/li>    <li>Vi\u1ec7c s\u1eed d\u1ee5ng m\u1eaft \u0111i\u1ec7n ti\u00ean ti\u1ebfn c\u00f3 th\u1ec3 l\u00e0m cho \u0111\u1ed9 nh\u1ea1y ph\u00e1t hi\u1ec7n nh\u00e3n cao h\u01a1n. N\u00f3 c\u00f3 \u0111\u1ed9 ch\u00ednh x\u00e1c cao khi ghi nh\u00e3n v\u00e0 thi\u1ebft k\u1ebf kh\u00e9o l\u00e9o. B\u1ea1n\u00a0ch\u1ec9 c\u1ea7n \u0111\u1eb7t chai v\u00e0o\u00a0\u0111\u1ec3 ho\u00e0n t\u1ea5t qu\u00e1 tr\u00ecnh d\u00e1n nh\u00e3n t\u1ef1 \u0111\u1ed9ng.<\/li>    <li>M\u00e1y d\u00e1n nh\u00e3n chai th\u1ee7 c\u00f4ng\u00a0s\u1eed d\u1ee5ng con l\u0103n cao su ch\u1ea5t l\u01b0\u1ee3ng cao c\u00f3 hi\u1ec7u su\u1ea5t truy\u1ec1n \u0111\u1ed9ng t\u1ed1t v\u00e0 v\u1eadn h\u00e0nh d\u1ec5 d\u00e0ng h\u01a1n.<\/li>    <li>C\u00e1nh tay \u0111\u00f2n b\u1eb1ng nh\u00f4m d\u00e0y v\u00e0 d\u00e0i c\u00f3 nhi\u1ec1u \u1ee9ng d\u1ee5ng v\u00e0 v\u1eadn h\u00e0nh d\u1ec5 d\u00e0ng h\u01a1n.<\/li>    <li>\u0110\u1ed9ng c\u01a1 phanh \u0111\u1ed3ng b\u1ed9, \u0111\u1ed9ng c\u01a1 t\u1ed1c \u0111\u1ed9 cao c\u00f4ng su\u1ea5t cao. M\u00e1y d\u00e1n nh\u00e3n d\u00e1n chai tr\u00f2n c\u00f3 th\u1ec3 ch\u1ea1y \u1ed5n \u0111\u1ecbnh trong th\u1eddi gian d\u00e0i.<\/li>    <li>Vi\u1ec7c \u0111i\u1ec1u ch\u1ec9nh v\u1ecb tr\u00ed gi\u00fap vi\u1ec7c chuy\u1ec3n \u0111\u1ed5i ghi nh\u00e3n c\u1ee7a c\u00e1c chai c\u00f3 th\u00f4ng s\u1ed1 k\u1ef9 thu\u1eadt kh\u00e1c nhau tr\u1edf n\u00ean \u0111\u01a1n gi\u1ea3n. V\u00e0 \u0111\u1ed9 \u1ed5n \u0111\u1ecbnh c\u01a1 h\u1ecdc \u0111\u01b0\u1ee3c c\u1ea3i thi\u1ec7n \u0111\u00e1ng k\u1ec3.<\/li>    <li>Thi\u1ebft k\u1ebf m\u00e1y t\u00ednh \u0111\u1ec3 b\u00e0n\u00a0v\u00e0 c\u1ea5u tr\u00fac h\u1ee3p l\u00fd. M\u00e1y d\u00e1n nh\u00e3n chai th\u1ee7 c\u00f4ng c\u00f3 h\u00ecnh d\u00e1ng nh\u1ecf g\u1ecdn v\u00e0 c\u00e1c ch\u1ee9c n\u0103ng m\u1ea1nh m\u1ebd.<\/li> <\/ol>    <h2 class=\"wp-block-heading\" id=\"h-machine-details-presentation\">H\u1ec7 th\u1ed1ng m\u00e1y d\u00e1n nh\u00e3n chai tr\u00f2n b\u00e1n t\u1ef1 \u0111\u1ed9ng<\/h2>    <ol class=\"wp-block-list\"> <li>\u0110\u1ecbnh v\u1ecb s\u1ee3i ch\u00ednh x\u00e1c h\u01a1n.<\/li>    <li>M\u00e1y d\u00e1n nh\u00e3n th\u1ee7 c\u00f4ng c\u00f3 khay c\u1ea5p gi\u1ea5y c\u00f3 th\u1ec3 \u0111i\u1ec1u ch\u1ec9nh \u0111\u01b0\u1ee3c. N\u00f3 c\u00f3 th\u1ec3 th\u00edch \u1ee9ng v\u1edbi t\u1ea5t c\u1ea3 c\u00e1c lo\u1ea1i nh\u00e3n trong th\u00f4ng s\u1ed1 k\u1ef9 thu\u1eadt v\u00e0 d\u1ec5 c\u00e0i \u0111\u1eb7t.<\/li>    <li>M\u00e1y \u0111\u01b0\u1ee3c trang b\u1ecb con l\u0103n cu\u1ed1n. Qu\u00e1 tr\u00ecnh ghi nh\u00e3n c\u00f3 th\u1ec3 \u0111i\u1ec1u ch\u1ec9nh, an to\u00e0n v\u00e0 thu\u1eadn ti\u1ec7n. \u0110i\u1ec1u n\u00e0y c\u00f3 th\u1ec3 c\u1ea3i thi\u1ec7n hi\u1ec7u qu\u1ea3 c\u00f4ng vi\u1ec7c.<\/li>    <li>H\u1ed7 tr\u1ee3 \u1ed1ng Kun. N\u00f3 thu\u1eadn ti\u1ec7n \u0111\u1ec3 \u0111i\u1ec1u ch\u1ec9nh v\u00e0 c\u00f3 ph\u1ea1m vi \u1ee9ng d\u1ee5ng r\u1ed9ng r\u00e3i. C\u00f3 th\u1ec3 \u0111\u01b0\u1ee3c t\u00f9y ch\u1ec9nh.<\/li>    <li>M\u00e1y d\u00e1n nh\u00e3n chai tr\u00f2n b\u00e1n t\u1ef1 \u0111\u1ed9ng c\u00f3 to\u00e0n b\u1ed9 \u0111ai \u1ed1c v\u1ecf inox. Lo\u1ea1i \u0111ai \u1ed1c n\u00e0y kh\u00f4ng b\u1ecb bi\u1ebfn d\u1ea1ng v\u00e0 b\u1ec1n.<\/li>    <li>B\u1ed9 ngu\u1ed3n \u0111\u01b0\u1ee3c trang b\u1ecb ch\u1ee9c n\u0103ng b\u1ea3o v\u1ec7 qu\u00e1 d\u00f2ng. N\u1ebfu v\u01b0\u1ee3t qu\u00e1 ph\u1ea1m vi s\u1eed d\u1ee5ng b\u00ecnh th\u01b0\u1eddng, c\u1ea7u ch\u00ec s\u1ebd t\u1ef1 \u0111\u1ed9ng n\u1ed5 \u0111\u1ec3 b\u1ea3o v\u1ec7 m\u00e1y.<\/li>    <li>M\u00e1y d\u00e1n nh\u00e3n r\u1ea5t d\u1ec5 v\u1eadn h\u00e0nh. C\u00e1nh tay \u0111\u00f2n d\u00e0y kh\u00f4ng b\u1ecb bi\u1ebfn d\u1ea1ng v\u00e0 b\u1ec1n.<\/li> <\/ol>    <figure class=\"wp-block-image size-large\"><img decoding=\"async\" src=\"https:\/\/taizypackaging.com\/wp-content\/uploads\/2021\/06\/machine-details-3.jpg\" alt=\"chi ti\u1ebft m\u00e1y d\u00e1n nh\u00e3n chai b\u00e1n t\u1ef1 \u0111\u1ed9ng\" class=\"wp-image-2210\"\/><figcaption class=\"wp-element-caption\">chi ti\u1ebft m\u00e1y d\u00e1n nh\u00e3n chai b\u00e1n t\u1ef1 \u0111\u1ed9ng<\/figcaption><\/figure>    <h2 class=\"wp-block-heading\" id=\"why-choose-us-as-your-top-bottle-labeling-machine-manufacturer\">T\u1ea1i sao ch\u1ecdn ch\u00fang t\u00f4i l\u00e0m nh\u00e0 s\u1ea3n xu\u1ea5t m\u00e1y d\u00e1n nh\u00e3n chai h\u00e0ng \u0111\u1ea7u c\u1ee7a b\u1ea1n?<\/h2>    <p class=\"translation-block\">L\u00e0 m\u1ed9t <a href=\"https:\/\/taizypackaging.com\/vi\/\">c\u00f4ng ty m\u00e1y \u0111\u00f3ng g\u00f3i<\/a> m\u1ea1nh m\u1ebd v\u00e0 \u0111\u00e1ng tin c\u1eady, Taizy c\u00f3 h\u01a1n 10 n\u0103m kinh nghi\u1ec7m trong l\u0129nh v\u1ef1c m\u00e1y m\u00f3c th\u1ef1c ph\u1ea9m v\u00e0 thi\u1ebft b\u1ecb \u0111\u00f3ng g\u00f3i. <a href=\"https:\/\/taizypackaging.com\/vi\/machines-category\/labeling\/\">T\u1ea5t c\u1ea3 c\u00e1c m\u00e1y d\u00e1n nh\u00e3n<\/a> \u0111\u1ec1u c\u00f3 th\u1ec3 \u0111\u01b0\u1ee3c t\u00f9y ch\u1ec9nh theo nhu c\u1ea7u c\u1ee7a b\u1ea1n. Ch\u00fang t\u00f4i cung c\u1ea5p cho b\u1ea1n m\u1ed9t d\u00e2y chuy\u1ec1n \u0111i\u1ec1n v\u00e0 ni\u00eam phong th\u1ef1c ph\u1ea9m ho\u00e0n ch\u1ec9nh v\u00e0 d\u00e2y chuy\u1ec1n \u0111\u00f3ng g\u00f3i s\u1ea3n ph\u1ea9m. M\u00e1y d\u00e1n nh\u00e3n chai th\u1ee7 c\u00f4ng n\u00e0y c\u00f3 m\u1ee9c gi\u00e1 h\u1ee3p l\u00fd, \u1ed5n \u0111\u1ecbnh v\u1ec1 ch\u1ea5t l\u01b0\u1ee3ng v\u00e0 ti\u00ean ti\u1ebfn v\u1ec1 hi\u1ec7u su\u1ea5t. Ch\u00fang t\u00f4i s\u1ebd cung c\u1ea5p cho b\u1ea1n d\u1ecbch v\u1ee5 ch\u0103m s\u00f3c kh\u00e1ch h\u00e0ng chu \u0111\u00e1o tr\u01b0\u1edbc v\u00e0 sau b\u00e1n h\u00e0ng. N\u1ebfu b\u1ea1n c\u00f3 b\u1ea5t k\u1ef3 c\u00e2u h\u1ecfi n\u00e0o v\u1ec1 m\u00e1y d\u00e1n nh\u00e3n chai b\u00e1n t\u1ef1 \u0111\u1ed9ng ho\u1eb7c mu\u1ed1n nh\u1eadn b\u00e1o gi\u00e1 mi\u1ec5n ph\u00ed, h\u00e3y li\u00ean h\u1ec7 v\u1edbi ch\u00fang t\u00f4i ho\u1eb7c \u0111\u1ec3 l\u1ea1i y\u00eau c\u1ea7u c\u1ee7a b\u1ea1n b\u00ean d\u01b0\u1edbi. <\/p>    <figure class=\"wp-block-image size-large\"><img decoding=\"async\" src=\"https:\/\/taizypackaging.com\/wp-content\/uploads\/2021\/06\/factory.jpg\" alt=\"nh\u00e0 m\u00e1y s\u1ea3n xu\u1ea5t m\u00e1y d\u00e1n nh\u00e3n\" class=\"wp-image-2209\"\/><figcaption class=\"wp-element-caption\">nh\u00e0 m\u00e1y s\u1ea3n xu\u1ea5t m\u00e1y d\u00e1n nh\u00e3n<\/figcaption><\/figure>    <h2 class=\"wp-block-heading\" id=\"h-q-a\">H\u1ecfi \u0111\u00e1p v\u1ec1 m\u00e1y d\u00e1n nh\u00e3n chai b\u00e1n t\u1ef1 \u0111\u1ed9ng Taizy<\/h2>    <p>1. M\u00e1y d\u00e1n nh\u00e3n c\u00f3 th\u1ec3 \u0111\u00f3ng g\u00f3i nh\u1eefng lo\u1ea1i chai n\u00e0o?<\/p>    <p>Chai nh\u1ef1a tr\u00f2n, chai th\u1ee7y tinh, chai kim lo\u1ea1i, l\u1ecd, lon, v.v.<\/p>    <p>2. M\u00e1y d\u00e1n nh\u00e3n c\u00f3 th\u1ec3 d\u00e1n nh\u00e3n chai theo h\u00ecnh 1 h\u00ecnh tr\u00f2n hay h\u00ecnh n\u1eeda h\u00ecnh tr\u00f2n \u0111\u01b0\u1ee3c kh\u00f4ng?<\/p>    <p>Ch\u1eafc ch\u1eafn. B\u1ea1n c\u00f3 th\u1ec3 \u0111i\u1ec1u ch\u1ec9nh \u0111\u1ed9 r\u1ed9ng c\u1ee7a g\u00f3i b\u1ea1n mu\u1ed1n theo y\u00eau c\u1ea7u c\u1ee7a b\u1ea1n.<\/p>    <p>3. T\u1ed1c \u0111\u1ed9 c\u1ee7a m\u00e1y d\u00e1n nh\u00e3n l\u00e0 bao nhi\u00eau?<\/p>    <p>\u0110\u00e2y l\u00e0 m\u00e1y d\u00e1n nh\u00e3n th\u1ee7 c\u00f4ng. Nh\u1eefng ng\u01b0\u1eddi kh\u00e1c nhau c\u00f3 t\u1ed1c \u0111\u1ed9 ghi nh\u00e3n kh\u00e1c nhau.<\/p>    <p>4. M\u00e1y d\u00e1n nh\u00e3n c\u00f3 th\u1ec3 \u0111\u00f3ng g\u00f3i chai c\u00f3 \u0111\u01b0\u1eddng k\u00ednh bao nhi\u00eau?<\/p>    <p>M\u00e1y d\u00e1n nh\u00e3n c\u00f3 th\u1ec3 d\u00e1n nh\u00e3n chai c\u00f3 \u0111\u01b0\u1eddng k\u00ednh tr\u00ean 3,5cm. N\u1ebfu b\u1ea1n mu\u1ed1n d\u00e1n nh\u00e3n chai l\u1ecd c\u00f3 \u0111\u01b0\u1eddng k\u00ednh d\u01b0\u1edbi 3,5cm th\u00ec c\u00f3 th\u1ec3 l\u1ef1a ch\u1ecdn m\u00e1y d\u00e1n nh\u00e3n ngang.<\/p>","protected":false},"excerpt":{"rendered":"<p>Semi automatic round bottle labeling machine is a small tabletop bottle labeler. It has a highly small size and low cost. Therefore, it is portable and very popular for small projects. Besides, the semi-automatic round bottle labeling machine has a wide range of applications. It can be applied for labeling various glass bottles, plastic bottles, [&hellip;]<\/p>\n","protected":false},"author":1,"featured_media":2206,"parent":0,"template":"","tags":[587,398],"product-type":[663],"class_list":["post-2200","product","type-product","status-publish","has-post-thumbnail","hentry","tag-bottle-labeling-machine","tag-round-bottle-labeling-machine","product-type-bottle-filling-production-line"],"_links":{"self":[{"href":"https:\/\/taizypackaging.com\/vi\/wp-json\/wp\/v2\/product\/2200","targetHints":{"allow":["GET"]}}],"collection":[{"href":"https:\/\/taizypackaging.com\/vi\/wp-json\/wp\/v2\/product"}],"about":[{"href":"https:\/\/taizypackaging.com\/vi\/wp-json\/wp\/v2\/types\/product"}],"author":[{"embeddable":true,"href":"https:\/\/taizypackaging.com\/vi\/wp-json\/wp\/v2\/users\/1"}],"wp:featuredmedia":[{"embeddable":true,"href":"https:\/\/taizypackaging.com\/vi\/wp-json\/wp\/v2\/media\/2206"}],"wp:attachment":[{"href":"https:\/\/taizypackaging.com\/vi\/wp-json\/wp\/v2\/media?parent=2200"}],"wp:term":[{"taxonomy":"post_tag","embeddable":true,"href":"https:\/\/taizypackaging.com\/vi\/wp-json\/wp\/v2\/tags?post=2200"},{"taxonomy":"product-type","embeddable":true,"href":"https:\/\/taizypackaging.com\/vi\/wp-json\/wp\/v2\/product-type?post=2200"}],"curies":[{"name":"wp","href":"https:\/\/api.w.org\/{rel}","templated":true}]}}