{"id":223,"date":"2020-08-25T07:30:31","date_gmt":"2020-08-25T07:30:31","guid":{"rendered":"https:\/\/taizypackaging.com\/?p=223"},"modified":"2024-07-16T17:58:55","modified_gmt":"2024-07-16T09:58:55","slug":"paste-packaging-machine","status":"publish","type":"product","link":"https:\/\/taizypackaging.com\/vi\/paste-packaging-machine\/","title":{"rendered":"M\u00e1y \u0111\u00f3ng g\u00f3i d\u00e1n"},"content":{"rendered":"<div class=\"kk-star-ratings kksr-auto kksr-align-left kksr-valign-top\"     data-payload='{&quot;align&quot;:&quot;left&quot;,&quot;id&quot;:&quot;223&quot;,&quot;slug&quot;:&quot;default&quot;,&quot;valign&quot;:&quot;top&quot;,&quot;ignore&quot;:&quot;&quot;,&quot;reference&quot;:&quot;auto&quot;,&quot;class&quot;:&quot;&quot;,&quot;count&quot;:&quot;23&quot;,&quot;legendonly&quot;:&quot;&quot;,&quot;readonly&quot;:&quot;&quot;,&quot;score&quot;:&quot;4.6&quot;,&quot;starsonly&quot;:&quot;&quot;,&quot;best&quot;:&quot;5&quot;,&quot;gap&quot;:&quot;5&quot;,&quot;greet&quot;:&quot;Rate this product&quot;,&quot;legend&quot;:&quot;4.6\\\/5 - (23 b\u00ecnh ch\u1ecdn)&quot;,&quot;size&quot;:&quot;24&quot;,&quot;title&quot;:&quot;Paste Packing Machine&quot;,&quot;width&quot;:&quot;130.9&quot;,&quot;_legend&quot;:&quot;{score}\\\/{best} - ({count} {votes})&quot;,&quot;font_factor&quot;:&quot;1.25&quot;}'>              <div class=\"kksr-stars\">      <div class=\"kksr-stars-inactive\">             <div class=\"kksr-star\" data-star=\"1\" style=\"padding-right: 5px\">               <div class=\"kksr-icon\" style=\"width: 24px; height: 24px;\"><\/div>         <\/div>             <div class=\"kksr-star\" data-star=\"2\" style=\"padding-right: 5px\">               <div class=\"kksr-icon\" style=\"width: 24px; height: 24px;\"><\/div>         <\/div>             <div class=\"kksr-star\" data-star=\"3\" style=\"padding-right: 5px\">               <div class=\"kksr-icon\" style=\"width: 24px; height: 24px;\"><\/div>         <\/div>             <div class=\"kksr-star\" data-star=\"4\" style=\"padding-right: 5px\">               <div class=\"kksr-icon\" style=\"width: 24px; height: 24px;\"><\/div>         <\/div>             <div class=\"kksr-star\" data-star=\"5\" style=\"padding-right: 5px\">               <div class=\"kksr-icon\" style=\"width: 24px; height: 24px;\"><\/div>         <\/div>     <\/div>      <div class=\"kksr-stars-active\" style=\"width: 130.9px;\">             <div class=\"kksr-star\" style=\"padding-right: 5px\">               <div class=\"kksr-icon\" style=\"width: 24px; height: 24px;\"><\/div>         <\/div>             <div class=\"kksr-star\" style=\"padding-right: 5px\">               <div class=\"kksr-icon\" style=\"width: 24px; height: 24px;\"><\/div>         <\/div>             <div class=\"kksr-star\" style=\"padding-right: 5px\">               <div class=\"kksr-icon\" style=\"width: 24px; height: 24px;\"><\/div>         <\/div>             <div class=\"kksr-star\" style=\"padding-right: 5px\">               <div class=\"kksr-icon\" style=\"width: 24px; height: 24px;\"><\/div>         <\/div>             <div class=\"kksr-star\" style=\"padding-right: 5px\">               <div class=\"kksr-icon\" style=\"width: 24px; height: 24px;\"><\/div>         <\/div>     <\/div> <\/div>                   <div class=\"kksr-legend\" style=\"font-size: 19.2px;\">             4.6\/5 - (23 l\u01b0\u1ee3t b\u00ecnh ch\u1ecdn)    <\/div>     <\/div>  <p class=\"translation-block\"><strong>M\u00e1y \u0111\u00f3ng g\u00f3i t\u01b0\u01a1ng<\/strong> \u0111\u01b0\u1ee3c thi\u1ebft k\u1ebf cho c\u00e1c v\u1eadt li\u1ec7u d\u1ea1ng t\u01b0\u01a1ng c\u00f3 \u0111\u1ed9 l\u01b0u \u0111\u1ed9ng kh\u00f4ng t\u1ed1t, ch\u1eb3ng h\u1ea1n nh\u01b0 b\u01a1 \u0111\u1eadu ph\u1ed9ng, t\u01b0\u01a1ng c\u00e0 chua, b\u01a1 m\u00e8, kem \u0111\u00e1nh r\u0103ng, t\u01b0\u01a1ng g\u1eebng t\u1ecfi, s\u1ed1t c\u00e0 ri, kem m\u1ef9 ph\u1ea9m, lotion, v.v. M\u00e1y c\u00f3 th\u1ec3 ho\u00e0n th\u00e0nh t\u1ef1 \u0111\u1ed9ng c\u00e1c quy tr\u00ecnh c\u00e2n, chi\u1ebft r\u00f3t, h\u00e0n k\u00edn v\u00e0 c\u1eaft. \u0110\u00e2y ch\u1eafc ch\u1eafn l\u00e0 m\u1ed9t c\u00f4ng c\u1ee5 \u0111\u00f3ng g\u00f3i tuy\u1ec7t v\u1eddi cho nh\u00e0 m\u00e1y c\u1ee7a b\u1ea1n. V\u1edbi ch\u1ea5t l\u01b0\u1ee3ng t\u1ed1t v\u00e0 gi\u00e1 c\u1ea3 c\u1ea1nh tranh, <strong>thi\u1ebft b\u1ecb \u0111\u00f3ng g\u00f3i t\u01b0\u01a1ng<\/strong> Taizy \u0111\u00e3 \u0111\u01b0\u1ee3c xu\u1ea5t kh\u1ea9u th\u00e0nh c\u00f4ng \u0111\u1ebfn h\u01a1n 30 qu\u1ed1c gia v\u00e0 khu v\u1ef1c. N\u1ebfu b\u1ea1n quan t\u00e2m \u0111\u1ebfn chi\u1ebfc m\u00e1y n\u00e0y, h\u00e3y li\u00ean h\u1ec7 v\u1edbi ch\u00fang t\u00f4i \u0111\u1ec3 nh\u1eadn b\u00e1o gi\u00e1 t\u1ed1t nh\u1ea5t. <\/p>    <h2 class=\"wp-block-heading\" id=\"paste-packing-machine-working-video\">Video ho\u1ea1t \u0111\u1ed9ng c\u1ee7a m\u00e1y \u0111\u00f3ng g\u00f3i d\u00e1n <\/h2>   <figure class=\"wp-block-embed-youtube wp-block-embed is-type-video is-provider-youtube wp-embed-aspect-16-9 wp-has-aspect-ratio\"><div class=\"lyte-wrapper fourthree\" title=\"M\u00e1y \u0111\u00f3ng g\u00f3i t\u00fai d\u00e1n t\u1ef1 \u0111\u1ed9ng si\u00eau hi\u1ec7u qu\u1ea3 cho n\u01b0\u1edbc s\u1ed1t, s\u1ed1t c\u00e0 chua, m\u1eadt ong, b\u01a1\" style=\"width:960px;max-width:100%;margin:5px auto;\"><div class=\"lyMe hidef\" id=\"WYL_32VXxg043VA\" itemprop=\"video\" itemscope itemtype=\"https:\/\/schema.org\/VideoObject\"><div><meta itemprop=\"thumbnailUrl\" content=\"https:\/\/taizypackaging.com\/wp-content\/plugins\/wp-youtube-lyte\/lyteCache.php?origThumbUrl=https%3A%2F%2Fi.ytimg.com%2Fvi%2F32VXxg043VA%2Fmaxresdefault.jpg\" \/><meta itemprop=\"embedURL\" content=\"https:\/\/www.youtube.com\/embed\/32VXxg043VA\" \/><meta itemprop=\"duration\" content=\"PT4M14S\" \/><meta itemprop=\"uploadDate\" content=\"2022-01-18T04:21:51Z\" \/><\/div><div id=\"lyte_32VXxg043VA\" data-src=\"https:\/\/taizypackaging.com\/wp-content\/plugins\/wp-youtube-lyte\/lyteCache.php?origThumbUrl=https%3A%2F%2Fi.ytimg.com%2Fvi%2F32VXxg043VA%2Fmaxresdefault.jpg\" class=\"pL\"><div class=\"tC\"><div class=\"tT\" itemprop=\"name\">M\u00e1y \u0111\u00f3ng g\u00f3i t\u00fai d\u00e1n t\u1ef1 \u0111\u1ed9ng si\u00eau hi\u1ec7u qu\u1ea3 cho n\u01b0\u1edbc s\u1ed1t, s\u1ed1t c\u00e0 chua, m\u1eadt ong, b\u01a1<\/div><\/div><div class=\"play\"><\/div><div class=\"ctrl\"><div class=\"Lctrl\"><\/div><div class=\"Rctrl\"><\/div><\/div><\/div><noscript><a href=\"https:\/\/youtu.be\/32VXxg043VA\" rel=\"nofollow noopener\" target=\"_blank\"><img loading=\"lazy\" decoding=\"async\" src=\"https:\/\/taizypackaging.com\/wp-content\/plugins\/wp-youtube-lyte\/lyteCache.php?origThumbUrl=https%3A%2F%2Fi.ytimg.com%2Fvi%2F32VXxg043VA%2F0.jpg\" alt=\"M\u00e1y \u0111\u00f3ng g\u00f3i t\u00fai d\u00e1n t\u1ef1 \u0111\u1ed9ng si\u00eau hi\u1ec7u qu\u1ea3 cho n\u01b0\u1edbc s\u1ed1t, s\u1ed1t c\u00e0 chua, m\u1eadt ong, b\u01a1\" width=\"960\" height=\"700\" \/><br \/>Xem video n\u00e0y tr\u00ean YouTube<\/a><\/noscript><meta itemprop=\"description\" content=\"Email: Email: info@taizypackaging.com Tel\/ WhatsApp: +86 18837171591 https:\/\/taizypackaging.com\/paste-packaging-machine\/ Automatic paste pouch packing machine is suitable for packing various paste items, such as sauce, honey, ketchup, butter, etc. It has a small size and attractive price. And it can greatly improve your efficiency and benefit your project. Advantages of automatic liquid packing machine 1. Wide range of packaging: suitable for liquids of various states and properties; 2. Convenient operation: PLC control and man-machine interface operating system make the operation intuitive and convenient; 3. Suitable for different types of packaging bags; 4. Perfect prevention system to ensure the yield rate and not waste bags and materials; 5. The packaging part of the machine adopts stainless steel materials to ensure the sanitation of the materials and comply with GMP standards; 6. The high degree of automation: unmanned in the whole process of weighing and packaging, automatic alarm when a failure occurs; 7. The liquid packaging machine adopts a waterproof design. You can wash it with water. it will reduce the difficulty of cleaning and increases the service life of the machine. Email: Email: info@taizypackaging.com Tel\/ WhatsApp: +86 18837171591\"><\/div><\/div><div class=\"lL\" style=\"max-width:100%;width:960px;margin:5px auto;\"><\/div><figcaption><\/figcaption><\/figure>   <h2 class=\"wp-block-heading\" id=\"h-applications-of-paste-packing-machine\">\u1ee8ng d\u1ee5ng c\u1ee7a m\u00e1y \u0111\u00f3ng g\u00f3i d\u00e1n<\/h2>    <p class=\"translation-block\">M\u00e1y \u0111\u00f3ng g\u00f3i s\u1ed1t l\u00e0 m\u1ed9t <strong>m\u00e1y \u0111\u00f3ng g\u00f3i t\u01b0\u01a1ng d\u1ea1ng t\u00fai t\u1ef1 \u0111\u1ed9ng<\/strong> ho\u00e0n to\u00e0n. Do \u0111\u00f3, m\u00e1y c\u00f3 c\u00e1c ch\u1ee9c n\u0103ng nh\u01b0 t\u1ea1o t\u00fai t\u1ef1 \u0111\u1ed9ng, chi\u1ebft r\u00f3t \u0111\u1ecbnh l\u01b0\u1ee3ng, nh\u1eadn d\u1ea1ng quang \u0111i\u1ec7n, h\u00e0n k\u00edn nhi\u1ec7t v\u00e0 in ng\u00e0y. Nh\u01b0 ch\u00fang ta \u0111\u00e3 bi\u1ebft, m\u00e1y \u0111\u00f3ng g\u00f3i d\u1ea1ng t\u00fai ph\u00f9 h\u1ee3p cho c\u00e1c v\u1eadt li\u1ec7u d\u1ea1ng t\u01b0\u01a1ng l\u1ecfng trong ng\u00e0nh gia v\u1ecb th\u1ef1c ph\u1ea9m, \u0111\u1ed3 u\u1ed1ng, y t\u1ebf, h\u00f3a ch\u1ea5t h\u00e0ng ng\u00e0y, n\u01b0\u1edbc s\u1ed1t, ph\u00e2n b\u00f3n l\u00e1, t\u00fai d\u1ea7u, m\u1eadt ong, d\u1ea7u g\u1ed9i, m\u1ef9 ph\u1ea9m v\u00e0 c\u00e1c v\u1eadt li\u1ec7u \u0111\u00f3ng g\u00f3i kh\u00e1c.<\/p>    <figure class=\"wp-block-image size-full\"><img decoding=\"async\" src=\"https:\/\/taizypackaging.com\/wp-content\/uploads\/2020\/08\/paste-packing-machine-applications.jpg\" alt=\"\u1ee9ng d\u1ee5ng m\u00e1y \u0111\u00f3ng g\u00f3i d\u00e1n\" class=\"wp-image-4056\"\/><figcaption class=\"wp-element-caption\">\u1ee9ng d\u1ee5ng m\u00e1y \u0111\u00f3ng g\u00f3i d\u00e1n<\/figcaption><\/figure>    <h2 class=\"wp-block-heading\" id=\"h-product-parameter-of-paste-filling-packing-machine\">Th\u00f4ng s\u1ed1 s\u1ea3n ph\u1ea9m c\u1ee7a m\u00e1y \u0111\u00f3ng g\u00f3i d\u00e1n<\/h2>    <figure class=\"wp-block-table\"><table><tbody><tr><td>Bao b\u00ec<\/td><td>Ni\u00eam phong m\u1eb7t sau, Ni\u00eam phong 3 m\u1eb7t, Ni\u00eam phong 4 m\u1eb7t<\/td><\/tr><tr><td>T\u1ed1c \u0111\u1ed9 \u0111\u00f3ng g\u00f3i<\/td><td>24-60 t\u00fai\/ph\u00fat<\/td><\/tr><tr><td>chi\u1ec1u d\u00e0i t\u00fai<\/td><td>30-150mm<\/td><\/tr><tr><td>Chi\u1ec1u r\u1ed9ng t\u00fai<\/td><td>25-145mm<\/td><\/tr><tr><td>Ph\u1ea1m vi c\u00e2n<\/td><td>40ml ho\u1eb7c 20-100ml<\/td><\/tr><tr><td>Quy\u1ec1n l\u1ef1c<\/td><td>2,2 KW<\/td><\/tr><tr><td>\u00c1p su\u1ea5t kh\u00f4ng kh\u00ed<\/td><td>0,6-0,7 MP<\/td><\/tr><tr><td>C\u00e2n n\u1eb7ng<\/td><td>280kg<\/td><\/tr><tr><td>K\u00edch c\u1ee1<\/td><td>1150*700*1750mm<\/td><\/tr><tr><td>K\u00edch th\u01b0\u1edbc th\u00f9ng carton<\/td><td>1100*750*1820mm<\/td><\/tr><\/tbody><\/table><\/figure>    <h2 class=\"wp-block-heading\" id=\"h-structures-of-automatic-paste-packaging-machine\">C\u1ea5u t\u1ea1o c\u1ee7a m\u00e1y \u0111\u00f3ng g\u00f3i d\u00e1n t\u1ef1 \u0111\u1ed9ng<\/h2>    <p>M\u00e1y \u0111\u00f3ng g\u00f3i n\u01b0\u1edbc s\u1ed1t t\u1ef1 \u0111\u1ed9ng ch\u1ee7 y\u1ebfu bao g\u1ed3m h\u1ec7 th\u1ed1ng c\u1ea5p li\u1ec7u v\u00e0 h\u1ec7 th\u1ed1ng \u0111\u00f3ng g\u00f3i. N\u00f3 bao g\u1ed3m m\u1ed9t cu\u1ed9n phim, ph\u1ec5u, b\u1ea3ng \u0111i\u1ec1u khi\u1ec3n PLC, m\u00e1y \u00e1p su\u1ea5t kh\u00f4ng kh\u00ed, thi\u1ebft b\u1ecb h\u00e0n nhi\u1ec7t, v\u1ecf b\u1ea3o v\u1ec7 v\u00e0 b\u00e1nh xe k\u00e9o m\u00e0ng. T\u1ea5t c\u1ea3 c\u00e1c m\u00e1y \u0111\u00f3ng g\u00f3i d\u00e1n c\u1ee7a ch\u00fang t\u00f4i \u0111\u1ec1u \u0111\u01b0\u1ee3c s\u1eed d\u1ee5ng v\u1eadt li\u1ec7u th\u00e9p kh\u00f4ng g\u1ec9, b\u1ec1n v\u00e0 \u0111\u00e1ng tin c\u1eady. M\u00e1y n\u00e0y c\u00f3 c\u1ea5u tr\u00fac r\u1ea5t \u0111\u01a1n gi\u1ea3n v\u00e0 thi\u1ebft k\u1ebf h\u1ee3p l\u00fd. V\u00ec v\u1eady, n\u00f3 kh\u00e1 d\u1ec5 d\u00e0ng \u0111\u1ec3 v\u1eadn h\u00e0nh v\u00e0 b\u1ea3o tr\u00ec. Ngo\u00e0i ra, M\u00e1y \u0111\u00f3ng g\u00f3i Taizy c\u00f2n cung c\u1ea5p d\u1ecbch v\u1ee5 sau b\u00e1n h\u00e0ng th\u00e2n m\u1eadt v\u00e0 \u0111\u00e1ng tin c\u1eady \u0111\u1ec3 gi\u1ea3i quy\u1ebft k\u1ecbp th\u1eddi c\u00e1c v\u1ea5n \u0111\u1ec1 c\u1ee7a b\u1ea1n. <\/p>    <figure class=\"wp-block-image size-full\"><img loading=\"lazy\" decoding=\"async\" width=\"720\" height=\"540\" src=\"https:\/\/taizypackaging.com\/wp-content\/uploads\/2020\/08\/paste-packing-machine-structure.jpg\" alt=\"k\u1ebft c\u1ea5u m\u00e1y \u0111\u00f3ng g\u00f3i d\u00e1n\" class=\"wp-image-4057\" srcset=\"https:\/\/taizypackaging.com\/wp-content\/uploads\/2020\/08\/paste-packing-machine-structure.jpg 720w, https:\/\/taizypackaging.com\/wp-content\/uploads\/2020\/08\/paste-packing-machine-structure-300x225.jpg 300w\" sizes=\"auto, (max-width: 720px) 100vw, 720px\" \/><figcaption class=\"wp-element-caption\">k\u1ebft c\u1ea5u m\u00e1y \u0111\u00f3ng g\u00f3i d\u00e1n<\/figcaption><\/figure>    <h2 class=\"wp-block-heading\" id=\"h-advantages-of-paste-pouch-packing-machine\">\u01afu \u0111i\u1ec3m c\u1ee7a m\u00e1y \u0111\u00f3ng g\u00f3i t\u00fai d\u00e1n<\/h2>    <p class=\"translation-block\"><strong>M\u00e1y \u0111\u00f3ng g\u00f3i t\u01b0\u01a1ng d\u1ea1ng t\u00fai<\/strong> \u00e1p d\u1ee5ng h\u1ec7 th\u1ed1ng t\u00edch h\u1ee3p \u0111i\u1ec7n-c\u01a1, h\u1ec7 th\u1ed1ng \u0111i\u1ec1u khi\u1ec3n vi m\u00e1y t\u00ednh hai CPU v\u00e0 m\u00e0n h\u00ecnh LCD l\u1edbn. Ngo\u00e0i ra, m\u00e1y \u0111\u00f3ng g\u00f3i t\u01b0\u01a1ng s\u1ed1t \u00e1p d\u1ee5ng h\u1ec7 th\u1ed1ng hi\u1ec7u ch\u1ec9nh theo d\u00f5i quang \u0111i\u1ec7n \u0111\u01b0\u1ee3c \u0111i\u1ec1u khi\u1ec3n b\u1eb1ng vi m\u00e1y t\u00ednh. M\u00e1y \u0111\u01b0\u1ee3c trang b\u1ecb \u0111\u1ed9ng c\u01a1 b\u01b0\u1edbc c\u00f3 \u0111\u1ed9 ch\u00ednh x\u00e1c cao v\u00e0 v\u1ecb tr\u00ed \u0111\u1ed3ng \u0111\u1ec1u ch\u00ednh x\u00e1c c\u1ee7a m\u1ed7i h\u1ecda ti\u1ebft tr\u00ean t\u00fai \u0111\u00f3ng g\u00f3i. <\/p>    <p>M\u1ed9t h\u1ec7 th\u1ed1ng \u0111i\u1ec1u khi\u1ec3n ho\u00e0n thi\u1ec7n vi\u1ec7c \u0111\u1ed3ng b\u1ed9 h\u00f3a, chi\u1ec1u d\u00e0i c\u1ed1 \u0111\u1ecbnh, \u0111\u1ecbnh v\u1ecb, t\u1ed1c \u0111\u1ed9 c\u1ee7a to\u00e0n b\u1ed9 m\u00e1y.  \u0110i\u1ec1u quan tr\u1ecdng nh\u1ea5t l\u00e0 n\u00f3 c\u00f3 th\u1ec3 t\u1ef1 \u0111\u1ed9ng ch\u1ea9n \u0111o\u00e1n l\u1ed7i. B\u1ea1n c\u00f3 th\u1ec3 ch\u1ecdn trang b\u1ecb m\u00e1y m\u00e3 h\u00f3a ribbon ho\u1eb7c thi\u1ebft b\u1ecb m\u00e3 h\u00f3a stencil. M\u00e1y \u0111\u00f3ng g\u00f3i n\u01b0\u1edbc s\u1ed1t c\u00e0 chua c\u00f3 th\u1ec3 t\u1ef1 \u0111\u1ed9ng ho\u00e0n th\u00e0nh m\u1ed9t lo\u1ea1t c\u00e1c h\u00e0nh \u0111\u1ed9ng nh\u01b0 l\u00e0m t\u00fai, chi\u1ebft r\u00f3t, \u0111\u1ebfm, ni\u00eam phong v\u00e0 c\u1eaft. <\/p>    <p>Kh\u00f4ng c\u1ea7n d\u1eebng l\u1ea1i trong to\u00e0n b\u1ed9 qu\u00e1 tr\u00ecnh \u0111i\u1ec1u ch\u1ec9nh v\u00e0 kh\u00f4ng c\u1ea7n d\u1eebng l\u1ea1i khi \u0111i\u1ec1u ch\u1ec9nh tr\u1ecdng l\u01b0\u1ee3ng.<\/p>    <figure class=\"wp-block-image size-full\"><img decoding=\"async\" src=\"https:\/\/taizypackaging.com\/wp-content\/uploads\/2020\/08\/paste-packaging-machine-pump.jpg\" alt=\"d\u00e1n m\u00e1y \u0111\u00f3ng g\u00f3i m\u00e1y b\u01a1m\" class=\"wp-image-4058\"\/><figcaption class=\"wp-element-caption\">d\u00e1n m\u00e1y \u0111\u00f3ng g\u00f3i m\u00e1y b\u01a1m<\/figcaption><\/figure>    <h2 class=\"wp-block-heading\" id=\"h-packaging-methods-and-packaging-materials\">Ph\u01b0\u01a1ng ph\u00e1p \u0111\u00f3ng g\u00f3i v\u00e0 v\u1eadt li\u1ec7u \u0111\u00f3ng g\u00f3i<\/h2>    <h3 class=\"wp-block-heading\" id=\"h-package-method\">Ph\u01b0\u01a1ng th\u1ee9c \u0111\u00f3ng g\u00f3i<\/h3>    <p>M\u00e1y \u0111\u00f3ng g\u00f3i d\u1ea1ng d\u00e1n n\u00e0y h\u1ed7 tr\u1ee3 c\u00e1c ph\u01b0\u01a1ng ph\u00e1p ni\u00eam phong m\u1eb7t sau, ni\u00eam phong ba m\u1eb7t v\u00e0 ni\u00eam phong b\u1ed1n m\u1eb7t. Ngo\u00e0i ra, n\u00f3 c\u00f2n cung c\u1ea5p nhi\u1ec1u ph\u01b0\u01a1ng ph\u00e1p ni\u00eam phong t\u00fai kh\u00e1c nhau nh\u01b0 t\u00fai zigzag, t\u00fai x\u00edch, t\u00fai th\u1eb3ng, v.v. <\/p>    <figure class=\"wp-block-gallery has-nested-images columns-3 is-cropped wp-block-gallery-2 is-layout-flex wp-block-gallery-is-layout-flex\"> <figure class=\"wp-block-image size-large\"><a href=\"https:\/\/taizypackaging.com\/wp-content\/uploads\/2020\/08\/chili-sauce-packing.jpg\"><img decoding=\"async\" data-id=\"1132\" src=\"https:\/\/taizypackaging.com\/wp-content\/uploads\/2020\/08\/chili-sauce-packing.jpg\" alt=\"\u0111\u00f3ng g\u00f3i t\u01b0\u01a1ng \u1edbt\" class=\"wp-image-1132\"\/><\/a><\/figure>    <figure class=\"wp-block-image size-large\"><a href=\"https:\/\/taizypackaging.com\/wp-content\/uploads\/2020\/08\/chain-bag.jpg\"><img decoding=\"async\" data-id=\"1130\" src=\"https:\/\/taizypackaging.com\/wp-content\/uploads\/2020\/08\/chain-bag.jpg\" alt=\"t\u00fai d\u00e2y x\u00edch\" class=\"wp-image-1130\"\/><\/a><\/figure>    <figure class=\"wp-block-image size-large\"><a href=\"https:\/\/taizypackaging.com\/wp-content\/uploads\/2020\/08\/Shampoo-packaging.jpg\"><img decoding=\"async\" data-id=\"1133\" src=\"https:\/\/taizypackaging.com\/wp-content\/uploads\/2020\/08\/Shampoo-packaging.jpg\" alt=\"Bao b\u00ec d\u1ea7u g\u1ed9i\" class=\"wp-image-1133\"\/><\/a><\/figure> <\/figure>    <h3 class=\"wp-block-heading\" id=\"h-packing-film-material\">Ch\u1ea5t li\u1ec7u m\u00e0ng \u0111\u00f3ng g\u00f3i<\/h3>    <div class=\"wp-block-columns is-layout-flex wp-container-core-columns-is-layout-9d6595d7 wp-block-columns-is-layout-flex\"> <div class=\"wp-block-column is-layout-flow wp-block-column-is-layout-flow\"> <figure class=\"wp-block-image size-full\"><img decoding=\"async\" src=\"https:\/\/taizypackaging.com\/wp-content\/uploads\/2020\/08\/packaging-film-3.jpg\" alt=\"m\u00e0ng bao b\u00ec\" class=\"wp-image-4068\"\/><\/figure> <\/div>    <div class=\"wp-block-column is-layout-flow wp-block-column-is-layout-flow\"> <figure class=\"wp-block-image size-full\"><img decoding=\"async\" src=\"https:\/\/taizypackaging.com\/wp-content\/uploads\/2020\/08\/packing-film.jpg\" alt=\"m\u00e0ng \u0111\u00f3ng g\u00f3i\" class=\"wp-image-4069\"\/><\/figure> <\/div> <\/div>    <h2 class=\"wp-block-heading\" id=\"h-why-choose-us-as-your-top-paste-packaging-machine-manufacturer\">T\u1ea1i sao ch\u1ecdn ch\u00fang t\u00f4i l\u00e0m nh\u00e0 s\u1ea3n xu\u1ea5t m\u00e1y \u0111\u00f3ng g\u00f3i d\u00e1n h\u00e0ng \u0111\u1ea7u c\u1ee7a b\u1ea1n? <\/h2>    <p>Ch\u00fang t\u00f4i l\u00e0 nh\u00e0 s\u1ea3n xu\u1ea5t chuy\u00ean nghi\u1ec7p c\u1ee7a m\u00e1y \u0111\u00f3ng g\u00f3i n\u01b0\u1edbc s\u1ed1t. C\u00f4ng ty ch\u00fang t\u00f4i \u0111\u00e3 ho\u1ea1t \u0111\u1ed9ng trong l\u0129nh v\u1ef1c n\u00e0y h\u01a1n m\u01b0\u1eddi n\u0103m. Ch\u00fang t\u00f4i c\u00f3 th\u1ec3 cung c\u1ea5p m\u00e1y m\u00f3c ch\u1ea5t l\u01b0\u1ee3ng cao v\u00e0 d\u1ecbch v\u1ee5 h\u1eadu m\u00e3i ho\u00e0n h\u1ea3o. Nh\u00e0 m\u00e1y c\u1ee7a ch\u00fang t\u00f4i c\u00f3 m\u1ed9t l\u01b0\u1ee3ng l\u1edbn m\u00e1y \u0111\u00f3ng g\u00f3i v\u00e0 ch\u00fang t\u00f4i s\u1ebd g\u1eedi m\u00e1y ngay l\u1ea7n \u0111\u1ea7u ti\u00ean khi ch\u00fang t\u00f4i nh\u1eadn \u0111\u01b0\u1ee3c \u0111\u01a1n \u0111\u1eb7t h\u00e0ng c\u1ee7a b\u1ea1n. T\u1ea5t c\u1ea3 c\u00e1c m\u00e1y \u0111\u00f3ng g\u00f3i \u0111\u1ec1u c\u00f3 th\u1ec3 t\u00f9y ch\u1ec9nh.<\/p>    <figure class=\"wp-block-image size-full\"><img decoding=\"async\" src=\"https:\/\/taizypackaging.com\/wp-content\/uploads\/2020\/08\/paste-packing-machine-factory.jpg\" alt=\"nh\u00e0 m\u00e1y s\u1ea3n xu\u1ea5t m\u00e1y \u0111\u00f3ng g\u00f3i d\u00e1n\" class=\"wp-image-4065\"\/><figcaption class=\"wp-element-caption\">nh\u00e0 m\u00e1y s\u1ea3n xu\u1ea5t m\u00e1y \u0111\u00f3ng g\u00f3i d\u00e1n<\/figcaption><\/figure>    <h2 class=\"wp-block-heading\" id=\"h-customer-case\">Tr\u01b0\u1eddng h\u1ee3p kh\u00e1ch h\u00e0ng<\/h2>    <p>V\u00e0o \u0111\u1ea7u th\u00e1ng 10, kh\u00e1ch h\u00e0ng ng\u01b0\u1eddi Ecuador c\u1ee7a ch\u00fang t\u00f4i \u0111\u00e3 \u0111\u1ec3 l\u1ea1i tin nh\u1eafn tr\u00ean trang web c\u1ee7a ch\u00fang t\u00f4i. Anh \u1ea5y n\u00f3i r\u1eb1ng anh \u1ea5y mu\u1ed1n c\u00f3 m\u1ed9t chi\u1ebfc m\u00e1y \u0111\u00f3ng g\u00f3i b\u1ed9t nh\u00e3o \u0111\u1ec3 \u0111\u00f3ng g\u00f3i s\u1ed1t c\u00e0 chua. Anh \u1ea5y \u0111ang kinh doanh m\u1ed9t c\u1eeda h\u00e0ng m\u00ec t\u01b0 nh\u00e2n. V\u00ec v\u1eady anh \u1ea5y mu\u1ed1n g\u00f3i s\u1ed1t c\u00e0 chua v\u00e0o nh\u1eefng chi\u1ebfc t\u00fai nh\u1ecf \u0111\u1ec3 d\u1ec5 mang theo. Theo ng\u00e2n s\u00e1ch c\u1ee7a anh \u1ea5y, ch\u00fang t\u00f4i \u0111\u00e3 \u0111\u1ec1 xu\u1ea5t cho anh \u1ea5y chi\u1ebfc m\u00e1y \u0111\u00f3ng g\u00f3i b\u1ed9t nh\u00e3o nh\u1ecf nh\u1ea5t. Nh\u01b0 ch\u00fang ta \u0111\u00e3 bi\u1ebft, s\u1ed1t c\u00e0 chua l\u00e0 th\u1ef1c ph\u1ea9m c\u00f3 t\u00ednh axit, th\u00edch h\u1ee3p l\u00e0m m\u00e0ng bao b\u00ec PET, AL, PET, PE. Ngo\u00e0i ra, kh\u00e1ch h\u00e0ng y\u00eau c\u1ea7u m\u1ed9t thi\u1ebft b\u1ecb d\u1ec5 x\u00e9. Ngo\u00e0i ra, anh \u1ea5y mu\u1ed1n \u0111\u00f3ng g\u00f3i c\u00e1c nguy\u00ean li\u1ec7u d\u00e1n nh\u01b0 n\u01b0\u1edbc s\u1ed1t, n\u01b0\u1edbc s\u1ed1t cay v\u00e0 tahini. V\u00ec v\u1eady, ch\u00fang t\u00f4i \u0111\u00e3 g\u1eedi cho anh \u1ea5y hai m\u00e1y b\u01a1m d\u00e1n. T\u1ed1c \u0111\u1ed9 \u0111\u00f3ng g\u00f3i \u0111\u01b0\u1ee3c ki\u1ec3m so\u00e1t \u1edf m\u1ee9c 20 t\u00fai m\u1ed7i ph\u00fat.<\/p>    <h2 class=\"wp-block-heading\" id=\"details-of-paste-packing-equipment\">Chi ti\u1ebft v\u1ec1 thi\u1ebft b\u1ecb \u0111\u00f3ng g\u00f3i d\u00e1n <\/h2>    <figure class=\"wp-block-image size-full\"><img decoding=\"async\" src=\"https:\/\/taizypackaging.com\/wp-content\/uploads\/2020\/08\/paste-packing-machine-details.jpg\" alt=\"d\u00e1n chi ti\u1ebft m\u00e1y \u0111\u00f3ng g\u00f3i\" class=\"wp-image-4060\"\/><figcaption class=\"wp-element-caption\">d\u00e1n chi ti\u1ebft m\u00e1y \u0111\u00f3ng g\u00f3i<\/figcaption><\/figure>    <p>&nbsp;<\/p>","protected":false},"excerpt":{"rendered":"<p>Paste packing machine is designed for paste materials that do not have good fluidity, such as peanut butter, tomato paste, sesame butter, toothpaste, ginger garlic paste, curry paste, cosmetic cream, lotion, etc. It can automatically finish the process of weighing, filling, sealing, and cutting. It is absolutely a great packaging tool for your factory. With [&hellip;]<\/p>\n","protected":false},"author":1,"featured_media":765,"parent":0,"template":"","tags":[338,584,585],"product-type":[662],"class_list":["post-223","product","type-product","status-publish","has-post-thumbnail","hentry","tag-paste-packing-machine","tag-tomato-paste-packing-machine","tag-toothpaste-packing-machine","product-type-paste-packing-machines"],"_links":{"self":[{"href":"https:\/\/taizypackaging.com\/vi\/wp-json\/wp\/v2\/product\/223","targetHints":{"allow":["GET"]}}],"collection":[{"href":"https:\/\/taizypackaging.com\/vi\/wp-json\/wp\/v2\/product"}],"about":[{"href":"https:\/\/taizypackaging.com\/vi\/wp-json\/wp\/v2\/types\/product"}],"author":[{"embeddable":true,"href":"https:\/\/taizypackaging.com\/vi\/wp-json\/wp\/v2\/users\/1"}],"wp:featuredmedia":[{"embeddable":true,"href":"https:\/\/taizypackaging.com\/vi\/wp-json\/wp\/v2\/media\/765"}],"wp:attachment":[{"href":"https:\/\/taizypackaging.com\/vi\/wp-json\/wp\/v2\/media?parent=223"}],"wp:term":[{"taxonomy":"post_tag","embeddable":true,"href":"https:\/\/taizypackaging.com\/vi\/wp-json\/wp\/v2\/tags?post=223"},{"taxonomy":"product-type","embeddable":true,"href":"https:\/\/taizypackaging.com\/vi\/wp-json\/wp\/v2\/product-type?post=223"}],"curies":[{"name":"wp","href":"https:\/\/api.w.org\/{rel}","templated":true}]}}